{"id":44774,"date":"2025-12-23T13:07:54","date_gmt":"2025-12-23T12:07:54","guid":{"rendered":"https:\/\/naturalpoland.com\/%ec%a0%9c%ec%a1%b0%ec%97%85%ec%b2%b4-%eb%b0%8f-%ea%b3%b5%ea%b8%89%ec%97%85%ec%b2%b4%eb%a5%bc-%ec%9c%84%ed%95%9c-%ec%95%88%eb%82%b4\/"},"modified":"2025-12-23T13:45:04","modified_gmt":"2025-12-23T12:45:04","slug":"%ec%a0%9c%ec%a1%b0%ec%97%85%ec%b2%b4-%eb%b0%8f-%ea%b3%b5%ea%b8%89%ec%97%85%ec%b2%b4%eb%a5%bc-%ec%9c%84%ed%95%9c-%ec%95%88%eb%82%b4","status":"publish","type":"page","link":"https:\/\/naturalpoland.com\/ko\/%ec%a0%9c%ec%a1%b0%ec%97%85%ec%b2%b4-%eb%b0%8f-%ea%b3%b5%ea%b8%89%ec%97%85%ec%b2%b4%eb%a5%bc-%ec%9c%84%ed%95%9c-%ec%95%88%eb%82%b4\/","title":{"rendered":"\uc81c\uc870\uc5c5\uccb4 \ubc0f \uacf5\uae09\uc5c5\uccb4\ub97c \uc704\ud55c \uc548\ub0b4"},"content":{"rendered":"\n\n  <div class=\"banner has-hover\" id=\"banner-840951990\">\n          <div class=\"banner-inner fill\">\n        <div class=\"banner-bg fill\" >\n            <img decoding=\"async\" width=\"1020\" height=\"680\" src=\"https:\/\/naturalpoland.com\/wp-content\/uploads\/2011\/07\/Fotolia_84309657_Subscription_Monthly_M_shadow.jpg\" class=\"bg attachment-large size-large\" alt=\"Global Spread NATURAL POLAND\" \/>                        <div class=\"overlay\"><\/div>            \n                    <\/div>\n\t\t\n        <div class=\"banner-layers container\">\n            <div class=\"fill banner-link\"><\/div>            \n\n   <div id=\"text-box-1221698264\" class=\"text-box banner-layer x50 md-x50 lg-x50 y50 md-y50 lg-y50 res-text\">\n                                <div class=\"text-box-content text dark\">\n              \n              <div class=\"text-inner text-center\">\n                  \n\n<h1 class=\"uppercase\">\uc81c\uc870\uc5c5\uccb4 \ubc0f \uacf5\uae09\uc5c5\uccb4\ub97c \uc704\ud55c \uc548\ub0b4<\/h1>\n\n              <\/div>\n           <\/div>\n                            \n<style>\n#text-box-1221698264 {\n  width: 89%;\n}\n#text-box-1221698264 .text-box-content {\n  font-size: 100%;\n}\n<\/style>\n    <\/div>\n \n\n        <\/div>\n      <\/div>\n\n            \n<style>\n#banner-840951990 {\n  padding-top: 350px;\n}\n#banner-840951990 .overlay {\n  background-color: rgba(0, 0, 0, 0.5);\n}\n#banner-840951990 .banner-bg img {\n  object-position: 77% 24%;\n}\n<\/style>\n  <\/div>\n\n\n\n\t<section class=\"section\" id=\"section_1627513857\">\n\t\t<div class=\"section-bg fill\" >\n\t\t\t\t\t\t\t\t\t\n\t\t\t\n\n\t\t<\/div>\n\n\t\t\n\n\t\t<div class=\"section-content relative\">\n\t\t\t\n\n\t<div id=\"gap-1877060262\" class=\"gap-element clearfix\" style=\"display:block; height:auto;\">\n\t\t\n<style>\n#gap-1877060262 {\n  padding-top: 40px;\n}\n<\/style>\n\t<\/div>\n\t\n\n<div class=\"row\"  id=\"row-3690431\">\n\n\n\t<div id=\"col-821231601\" class=\"col medium-8 small-12 large-8\"  >\n\t\t\t\t<div class=\"col-inner\"  >\n\t\t\t\n\t\t\t\n\n<p><span style=\"font-size:150%\"><strong>Natural Poland\ub294 \uc2dd\ud488, \ud654\uc7a5\ud488 \ubc0f \uc81c\uc57d \uc6d0\ub8cc \ubd84\uc57c\uc5d0\uc11c \uc2e0\ub8b0\ud560 \uc218 \uc788\uace0 \uacf5\uc2e0\ub825 \uc788\ub294 \uacf5\uae09\uc5c5\uccb4\ub85c \uc804 \uc138\uacc4\uc801\uc73c\ub85c \uc778\uc815\ubc1b\uace0 \uc788\ub294 \ube0c\ub79c\ub4dc\uc785\ub2c8\ub2e4. \ub2f9\uc0ac\ub294 \uc548\uc815\uc801\uc778 \uace0\uc815 \uace0\uac1d \uae30\ubc18\uc744 \ubcf4\uc720\ud558\uace0 \uc788\uc73c\uba70, \uc9c0\uc18d\uc801\uc73c\ub85c \uc0c8\ub85c\uc6b4 \ube44\uc988\ub2c8\uc2a4 \ud30c\ud2b8\ub108\ub97c \ud655\ubcf4\ud558\uace0 \uc788\uc2b5\ub2c8\ub2e4. <\/strong><\/span><\/p>\n<p style=\"font-size:120%\">\ub2f9\uc0ac\uc758 \uc8fc\uc694 \uace0\uac1d\uc740 \uc544\uc2dc\uc544 \ubc0f \uc720\ub7fd \uad6d\uac00\uc758 \uc2dd\ud488, \ud654\uc7a5\ud488, \uac74\uac15\uae30\ub2a5\uc2dd\ud488 \uc81c\uc870\uc5c5\uccb4\uc785\ub2c8\ub2e4. \ubb38\ud654\uc801\u00b7\uc5b8\uc5b4\uc801 \uc7a5\ubcbd\uc740 \ub2f9\uc0ac\uc5d0 \uc81c\ud55c \uc694\uc18c\uac00 \ub418\uc9c0 \uc54a\uc73c\uba70, \uc774\ub97c \ubc14\ud0d5\uc73c\ub85c \uc138\uacc4\uc5d0\uc11c \uac00\uc7a5 \uae4c\ub2e4\ub85c\uc6b4 \uc2dc\uc7a5\uc5d0\uc11c\ub3c4 \uae30\uc5c5\ub4e4\uacfc \uc131\uacf5\uc801\uc778 \ud611\uc5c5 \uacbd\ud5d8\uc744 \uc313\uc544\uc654\uc2b5\ub2c8\ub2e4. <\/p>\n<p style=\"font-size:120%\">\uc218\ub144\uc5d0 \uac78\uccd0 \uad6c\ucd95\ud55c \ub9ac\ub354\uc2ed\uacfc \uc2e0\ub8b0\ub97c \ubc14\ud0d5\uc73c\ub85c, \ud604\uc7ac \uc804 \uc138\uacc4\uc758 \uae30\uc5c5\ub4e4\uc774 \ud76c\uadc0 \uc6d0\ub8cc\ub97c \ud3ec\ud568\ud55c \ub2e4\uc591\ud55c \uc6d0\ub8cc \ubc0f \uc81c\ud488\uc758 \uc18c\uc2f1\uc744 \ub2f9\uc0ac\uc5d0 \uc758\ub8b0\ud558\uace0 \uc788\uc2b5\ub2c8\ub2e4.<\/p>\n\n\t\t<\/div>\n\t\t\t\t\t<\/div>\n\n\t\n\n\t<div id=\"col-698912155\" class=\"col medium-4 small-12 large-4\"  >\n\t\t\t\t<div class=\"col-inner\"  >\n\t\t\t\n\t\t\t\n\n\t<div class=\"img has-hover x md-x lg-x y md-y lg-y\" id=\"image_911221872\">\n\t\t\t\t\t\t\t\t<div class=\"img-inner dark\" >\n\t\t\t<img decoding=\"async\" width=\"627\" height=\"1024\" src=\"https:\/\/naturalpoland.com\/wp-content\/uploads\/wspolpraca-natural-poland-627x1024.jpg\" class=\"attachment-large size-large\" alt=\"\" srcset=\"https:\/\/naturalpoland.com\/wp-content\/uploads\/wspolpraca-natural-poland-627x1024.jpg 627w, https:\/\/naturalpoland.com\/wp-content\/uploads\/wspolpraca-natural-poland-510x833.jpg 510w, https:\/\/naturalpoland.com\/wp-content\/uploads\/wspolpraca-natural-poland-184x300.jpg 184w, https:\/\/naturalpoland.com\/wp-content\/uploads\/wspolpraca-natural-poland.jpg 700w\" sizes=\"(max-width: 627px) 100vw, 627px\" \/>\t\t\t\t\t\t\n\t\t\t\t\t<\/div>\n\t\t\t\t\t\t\t\t\n<style>\n#image_911221872 {\n  width: 100%;\n}\n<\/style>\n\t<\/div>\n\t\n\n\n\t\t<\/div>\n\t\t\t\t\t<\/div>\n\n\t\n\n<\/div>\n<div class=\"container section-title-container\" ><h3 class=\"section-title section-title-normal\"><b aria-hidden=\"true\"><\/b><span class=\"section-title-main\" >\uc6d0\ub8cc \uc81c\uc870\uc5c5\uccb4 \ubc0f \uacf5\uae09\uc5c5\uccb4\uc640\uc758 \ud611\ub825\uc744 \ud658\uc601\ud569\ub2c8\ub2e4<\/span><b aria-hidden=\"true\"><\/b><\/h3><\/div>\n\n  <div class=\"banner-grid-wrapper\">\n  <div id=\"banner-grid-136622328\" class=\"banner-grid row row-grid row-small\" data-packery-options=\"\">\n                      \n\n<div class=\"col grid-col large-6 grid-col-1\" ><div class=\"col-inner\">\n\n\n  <div class=\"banner has-hover\" id=\"banner-540965333\">\n          <div class=\"banner-inner fill\">\n        <div class=\"banner-bg fill\" >\n                                    <div class=\"overlay\"><\/div>            \n                    <\/div>\n\t\t\n        <div class=\"banner-layers container\">\n            <div class=\"fill banner-link\"><\/div>            \n\n   <div id=\"text-box-1316401103\" class=\"text-box banner-layer x50 md-x50 lg-x50 y50 md-y50 lg-y50 res-text\">\n                                <div class=\"text-box-content text dark\">\n              \n              <div class=\"text-inner text-center\">\n                  \n\n\n\n<div class=\"pipedriveWebForms\" data-pd-webforms=\"https:\/\/webforms.pipedrive.com\/f\/72vDat1hdYWR7RQip8EcEDApNinJ1k6q7ryMZrzrr19ZDbPYCa0KugMkeZtq0ZS8G7\"><script src=\"https:\/\/webforms.pipedrive.com\/f\/loader\"><\/script><\/div>\n\n\n              <\/div>\n           <\/div>\n                            \n<style>\n#text-box-1316401103 {\n  width: 88%;\n}\n#text-box-1316401103 .text-box-content {\n  font-size: 100%;\n}\n<\/style>\n    <\/div>\n \n\n        <\/div>\n      <\/div>\n\n            \n<style>\n#banner-540965333 {\n  padding-top: 700px;\n  background-color: rgb(255,255,255);\n}\n#banner-540965333 .overlay {\n  background-color: rgba(0, 0, 0, 0.17);\n}\n<\/style>\n  <\/div>\n\n\n\n<\/div><\/div>\n<div class=\"col grid-col large-6 grid-col-1\" ><div class=\"col-inner\">\n\n\n  <div class=\"banner has-hover\" id=\"banner-531130398\">\n          <div class=\"banner-inner fill\">\n        <div class=\"banner-bg fill\" >\n                                    <div class=\"overlay\"><\/div>            \n                    <\/div>\n\t\t\n        <div class=\"banner-layers container\">\n            <div class=\"fill banner-link\"><\/div>            \n\n   <div id=\"text-box-1149738154\" class=\"text-box banner-layer x5 md-x5 lg-x5 y50 md-y50 lg-y50 res-text\">\n                                <div class=\"text-box-content text \">\n              \n              <div class=\"text-inner text-left\">\n                  \n\n\t<div id=\"text-1237255926\" class=\"text\">\n\t\t\n\n<ul>\n<li>Natural Poland\uc758 \ud300\uc740 <strong>\ubc14\uc774\uc624\ud14c\ud06c\ub180\ub85c\uc9c0, \uc81c\uc57d, \ud654\uc7a5\ud488 \ubd84\uc57c\uc758 \uc804\ubb38 \uc778\ub825\uacfc \uc2dd\ud488 \uae30\uc220 \uc804\ubb38\uac00<\/strong>\ub85c \uad6c\uc131\ub418\uc5b4 \uc788\uc2b5\ub2c8\ub2e4. \ub2f9\uc0ac\ub294 \uace0\uac1d\uc758 \uc81c\ud488 \ud3ec\ubbac\ub808\uc774\uc158\uc5d0 \uac00\uc7a5 \uc801\ud569\ud55c \uc6d0\ub8cc\ub97c \uc81c\uc548\ud558\ub294 \uc804\ubb38\uc801\uc778 \uae30\uc220 \uc790\ubb38\uc744 \uc81c\uacf5\ud560 \uc218 \uc788\uc2b5\ub2c8\ub2e4. <\/li>\n<li>\ud3f4\ub780\ub4dc\uc5d0 \uc704\uce58\ud55c <strong>\uc790\uccb4 \ubb3c\ub958 \ucc3d\uace0<\/strong>\ub97c \ubcf4\uc720\ud558\uace0 \uc788\uc5b4, \uc6d0\ub8cc\ub97c \ub300\ub7c9\uc73c\ub85c \uc77c\uad04 \uc8fc\ubb38\ud558\ub294 \uac83\uc774 \uac00\ub2a5\ud569\ub2c8\ub2e4.<\/li>\n<li>\ub610\ud55c, \uc721\uc0c1\u00b7\ud56d\uacf5\u00b7\ud574\uc0c1 \uc6b4\uc1a1\uc744 \uc218\ud589\ud558\ub294 <strong>\ub2e4\uc591\ud55c \ubb3c\ub958 \ud30c\ud2b8\ub108\uc640\uc758 \ud611\uc5c5 \uacbd\ud5d8<\/strong>\uc744 \ubcf4\uc720\ud558\uace0 \uc788\uc2b5\ub2c8\ub2e4.<\/li>\n<li>\uac01 \uad6d\uac00\ub85c\uc758 \uc6d0\ub8cc \uacf5\uae09 \uc2dc \uc694\uad6c\ub418\ub294 <strong>\ubc95\ub960, \ud1b5\uad00 \ubc0f \uc138\ubb34 \uc694\uac74<\/strong>\uc5d0 \ub300\ud574\uc11c\ub294 \uc804\ubb38 \ubc95\ub960 \uc790\ubb38\ud300\uc758 \uc9c0\uc6d0\uc744 \ubc1b\uace0 \uc788\uc2b5\ub2c8\ub2e4.<\/li>\n<li>\ub2f9\uc0ac\ub294 \ucde8\uae09 \uc81c\ud488\uc758 \ud64d\ubcf4\uc5d0 \uc801\uadf9\uc801\uc73c\ub85c \ud22c\uc790\ud558\uace0 \uc788\uc2b5\ub2c8\ub2e4. <strong>\uae00\ub85c\ubc8c \ub9c8\ucf00\ud305 \ud65c\ub3d9<\/strong>\uc744 \uc218\ud589\ud560 \uc218 \uc788\ub294 \uc9c0\uc2dd, \ub3c4\uad6c \ubc0f \uc790\uc6d0\uc744 \uac16\ucd94\uace0 \uc788\uc73c\uba70, \uad6d\ub0b4\uc678 \uc8fc\uc694 \uc804\uc2dc\ud68c \ubc0f \uc0b0\uc5c5 \ubc15\ub78c\ud68c\uc5d0 \uc815\uae30\uc801\uc73c\ub85c \ucc38\uac00\ud558\uace0 \uc788\uc2b5\ub2c8\ub2e4. \ub3c5\uc810 \uacc4\uc57d\uc774 \uccb4\uacb0\ub41c \uacbd\uc6b0\uc5d0\ub294, \ud2b9\uc815 \uc81c\ud488\uad70\uc744 \ub300\uc0c1\uc73c\ub85c \ud55c \uc804\uc6a9 \ub9c8\ucf00\ud305 \uc790\ub8cc \ubc0f \ub9de\ucda4\ud615 \uad11\uace0 \ucea0\ud398\uc778\uc744 \ubcc4\ub3c4\ub85c \uc900\ube44\ud569\ub2c8\ub2e4.   <\/li>\n<\/ul>\n\t\t\n<style>\n#text-1237255926 {\n  font-size: 1rem;\n  line-height: 2.05;\n  color: rgb(255, 255, 255);\n}\n#text-1237255926 > * {\n  color: rgb(255, 255, 255);\n}\n<\/style>\n\t<\/div>\n\t\n\n              <\/div>\n           <\/div>\n                            \n<style>\n#text-box-1149738154 {\n  width: 60%;\n}\n#text-box-1149738154 .text-box-content {\n  font-size: 100%;\n}\n@media (min-width:550px) {\n  #text-box-1149738154 {\n    width: 84%;\n  }\n}\n<\/style>\n    <\/div>\n \n\n        <\/div>\n      <\/div>\n\n            \n<style>\n#banner-531130398 {\n  padding-top: 500px;\n  background-color: #204a4f;\n}\n#banner-531130398 .overlay {\n  background-color: rgba(190, 190, 190, 0.2);\n}\n<\/style>\n  <\/div>\n\n\n\n<\/div><\/div>\n\n            <\/div>\n    <style>\n    #banner-grid-136622328 .grid-col-1{height: 824px}\n    #banner-grid-136622328 .grid-col-1-2{height: 412px}\n    #banner-grid-136622328 .grid-col-1-3{height:274.66666666667px}\n    #banner-grid-136622328 .grid-col-2-3{height: 549.33333333333px}\n    #banner-grid-136622328 .grid-col-1-4{height: 206px}\n    #banner-grid-136622328 .grid-col-3-4{height: 618px}\n\n\n    \n    \n\n  <\/style>\n    <\/div>\n  \n\n\t\t<\/div>\n\n\t\t\n<style>\n#section_1627513857 {\n  padding-top: 30px;\n  padding-bottom: 30px;\n}\n<\/style>\n\t<\/section>\n\t\n\n","protected":false},"excerpt":{"rendered":"","protected":false},"author":1,"featured_media":0,"parent":0,"menu_order":0,"comment_status":"closed","ping_status":"closed","template":"page-blank.php","meta":{"_acf_changed":false,"footnotes":""},"class_list":["post-44774","page","type-page","status-publish","hentry"],"acf":[],"yoast_head":"<!-- This site is optimized with the Yoast SEO plugin v27.5 - https:\/\/yoast.com\/product\/yoast-seo-wordpress\/ -->\n<title>\uc81c\uc870\uc5c5\uccb4 \ubc0f \uacf5\uae09\uc5c5\uccb4\ub97c \uc704\ud55c \uc548\ub0b4 - NATURAL POLAND - Hurtowy Dystrybutor Surowc\u00f3w<\/title>\n<meta name=\"robots\" content=\"index, follow, max-snippet:-1, max-image-preview:large, max-video-preview:-1\" \/>\n<link rel=\"canonical\" href=\"https:\/\/naturalpoland.com\/ko\/%ec%a0%9c%ec%a1%b0%ec%97%85%ec%b2%b4-%eb%b0%8f-%ea%b3%b5%ea%b8%89%ec%97%85%ec%b2%b4%eb%a5%bc-%ec%9c%84%ed%95%9c-%ec%95%88%eb%82%b4\/\" \/>\n<meta property=\"og:locale\" content=\"ko_KR\" \/>\n<meta property=\"og:type\" content=\"article\" \/>\n<meta property=\"og:title\" content=\"\uc81c\uc870\uc5c5\uccb4 \ubc0f \uacf5\uae09\uc5c5\uccb4\ub97c \uc704\ud55c \uc548\ub0b4 - NATURAL POLAND - Hurtowy Dystrybutor Surowc\u00f3w\" \/>\n<meta property=\"og:url\" content=\"https:\/\/naturalpoland.com\/ko\/%ec%a0%9c%ec%a1%b0%ec%97%85%ec%b2%b4-%eb%b0%8f-%ea%b3%b5%ea%b8%89%ec%97%85%ec%b2%b4%eb%a5%bc-%ec%9c%84%ed%95%9c-%ec%95%88%eb%82%b4\/\" \/>\n<meta property=\"og:site_name\" content=\"NATURAL POLAND - Hurtowy Dystrybutor Surowc\u00f3w\" \/>\n<meta property=\"article:publisher\" content=\"https:\/\/www.facebook.com\/naturalpoland.b2b\" \/>\n<meta property=\"article:modified_time\" content=\"2025-12-23T12:45:04+00:00\" \/>\n<meta property=\"og:image\" content=\"https:\/\/naturalpoland.com\/wp-content\/uploads\/2021\/05\/natural-poland-icon.png\" \/>\n\t<meta property=\"og:image:width\" content=\"512\" \/>\n\t<meta property=\"og:image:height\" content=\"512\" \/>\n\t<meta property=\"og:image:type\" content=\"image\/png\" \/>\n<script type=\"application\/ld+json\" class=\"yoast-schema-graph\">{\"@context\":\"https:\\\/\\\/schema.org\",\"@graph\":[{\"@type\":\"WebPage\",\"@id\":\"https:\\\/\\\/naturalpoland.com\\\/ko\\\/%ec%a0%9c%ec%a1%b0%ec%97%85%ec%b2%b4-%eb%b0%8f-%ea%b3%b5%ea%b8%89%ec%97%85%ec%b2%b4%eb%a5%bc-%ec%9c%84%ed%95%9c-%ec%95%88%eb%82%b4\\\/\",\"url\":\"https:\\\/\\\/naturalpoland.com\\\/ko\\\/%ec%a0%9c%ec%a1%b0%ec%97%85%ec%b2%b4-%eb%b0%8f-%ea%b3%b5%ea%b8%89%ec%97%85%ec%b2%b4%eb%a5%bc-%ec%9c%84%ed%95%9c-%ec%95%88%eb%82%b4\\\/\",\"name\":\"\uc81c\uc870\uc5c5\uccb4 \ubc0f \uacf5\uae09\uc5c5\uccb4\ub97c \uc704\ud55c \uc548\ub0b4 - NATURAL POLAND - Hurtowy Dystrybutor Surowc\u00f3w\",\"isPartOf\":{\"@id\":\"https:\\\/\\\/naturalpoland.com\\\/ko\\\/#website\"},\"datePublished\":\"2025-12-23T12:07:54+00:00\",\"dateModified\":\"2025-12-23T12:45:04+00:00\",\"breadcrumb\":{\"@id\":\"https:\\\/\\\/naturalpoland.com\\\/ko\\\/%ec%a0%9c%ec%a1%b0%ec%97%85%ec%b2%b4-%eb%b0%8f-%ea%b3%b5%ea%b8%89%ec%97%85%ec%b2%b4%eb%a5%bc-%ec%9c%84%ed%95%9c-%ec%95%88%eb%82%b4\\\/#breadcrumb\"},\"inLanguage\":\"ko-KR\",\"potentialAction\":[{\"@type\":\"ReadAction\",\"target\":[\"https:\\\/\\\/naturalpoland.com\\\/ko\\\/%ec%a0%9c%ec%a1%b0%ec%97%85%ec%b2%b4-%eb%b0%8f-%ea%b3%b5%ea%b8%89%ec%97%85%ec%b2%b4%eb%a5%bc-%ec%9c%84%ed%95%9c-%ec%95%88%eb%82%b4\\\/\"]}]},{\"@type\":\"BreadcrumbList\",\"@id\":\"https:\\\/\\\/naturalpoland.com\\\/ko\\\/%ec%a0%9c%ec%a1%b0%ec%97%85%ec%b2%b4-%eb%b0%8f-%ea%b3%b5%ea%b8%89%ec%97%85%ec%b2%b4%eb%a5%bc-%ec%9c%84%ed%95%9c-%ec%95%88%eb%82%b4\\\/#breadcrumb\",\"itemListElement\":[{\"@type\":\"ListItem\",\"position\":1,\"name\":\"\ud648\",\"item\":\"https:\\\/\\\/naturalpoland.com\\\/ko\\\/\"},{\"@type\":\"ListItem\",\"position\":2,\"name\":\"\uc81c\uc870\uc5c5\uccb4 \ubc0f \uacf5\uae09\uc5c5\uccb4\ub97c \uc704\ud55c \uc548\ub0b4\"}]},{\"@type\":\"WebSite\",\"@id\":\"https:\\\/\\\/naturalpoland.com\\\/ko\\\/#website\",\"url\":\"https:\\\/\\\/naturalpoland.com\\\/ko\\\/\",\"name\":\"NATURAL POLAND - Hurtowy Dystrybutor Surowc\u00f3w\",\"description\":\"Surowce dla przemys\u0142u spo\u017cywczego, kosmetycznego i farmaceutycznego\",\"publisher\":{\"@id\":\"https:\\\/\\\/naturalpoland.com\\\/ko\\\/#organization\"},\"potentialAction\":[{\"@type\":\"SearchAction\",\"target\":{\"@type\":\"EntryPoint\",\"urlTemplate\":\"https:\\\/\\\/naturalpoland.com\\\/ko\\\/?s={search_term_string}\"},\"query-input\":{\"@type\":\"PropertyValueSpecification\",\"valueRequired\":true,\"valueName\":\"search_term_string\"}}],\"inLanguage\":\"ko-KR\"},{\"@type\":\"Organization\",\"@id\":\"https:\\\/\\\/naturalpoland.com\\\/ko\\\/#organization\",\"name\":\"Natural Poland\",\"url\":\"https:\\\/\\\/naturalpoland.com\\\/ko\\\/\",\"logo\":{\"@type\":\"ImageObject\",\"inLanguage\":\"ko-KR\",\"@id\":\"https:\\\/\\\/naturalpoland.com\\\/ko\\\/#\\\/schema\\\/logo\\\/image\\\/\",\"url\":\"https:\\\/\\\/naturalpoland.com\\\/wp-content\\\/uploads\\\/2021\\\/05\\\/natural-poland-icon.png\",\"contentUrl\":\"https:\\\/\\\/naturalpoland.com\\\/wp-content\\\/uploads\\\/2021\\\/05\\\/natural-poland-icon.png\",\"width\":512,\"height\":512,\"caption\":\"Natural Poland\"},\"image\":{\"@id\":\"https:\\\/\\\/naturalpoland.com\\\/ko\\\/#\\\/schema\\\/logo\\\/image\\\/\"},\"sameAs\":[\"https:\\\/\\\/www.facebook.com\\\/naturalpoland.b2b\",\"https:\\\/\\\/pl.linkedin.com\\\/company\\\/natural-poland\",\"https:\\\/\\\/www.youtube.com\\\/channel\\\/UCgeGGkvOMahZo-xu_MSEWxg\"]}]}<\/script>\n<!-- \/ Yoast SEO plugin. -->","yoast_head_json":{"title":"\uc81c\uc870\uc5c5\uccb4 \ubc0f \uacf5\uae09\uc5c5\uccb4\ub97c \uc704\ud55c \uc548\ub0b4 - NATURAL POLAND - Hurtowy Dystrybutor Surowc\u00f3w","robots":{"index":"index","follow":"follow","max-snippet":"max-snippet:-1","max-image-preview":"max-image-preview:large","max-video-preview":"max-video-preview:-1"},"canonical":"https:\/\/naturalpoland.com\/ko\/%ec%a0%9c%ec%a1%b0%ec%97%85%ec%b2%b4-%eb%b0%8f-%ea%b3%b5%ea%b8%89%ec%97%85%ec%b2%b4%eb%a5%bc-%ec%9c%84%ed%95%9c-%ec%95%88%eb%82%b4\/","og_locale":"ko_KR","og_type":"article","og_title":"\uc81c\uc870\uc5c5\uccb4 \ubc0f \uacf5\uae09\uc5c5\uccb4\ub97c \uc704\ud55c \uc548\ub0b4 - NATURAL POLAND - Hurtowy Dystrybutor Surowc\u00f3w","og_url":"https:\/\/naturalpoland.com\/ko\/%ec%a0%9c%ec%a1%b0%ec%97%85%ec%b2%b4-%eb%b0%8f-%ea%b3%b5%ea%b8%89%ec%97%85%ec%b2%b4%eb%a5%bc-%ec%9c%84%ed%95%9c-%ec%95%88%eb%82%b4\/","og_site_name":"NATURAL POLAND - Hurtowy Dystrybutor Surowc\u00f3w","article_publisher":"https:\/\/www.facebook.com\/naturalpoland.b2b","article_modified_time":"2025-12-23T12:45:04+00:00","og_image":[{"width":512,"height":512,"url":"https:\/\/naturalpoland.com\/wp-content\/uploads\/2021\/05\/natural-poland-icon.png","type":"image\/png"}],"schema":{"@context":"https:\/\/schema.org","@graph":[{"@type":"WebPage","@id":"https:\/\/naturalpoland.com\/ko\/%ec%a0%9c%ec%a1%b0%ec%97%85%ec%b2%b4-%eb%b0%8f-%ea%b3%b5%ea%b8%89%ec%97%85%ec%b2%b4%eb%a5%bc-%ec%9c%84%ed%95%9c-%ec%95%88%eb%82%b4\/","url":"https:\/\/naturalpoland.com\/ko\/%ec%a0%9c%ec%a1%b0%ec%97%85%ec%b2%b4-%eb%b0%8f-%ea%b3%b5%ea%b8%89%ec%97%85%ec%b2%b4%eb%a5%bc-%ec%9c%84%ed%95%9c-%ec%95%88%eb%82%b4\/","name":"\uc81c\uc870\uc5c5\uccb4 \ubc0f \uacf5\uae09\uc5c5\uccb4\ub97c \uc704\ud55c \uc548\ub0b4 - NATURAL POLAND - Hurtowy Dystrybutor Surowc\u00f3w","isPartOf":{"@id":"https:\/\/naturalpoland.com\/ko\/#website"},"datePublished":"2025-12-23T12:07:54+00:00","dateModified":"2025-12-23T12:45:04+00:00","breadcrumb":{"@id":"https:\/\/naturalpoland.com\/ko\/%ec%a0%9c%ec%a1%b0%ec%97%85%ec%b2%b4-%eb%b0%8f-%ea%b3%b5%ea%b8%89%ec%97%85%ec%b2%b4%eb%a5%bc-%ec%9c%84%ed%95%9c-%ec%95%88%eb%82%b4\/#breadcrumb"},"inLanguage":"ko-KR","potentialAction":[{"@type":"ReadAction","target":["https:\/\/naturalpoland.com\/ko\/%ec%a0%9c%ec%a1%b0%ec%97%85%ec%b2%b4-%eb%b0%8f-%ea%b3%b5%ea%b8%89%ec%97%85%ec%b2%b4%eb%a5%bc-%ec%9c%84%ed%95%9c-%ec%95%88%eb%82%b4\/"]}]},{"@type":"BreadcrumbList","@id":"https:\/\/naturalpoland.com\/ko\/%ec%a0%9c%ec%a1%b0%ec%97%85%ec%b2%b4-%eb%b0%8f-%ea%b3%b5%ea%b8%89%ec%97%85%ec%b2%b4%eb%a5%bc-%ec%9c%84%ed%95%9c-%ec%95%88%eb%82%b4\/#breadcrumb","itemListElement":[{"@type":"ListItem","position":1,"name":"\ud648","item":"https:\/\/naturalpoland.com\/ko\/"},{"@type":"ListItem","position":2,"name":"\uc81c\uc870\uc5c5\uccb4 \ubc0f \uacf5\uae09\uc5c5\uccb4\ub97c \uc704\ud55c \uc548\ub0b4"}]},{"@type":"WebSite","@id":"https:\/\/naturalpoland.com\/ko\/#website","url":"https:\/\/naturalpoland.com\/ko\/","name":"NATURAL POLAND - Hurtowy Dystrybutor Surowc\u00f3w","description":"Surowce dla przemys\u0142u spo\u017cywczego, kosmetycznego i farmaceutycznego","publisher":{"@id":"https:\/\/naturalpoland.com\/ko\/#organization"},"potentialAction":[{"@type":"SearchAction","target":{"@type":"EntryPoint","urlTemplate":"https:\/\/naturalpoland.com\/ko\/?s={search_term_string}"},"query-input":{"@type":"PropertyValueSpecification","valueRequired":true,"valueName":"search_term_string"}}],"inLanguage":"ko-KR"},{"@type":"Organization","@id":"https:\/\/naturalpoland.com\/ko\/#organization","name":"Natural Poland","url":"https:\/\/naturalpoland.com\/ko\/","logo":{"@type":"ImageObject","inLanguage":"ko-KR","@id":"https:\/\/naturalpoland.com\/ko\/#\/schema\/logo\/image\/","url":"https:\/\/naturalpoland.com\/wp-content\/uploads\/2021\/05\/natural-poland-icon.png","contentUrl":"https:\/\/naturalpoland.com\/wp-content\/uploads\/2021\/05\/natural-poland-icon.png","width":512,"height":512,"caption":"Natural Poland"},"image":{"@id":"https:\/\/naturalpoland.com\/ko\/#\/schema\/logo\/image\/"},"sameAs":["https:\/\/www.facebook.com\/naturalpoland.b2b","https:\/\/pl.linkedin.com\/company\/natural-poland","https:\/\/www.youtube.com\/channel\/UCgeGGkvOMahZo-xu_MSEWxg"]}]}},"_links":{"self":[{"href":"https:\/\/naturalpoland.com\/ko\/wp-json\/wp\/v2\/pages\/44774","targetHints":{"allow":["GET"]}}],"collection":[{"href":"https:\/\/naturalpoland.com\/ko\/wp-json\/wp\/v2\/pages"}],"about":[{"href":"https:\/\/naturalpoland.com\/ko\/wp-json\/wp\/v2\/types\/page"}],"author":[{"embeddable":true,"href":"https:\/\/naturalpoland.com\/ko\/wp-json\/wp\/v2\/users\/1"}],"replies":[{"embeddable":true,"href":"https:\/\/naturalpoland.com\/ko\/wp-json\/wp\/v2\/comments?post=44774"}],"version-history":[{"count":4,"href":"https:\/\/naturalpoland.com\/ko\/wp-json\/wp\/v2\/pages\/44774\/revisions"}],"predecessor-version":[{"id":44779,"href":"https:\/\/naturalpoland.com\/ko\/wp-json\/wp\/v2\/pages\/44774\/revisions\/44779"}],"wp:attachment":[{"href":"https:\/\/naturalpoland.com\/ko\/wp-json\/wp\/v2\/media?parent=44774"}],"curies":[{"name":"wp","href":"https:\/\/api.w.org\/{rel}","templated":true}]}}