{"id":45241,"date":"2026-01-20T14:27:48","date_gmt":"2026-01-20T13:27:48","guid":{"rendered":"https:\/\/naturalpoland.com\/%ea%b0%9c%ec%9d%b8%ec%a0%95%eb%b3%b4%ec%b2%98%eb%a6%ac%eb%b0%a9%ec%b9%a8\/"},"modified":"2026-01-20T14:27:51","modified_gmt":"2026-01-20T13:27:51","slug":"%ea%b0%9c%ec%9d%b8%ec%a0%95%eb%b3%b4%ec%b2%98%eb%a6%ac%eb%b0%a9%ec%b9%a8","status":"publish","type":"page","link":"https:\/\/naturalpoland.com\/ko\/%ea%b0%9c%ec%9d%b8%ec%a0%95%eb%b3%b4%ec%b2%98%eb%a6%ac%eb%b0%a9%ec%b9%a8\/","title":{"rendered":"\uac1c\uc778\uc815\ubcf4\ucc98\ub9ac\ubc29\uce68"},"content":{"rendered":"\n<h3 style=\"text-align: center;\">\uc81c1\uc870 \ucd1d\uce59<\/h3>\n<ol>\n<li>\ubcf8 \uac1c\uc778\uc815\ubcf4\ucc98\ub9ac\ubc29\uce68\uc740 naturalpoland.com \uc6f9\uc0ac\uc774\ud2b8(\uc774\ud558 &#8220;\ubcf8 \uc6f9\uc0ac\uc774\ud2b8&#8221;)\uc5d0\uc11c \uac1c\uc778\uc815\ubcf4 \ucc98\ub9ac\uc758 \ubaa8\ub4e0 \uce21\uba74\uc5d0 \uc801\uc6a9\ub418\uba70, \ubc14\ub974\uc0e4\ubc14\uc5d0 \ubcf8\uc0ac\ub97c \ub454 STRZELCZYK Sp. z o.o.(\uad6c: \u201cBRACIA STRZELCZYK\u201d WITOLD STRZELCZYK), ul. Marsza\u0142kowska 58\/11 \ubc0f 12, 00-545 \ubc14\ub974\uc0e4\ubc14, NIP: 7011162661, KRS: 0001055409(\uc774\ud558 &#8220;\uad00\ub9ac\uc790&#8221;)\uac00 \uc6b4\uc601\ud569\ub2c8\ub2e4.   <\/li>\n<li>\uad00\ub9ac\uc790\uc640\uc758 \uc5f0\ub77d\uc740 \ub2e4\uc74c \uc774\uba54\uc77c \uc8fc\uc18c\ub97c \ud1b5\ud574 \uc774\ub8e8\uc5b4\uc9d1\ub2c8\ub2e4: <a href=\"mailto:kontakt@naturalpoland.com\">kontakt@naturalpoland.com<\/a>.<\/li>\n<li>\ubcf8 \uc6f9\uc0ac\uc774\ud2b8 \uc774\uc6a9\uc790\uc758 \uac1c\uc778\uc815\ubcf4\ub294 2016\ub144 4\uc6d4 27\uc77c \uc720\ub7fd\uc758\ud68c \ubc0f \uc774\uc0ac\ud68c \uaddc\uc815 (EU) 2016\/679(\uac1c\uc778\uc815\ubcf4 \ucc98\ub9ac\uc640 \uad00\ub828\ud55c \uac1c\uc778 \ubcf4\ud638 \ubc0f \uadf8\ub7ec\ud55c \ub370\uc774\ud130\uc758 \uc790\uc720\ub85c\uc6b4 \uc774\ub3d9\uc5d0 \uad00\ud55c \uaddc\uc815 \ubc0f \uc9c0\uce68 95\/46\/EC \ud3d0\uc9c0, \uc77c\ubc18 \ub370\uc774\ud130 \ubcf4\ud638 \uaddc\uc815, RODO; 2016\ub144 EU \uad00\ubcf4 L. 119\ud638, 1\ud398\uc774\uc9c0, \uac1c\uc815 \ud3ec\ud568)\uc5d0 \ub530\ub77c \ucc98\ub9ac\ub429\ub2c8\ub2e4. <\/li>\n<\/ol>\n<p> <\/p>\n<p> <\/p>\n<h3 style=\"text-align: center;\">\uc81c2\uc870 \uac1c\uc778\uc815\ubcf4<\/h3>\n<ol>\n<li>\ubcf8 \uc6f9\uc0ac\uc774\ud2b8 \uc774\uc6a9\uc790\uc758 \uac1c\uc778\uc815\ubcf4\ub294 \ub2e4\uc74c \ubaa9\uc801\uc744 \uc704\ud574 \ucc98\ub9ac\ub429\ub2c8\ub2e4:\n<ul>\n<li>\u201c\ucfe0\ud0a4\u201d \ud30c\uc77c \ucc98\ub9ac, \uc989 \uc774\uc6a9\uc790\uc758 \ubcf8 \uc6f9\uc0ac\uc774\ud2b8 \uc774\uc6a9 \ubc0f \ud0d0\uc0c9 \ubc29\uc2dd\uc744 \ubd84\uc11d\ud558\uc5ec \uc774\uc6a9\uc790\uc758 \ud544\uc694\uc640 \ud589\ub3d9\uc5d0 \ub9de\ucd94\uae30 \uc704\ud568 \u2013 \ub370\uc774\ud130 \ucc98\ub9ac\uc758 \ubc95\uc801 \uadfc\uac70\ub294 GDPR \uc81c6\uc870 \uc81c1\ud56d (f)\ud638\uc5d0 \ub530\ub77c \u201c\ucfe0\ud0a4\u201d \uc815\ucc45\uc5d0 \uba85\uc2dc\ub41c \uad00\ub9ac\uc790\uc758 \uc815\ub2f9\ud55c \uc774\uc775\uc785\ub2c8\ub2e4.   <\/li>\n<li>\ubb38\uc758 \uc591\uc2dd \ub610\ub294 \uad00\ub9ac\uc790\uc758 \uc774\uba54\uc77c \uc8fc\uc18c\ub97c \ud1b5\ud574 \uc804\uc1a1\ub41c \uba54\uc2dc\uc9c0\uc5d0 \ub2f5\ubcc0\ud558\uac70\ub098 \uc81c\uc548\uc744 \uc81c\uacf5\ud558\uae30 \uc704\ud568 \u2013 \ub370\uc774\ud130 \ucc98\ub9ac\uc758 \ubc95\uc801 \uadfc\uac70\ub294 GDPR \uc81c6\uc870 \uc81c1\ud56d (f)\ud638\uc5d0 \ub530\ub77c \uc774\uc6a9\uc790\uc640\uc758 \uc18c\ud1b5\uc744 \uc704\ud574 \uc774\uc6a9\uc790 \ub370\uc774\ud130\ub97c \ucc98\ub9ac\ud558\ub294 \uad00\ub9ac\uc790\uc758 \uc815\ub2f9\ud55c \uc774\uc775\uc774\uba70, \uacc4\uc57d \uccb4\uacb0 \uc804 \ub370\uc774\ud130 \uc8fc\uccb4\uc758 \uc694\uccad\uc5d0 \ub530\ub77c \uc870\uce58\ub97c \ucde8\ud558\uae30 \uc704\ud55c \ucc98\ub9ac\uc758 \ud544\uc218\uc801\uc778 \uc131\uaca9\uc740 GDPR \uc81c6\uc870 \uc81c1\ud56d (b)\ud638\uc5d0 \ub530\ub985\ub2c8\ub2e4.    <\/li>\n<li>\ub274\uc2a4\ub808\ud130 \ubc1c\uc1a1 \u2013 \ub370\uc774\ud130 \ucc98\ub9ac\uc758 \ubc95\uc801 \uadfc\uac70\ub294 \ud558\ub098 \uc774\uc0c1\uc758 \ud2b9\uc815 \ubaa9\uc801\uc744 \uc704\ud574 \ub370\uc774\ud130 \uc8fc\uccb4\uc758 \ub3d9\uc758(GDPR \uc81c6\uc870 \uc81c1\ud56d (a)\ud638)\uc785\ub2c8\ub2e4.<\/li>\n<\/ul>\n<\/li>\n<li>\uad00\ub9ac\uc790\ub294 \ubcf8 \uc6f9\uc0ac\uc774\ud2b8 \uc774\uc6a9\uc790\uc758 \ub370\uc774\ud130\ub97c (\uc608: SSL \ud504\ub85c\ud1a0\ucf5c \uc0ac\uc6a9\uc744 \ud1b5\ud574) \uad00\ub828 \ubc95\ub960 \ubc0f \uc815\ubcf4 \ubcf4\uc548 \ud45c\uc900\uc5d0 \ub530\ub77c \ubcf4\ud638\ud568\uc744 \ubcf4\uc7a5\ud569\ub2c8\ub2e4.<\/li>\n<li>\ubcf8 \uc6f9\uc0ac\uc774\ud2b8 \uc774\uc6a9\uc790\uc758 \uac1c\uc778\uc815\ubcf4 \uc218\uc2e0\uc790\ub294 \uad00\ub9ac\uc790\uc758 \uc870\uc9c1 \uad6c\uc870 \ub0b4\uc5d0\uc11c \uad00\ub9ac\uc790\uc640 \ud611\ub825\ud558\ub294 \ud30c\ud2b8\ub108 \ubc0f \uccb4\uacb0\ub41c \uac1c\uc778\uc815\ubcf4 \ucc98\ub9ac \uc704\ud0c1 \uacc4\uc57d\uc5d0 \ub530\ub77c \uad00\ub9ac\uc790\ub97c \ub300\uc2e0\ud558\uc5ec \ub370\uc774\ud130\ub97c \ucc98\ub9ac\ud558\ub294 \uc8fc\uccb4\uac00 \ub420 \uc218 \uc788\uc2b5\ub2c8\ub2e4.<\/li>\n<li>Google Analytics, Google Ads, Google Tag Manager\uc640 \uac19\uc740 \uc678\ubd80 \ub3c4\uad6c\ub294 \ubcf8 \uc6f9\uc0ac\uc774\ud2b8 \uc774\uc6a9\uacfc \uad00\ub828\ub41c \ub370\uc774\ud130\ub97c \uc11c\ube44\uc2a4 \uc81c\uacf5\uc5c5\uccb4\uc778 Google LLC\ub85c \uc720\ub7fd \uacbd\uc81c \uc9c0\uc5ed \uc678\ubd80\ub85c \uc804\uc1a1\ud569\ub2c8\ub2e4. \ub370\uc774\ud130 \uc804\uc1a1\uc740 \ubbf8\uad6d\uc73c\ub85c \uc774\ub8e8\uc5b4\uc9c0\uba70, \ud2b9\uc815 \uad6d\uac00 \uc548\ubcf4 \ud504\ub85c\uadf8\ub7a8\uc5d0 \ub530\ub77c \ubbf8\uad6d \uacf5\uacf5 \uae30\uad00\uc774 \uadc0\ud558\uc758 \ub370\uc774\ud130\uc5d0 \uc811\uadfc\ud560 \uc218 \uc788\uc2b5\ub2c8\ub2e4.  <\/li>\n<li>\uac1c\uc778\uc815\ubcf4\ub294 \ub2e4\uc74c \uae30\uac04 \ub3d9\uc548 \ubcf4\uad00\ub429\ub2c8\ub2e4:\n<ul>\n<li>\u201c\ucfe0\ud0a4\u201d \ud30c\uc77c \ucc98\ub9ac\ub97c \uc704\ud574 \ucc98\ub9ac\ub418\ub294 \ub370\uc774\ud130 \u2013 \ubd84\uc11d \ubaa9\uc801\uc73c\ub85c \uc0ac\uc6a9\ub418\ub294 \u201c\ucfe0\ud0a4\u201d \ud30c\uc77c\uc758 \uc720\ud6a8 \uae30\uac04 \ub9cc\ub8cc \ub610\ub294 \uc774\uc6a9\uc790\uc5d0 \uc758\ud55c \uc0ad\uc81c \uc2dc\uc810\uae4c\uc9c0,<\/li>\n<li>\ub2f5\ubcc0 \uc81c\uacf5 \ub610\ub294 \uc81c\uc548\uc744 \uc704\ud574 \ucc98\ub9ac\ub418\ub294 \ub370\uc774\ud130 \u2013 \ub3d9\uc758 \ucca0\ud68c \ub610\ub294 \uccad\uad6c\uad8c \uc18c\uba78 \uc2dc\uc810\uae4c\uc9c0,<\/li>\n<li>\ub274\uc2a4\ub808\ud130 \ubc1c\uc1a1\uc744 \uc704\ud574 \ucc98\ub9ac\ub418\ub294 \ub370\uc774\ud130 \u2013 \ub3d9\uc758 \ucca0\ud68c \uc2dc\uc810\uae4c\uc9c0.<\/li>\n<\/ul>\n<\/li>\n<li>\uadc0\ud558\ub294 (\ucc98\ub9ac \uadfc\uac70\uc5d0 \ub530\ub77c) \ub2e4\uc74c \uad8c\ub9ac\ub97c \uac00\uc9d1\ub2c8\ub2e4:\n<ul>\n<li>\uc790\uc2e0\uc758 \uac1c\uc778\uc815\ubcf4\uc5d0 \uc811\uadfc\ud558\uace0 \uc0ac\ubcf8\uc744 \ubc1b\uc744 \uad8c\ub9ac,<\/li>\n<li>\uc790\uc2e0\uc758 \ub370\uc774\ud130\ub97c \uc815\uc815(\uc218\uc815)\ud560 \uad8c\ub9ac,<\/li>\n<li>\ub370\uc774\ud130 \uc0ad\uc81c \ub610\ub294 \ucc98\ub9ac \uc81c\ud55c\uc744 \uc694\uccad\ud560 \uad8c\ub9ac,<\/li>\n<li>\ub370\uc774\ud130 \ucc98\ub9ac\uc5d0 \uc774\uc758\ub97c \uc81c\uae30\ud560 \uad8c\ub9ac,<\/li>\n<li>\ub370\uc774\ud130 \uc774\ub3d9\uad8c,<\/li>\n<li>\uadc0\ud558\uc758 \uac1c\uc778\uc815\ubcf4 \ucc98\ub9ac\uac00 GDPR \uaddc\uc815\uc744 \uc704\ubc18\ud55c\ub2e4\uace0 \ud310\ub2e8\ub418\ub294 \uacbd\uc6b0, \uac10\ub3c5 \uae30\uad00, \uc989 \uac1c\uc778\uc815\ubcf4 \ubcf4\ud638\uccad\uc7a5\uc5d0\uac8c \ubd88\ub9cc\uc744 \uc81c\uae30\ud560 \uad8c\ub9ac, <\/li>\n<li>\ub3d9\uc758 \ucca0\ud68c \uc804 \ub3d9\uc758\uc5d0 \uae30\ubc18\ud558\uc5ec \uc774\ub8e8\uc5b4\uc9c4 \ucc98\ub9ac\uc758 \uc801\ubc95\uc131\uc5d0 \uc601\ud5a5\uc744 \ubbf8\uce58\uc9c0 \uc54a\uace0 \uc5b8\uc81c\ub4e0\uc9c0 \ub3d9\uc758\ub97c \ucca0\ud68c\ud560 \uad8c\ub9ac; \ub3d9\uc758 \ucca0\ud68c\ub294 \ub2e4\uc74c \uc774\uba54\uc77c \uc8fc\uc18c\ub85c \uba54\uc2dc\uc9c0\ub97c \ubcf4\ub0b4\uc5b4 \ud560 \uc218 \uc788\uc2b5\ub2c8\ub2e4: <a href=\"mailto:kontakt@naturalpoland.pl\">kontakt@naturalpoland.pl<\/a>.<\/li>\n<\/ul>\n<\/li>\n<li>\ub370\uc774\ud130 \ubbf8\uc81c\uacf5 \uc2dc\uc758 \uacb0\uacfc\ub294 \ub2e4\uc74c\uacfc \uac19\uc2b5\ub2c8\ub2e4:\n<ul>\n<li>\u201c\ucfe0\ud0a4\u201d \ud30c\uc77c \ucc98\ub9ac\ub97c \uc704\ud574 \ucc98\ub9ac\ub418\ub294 \ub370\uc774\ud130\uc758 \uacbd\uc6b0 \u2013 \ubcf8 \uc6f9\uc0ac\uc774\ud2b8 \uc774\uc6a9 \uad00\ub828 \uc120\ud638\ub3c4\ub97c \ubc18\uc601\ud560 \uc218 \uc5c6\uc74c<\/li>\n<li>\ub2f5\ubcc0 \uc81c\uacf5 \ub610\ub294 \uc81c\uc548\uc744 \uc704\ud574 \ucc98\ub9ac\ub418\ub294 \ub370\uc774\ud130\uc758 \uacbd\uc6b0 \u2013 \uc81c\ucd9c\ub41c \ubb38\uc758\uc5d0 \ub2f5\ubcc0\ud560 \uc218 \uc5c6\uc74c,<\/li>\n<li>\ub274\uc2a4\ub808\ud130 \ubc1c\uc1a1\uc744 \uc704\ud574 \ucc98\ub9ac\ub418\ub294 \ub370\uc774\ud130\uc758 \uacbd\uc6b0 \u2013 \ub274\uc2a4\ub808\ud130\ub97c \ubc1c\uc1a1\ud560 \uc218 \uc5c6\uc74c.<\/li>\n<\/ul>\n<\/li>\n<\/ol>\n<h3 style=\"text-align: center;\">\uc81c3\uc870 \ucfe0\ud0a4 \uc815\ucc45<\/h3>\n<ol>\n<li>\u201c\ucfe0\ud0a4\u201d \ud30c\uc77c\uc740 \uc774\uc6a9\uc790\uac00 \ubcf8 \uc6f9\uc0ac\uc774\ud2b8\ub97c \uc774\uc6a9\ud560 \ub54c<br>www \uc11c\ubc84\uac00 \uc774\uc6a9\ud558\ub294 \uae30\uae30\ub85c \uc804\uc1a1\ud558\ub294 \ud14d\uc2a4\ud2b8 \uc815\ubcf4\uc785\ub2c8\ub2e4.<\/li>\n<li>\u201c\ucfe0\ud0a4\u201d \ud30c\uc77c\uc740 \uad00\ub9ac\uc790\uac00 \ubcf8 \uc6f9\uc0ac\uc774\ud2b8\uc758 \uc62c\ubc14\ub978 \uae30\ub2a5\uc744 \ubcf4\uc7a5\ud558\uace0,<br>\ubcf4\uc548\uc744 \ud655\ubcf4\ud558\uba70, \uc774\uc6a9\uc790\uc758 \uc120\ud638\ub3c4(\uc608: \uc5b8\uc5b4 \ubc84\uc804 \uc120\ud0dd)\uc5d0 \ub9de\ucdb0 \ubcf8 \uc6f9\uc0ac\uc774\ud2b8\uc758 \ucf58\ud150\uce20\ub97c \uc870\uc815\ud558\uace0, \ud1b5\uacc4\ub97c \uc791\uc131\ud558\uba70,<br>\uc774\uc6a9\uc790\uc758 \uad00\uc2ec\uc0ac\uc5d0 \ub354 \uc801\ud569\ud55c \uad11\uace0 \ucf58\ud150\uce20\ub97c \uc81c\uacf5\ud558\ub294 \ub370 \uc0ac\uc6a9\ub429\ub2c8\ub2e4. <\/li>\n<li>\ubcf8 \uc6f9\uc0ac\uc774\ud2b8 \uc774\uc6a9\uc790\ub294 \uc5b8\uc81c\ub4e0\uc9c0 \u201c\ucfe0\ud0a4\u201d \ud30c\uc77c \uad00\ub828 \uc124\uc815\uc744 \ubcc0\uacbd\ud560 \uc218 \uc788\uc2b5\ub2c8\ub2e4.<\/li>\n<li>\u201c\ucfe0\ud0a4\u201d \ud30c\uc77c \ucc98\ub9ac \uac00\ub2a5\uc131 \ubc0f \ubc29\ubc95\uc5d0 \ub300\ud55c \uc790\uc138\ud55c \uc815\ubcf4\ub294 \uc778\ud130\ub137 \ube0c\ub77c\uc6b0\uc800<br>\uc124\uc815\uc5d0\uc11c \ud655\uc778\ud560 \uc218 \uc788\uc2b5\ub2c8\ub2e4.<\/li>\n<li>\ub610\ud55c, \ubcf8 \uc6f9\uc0ac\uc774\ud2b8 \uc774\uc6a9\uc790\ub294 \u201c\ucfe0\ud0a4\u201d \ud30c\uc77c \uc124\uc815\uc5d0\uc11c www \uc11c\ubc84\uc5d0 \uc758\ud55c \u201c\ucfe0\ud0a4\u201d \ud30c\uc77c \uc800\uc7a5 \ubc94\uc704\ub97c \uc124\uc815\ud560 \uc218 \uc788\uc9c0\ub9cc, \u201c\ucfe0\ud0a4\u201d \uc0ac\uc6a9 \uc81c\ud55c\uc740 \ubcf8 \uc6f9\uc0ac\uc774\ud2b8\uc758 \uc6f9 \ud398\uc774\uc9c0\uc5d0\uc11c<br>\uc0ac\uc6a9 \uac00\ub2a5\ud55c \uc77c\ubd80 \uae30\ub2a5\uc5d0 \ubd80\uc815\uc801\uc778 \uc601\ud5a5\uc744 \ubbf8\uce60 \uc218 \uc788\uc2b5\ub2c8\ub2e4.<\/li>\n<li>\ubcf8 \uc6f9\uc0ac\uc774\ud2b8\ub97c \uc774\uc6a9\ud568\uc73c\ub85c\uc368 \uadc0\ud558\ub294 \ubcf8 \uac1c\uc778\uc815\ubcf4\ucc98\ub9ac\ubc29\uce68\uc5d0 \ub530\ub77c \u201c\ucfe0\ud0a4\u201d \ud30c\uc77c \uc0ac\uc6a9\uc5d0 \ub3d9\uc758\ud569\ub2c8\ub2e4.<\/li>\n<\/ol>\n<p> <\/p>\n\n\n","protected":false},"excerpt":{"rendered":"","protected":false},"author":1,"featured_media":0,"parent":0,"menu_order":0,"comment_status":"closed","ping_status":"closed","template":"","meta":{"_acf_changed":false,"footnotes":""},"class_list":["post-45241","page","type-page","status-publish","hentry"],"acf":[],"yoast_head":"<!-- This site is optimized with the Yoast SEO plugin v27.4 - https:\/\/yoast.com\/product\/yoast-seo-wordpress\/ -->\n<title>\uac1c\uc778\uc815\ubcf4\ucc98\ub9ac\ubc29\uce68 - NATURAL POLAND - Hurtowy Dystrybutor Surowc\u00f3w<\/title>\n<meta name=\"robots\" content=\"index, follow, max-snippet:-1, max-image-preview:large, max-video-preview:-1\" \/>\n<link rel=\"canonical\" href=\"https:\/\/naturalpoland.com\/ko\/%ea%b0%9c%ec%9d%b8%ec%a0%95%eb%b3%b4%ec%b2%98%eb%a6%ac%eb%b0%a9%ec%b9%a8\/\" \/>\n<meta property=\"og:locale\" content=\"ko_KR\" \/>\n<meta property=\"og:type\" content=\"article\" \/>\n<meta property=\"og:title\" content=\"\uac1c\uc778\uc815\ubcf4\ucc98\ub9ac\ubc29\uce68 - NATURAL POLAND - Hurtowy Dystrybutor Surowc\u00f3w\" \/>\n<meta property=\"og:url\" content=\"https:\/\/naturalpoland.com\/ko\/%ea%b0%9c%ec%9d%b8%ec%a0%95%eb%b3%b4%ec%b2%98%eb%a6%ac%eb%b0%a9%ec%b9%a8\/\" \/>\n<meta property=\"og:site_name\" content=\"NATURAL POLAND - Hurtowy Dystrybutor Surowc\u00f3w\" \/>\n<meta property=\"article:publisher\" content=\"https:\/\/www.facebook.com\/naturalpoland.b2b\" \/>\n<meta property=\"article:modified_time\" content=\"2026-01-20T13:27:51+00:00\" \/>\n<meta property=\"og:image\" content=\"https:\/\/naturalpoland.com\/wp-content\/uploads\/2021\/05\/natural-poland-icon.png\" \/>\n\t<meta property=\"og:image:width\" content=\"512\" \/>\n\t<meta property=\"og:image:height\" content=\"512\" \/>\n\t<meta property=\"og:image:type\" content=\"image\/png\" \/>\n<script type=\"application\/ld+json\" class=\"yoast-schema-graph\">{\"@context\":\"https:\\\/\\\/schema.org\",\"@graph\":[{\"@type\":\"WebPage\",\"@id\":\"https:\\\/\\\/naturalpoland.com\\\/ko\\\/%ea%b0%9c%ec%9d%b8%ec%a0%95%eb%b3%b4%ec%b2%98%eb%a6%ac%eb%b0%a9%ec%b9%a8\\\/\",\"url\":\"https:\\\/\\\/naturalpoland.com\\\/ko\\\/%ea%b0%9c%ec%9d%b8%ec%a0%95%eb%b3%b4%ec%b2%98%eb%a6%ac%eb%b0%a9%ec%b9%a8\\\/\",\"name\":\"\uac1c\uc778\uc815\ubcf4\ucc98\ub9ac\ubc29\uce68 - NATURAL POLAND - Hurtowy Dystrybutor Surowc\u00f3w\",\"isPartOf\":{\"@id\":\"https:\\\/\\\/naturalpoland.com\\\/ko\\\/#website\"},\"datePublished\":\"2026-01-20T13:27:48+00:00\",\"dateModified\":\"2026-01-20T13:27:51+00:00\",\"breadcrumb\":{\"@id\":\"https:\\\/\\\/naturalpoland.com\\\/ko\\\/%ea%b0%9c%ec%9d%b8%ec%a0%95%eb%b3%b4%ec%b2%98%eb%a6%ac%eb%b0%a9%ec%b9%a8\\\/#breadcrumb\"},\"inLanguage\":\"ko-KR\",\"potentialAction\":[{\"@type\":\"ReadAction\",\"target\":[\"https:\\\/\\\/naturalpoland.com\\\/ko\\\/%ea%b0%9c%ec%9d%b8%ec%a0%95%eb%b3%b4%ec%b2%98%eb%a6%ac%eb%b0%a9%ec%b9%a8\\\/\"]}]},{\"@type\":\"BreadcrumbList\",\"@id\":\"https:\\\/\\\/naturalpoland.com\\\/ko\\\/%ea%b0%9c%ec%9d%b8%ec%a0%95%eb%b3%b4%ec%b2%98%eb%a6%ac%eb%b0%a9%ec%b9%a8\\\/#breadcrumb\",\"itemListElement\":[{\"@type\":\"ListItem\",\"position\":1,\"name\":\"\ud648\",\"item\":\"https:\\\/\\\/naturalpoland.com\\\/ko\\\/\"},{\"@type\":\"ListItem\",\"position\":2,\"name\":\"\uac1c\uc778\uc815\ubcf4\ucc98\ub9ac\ubc29\uce68\"}]},{\"@type\":\"WebSite\",\"@id\":\"https:\\\/\\\/naturalpoland.com\\\/ko\\\/#website\",\"url\":\"https:\\\/\\\/naturalpoland.com\\\/ko\\\/\",\"name\":\"NATURAL POLAND - Hurtowy Dystrybutor Surowc\u00f3w\",\"description\":\"Surowce dla przemys\u0142u spo\u017cywczego, kosmetycznego i farmaceutycznego\",\"publisher\":{\"@id\":\"https:\\\/\\\/naturalpoland.com\\\/ko\\\/#organization\"},\"potentialAction\":[{\"@type\":\"SearchAction\",\"target\":{\"@type\":\"EntryPoint\",\"urlTemplate\":\"https:\\\/\\\/naturalpoland.com\\\/ko\\\/?s={search_term_string}\"},\"query-input\":{\"@type\":\"PropertyValueSpecification\",\"valueRequired\":true,\"valueName\":\"search_term_string\"}}],\"inLanguage\":\"ko-KR\"},{\"@type\":\"Organization\",\"@id\":\"https:\\\/\\\/naturalpoland.com\\\/ko\\\/#organization\",\"name\":\"Natural Poland\",\"url\":\"https:\\\/\\\/naturalpoland.com\\\/ko\\\/\",\"logo\":{\"@type\":\"ImageObject\",\"inLanguage\":\"ko-KR\",\"@id\":\"https:\\\/\\\/naturalpoland.com\\\/ko\\\/#\\\/schema\\\/logo\\\/image\\\/\",\"url\":\"https:\\\/\\\/naturalpoland.com\\\/wp-content\\\/uploads\\\/2021\\\/05\\\/natural-poland-icon.png\",\"contentUrl\":\"https:\\\/\\\/naturalpoland.com\\\/wp-content\\\/uploads\\\/2021\\\/05\\\/natural-poland-icon.png\",\"width\":512,\"height\":512,\"caption\":\"Natural Poland\"},\"image\":{\"@id\":\"https:\\\/\\\/naturalpoland.com\\\/ko\\\/#\\\/schema\\\/logo\\\/image\\\/\"},\"sameAs\":[\"https:\\\/\\\/www.facebook.com\\\/naturalpoland.b2b\",\"https:\\\/\\\/pl.linkedin.com\\\/company\\\/natural-poland\",\"https:\\\/\\\/www.youtube.com\\\/channel\\\/UCgeGGkvOMahZo-xu_MSEWxg\"]}]}<\/script>\n<!-- \/ Yoast SEO plugin. -->","yoast_head_json":{"title":"\uac1c\uc778\uc815\ubcf4\ucc98\ub9ac\ubc29\uce68 - NATURAL POLAND - Hurtowy Dystrybutor Surowc\u00f3w","robots":{"index":"index","follow":"follow","max-snippet":"max-snippet:-1","max-image-preview":"max-image-preview:large","max-video-preview":"max-video-preview:-1"},"canonical":"https:\/\/naturalpoland.com\/ko\/%ea%b0%9c%ec%9d%b8%ec%a0%95%eb%b3%b4%ec%b2%98%eb%a6%ac%eb%b0%a9%ec%b9%a8\/","og_locale":"ko_KR","og_type":"article","og_title":"\uac1c\uc778\uc815\ubcf4\ucc98\ub9ac\ubc29\uce68 - NATURAL POLAND - Hurtowy Dystrybutor Surowc\u00f3w","og_url":"https:\/\/naturalpoland.com\/ko\/%ea%b0%9c%ec%9d%b8%ec%a0%95%eb%b3%b4%ec%b2%98%eb%a6%ac%eb%b0%a9%ec%b9%a8\/","og_site_name":"NATURAL POLAND - Hurtowy Dystrybutor Surowc\u00f3w","article_publisher":"https:\/\/www.facebook.com\/naturalpoland.b2b","article_modified_time":"2026-01-20T13:27:51+00:00","og_image":[{"width":512,"height":512,"url":"https:\/\/naturalpoland.com\/wp-content\/uploads\/2021\/05\/natural-poland-icon.png","type":"image\/png"}],"schema":{"@context":"https:\/\/schema.org","@graph":[{"@type":"WebPage","@id":"https:\/\/naturalpoland.com\/ko\/%ea%b0%9c%ec%9d%b8%ec%a0%95%eb%b3%b4%ec%b2%98%eb%a6%ac%eb%b0%a9%ec%b9%a8\/","url":"https:\/\/naturalpoland.com\/ko\/%ea%b0%9c%ec%9d%b8%ec%a0%95%eb%b3%b4%ec%b2%98%eb%a6%ac%eb%b0%a9%ec%b9%a8\/","name":"\uac1c\uc778\uc815\ubcf4\ucc98\ub9ac\ubc29\uce68 - NATURAL POLAND - Hurtowy Dystrybutor Surowc\u00f3w","isPartOf":{"@id":"https:\/\/naturalpoland.com\/ko\/#website"},"datePublished":"2026-01-20T13:27:48+00:00","dateModified":"2026-01-20T13:27:51+00:00","breadcrumb":{"@id":"https:\/\/naturalpoland.com\/ko\/%ea%b0%9c%ec%9d%b8%ec%a0%95%eb%b3%b4%ec%b2%98%eb%a6%ac%eb%b0%a9%ec%b9%a8\/#breadcrumb"},"inLanguage":"ko-KR","potentialAction":[{"@type":"ReadAction","target":["https:\/\/naturalpoland.com\/ko\/%ea%b0%9c%ec%9d%b8%ec%a0%95%eb%b3%b4%ec%b2%98%eb%a6%ac%eb%b0%a9%ec%b9%a8\/"]}]},{"@type":"BreadcrumbList","@id":"https:\/\/naturalpoland.com\/ko\/%ea%b0%9c%ec%9d%b8%ec%a0%95%eb%b3%b4%ec%b2%98%eb%a6%ac%eb%b0%a9%ec%b9%a8\/#breadcrumb","itemListElement":[{"@type":"ListItem","position":1,"name":"\ud648","item":"https:\/\/naturalpoland.com\/ko\/"},{"@type":"ListItem","position":2,"name":"\uac1c\uc778\uc815\ubcf4\ucc98\ub9ac\ubc29\uce68"}]},{"@type":"WebSite","@id":"https:\/\/naturalpoland.com\/ko\/#website","url":"https:\/\/naturalpoland.com\/ko\/","name":"NATURAL POLAND - Hurtowy Dystrybutor Surowc\u00f3w","description":"Surowce dla przemys\u0142u spo\u017cywczego, kosmetycznego i farmaceutycznego","publisher":{"@id":"https:\/\/naturalpoland.com\/ko\/#organization"},"potentialAction":[{"@type":"SearchAction","target":{"@type":"EntryPoint","urlTemplate":"https:\/\/naturalpoland.com\/ko\/?s={search_term_string}"},"query-input":{"@type":"PropertyValueSpecification","valueRequired":true,"valueName":"search_term_string"}}],"inLanguage":"ko-KR"},{"@type":"Organization","@id":"https:\/\/naturalpoland.com\/ko\/#organization","name":"Natural Poland","url":"https:\/\/naturalpoland.com\/ko\/","logo":{"@type":"ImageObject","inLanguage":"ko-KR","@id":"https:\/\/naturalpoland.com\/ko\/#\/schema\/logo\/image\/","url":"https:\/\/naturalpoland.com\/wp-content\/uploads\/2021\/05\/natural-poland-icon.png","contentUrl":"https:\/\/naturalpoland.com\/wp-content\/uploads\/2021\/05\/natural-poland-icon.png","width":512,"height":512,"caption":"Natural Poland"},"image":{"@id":"https:\/\/naturalpoland.com\/ko\/#\/schema\/logo\/image\/"},"sameAs":["https:\/\/www.facebook.com\/naturalpoland.b2b","https:\/\/pl.linkedin.com\/company\/natural-poland","https:\/\/www.youtube.com\/channel\/UCgeGGkvOMahZo-xu_MSEWxg"]}]}},"_links":{"self":[{"href":"https:\/\/naturalpoland.com\/ko\/wp-json\/wp\/v2\/pages\/45241","targetHints":{"allow":["GET"]}}],"collection":[{"href":"https:\/\/naturalpoland.com\/ko\/wp-json\/wp\/v2\/pages"}],"about":[{"href":"https:\/\/naturalpoland.com\/ko\/wp-json\/wp\/v2\/types\/page"}],"author":[{"embeddable":true,"href":"https:\/\/naturalpoland.com\/ko\/wp-json\/wp\/v2\/users\/1"}],"replies":[{"embeddable":true,"href":"https:\/\/naturalpoland.com\/ko\/wp-json\/wp\/v2\/comments?post=45241"}],"version-history":[{"count":1,"href":"https:\/\/naturalpoland.com\/ko\/wp-json\/wp\/v2\/pages\/45241\/revisions"}],"predecessor-version":[{"id":45242,"href":"https:\/\/naturalpoland.com\/ko\/wp-json\/wp\/v2\/pages\/45241\/revisions\/45242"}],"wp:attachment":[{"href":"https:\/\/naturalpoland.com\/ko\/wp-json\/wp\/v2\/media?parent=45241"}],"curies":[{"name":"wp","href":"https:\/\/api.w.org\/{rel}","templated":true}]}}