{"id":41322,"date":"2021-05-11T13:50:10","date_gmt":"2021-05-11T11:50:10","guid":{"rendered":"https:\/\/naturalpoland.com\/produkty\/uncategorized\/%ea%b2%80%ec%9d%80%ea%b1%b4%ed%8f%ac%eb%8f%84%ec%94%a8-%ec%98%a4%ec%9d%bc\/"},"modified":"2026-02-05T11:43:49","modified_gmt":"2026-02-05T10:43:49","slug":"geomeun-geon-po-do-ssi-o-il","status":"publish","type":"product","link":"https:\/\/naturalpoland.com\/ko\/je-pum\/sig-pum-won-ryo\/sig-yong-yu\/geomeun-geon-po-do-ssi-o-il\/","title":{"rendered":"\ube14\ub799\ucee4\ub7f0\ud2b8 \uc528 \uc624\uc77c"},"content":{"rendered":"<h2>\ube14\ub799\ucee4\ub7f0\ud2b8 \uc528 \uc624\uc77c\uc758 \ud2b9\uc131 \ubc0f \ud6a8\ub2a5<\/h2>\n<p>\ube14\ub799\ucee4\ub7f0\ud2b8 \uc528 \uc624\uc77c\uc740 \ub9e4\uc6b0 \uc720\uc775\ud55c \uc9c0\ubc29\uc0b0 \uad6c\uc131\uc73c\ub85c \ub3cb\ubcf4\uc785\ub2c8\ub2e4. \uc57d 73%\uac00 <strong>\ub2e4\uc911\ubd88\ud3ec\ud654\uc9c0\ubc29\uc0b0<\/strong>\uc73c\ub85c \uad6c\uc131\ub418\uc5b4 \uc788\uc73c\uba70, \uc5ec\uae30\uc5d0\ub294 \uc0c1\ub2f9\ub7c9\uc758 <strong>\ub9ac\ub180\ub808\uc0b0<\/strong> <strong>(\uc624\uba54\uac00-6)<\/strong> \ubc0f <strong>\uc54c\ud30c-\ub9ac\ub180\ub80c\uc0b0 (\uc624\uba54\uac00-3)<\/strong>, \uadf8\ub9ac\uace0 \ube14\ub799\ucee4\ub7f0\ud2b8 \ud2b9\uc720\uc758 <strong>\uac10\ub9c8-\ub9ac\ub180\ub80c\uc0b0 (GLA)<\/strong>\uc774 \ud3ec\ud568\ub429\ub2c8\ub2e4. \uc774\ub7ec\ud55c \uad6c\uc131\uc740 \uac74\uc131, \uc131\uc219\uc131 \ubc0f \ubbfc\uac10\uc131 \ud53c\ubd80 \uad00\ub9ac\uc5d0 \uc911\uc694\ud55c \uc6d0\ub8cc\uac00 \ub429\ub2c8\ub2e4.  <\/p>\n<p>\uc624\uc77c\uc5d0 \ud568\uc720\ub41c \ubd88\ud3ec\ud654\uc9c0\ubc29\uc0b0\uc740 \ud45c\ud53c\uc758 \uc9c0\uc9c8 \uc7a5\ubcbd \uc7ac\uc0dd \uacfc\uc815\uc744 \ub3d5\uace0, \ud53c\ubd80 \ud0c4\ub825\uacfc \uc218\ubd84-\uc9c0\uc9c8 \uade0\ud615\uc744 \uac1c\uc120\ud569\ub2c8\ub2e4. \ud654\uc7a5\ud488 \uc81c\ud615\uc5d0 \uafb8\uc900\ud788 \uc0ac\uc6a9\ud558\uba74 \uac01\uc9c8\uce35\uc758 \uc218\ubd84 \uc190\uc2e4\uc744 \uc904\uc774\uace0 \ud68c\ubcf5 \uacfc\uc815\uc744 \uc9c0\uc6d0\ud569\ub2c8\ub2e4. <\/p>\n<p>\ucc9c\uc5f0 \ud1a0\ucf54\ud398\ub864\uacfc \ud53c\ud1a0\uc2a4\ud14c\ub864\uc774 \uc874\uc7ac\ud560 \uacbd\uc6b0, \uc624\uc77c\uc740 \ud56d\uc0b0\ud654\uc81c \uc5ed\ud560\uc744 \ud558\uc5ec \uc81c\ud615 \ub0b4 \uc9c0\uc9c8 \uad6c\uc870\ub97c \uc548\uc815\ud654\ud558\uace0 \uc0b0\ud654\uc801 \ubd84\ud574\ub85c\ubd80\ud130 \ubcf4\ud638\ud569\ub2c8\ub2e4. \uc774\ub7ec\ud55c \uc774\uc720\ub85c \ubcf4\ud638 \ud6a8\uacfc\uac00 \uc788\ub294 \uc601\uc591 \uc5d0\uba40\uc83c, \ud06c\ub9bc \ubc0f \uc138\ub7fc\uc5d0 \uadc0\uc911\ud55c \uc131\ubd84\uc73c\ub85c \uc0ac\uc6a9\ub429\ub2c8\ub2e4. <\/p>\n<h2>\ud654\uc7a5\ud488\uc5d0 \ube14\ub799\ucee4\ub7f0\ud2b8 \uc624\uc77c \uc0ac\uc6a9<\/h2>\n<p>\ube14\ub799\ucee4\ub7f0\ud2b8 \uc528 \uc624\uc77c\uc740 \ub2e4\uc74c\uacfc \uac19\uc740 \ubcf4\uc2b5 \ubc0f \uc7ac\uc0dd \uc81c\ud615\uc5d0 \uc0ac\uc6a9\ub429\ub2c8\ub2e4:<\/p>\n<ul>\n<li>\uac74\uc131, \ubbfc\uac10\uc131 \ubc0f \uc131\uc219\uc131 \ud53c\ubd80\uc6a9 \uc81c\ud488,<\/li>\n<li>\uc548\ud2f0\uc5d0\uc774\uc9d5 \uc5d0\uba40\uc83c \ubc0f \uc138\ub7fc,<\/li>\n<li>\uc790\uadf9\ubc1b\uc740 \ud53c\ubd80 \ub610\ub294 \uc2dc\uc220 \ud6c4 \ud53c\ubd80 \uad00\ub9ac\uc6a9 \ud654\uc7a5\ud488,<\/li>\n<li>\uac74\uc870\ud558\uace0 \ud478\uc11d\ud55c \ubaa8\ubc1c \uad00\ub9ac \uc81c\ud488,<\/li>\n<li>\ubcf4\ud638 \ubc24 \ubc0f \ub9c8\uc0ac\uc9c0 \uc81c\ud488.<\/li>\n<\/ul>\n<p>\uc624\uc77c\uc740 <strong>\uc5d0\uba40\uc83c\uc758 \uc720\uc0c1\uce35<\/strong>\uacfc <strong>\uc624\uc77c \ud0c0\uc785 \uc81c\ud488\uc758 \uae30\ubcf8 \uc131\ubd84<\/strong>\uc73c\ub85c \ubaa8\ub450 \uc0ac\uc6a9\ub420 \uc218 \uc788\uc2b5\ub2c8\ub2e4. \uc720\uc0ac\ud55c \ubd88\ud3ec\ud654 \ud504\ub85c\ud544\uc744 \uac00\uc9c4 \ub2e4\ub978 \uc2dd\ubb3c\uc131 \uc624\uc77c\uacfc \uc798 \ud63c\ud569\ub418\uc5b4 \uade0\ud615 \uc7a1\ud78c \uc9c0\uc9c8 \uc870\uc131\uc744 \ub9cc\ub4e4 \uc218 \uc788\uc2b5\ub2c8\ub2e4. <\/p>\n<h3>\uc9c0\ubc29\uc0b0 \ud504\ub85c\ud544<\/h3>\n<table>\n<tbody>\n<tr>\n<td>\uc9c0\ubc29\uc0b0<\/td>\n<td>\uacb0\ud569<\/td>\n<td>\uae30\uc900 (%)<\/td>\n<\/tr>\n<tr>\n<td>\ud314\ubbf8\ud2b8\uc0b0<\/td>\n<td>C16:0<\/td>\n<td>4-6<\/td>\n<\/tr>\n<tr>\n<td>\uc2a4\ud14c\uc544\ub974\uc0b0<\/td>\n<td>C18:0<\/td>\n<td>0.5-4<\/td>\n<\/tr>\n<tr>\n<td>\uc62c\ub808\uc0b0<\/td>\n<td>C18:1<\/td>\n<td>10-20<\/td>\n<\/tr>\n<tr>\n<td>\ub9ac\ub180\ub808\uc0b0<\/td>\n<td>C18:2<\/td>\n<td>41-55<\/td>\n<\/tr>\n<tr>\n<td>\ub9ac\ub180\ub80c\uc0b0<\/td>\n<td>C18:3<\/td>\n<td>11-16<\/td>\n<\/tr>\n<tr>\n<td>\uc774\ucf54\uc0b0\uc0b0<\/td>\n<td>C20:0<\/td>\n<td>0.2-0.7<\/td>\n<\/tr>\n<\/tbody>\n<\/table>\n","protected":false},"excerpt":{"rendered":"<p><strong>\ube14\ub799\ucee4\ub7f0\ud2b8 \uc528 \uc624\uc77c<\/strong>\uc740 <em>Ribes nigrum<\/em> \uc528\uc557\uc744 \ub0c9\uc555\ucc29\ud558\uc5ec \uc5bb\ub294 \ucc9c\uc5f0 \uc81c\ud488\uc785\ub2c8\ub2e4. \uc774 \uc6d0\ub8cc\ub294 \uc528\uc557\uc5d0 \ud568\uc720\ub41c \uc9c0\ubc29\uc0b0, \ud1a0\ucf54\ud398\ub864, \ud53c\ud1a0\uc2a4\ud14c\ub864\uc744 \ud3ec\ud568\ud55c \ubaa8\ub4e0 \uc0dd\uccb4 \ud65c\uc131 \ud654\ud569\ubb3c\uc744 \ubcf4\uc874\ud569\ub2c8\ub2e4. <strong>\ube44\uc815\uc81c \uc555\ucc29 \ubc29\uc2dd<\/strong> \ub355\ubd84\uc5d0 \uc624\uc77c\uc740 \uace0\uc720\ud55c \ud5a5\uacfc \uc0c9\uc0c1\uc744 \uac00\uc9c0\uba70, \ub192\uc740 \uc0dd\ubb3c\ud559\uc801 \uac00\uce58\ub97c \uc9c0\ub2cc \uadc0\uc911\ud55c \uc9c0\uc9c8\uc758 \uc6d0\ucc9c\uc785\ub2c8\ub2e4.  <\/p>\n","protected":false},"featured_media":43551,"template":"","meta":{"_acf_changed":false},"product_brand":[],"product_cat":[8135,8174,8154],"product_tag":[],"class_list":{"0":"post-41322","1":"product","2":"type-product","3":"status-publish","4":"has-post-thumbnail","6":"product_cat-sig-yong-mit-hwa-jang-pum-yong-o-il","7":"product_cat-sig-yong-yu","8":"product_cat-hwa-jang-pum-o-il","9":"pa_czesc-rosliny-8177","10":"pa_metoda-pozyskiwania-8179","12":"first","13":"instock","14":"shipping-taxable","15":"product-type-simple"},"acf":[],"yoast_head":"<!-- This site is optimized with the Yoast SEO plugin v27.5 - https:\/\/yoast.com\/product\/yoast-seo-wordpress\/ -->\n<title>NATURAL POLAND &#8211; Hurtowy Dystrybutor Surowc\u00f3w<\/title>\n<meta name=\"description\" content=\"\ub0c9\uc555\ucc29 \ube14\ub799\ucee4\ub7f0\ud2b8 \uc528 \uc624\uc77c (Ribes nigrum Seed Oil) \u2013 \uc624\uba54\uac00-3 \ubc0f \uc624\uba54\uac00-6 \uc9c0\ubc29\uc0b0\uc774 \ud48d\ubd80\ud55c \ucc9c\uc5f0 \ud654\uc7a5\ud488 \uc6d0\ub8cc\uc785\ub2c8\ub2e4.\" \/>\n<meta name=\"robots\" content=\"index, follow, max-snippet:-1, max-image-preview:large, max-video-preview:-1\" \/>\n<link rel=\"canonical\" href=\"https:\/\/naturalpoland.com\/ko\/je-pum\/sig-pum-won-ryo\/sig-yong-yu\/geomeun-geon-po-do-ssi-o-il\/\" \/>\n<meta property=\"og:locale\" content=\"ko_KR\" \/>\n<meta property=\"og:type\" content=\"article\" \/>\n<meta property=\"og:description\" content=\"\ub0c9\uc555\ucc29 \ube14\ub799\ucee4\ub7f0\ud2b8 \uc528 \uc624\uc77c (Ribes nigrum Seed Oil) \u2013 \uc624\uba54\uac00-3 \ubc0f \uc624\uba54\uac00-6 \uc9c0\ubc29\uc0b0\uc774 \ud48d\ubd80\ud55c \ucc9c\uc5f0 \ud654\uc7a5\ud488 \uc6d0\ub8cc\uc785\ub2c8\ub2e4.\" \/>\n<meta property=\"og:url\" content=\"https:\/\/naturalpoland.com\/ko\/je-pum\/sig-pum-won-ryo\/sig-yong-yu\/geomeun-geon-po-do-ssi-o-il\/\" \/>\n<meta property=\"og:site_name\" content=\"NATURAL POLAND - Hurtowy Dystrybutor Surowc\u00f3w\" \/>\n<meta property=\"article:publisher\" content=\"https:\/\/www.facebook.com\/naturalpoland.b2b\" \/>\n<meta property=\"article:modified_time\" content=\"2026-02-05T10:43:49+00:00\" \/>\n<meta property=\"og:image\" content=\"https:\/\/naturalpoland.com\/wp-content\/uploads\/olej-z-pestek-czarnej-porzeczki.webp\" \/>\n\t<meta property=\"og:image:width\" content=\"1024\" \/>\n\t<meta property=\"og:image:height\" content=\"1024\" \/>\n\t<meta property=\"og:image:type\" content=\"image\/webp\" \/>\n<script type=\"application\/ld+json\" class=\"yoast-schema-graph\">{\"@context\":\"https:\\\/\\\/schema.org\",\"@graph\":[{\"@type\":\"WebPage\",\"@id\":\"https:\\\/\\\/naturalpoland.com\\\/ko\\\/je-pum\\\/sig-pum-won-ryo\\\/sig-yong-yu\\\/geomeun-geon-po-do-ssi-o-il\\\/\",\"url\":\"https:\\\/\\\/naturalpoland.com\\\/ko\\\/je-pum\\\/sig-pum-won-ryo\\\/sig-yong-yu\\\/geomeun-geon-po-do-ssi-o-il\\\/\",\"name\":\"\",\"isPartOf\":{\"@id\":\"https:\\\/\\\/naturalpoland.com\\\/ko\\\/#website\"},\"primaryImageOfPage\":{\"@id\":\"https:\\\/\\\/naturalpoland.com\\\/ko\\\/je-pum\\\/sig-pum-won-ryo\\\/sig-yong-yu\\\/geomeun-geon-po-do-ssi-o-il\\\/#primaryimage\"},\"image\":{\"@id\":\"https:\\\/\\\/naturalpoland.com\\\/ko\\\/je-pum\\\/sig-pum-won-ryo\\\/sig-yong-yu\\\/geomeun-geon-po-do-ssi-o-il\\\/#primaryimage\"},\"thumbnailUrl\":\"https:\\\/\\\/naturalpoland.com\\\/wp-content\\\/uploads\\\/olej-z-pestek-czarnej-porzeczki.webp\",\"datePublished\":\"2021-05-11T11:50:10+00:00\",\"dateModified\":\"2026-02-05T10:43:49+00:00\",\"description\":\"\ub0c9\uc555\ucc29 \ube14\ub799\ucee4\ub7f0\ud2b8 \uc528 \uc624\uc77c (Ribes nigrum Seed Oil) \u2013 \uc624\uba54\uac00-3 \ubc0f \uc624\uba54\uac00-6 \uc9c0\ubc29\uc0b0\uc774 \ud48d\ubd80\ud55c \ucc9c\uc5f0 \ud654\uc7a5\ud488 \uc6d0\ub8cc\uc785\ub2c8\ub2e4.\",\"breadcrumb\":{\"@id\":\"https:\\\/\\\/naturalpoland.com\\\/ko\\\/je-pum\\\/sig-pum-won-ryo\\\/sig-yong-yu\\\/geomeun-geon-po-do-ssi-o-il\\\/#breadcrumb\"},\"inLanguage\":\"ko-KR\",\"potentialAction\":[{\"@type\":\"ReadAction\",\"target\":[\"https:\\\/\\\/naturalpoland.com\\\/ko\\\/je-pum\\\/sig-pum-won-ryo\\\/sig-yong-yu\\\/geomeun-geon-po-do-ssi-o-il\\\/\"]}]},{\"@type\":\"ImageObject\",\"inLanguage\":\"ko-KR\",\"@id\":\"https:\\\/\\\/naturalpoland.com\\\/ko\\\/je-pum\\\/sig-pum-won-ryo\\\/sig-yong-yu\\\/geomeun-geon-po-do-ssi-o-il\\\/#primaryimage\",\"url\":\"https:\\\/\\\/naturalpoland.com\\\/wp-content\\\/uploads\\\/olej-z-pestek-czarnej-porzeczki.webp\",\"contentUrl\":\"https:\\\/\\\/naturalpoland.com\\\/wp-content\\\/uploads\\\/olej-z-pestek-czarnej-porzeczki.webp\",\"width\":1024,\"height\":1024,\"caption\":\"\ube14\ub799\ucee4\ub7f0\ud2b8 \uc528 \uc624\uc77c\"},{\"@type\":\"BreadcrumbList\",\"@id\":\"https:\\\/\\\/naturalpoland.com\\\/ko\\\/je-pum\\\/sig-pum-won-ryo\\\/sig-yong-yu\\\/geomeun-geon-po-do-ssi-o-il\\\/#breadcrumb\",\"itemListElement\":[{\"@type\":\"ListItem\",\"position\":1,\"name\":\"\ud648\",\"item\":\"https:\\\/\\\/naturalpoland.com\\\/ko\\\/\"},{\"@type\":\"ListItem\",\"position\":2,\"name\":\"\uc81c\ud488\",\"item\":\"https:\\\/\\\/naturalpoland.com\\\/ko\\\/%ec%a0%9c%ed%92%88\\\/\"},{\"@type\":\"ListItem\",\"position\":3,\"name\":\"\ube14\ub799\ucee4\ub7f0\ud2b8 \uc528 \uc624\uc77c\"}]},{\"@type\":\"WebSite\",\"@id\":\"https:\\\/\\\/naturalpoland.com\\\/ko\\\/#website\",\"url\":\"https:\\\/\\\/naturalpoland.com\\\/ko\\\/\",\"name\":\"NATURAL POLAND - Hurtowy Dystrybutor Surowc\u00f3w\",\"description\":\"Surowce dla przemys\u0142u spo\u017cywczego, kosmetycznego i farmaceutycznego\",\"publisher\":{\"@id\":\"https:\\\/\\\/naturalpoland.com\\\/ko\\\/#organization\"},\"potentialAction\":[{\"@type\":\"SearchAction\",\"target\":{\"@type\":\"EntryPoint\",\"urlTemplate\":\"https:\\\/\\\/naturalpoland.com\\\/ko\\\/?s={search_term_string}\"},\"query-input\":{\"@type\":\"PropertyValueSpecification\",\"valueRequired\":true,\"valueName\":\"search_term_string\"}}],\"inLanguage\":\"ko-KR\"},{\"@type\":\"Organization\",\"@id\":\"https:\\\/\\\/naturalpoland.com\\\/ko\\\/#organization\",\"name\":\"Natural Poland\",\"url\":\"https:\\\/\\\/naturalpoland.com\\\/ko\\\/\",\"logo\":{\"@type\":\"ImageObject\",\"inLanguage\":\"ko-KR\",\"@id\":\"https:\\\/\\\/naturalpoland.com\\\/ko\\\/#\\\/schema\\\/logo\\\/image\\\/\",\"url\":\"https:\\\/\\\/naturalpoland.com\\\/wp-content\\\/uploads\\\/2021\\\/05\\\/natural-poland-icon.png\",\"contentUrl\":\"https:\\\/\\\/naturalpoland.com\\\/wp-content\\\/uploads\\\/2021\\\/05\\\/natural-poland-icon.png\",\"width\":512,\"height\":512,\"caption\":\"Natural Poland\"},\"image\":{\"@id\":\"https:\\\/\\\/naturalpoland.com\\\/ko\\\/#\\\/schema\\\/logo\\\/image\\\/\"},\"sameAs\":[\"https:\\\/\\\/www.facebook.com\\\/naturalpoland.b2b\",\"https:\\\/\\\/pl.linkedin.com\\\/company\\\/natural-poland\",\"https:\\\/\\\/www.youtube.com\\\/channel\\\/UCgeGGkvOMahZo-xu_MSEWxg\"]}]}<\/script>\n<!-- \/ Yoast SEO plugin. -->","yoast_head_json":{"title":"NATURAL POLAND &#8211; Hurtowy Dystrybutor Surowc\u00f3w","description":"\ub0c9\uc555\ucc29 \ube14\ub799\ucee4\ub7f0\ud2b8 \uc528 \uc624\uc77c (Ribes nigrum Seed Oil) \u2013 \uc624\uba54\uac00-3 \ubc0f \uc624\uba54\uac00-6 \uc9c0\ubc29\uc0b0\uc774 \ud48d\ubd80\ud55c \ucc9c\uc5f0 \ud654\uc7a5\ud488 \uc6d0\ub8cc\uc785\ub2c8\ub2e4.","robots":{"index":"index","follow":"follow","max-snippet":"max-snippet:-1","max-image-preview":"max-image-preview:large","max-video-preview":"max-video-preview:-1"},"canonical":"https:\/\/naturalpoland.com\/ko\/je-pum\/sig-pum-won-ryo\/sig-yong-yu\/geomeun-geon-po-do-ssi-o-il\/","og_locale":"ko_KR","og_type":"article","og_description":"\ub0c9\uc555\ucc29 \ube14\ub799\ucee4\ub7f0\ud2b8 \uc528 \uc624\uc77c (Ribes nigrum Seed Oil) \u2013 \uc624\uba54\uac00-3 \ubc0f \uc624\uba54\uac00-6 \uc9c0\ubc29\uc0b0\uc774 \ud48d\ubd80\ud55c \ucc9c\uc5f0 \ud654\uc7a5\ud488 \uc6d0\ub8cc\uc785\ub2c8\ub2e4.","og_url":"https:\/\/naturalpoland.com\/ko\/je-pum\/sig-pum-won-ryo\/sig-yong-yu\/geomeun-geon-po-do-ssi-o-il\/","og_site_name":"NATURAL POLAND - Hurtowy Dystrybutor Surowc\u00f3w","article_publisher":"https:\/\/www.facebook.com\/naturalpoland.b2b","article_modified_time":"2026-02-05T10:43:49+00:00","og_image":[{"width":1024,"height":1024,"url":"https:\/\/naturalpoland.com\/wp-content\/uploads\/olej-z-pestek-czarnej-porzeczki.webp","type":"image\/webp"}],"schema":{"@context":"https:\/\/schema.org","@graph":[{"@type":"WebPage","@id":"https:\/\/naturalpoland.com\/ko\/je-pum\/sig-pum-won-ryo\/sig-yong-yu\/geomeun-geon-po-do-ssi-o-il\/","url":"https:\/\/naturalpoland.com\/ko\/je-pum\/sig-pum-won-ryo\/sig-yong-yu\/geomeun-geon-po-do-ssi-o-il\/","name":"","isPartOf":{"@id":"https:\/\/naturalpoland.com\/ko\/#website"},"primaryImageOfPage":{"@id":"https:\/\/naturalpoland.com\/ko\/je-pum\/sig-pum-won-ryo\/sig-yong-yu\/geomeun-geon-po-do-ssi-o-il\/#primaryimage"},"image":{"@id":"https:\/\/naturalpoland.com\/ko\/je-pum\/sig-pum-won-ryo\/sig-yong-yu\/geomeun-geon-po-do-ssi-o-il\/#primaryimage"},"thumbnailUrl":"https:\/\/naturalpoland.com\/wp-content\/uploads\/olej-z-pestek-czarnej-porzeczki.webp","datePublished":"2021-05-11T11:50:10+00:00","dateModified":"2026-02-05T10:43:49+00:00","description":"\ub0c9\uc555\ucc29 \ube14\ub799\ucee4\ub7f0\ud2b8 \uc528 \uc624\uc77c (Ribes nigrum Seed Oil) \u2013 \uc624\uba54\uac00-3 \ubc0f \uc624\uba54\uac00-6 \uc9c0\ubc29\uc0b0\uc774 \ud48d\ubd80\ud55c \ucc9c\uc5f0 \ud654\uc7a5\ud488 \uc6d0\ub8cc\uc785\ub2c8\ub2e4.","breadcrumb":{"@id":"https:\/\/naturalpoland.com\/ko\/je-pum\/sig-pum-won-ryo\/sig-yong-yu\/geomeun-geon-po-do-ssi-o-il\/#breadcrumb"},"inLanguage":"ko-KR","potentialAction":[{"@type":"ReadAction","target":["https:\/\/naturalpoland.com\/ko\/je-pum\/sig-pum-won-ryo\/sig-yong-yu\/geomeun-geon-po-do-ssi-o-il\/"]}]},{"@type":"ImageObject","inLanguage":"ko-KR","@id":"https:\/\/naturalpoland.com\/ko\/je-pum\/sig-pum-won-ryo\/sig-yong-yu\/geomeun-geon-po-do-ssi-o-il\/#primaryimage","url":"https:\/\/naturalpoland.com\/wp-content\/uploads\/olej-z-pestek-czarnej-porzeczki.webp","contentUrl":"https:\/\/naturalpoland.com\/wp-content\/uploads\/olej-z-pestek-czarnej-porzeczki.webp","width":1024,"height":1024,"caption":"\ube14\ub799\ucee4\ub7f0\ud2b8 \uc528 \uc624\uc77c"},{"@type":"BreadcrumbList","@id":"https:\/\/naturalpoland.com\/ko\/je-pum\/sig-pum-won-ryo\/sig-yong-yu\/geomeun-geon-po-do-ssi-o-il\/#breadcrumb","itemListElement":[{"@type":"ListItem","position":1,"name":"\ud648","item":"https:\/\/naturalpoland.com\/ko\/"},{"@type":"ListItem","position":2,"name":"\uc81c\ud488","item":"https:\/\/naturalpoland.com\/ko\/%ec%a0%9c%ed%92%88\/"},{"@type":"ListItem","position":3,"name":"\ube14\ub799\ucee4\ub7f0\ud2b8 \uc528 \uc624\uc77c"}]},{"@type":"WebSite","@id":"https:\/\/naturalpoland.com\/ko\/#website","url":"https:\/\/naturalpoland.com\/ko\/","name":"NATURAL POLAND - Hurtowy Dystrybutor Surowc\u00f3w","description":"Surowce dla przemys\u0142u spo\u017cywczego, kosmetycznego i farmaceutycznego","publisher":{"@id":"https:\/\/naturalpoland.com\/ko\/#organization"},"potentialAction":[{"@type":"SearchAction","target":{"@type":"EntryPoint","urlTemplate":"https:\/\/naturalpoland.com\/ko\/?s={search_term_string}"},"query-input":{"@type":"PropertyValueSpecification","valueRequired":true,"valueName":"search_term_string"}}],"inLanguage":"ko-KR"},{"@type":"Organization","@id":"https:\/\/naturalpoland.com\/ko\/#organization","name":"Natural Poland","url":"https:\/\/naturalpoland.com\/ko\/","logo":{"@type":"ImageObject","inLanguage":"ko-KR","@id":"https:\/\/naturalpoland.com\/ko\/#\/schema\/logo\/image\/","url":"https:\/\/naturalpoland.com\/wp-content\/uploads\/2021\/05\/natural-poland-icon.png","contentUrl":"https:\/\/naturalpoland.com\/wp-content\/uploads\/2021\/05\/natural-poland-icon.png","width":512,"height":512,"caption":"Natural Poland"},"image":{"@id":"https:\/\/naturalpoland.com\/ko\/#\/schema\/logo\/image\/"},"sameAs":["https:\/\/www.facebook.com\/naturalpoland.b2b","https:\/\/pl.linkedin.com\/company\/natural-poland","https:\/\/www.youtube.com\/channel\/UCgeGGkvOMahZo-xu_MSEWxg"]}]}},"_links":{"self":[{"href":"https:\/\/naturalpoland.com\/ko\/wp-json\/wp\/v2\/product\/41322","targetHints":{"allow":["GET"]}}],"collection":[{"href":"https:\/\/naturalpoland.com\/ko\/wp-json\/wp\/v2\/product"}],"about":[{"href":"https:\/\/naturalpoland.com\/ko\/wp-json\/wp\/v2\/types\/product"}],"wp:featuredmedia":[{"embeddable":true,"href":"https:\/\/naturalpoland.com\/ko\/wp-json\/wp\/v2\/media\/43551"}],"wp:attachment":[{"href":"https:\/\/naturalpoland.com\/ko\/wp-json\/wp\/v2\/media?parent=41322"}],"wp:term":[{"taxonomy":"product_brand","embeddable":true,"href":"https:\/\/naturalpoland.com\/ko\/wp-json\/wp\/v2\/product_brand?post=41322"},{"taxonomy":"product_cat","embeddable":true,"href":"https:\/\/naturalpoland.com\/ko\/wp-json\/wp\/v2\/product_cat?post=41322"},{"taxonomy":"product_tag","embeddable":true,"href":"https:\/\/naturalpoland.com\/ko\/wp-json\/wp\/v2\/product_tag?post=41322"}],"curies":[{"name":"wp","href":"https:\/\/api.w.org\/{rel}","templated":true}]}}