{"id":41326,"date":"2021-05-11T13:53:44","date_gmt":"2025-06-03T10:35:41","guid":{"rendered":"https:\/\/naturalpoland.com\/produkty\/uncategorized\/%ea%b2%80%ec%9d%80%ea%b1%b4%ed%8f%ac%eb%8f%84%ec%94%a8-%ec%8a%a4%ed%81%ac%eb%9f%bd\/"},"modified":"2025-06-03T13:01:42","modified_gmt":"2025-06-03T11:01:42","slug":"geomeun-geon-po-do-ssi-seu-keu-reob","status":"publish","type":"product","link":"https:\/\/naturalpoland.com\/ko\/je-pum\/hwa-jang-pum-won-ryo\/pil-ling-je\/geomeun-geon-po-do-ssi-seu-keu-reob\/","title":{"rendered":"\uac80\uc740\uac74\ud3ec\ub3c4\uc528 \uc2a4\ud06c\ub7fd"},"content":{"rendered":"<p>\ud575\uc2ec\uc740 \uaddc\uce59\uc801\uc778 \uad00\ub9ac\uc785\ub2c8\ub2e4:<br \/>\n\uc2a4\ud06c\ub7fd\uc740 \uc815\uae30\uc801\uc73c\ub85c \uc0ac\uc6a9\ud558\ub294 \uac83\uc774 \uc911\uc694\ud569\ub2c8\ub2e4.<br \/>\n\uc774\ub97c \ud1b5\ud574 \uc8fd\uc740 \uac01\uc9c8\uce35\uc744 \ud6a8\uacfc\uc801\uc73c\ub85c \uc81c\uac70\ud558\uace0, \uc0c8\ub85c\uc6b4 \ubd80\ub4dc\ub7ec\uc6b4 \ud53c\ubd80\uc758 \uc0dd\uc131\uc744 \uc790\uadf9\ud560 \uc218 \uc788\uc2b5\ub2c8\ub2e4.<br \/>\n\uc774\ub294 \ud53c\ubd80\uc5d0 \uc0b0\uc18c\ub97c \uacf5\uae09\ud558\uace0 \ud608\uc561\uc21c\ud658\uc744 \uac1c\uc120\ud558\ub294 \ub370 \ub3c4\uc6c0\uc774 \ub429\ub2c8\ub2e4.<br \/>\n\uadf8 \uacb0\uacfc \ud53c\ubd80\uac00 \ub354 \ub9e4\ub044\ub7fd\uace0 \uc724\uae30 \uc788\uac8c \ubcf4\uc774\uba70, \ub354\uc6b1 \uac74\uac15\ud55c \uc778\uc0c1\uc744 \uc90d\ub2c8\ub2e4.<br \/>\n\uc0c9\uc18c\uce68\ucc29\uc744 \uc644\ud654\ud558\ub294 \ub370\uc5d0\ub3c4 \ud6a8\uacfc\uc801\uc778 \ubc29\ubc95\uc785\ub2c8\ub2e4.<\/p>\n","protected":false},"excerpt":{"rendered":"<p><strong>\uac80\uc740\uac74\ud3ec\ub3c4\uc528 \uc2a4\ud06c\ub7fd<\/strong>\uc740 \uc9c0\uc131 \ud53c\ubd80, \ud2b8\ub7ec\ube14\uc131 \ud53c\ubd80, \uc77c\ubc18 \ud53c\ubd80 \uad00\ub9ac\uc5d0 \uc801\ud569\ud569\ub2c8\ub2e4.<br \/>\n\ud558\uc9c0\ub9cc \uc5ec\ub4dc\ub984\uc5d0 \uc5fc\uc99d\uc774 \ub3d9\ubc18\ub41c \uacbd\uc6b0\uc5d0\ub294 \uc0ac\uc6a9\uc744 \uad8c\uc7a5\ud558\uc9c0 \uc54a\uc2b5\ub2c8\ub2e4.<br \/>\n\uc774 \uacbd\uc6b0 \uc2a4\ud06c\ub7fd\uc774 \uc5fc\uc99d\uc758 \ud655\uc0b0\uc744 \uc720\ubc1c\ud560 \uc218 \uc788\uae30 \ub54c\ubb38\uc785\ub2c8\ub2e4.<br \/>\n\uc2a4\ud06c\ub7fd\uc740 \ud53c\ubd80\ub97c \ub2e4\uc74c \ub2e8\uacc4\uc758 \uad00\ub9ac\uc5d0 \ub300\ube44\uc2dc\ud0a4\uac70\ub098 \uac01\uc9c8 \uc81c\uac70\ub97c \uc704\ud55c \ubaa9\uc801\uc73c\ub85c \uc0ac\uc6a9\ub429\ub2c8\ub2e4.<\/p>\n","protected":false},"featured_media":41327,"template":"","meta":[],"product_brand":[],"product_cat":[8156],"product_tag":[],"class_list":{"0":"post-41326","1":"product","2":"type-product","3":"status-publish","4":"has-post-thumbnail","6":"product_cat-pil-ling-je","8":"first","9":"instock","10":"shipping-taxable","11":"product-type-simple"},"yoast_head":"<!-- This site is optimized with the Yoast SEO plugin v27.3 - https:\/\/yoast.com\/product\/yoast-seo-wordpress\/ -->\n<title>\uac80\uc740\uac74\ud3ec\ub3c4\uc528 \uc2a4\ud06c\ub7fd - Hurtowy Dystrybutor<\/title>\n<meta name=\"robots\" content=\"index, follow, max-snippet:-1, max-image-preview:large, max-video-preview:-1\" \/>\n<link rel=\"canonical\" href=\"https:\/\/naturalpoland.com\/ko\/je-pum\/hwa-jang-pum-won-ryo\/pil-ling-je\/geomeun-geon-po-do-ssi-seu-keu-reob\/\" \/>\n<meta property=\"og:locale\" content=\"ko_KR\" \/>\n<meta property=\"og:type\" content=\"article\" \/>\n<meta property=\"og:title\" content=\"\uac80\uc740\uac74\ud3ec\ub3c4\uc528 \uc2a4\ud06c\ub7fd - Hurtowy Dystrybutor\" \/>\n<meta property=\"og:description\" content=\"\uac80\uc740\uac74\ud3ec\ub3c4\uc528 \uc2a4\ud06c\ub7fd\uc740 \uc9c0\uc131 \ud53c\ubd80, \ud2b8\ub7ec\ube14\uc131 \ud53c\ubd80, \uc77c\ubc18 \ud53c\ubd80 \uad00\ub9ac\uc5d0 \uc801\ud569\ud569\ub2c8\ub2e4. \ud558\uc9c0\ub9cc \uc5ec\ub4dc\ub984\uc5d0 \uc5fc\uc99d\uc774 \ub3d9\ubc18\ub41c \uacbd\uc6b0\uc5d0\ub294 \uc0ac\uc6a9\uc744 \uad8c\uc7a5\ud558\uc9c0 \uc54a\uc2b5\ub2c8\ub2e4. \uc774 \uacbd\uc6b0 \uc2a4\ud06c\ub7fd\uc774 \uc5fc\uc99d\uc758 \ud655\uc0b0\uc744 \uc720\ubc1c\ud560 \uc218 \uc788\uae30 \ub54c\ubb38\uc785\ub2c8\ub2e4. \uc2a4\ud06c\ub7fd\uc740 \ud53c\ubd80\ub97c \ub2e4\uc74c \ub2e8\uacc4\uc758 \uad00\ub9ac\uc5d0 \ub300\ube44\uc2dc\ud0a4\uac70\ub098 \uac01\uc9c8 \uc81c\uac70\ub97c \uc704\ud55c \ubaa9\uc801\uc73c\ub85c \uc0ac\uc6a9\ub429\ub2c8\ub2e4.\" \/>\n<meta property=\"og:url\" content=\"https:\/\/naturalpoland.com\/ko\/je-pum\/hwa-jang-pum-won-ryo\/pil-ling-je\/geomeun-geon-po-do-ssi-seu-keu-reob\/\" \/>\n<meta property=\"og:site_name\" content=\"NATURAL POLAND - Hurtowy Dystrybutor Surowc\u00f3w\" \/>\n<meta property=\"article:publisher\" content=\"https:\/\/www.facebook.com\/naturalpoland.b2b\" \/>\n<meta property=\"article:modified_time\" content=\"2025-06-03T11:01:42+00:00\" \/>\n<meta property=\"og:image\" content=\"https:\/\/naturalpoland.com\/wp-content\/uploads\/peeling-z-nasion-czarnej-porzeczki.jpg\" \/>\n\t<meta property=\"og:image:width\" content=\"650\" \/>\n\t<meta property=\"og:image:height\" content=\"650\" \/>\n\t<meta property=\"og:image:type\" content=\"image\/jpeg\" \/>\n<script type=\"application\/ld+json\" class=\"yoast-schema-graph\">{\"@context\":\"https:\\\/\\\/schema.org\",\"@graph\":[{\"@type\":\"WebPage\",\"@id\":\"https:\\\/\\\/naturalpoland.com\\\/ko\\\/je-pum\\\/hwa-jang-pum-won-ryo\\\/pil-ling-je\\\/geomeun-geon-po-do-ssi-seu-keu-reob\\\/\",\"url\":\"https:\\\/\\\/naturalpoland.com\\\/ko\\\/je-pum\\\/hwa-jang-pum-won-ryo\\\/pil-ling-je\\\/geomeun-geon-po-do-ssi-seu-keu-reob\\\/\",\"name\":\"\uac80\uc740\uac74\ud3ec\ub3c4\uc528 \uc2a4\ud06c\ub7fd - Hurtowy Dystrybutor\",\"isPartOf\":{\"@id\":\"https:\\\/\\\/naturalpoland.com\\\/ko\\\/#website\"},\"primaryImageOfPage\":{\"@id\":\"https:\\\/\\\/naturalpoland.com\\\/ko\\\/je-pum\\\/hwa-jang-pum-won-ryo\\\/pil-ling-je\\\/geomeun-geon-po-do-ssi-seu-keu-reob\\\/#primaryimage\"},\"image\":{\"@id\":\"https:\\\/\\\/naturalpoland.com\\\/ko\\\/je-pum\\\/hwa-jang-pum-won-ryo\\\/pil-ling-je\\\/geomeun-geon-po-do-ssi-seu-keu-reob\\\/#primaryimage\"},\"thumbnailUrl\":\"https:\\\/\\\/naturalpoland.com\\\/wp-content\\\/uploads\\\/peeling-z-nasion-czarnej-porzeczki.jpg\",\"datePublished\":\"2025-06-03T10:35:41+00:00\",\"dateModified\":\"2025-06-03T11:01:42+00:00\",\"breadcrumb\":{\"@id\":\"https:\\\/\\\/naturalpoland.com\\\/ko\\\/je-pum\\\/hwa-jang-pum-won-ryo\\\/pil-ling-je\\\/geomeun-geon-po-do-ssi-seu-keu-reob\\\/#breadcrumb\"},\"inLanguage\":\"ko-KR\",\"potentialAction\":[{\"@type\":\"ReadAction\",\"target\":[\"https:\\\/\\\/naturalpoland.com\\\/ko\\\/je-pum\\\/hwa-jang-pum-won-ryo\\\/pil-ling-je\\\/geomeun-geon-po-do-ssi-seu-keu-reob\\\/\"]}]},{\"@type\":\"ImageObject\",\"inLanguage\":\"ko-KR\",\"@id\":\"https:\\\/\\\/naturalpoland.com\\\/ko\\\/je-pum\\\/hwa-jang-pum-won-ryo\\\/pil-ling-je\\\/geomeun-geon-po-do-ssi-seu-keu-reob\\\/#primaryimage\",\"url\":\"https:\\\/\\\/naturalpoland.com\\\/wp-content\\\/uploads\\\/peeling-z-nasion-czarnej-porzeczki.jpg\",\"contentUrl\":\"https:\\\/\\\/naturalpoland.com\\\/wp-content\\\/uploads\\\/peeling-z-nasion-czarnej-porzeczki.jpg\",\"width\":650,\"height\":650,\"caption\":\"peeling z nasion czarnej porzeczki\"},{\"@type\":\"BreadcrumbList\",\"@id\":\"https:\\\/\\\/naturalpoland.com\\\/ko\\\/je-pum\\\/hwa-jang-pum-won-ryo\\\/pil-ling-je\\\/geomeun-geon-po-do-ssi-seu-keu-reob\\\/#breadcrumb\",\"itemListElement\":[{\"@type\":\"ListItem\",\"position\":1,\"name\":\"\ud648\",\"item\":\"https:\\\/\\\/naturalpoland.com\\\/ko\\\/\"},{\"@type\":\"ListItem\",\"position\":2,\"name\":\"\uc81c\ud488\",\"item\":\"https:\\\/\\\/naturalpoland.com\\\/ko\\\/%ec%a0%9c%ed%92%88\\\/\"},{\"@type\":\"ListItem\",\"position\":3,\"name\":\"\uac80\uc740\uac74\ud3ec\ub3c4\uc528 \uc2a4\ud06c\ub7fd\"}]},{\"@type\":\"WebSite\",\"@id\":\"https:\\\/\\\/naturalpoland.com\\\/ko\\\/#website\",\"url\":\"https:\\\/\\\/naturalpoland.com\\\/ko\\\/\",\"name\":\"NATURAL POLAND - Hurtowy Dystrybutor Surowc\u00f3w\",\"description\":\"Surowce dla przemys\u0142u spo\u017cywczego, kosmetycznego i farmaceutycznego\",\"publisher\":{\"@id\":\"https:\\\/\\\/naturalpoland.com\\\/ko\\\/#organization\"},\"potentialAction\":[{\"@type\":\"SearchAction\",\"target\":{\"@type\":\"EntryPoint\",\"urlTemplate\":\"https:\\\/\\\/naturalpoland.com\\\/ko\\\/?s={search_term_string}\"},\"query-input\":{\"@type\":\"PropertyValueSpecification\",\"valueRequired\":true,\"valueName\":\"search_term_string\"}}],\"inLanguage\":\"ko-KR\"},{\"@type\":\"Organization\",\"@id\":\"https:\\\/\\\/naturalpoland.com\\\/ko\\\/#organization\",\"name\":\"Natural Poland\",\"url\":\"https:\\\/\\\/naturalpoland.com\\\/ko\\\/\",\"logo\":{\"@type\":\"ImageObject\",\"inLanguage\":\"ko-KR\",\"@id\":\"https:\\\/\\\/naturalpoland.com\\\/ko\\\/#\\\/schema\\\/logo\\\/image\\\/\",\"url\":\"https:\\\/\\\/naturalpoland.com\\\/wp-content\\\/uploads\\\/2021\\\/05\\\/natural-poland-icon.png\",\"contentUrl\":\"https:\\\/\\\/naturalpoland.com\\\/wp-content\\\/uploads\\\/2021\\\/05\\\/natural-poland-icon.png\",\"width\":512,\"height\":512,\"caption\":\"Natural Poland\"},\"image\":{\"@id\":\"https:\\\/\\\/naturalpoland.com\\\/ko\\\/#\\\/schema\\\/logo\\\/image\\\/\"},\"sameAs\":[\"https:\\\/\\\/www.facebook.com\\\/naturalpoland.b2b\",\"https:\\\/\\\/pl.linkedin.com\\\/company\\\/natural-poland\",\"https:\\\/\\\/www.youtube.com\\\/channel\\\/UCgeGGkvOMahZo-xu_MSEWxg\"]}]}<\/script>\n<!-- \/ Yoast SEO plugin. -->","yoast_head_json":{"title":"\uac80\uc740\uac74\ud3ec\ub3c4\uc528 \uc2a4\ud06c\ub7fd - Hurtowy Dystrybutor","robots":{"index":"index","follow":"follow","max-snippet":"max-snippet:-1","max-image-preview":"max-image-preview:large","max-video-preview":"max-video-preview:-1"},"canonical":"https:\/\/naturalpoland.com\/ko\/je-pum\/hwa-jang-pum-won-ryo\/pil-ling-je\/geomeun-geon-po-do-ssi-seu-keu-reob\/","og_locale":"ko_KR","og_type":"article","og_title":"\uac80\uc740\uac74\ud3ec\ub3c4\uc528 \uc2a4\ud06c\ub7fd - Hurtowy Dystrybutor","og_description":"\uac80\uc740\uac74\ud3ec\ub3c4\uc528 \uc2a4\ud06c\ub7fd\uc740 \uc9c0\uc131 \ud53c\ubd80, \ud2b8\ub7ec\ube14\uc131 \ud53c\ubd80, \uc77c\ubc18 \ud53c\ubd80 \uad00\ub9ac\uc5d0 \uc801\ud569\ud569\ub2c8\ub2e4. \ud558\uc9c0\ub9cc \uc5ec\ub4dc\ub984\uc5d0 \uc5fc\uc99d\uc774 \ub3d9\ubc18\ub41c \uacbd\uc6b0\uc5d0\ub294 \uc0ac\uc6a9\uc744 \uad8c\uc7a5\ud558\uc9c0 \uc54a\uc2b5\ub2c8\ub2e4. \uc774 \uacbd\uc6b0 \uc2a4\ud06c\ub7fd\uc774 \uc5fc\uc99d\uc758 \ud655\uc0b0\uc744 \uc720\ubc1c\ud560 \uc218 \uc788\uae30 \ub54c\ubb38\uc785\ub2c8\ub2e4. \uc2a4\ud06c\ub7fd\uc740 \ud53c\ubd80\ub97c \ub2e4\uc74c \ub2e8\uacc4\uc758 \uad00\ub9ac\uc5d0 \ub300\ube44\uc2dc\ud0a4\uac70\ub098 \uac01\uc9c8 \uc81c\uac70\ub97c \uc704\ud55c \ubaa9\uc801\uc73c\ub85c \uc0ac\uc6a9\ub429\ub2c8\ub2e4.","og_url":"https:\/\/naturalpoland.com\/ko\/je-pum\/hwa-jang-pum-won-ryo\/pil-ling-je\/geomeun-geon-po-do-ssi-seu-keu-reob\/","og_site_name":"NATURAL POLAND - Hurtowy Dystrybutor Surowc\u00f3w","article_publisher":"https:\/\/www.facebook.com\/naturalpoland.b2b","article_modified_time":"2025-06-03T11:01:42+00:00","og_image":[{"width":650,"height":650,"url":"https:\/\/naturalpoland.com\/wp-content\/uploads\/peeling-z-nasion-czarnej-porzeczki.jpg","type":"image\/jpeg"}],"schema":{"@context":"https:\/\/schema.org","@graph":[{"@type":"WebPage","@id":"https:\/\/naturalpoland.com\/ko\/je-pum\/hwa-jang-pum-won-ryo\/pil-ling-je\/geomeun-geon-po-do-ssi-seu-keu-reob\/","url":"https:\/\/naturalpoland.com\/ko\/je-pum\/hwa-jang-pum-won-ryo\/pil-ling-je\/geomeun-geon-po-do-ssi-seu-keu-reob\/","name":"\uac80\uc740\uac74\ud3ec\ub3c4\uc528 \uc2a4\ud06c\ub7fd - Hurtowy Dystrybutor","isPartOf":{"@id":"https:\/\/naturalpoland.com\/ko\/#website"},"primaryImageOfPage":{"@id":"https:\/\/naturalpoland.com\/ko\/je-pum\/hwa-jang-pum-won-ryo\/pil-ling-je\/geomeun-geon-po-do-ssi-seu-keu-reob\/#primaryimage"},"image":{"@id":"https:\/\/naturalpoland.com\/ko\/je-pum\/hwa-jang-pum-won-ryo\/pil-ling-je\/geomeun-geon-po-do-ssi-seu-keu-reob\/#primaryimage"},"thumbnailUrl":"https:\/\/naturalpoland.com\/wp-content\/uploads\/peeling-z-nasion-czarnej-porzeczki.jpg","datePublished":"2025-06-03T10:35:41+00:00","dateModified":"2025-06-03T11:01:42+00:00","breadcrumb":{"@id":"https:\/\/naturalpoland.com\/ko\/je-pum\/hwa-jang-pum-won-ryo\/pil-ling-je\/geomeun-geon-po-do-ssi-seu-keu-reob\/#breadcrumb"},"inLanguage":"ko-KR","potentialAction":[{"@type":"ReadAction","target":["https:\/\/naturalpoland.com\/ko\/je-pum\/hwa-jang-pum-won-ryo\/pil-ling-je\/geomeun-geon-po-do-ssi-seu-keu-reob\/"]}]},{"@type":"ImageObject","inLanguage":"ko-KR","@id":"https:\/\/naturalpoland.com\/ko\/je-pum\/hwa-jang-pum-won-ryo\/pil-ling-je\/geomeun-geon-po-do-ssi-seu-keu-reob\/#primaryimage","url":"https:\/\/naturalpoland.com\/wp-content\/uploads\/peeling-z-nasion-czarnej-porzeczki.jpg","contentUrl":"https:\/\/naturalpoland.com\/wp-content\/uploads\/peeling-z-nasion-czarnej-porzeczki.jpg","width":650,"height":650,"caption":"peeling z nasion czarnej porzeczki"},{"@type":"BreadcrumbList","@id":"https:\/\/naturalpoland.com\/ko\/je-pum\/hwa-jang-pum-won-ryo\/pil-ling-je\/geomeun-geon-po-do-ssi-seu-keu-reob\/#breadcrumb","itemListElement":[{"@type":"ListItem","position":1,"name":"\ud648","item":"https:\/\/naturalpoland.com\/ko\/"},{"@type":"ListItem","position":2,"name":"\uc81c\ud488","item":"https:\/\/naturalpoland.com\/ko\/%ec%a0%9c%ed%92%88\/"},{"@type":"ListItem","position":3,"name":"\uac80\uc740\uac74\ud3ec\ub3c4\uc528 \uc2a4\ud06c\ub7fd"}]},{"@type":"WebSite","@id":"https:\/\/naturalpoland.com\/ko\/#website","url":"https:\/\/naturalpoland.com\/ko\/","name":"NATURAL POLAND - Hurtowy Dystrybutor Surowc\u00f3w","description":"Surowce dla przemys\u0142u spo\u017cywczego, kosmetycznego i farmaceutycznego","publisher":{"@id":"https:\/\/naturalpoland.com\/ko\/#organization"},"potentialAction":[{"@type":"SearchAction","target":{"@type":"EntryPoint","urlTemplate":"https:\/\/naturalpoland.com\/ko\/?s={search_term_string}"},"query-input":{"@type":"PropertyValueSpecification","valueRequired":true,"valueName":"search_term_string"}}],"inLanguage":"ko-KR"},{"@type":"Organization","@id":"https:\/\/naturalpoland.com\/ko\/#organization","name":"Natural Poland","url":"https:\/\/naturalpoland.com\/ko\/","logo":{"@type":"ImageObject","inLanguage":"ko-KR","@id":"https:\/\/naturalpoland.com\/ko\/#\/schema\/logo\/image\/","url":"https:\/\/naturalpoland.com\/wp-content\/uploads\/2021\/05\/natural-poland-icon.png","contentUrl":"https:\/\/naturalpoland.com\/wp-content\/uploads\/2021\/05\/natural-poland-icon.png","width":512,"height":512,"caption":"Natural Poland"},"image":{"@id":"https:\/\/naturalpoland.com\/ko\/#\/schema\/logo\/image\/"},"sameAs":["https:\/\/www.facebook.com\/naturalpoland.b2b","https:\/\/pl.linkedin.com\/company\/natural-poland","https:\/\/www.youtube.com\/channel\/UCgeGGkvOMahZo-xu_MSEWxg"]}]}},"_links":{"self":[{"href":"https:\/\/naturalpoland.com\/ko\/wp-json\/wp\/v2\/product\/41326","targetHints":{"allow":["GET"]}}],"collection":[{"href":"https:\/\/naturalpoland.com\/ko\/wp-json\/wp\/v2\/product"}],"about":[{"href":"https:\/\/naturalpoland.com\/ko\/wp-json\/wp\/v2\/types\/product"}],"wp:featuredmedia":[{"embeddable":true,"href":"https:\/\/naturalpoland.com\/ko\/wp-json\/wp\/v2\/media\/41327"}],"wp:attachment":[{"href":"https:\/\/naturalpoland.com\/ko\/wp-json\/wp\/v2\/media?parent=41326"}],"wp:term":[{"taxonomy":"product_brand","embeddable":true,"href":"https:\/\/naturalpoland.com\/ko\/wp-json\/wp\/v2\/product_brand?post=41326"},{"taxonomy":"product_cat","embeddable":true,"href":"https:\/\/naturalpoland.com\/ko\/wp-json\/wp\/v2\/product_cat?post=41326"},{"taxonomy":"product_tag","embeddable":true,"href":"https:\/\/naturalpoland.com\/ko\/wp-json\/wp\/v2\/product_tag?post=41326"}],"curies":[{"name":"wp","href":"https:\/\/api.w.org\/{rel}","templated":true}]}}