{"id":41331,"date":"2025-05-29T13:07:42","date_gmt":"2025-06-03T11:29:49","guid":{"rendered":"https:\/\/naturalpoland.com\/produkty\/uncategorized\/%ea%b2%80%ec%9d%80%ea%b1%b4%ed%8f%ac%eb%8f%84-%ec%b6%94%ec%b6%9c%eb%ac%bc\/"},"modified":"2025-06-03T13:30:27","modified_gmt":"2025-06-03T11:30:27","slug":"geomeun-geon-po-do-chu-chul-mul","status":"publish","type":"product","link":"https:\/\/naturalpoland.com\/ko\/je-pum\/sig-mul-chu-chul-mul\/geomeun-geon-po-do-chu-chul-mul\/","title":{"rendered":"\uac80\uc740\uac74\ud3ec\ub3c4 \ucd94\ucd9c\ubb3c"},"content":{"rendered":"<h2>\uac80\uc740\uac74\ud3ec\ub3c4 \ucd94\ucd9c\ubb3c\uc758 \ud6a8\ub2a5<\/h2>\n<p>\uac80\uc740\uac74\ud3ec\ub3c4 \ucd94\ucd9c\ubb3c\uc740 \uc9c4\ud55c \uc790\uc8fc\ube5b-\ubd89\uc740 \uc0c9\uc744 \ub760\uba70, \ud2b9\uc720\uc758 \ucc9c\uc5f0 \ub9db\uacfc \ud5a5\uc774 \ud2b9\uc9d5\uc785\ub2c8\ub2e4. \uc8fc\uc694 \ud65c\uc131 \uc131\ubd84\uc740 <a href=\"https:\/\/naturalpoland.com\/artykuly\/dodatki-do-zywnosci\/czym-sa-antocyjany-i-jakie-maja-zastosowanie\/\"><strong>\uc548\ud1a0\uc2dc\uc544\ub2cc<\/strong><\/a>\uc73c\ub85c, \uc774\ub294 \uac15\ub825\ud55c \ud56d\uc0b0\ud654\uc81c\ub85c \uc798 \uc54c\ub824\uc838 \uc788\uc73c\uba70 \uc138\ud3ec \ubcf4\ud638 \uc791\uc6a9\uc774 \uc785\uc99d\ub418\uc5b4 \uc788\uc2b5\ub2c8\ub2e4. \uc774 \ucd94\ucd9c\ubb3c\uc740 \ub2e4\uc74c\uacfc \uac19\uc740 \ud6a8\uacfc\ub97c \uae30\ub300\ud560 \uc218 \uc788\uc2b5\ub2c8\ub2e4:<\/p>\n<ul>\n<li>\uc790\uc720 \ub77c\ub514\uce7c\uc758 \uc911\ud654 \uc9c0\uc6d0<\/li>\n<li>\ub178\ud654 \uacfc\uc815\uc758 \uc9c0\uc5f0<\/li>\n<li>\uba74\uc5ed \uccb4\uacc4 \uac15\ud654<\/li>\n<li>\ud608\uc561 \uc21c\ud658 \uac1c\uc120<\/li>\n<\/ul>\n<p>\uac80\uc740\uac74\ud3ec\ub3c4 \uc78e\uc740 \uc608\ub85c\ubd80\ud130 \uc774\ub1e8\uc81c, \ud56d\uc5fc\uc81c \ubc0f \ud608\uad00 \uac15\ud654\uc81c\ub85c <a href=\"https:\/\/naturalpoland.com\/artykuly\/produkty-naturalne\/ziololecznictwo-a-fitoterapia-czym-sie-roznia\/\">\ud53c\ud1a0\ud14c\ub77c\ud53c\uc5d0\uc11c<\/a> \ud65c\uc6a9\ub418\uc5b4 \uc654\uc2b5\ub2c8\ub2e4. <a href=\"https:\/\/naturalpoland.com\/artykuly\/produkty-naturalne\/czym-sa-i-jak-dzialaja-flawonoidy\/\">\ud50c\ub77c\ubcf4\ub178\uc774<\/a>\ub4dc\uc640 \ud0c4\ub2cc\uc758 \uc874\uc7ac\ub294 \ud53c\ubd80 \uc0c1\ud0dc \uac1c\uc120\uacfc \ud574\ub3c5 \uc791\uc6a9\uc744 \ub3d5\ub294 \ub370 \uae0d\uc815\uc801\uc778 \uc601\ud5a5\uc744 \uc90d\ub2c8\ub2e4.<\/p>\n<h2 data-start=\"1225\" data-end=\"1241\">\uc0ac\uc6a9 \uc6a9\ub3c4<\/h2>\n<p data-start=\"1243\" data-end=\"1769\" data-is-last-node=\"\" data-is-only-node=\"\">\uac80\uc740\uac74\ud3ec\ub3c4 \ucd94\ucd9c\ubb3c\uc740 <strong>\uac74\uac15\uae30\ub2a5\uc2dd\ud488<\/strong> \uc0b0\uc5c5\uc5d0\uc11c \ub110\ub9ac \uc0ac\uc6a9\ub429\ub2c8\ub2e4. \uba74\uc5ed \uac15\ud654, \ud56d\uc0b0\ud654 \uc791\uc6a9, \uc21c\ud658\uacc4 \uc9c0\uc6d0\uc744 \uc704\ud55c \ubcf4\ucda9\uc81c\uc5d0 \ud65c\uc6a9\ub429\ub2c8\ub2e4.<\/p>\n<p data-start=\"1243\" data-end=\"1769\" data-is-last-node=\"\" data-is-only-node=\"\"><strong>\ud654\uc7a5\ud488 \uc0b0\uc5c5\uc5d0\uc11c\ub294<\/strong> \uc131\uc219\ud55c \ud53c\ubd80\uc640 \ubaa8\uc138\ud608\uad00\uc774 \uc57d\ud55c \ud53c\ubd80\ub97c \uc704\ud55c \uc81c\ud488\uc758 \uc131\ubd84\uc73c\ub85c \uc0ac\uc6a9\ub418\uba70, \ud56d\uc5fc, \ud56d\uc0b0\ud654 \ubc0f \ubbf8\uc138\uc21c\ud658 \uac1c\uc120 \ud6a8\uacfc\uac00 \uc788\uc2b5\ub2c8\ub2e4.<\/p>\n<p data-start=\"1243\" data-end=\"1769\" data-is-last-node=\"\" data-is-only-node=\"\"><strong>\ub610\ud55c \uac74\uac15\uae30\ub2a5\uc131 \uc2dd\ud488<\/strong>, \ud5c8\ube0c\ucc28 \ubc0f \ucc9c\uc5f0 \uc74c\ub8cc\uc758 \uae30\ub2a5\uc131 \uc131\ubd84\uc73c\ub85c\ub3c4 \uc0ac\uc6a9\ub429\ub2c8\ub2e4.<\/p>\n","protected":false},"excerpt":{"rendered":"<p><strong>\uac80\uc740\uac74\ud3ec\ub3c4 \ucd94\ucd9c\ubb3c<\/strong>\uc740 <strong><em>Ribes nigrum L.<\/em><\/strong> \uc78e\uc5d0\uc11c \uc218-\uc54c\ucf54\uc62c \ucd94\ucd9c \ubc29\uc2dd\uc73c\ub85c \uc5bb\uc5b4\uc9c0\uba70, \ub9d0\ud1a0\ub371\uc2a4\ud2b8\ub9b0\uc744 \ub2f4\uccb4\ub85c \uc0ac\uc6a9\ud569\ub2c8\ub2e4. \uc81c\ud488\uc740 \ub192\uc740 \uc218\uc900\uc758 \ubbf8\uc0dd\ubb3c\ud559\uc801 \ubc0f \ud654\ud559\uc801 \ud488\uc9c8\uc744 \uc720\uc9c0\ud569\ub2c8\ub2e4.<\/p>\n","protected":false},"featured_media":41332,"template":"","meta":{"_acf_changed":false},"product_brand":[],"product_cat":[8134],"product_tag":[],"class_list":{"0":"post-41331","1":"product","2":"type-product","3":"status-publish","4":"has-post-thumbnail","6":"product_cat-sig-mul-chu-chul-mul","7":"pa_czesc-rosliny-8186","8":"pa_skladnik-aktywny-8189","10":"first","11":"instock","12":"shipping-taxable","13":"product-type-simple"},"acf":[],"yoast_head":"<!-- This site is optimized with the Yoast SEO plugin v27.5 - https:\/\/yoast.com\/product\/yoast-seo-wordpress\/ -->\n<title>\uac80\uc740\uac74\ud3ec\ub3c4 \ucd94\ucd9c\ubb3c - Hurtowy Dystrybutor<\/title>\n<meta name=\"description\" content=\"\uac80\uc740\uac74\ud3ec\ub3c4 \ucd94\ucd9c\ubb3c\uc740 Ribes nigrum L. \uc78e\uc5d0\uc11c \uc5bb\uc740 \ucc9c\uc5f0 \uc2dd\ubb3c \uc131\ubd84\uc73c\ub85c, \ud0c1\uc6d4\ud55c \uac74\uac15 \ud6a8\ub2a5\uc744 \uc9c0\ub2cc \uc81c\ud488\uc785\ub2c8\ub2e4.\" \/>\n<meta name=\"robots\" content=\"index, follow, max-snippet:-1, max-image-preview:large, max-video-preview:-1\" \/>\n<link rel=\"canonical\" href=\"https:\/\/naturalpoland.com\/ko\/je-pum\/sig-mul-chu-chul-mul\/geomeun-geon-po-do-chu-chul-mul\/\" \/>\n<meta property=\"og:locale\" content=\"ko_KR\" \/>\n<meta property=\"og:type\" content=\"article\" \/>\n<meta property=\"og:title\" content=\"\uac80\uc740\uac74\ud3ec\ub3c4 \ucd94\ucd9c\ubb3c - Hurtowy Dystrybutor\" \/>\n<meta property=\"og:description\" content=\"\uac80\uc740\uac74\ud3ec\ub3c4 \ucd94\ucd9c\ubb3c\uc740 Ribes nigrum L. \uc78e\uc5d0\uc11c \uc5bb\uc740 \ucc9c\uc5f0 \uc2dd\ubb3c \uc131\ubd84\uc73c\ub85c, \ud0c1\uc6d4\ud55c \uac74\uac15 \ud6a8\ub2a5\uc744 \uc9c0\ub2cc \uc81c\ud488\uc785\ub2c8\ub2e4.\" \/>\n<meta property=\"og:url\" content=\"https:\/\/naturalpoland.com\/ko\/je-pum\/sig-mul-chu-chul-mul\/geomeun-geon-po-do-chu-chul-mul\/\" \/>\n<meta property=\"og:site_name\" content=\"NATURAL POLAND - Hurtowy Dystrybutor Surowc\u00f3w\" \/>\n<meta property=\"article:publisher\" content=\"https:\/\/www.facebook.com\/naturalpoland.b2b\" \/>\n<meta property=\"article:modified_time\" content=\"2025-06-03T11:30:27+00:00\" \/>\n<meta property=\"og:image\" content=\"https:\/\/naturalpoland.com\/wp-content\/uploads\/ekstrakt-z-czarnej-porzeczki.webp\" \/>\n\t<meta property=\"og:image:width\" content=\"1024\" \/>\n\t<meta property=\"og:image:height\" content=\"1024\" \/>\n\t<meta property=\"og:image:type\" content=\"image\/webp\" \/>\n<script type=\"application\/ld+json\" class=\"yoast-schema-graph\">{\"@context\":\"https:\\\/\\\/schema.org\",\"@graph\":[{\"@type\":\"WebPage\",\"@id\":\"https:\\\/\\\/naturalpoland.com\\\/ko\\\/je-pum\\\/sig-mul-chu-chul-mul\\\/geomeun-geon-po-do-chu-chul-mul\\\/\",\"url\":\"https:\\\/\\\/naturalpoland.com\\\/ko\\\/je-pum\\\/sig-mul-chu-chul-mul\\\/geomeun-geon-po-do-chu-chul-mul\\\/\",\"name\":\"\uac80\uc740\uac74\ud3ec\ub3c4 \ucd94\ucd9c\ubb3c - Hurtowy Dystrybutor\",\"isPartOf\":{\"@id\":\"https:\\\/\\\/naturalpoland.com\\\/ko\\\/#website\"},\"primaryImageOfPage\":{\"@id\":\"https:\\\/\\\/naturalpoland.com\\\/ko\\\/je-pum\\\/sig-mul-chu-chul-mul\\\/geomeun-geon-po-do-chu-chul-mul\\\/#primaryimage\"},\"image\":{\"@id\":\"https:\\\/\\\/naturalpoland.com\\\/ko\\\/je-pum\\\/sig-mul-chu-chul-mul\\\/geomeun-geon-po-do-chu-chul-mul\\\/#primaryimage\"},\"thumbnailUrl\":\"https:\\\/\\\/naturalpoland.com\\\/wp-content\\\/uploads\\\/ekstrakt-z-czarnej-porzeczki.webp\",\"datePublished\":\"2025-06-03T11:29:49+00:00\",\"dateModified\":\"2025-06-03T11:30:27+00:00\",\"description\":\"\uac80\uc740\uac74\ud3ec\ub3c4 \ucd94\ucd9c\ubb3c\uc740 Ribes nigrum L. \uc78e\uc5d0\uc11c \uc5bb\uc740 \ucc9c\uc5f0 \uc2dd\ubb3c \uc131\ubd84\uc73c\ub85c, \ud0c1\uc6d4\ud55c \uac74\uac15 \ud6a8\ub2a5\uc744 \uc9c0\ub2cc \uc81c\ud488\uc785\ub2c8\ub2e4.\",\"breadcrumb\":{\"@id\":\"https:\\\/\\\/naturalpoland.com\\\/ko\\\/je-pum\\\/sig-mul-chu-chul-mul\\\/geomeun-geon-po-do-chu-chul-mul\\\/#breadcrumb\"},\"inLanguage\":\"ko-KR\",\"potentialAction\":[{\"@type\":\"ReadAction\",\"target\":[\"https:\\\/\\\/naturalpoland.com\\\/ko\\\/je-pum\\\/sig-mul-chu-chul-mul\\\/geomeun-geon-po-do-chu-chul-mul\\\/\"]}]},{\"@type\":\"ImageObject\",\"inLanguage\":\"ko-KR\",\"@id\":\"https:\\\/\\\/naturalpoland.com\\\/ko\\\/je-pum\\\/sig-mul-chu-chul-mul\\\/geomeun-geon-po-do-chu-chul-mul\\\/#primaryimage\",\"url\":\"https:\\\/\\\/naturalpoland.com\\\/wp-content\\\/uploads\\\/ekstrakt-z-czarnej-porzeczki.webp\",\"contentUrl\":\"https:\\\/\\\/naturalpoland.com\\\/wp-content\\\/uploads\\\/ekstrakt-z-czarnej-porzeczki.webp\",\"width\":1024,\"height\":1024,\"caption\":\"ekstrakt z czarnej porzeczki\"},{\"@type\":\"BreadcrumbList\",\"@id\":\"https:\\\/\\\/naturalpoland.com\\\/ko\\\/je-pum\\\/sig-mul-chu-chul-mul\\\/geomeun-geon-po-do-chu-chul-mul\\\/#breadcrumb\",\"itemListElement\":[{\"@type\":\"ListItem\",\"position\":1,\"name\":\"\ud648\",\"item\":\"https:\\\/\\\/naturalpoland.com\\\/ko\\\/\"},{\"@type\":\"ListItem\",\"position\":2,\"name\":\"\uc81c\ud488\",\"item\":\"https:\\\/\\\/naturalpoland.com\\\/ko\\\/%ec%a0%9c%ed%92%88\\\/\"},{\"@type\":\"ListItem\",\"position\":3,\"name\":\"\uac80\uc740\uac74\ud3ec\ub3c4 \ucd94\ucd9c\ubb3c\"}]},{\"@type\":\"WebSite\",\"@id\":\"https:\\\/\\\/naturalpoland.com\\\/ko\\\/#website\",\"url\":\"https:\\\/\\\/naturalpoland.com\\\/ko\\\/\",\"name\":\"NATURAL POLAND - Hurtowy Dystrybutor Surowc\u00f3w\",\"description\":\"Surowce dla przemys\u0142u spo\u017cywczego, kosmetycznego i farmaceutycznego\",\"publisher\":{\"@id\":\"https:\\\/\\\/naturalpoland.com\\\/ko\\\/#organization\"},\"potentialAction\":[{\"@type\":\"SearchAction\",\"target\":{\"@type\":\"EntryPoint\",\"urlTemplate\":\"https:\\\/\\\/naturalpoland.com\\\/ko\\\/?s={search_term_string}\"},\"query-input\":{\"@type\":\"PropertyValueSpecification\",\"valueRequired\":true,\"valueName\":\"search_term_string\"}}],\"inLanguage\":\"ko-KR\"},{\"@type\":\"Organization\",\"@id\":\"https:\\\/\\\/naturalpoland.com\\\/ko\\\/#organization\",\"name\":\"Natural Poland\",\"url\":\"https:\\\/\\\/naturalpoland.com\\\/ko\\\/\",\"logo\":{\"@type\":\"ImageObject\",\"inLanguage\":\"ko-KR\",\"@id\":\"https:\\\/\\\/naturalpoland.com\\\/ko\\\/#\\\/schema\\\/logo\\\/image\\\/\",\"url\":\"https:\\\/\\\/naturalpoland.com\\\/wp-content\\\/uploads\\\/2021\\\/05\\\/natural-poland-icon.png\",\"contentUrl\":\"https:\\\/\\\/naturalpoland.com\\\/wp-content\\\/uploads\\\/2021\\\/05\\\/natural-poland-icon.png\",\"width\":512,\"height\":512,\"caption\":\"Natural Poland\"},\"image\":{\"@id\":\"https:\\\/\\\/naturalpoland.com\\\/ko\\\/#\\\/schema\\\/logo\\\/image\\\/\"},\"sameAs\":[\"https:\\\/\\\/www.facebook.com\\\/naturalpoland.b2b\",\"https:\\\/\\\/pl.linkedin.com\\\/company\\\/natural-poland\",\"https:\\\/\\\/www.youtube.com\\\/channel\\\/UCgeGGkvOMahZo-xu_MSEWxg\"]}]}<\/script>\n<!-- \/ Yoast SEO plugin. -->","yoast_head_json":{"title":"\uac80\uc740\uac74\ud3ec\ub3c4 \ucd94\ucd9c\ubb3c - Hurtowy Dystrybutor","description":"\uac80\uc740\uac74\ud3ec\ub3c4 \ucd94\ucd9c\ubb3c\uc740 Ribes nigrum L. \uc78e\uc5d0\uc11c \uc5bb\uc740 \ucc9c\uc5f0 \uc2dd\ubb3c \uc131\ubd84\uc73c\ub85c, \ud0c1\uc6d4\ud55c \uac74\uac15 \ud6a8\ub2a5\uc744 \uc9c0\ub2cc \uc81c\ud488\uc785\ub2c8\ub2e4.","robots":{"index":"index","follow":"follow","max-snippet":"max-snippet:-1","max-image-preview":"max-image-preview:large","max-video-preview":"max-video-preview:-1"},"canonical":"https:\/\/naturalpoland.com\/ko\/je-pum\/sig-mul-chu-chul-mul\/geomeun-geon-po-do-chu-chul-mul\/","og_locale":"ko_KR","og_type":"article","og_title":"\uac80\uc740\uac74\ud3ec\ub3c4 \ucd94\ucd9c\ubb3c - Hurtowy Dystrybutor","og_description":"\uac80\uc740\uac74\ud3ec\ub3c4 \ucd94\ucd9c\ubb3c\uc740 Ribes nigrum L. \uc78e\uc5d0\uc11c \uc5bb\uc740 \ucc9c\uc5f0 \uc2dd\ubb3c \uc131\ubd84\uc73c\ub85c, \ud0c1\uc6d4\ud55c \uac74\uac15 \ud6a8\ub2a5\uc744 \uc9c0\ub2cc \uc81c\ud488\uc785\ub2c8\ub2e4.","og_url":"https:\/\/naturalpoland.com\/ko\/je-pum\/sig-mul-chu-chul-mul\/geomeun-geon-po-do-chu-chul-mul\/","og_site_name":"NATURAL POLAND - Hurtowy Dystrybutor Surowc\u00f3w","article_publisher":"https:\/\/www.facebook.com\/naturalpoland.b2b","article_modified_time":"2025-06-03T11:30:27+00:00","og_image":[{"width":1024,"height":1024,"url":"https:\/\/naturalpoland.com\/wp-content\/uploads\/ekstrakt-z-czarnej-porzeczki.webp","type":"image\/webp"}],"schema":{"@context":"https:\/\/schema.org","@graph":[{"@type":"WebPage","@id":"https:\/\/naturalpoland.com\/ko\/je-pum\/sig-mul-chu-chul-mul\/geomeun-geon-po-do-chu-chul-mul\/","url":"https:\/\/naturalpoland.com\/ko\/je-pum\/sig-mul-chu-chul-mul\/geomeun-geon-po-do-chu-chul-mul\/","name":"\uac80\uc740\uac74\ud3ec\ub3c4 \ucd94\ucd9c\ubb3c - Hurtowy Dystrybutor","isPartOf":{"@id":"https:\/\/naturalpoland.com\/ko\/#website"},"primaryImageOfPage":{"@id":"https:\/\/naturalpoland.com\/ko\/je-pum\/sig-mul-chu-chul-mul\/geomeun-geon-po-do-chu-chul-mul\/#primaryimage"},"image":{"@id":"https:\/\/naturalpoland.com\/ko\/je-pum\/sig-mul-chu-chul-mul\/geomeun-geon-po-do-chu-chul-mul\/#primaryimage"},"thumbnailUrl":"https:\/\/naturalpoland.com\/wp-content\/uploads\/ekstrakt-z-czarnej-porzeczki.webp","datePublished":"2025-06-03T11:29:49+00:00","dateModified":"2025-06-03T11:30:27+00:00","description":"\uac80\uc740\uac74\ud3ec\ub3c4 \ucd94\ucd9c\ubb3c\uc740 Ribes nigrum L. \uc78e\uc5d0\uc11c \uc5bb\uc740 \ucc9c\uc5f0 \uc2dd\ubb3c \uc131\ubd84\uc73c\ub85c, \ud0c1\uc6d4\ud55c \uac74\uac15 \ud6a8\ub2a5\uc744 \uc9c0\ub2cc \uc81c\ud488\uc785\ub2c8\ub2e4.","breadcrumb":{"@id":"https:\/\/naturalpoland.com\/ko\/je-pum\/sig-mul-chu-chul-mul\/geomeun-geon-po-do-chu-chul-mul\/#breadcrumb"},"inLanguage":"ko-KR","potentialAction":[{"@type":"ReadAction","target":["https:\/\/naturalpoland.com\/ko\/je-pum\/sig-mul-chu-chul-mul\/geomeun-geon-po-do-chu-chul-mul\/"]}]},{"@type":"ImageObject","inLanguage":"ko-KR","@id":"https:\/\/naturalpoland.com\/ko\/je-pum\/sig-mul-chu-chul-mul\/geomeun-geon-po-do-chu-chul-mul\/#primaryimage","url":"https:\/\/naturalpoland.com\/wp-content\/uploads\/ekstrakt-z-czarnej-porzeczki.webp","contentUrl":"https:\/\/naturalpoland.com\/wp-content\/uploads\/ekstrakt-z-czarnej-porzeczki.webp","width":1024,"height":1024,"caption":"ekstrakt z czarnej porzeczki"},{"@type":"BreadcrumbList","@id":"https:\/\/naturalpoland.com\/ko\/je-pum\/sig-mul-chu-chul-mul\/geomeun-geon-po-do-chu-chul-mul\/#breadcrumb","itemListElement":[{"@type":"ListItem","position":1,"name":"\ud648","item":"https:\/\/naturalpoland.com\/ko\/"},{"@type":"ListItem","position":2,"name":"\uc81c\ud488","item":"https:\/\/naturalpoland.com\/ko\/%ec%a0%9c%ed%92%88\/"},{"@type":"ListItem","position":3,"name":"\uac80\uc740\uac74\ud3ec\ub3c4 \ucd94\ucd9c\ubb3c"}]},{"@type":"WebSite","@id":"https:\/\/naturalpoland.com\/ko\/#website","url":"https:\/\/naturalpoland.com\/ko\/","name":"NATURAL POLAND - Hurtowy Dystrybutor Surowc\u00f3w","description":"Surowce dla przemys\u0142u spo\u017cywczego, kosmetycznego i farmaceutycznego","publisher":{"@id":"https:\/\/naturalpoland.com\/ko\/#organization"},"potentialAction":[{"@type":"SearchAction","target":{"@type":"EntryPoint","urlTemplate":"https:\/\/naturalpoland.com\/ko\/?s={search_term_string}"},"query-input":{"@type":"PropertyValueSpecification","valueRequired":true,"valueName":"search_term_string"}}],"inLanguage":"ko-KR"},{"@type":"Organization","@id":"https:\/\/naturalpoland.com\/ko\/#organization","name":"Natural Poland","url":"https:\/\/naturalpoland.com\/ko\/","logo":{"@type":"ImageObject","inLanguage":"ko-KR","@id":"https:\/\/naturalpoland.com\/ko\/#\/schema\/logo\/image\/","url":"https:\/\/naturalpoland.com\/wp-content\/uploads\/2021\/05\/natural-poland-icon.png","contentUrl":"https:\/\/naturalpoland.com\/wp-content\/uploads\/2021\/05\/natural-poland-icon.png","width":512,"height":512,"caption":"Natural Poland"},"image":{"@id":"https:\/\/naturalpoland.com\/ko\/#\/schema\/logo\/image\/"},"sameAs":["https:\/\/www.facebook.com\/naturalpoland.b2b","https:\/\/pl.linkedin.com\/company\/natural-poland","https:\/\/www.youtube.com\/channel\/UCgeGGkvOMahZo-xu_MSEWxg"]}]}},"_links":{"self":[{"href":"https:\/\/naturalpoland.com\/ko\/wp-json\/wp\/v2\/product\/41331","targetHints":{"allow":["GET"]}}],"collection":[{"href":"https:\/\/naturalpoland.com\/ko\/wp-json\/wp\/v2\/product"}],"about":[{"href":"https:\/\/naturalpoland.com\/ko\/wp-json\/wp\/v2\/types\/product"}],"wp:featuredmedia":[{"embeddable":true,"href":"https:\/\/naturalpoland.com\/ko\/wp-json\/wp\/v2\/media\/41332"}],"wp:attachment":[{"href":"https:\/\/naturalpoland.com\/ko\/wp-json\/wp\/v2\/media?parent=41331"}],"wp:term":[{"taxonomy":"product_brand","embeddable":true,"href":"https:\/\/naturalpoland.com\/ko\/wp-json\/wp\/v2\/product_brand?post=41331"},{"taxonomy":"product_cat","embeddable":true,"href":"https:\/\/naturalpoland.com\/ko\/wp-json\/wp\/v2\/product_cat?post=41331"},{"taxonomy":"product_tag","embeddable":true,"href":"https:\/\/naturalpoland.com\/ko\/wp-json\/wp\/v2\/product_tag?post=41331"}],"curies":[{"name":"wp","href":"https:\/\/api.w.org\/{rel}","templated":true}]}}