{"id":41333,"date":"2023-07-31T16:18:27","date_gmt":"2025-06-03T11:35:58","guid":{"rendered":"https:\/\/naturalpoland.com\/produkty\/uncategorized\/%ed%99%98%ec%9b%90%ed%98%95-l-%ea%b8%80%eb%a3%a8%ed%83%80%ed%8b%b0%ec%98%a8\/"},"modified":"2025-06-03T13:35:58","modified_gmt":"2025-06-03T11:35:58","slug":"%ed%99%98%ec%9b%90%ed%98%95-l-%ea%b8%80%eb%a3%a8%ed%83%80%ed%8b%b0%ec%98%a8","status":"publish","type":"product","link":"https:\/\/naturalpoland.com\/ko\/je-pum\/hwa-jang-pum-won-ryo\/pep-ta-i-deu\/%ed%99%98%ec%9b%90%ed%98%95-l-%ea%b8%80%eb%a3%a8%ed%83%80%ed%8b%b0%ec%98%a8\/","title":{"rendered":"\ud658\uc6d0\ud615 L-\uae00\ub8e8\ud0c0\ud2f0\uc628"},"content":{"rendered":"<h3>\ud658\uc6d0\ud615 L-\uae00\ub8e8\ud0c0\ud2f0\uc628\uc758 \ud6a8\ub2a5<\/h3>\n<p>\ud658\uc6d0\ud615 L-\uae00\ub8e8\ud0c0\ud2f0\uc628\uc740 \uba5c\ub77c\ub2cc \uc0dd\uc131\uc758 \ud575\uc2ec \ud6a8\uc18c\uc778 <strong>\ud2f0\ub85c\uc2dc\ub098\uc544\uc81c\uc758 \ud65c\uc131\uc744 \uc5b5\uc81c\ud558\ub294 \uc791\uc6a9\uc744 \ud1b5\ud574 \uc791\ub3d9\ud569\ub2c8\ub2e4<\/strong>. \uba5c\ub77c\ub2cc\uc740 \ud53c\ubd80 \uc0c9\uc744 \uacb0\uc815\ud558\ub294 \uc0c9\uc18c\ub85c, \uacfc\ub3c4\ud558\uac8c \uc0dd\uc131\ub420 \uacbd\uc6b0 \uc8fc\uadfc\uae68\ub098 \uc0c9\uc18c \uce68\ucc29\uacfc \uac19\uc740 \ubb38\uc81c\ub97c \uc720\ubc1c\ud560 \uc218 \uc788\uc2b5\ub2c8\ub2e4. L-\uae00\ub8e8\ud0c0\ud2f0\uc628\uc740 \uc774 \uacfc\uc815\uc744 \uc5b5\uc81c\ud558\uc5ec \ud53c\ubd80 \ud1a4\uc744 \ub354\uc6b1 \ubc1d\uace0 \uade0\uc77c\ud558\uac8c \ub9cc\ub4e4\uc5b4 \uc90d\ub2c8\ub2e4.  <\/p>\n<p>\ub610\ud55c \ud658\uc6d0\ud615 L-\uae00\ub8e8\ud0c0\ud2f0\uc628\uc740 \uac15\ub825\ud55c <strong>\ud56d\uc0b0\ud654 \uc791\uc6a9\uc744 \ud558\ub294 \uc131\ubd84\uc73c\ub85c<\/strong>, \ud53c\ubd80\ub97c \ub178\ud654\uc758 \uc8fc\uc694 \uc6d0\uc778 \uc911 \ud558\ub098\uc778 \ud65c\uc131\uc0b0\uc18c\ub85c\ubd80\ud130 \ubcf4\ud638\ud569\ub2c8\ub2e4. \uc774\ub7ec\ud55c \ud2b9\uc131 \ub355\ubd84\uc5d0 \ud53c\ubd80\uc758 \uc80a\uace0 \ud0c4\ub825 \uc788\ub294 \uc0c1\ud0dc\ub97c \ubcf4\ub2e4 \uc624\ub798 \uc720\uc9c0\ud558\ub294 \ub370 \ub3c4\uc6c0\uc774 \ub429\ub2c8\ub2e4. <\/p>\n","protected":false},"excerpt":{"rendered":"<p>\ud658\uc6d0\ud615 L-\uae00\ub8e8\ud0c0\ud2f0\uc628\uc740 \uace0\uae30\ub2a5\uc131 \uc2a4\ud0a8\ucf00\uc5b4\uc5d0\uc11c \ud575\uc2ec \uc5ed\ud560\uc744 \ud558\ub294 \ud65c\uc131 \uc131\ubd84\uc785\ub2c8\ub2e4. \ubbf8\ubc31 \ubc0f \uc8fc\uadfc\uae68 \uc81c\uac70 \ud6a8\uacfc\uac00 \uc788\uc73c\uba70, \ud53c\ubd80 \ud1a4\uc758 \ubd88\uade0\ud615\uacfc \uc0c9\uc18c \uce68\ucc29\uc744 \uac1c\uc120\ud558\uae30 \uc704\ud55c \ud654\uc7a5\ud488\uc5d0 \ub110\ub9ac \uc0ac\uc6a9\ub429\ub2c8\ub2e4.  <\/p>\n","protected":false},"featured_media":41334,"template":"","meta":{"_acf_changed":false},"product_brand":[],"product_cat":[8157],"product_tag":[],"class_list":{"0":"post-41333","1":"product","2":"type-product","3":"status-publish","4":"has-post-thumbnail","6":"product_cat-pep-ta-i-deu","8":"first","9":"instock","10":"shipping-taxable","11":"product-type-simple"},"acf":[],"yoast_head":"<!-- This site is optimized with the Yoast SEO plugin v27.5 - https:\/\/yoast.com\/product\/yoast-seo-wordpress\/ -->\n<title>\ud658\uc6d0\ud615 L-\uae00\ub8e8\ud0c0\ud2f0\uc628 - Hurtowy Dystrybutor<\/title>\n<meta name=\"description\" content=\"\ud658\uc6d0\ud615 L-\uae00\ub8e8\ud0c0\ud2f0\uc628(INCI: GLUTATHIONE)\uc740 \uc8fc\uadfc\uae68 \ubc0f \uc0c9\uc18c \uce68\ucc29 \uac10\uc18c\uc5d0 \ub208\uc5d0 \ub744\ub294 \ud6a8\uacfc\ub97c \uc8fc\ub294 \uc131\ubd84\uc785\ub2c8\ub2e4.\" \/>\n<meta name=\"robots\" content=\"index, follow, max-snippet:-1, max-image-preview:large, max-video-preview:-1\" \/>\n<link rel=\"canonical\" href=\"https:\/\/naturalpoland.com\/ko\/je-pum\/hwa-jang-pum-won-ryo\/pep-ta-i-deu\/%ed%99%98%ec%9b%90%ed%98%95-l-%ea%b8%80%eb%a3%a8%ed%83%80%ed%8b%b0%ec%98%a8\/\" \/>\n<meta property=\"og:locale\" content=\"ko_KR\" \/>\n<meta property=\"og:type\" content=\"article\" \/>\n<meta property=\"og:title\" content=\"\ud658\uc6d0\ud615 L-\uae00\ub8e8\ud0c0\ud2f0\uc628 - Hurtowy Dystrybutor\" \/>\n<meta property=\"og:description\" content=\"\ud658\uc6d0\ud615 L-\uae00\ub8e8\ud0c0\ud2f0\uc628(INCI: GLUTATHIONE)\uc740 \uc8fc\uadfc\uae68 \ubc0f \uc0c9\uc18c \uce68\ucc29 \uac10\uc18c\uc5d0 \ub208\uc5d0 \ub744\ub294 \ud6a8\uacfc\ub97c \uc8fc\ub294 \uc131\ubd84\uc785\ub2c8\ub2e4.\" \/>\n<meta property=\"og:url\" content=\"https:\/\/naturalpoland.com\/ko\/je-pum\/hwa-jang-pum-won-ryo\/pep-ta-i-deu\/%ed%99%98%ec%9b%90%ed%98%95-l-%ea%b8%80%eb%a3%a8%ed%83%80%ed%8b%b0%ec%98%a8\/\" \/>\n<meta property=\"og:site_name\" content=\"NATURAL POLAND - Hurtowy Dystrybutor Surowc\u00f3w\" \/>\n<meta property=\"article:publisher\" content=\"https:\/\/www.facebook.com\/naturalpoland.b2b\" \/>\n<meta property=\"og:image\" content=\"https:\/\/naturalpoland.com\/wp-content\/uploads\/GLUTATHIONE.png\" \/>\n\t<meta property=\"og:image:width\" content=\"591\" \/>\n\t<meta property=\"og:image:height\" content=\"591\" \/>\n\t<meta property=\"og:image:type\" content=\"image\/png\" \/>\n<script type=\"application\/ld+json\" class=\"yoast-schema-graph\">{\"@context\":\"https:\\\/\\\/schema.org\",\"@graph\":[{\"@type\":\"WebPage\",\"@id\":\"https:\\\/\\\/naturalpoland.com\\\/ko\\\/je-pum\\\/hwa-jang-pum-won-ryo\\\/pep-ta-i-deu\\\/%ed%99%98%ec%9b%90%ed%98%95-l-%ea%b8%80%eb%a3%a8%ed%83%80%ed%8b%b0%ec%98%a8\\\/\",\"url\":\"https:\\\/\\\/naturalpoland.com\\\/ko\\\/je-pum\\\/hwa-jang-pum-won-ryo\\\/pep-ta-i-deu\\\/%ed%99%98%ec%9b%90%ed%98%95-l-%ea%b8%80%eb%a3%a8%ed%83%80%ed%8b%b0%ec%98%a8\\\/\",\"name\":\"\ud658\uc6d0\ud615 L-\uae00\ub8e8\ud0c0\ud2f0\uc628 - Hurtowy Dystrybutor\",\"isPartOf\":{\"@id\":\"https:\\\/\\\/naturalpoland.com\\\/ko\\\/#website\"},\"primaryImageOfPage\":{\"@id\":\"https:\\\/\\\/naturalpoland.com\\\/ko\\\/je-pum\\\/hwa-jang-pum-won-ryo\\\/pep-ta-i-deu\\\/%ed%99%98%ec%9b%90%ed%98%95-l-%ea%b8%80%eb%a3%a8%ed%83%80%ed%8b%b0%ec%98%a8\\\/#primaryimage\"},\"image\":{\"@id\":\"https:\\\/\\\/naturalpoland.com\\\/ko\\\/je-pum\\\/hwa-jang-pum-won-ryo\\\/pep-ta-i-deu\\\/%ed%99%98%ec%9b%90%ed%98%95-l-%ea%b8%80%eb%a3%a8%ed%83%80%ed%8b%b0%ec%98%a8\\\/#primaryimage\"},\"thumbnailUrl\":\"https:\\\/\\\/naturalpoland.com\\\/wp-content\\\/uploads\\\/GLUTATHIONE.png\",\"datePublished\":\"2025-06-03T11:35:58+00:00\",\"description\":\"\ud658\uc6d0\ud615 L-\uae00\ub8e8\ud0c0\ud2f0\uc628(INCI: GLUTATHIONE)\uc740 \uc8fc\uadfc\uae68 \ubc0f \uc0c9\uc18c \uce68\ucc29 \uac10\uc18c\uc5d0 \ub208\uc5d0 \ub744\ub294 \ud6a8\uacfc\ub97c \uc8fc\ub294 \uc131\ubd84\uc785\ub2c8\ub2e4.\",\"breadcrumb\":{\"@id\":\"https:\\\/\\\/naturalpoland.com\\\/ko\\\/je-pum\\\/hwa-jang-pum-won-ryo\\\/pep-ta-i-deu\\\/%ed%99%98%ec%9b%90%ed%98%95-l-%ea%b8%80%eb%a3%a8%ed%83%80%ed%8b%b0%ec%98%a8\\\/#breadcrumb\"},\"inLanguage\":\"ko-KR\",\"potentialAction\":[{\"@type\":\"ReadAction\",\"target\":[\"https:\\\/\\\/naturalpoland.com\\\/ko\\\/je-pum\\\/hwa-jang-pum-won-ryo\\\/pep-ta-i-deu\\\/%ed%99%98%ec%9b%90%ed%98%95-l-%ea%b8%80%eb%a3%a8%ed%83%80%ed%8b%b0%ec%98%a8\\\/\"]}]},{\"@type\":\"ImageObject\",\"inLanguage\":\"ko-KR\",\"@id\":\"https:\\\/\\\/naturalpoland.com\\\/ko\\\/je-pum\\\/hwa-jang-pum-won-ryo\\\/pep-ta-i-deu\\\/%ed%99%98%ec%9b%90%ed%98%95-l-%ea%b8%80%eb%a3%a8%ed%83%80%ed%8b%b0%ec%98%a8\\\/#primaryimage\",\"url\":\"https:\\\/\\\/naturalpoland.com\\\/wp-content\\\/uploads\\\/GLUTATHIONE.png\",\"contentUrl\":\"https:\\\/\\\/naturalpoland.com\\\/wp-content\\\/uploads\\\/GLUTATHIONE.png\",\"width\":591,\"height\":591,\"caption\":\"zredukowany l-glutation\"},{\"@type\":\"BreadcrumbList\",\"@id\":\"https:\\\/\\\/naturalpoland.com\\\/ko\\\/je-pum\\\/hwa-jang-pum-won-ryo\\\/pep-ta-i-deu\\\/%ed%99%98%ec%9b%90%ed%98%95-l-%ea%b8%80%eb%a3%a8%ed%83%80%ed%8b%b0%ec%98%a8\\\/#breadcrumb\",\"itemListElement\":[{\"@type\":\"ListItem\",\"position\":1,\"name\":\"\ud648\",\"item\":\"https:\\\/\\\/naturalpoland.com\\\/ko\\\/\"},{\"@type\":\"ListItem\",\"position\":2,\"name\":\"\uc81c\ud488\",\"item\":\"https:\\\/\\\/naturalpoland.com\\\/ko\\\/%ec%a0%9c%ed%92%88\\\/\"},{\"@type\":\"ListItem\",\"position\":3,\"name\":\"\ud658\uc6d0\ud615 L-\uae00\ub8e8\ud0c0\ud2f0\uc628\"}]},{\"@type\":\"WebSite\",\"@id\":\"https:\\\/\\\/naturalpoland.com\\\/ko\\\/#website\",\"url\":\"https:\\\/\\\/naturalpoland.com\\\/ko\\\/\",\"name\":\"NATURAL POLAND - Hurtowy Dystrybutor Surowc\u00f3w\",\"description\":\"Surowce dla przemys\u0142u spo\u017cywczego, kosmetycznego i farmaceutycznego\",\"publisher\":{\"@id\":\"https:\\\/\\\/naturalpoland.com\\\/ko\\\/#organization\"},\"potentialAction\":[{\"@type\":\"SearchAction\",\"target\":{\"@type\":\"EntryPoint\",\"urlTemplate\":\"https:\\\/\\\/naturalpoland.com\\\/ko\\\/?s={search_term_string}\"},\"query-input\":{\"@type\":\"PropertyValueSpecification\",\"valueRequired\":true,\"valueName\":\"search_term_string\"}}],\"inLanguage\":\"ko-KR\"},{\"@type\":\"Organization\",\"@id\":\"https:\\\/\\\/naturalpoland.com\\\/ko\\\/#organization\",\"name\":\"Natural Poland\",\"url\":\"https:\\\/\\\/naturalpoland.com\\\/ko\\\/\",\"logo\":{\"@type\":\"ImageObject\",\"inLanguage\":\"ko-KR\",\"@id\":\"https:\\\/\\\/naturalpoland.com\\\/ko\\\/#\\\/schema\\\/logo\\\/image\\\/\",\"url\":\"https:\\\/\\\/naturalpoland.com\\\/wp-content\\\/uploads\\\/2021\\\/05\\\/natural-poland-icon.png\",\"contentUrl\":\"https:\\\/\\\/naturalpoland.com\\\/wp-content\\\/uploads\\\/2021\\\/05\\\/natural-poland-icon.png\",\"width\":512,\"height\":512,\"caption\":\"Natural Poland\"},\"image\":{\"@id\":\"https:\\\/\\\/naturalpoland.com\\\/ko\\\/#\\\/schema\\\/logo\\\/image\\\/\"},\"sameAs\":[\"https:\\\/\\\/www.facebook.com\\\/naturalpoland.b2b\",\"https:\\\/\\\/pl.linkedin.com\\\/company\\\/natural-poland\",\"https:\\\/\\\/www.youtube.com\\\/channel\\\/UCgeGGkvOMahZo-xu_MSEWxg\"]}]}<\/script>\n<!-- \/ Yoast SEO plugin. -->","yoast_head_json":{"title":"\ud658\uc6d0\ud615 L-\uae00\ub8e8\ud0c0\ud2f0\uc628 - Hurtowy Dystrybutor","description":"\ud658\uc6d0\ud615 L-\uae00\ub8e8\ud0c0\ud2f0\uc628(INCI: GLUTATHIONE)\uc740 \uc8fc\uadfc\uae68 \ubc0f \uc0c9\uc18c \uce68\ucc29 \uac10\uc18c\uc5d0 \ub208\uc5d0 \ub744\ub294 \ud6a8\uacfc\ub97c \uc8fc\ub294 \uc131\ubd84\uc785\ub2c8\ub2e4.","robots":{"index":"index","follow":"follow","max-snippet":"max-snippet:-1","max-image-preview":"max-image-preview:large","max-video-preview":"max-video-preview:-1"},"canonical":"https:\/\/naturalpoland.com\/ko\/je-pum\/hwa-jang-pum-won-ryo\/pep-ta-i-deu\/%ed%99%98%ec%9b%90%ed%98%95-l-%ea%b8%80%eb%a3%a8%ed%83%80%ed%8b%b0%ec%98%a8\/","og_locale":"ko_KR","og_type":"article","og_title":"\ud658\uc6d0\ud615 L-\uae00\ub8e8\ud0c0\ud2f0\uc628 - Hurtowy Dystrybutor","og_description":"\ud658\uc6d0\ud615 L-\uae00\ub8e8\ud0c0\ud2f0\uc628(INCI: GLUTATHIONE)\uc740 \uc8fc\uadfc\uae68 \ubc0f \uc0c9\uc18c \uce68\ucc29 \uac10\uc18c\uc5d0 \ub208\uc5d0 \ub744\ub294 \ud6a8\uacfc\ub97c \uc8fc\ub294 \uc131\ubd84\uc785\ub2c8\ub2e4.","og_url":"https:\/\/naturalpoland.com\/ko\/je-pum\/hwa-jang-pum-won-ryo\/pep-ta-i-deu\/%ed%99%98%ec%9b%90%ed%98%95-l-%ea%b8%80%eb%a3%a8%ed%83%80%ed%8b%b0%ec%98%a8\/","og_site_name":"NATURAL POLAND - Hurtowy Dystrybutor Surowc\u00f3w","article_publisher":"https:\/\/www.facebook.com\/naturalpoland.b2b","og_image":[{"width":591,"height":591,"url":"https:\/\/naturalpoland.com\/wp-content\/uploads\/GLUTATHIONE.png","type":"image\/png"}],"schema":{"@context":"https:\/\/schema.org","@graph":[{"@type":"WebPage","@id":"https:\/\/naturalpoland.com\/ko\/je-pum\/hwa-jang-pum-won-ryo\/pep-ta-i-deu\/%ed%99%98%ec%9b%90%ed%98%95-l-%ea%b8%80%eb%a3%a8%ed%83%80%ed%8b%b0%ec%98%a8\/","url":"https:\/\/naturalpoland.com\/ko\/je-pum\/hwa-jang-pum-won-ryo\/pep-ta-i-deu\/%ed%99%98%ec%9b%90%ed%98%95-l-%ea%b8%80%eb%a3%a8%ed%83%80%ed%8b%b0%ec%98%a8\/","name":"\ud658\uc6d0\ud615 L-\uae00\ub8e8\ud0c0\ud2f0\uc628 - Hurtowy Dystrybutor","isPartOf":{"@id":"https:\/\/naturalpoland.com\/ko\/#website"},"primaryImageOfPage":{"@id":"https:\/\/naturalpoland.com\/ko\/je-pum\/hwa-jang-pum-won-ryo\/pep-ta-i-deu\/%ed%99%98%ec%9b%90%ed%98%95-l-%ea%b8%80%eb%a3%a8%ed%83%80%ed%8b%b0%ec%98%a8\/#primaryimage"},"image":{"@id":"https:\/\/naturalpoland.com\/ko\/je-pum\/hwa-jang-pum-won-ryo\/pep-ta-i-deu\/%ed%99%98%ec%9b%90%ed%98%95-l-%ea%b8%80%eb%a3%a8%ed%83%80%ed%8b%b0%ec%98%a8\/#primaryimage"},"thumbnailUrl":"https:\/\/naturalpoland.com\/wp-content\/uploads\/GLUTATHIONE.png","datePublished":"2025-06-03T11:35:58+00:00","description":"\ud658\uc6d0\ud615 L-\uae00\ub8e8\ud0c0\ud2f0\uc628(INCI: GLUTATHIONE)\uc740 \uc8fc\uadfc\uae68 \ubc0f \uc0c9\uc18c \uce68\ucc29 \uac10\uc18c\uc5d0 \ub208\uc5d0 \ub744\ub294 \ud6a8\uacfc\ub97c \uc8fc\ub294 \uc131\ubd84\uc785\ub2c8\ub2e4.","breadcrumb":{"@id":"https:\/\/naturalpoland.com\/ko\/je-pum\/hwa-jang-pum-won-ryo\/pep-ta-i-deu\/%ed%99%98%ec%9b%90%ed%98%95-l-%ea%b8%80%eb%a3%a8%ed%83%80%ed%8b%b0%ec%98%a8\/#breadcrumb"},"inLanguage":"ko-KR","potentialAction":[{"@type":"ReadAction","target":["https:\/\/naturalpoland.com\/ko\/je-pum\/hwa-jang-pum-won-ryo\/pep-ta-i-deu\/%ed%99%98%ec%9b%90%ed%98%95-l-%ea%b8%80%eb%a3%a8%ed%83%80%ed%8b%b0%ec%98%a8\/"]}]},{"@type":"ImageObject","inLanguage":"ko-KR","@id":"https:\/\/naturalpoland.com\/ko\/je-pum\/hwa-jang-pum-won-ryo\/pep-ta-i-deu\/%ed%99%98%ec%9b%90%ed%98%95-l-%ea%b8%80%eb%a3%a8%ed%83%80%ed%8b%b0%ec%98%a8\/#primaryimage","url":"https:\/\/naturalpoland.com\/wp-content\/uploads\/GLUTATHIONE.png","contentUrl":"https:\/\/naturalpoland.com\/wp-content\/uploads\/GLUTATHIONE.png","width":591,"height":591,"caption":"zredukowany l-glutation"},{"@type":"BreadcrumbList","@id":"https:\/\/naturalpoland.com\/ko\/je-pum\/hwa-jang-pum-won-ryo\/pep-ta-i-deu\/%ed%99%98%ec%9b%90%ed%98%95-l-%ea%b8%80%eb%a3%a8%ed%83%80%ed%8b%b0%ec%98%a8\/#breadcrumb","itemListElement":[{"@type":"ListItem","position":1,"name":"\ud648","item":"https:\/\/naturalpoland.com\/ko\/"},{"@type":"ListItem","position":2,"name":"\uc81c\ud488","item":"https:\/\/naturalpoland.com\/ko\/%ec%a0%9c%ed%92%88\/"},{"@type":"ListItem","position":3,"name":"\ud658\uc6d0\ud615 L-\uae00\ub8e8\ud0c0\ud2f0\uc628"}]},{"@type":"WebSite","@id":"https:\/\/naturalpoland.com\/ko\/#website","url":"https:\/\/naturalpoland.com\/ko\/","name":"NATURAL POLAND - Hurtowy Dystrybutor Surowc\u00f3w","description":"Surowce dla przemys\u0142u spo\u017cywczego, kosmetycznego i farmaceutycznego","publisher":{"@id":"https:\/\/naturalpoland.com\/ko\/#organization"},"potentialAction":[{"@type":"SearchAction","target":{"@type":"EntryPoint","urlTemplate":"https:\/\/naturalpoland.com\/ko\/?s={search_term_string}"},"query-input":{"@type":"PropertyValueSpecification","valueRequired":true,"valueName":"search_term_string"}}],"inLanguage":"ko-KR"},{"@type":"Organization","@id":"https:\/\/naturalpoland.com\/ko\/#organization","name":"Natural Poland","url":"https:\/\/naturalpoland.com\/ko\/","logo":{"@type":"ImageObject","inLanguage":"ko-KR","@id":"https:\/\/naturalpoland.com\/ko\/#\/schema\/logo\/image\/","url":"https:\/\/naturalpoland.com\/wp-content\/uploads\/2021\/05\/natural-poland-icon.png","contentUrl":"https:\/\/naturalpoland.com\/wp-content\/uploads\/2021\/05\/natural-poland-icon.png","width":512,"height":512,"caption":"Natural Poland"},"image":{"@id":"https:\/\/naturalpoland.com\/ko\/#\/schema\/logo\/image\/"},"sameAs":["https:\/\/www.facebook.com\/naturalpoland.b2b","https:\/\/pl.linkedin.com\/company\/natural-poland","https:\/\/www.youtube.com\/channel\/UCgeGGkvOMahZo-xu_MSEWxg"]}]}},"_links":{"self":[{"href":"https:\/\/naturalpoland.com\/ko\/wp-json\/wp\/v2\/product\/41333","targetHints":{"allow":["GET"]}}],"collection":[{"href":"https:\/\/naturalpoland.com\/ko\/wp-json\/wp\/v2\/product"}],"about":[{"href":"https:\/\/naturalpoland.com\/ko\/wp-json\/wp\/v2\/types\/product"}],"wp:featuredmedia":[{"embeddable":true,"href":"https:\/\/naturalpoland.com\/ko\/wp-json\/wp\/v2\/media\/41334"}],"wp:attachment":[{"href":"https:\/\/naturalpoland.com\/ko\/wp-json\/wp\/v2\/media?parent=41333"}],"wp:term":[{"taxonomy":"product_brand","embeddable":true,"href":"https:\/\/naturalpoland.com\/ko\/wp-json\/wp\/v2\/product_brand?post=41333"},{"taxonomy":"product_cat","embeddable":true,"href":"https:\/\/naturalpoland.com\/ko\/wp-json\/wp\/v2\/product_cat?post=41333"},{"taxonomy":"product_tag","embeddable":true,"href":"https:\/\/naturalpoland.com\/ko\/wp-json\/wp\/v2\/product_tag?post=41333"}],"curies":[{"name":"wp","href":"https:\/\/api.w.org\/{rel}","templated":true}]}}