{"id":41335,"date":"2021-11-18T11:48:26","date_gmt":"2025-06-03T11:38:35","guid":{"rendered":"https:\/\/naturalpoland.com\/produkty\/uncategorized\/%ed%99%9c%ec%84%b1-%ed%94%84%eb%a1%9c%eb%b0%94%ec%9d%b4%ec%98%a4%ed%8b%b1%ec%8a%a4\/"},"modified":"2025-06-03T13:39:13","modified_gmt":"2025-06-03T11:39:13","slug":"hwal-seong-peu-ro-ba-i-o-ti-keu-seu","status":"publish","type":"product","link":"https:\/\/naturalpoland.com\/ko\/je-pum\/hwa-jang-pum-won-ryo\/peu-ro-ba-i-o-ti-seu\/hwal-seong-peu-ro-ba-i-o-ti-keu-seu\/","title":{"rendered":"\ud65c\uc131 \ud504\ub85c\ubc14\uc774\uc624\ud2f1\uc2a4"},"content":{"rendered":"<p><strong>\ud65c\uc131 \ud504\ub85c\ubc14\uc774\uc624\ud2f1\uc2a4\ub294<\/strong> \uac74\uac15\ud55c \ub77c\uc774\ud504\uc2a4\ud0c0\uc77c\uc5d0 \ud544\uc218\uc801\uc778 \uc720\uc775\ud55c \uc0b4\uc544\uc788\ub294 \ubbf8\uc0dd\ubb3c\uc785\ub2c8\ub2e4. \ud504\ub85c\ubc14\uc774\uc624\ud2f1\uc2a4\ub294 \uc18c\ud654 \uc2dc\uc2a4\ud15c\ubd80\ud130 \uba74\uc5ed\ub825, \uae30\ubd84\uacfc \ud53c\ubd80 \uc0c1\ud0dc\uc5d0 \uc774\ub974\uae30\uae4c\uc9c0 \uac74\uac15\uc5d0 \ud070 \uc601\ud5a5\uc744 \ubbf8\uce69\ub2c8\ub2e4.<\/p>\n<h3>\uc2dd\ud488 \ubc0f \uc81c\uc57d \uc0b0\uc5c5\uc5d0\uc11c \ud65c\uc57d\ud558\ub294 \ud504\ub85c\ubc14\uc774\uc624\ud2f1\uc2a4:<\/h3>\n<p>\ud504\ub85c\ubc14\uc774\uc624\ud2f1\uc2a4\ub294 \ubc1c\uacac\ub418\ub294 \uc870\uac74\uc5d0 \uc27d\uac8c \ub3d9\ud654\ub429\ub2c8\ub2e4. \uccb4\ub0b4\uc5d0\uc11c\ub294 \uc18c\ud654\uad00\uc5d0 \uc27d\uac8c \uc11c\uc2dd\ud558\uc5ec \uc18c\ud654\uae30 \uc810\ub9c9\uc758 \uae30\ub2a5\uc744 \uac1c\uc120\ud569\ub2c8\ub2e4. \uadf8\ub4e4\uc740 \ub3c5\uc18c\ub97c \uc0dd\uc131\ud558\uc9c0 \uc54a\uc73c\uba70 \uc704 \uc0c1\ud0dc (\ub0ae\uc740 pH)\uc5d0 \uc800\ud56d\ub825\uc774 \uc788\uc2b5\ub2c8\ub2e4. \uba74\uc5ed \uccb4\uacc4, \uc18c\ud654, \ubcf5\ud1b5, \uc2e0\uc7a5 \uacb0\uc11d \uce58\ub8cc\ub97c \uc9c0\uc6d0\ud558\uba70 \uac04 \uc9c8\ud658, \uacfc\ubbfc\uc131 \ub300\uc7a5 \uc99d\ud6c4\uad70 \uce58\ub8cc\uc5d0 \uc720\uc6a9\ud558\ub2e4\ub294 \uac83\uc774 \uc785\uc99d\ub418\uc5c8\uc2b5\ub2c8\ub2e4. \uc704\uada4\uc591\uc744 \uc720\ubc1c\ud558\ub294 <em>\ud5ec\ub9ac\ucf54\ubc15\ud130 \ud30c\uc77c\ub85c\ub9ac<\/em> \ubc15\ud14c\ub9ac\uc544\uc640 \uc2f8\uc6b0\ub294 \ub370 \ub3c4\uc6c0\uc774 \ub429\ub2c8\ub2e4.<\/p>\n<h3>\ud654\uc7a5\ud488 \uc5c5\uacc4\uc5d0\uc11c \ud65c\uc57d\ud558\ub294 \ud504\ub85c\ubc14\uc774\uc624\ud2f1\uc2a4:<\/h3>\n<p>\ubc15\ud14c\ub9ac\uc544 \uade0\uc8fc\ub85c \uc81c\uc870\ub41c \ud654\uc7a5\ud488\uc744 \uc0ac\uc6a9\ud558\uba74 \ubbf8\uc0dd\ubb3c\uc744 \ubcf4\ucda9\ud558\uace0 \ud53c\ubd80\uc5d0 \uc774\uc810\uc744 \uc81c\uacf5\ud569\ub2c8\ub2e4. \ud504\ub85c\ubc14\uc774\uc624\ud2f1\uc2a4\ub294 \uc6d0\uce58 \uc54a\ub294 \ubc15\ud14c\ub9ac\uc544\uc640 \uc678\ubd80 \uc694\uc778\uc73c\ub85c\ubd80\ud130 \ud53c\ubd80\ub97c \ubcf4\ud638\ud558\uc5ec \u201c\ub2a5\ub3d9\uc801\uc778 \ubcf4\ud638\ub9c9\u201d \uc744 \ud615\uc131\ud569\ub2c8\ub2e4.<\/p>\n<p>\ud654\uc7a5\ud488\uc5d0\uc11c\ub294 \uc5fc\uc99d \uce58\ub8cc, \ubcf4\ud638 \uc7a5\ubcbd \uc7ac\uac74, \uc0c1\ucc98 \uce58\uc720 \ucd09\uc9c4, \ubcf4\uc2b5, \ud53c\ubd80 \ub9e4\ub044\ub7ec\uc6c0 \ubc0f \uc7ac\uc0dd\uc5d0 \uc0ac\uc6a9\ub429\ub2c8\ub2e4. \ub610\ud55c \uc8fc\ub984\uc744 \uc644\ud654\ud558\ub294 \ub178\ud654 \ubc29\uc9c0 \uc81c\ud488\uc5d0\ub3c4 \ud6a8\uacfc\uc801\uc785\ub2c8\ub2e4. \ud504\ub85c\ubc14\uc774\uc624\ud2f1\uc2a4\ub294 \uc790\uadf9\ubc1b\uc740 \ud53c\ubd80\uc758 \uce58\uc720\ub97c \uac00\uc18d\ud654\ud558\uace0 \ud45c\ud53c \uc7ac\uc0dd\uc744 \ub3d5\uace0 \uc5ec\ub4dc\ub984 \ubcd1\ubcc0\uc744 \uce58\ub8cc\ud569\ub2c8\ub2e4. \uac74\uc870\ud558\uace0 \ubbfc\uac10\ud558\uba70 \ub208\uc5d0 \ub744\uac8c \uc5fc\uc99d\uc774 \uc788\uace0 \uc131\uc219\ud558\uace0 \uacb0\uc810\uc774\uc788\ub294 \ubaa8\ub4e0 \ud53c\ubd80 \uc720\ud615\uc5d0 \ub300\ud55c \uc900\ube44\uc5d0 \uc0ac\uc6a9\ud560 \uc218 \uc788\uc2b5\ub2c8\ub2e4.<\/p>\n","protected":false},"excerpt":{"rendered":"<p>\uc804\ubb38\uac00\ub4e4\uc740<strong> \ud504\ub85c\ubc14\uc774\uc624\ud2f1\uc2a4\ub97c<\/strong> \u201c\uc88b\uc740 \ubc15\ud14c\ub9ac\uc544\u201d \ub77c\uace0 \ubd80\ub985\ub2c8\ub2e4. \ud504\ub85c\ubc14\uc774\uc624\ud2f1\uc2a4\ub294 \uad11\ubc94\uc704\ud55c \uc791\uc6a9\uc744 \ud558\uae30 \ub54c\ubb38\uc5d0 \uc774\ub7f0 \ube44\uacf5\uc2dd\uc801\uc778 \uc774\ub984\uc774 \ubd99\uc5c8\uc2b5\ub2c8\ub2e4. \ud504\ub85c\ubc14\uc774\uc624\ud2f1\uc2a4\ub294 \uc0ac\uc6a9 \uc2b9\uc778\uc744 \ubc1b\uae30 \uc704\ud574 \uc5ec\ub7ec \uac00\uc9c0 \uc5c4\uaca9\ud55c \ud14c\uc2a4\ud2b8\ub97c \ud1b5\uacfc\ud558\uace0 \ud2b9\uc815 \uc694\uac74\uc744 \ucda9\uc871\ud574\uc57c \ud558\ub294 \ubc15\ud14c\ub9ac\uc544 \uade0\uc8fc\uc785\ub2c8\ub2e4.<\/p>\n<p>\uc0ac\uc6a9 \uac00\ub2a5\ud55c \uade0\uc8fc\ub294 \ub2e4\uc74c\uacfc \uac19\uc2b5\ub2c8\ub2e4:<em><strong> \ub77d\ud1a0\ubc14\uc2e4\ub7ec\uc2a4 \uc544\uc2dc\ub3c4\ud544\ub8e8\uc2a4, \ube44\ud53c\ub3c4\ubc15\ud14c\ub9ac\uc6c0 \ub871\uac80, \ube44\ud53c\ub3c4\ubc15\ud14c\ub9ac\uc6c0 \ub77d\ud2f0\uc2a4, \ubc14\uc2e4\ub7ec\uc2a4 \ucf54\uc544\uade4\ub780\uc2a4, \ub77d\ud1a0\ubc14\uc2e4\ub7ec\uc2a4 \ud50c\ub780\ud0c0\ub8f8.<\/strong><\/em><\/p>\n","protected":false},"featured_media":41336,"template":"","meta":{"_acf_changed":false},"product_brand":[],"product_cat":[8143,8158,8146],"product_tag":[],"class_list":{"0":"post-41335","1":"product","2":"type-product","3":"status-publish","4":"has-post-thumbnail","6":"product_cat-geon-gang-gi-neung-sig-pum-cheom-ga-mul","7":"product_cat-peu-ro-ba-i-o-ti-seu","8":"product_cat-hwa-jang-pum-won-ryo","9":"pa_grupa-substancji-8192","11":"first","12":"instock","13":"shipping-taxable","14":"product-type-simple"},"acf":[],"yoast_head":"<!-- This site is optimized with the Yoast SEO plugin v27.5 - https:\/\/yoast.com\/product\/yoast-seo-wordpress\/ -->\n<title>\ud65c\uc131 \ud504\ub85c\ubc14\uc774\uc624\ud2f1\uc2a4 - Hurtowy Dystrybutor<\/title>\n<meta name=\"description\" content=\"\ud65c\uc131 \ud504\ub85c\ubc14\uc774\uc624\ud2f1\uc2a4\ub294 \uc18c\ud654\uad00\uc5d0 \uc11c\uc2dd\ud558\uba70 \uc18c\ud654\uc640 \ud53c\ubd80 \uac74\uac15\uc5d0 \ub3c4\uc6c0\uc744 \uc8fc\ub294 \uc0b4\uc544\uc788\ub294 \ubbf8\uc0dd\ubb3c\uc785\ub2c8\ub2e4.\" \/>\n<meta name=\"robots\" content=\"index, follow, max-snippet:-1, max-image-preview:large, max-video-preview:-1\" \/>\n<link rel=\"canonical\" href=\"https:\/\/naturalpoland.com\/ko\/je-pum\/hwa-jang-pum-won-ryo\/peu-ro-ba-i-o-ti-seu\/hwal-seong-peu-ro-ba-i-o-ti-keu-seu\/\" \/>\n<meta property=\"og:locale\" content=\"ko_KR\" \/>\n<meta property=\"og:type\" content=\"article\" \/>\n<meta property=\"og:title\" content=\"\ud65c\uc131 \ud504\ub85c\ubc14\uc774\uc624\ud2f1\uc2a4 - Hurtowy Dystrybutor\" \/>\n<meta property=\"og:description\" content=\"\ud65c\uc131 \ud504\ub85c\ubc14\uc774\uc624\ud2f1\uc2a4\ub294 \uc18c\ud654\uad00\uc5d0 \uc11c\uc2dd\ud558\uba70 \uc18c\ud654\uc640 \ud53c\ubd80 \uac74\uac15\uc5d0 \ub3c4\uc6c0\uc744 \uc8fc\ub294 \uc0b4\uc544\uc788\ub294 \ubbf8\uc0dd\ubb3c\uc785\ub2c8\ub2e4.\" \/>\n<meta property=\"og:url\" content=\"https:\/\/naturalpoland.com\/ko\/je-pum\/hwa-jang-pum-won-ryo\/peu-ro-ba-i-o-ti-seu\/hwal-seong-peu-ro-ba-i-o-ti-keu-seu\/\" \/>\n<meta property=\"og:site_name\" content=\"NATURAL POLAND - Hurtowy Dystrybutor Surowc\u00f3w\" \/>\n<meta property=\"article:publisher\" content=\"https:\/\/www.facebook.com\/naturalpoland.b2b\" \/>\n<meta property=\"article:modified_time\" content=\"2025-06-03T11:39:13+00:00\" \/>\n<meta property=\"og:image\" content=\"https:\/\/naturalpoland.com\/wp-content\/uploads\/active-probiotics.png\" \/>\n\t<meta property=\"og:image:width\" content=\"595\" \/>\n\t<meta property=\"og:image:height\" content=\"595\" \/>\n\t<meta property=\"og:image:type\" content=\"image\/png\" \/>\n<script type=\"application\/ld+json\" class=\"yoast-schema-graph\">{\"@context\":\"https:\\\/\\\/schema.org\",\"@graph\":[{\"@type\":\"WebPage\",\"@id\":\"https:\\\/\\\/naturalpoland.com\\\/ko\\\/je-pum\\\/hwa-jang-pum-won-ryo\\\/peu-ro-ba-i-o-ti-seu\\\/hwal-seong-peu-ro-ba-i-o-ti-keu-seu\\\/\",\"url\":\"https:\\\/\\\/naturalpoland.com\\\/ko\\\/je-pum\\\/hwa-jang-pum-won-ryo\\\/peu-ro-ba-i-o-ti-seu\\\/hwal-seong-peu-ro-ba-i-o-ti-keu-seu\\\/\",\"name\":\"\ud65c\uc131 \ud504\ub85c\ubc14\uc774\uc624\ud2f1\uc2a4 - Hurtowy Dystrybutor\",\"isPartOf\":{\"@id\":\"https:\\\/\\\/naturalpoland.com\\\/ko\\\/#website\"},\"primaryImageOfPage\":{\"@id\":\"https:\\\/\\\/naturalpoland.com\\\/ko\\\/je-pum\\\/hwa-jang-pum-won-ryo\\\/peu-ro-ba-i-o-ti-seu\\\/hwal-seong-peu-ro-ba-i-o-ti-keu-seu\\\/#primaryimage\"},\"image\":{\"@id\":\"https:\\\/\\\/naturalpoland.com\\\/ko\\\/je-pum\\\/hwa-jang-pum-won-ryo\\\/peu-ro-ba-i-o-ti-seu\\\/hwal-seong-peu-ro-ba-i-o-ti-keu-seu\\\/#primaryimage\"},\"thumbnailUrl\":\"https:\\\/\\\/naturalpoland.com\\\/wp-content\\\/uploads\\\/active-probiotics.png\",\"datePublished\":\"2025-06-03T11:38:35+00:00\",\"dateModified\":\"2025-06-03T11:39:13+00:00\",\"description\":\"\ud65c\uc131 \ud504\ub85c\ubc14\uc774\uc624\ud2f1\uc2a4\ub294 \uc18c\ud654\uad00\uc5d0 \uc11c\uc2dd\ud558\uba70 \uc18c\ud654\uc640 \ud53c\ubd80 \uac74\uac15\uc5d0 \ub3c4\uc6c0\uc744 \uc8fc\ub294 \uc0b4\uc544\uc788\ub294 \ubbf8\uc0dd\ubb3c\uc785\ub2c8\ub2e4.\",\"breadcrumb\":{\"@id\":\"https:\\\/\\\/naturalpoland.com\\\/ko\\\/je-pum\\\/hwa-jang-pum-won-ryo\\\/peu-ro-ba-i-o-ti-seu\\\/hwal-seong-peu-ro-ba-i-o-ti-keu-seu\\\/#breadcrumb\"},\"inLanguage\":\"ko-KR\",\"potentialAction\":[{\"@type\":\"ReadAction\",\"target\":[\"https:\\\/\\\/naturalpoland.com\\\/ko\\\/je-pum\\\/hwa-jang-pum-won-ryo\\\/peu-ro-ba-i-o-ti-seu\\\/hwal-seong-peu-ro-ba-i-o-ti-keu-seu\\\/\"]}]},{\"@type\":\"ImageObject\",\"inLanguage\":\"ko-KR\",\"@id\":\"https:\\\/\\\/naturalpoland.com\\\/ko\\\/je-pum\\\/hwa-jang-pum-won-ryo\\\/peu-ro-ba-i-o-ti-seu\\\/hwal-seong-peu-ro-ba-i-o-ti-keu-seu\\\/#primaryimage\",\"url\":\"https:\\\/\\\/naturalpoland.com\\\/wp-content\\\/uploads\\\/active-probiotics.png\",\"contentUrl\":\"https:\\\/\\\/naturalpoland.com\\\/wp-content\\\/uploads\\\/active-probiotics.png\",\"width\":595,\"height\":595,\"caption\":\"probiotyki aktywne\"},{\"@type\":\"BreadcrumbList\",\"@id\":\"https:\\\/\\\/naturalpoland.com\\\/ko\\\/je-pum\\\/hwa-jang-pum-won-ryo\\\/peu-ro-ba-i-o-ti-seu\\\/hwal-seong-peu-ro-ba-i-o-ti-keu-seu\\\/#breadcrumb\",\"itemListElement\":[{\"@type\":\"ListItem\",\"position\":1,\"name\":\"\ud648\",\"item\":\"https:\\\/\\\/naturalpoland.com\\\/ko\\\/\"},{\"@type\":\"ListItem\",\"position\":2,\"name\":\"\uc81c\ud488\",\"item\":\"https:\\\/\\\/naturalpoland.com\\\/ko\\\/%ec%a0%9c%ed%92%88\\\/\"},{\"@type\":\"ListItem\",\"position\":3,\"name\":\"\ud65c\uc131 \ud504\ub85c\ubc14\uc774\uc624\ud2f1\uc2a4\"}]},{\"@type\":\"WebSite\",\"@id\":\"https:\\\/\\\/naturalpoland.com\\\/ko\\\/#website\",\"url\":\"https:\\\/\\\/naturalpoland.com\\\/ko\\\/\",\"name\":\"NATURAL POLAND - Hurtowy Dystrybutor Surowc\u00f3w\",\"description\":\"Surowce dla przemys\u0142u spo\u017cywczego, kosmetycznego i farmaceutycznego\",\"publisher\":{\"@id\":\"https:\\\/\\\/naturalpoland.com\\\/ko\\\/#organization\"},\"potentialAction\":[{\"@type\":\"SearchAction\",\"target\":{\"@type\":\"EntryPoint\",\"urlTemplate\":\"https:\\\/\\\/naturalpoland.com\\\/ko\\\/?s={search_term_string}\"},\"query-input\":{\"@type\":\"PropertyValueSpecification\",\"valueRequired\":true,\"valueName\":\"search_term_string\"}}],\"inLanguage\":\"ko-KR\"},{\"@type\":\"Organization\",\"@id\":\"https:\\\/\\\/naturalpoland.com\\\/ko\\\/#organization\",\"name\":\"Natural Poland\",\"url\":\"https:\\\/\\\/naturalpoland.com\\\/ko\\\/\",\"logo\":{\"@type\":\"ImageObject\",\"inLanguage\":\"ko-KR\",\"@id\":\"https:\\\/\\\/naturalpoland.com\\\/ko\\\/#\\\/schema\\\/logo\\\/image\\\/\",\"url\":\"https:\\\/\\\/naturalpoland.com\\\/wp-content\\\/uploads\\\/2021\\\/05\\\/natural-poland-icon.png\",\"contentUrl\":\"https:\\\/\\\/naturalpoland.com\\\/wp-content\\\/uploads\\\/2021\\\/05\\\/natural-poland-icon.png\",\"width\":512,\"height\":512,\"caption\":\"Natural Poland\"},\"image\":{\"@id\":\"https:\\\/\\\/naturalpoland.com\\\/ko\\\/#\\\/schema\\\/logo\\\/image\\\/\"},\"sameAs\":[\"https:\\\/\\\/www.facebook.com\\\/naturalpoland.b2b\",\"https:\\\/\\\/pl.linkedin.com\\\/company\\\/natural-poland\",\"https:\\\/\\\/www.youtube.com\\\/channel\\\/UCgeGGkvOMahZo-xu_MSEWxg\"]}]}<\/script>\n<!-- \/ Yoast SEO plugin. -->","yoast_head_json":{"title":"\ud65c\uc131 \ud504\ub85c\ubc14\uc774\uc624\ud2f1\uc2a4 - Hurtowy Dystrybutor","description":"\ud65c\uc131 \ud504\ub85c\ubc14\uc774\uc624\ud2f1\uc2a4\ub294 \uc18c\ud654\uad00\uc5d0 \uc11c\uc2dd\ud558\uba70 \uc18c\ud654\uc640 \ud53c\ubd80 \uac74\uac15\uc5d0 \ub3c4\uc6c0\uc744 \uc8fc\ub294 \uc0b4\uc544\uc788\ub294 \ubbf8\uc0dd\ubb3c\uc785\ub2c8\ub2e4.","robots":{"index":"index","follow":"follow","max-snippet":"max-snippet:-1","max-image-preview":"max-image-preview:large","max-video-preview":"max-video-preview:-1"},"canonical":"https:\/\/naturalpoland.com\/ko\/je-pum\/hwa-jang-pum-won-ryo\/peu-ro-ba-i-o-ti-seu\/hwal-seong-peu-ro-ba-i-o-ti-keu-seu\/","og_locale":"ko_KR","og_type":"article","og_title":"\ud65c\uc131 \ud504\ub85c\ubc14\uc774\uc624\ud2f1\uc2a4 - Hurtowy Dystrybutor","og_description":"\ud65c\uc131 \ud504\ub85c\ubc14\uc774\uc624\ud2f1\uc2a4\ub294 \uc18c\ud654\uad00\uc5d0 \uc11c\uc2dd\ud558\uba70 \uc18c\ud654\uc640 \ud53c\ubd80 \uac74\uac15\uc5d0 \ub3c4\uc6c0\uc744 \uc8fc\ub294 \uc0b4\uc544\uc788\ub294 \ubbf8\uc0dd\ubb3c\uc785\ub2c8\ub2e4.","og_url":"https:\/\/naturalpoland.com\/ko\/je-pum\/hwa-jang-pum-won-ryo\/peu-ro-ba-i-o-ti-seu\/hwal-seong-peu-ro-ba-i-o-ti-keu-seu\/","og_site_name":"NATURAL POLAND - Hurtowy Dystrybutor Surowc\u00f3w","article_publisher":"https:\/\/www.facebook.com\/naturalpoland.b2b","article_modified_time":"2025-06-03T11:39:13+00:00","og_image":[{"width":595,"height":595,"url":"https:\/\/naturalpoland.com\/wp-content\/uploads\/active-probiotics.png","type":"image\/png"}],"schema":{"@context":"https:\/\/schema.org","@graph":[{"@type":"WebPage","@id":"https:\/\/naturalpoland.com\/ko\/je-pum\/hwa-jang-pum-won-ryo\/peu-ro-ba-i-o-ti-seu\/hwal-seong-peu-ro-ba-i-o-ti-keu-seu\/","url":"https:\/\/naturalpoland.com\/ko\/je-pum\/hwa-jang-pum-won-ryo\/peu-ro-ba-i-o-ti-seu\/hwal-seong-peu-ro-ba-i-o-ti-keu-seu\/","name":"\ud65c\uc131 \ud504\ub85c\ubc14\uc774\uc624\ud2f1\uc2a4 - Hurtowy Dystrybutor","isPartOf":{"@id":"https:\/\/naturalpoland.com\/ko\/#website"},"primaryImageOfPage":{"@id":"https:\/\/naturalpoland.com\/ko\/je-pum\/hwa-jang-pum-won-ryo\/peu-ro-ba-i-o-ti-seu\/hwal-seong-peu-ro-ba-i-o-ti-keu-seu\/#primaryimage"},"image":{"@id":"https:\/\/naturalpoland.com\/ko\/je-pum\/hwa-jang-pum-won-ryo\/peu-ro-ba-i-o-ti-seu\/hwal-seong-peu-ro-ba-i-o-ti-keu-seu\/#primaryimage"},"thumbnailUrl":"https:\/\/naturalpoland.com\/wp-content\/uploads\/active-probiotics.png","datePublished":"2025-06-03T11:38:35+00:00","dateModified":"2025-06-03T11:39:13+00:00","description":"\ud65c\uc131 \ud504\ub85c\ubc14\uc774\uc624\ud2f1\uc2a4\ub294 \uc18c\ud654\uad00\uc5d0 \uc11c\uc2dd\ud558\uba70 \uc18c\ud654\uc640 \ud53c\ubd80 \uac74\uac15\uc5d0 \ub3c4\uc6c0\uc744 \uc8fc\ub294 \uc0b4\uc544\uc788\ub294 \ubbf8\uc0dd\ubb3c\uc785\ub2c8\ub2e4.","breadcrumb":{"@id":"https:\/\/naturalpoland.com\/ko\/je-pum\/hwa-jang-pum-won-ryo\/peu-ro-ba-i-o-ti-seu\/hwal-seong-peu-ro-ba-i-o-ti-keu-seu\/#breadcrumb"},"inLanguage":"ko-KR","potentialAction":[{"@type":"ReadAction","target":["https:\/\/naturalpoland.com\/ko\/je-pum\/hwa-jang-pum-won-ryo\/peu-ro-ba-i-o-ti-seu\/hwal-seong-peu-ro-ba-i-o-ti-keu-seu\/"]}]},{"@type":"ImageObject","inLanguage":"ko-KR","@id":"https:\/\/naturalpoland.com\/ko\/je-pum\/hwa-jang-pum-won-ryo\/peu-ro-ba-i-o-ti-seu\/hwal-seong-peu-ro-ba-i-o-ti-keu-seu\/#primaryimage","url":"https:\/\/naturalpoland.com\/wp-content\/uploads\/active-probiotics.png","contentUrl":"https:\/\/naturalpoland.com\/wp-content\/uploads\/active-probiotics.png","width":595,"height":595,"caption":"probiotyki aktywne"},{"@type":"BreadcrumbList","@id":"https:\/\/naturalpoland.com\/ko\/je-pum\/hwa-jang-pum-won-ryo\/peu-ro-ba-i-o-ti-seu\/hwal-seong-peu-ro-ba-i-o-ti-keu-seu\/#breadcrumb","itemListElement":[{"@type":"ListItem","position":1,"name":"\ud648","item":"https:\/\/naturalpoland.com\/ko\/"},{"@type":"ListItem","position":2,"name":"\uc81c\ud488","item":"https:\/\/naturalpoland.com\/ko\/%ec%a0%9c%ed%92%88\/"},{"@type":"ListItem","position":3,"name":"\ud65c\uc131 \ud504\ub85c\ubc14\uc774\uc624\ud2f1\uc2a4"}]},{"@type":"WebSite","@id":"https:\/\/naturalpoland.com\/ko\/#website","url":"https:\/\/naturalpoland.com\/ko\/","name":"NATURAL POLAND - Hurtowy Dystrybutor Surowc\u00f3w","description":"Surowce dla przemys\u0142u spo\u017cywczego, kosmetycznego i farmaceutycznego","publisher":{"@id":"https:\/\/naturalpoland.com\/ko\/#organization"},"potentialAction":[{"@type":"SearchAction","target":{"@type":"EntryPoint","urlTemplate":"https:\/\/naturalpoland.com\/ko\/?s={search_term_string}"},"query-input":{"@type":"PropertyValueSpecification","valueRequired":true,"valueName":"search_term_string"}}],"inLanguage":"ko-KR"},{"@type":"Organization","@id":"https:\/\/naturalpoland.com\/ko\/#organization","name":"Natural Poland","url":"https:\/\/naturalpoland.com\/ko\/","logo":{"@type":"ImageObject","inLanguage":"ko-KR","@id":"https:\/\/naturalpoland.com\/ko\/#\/schema\/logo\/image\/","url":"https:\/\/naturalpoland.com\/wp-content\/uploads\/2021\/05\/natural-poland-icon.png","contentUrl":"https:\/\/naturalpoland.com\/wp-content\/uploads\/2021\/05\/natural-poland-icon.png","width":512,"height":512,"caption":"Natural Poland"},"image":{"@id":"https:\/\/naturalpoland.com\/ko\/#\/schema\/logo\/image\/"},"sameAs":["https:\/\/www.facebook.com\/naturalpoland.b2b","https:\/\/pl.linkedin.com\/company\/natural-poland","https:\/\/www.youtube.com\/channel\/UCgeGGkvOMahZo-xu_MSEWxg"]}]}},"_links":{"self":[{"href":"https:\/\/naturalpoland.com\/ko\/wp-json\/wp\/v2\/product\/41335","targetHints":{"allow":["GET"]}}],"collection":[{"href":"https:\/\/naturalpoland.com\/ko\/wp-json\/wp\/v2\/product"}],"about":[{"href":"https:\/\/naturalpoland.com\/ko\/wp-json\/wp\/v2\/types\/product"}],"wp:featuredmedia":[{"embeddable":true,"href":"https:\/\/naturalpoland.com\/ko\/wp-json\/wp\/v2\/media\/41336"}],"wp:attachment":[{"href":"https:\/\/naturalpoland.com\/ko\/wp-json\/wp\/v2\/media?parent=41335"}],"wp:term":[{"taxonomy":"product_brand","embeddable":true,"href":"https:\/\/naturalpoland.com\/ko\/wp-json\/wp\/v2\/product_brand?post=41335"},{"taxonomy":"product_cat","embeddable":true,"href":"https:\/\/naturalpoland.com\/ko\/wp-json\/wp\/v2\/product_cat?post=41335"},{"taxonomy":"product_tag","embeddable":true,"href":"https:\/\/naturalpoland.com\/ko\/wp-json\/wp\/v2\/product_tag?post=41335"}],"curies":[{"name":"wp","href":"https:\/\/api.w.org\/{rel}","templated":true}]}}