{"id":41339,"date":"2023-07-20T10:54:49","date_gmt":"2025-06-03T11:42:44","guid":{"rendered":"https:\/\/naturalpoland.com\/produkty\/uncategorized\/%eb%b9%84%ed%99%9c%ec%84%b1%ed%99%94-%ed%94%84%eb%a1%9c%eb%b0%94%ec%9d%b4%ec%98%a4%ed%8b%b1%ec%8a%a4\/"},"modified":"2025-06-03T13:42:44","modified_gmt":"2025-06-03T11:42:44","slug":"%eb%b9%84%ed%99%9c%ec%84%b1%ed%99%94-%ed%94%84%eb%a1%9c%eb%b0%94%ec%9d%b4%ec%98%a4%ed%8b%b1%ec%8a%a4","status":"publish","type":"product","link":"https:\/\/naturalpoland.com\/ko\/je-pum\/hwa-jang-pum-won-ryo\/peu-ro-ba-i-o-ti-seu\/%eb%b9%84%ed%99%9c%ec%84%b1%ed%99%94-%ed%94%84%eb%a1%9c%eb%b0%94%ec%9d%b4%ec%98%a4%ed%8b%b1%ec%8a%a4\/","title":{"rendered":"\ube44\ud65c\uc131\ud654 \ud504\ub85c\ubc14\uc774\uc624\ud2f1\uc2a4"},"content":{"rendered":"<p>\ube44\ud65c\uc131\ud654\ub41c \ud504\ub85c\ubc14\uc774\uc624\ud2f1\uc2a4\ub294 \u201c\ube44\ud65c\uc131 \uc0c1\ud0dc\u201d \uc774\uc9c0\ub9cc \ud53c\ubd80 \ubbf8\uc0dd\ubb3c \uad70\uc9d1\uacfc \uc0c1\ud638\uc791\uc6a9\ud558\ub294 \ub2a5\ub825\uc740 \ubcc0\ud568\uc5c6\uc774 \uc720\uc9c0\ub429\ub2c8\ub2e4. \ube44\ud65c\uc131 \ud504\ub85c\ubc14\uc774\uc624\ud2f1\uc2a4\ub294 \uc0dd\uade0\uacfc \uac19\uc740 \ubc29\uc2dd\uc73c\ub85c \ud53c\ubd80\uc5d0 \uc11c\uc2dd\ud558\uc9c0 \uc54a\uc2b5\ub2c8\ub2e4. <strong><a href=\"https:\/\/naturalpoland.com\/ko\/je-pum\/hwa-jang-pum-won-ryo\/peu-ro-ba-i-o-ti-seu\/hwal-seong-peu-ro-ba-i-o-ti-keu-seu\/\">\uc0b4\uc544\uc788\ub294 \ud504\ub85c\ubc14\uc774\uc624\ud2f1\uc2a4<\/a><\/strong>\ud558\uc9c0\ub9cc \uac74\uac15\ud55c \ubc15\ud14c\ub9ac\uc544\uc5d0 \uc720\ub9ac\ud55c \ud658\uacbd\uc744 \uc870\uc131\ud558\uc5ec \ud53c\ubd80\uc758 \uc790\uc5f0\uc2a4\ub7ec\uc6b4 \uade0\ud615\uc744 \uc720\uc9c0\ud558\ub294 \ub370 \ub3c4\uc6c0\uc744 \uc90d\ub2c8\ub2e4. <\/p>\n<p>\ud2f4\ub2ec\ud654 \ud504\ub85c\ubc14\uc774\uc624\ud2f1\uc2a4\ub294 \ud53c\ubd80\uc5d0 \ub9ce\uc740 \uc774\uc810\uc744 \uc81c\uacf5\ud569\ub2c8\ub2e4. \ud504\ub85c\ubc14\uc774\uc624\ud2f1\uc2a4\ub294 \ud56d\uc5fc \ud6a8\uacfc\uac00 \uc788\uc5b4 \uc790\uadf9\uacfc \ubc1c\uc801\uc744 \uc9c4\uc815\uc2dc\ucf1c \ubbfc\uac10\ud558\uace0 \uc5fc\uc99d\uc774 \uc0dd\uae30\uae30 \uc26c\uc6b4 \ud53c\ubd80\ub098 \uc5ec\ub4dc\ub984\uc774\ub098 \uc2b5\uc9c4\uacfc \uac19\uc740 \ud2b8\ub7ec\ube14\uc774 \uc788\ub294 \ud53c\ubd80\uc5d0 \ud0c1\uc6d4\ud55c \uc131\ubd84\uc785\ub2c8\ub2e4. \ud504\ub85c\ubc14\uc774\uc624\ud2f1\uc2a4\ub294 \ud53c\ubd80 \ub9c8\uc774\ud06c\ub85c\ubc14\uc774\uc634\uacfc \uc0c1\ud638 \uc791\uc6a9\ud558\uc5ec \ud53c\ubd80\uc758 \uc790\uc5f0 \uc7a5\ubcbd\uc744 \uac15\ud654\ud558\uc5ec \uc218\ubd84\uc744 \uc720\uc9c0\ud558\uace0 \uc678\ubd80\uc758 \ubd80\uc815\uc801\uc778 \uc694\uc778\uc73c\ub85c\ubd80\ud130 \ud53c\ubd80\ub97c \ubcf4\ud638\ud558\ub294 \ub370 \ub3c4\uc6c0\uc744 \uc90d\ub2c8\ub2e4.  <\/p>\n<p>\ube44\ud65c\uc131\ud654\ub41c \ud504\ub85c\ubc14\uc774\uc624\ud2f1\uc2a4\ub294 \ub2e4\uc591\ud55c \ud654\uc7a5\ud488 \ud3ec\ubbac\ub7ec\uc5d0 \uc27d\uac8c \ucca8\uac00\ud560 \uc218 \uc788\uc2b5\ub2c8\ub2e4. \ud06c\ub9bc, \uc138\ub7fc, \ub9c8\uc2a4\ud06c \ub610\ub294 \ub85c\uc158\uc5d0 \ucca8\uac00\ud558\uba74 \ub9d0 \uadf8\ub300\ub85c \ud53c\ubd80\uc5d0 \u201c\uba39\uc774\ub97c \uc8fc\ub294\u201d \uc81c\ud488\uc744 \ub9cc\ub4e4\uc5b4 \uac74\uac15\ud558\uace0 \uc544\ub984\ub2e4\uc6b4 \ud53c\ubd80\ub97c \uc720\uc9c0\ud558\ub294 \ub370 \ud544\uc694\ud55c \uc131\ubd84\uc744 \uacf5\uae09\ud560 \uc218 \uc788\uc2b5\ub2c8\ub2e4. <\/p>\n","protected":false},"excerpt":{"rendered":"<p>\ud504\ub85c\ubc14\uc774\uc624\ud2f1\uc2a4\ub294 \uc7a5 \uac74\uac15\uc5d0 \uc720\uc775\ud55c \uac83\uc73c\ub85c \uc798 \uc54c\ub824\uc838 \uc788\uc9c0\ub9cc, \ud53c\ubd80 \uac74\uac15\uc5d0\ub3c4 \uc911\uc694\ud558\ub2e4\ub294 \uacfc\ud559\uc801 \uc99d\uac70\uac00 \uc810\uc810 \ub354 \ub9ce\uc774 \ub098\uc624\uace0 \uc788\uc2b5\ub2c8\ub2e4. <strong>\ube44\ud65c\uc131\ud654 \ud504\ub85c<\/strong>\ubc14\uc774\uc624\ud2f1\uc2a4\ub77c\uace0\ub3c4 \uc54c\ub824\uc9c4 <strong>\ud0c0\uc774\ub2ec\ub77c\uc774\uc988\ub4dc \ud504\ub85c<\/strong>\ubc14\uc774\uc624\ud2f1\uc2a4\ub294 \ud654\uc7a5\ud488\uc758 \ud601\uc2e0\uc801\uc778 \uc2dc\ub300\ub97c \uc0c1\uc9d5\ud569\ub2c8\ub2e4.<\/p>\n","protected":false},"featured_media":41340,"template":"","meta":[],"product_brand":[],"product_cat":[8158],"product_tag":[],"class_list":{"0":"post-41339","1":"product","2":"type-product","3":"status-publish","4":"has-post-thumbnail","6":"product_cat-peu-ro-ba-i-o-ti-seu","8":"first","9":"instock","10":"shipping-taxable","11":"product-type-simple"},"yoast_head":"<!-- This site is optimized with the Yoast SEO plugin v27.3 - https:\/\/yoast.com\/product\/yoast-seo-wordpress\/ -->\n<title>\ube44\ud65c\uc131\ud654 \ud504\ub85c\ubc14\uc774\uc624\ud2f1\uc2a4 - Hurtowy Dystrybutor<\/title>\n<meta name=\"description\" content=\"\ube44\ud65c\uc131\ud654 \ud504\ub85c\ubc14\uc774\uc624\ud2f1\uc2a4\ub294 \ud53c\ubd80 \ub9c8\uc774\ud06c\ub85c\ubc14\uc774\uc634\uc758 \uade0\ud615\uc744 \uc720\uc9c0\ud558\uace0 \uc790\uadf9\uc744 \uc9c4\uc815\uc2dc\ud0a4\ub294 \ud601\uc2e0\uc801\uc778 \ud654\uc7a5\ud488 \uc131\ubd84\uc785\ub2c8\ub2e4.\" \/>\n<meta name=\"robots\" content=\"index, follow, max-snippet:-1, max-image-preview:large, max-video-preview:-1\" \/>\n<link rel=\"canonical\" href=\"https:\/\/naturalpoland.com\/ko\/je-pum\/hwa-jang-pum-won-ryo\/peu-ro-ba-i-o-ti-seu\/%eb%b9%84%ed%99%9c%ec%84%b1%ed%99%94-%ed%94%84%eb%a1%9c%eb%b0%94%ec%9d%b4%ec%98%a4%ed%8b%b1%ec%8a%a4\/\" \/>\n<meta property=\"og:locale\" content=\"ko_KR\" \/>\n<meta property=\"og:type\" content=\"article\" \/>\n<meta property=\"og:title\" content=\"\ube44\ud65c\uc131\ud654 \ud504\ub85c\ubc14\uc774\uc624\ud2f1\uc2a4 - Hurtowy Dystrybutor\" \/>\n<meta property=\"og:description\" content=\"\ube44\ud65c\uc131\ud654 \ud504\ub85c\ubc14\uc774\uc624\ud2f1\uc2a4\ub294 \ud53c\ubd80 \ub9c8\uc774\ud06c\ub85c\ubc14\uc774\uc634\uc758 \uade0\ud615\uc744 \uc720\uc9c0\ud558\uace0 \uc790\uadf9\uc744 \uc9c4\uc815\uc2dc\ud0a4\ub294 \ud601\uc2e0\uc801\uc778 \ud654\uc7a5\ud488 \uc131\ubd84\uc785\ub2c8\ub2e4.\" \/>\n<meta property=\"og:url\" content=\"https:\/\/naturalpoland.com\/ko\/je-pum\/hwa-jang-pum-won-ryo\/peu-ro-ba-i-o-ti-seu\/%eb%b9%84%ed%99%9c%ec%84%b1%ed%99%94-%ed%94%84%eb%a1%9c%eb%b0%94%ec%9d%b4%ec%98%a4%ed%8b%b1%ec%8a%a4\/\" \/>\n<meta property=\"og:site_name\" content=\"NATURAL POLAND - Hurtowy Dystrybutor Surowc\u00f3w\" \/>\n<meta property=\"article:publisher\" content=\"https:\/\/www.facebook.com\/naturalpoland.b2b\" \/>\n<meta property=\"og:image\" content=\"https:\/\/naturalpoland.com\/wp-content\/uploads\/tyndallized-probiotics.png\" \/>\n\t<meta property=\"og:image:width\" content=\"595\" \/>\n\t<meta property=\"og:image:height\" content=\"595\" \/>\n\t<meta property=\"og:image:type\" content=\"image\/png\" \/>\n<script type=\"application\/ld+json\" class=\"yoast-schema-graph\">{\"@context\":\"https:\\\/\\\/schema.org\",\"@graph\":[{\"@type\":\"WebPage\",\"@id\":\"https:\\\/\\\/naturalpoland.com\\\/ko\\\/je-pum\\\/hwa-jang-pum-won-ryo\\\/peu-ro-ba-i-o-ti-seu\\\/%eb%b9%84%ed%99%9c%ec%84%b1%ed%99%94-%ed%94%84%eb%a1%9c%eb%b0%94%ec%9d%b4%ec%98%a4%ed%8b%b1%ec%8a%a4\\\/\",\"url\":\"https:\\\/\\\/naturalpoland.com\\\/ko\\\/je-pum\\\/hwa-jang-pum-won-ryo\\\/peu-ro-ba-i-o-ti-seu\\\/%eb%b9%84%ed%99%9c%ec%84%b1%ed%99%94-%ed%94%84%eb%a1%9c%eb%b0%94%ec%9d%b4%ec%98%a4%ed%8b%b1%ec%8a%a4\\\/\",\"name\":\"\ube44\ud65c\uc131\ud654 \ud504\ub85c\ubc14\uc774\uc624\ud2f1\uc2a4 - Hurtowy Dystrybutor\",\"isPartOf\":{\"@id\":\"https:\\\/\\\/naturalpoland.com\\\/ko\\\/#website\"},\"primaryImageOfPage\":{\"@id\":\"https:\\\/\\\/naturalpoland.com\\\/ko\\\/je-pum\\\/hwa-jang-pum-won-ryo\\\/peu-ro-ba-i-o-ti-seu\\\/%eb%b9%84%ed%99%9c%ec%84%b1%ed%99%94-%ed%94%84%eb%a1%9c%eb%b0%94%ec%9d%b4%ec%98%a4%ed%8b%b1%ec%8a%a4\\\/#primaryimage\"},\"image\":{\"@id\":\"https:\\\/\\\/naturalpoland.com\\\/ko\\\/je-pum\\\/hwa-jang-pum-won-ryo\\\/peu-ro-ba-i-o-ti-seu\\\/%eb%b9%84%ed%99%9c%ec%84%b1%ed%99%94-%ed%94%84%eb%a1%9c%eb%b0%94%ec%9d%b4%ec%98%a4%ed%8b%b1%ec%8a%a4\\\/#primaryimage\"},\"thumbnailUrl\":\"https:\\\/\\\/naturalpoland.com\\\/wp-content\\\/uploads\\\/tyndallized-probiotics.png\",\"datePublished\":\"2025-06-03T11:42:44+00:00\",\"description\":\"\ube44\ud65c\uc131\ud654 \ud504\ub85c\ubc14\uc774\uc624\ud2f1\uc2a4\ub294 \ud53c\ubd80 \ub9c8\uc774\ud06c\ub85c\ubc14\uc774\uc634\uc758 \uade0\ud615\uc744 \uc720\uc9c0\ud558\uace0 \uc790\uadf9\uc744 \uc9c4\uc815\uc2dc\ud0a4\ub294 \ud601\uc2e0\uc801\uc778 \ud654\uc7a5\ud488 \uc131\ubd84\uc785\ub2c8\ub2e4.\",\"breadcrumb\":{\"@id\":\"https:\\\/\\\/naturalpoland.com\\\/ko\\\/je-pum\\\/hwa-jang-pum-won-ryo\\\/peu-ro-ba-i-o-ti-seu\\\/%eb%b9%84%ed%99%9c%ec%84%b1%ed%99%94-%ed%94%84%eb%a1%9c%eb%b0%94%ec%9d%b4%ec%98%a4%ed%8b%b1%ec%8a%a4\\\/#breadcrumb\"},\"inLanguage\":\"ko-KR\",\"potentialAction\":[{\"@type\":\"ReadAction\",\"target\":[\"https:\\\/\\\/naturalpoland.com\\\/ko\\\/je-pum\\\/hwa-jang-pum-won-ryo\\\/peu-ro-ba-i-o-ti-seu\\\/%eb%b9%84%ed%99%9c%ec%84%b1%ed%99%94-%ed%94%84%eb%a1%9c%eb%b0%94%ec%9d%b4%ec%98%a4%ed%8b%b1%ec%8a%a4\\\/\"]}]},{\"@type\":\"ImageObject\",\"inLanguage\":\"ko-KR\",\"@id\":\"https:\\\/\\\/naturalpoland.com\\\/ko\\\/je-pum\\\/hwa-jang-pum-won-ryo\\\/peu-ro-ba-i-o-ti-seu\\\/%eb%b9%84%ed%99%9c%ec%84%b1%ed%99%94-%ed%94%84%eb%a1%9c%eb%b0%94%ec%9d%b4%ec%98%a4%ed%8b%b1%ec%8a%a4\\\/#primaryimage\",\"url\":\"https:\\\/\\\/naturalpoland.com\\\/wp-content\\\/uploads\\\/tyndallized-probiotics.png\",\"contentUrl\":\"https:\\\/\\\/naturalpoland.com\\\/wp-content\\\/uploads\\\/tyndallized-probiotics.png\",\"width\":595,\"height\":595,\"caption\":\"probiotyki inaktywowane\"},{\"@type\":\"BreadcrumbList\",\"@id\":\"https:\\\/\\\/naturalpoland.com\\\/ko\\\/je-pum\\\/hwa-jang-pum-won-ryo\\\/peu-ro-ba-i-o-ti-seu\\\/%eb%b9%84%ed%99%9c%ec%84%b1%ed%99%94-%ed%94%84%eb%a1%9c%eb%b0%94%ec%9d%b4%ec%98%a4%ed%8b%b1%ec%8a%a4\\\/#breadcrumb\",\"itemListElement\":[{\"@type\":\"ListItem\",\"position\":1,\"name\":\"\ud648\",\"item\":\"https:\\\/\\\/naturalpoland.com\\\/ko\\\/\"},{\"@type\":\"ListItem\",\"position\":2,\"name\":\"\uc81c\ud488\",\"item\":\"https:\\\/\\\/naturalpoland.com\\\/ko\\\/%ec%a0%9c%ed%92%88\\\/\"},{\"@type\":\"ListItem\",\"position\":3,\"name\":\"\ube44\ud65c\uc131\ud654 \ud504\ub85c\ubc14\uc774\uc624\ud2f1\uc2a4\"}]},{\"@type\":\"WebSite\",\"@id\":\"https:\\\/\\\/naturalpoland.com\\\/ko\\\/#website\",\"url\":\"https:\\\/\\\/naturalpoland.com\\\/ko\\\/\",\"name\":\"NATURAL POLAND - Hurtowy Dystrybutor Surowc\u00f3w\",\"description\":\"Surowce dla przemys\u0142u spo\u017cywczego, kosmetycznego i farmaceutycznego\",\"publisher\":{\"@id\":\"https:\\\/\\\/naturalpoland.com\\\/ko\\\/#organization\"},\"potentialAction\":[{\"@type\":\"SearchAction\",\"target\":{\"@type\":\"EntryPoint\",\"urlTemplate\":\"https:\\\/\\\/naturalpoland.com\\\/ko\\\/?s={search_term_string}\"},\"query-input\":{\"@type\":\"PropertyValueSpecification\",\"valueRequired\":true,\"valueName\":\"search_term_string\"}}],\"inLanguage\":\"ko-KR\"},{\"@type\":\"Organization\",\"@id\":\"https:\\\/\\\/naturalpoland.com\\\/ko\\\/#organization\",\"name\":\"Natural Poland\",\"url\":\"https:\\\/\\\/naturalpoland.com\\\/ko\\\/\",\"logo\":{\"@type\":\"ImageObject\",\"inLanguage\":\"ko-KR\",\"@id\":\"https:\\\/\\\/naturalpoland.com\\\/ko\\\/#\\\/schema\\\/logo\\\/image\\\/\",\"url\":\"https:\\\/\\\/naturalpoland.com\\\/wp-content\\\/uploads\\\/2021\\\/05\\\/natural-poland-icon.png\",\"contentUrl\":\"https:\\\/\\\/naturalpoland.com\\\/wp-content\\\/uploads\\\/2021\\\/05\\\/natural-poland-icon.png\",\"width\":512,\"height\":512,\"caption\":\"Natural Poland\"},\"image\":{\"@id\":\"https:\\\/\\\/naturalpoland.com\\\/ko\\\/#\\\/schema\\\/logo\\\/image\\\/\"},\"sameAs\":[\"https:\\\/\\\/www.facebook.com\\\/naturalpoland.b2b\",\"https:\\\/\\\/pl.linkedin.com\\\/company\\\/natural-poland\",\"https:\\\/\\\/www.youtube.com\\\/channel\\\/UCgeGGkvOMahZo-xu_MSEWxg\"]}]}<\/script>\n<!-- \/ Yoast SEO plugin. -->","yoast_head_json":{"title":"\ube44\ud65c\uc131\ud654 \ud504\ub85c\ubc14\uc774\uc624\ud2f1\uc2a4 - Hurtowy Dystrybutor","description":"\ube44\ud65c\uc131\ud654 \ud504\ub85c\ubc14\uc774\uc624\ud2f1\uc2a4\ub294 \ud53c\ubd80 \ub9c8\uc774\ud06c\ub85c\ubc14\uc774\uc634\uc758 \uade0\ud615\uc744 \uc720\uc9c0\ud558\uace0 \uc790\uadf9\uc744 \uc9c4\uc815\uc2dc\ud0a4\ub294 \ud601\uc2e0\uc801\uc778 \ud654\uc7a5\ud488 \uc131\ubd84\uc785\ub2c8\ub2e4.","robots":{"index":"index","follow":"follow","max-snippet":"max-snippet:-1","max-image-preview":"max-image-preview:large","max-video-preview":"max-video-preview:-1"},"canonical":"https:\/\/naturalpoland.com\/ko\/je-pum\/hwa-jang-pum-won-ryo\/peu-ro-ba-i-o-ti-seu\/%eb%b9%84%ed%99%9c%ec%84%b1%ed%99%94-%ed%94%84%eb%a1%9c%eb%b0%94%ec%9d%b4%ec%98%a4%ed%8b%b1%ec%8a%a4\/","og_locale":"ko_KR","og_type":"article","og_title":"\ube44\ud65c\uc131\ud654 \ud504\ub85c\ubc14\uc774\uc624\ud2f1\uc2a4 - Hurtowy Dystrybutor","og_description":"\ube44\ud65c\uc131\ud654 \ud504\ub85c\ubc14\uc774\uc624\ud2f1\uc2a4\ub294 \ud53c\ubd80 \ub9c8\uc774\ud06c\ub85c\ubc14\uc774\uc634\uc758 \uade0\ud615\uc744 \uc720\uc9c0\ud558\uace0 \uc790\uadf9\uc744 \uc9c4\uc815\uc2dc\ud0a4\ub294 \ud601\uc2e0\uc801\uc778 \ud654\uc7a5\ud488 \uc131\ubd84\uc785\ub2c8\ub2e4.","og_url":"https:\/\/naturalpoland.com\/ko\/je-pum\/hwa-jang-pum-won-ryo\/peu-ro-ba-i-o-ti-seu\/%eb%b9%84%ed%99%9c%ec%84%b1%ed%99%94-%ed%94%84%eb%a1%9c%eb%b0%94%ec%9d%b4%ec%98%a4%ed%8b%b1%ec%8a%a4\/","og_site_name":"NATURAL POLAND - Hurtowy Dystrybutor Surowc\u00f3w","article_publisher":"https:\/\/www.facebook.com\/naturalpoland.b2b","og_image":[{"width":595,"height":595,"url":"https:\/\/naturalpoland.com\/wp-content\/uploads\/tyndallized-probiotics.png","type":"image\/png"}],"schema":{"@context":"https:\/\/schema.org","@graph":[{"@type":"WebPage","@id":"https:\/\/naturalpoland.com\/ko\/je-pum\/hwa-jang-pum-won-ryo\/peu-ro-ba-i-o-ti-seu\/%eb%b9%84%ed%99%9c%ec%84%b1%ed%99%94-%ed%94%84%eb%a1%9c%eb%b0%94%ec%9d%b4%ec%98%a4%ed%8b%b1%ec%8a%a4\/","url":"https:\/\/naturalpoland.com\/ko\/je-pum\/hwa-jang-pum-won-ryo\/peu-ro-ba-i-o-ti-seu\/%eb%b9%84%ed%99%9c%ec%84%b1%ed%99%94-%ed%94%84%eb%a1%9c%eb%b0%94%ec%9d%b4%ec%98%a4%ed%8b%b1%ec%8a%a4\/","name":"\ube44\ud65c\uc131\ud654 \ud504\ub85c\ubc14\uc774\uc624\ud2f1\uc2a4 - Hurtowy Dystrybutor","isPartOf":{"@id":"https:\/\/naturalpoland.com\/ko\/#website"},"primaryImageOfPage":{"@id":"https:\/\/naturalpoland.com\/ko\/je-pum\/hwa-jang-pum-won-ryo\/peu-ro-ba-i-o-ti-seu\/%eb%b9%84%ed%99%9c%ec%84%b1%ed%99%94-%ed%94%84%eb%a1%9c%eb%b0%94%ec%9d%b4%ec%98%a4%ed%8b%b1%ec%8a%a4\/#primaryimage"},"image":{"@id":"https:\/\/naturalpoland.com\/ko\/je-pum\/hwa-jang-pum-won-ryo\/peu-ro-ba-i-o-ti-seu\/%eb%b9%84%ed%99%9c%ec%84%b1%ed%99%94-%ed%94%84%eb%a1%9c%eb%b0%94%ec%9d%b4%ec%98%a4%ed%8b%b1%ec%8a%a4\/#primaryimage"},"thumbnailUrl":"https:\/\/naturalpoland.com\/wp-content\/uploads\/tyndallized-probiotics.png","datePublished":"2025-06-03T11:42:44+00:00","description":"\ube44\ud65c\uc131\ud654 \ud504\ub85c\ubc14\uc774\uc624\ud2f1\uc2a4\ub294 \ud53c\ubd80 \ub9c8\uc774\ud06c\ub85c\ubc14\uc774\uc634\uc758 \uade0\ud615\uc744 \uc720\uc9c0\ud558\uace0 \uc790\uadf9\uc744 \uc9c4\uc815\uc2dc\ud0a4\ub294 \ud601\uc2e0\uc801\uc778 \ud654\uc7a5\ud488 \uc131\ubd84\uc785\ub2c8\ub2e4.","breadcrumb":{"@id":"https:\/\/naturalpoland.com\/ko\/je-pum\/hwa-jang-pum-won-ryo\/peu-ro-ba-i-o-ti-seu\/%eb%b9%84%ed%99%9c%ec%84%b1%ed%99%94-%ed%94%84%eb%a1%9c%eb%b0%94%ec%9d%b4%ec%98%a4%ed%8b%b1%ec%8a%a4\/#breadcrumb"},"inLanguage":"ko-KR","potentialAction":[{"@type":"ReadAction","target":["https:\/\/naturalpoland.com\/ko\/je-pum\/hwa-jang-pum-won-ryo\/peu-ro-ba-i-o-ti-seu\/%eb%b9%84%ed%99%9c%ec%84%b1%ed%99%94-%ed%94%84%eb%a1%9c%eb%b0%94%ec%9d%b4%ec%98%a4%ed%8b%b1%ec%8a%a4\/"]}]},{"@type":"ImageObject","inLanguage":"ko-KR","@id":"https:\/\/naturalpoland.com\/ko\/je-pum\/hwa-jang-pum-won-ryo\/peu-ro-ba-i-o-ti-seu\/%eb%b9%84%ed%99%9c%ec%84%b1%ed%99%94-%ed%94%84%eb%a1%9c%eb%b0%94%ec%9d%b4%ec%98%a4%ed%8b%b1%ec%8a%a4\/#primaryimage","url":"https:\/\/naturalpoland.com\/wp-content\/uploads\/tyndallized-probiotics.png","contentUrl":"https:\/\/naturalpoland.com\/wp-content\/uploads\/tyndallized-probiotics.png","width":595,"height":595,"caption":"probiotyki inaktywowane"},{"@type":"BreadcrumbList","@id":"https:\/\/naturalpoland.com\/ko\/je-pum\/hwa-jang-pum-won-ryo\/peu-ro-ba-i-o-ti-seu\/%eb%b9%84%ed%99%9c%ec%84%b1%ed%99%94-%ed%94%84%eb%a1%9c%eb%b0%94%ec%9d%b4%ec%98%a4%ed%8b%b1%ec%8a%a4\/#breadcrumb","itemListElement":[{"@type":"ListItem","position":1,"name":"\ud648","item":"https:\/\/naturalpoland.com\/ko\/"},{"@type":"ListItem","position":2,"name":"\uc81c\ud488","item":"https:\/\/naturalpoland.com\/ko\/%ec%a0%9c%ed%92%88\/"},{"@type":"ListItem","position":3,"name":"\ube44\ud65c\uc131\ud654 \ud504\ub85c\ubc14\uc774\uc624\ud2f1\uc2a4"}]},{"@type":"WebSite","@id":"https:\/\/naturalpoland.com\/ko\/#website","url":"https:\/\/naturalpoland.com\/ko\/","name":"NATURAL POLAND - Hurtowy Dystrybutor Surowc\u00f3w","description":"Surowce dla przemys\u0142u spo\u017cywczego, kosmetycznego i farmaceutycznego","publisher":{"@id":"https:\/\/naturalpoland.com\/ko\/#organization"},"potentialAction":[{"@type":"SearchAction","target":{"@type":"EntryPoint","urlTemplate":"https:\/\/naturalpoland.com\/ko\/?s={search_term_string}"},"query-input":{"@type":"PropertyValueSpecification","valueRequired":true,"valueName":"search_term_string"}}],"inLanguage":"ko-KR"},{"@type":"Organization","@id":"https:\/\/naturalpoland.com\/ko\/#organization","name":"Natural Poland","url":"https:\/\/naturalpoland.com\/ko\/","logo":{"@type":"ImageObject","inLanguage":"ko-KR","@id":"https:\/\/naturalpoland.com\/ko\/#\/schema\/logo\/image\/","url":"https:\/\/naturalpoland.com\/wp-content\/uploads\/2021\/05\/natural-poland-icon.png","contentUrl":"https:\/\/naturalpoland.com\/wp-content\/uploads\/2021\/05\/natural-poland-icon.png","width":512,"height":512,"caption":"Natural Poland"},"image":{"@id":"https:\/\/naturalpoland.com\/ko\/#\/schema\/logo\/image\/"},"sameAs":["https:\/\/www.facebook.com\/naturalpoland.b2b","https:\/\/pl.linkedin.com\/company\/natural-poland","https:\/\/www.youtube.com\/channel\/UCgeGGkvOMahZo-xu_MSEWxg"]}]}},"_links":{"self":[{"href":"https:\/\/naturalpoland.com\/ko\/wp-json\/wp\/v2\/product\/41339","targetHints":{"allow":["GET"]}}],"collection":[{"href":"https:\/\/naturalpoland.com\/ko\/wp-json\/wp\/v2\/product"}],"about":[{"href":"https:\/\/naturalpoland.com\/ko\/wp-json\/wp\/v2\/types\/product"}],"wp:featuredmedia":[{"embeddable":true,"href":"https:\/\/naturalpoland.com\/ko\/wp-json\/wp\/v2\/media\/41340"}],"wp:attachment":[{"href":"https:\/\/naturalpoland.com\/ko\/wp-json\/wp\/v2\/media?parent=41339"}],"wp:term":[{"taxonomy":"product_brand","embeddable":true,"href":"https:\/\/naturalpoland.com\/ko\/wp-json\/wp\/v2\/product_brand?post=41339"},{"taxonomy":"product_cat","embeddable":true,"href":"https:\/\/naturalpoland.com\/ko\/wp-json\/wp\/v2\/product_cat?post=41339"},{"taxonomy":"product_tag","embeddable":true,"href":"https:\/\/naturalpoland.com\/ko\/wp-json\/wp\/v2\/product_tag?post=41339"}],"curies":[{"name":"wp","href":"https:\/\/api.w.org\/{rel}","templated":true}]}}