{"id":41341,"date":"2021-06-09T11:36:59","date_gmt":"2025-06-03T11:46:37","guid":{"rendered":"https:\/\/naturalpoland.com\/produkty\/uncategorized\/%ec%82%ac%ed%83%95%ec%88%98%ec%88%98%ec%97%90%ec%84%9c-%ec%b6%94%ec%b6%9c%ed%95%9c-%ec%8a%a4%ec%bf%a0%ec%95%8c%eb%9e%80\/"},"modified":"2025-06-03T13:46:37","modified_gmt":"2025-06-03T11:46:37","slug":"%ec%82%ac%ed%83%95%ec%88%98%ec%88%98%ec%97%90%ec%84%9c-%ec%b6%94%ec%b6%9c%ed%95%9c-%ec%8a%a4%ec%bf%a0%ec%95%8c%eb%9e%80","status":"publish","type":"product","link":"https:\/\/naturalpoland.com\/ko\/je-pum\/hwa-jang-pum-won-ryo\/hwa-jang-pum-won-ryo-ko\/%ec%82%ac%ed%83%95%ec%88%98%ec%88%98%ec%97%90%ec%84%9c-%ec%b6%94%ec%b6%9c%ed%95%9c-%ec%8a%a4%ec%bf%a0%ec%95%8c%eb%9e%80\/","title":{"rendered":"\uc0ac\ud0d5\uc218\uc218\uc5d0\uc11c \ucd94\ucd9c\ud55c \uc2a4\ucfe0\uc54c\ub780"},"content":{"rendered":"<p>\uc0ac\ud0d5\uc218\uc218\uc5d0\uc11c \ucd94\ucd9c\ud55c \uc2a4\ucfe0\uc54c\ub780\uc740 \uc774 \ubb3c\uc9c8\uc758 \uac00\uc7a5 \uc21c\uc218\ud558\uace0 \uc548\uc815\uc801\uc778 \ud615\ud0dc\uc785\ub2c8\ub2e4. \ud53c\ubd80 \uae4a\uc219\uc774 \uce68\ud22c\ud558\uc5ec \ud65c\uc131 \ubb3c\uc9c8\uc758 \uc774\ub3d9\uc744 \ucd09\uc9c4\ud558\ub294 \ub2a5\ub825\uc774 \uc788\uc5b4 \ub178\ud654 \ubc29\uc9c0 \uc81c\ud488 \ubc0f \uc9d1\uc911 \uc7ac\uc0dd\uc774 \ud544\uc694\ud55c \ud53c\ubd80 \uad00\ub9ac\uc5d0 \ud2b9\ud788 \uc911\uc694\ud569\ub2c8\ub2e4. <\/p>\n<h3>\uc2a4\ucfe0\uc54c\ub780\uc758 \ubbf8\uc6a9\uc801 \ud2b9\uc131<\/h3>\n<p>\uc0ac\ud0d5\uc218\uc218 \uc2a4\ucfe0\uc54c\ub780\uc740 \uac00\ubccd\uace0 \uc800\uc790\uadf9\uc131\uc774\uba70 \ub2e4\uc591\ud55c \uc791\uc6a9\uc744 \ud558\ub294 \uc644\ud654\uc81c\uc785\ub2c8\ub2e4. \ubb34\uc5c7\ubcf4\ub2e4\ub3c4 <span style=\"color: #333333;\">\ub294 \ud53c\ubd80\uc5d0 \uae4a\uc740 \ubcf4\uc2b5\uacfc \uc601\uc591\uc744 \uacf5\uae09\ud558\uc5ec \uc9c0\uc9c8 \uc7a5\ubcbd\uc744 \uac15\ud654\ud569\ub2c8\ub2e4. \ub530\ub77c\uc11c \uc218\ubd84 \uc190\uc2e4\uacfc \uc678\ubd80 \uc694\uc778\uc73c\ub85c\ubd80\ud130 \ud53c\ubd80\ub97c \ubcf4\ud638\ud558\uace0 \ud45c\ud53c \uc7ac\uc0dd\uc744 \ucd09\uc9c4\ud569\ub2c8\ub2e4. \ub610\ud55c  <\/span>\ud06c\ubc1c\ub780\uc740 \ud53c\ubd80\ub97c \uc9d1\uc911\uc801\uc73c\ub85c \ub9e4\ub044\ub7fd\uace0 \ubc1d\uac8c \uac00\uafb8\uc5b4 \ube5b\ub098\ub294 \ud53c\ubd80\ub85c \uac00\uafd4\uc90d\ub2c8\ub2e4. \uc18c\uc704. <span style=\"color: #333333;\">  &#8220;\ud53c\ubd80 \ud45c\uba74\uc5d0 \uc720\ubd84\ub9c9\uc744 \ub0a8\uae30\uc9c0 \uc54a\uace0 \uc989\uac01\uc801\uc73c\ub85c \ud761\uc218\ub418\ub294 \u201c\ub4dc\ub77c\uc774 \uc624\uc77c\u201d \uc785\ub2c8\ub2e4. \ub530\ub77c\uc11c \uba54\uc774\ud06c\uc5c5 \uc544\ub798\uc5d0 \uc0ac\uc6a9\ud558\uae30\uc5d0 \uc801\ud569\ud558\uba70 \uc9c0\uc131 \ubc0f \uc5ec\ub4dc\ub984\uc131 \ud53c\ubd80\ub97c \ud3ec\ud568\ud55c \ubaa8\ub4e0 \ud53c\ubd80 \ud0c0\uc785\uc5d0 \uc644\ubcbd\ud558\uac8c \uc791\uc6a9\ud558\uace0 \ubaa8\uacf5\uc744 \ub9c9\uc9c0 \uc54a\uc73c\uba70 \ud53c\uc9c0 \uc870\uc808\uc744 \ucd09\uc9c4\ud569\ub2c8\ub2e4. P  <\/span>\uc740 \uc9c4\uc815 \ubc0f \ud56d\uc5fc \uc791\uc6a9\uc744 \ud569\ub2c8\ub2e4.<\/p>\n<h3>\uc560\ud50c\ub9ac\ucf00\uc774\uc158<\/h3>\n<p>\uc0ac\ud0d5\uc218\uc218\uc5d0\uc11c \ucd94\ucd9c\ud55c \uc2a4\ucfe0\uc54c\ub780\uc740 \ub2e4\uc591\ud55c \ud654\uc7a5\ud488 \uc81c\ud615\uc5d0 \uc0ac\uc6a9\ud560 \uc218 \uc788\uc2b5\ub2c8\ub2e4. \ud2b9\ud788 \uc218\ubd84\uc774 \ubd80\uc871\ud55c \ud53c\ubd80\uc5d0 \ub370\uc774 \ub610\ub294 \ub098\uc774\ud2b8 \uc138\ub7fc\uc73c\ub85c \uc0ac\uc6a9\ud558\uae30\uc5d0 \uc774\uc0c1\uc801\uc785\ub2c8\ub2e4. \uc5bc\uad74\uacfc \ubc14\ub514\uc6a9 \ud06c\ub9bc\uacfc \ub85c\uc158\uc5d0 \ucca8\uac00\ud558\uc5ec \ubcf4\uc2b5\uacfc \ub9e4\ub044\ub7ec\uc6c0\uc744 \ud5a5\uc0c1\uc2dc\ud0ac \uc218 \uc788\uc2b5\ub2c8\ub2e4. \ub610\ud55c \uba38\ub9ac\uce74\ub77d\uc774 \uac08\ub77c\uc9c0\ub294 \uac83\uc744 \ubc29\uc9c0\ud558\ub294 \ubaa8\ubc1c \ub05d \ubd80\ubd84\uc5d0 \uc0ac\uc6a9\ud558\uae30\uc5d0\ub3c4 \uc774\uc0c1\uc801\uc785\ub2c8\ub2e4. \ucee8\ub514\uc154\ub108\uc640 \ub9c8\uc2a4\ud06c\uc5d0 \ucca8\uac00\uc81c\ub85c\ub3c4 \uc0ac\uc6a9\ud560 \uc218 \uc788\uc2b5\ub2c8\ub2e4. \ub610\ud55c \uc544\uc774 \uc138\ub7fc\uc73c\ub85c \uc0ac\uc6a9\ud558\uba74 \ub2e4\ud06c\uc11c\ud074\uc744 \ubd80\ub4dc\ub7fd\uac8c \uc644\ud654\ud558\uace0 \ub2e4\ud06c\uc11c\ud074\uc744 \ubc1d\uac8c \ud558\uba70 \ubd93\uae30\ub97c \uc904\uc5ec\uc90d\ub2c8\ub2e4.     <\/p>\n","protected":false},"excerpt":{"rendered":"<p><strong>\uc0ac\ud0d5\uc218\uc218 \uc2a4\ucf78\ub780\uc740<\/strong> \uc21c\uc218\ud558\uace0 \uc548\uc815\uc801\uc778 \ud615\ud0dc\uc758 \uc2a4\ucf78\ub780\uc785\ub2c8\ub2e4. \uce68\uc804\ubb3c\uc774 \uc5c6\ub294 \ud22c\uba85\ud55c \ub18d\ub3c4\uac00 \ud2b9\uc9d5\uc785\ub2c8\ub2e4. <\/p>\n","protected":false},"featured_media":41342,"template":"","meta":{"_acf_changed":false},"product_brand":[],"product_cat":[8160],"product_tag":[],"class_list":{"0":"post-41341","1":"product","2":"type-product","3":"status-publish","4":"has-post-thumbnail","6":"product_cat-hwa-jang-pum-won-ryo-ko","7":"pa_grupa-substancji-8193","9":"first","10":"instock","11":"shipping-taxable","12":"product-type-simple"},"acf":[],"yoast_head":"<!-- This site is optimized with the Yoast SEO plugin v27.5 - https:\/\/yoast.com\/product\/yoast-seo-wordpress\/ -->\n<title>\uc0ac\ud0d5\uc218\uc218\uc5d0\uc11c \ucd94\ucd9c\ud55c \uc2a4\ucfe0\uc54c\ub780 - Hurtowy Dystrybutor<\/title>\n<meta name=\"description\" content=\"\uc0ac\ud0d5\uc218\uc218\uc5d0\uc11c \ucd94\ucd9c\ud55c \uc2a4\ucfe0\uc54c\ub780\uc740 \uac00\uc7a5 \uc21c\uc218\ud558\uace0 \uc548\uc815\uc801\uc778 \ud615\ud0dc\uc758 \ubb3c\uc9c8\ub85c, EcoCert \ud45c\uc900\uc744 \uc900\uc218\ud558\uba70 \uc778\uc99d\uc744 \ubc1b\uc558\uc2b5\ub2c8\ub2e4.\" \/>\n<meta name=\"robots\" content=\"index, follow, max-snippet:-1, max-image-preview:large, max-video-preview:-1\" \/>\n<link rel=\"canonical\" href=\"https:\/\/naturalpoland.com\/ko\/je-pum\/hwa-jang-pum-won-ryo\/hwa-jang-pum-won-ryo-ko\/%ec%82%ac%ed%83%95%ec%88%98%ec%88%98%ec%97%90%ec%84%9c-%ec%b6%94%ec%b6%9c%ed%95%9c-%ec%8a%a4%ec%bf%a0%ec%95%8c%eb%9e%80\/\" \/>\n<meta property=\"og:locale\" content=\"ko_KR\" \/>\n<meta property=\"og:type\" content=\"article\" \/>\n<meta property=\"og:title\" content=\"\uc0ac\ud0d5\uc218\uc218\uc5d0\uc11c \ucd94\ucd9c\ud55c \uc2a4\ucfe0\uc54c\ub780 - Hurtowy Dystrybutor\" \/>\n<meta property=\"og:description\" content=\"\uc0ac\ud0d5\uc218\uc218\uc5d0\uc11c \ucd94\ucd9c\ud55c \uc2a4\ucfe0\uc54c\ub780\uc740 \uac00\uc7a5 \uc21c\uc218\ud558\uace0 \uc548\uc815\uc801\uc778 \ud615\ud0dc\uc758 \ubb3c\uc9c8\ub85c, EcoCert \ud45c\uc900\uc744 \uc900\uc218\ud558\uba70 \uc778\uc99d\uc744 \ubc1b\uc558\uc2b5\ub2c8\ub2e4.\" \/>\n<meta property=\"og:url\" content=\"https:\/\/naturalpoland.com\/ko\/je-pum\/hwa-jang-pum-won-ryo\/hwa-jang-pum-won-ryo-ko\/%ec%82%ac%ed%83%95%ec%88%98%ec%88%98%ec%97%90%ec%84%9c-%ec%b6%94%ec%b6%9c%ed%95%9c-%ec%8a%a4%ec%bf%a0%ec%95%8c%eb%9e%80\/\" \/>\n<meta property=\"og:site_name\" content=\"NATURAL POLAND - Hurtowy Dystrybutor Surowc\u00f3w\" \/>\n<meta property=\"article:publisher\" content=\"https:\/\/www.facebook.com\/naturalpoland.b2b\" \/>\n<meta property=\"og:image\" content=\"https:\/\/naturalpoland.com\/wp-content\/uploads\/skwalan.webp\" \/>\n\t<meta property=\"og:image:width\" content=\"700\" \/>\n\t<meta property=\"og:image:height\" content=\"700\" \/>\n\t<meta property=\"og:image:type\" content=\"image\/webp\" \/>\n<script type=\"application\/ld+json\" class=\"yoast-schema-graph\">{\"@context\":\"https:\\\/\\\/schema.org\",\"@graph\":[{\"@type\":\"WebPage\",\"@id\":\"https:\\\/\\\/naturalpoland.com\\\/ko\\\/je-pum\\\/hwa-jang-pum-won-ryo\\\/hwa-jang-pum-won-ryo-ko\\\/%ec%82%ac%ed%83%95%ec%88%98%ec%88%98%ec%97%90%ec%84%9c-%ec%b6%94%ec%b6%9c%ed%95%9c-%ec%8a%a4%ec%bf%a0%ec%95%8c%eb%9e%80\\\/\",\"url\":\"https:\\\/\\\/naturalpoland.com\\\/ko\\\/je-pum\\\/hwa-jang-pum-won-ryo\\\/hwa-jang-pum-won-ryo-ko\\\/%ec%82%ac%ed%83%95%ec%88%98%ec%88%98%ec%97%90%ec%84%9c-%ec%b6%94%ec%b6%9c%ed%95%9c-%ec%8a%a4%ec%bf%a0%ec%95%8c%eb%9e%80\\\/\",\"name\":\"\uc0ac\ud0d5\uc218\uc218\uc5d0\uc11c \ucd94\ucd9c\ud55c \uc2a4\ucfe0\uc54c\ub780 - Hurtowy Dystrybutor\",\"isPartOf\":{\"@id\":\"https:\\\/\\\/naturalpoland.com\\\/ko\\\/#website\"},\"primaryImageOfPage\":{\"@id\":\"https:\\\/\\\/naturalpoland.com\\\/ko\\\/je-pum\\\/hwa-jang-pum-won-ryo\\\/hwa-jang-pum-won-ryo-ko\\\/%ec%82%ac%ed%83%95%ec%88%98%ec%88%98%ec%97%90%ec%84%9c-%ec%b6%94%ec%b6%9c%ed%95%9c-%ec%8a%a4%ec%bf%a0%ec%95%8c%eb%9e%80\\\/#primaryimage\"},\"image\":{\"@id\":\"https:\\\/\\\/naturalpoland.com\\\/ko\\\/je-pum\\\/hwa-jang-pum-won-ryo\\\/hwa-jang-pum-won-ryo-ko\\\/%ec%82%ac%ed%83%95%ec%88%98%ec%88%98%ec%97%90%ec%84%9c-%ec%b6%94%ec%b6%9c%ed%95%9c-%ec%8a%a4%ec%bf%a0%ec%95%8c%eb%9e%80\\\/#primaryimage\"},\"thumbnailUrl\":\"https:\\\/\\\/naturalpoland.com\\\/wp-content\\\/uploads\\\/skwalan.webp\",\"datePublished\":\"2025-06-03T11:46:37+00:00\",\"description\":\"\uc0ac\ud0d5\uc218\uc218\uc5d0\uc11c \ucd94\ucd9c\ud55c \uc2a4\ucfe0\uc54c\ub780\uc740 \uac00\uc7a5 \uc21c\uc218\ud558\uace0 \uc548\uc815\uc801\uc778 \ud615\ud0dc\uc758 \ubb3c\uc9c8\ub85c, EcoCert \ud45c\uc900\uc744 \uc900\uc218\ud558\uba70 \uc778\uc99d\uc744 \ubc1b\uc558\uc2b5\ub2c8\ub2e4.\",\"breadcrumb\":{\"@id\":\"https:\\\/\\\/naturalpoland.com\\\/ko\\\/je-pum\\\/hwa-jang-pum-won-ryo\\\/hwa-jang-pum-won-ryo-ko\\\/%ec%82%ac%ed%83%95%ec%88%98%ec%88%98%ec%97%90%ec%84%9c-%ec%b6%94%ec%b6%9c%ed%95%9c-%ec%8a%a4%ec%bf%a0%ec%95%8c%eb%9e%80\\\/#breadcrumb\"},\"inLanguage\":\"ko-KR\",\"potentialAction\":[{\"@type\":\"ReadAction\",\"target\":[\"https:\\\/\\\/naturalpoland.com\\\/ko\\\/je-pum\\\/hwa-jang-pum-won-ryo\\\/hwa-jang-pum-won-ryo-ko\\\/%ec%82%ac%ed%83%95%ec%88%98%ec%88%98%ec%97%90%ec%84%9c-%ec%b6%94%ec%b6%9c%ed%95%9c-%ec%8a%a4%ec%bf%a0%ec%95%8c%eb%9e%80\\\/\"]}]},{\"@type\":\"ImageObject\",\"inLanguage\":\"ko-KR\",\"@id\":\"https:\\\/\\\/naturalpoland.com\\\/ko\\\/je-pum\\\/hwa-jang-pum-won-ryo\\\/hwa-jang-pum-won-ryo-ko\\\/%ec%82%ac%ed%83%95%ec%88%98%ec%88%98%ec%97%90%ec%84%9c-%ec%b6%94%ec%b6%9c%ed%95%9c-%ec%8a%a4%ec%bf%a0%ec%95%8c%eb%9e%80\\\/#primaryimage\",\"url\":\"https:\\\/\\\/naturalpoland.com\\\/wp-content\\\/uploads\\\/skwalan.webp\",\"contentUrl\":\"https:\\\/\\\/naturalpoland.com\\\/wp-content\\\/uploads\\\/skwalan.webp\",\"width\":700,\"height\":700,\"caption\":\"Skwalan z trzciny cukrowej\"},{\"@type\":\"BreadcrumbList\",\"@id\":\"https:\\\/\\\/naturalpoland.com\\\/ko\\\/je-pum\\\/hwa-jang-pum-won-ryo\\\/hwa-jang-pum-won-ryo-ko\\\/%ec%82%ac%ed%83%95%ec%88%98%ec%88%98%ec%97%90%ec%84%9c-%ec%b6%94%ec%b6%9c%ed%95%9c-%ec%8a%a4%ec%bf%a0%ec%95%8c%eb%9e%80\\\/#breadcrumb\",\"itemListElement\":[{\"@type\":\"ListItem\",\"position\":1,\"name\":\"\ud648\",\"item\":\"https:\\\/\\\/naturalpoland.com\\\/ko\\\/\"},{\"@type\":\"ListItem\",\"position\":2,\"name\":\"\uc81c\ud488\",\"item\":\"https:\\\/\\\/naturalpoland.com\\\/ko\\\/%ec%a0%9c%ed%92%88\\\/\"},{\"@type\":\"ListItem\",\"position\":3,\"name\":\"\uc0ac\ud0d5\uc218\uc218\uc5d0\uc11c \ucd94\ucd9c\ud55c \uc2a4\ucfe0\uc54c\ub780\"}]},{\"@type\":\"WebSite\",\"@id\":\"https:\\\/\\\/naturalpoland.com\\\/ko\\\/#website\",\"url\":\"https:\\\/\\\/naturalpoland.com\\\/ko\\\/\",\"name\":\"NATURAL POLAND - Hurtowy Dystrybutor Surowc\u00f3w\",\"description\":\"Surowce dla przemys\u0142u spo\u017cywczego, kosmetycznego i farmaceutycznego\",\"publisher\":{\"@id\":\"https:\\\/\\\/naturalpoland.com\\\/ko\\\/#organization\"},\"potentialAction\":[{\"@type\":\"SearchAction\",\"target\":{\"@type\":\"EntryPoint\",\"urlTemplate\":\"https:\\\/\\\/naturalpoland.com\\\/ko\\\/?s={search_term_string}\"},\"query-input\":{\"@type\":\"PropertyValueSpecification\",\"valueRequired\":true,\"valueName\":\"search_term_string\"}}],\"inLanguage\":\"ko-KR\"},{\"@type\":\"Organization\",\"@id\":\"https:\\\/\\\/naturalpoland.com\\\/ko\\\/#organization\",\"name\":\"Natural Poland\",\"url\":\"https:\\\/\\\/naturalpoland.com\\\/ko\\\/\",\"logo\":{\"@type\":\"ImageObject\",\"inLanguage\":\"ko-KR\",\"@id\":\"https:\\\/\\\/naturalpoland.com\\\/ko\\\/#\\\/schema\\\/logo\\\/image\\\/\",\"url\":\"https:\\\/\\\/naturalpoland.com\\\/wp-content\\\/uploads\\\/2021\\\/05\\\/natural-poland-icon.png\",\"contentUrl\":\"https:\\\/\\\/naturalpoland.com\\\/wp-content\\\/uploads\\\/2021\\\/05\\\/natural-poland-icon.png\",\"width\":512,\"height\":512,\"caption\":\"Natural Poland\"},\"image\":{\"@id\":\"https:\\\/\\\/naturalpoland.com\\\/ko\\\/#\\\/schema\\\/logo\\\/image\\\/\"},\"sameAs\":[\"https:\\\/\\\/www.facebook.com\\\/naturalpoland.b2b\",\"https:\\\/\\\/pl.linkedin.com\\\/company\\\/natural-poland\",\"https:\\\/\\\/www.youtube.com\\\/channel\\\/UCgeGGkvOMahZo-xu_MSEWxg\"]}]}<\/script>\n<!-- \/ Yoast SEO plugin. -->","yoast_head_json":{"title":"\uc0ac\ud0d5\uc218\uc218\uc5d0\uc11c \ucd94\ucd9c\ud55c \uc2a4\ucfe0\uc54c\ub780 - Hurtowy Dystrybutor","description":"\uc0ac\ud0d5\uc218\uc218\uc5d0\uc11c \ucd94\ucd9c\ud55c \uc2a4\ucfe0\uc54c\ub780\uc740 \uac00\uc7a5 \uc21c\uc218\ud558\uace0 \uc548\uc815\uc801\uc778 \ud615\ud0dc\uc758 \ubb3c\uc9c8\ub85c, EcoCert \ud45c\uc900\uc744 \uc900\uc218\ud558\uba70 \uc778\uc99d\uc744 \ubc1b\uc558\uc2b5\ub2c8\ub2e4.","robots":{"index":"index","follow":"follow","max-snippet":"max-snippet:-1","max-image-preview":"max-image-preview:large","max-video-preview":"max-video-preview:-1"},"canonical":"https:\/\/naturalpoland.com\/ko\/je-pum\/hwa-jang-pum-won-ryo\/hwa-jang-pum-won-ryo-ko\/%ec%82%ac%ed%83%95%ec%88%98%ec%88%98%ec%97%90%ec%84%9c-%ec%b6%94%ec%b6%9c%ed%95%9c-%ec%8a%a4%ec%bf%a0%ec%95%8c%eb%9e%80\/","og_locale":"ko_KR","og_type":"article","og_title":"\uc0ac\ud0d5\uc218\uc218\uc5d0\uc11c \ucd94\ucd9c\ud55c \uc2a4\ucfe0\uc54c\ub780 - Hurtowy Dystrybutor","og_description":"\uc0ac\ud0d5\uc218\uc218\uc5d0\uc11c \ucd94\ucd9c\ud55c \uc2a4\ucfe0\uc54c\ub780\uc740 \uac00\uc7a5 \uc21c\uc218\ud558\uace0 \uc548\uc815\uc801\uc778 \ud615\ud0dc\uc758 \ubb3c\uc9c8\ub85c, EcoCert \ud45c\uc900\uc744 \uc900\uc218\ud558\uba70 \uc778\uc99d\uc744 \ubc1b\uc558\uc2b5\ub2c8\ub2e4.","og_url":"https:\/\/naturalpoland.com\/ko\/je-pum\/hwa-jang-pum-won-ryo\/hwa-jang-pum-won-ryo-ko\/%ec%82%ac%ed%83%95%ec%88%98%ec%88%98%ec%97%90%ec%84%9c-%ec%b6%94%ec%b6%9c%ed%95%9c-%ec%8a%a4%ec%bf%a0%ec%95%8c%eb%9e%80\/","og_site_name":"NATURAL POLAND - Hurtowy Dystrybutor Surowc\u00f3w","article_publisher":"https:\/\/www.facebook.com\/naturalpoland.b2b","og_image":[{"width":700,"height":700,"url":"https:\/\/naturalpoland.com\/wp-content\/uploads\/skwalan.webp","type":"image\/webp"}],"schema":{"@context":"https:\/\/schema.org","@graph":[{"@type":"WebPage","@id":"https:\/\/naturalpoland.com\/ko\/je-pum\/hwa-jang-pum-won-ryo\/hwa-jang-pum-won-ryo-ko\/%ec%82%ac%ed%83%95%ec%88%98%ec%88%98%ec%97%90%ec%84%9c-%ec%b6%94%ec%b6%9c%ed%95%9c-%ec%8a%a4%ec%bf%a0%ec%95%8c%eb%9e%80\/","url":"https:\/\/naturalpoland.com\/ko\/je-pum\/hwa-jang-pum-won-ryo\/hwa-jang-pum-won-ryo-ko\/%ec%82%ac%ed%83%95%ec%88%98%ec%88%98%ec%97%90%ec%84%9c-%ec%b6%94%ec%b6%9c%ed%95%9c-%ec%8a%a4%ec%bf%a0%ec%95%8c%eb%9e%80\/","name":"\uc0ac\ud0d5\uc218\uc218\uc5d0\uc11c \ucd94\ucd9c\ud55c \uc2a4\ucfe0\uc54c\ub780 - Hurtowy Dystrybutor","isPartOf":{"@id":"https:\/\/naturalpoland.com\/ko\/#website"},"primaryImageOfPage":{"@id":"https:\/\/naturalpoland.com\/ko\/je-pum\/hwa-jang-pum-won-ryo\/hwa-jang-pum-won-ryo-ko\/%ec%82%ac%ed%83%95%ec%88%98%ec%88%98%ec%97%90%ec%84%9c-%ec%b6%94%ec%b6%9c%ed%95%9c-%ec%8a%a4%ec%bf%a0%ec%95%8c%eb%9e%80\/#primaryimage"},"image":{"@id":"https:\/\/naturalpoland.com\/ko\/je-pum\/hwa-jang-pum-won-ryo\/hwa-jang-pum-won-ryo-ko\/%ec%82%ac%ed%83%95%ec%88%98%ec%88%98%ec%97%90%ec%84%9c-%ec%b6%94%ec%b6%9c%ed%95%9c-%ec%8a%a4%ec%bf%a0%ec%95%8c%eb%9e%80\/#primaryimage"},"thumbnailUrl":"https:\/\/naturalpoland.com\/wp-content\/uploads\/skwalan.webp","datePublished":"2025-06-03T11:46:37+00:00","description":"\uc0ac\ud0d5\uc218\uc218\uc5d0\uc11c \ucd94\ucd9c\ud55c \uc2a4\ucfe0\uc54c\ub780\uc740 \uac00\uc7a5 \uc21c\uc218\ud558\uace0 \uc548\uc815\uc801\uc778 \ud615\ud0dc\uc758 \ubb3c\uc9c8\ub85c, EcoCert \ud45c\uc900\uc744 \uc900\uc218\ud558\uba70 \uc778\uc99d\uc744 \ubc1b\uc558\uc2b5\ub2c8\ub2e4.","breadcrumb":{"@id":"https:\/\/naturalpoland.com\/ko\/je-pum\/hwa-jang-pum-won-ryo\/hwa-jang-pum-won-ryo-ko\/%ec%82%ac%ed%83%95%ec%88%98%ec%88%98%ec%97%90%ec%84%9c-%ec%b6%94%ec%b6%9c%ed%95%9c-%ec%8a%a4%ec%bf%a0%ec%95%8c%eb%9e%80\/#breadcrumb"},"inLanguage":"ko-KR","potentialAction":[{"@type":"ReadAction","target":["https:\/\/naturalpoland.com\/ko\/je-pum\/hwa-jang-pum-won-ryo\/hwa-jang-pum-won-ryo-ko\/%ec%82%ac%ed%83%95%ec%88%98%ec%88%98%ec%97%90%ec%84%9c-%ec%b6%94%ec%b6%9c%ed%95%9c-%ec%8a%a4%ec%bf%a0%ec%95%8c%eb%9e%80\/"]}]},{"@type":"ImageObject","inLanguage":"ko-KR","@id":"https:\/\/naturalpoland.com\/ko\/je-pum\/hwa-jang-pum-won-ryo\/hwa-jang-pum-won-ryo-ko\/%ec%82%ac%ed%83%95%ec%88%98%ec%88%98%ec%97%90%ec%84%9c-%ec%b6%94%ec%b6%9c%ed%95%9c-%ec%8a%a4%ec%bf%a0%ec%95%8c%eb%9e%80\/#primaryimage","url":"https:\/\/naturalpoland.com\/wp-content\/uploads\/skwalan.webp","contentUrl":"https:\/\/naturalpoland.com\/wp-content\/uploads\/skwalan.webp","width":700,"height":700,"caption":"Skwalan z trzciny cukrowej"},{"@type":"BreadcrumbList","@id":"https:\/\/naturalpoland.com\/ko\/je-pum\/hwa-jang-pum-won-ryo\/hwa-jang-pum-won-ryo-ko\/%ec%82%ac%ed%83%95%ec%88%98%ec%88%98%ec%97%90%ec%84%9c-%ec%b6%94%ec%b6%9c%ed%95%9c-%ec%8a%a4%ec%bf%a0%ec%95%8c%eb%9e%80\/#breadcrumb","itemListElement":[{"@type":"ListItem","position":1,"name":"\ud648","item":"https:\/\/naturalpoland.com\/ko\/"},{"@type":"ListItem","position":2,"name":"\uc81c\ud488","item":"https:\/\/naturalpoland.com\/ko\/%ec%a0%9c%ed%92%88\/"},{"@type":"ListItem","position":3,"name":"\uc0ac\ud0d5\uc218\uc218\uc5d0\uc11c \ucd94\ucd9c\ud55c \uc2a4\ucfe0\uc54c\ub780"}]},{"@type":"WebSite","@id":"https:\/\/naturalpoland.com\/ko\/#website","url":"https:\/\/naturalpoland.com\/ko\/","name":"NATURAL POLAND - Hurtowy Dystrybutor Surowc\u00f3w","description":"Surowce dla przemys\u0142u spo\u017cywczego, kosmetycznego i farmaceutycznego","publisher":{"@id":"https:\/\/naturalpoland.com\/ko\/#organization"},"potentialAction":[{"@type":"SearchAction","target":{"@type":"EntryPoint","urlTemplate":"https:\/\/naturalpoland.com\/ko\/?s={search_term_string}"},"query-input":{"@type":"PropertyValueSpecification","valueRequired":true,"valueName":"search_term_string"}}],"inLanguage":"ko-KR"},{"@type":"Organization","@id":"https:\/\/naturalpoland.com\/ko\/#organization","name":"Natural Poland","url":"https:\/\/naturalpoland.com\/ko\/","logo":{"@type":"ImageObject","inLanguage":"ko-KR","@id":"https:\/\/naturalpoland.com\/ko\/#\/schema\/logo\/image\/","url":"https:\/\/naturalpoland.com\/wp-content\/uploads\/2021\/05\/natural-poland-icon.png","contentUrl":"https:\/\/naturalpoland.com\/wp-content\/uploads\/2021\/05\/natural-poland-icon.png","width":512,"height":512,"caption":"Natural Poland"},"image":{"@id":"https:\/\/naturalpoland.com\/ko\/#\/schema\/logo\/image\/"},"sameAs":["https:\/\/www.facebook.com\/naturalpoland.b2b","https:\/\/pl.linkedin.com\/company\/natural-poland","https:\/\/www.youtube.com\/channel\/UCgeGGkvOMahZo-xu_MSEWxg"]}]}},"_links":{"self":[{"href":"https:\/\/naturalpoland.com\/ko\/wp-json\/wp\/v2\/product\/41341","targetHints":{"allow":["GET"]}}],"collection":[{"href":"https:\/\/naturalpoland.com\/ko\/wp-json\/wp\/v2\/product"}],"about":[{"href":"https:\/\/naturalpoland.com\/ko\/wp-json\/wp\/v2\/types\/product"}],"wp:featuredmedia":[{"embeddable":true,"href":"https:\/\/naturalpoland.com\/ko\/wp-json\/wp\/v2\/media\/41342"}],"wp:attachment":[{"href":"https:\/\/naturalpoland.com\/ko\/wp-json\/wp\/v2\/media?parent=41341"}],"wp:term":[{"taxonomy":"product_brand","embeddable":true,"href":"https:\/\/naturalpoland.com\/ko\/wp-json\/wp\/v2\/product_brand?post=41341"},{"taxonomy":"product_cat","embeddable":true,"href":"https:\/\/naturalpoland.com\/ko\/wp-json\/wp\/v2\/product_cat?post=41341"},{"taxonomy":"product_tag","embeddable":true,"href":"https:\/\/naturalpoland.com\/ko\/wp-json\/wp\/v2\/product_tag?post=41341"}],"curies":[{"name":"wp","href":"https:\/\/api.w.org\/{rel}","templated":true}]}}