{"id":41363,"date":"2024-05-17T11:26:28","date_gmt":"2025-06-04T13:28:04","guid":{"rendered":"https:\/\/naturalpoland.com\/produkty\/uncategorized\/%eb%b9%84%ed%83%80%eb%af%bc-d3-%ec%bd%9c%eb%a0%88%ec%b9%bc%ec%8b%9c%ed%8e%98%eb%a1%a4\/"},"modified":"2025-07-16T15:10:07","modified_gmt":"2025-07-16T13:10:07","slug":"bitamin-d3-kollekalsipeerol","status":"publish","type":"product","link":"https:\/\/naturalpoland.com\/ko\/je-pum\/ui-yak-pum-won-ryo\/bi-ta-min\/bitamin-d3-kollekalsipeerol\/","title":{"rendered":"\ube44\ud0c0\ubbfc D3, \ucf5c\ub808\uce7c\uc2dc\ud398\ub864"},"content":{"rendered":"<p>\ube44\ud0c0\ubbfc D3\ub294 \ud587\ube5b(UVB)\uc5d0 \ub178\ucd9c\ub418\uba74 \ud53c\ubd80\uc5d0\uc11c \uc790\uc5f0\uc801\uc73c\ub85c \uc0dd\uc131\ub418\uc9c0\ub9cc, \ud2b9\ud788 \uc628\ub300 \uae30\ud6c4\uc5d0\uc11c\ub294 \ud587\ube5b \ub178\ucd9c\uc774 \uc81c\ud55c\ub418\uc5b4 \uc788\uae30 \ub54c\ubb38\uc5d0 \ubcf4\ucda9\uc81c\uac00 \ud544\uc694\ud55c \uacbd\uc6b0\uac00 \ub9ce\uc2b5\ub2c8\ub2e4.<\/p>\n<h3>\ube44\ud0c0\ubbfc D3\uc758 \ud2b9\uc9d5<\/h3>\n<p>\ube44\ud0c0\ubbfc D3\ub294 \uc6b0\uc720, \uc694\uac70\ud2b8, \uc544\uce68 \uc2dc\ub9ac\uc5bc\uacfc \uac19\uc740 \uac74\uac15 \ubcf4\uc870 \uc2dd\ud488 \ubc0f \uac15\ud654 \uc2dd\ud488 \uc0dd\uc0b0\uc5d0 \ub110\ub9ac \uc0ac\uc6a9\ub418\ub294 \uc6d0\ub8cc\uc785\ub2c8\ub2e4. \uc2dd\ubb3c\uc131 \ube44\ud0c0\ubbfc D2(\uc5d0\ub974\uace0\uce7c\uc2dc\ud398\ub864)\ubcf4\ub2e4 \uccb4\ub0b4 \ube44\ud0c0\ubbfc D \uc218\uce58\ub97c \ub192\uc774\uace0 \uc720\uc9c0\ud558\ub294 \ub370 \ub354 \ud6a8\uacfc\uc801\uc785\ub2c8\ub2e4.<\/p>\n<h3>\uc18d\uc131 \ubc0f \uc560\ud50c\ub9ac\ucf00\uc774\uc158<\/h3>\n<ol>\n<li>\ube44\ud0c0\ubbfc D3\ub294 \uc18c\ud654\uad00\uc5d0\uc11c \uce7c\uc298\uacfc \uc778\uc758 \ud761\uc218\ub97c \uc870\uc808\ud558\uae30 \ub54c\ubb38\uc5d0 \ubf08\ub97c \ud2bc\ud2bc\ud558\uac8c \ub9cc\ub4e4\uace0 \uc720\uc9c0\ud558\uba70 \uace8\ub2e4\uacf5\uc99d\uc744 \uc608\ubc29\ud558\ub294 \ub370 \ud544\uc218\uc801\uc778 \uc601\uc591\uc18c\uc785\ub2c8\ub2e4.<\/li>\n<li>\uba74\uc5ed \uccb4\uacc4\ub97c \uc9c0\uc6d0\ud558\uc5ec \uac10\uc5fc\uc73c\ub85c\ubd80\ud130 \uc2e0\uccb4\ub97c \ubcf4\ud638\ud569\ub2c8\ub2e4. \ud2b9\uc815 \uc790\uac00 \uba74\uc5ed \uc9c8\ud658\uc758 \uc704\ud5d8\uc744 \uc904\uc77c \uc218 \uc788\ub294 \uc7a0\uc7ac\ub825\uc774 \uc788\uc2b5\ub2c8\ub2e4.<\/li>\n<li>\ud2b9\uc815 \uc720\ud615\uc758 \uc554, \uc2ec\uc7a5\ubcd1, \ub2f9\ub1e8\ubcd1\uc744 \ud3ec\ud568\ud55c \ub9cc\uc131 \uc9c8\ud658\uc5d0 \ub300\ud55c \uc608\ubc29 \ud6a8\uacfc\uac00 \uc788\uc2b5\ub2c8\ub2e4.<\/li>\n<li>\uc815\uc2e0 \uac74\uac15\uc744 \uc9c0\uc6d0\ud569\ub2c8\ub2e4. \uc5fd\uc0b0 \uacb0\ud54d\uc740 \uc6b0\uc6b8\uc99d\uc744 \ud3ec\ud568\ud55c \uae30\ubd84 \uc7a5\uc560 \ubc1c\ubcd1 \uc704\ud5d8\uc774 \ub192\uc544\uc9c0\ub294 \uac83\uacfc \uad00\ub828\uc774 \uc788\uc744 \uc218 \uc788\uc2b5\ub2c8\ub2e4.<\/li>\n<\/ol>\n<h3>\ube44\ud0c0\ubbfc D3 \uc6d0\uc720 \ud615\ud0dc<\/h3>\n<p>\uc870 \ube44\ud0c0\ubbfc D3\ub294 \uc77c\ubc18\uc801\uc73c\ub85c \uc720\uc131 \ud615\ud0dc \ub610\ub294 \uc2dd\uc774 \ubcf4\ucda9\uc81c, \uac15\ud654 \uc2dd\ud488 \ubc0f \uc758\uc57d\ud488 \uc81c\ud615\uc5d0 \uc27d\uac8c \ud1b5\ud569\ud560 \uc218 \uc788\ub294 \ubd84\ub9d0 \ud615\ud0dc\ub85c \uc81c\uacf5\ub429\ub2c8\ub2e4. \uc720\uc131 \ud615\ud0dc\ub294 \ud2b9\ud788 \ube44\ud0c0\ubbfc D3\uc758 \ud761\uc218\ub97c \ucd09\uc9c4\ud558\ub294 \ubd80\ub4dc\ub7ec\uc6b4 \uc824 \ucea1\uc290 \ubc0f \uc561\uccb4 \uc81c\ud615 \uc0dd\uc0b0\uc5d0 \uc801\ud569\ud569\ub2c8\ub2e4.<\/p>\n","protected":false},"excerpt":{"rendered":"<p>\ucf5c\ub808\uce7c\uc2dc\ud398\ub864\uc774\ub77c\uace0\ub3c4 \ud558\ub294 \ube44\ud0c0\ubbfc D3\ub294 \uce7c\uc298\uacfc \uc778 \uc218\uce58 \uc870\uc808\uc744 \ud3ec\ud568\ud558\uc5ec \uc778\uccb4\uc758 \uc5ec\ub7ec \uac74\uac15 \uacfc\uc815\uc5d0 \uc911\uc694\ud55c \uc5ed\ud560\uc744 \ud558\ub294 \ube44\ud0c0\ubbfc D\uc758 \ud55c \ud615\ud0dc\uc785\ub2c8\ub2e4. \uc774 \uc81c\ud488\uc740 \uc57d\uac04 \ud669\uc0c9 \ub610\ub294 \ud770\uc0c9\uc758 \ubbf8\uc138\ud55c \ubd84\ub9d0 \ud615\ud0dc\ub85c \uc81c\uacf5\ub429\ub2c8\ub2e4.<\/p>\n","protected":false},"featured_media":41364,"template":"","meta":{"_acf_changed":false},"product_brand":[],"product_cat":[8145],"product_tag":[],"class_list":{"0":"post-41363","1":"product","2":"type-product","3":"status-publish","4":"has-post-thumbnail","6":"product_cat-bi-ta-min","8":"first","9":"instock","10":"shipping-taxable","11":"product-type-simple"},"acf":[],"yoast_head":"<!-- This site is optimized with the Yoast SEO plugin v27.4 - https:\/\/yoast.com\/product\/yoast-seo-wordpress\/ -->\n<title>\ube44\ud0c0\ubbfc D3, \ucf5c\ub808\uce7c\uc2dc\ud398\ub864 - NATURAL POLAND - Hurtowy Dystrybutor Surowc\u00f3w<\/title>\n<meta name=\"description\" content=\"\ucf5c\ub808\uce7c\uc2dc\ud398\ub864\uc774\ub77c\uace0\ub3c4 \ud558\ub294 \ube44\ud0c0\ubbfc D3\ub294 \uc778\uccb4\uc758 \uc5ec\ub7ec \uac74\uac15 \uacfc\uc815\uc5d0 \uc911\uc694\ud55c \uc5ed\ud560\uc744 \ud558\ub294 \ube44\ud0c0\ubbfc D\uc758 \ud55c \ud615\ud0dc\uc785\ub2c8\ub2e4.\" \/>\n<meta name=\"robots\" content=\"index, follow, max-snippet:-1, max-image-preview:large, max-video-preview:-1\" \/>\n<link rel=\"canonical\" href=\"https:\/\/naturalpoland.com\/ko\/je-pum\/ui-yak-pum-won-ryo\/bi-ta-min\/bitamin-d3-kollekalsipeerol\/\" \/>\n<meta property=\"og:locale\" content=\"ko_KR\" \/>\n<meta property=\"og:type\" content=\"article\" \/>\n<meta property=\"og:title\" content=\"\ube44\ud0c0\ubbfc D3, \ucf5c\ub808\uce7c\uc2dc\ud398\ub864 - NATURAL POLAND - Hurtowy Dystrybutor Surowc\u00f3w\" \/>\n<meta property=\"og:description\" content=\"\ucf5c\ub808\uce7c\uc2dc\ud398\ub864\uc774\ub77c\uace0\ub3c4 \ud558\ub294 \ube44\ud0c0\ubbfc D3\ub294 \uc778\uccb4\uc758 \uc5ec\ub7ec \uac74\uac15 \uacfc\uc815\uc5d0 \uc911\uc694\ud55c \uc5ed\ud560\uc744 \ud558\ub294 \ube44\ud0c0\ubbfc D\uc758 \ud55c \ud615\ud0dc\uc785\ub2c8\ub2e4.\" \/>\n<meta property=\"og:url\" content=\"https:\/\/naturalpoland.com\/ko\/je-pum\/ui-yak-pum-won-ryo\/bi-ta-min\/bitamin-d3-kollekalsipeerol\/\" \/>\n<meta property=\"og:site_name\" content=\"NATURAL POLAND - Hurtowy Dystrybutor Surowc\u00f3w\" \/>\n<meta property=\"article:publisher\" content=\"https:\/\/www.facebook.com\/naturalpoland.b2b\" \/>\n<meta property=\"article:modified_time\" content=\"2025-07-16T13:10:07+00:00\" \/>\n<meta property=\"og:image\" content=\"https:\/\/naturalpoland.com\/wp-content\/uploads\/witamina-d3.webp\" \/>\n\t<meta property=\"og:image:width\" content=\"616\" \/>\n\t<meta property=\"og:image:height\" content=\"616\" \/>\n\t<meta property=\"og:image:type\" content=\"image\/webp\" \/>\n<script type=\"application\/ld+json\" class=\"yoast-schema-graph\">{\"@context\":\"https:\\\/\\\/schema.org\",\"@graph\":[{\"@type\":\"WebPage\",\"@id\":\"https:\\\/\\\/naturalpoland.com\\\/ko\\\/je-pum\\\/ui-yak-pum-won-ryo\\\/bi-ta-min\\\/bitamin-d3-kollekalsipeerol\\\/\",\"url\":\"https:\\\/\\\/naturalpoland.com\\\/ko\\\/je-pum\\\/ui-yak-pum-won-ryo\\\/bi-ta-min\\\/bitamin-d3-kollekalsipeerol\\\/\",\"name\":\"\ube44\ud0c0\ubbfc D3, \ucf5c\ub808\uce7c\uc2dc\ud398\ub864 - NATURAL POLAND - Hurtowy Dystrybutor Surowc\u00f3w\",\"isPartOf\":{\"@id\":\"https:\\\/\\\/naturalpoland.com\\\/ko\\\/#website\"},\"primaryImageOfPage\":{\"@id\":\"https:\\\/\\\/naturalpoland.com\\\/ko\\\/je-pum\\\/ui-yak-pum-won-ryo\\\/bi-ta-min\\\/bitamin-d3-kollekalsipeerol\\\/#primaryimage\"},\"image\":{\"@id\":\"https:\\\/\\\/naturalpoland.com\\\/ko\\\/je-pum\\\/ui-yak-pum-won-ryo\\\/bi-ta-min\\\/bitamin-d3-kollekalsipeerol\\\/#primaryimage\"},\"thumbnailUrl\":\"https:\\\/\\\/naturalpoland.com\\\/wp-content\\\/uploads\\\/witamina-d3.webp\",\"datePublished\":\"2025-06-04T13:28:04+00:00\",\"dateModified\":\"2025-07-16T13:10:07+00:00\",\"description\":\"\ucf5c\ub808\uce7c\uc2dc\ud398\ub864\uc774\ub77c\uace0\ub3c4 \ud558\ub294 \ube44\ud0c0\ubbfc D3\ub294 \uc778\uccb4\uc758 \uc5ec\ub7ec \uac74\uac15 \uacfc\uc815\uc5d0 \uc911\uc694\ud55c \uc5ed\ud560\uc744 \ud558\ub294 \ube44\ud0c0\ubbfc D\uc758 \ud55c \ud615\ud0dc\uc785\ub2c8\ub2e4.\",\"breadcrumb\":{\"@id\":\"https:\\\/\\\/naturalpoland.com\\\/ko\\\/je-pum\\\/ui-yak-pum-won-ryo\\\/bi-ta-min\\\/bitamin-d3-kollekalsipeerol\\\/#breadcrumb\"},\"inLanguage\":\"ko-KR\",\"potentialAction\":[{\"@type\":\"ReadAction\",\"target\":[\"https:\\\/\\\/naturalpoland.com\\\/ko\\\/je-pum\\\/ui-yak-pum-won-ryo\\\/bi-ta-min\\\/bitamin-d3-kollekalsipeerol\\\/\"]}]},{\"@type\":\"ImageObject\",\"inLanguage\":\"ko-KR\",\"@id\":\"https:\\\/\\\/naturalpoland.com\\\/ko\\\/je-pum\\\/ui-yak-pum-won-ryo\\\/bi-ta-min\\\/bitamin-d3-kollekalsipeerol\\\/#primaryimage\",\"url\":\"https:\\\/\\\/naturalpoland.com\\\/wp-content\\\/uploads\\\/witamina-d3.webp\",\"contentUrl\":\"https:\\\/\\\/naturalpoland.com\\\/wp-content\\\/uploads\\\/witamina-d3.webp\",\"width\":616,\"height\":616,\"caption\":\"surowa witamina d w formie oleistej oraz jako proszek\"},{\"@type\":\"BreadcrumbList\",\"@id\":\"https:\\\/\\\/naturalpoland.com\\\/ko\\\/je-pum\\\/ui-yak-pum-won-ryo\\\/bi-ta-min\\\/bitamin-d3-kollekalsipeerol\\\/#breadcrumb\",\"itemListElement\":[{\"@type\":\"ListItem\",\"position\":1,\"name\":\"\ud648\",\"item\":\"https:\\\/\\\/naturalpoland.com\\\/ko\\\/\"},{\"@type\":\"ListItem\",\"position\":2,\"name\":\"\uc81c\ud488\",\"item\":\"https:\\\/\\\/naturalpoland.com\\\/ko\\\/%ec%a0%9c%ed%92%88\\\/\"},{\"@type\":\"ListItem\",\"position\":3,\"name\":\"\ube44\ud0c0\ubbfc D3, \ucf5c\ub808\uce7c\uc2dc\ud398\ub864\"}]},{\"@type\":\"WebSite\",\"@id\":\"https:\\\/\\\/naturalpoland.com\\\/ko\\\/#website\",\"url\":\"https:\\\/\\\/naturalpoland.com\\\/ko\\\/\",\"name\":\"NATURAL POLAND - Hurtowy Dystrybutor Surowc\u00f3w\",\"description\":\"Surowce dla przemys\u0142u spo\u017cywczego, kosmetycznego i farmaceutycznego\",\"publisher\":{\"@id\":\"https:\\\/\\\/naturalpoland.com\\\/ko\\\/#organization\"},\"potentialAction\":[{\"@type\":\"SearchAction\",\"target\":{\"@type\":\"EntryPoint\",\"urlTemplate\":\"https:\\\/\\\/naturalpoland.com\\\/ko\\\/?s={search_term_string}\"},\"query-input\":{\"@type\":\"PropertyValueSpecification\",\"valueRequired\":true,\"valueName\":\"search_term_string\"}}],\"inLanguage\":\"ko-KR\"},{\"@type\":\"Organization\",\"@id\":\"https:\\\/\\\/naturalpoland.com\\\/ko\\\/#organization\",\"name\":\"Natural Poland\",\"url\":\"https:\\\/\\\/naturalpoland.com\\\/ko\\\/\",\"logo\":{\"@type\":\"ImageObject\",\"inLanguage\":\"ko-KR\",\"@id\":\"https:\\\/\\\/naturalpoland.com\\\/ko\\\/#\\\/schema\\\/logo\\\/image\\\/\",\"url\":\"https:\\\/\\\/naturalpoland.com\\\/wp-content\\\/uploads\\\/2021\\\/05\\\/natural-poland-icon.png\",\"contentUrl\":\"https:\\\/\\\/naturalpoland.com\\\/wp-content\\\/uploads\\\/2021\\\/05\\\/natural-poland-icon.png\",\"width\":512,\"height\":512,\"caption\":\"Natural Poland\"},\"image\":{\"@id\":\"https:\\\/\\\/naturalpoland.com\\\/ko\\\/#\\\/schema\\\/logo\\\/image\\\/\"},\"sameAs\":[\"https:\\\/\\\/www.facebook.com\\\/naturalpoland.b2b\",\"https:\\\/\\\/pl.linkedin.com\\\/company\\\/natural-poland\",\"https:\\\/\\\/www.youtube.com\\\/channel\\\/UCgeGGkvOMahZo-xu_MSEWxg\"]}]}<\/script>\n<!-- \/ Yoast SEO plugin. -->","yoast_head_json":{"title":"\ube44\ud0c0\ubbfc D3, \ucf5c\ub808\uce7c\uc2dc\ud398\ub864 - NATURAL POLAND - Hurtowy Dystrybutor Surowc\u00f3w","description":"\ucf5c\ub808\uce7c\uc2dc\ud398\ub864\uc774\ub77c\uace0\ub3c4 \ud558\ub294 \ube44\ud0c0\ubbfc D3\ub294 \uc778\uccb4\uc758 \uc5ec\ub7ec \uac74\uac15 \uacfc\uc815\uc5d0 \uc911\uc694\ud55c \uc5ed\ud560\uc744 \ud558\ub294 \ube44\ud0c0\ubbfc D\uc758 \ud55c \ud615\ud0dc\uc785\ub2c8\ub2e4.","robots":{"index":"index","follow":"follow","max-snippet":"max-snippet:-1","max-image-preview":"max-image-preview:large","max-video-preview":"max-video-preview:-1"},"canonical":"https:\/\/naturalpoland.com\/ko\/je-pum\/ui-yak-pum-won-ryo\/bi-ta-min\/bitamin-d3-kollekalsipeerol\/","og_locale":"ko_KR","og_type":"article","og_title":"\ube44\ud0c0\ubbfc D3, \ucf5c\ub808\uce7c\uc2dc\ud398\ub864 - NATURAL POLAND - Hurtowy Dystrybutor Surowc\u00f3w","og_description":"\ucf5c\ub808\uce7c\uc2dc\ud398\ub864\uc774\ub77c\uace0\ub3c4 \ud558\ub294 \ube44\ud0c0\ubbfc D3\ub294 \uc778\uccb4\uc758 \uc5ec\ub7ec \uac74\uac15 \uacfc\uc815\uc5d0 \uc911\uc694\ud55c \uc5ed\ud560\uc744 \ud558\ub294 \ube44\ud0c0\ubbfc D\uc758 \ud55c \ud615\ud0dc\uc785\ub2c8\ub2e4.","og_url":"https:\/\/naturalpoland.com\/ko\/je-pum\/ui-yak-pum-won-ryo\/bi-ta-min\/bitamin-d3-kollekalsipeerol\/","og_site_name":"NATURAL POLAND - Hurtowy Dystrybutor Surowc\u00f3w","article_publisher":"https:\/\/www.facebook.com\/naturalpoland.b2b","article_modified_time":"2025-07-16T13:10:07+00:00","og_image":[{"width":616,"height":616,"url":"https:\/\/naturalpoland.com\/wp-content\/uploads\/witamina-d3.webp","type":"image\/webp"}],"schema":{"@context":"https:\/\/schema.org","@graph":[{"@type":"WebPage","@id":"https:\/\/naturalpoland.com\/ko\/je-pum\/ui-yak-pum-won-ryo\/bi-ta-min\/bitamin-d3-kollekalsipeerol\/","url":"https:\/\/naturalpoland.com\/ko\/je-pum\/ui-yak-pum-won-ryo\/bi-ta-min\/bitamin-d3-kollekalsipeerol\/","name":"\ube44\ud0c0\ubbfc D3, \ucf5c\ub808\uce7c\uc2dc\ud398\ub864 - NATURAL POLAND - Hurtowy Dystrybutor Surowc\u00f3w","isPartOf":{"@id":"https:\/\/naturalpoland.com\/ko\/#website"},"primaryImageOfPage":{"@id":"https:\/\/naturalpoland.com\/ko\/je-pum\/ui-yak-pum-won-ryo\/bi-ta-min\/bitamin-d3-kollekalsipeerol\/#primaryimage"},"image":{"@id":"https:\/\/naturalpoland.com\/ko\/je-pum\/ui-yak-pum-won-ryo\/bi-ta-min\/bitamin-d3-kollekalsipeerol\/#primaryimage"},"thumbnailUrl":"https:\/\/naturalpoland.com\/wp-content\/uploads\/witamina-d3.webp","datePublished":"2025-06-04T13:28:04+00:00","dateModified":"2025-07-16T13:10:07+00:00","description":"\ucf5c\ub808\uce7c\uc2dc\ud398\ub864\uc774\ub77c\uace0\ub3c4 \ud558\ub294 \ube44\ud0c0\ubbfc D3\ub294 \uc778\uccb4\uc758 \uc5ec\ub7ec \uac74\uac15 \uacfc\uc815\uc5d0 \uc911\uc694\ud55c \uc5ed\ud560\uc744 \ud558\ub294 \ube44\ud0c0\ubbfc D\uc758 \ud55c \ud615\ud0dc\uc785\ub2c8\ub2e4.","breadcrumb":{"@id":"https:\/\/naturalpoland.com\/ko\/je-pum\/ui-yak-pum-won-ryo\/bi-ta-min\/bitamin-d3-kollekalsipeerol\/#breadcrumb"},"inLanguage":"ko-KR","potentialAction":[{"@type":"ReadAction","target":["https:\/\/naturalpoland.com\/ko\/je-pum\/ui-yak-pum-won-ryo\/bi-ta-min\/bitamin-d3-kollekalsipeerol\/"]}]},{"@type":"ImageObject","inLanguage":"ko-KR","@id":"https:\/\/naturalpoland.com\/ko\/je-pum\/ui-yak-pum-won-ryo\/bi-ta-min\/bitamin-d3-kollekalsipeerol\/#primaryimage","url":"https:\/\/naturalpoland.com\/wp-content\/uploads\/witamina-d3.webp","contentUrl":"https:\/\/naturalpoland.com\/wp-content\/uploads\/witamina-d3.webp","width":616,"height":616,"caption":"surowa witamina d w formie oleistej oraz jako proszek"},{"@type":"BreadcrumbList","@id":"https:\/\/naturalpoland.com\/ko\/je-pum\/ui-yak-pum-won-ryo\/bi-ta-min\/bitamin-d3-kollekalsipeerol\/#breadcrumb","itemListElement":[{"@type":"ListItem","position":1,"name":"\ud648","item":"https:\/\/naturalpoland.com\/ko\/"},{"@type":"ListItem","position":2,"name":"\uc81c\ud488","item":"https:\/\/naturalpoland.com\/ko\/%ec%a0%9c%ed%92%88\/"},{"@type":"ListItem","position":3,"name":"\ube44\ud0c0\ubbfc D3, \ucf5c\ub808\uce7c\uc2dc\ud398\ub864"}]},{"@type":"WebSite","@id":"https:\/\/naturalpoland.com\/ko\/#website","url":"https:\/\/naturalpoland.com\/ko\/","name":"NATURAL POLAND - Hurtowy Dystrybutor Surowc\u00f3w","description":"Surowce dla przemys\u0142u spo\u017cywczego, kosmetycznego i farmaceutycznego","publisher":{"@id":"https:\/\/naturalpoland.com\/ko\/#organization"},"potentialAction":[{"@type":"SearchAction","target":{"@type":"EntryPoint","urlTemplate":"https:\/\/naturalpoland.com\/ko\/?s={search_term_string}"},"query-input":{"@type":"PropertyValueSpecification","valueRequired":true,"valueName":"search_term_string"}}],"inLanguage":"ko-KR"},{"@type":"Organization","@id":"https:\/\/naturalpoland.com\/ko\/#organization","name":"Natural Poland","url":"https:\/\/naturalpoland.com\/ko\/","logo":{"@type":"ImageObject","inLanguage":"ko-KR","@id":"https:\/\/naturalpoland.com\/ko\/#\/schema\/logo\/image\/","url":"https:\/\/naturalpoland.com\/wp-content\/uploads\/2021\/05\/natural-poland-icon.png","contentUrl":"https:\/\/naturalpoland.com\/wp-content\/uploads\/2021\/05\/natural-poland-icon.png","width":512,"height":512,"caption":"Natural Poland"},"image":{"@id":"https:\/\/naturalpoland.com\/ko\/#\/schema\/logo\/image\/"},"sameAs":["https:\/\/www.facebook.com\/naturalpoland.b2b","https:\/\/pl.linkedin.com\/company\/natural-poland","https:\/\/www.youtube.com\/channel\/UCgeGGkvOMahZo-xu_MSEWxg"]}]}},"_links":{"self":[{"href":"https:\/\/naturalpoland.com\/ko\/wp-json\/wp\/v2\/product\/41363","targetHints":{"allow":["GET"]}}],"collection":[{"href":"https:\/\/naturalpoland.com\/ko\/wp-json\/wp\/v2\/product"}],"about":[{"href":"https:\/\/naturalpoland.com\/ko\/wp-json\/wp\/v2\/types\/product"}],"wp:featuredmedia":[{"embeddable":true,"href":"https:\/\/naturalpoland.com\/ko\/wp-json\/wp\/v2\/media\/41364"}],"wp:attachment":[{"href":"https:\/\/naturalpoland.com\/ko\/wp-json\/wp\/v2\/media?parent=41363"}],"wp:term":[{"taxonomy":"product_brand","embeddable":true,"href":"https:\/\/naturalpoland.com\/ko\/wp-json\/wp\/v2\/product_brand?post=41363"},{"taxonomy":"product_cat","embeddable":true,"href":"https:\/\/naturalpoland.com\/ko\/wp-json\/wp\/v2\/product_cat?post=41363"},{"taxonomy":"product_tag","embeddable":true,"href":"https:\/\/naturalpoland.com\/ko\/wp-json\/wp\/v2\/product_tag?post=41363"}],"curies":[{"name":"wp","href":"https:\/\/api.w.org\/{rel}","templated":true}]}}