{"id":41365,"date":"2023-03-20T16:11:39","date_gmt":"2023-03-20T15:11:39","guid":{"rendered":"https:\/\/naturalpoland.com\/produkty\/uncategorized\/%ea%b5%ac%eb%a6%ac-%ed%8e%a9%ed%83%80%ec%9d%b4%eb%93%9c\/"},"modified":"2025-06-04T16:09:53","modified_gmt":"2025-06-04T14:09:53","slug":"pebtaideu-guri","status":"publish","type":"product","link":"https:\/\/naturalpoland.com\/ko\/je-pum\/hwa-jang-pum-won-ryo\/pep-ta-i-deu\/pebtaideu-guri\/","title":{"rendered":"\uad6c\ub9ac \ud3a9\ud0c0\uc774\ub4dc"},"content":{"rendered":"<h2>\uc18d\uc131<\/h2>\n<p>GHK-Cu \uad6c\ub9ac \ud3a9\ud0c0\uc774\ub4dc\ub294 \uc778\uccb4\uc5d0\uc11c \uc790\uc5f0\uc801\uc73c\ub85c \ubc1c\uc0dd\ud558\ub294 \ud2b8\ub9ac\ud3a9\ud0c0\uc774\ub4dc(\uae00\ub9ac\uc2e0-\ud788\uc2a4\ud2f0\ub518-\ub77c\uc774\uc2e0)\ub85c \uad6c\ub9ac\uc640 \uacb0\ud569\ud558\ub294 \ub2a5\ub825\uc744 \ub098\ud0c0\ub0c5\ub2c8\ub2e4. \uc2e0\uccb4\uac00 \uc81c\ub300\ub85c \uae30\ub2a5\ud558\ub294 \ub370 \ud544\uc218\uc801\uc778 \uc774 \uc694\uc18c\uc640 \uad6c\ub9ac \ud3a9\ud0c0\uc774\ub4dc\uc758 \uc0dd\ubb3c\ud559\uc801 \ud65c\uc131\uc740 \uad00\ub828\uc774 \uc788\uc2b5\ub2c8\ub2e4. <\/p>\n<p>\uc774\uc628\uacfc \uacb0\ud569\ud558\uc5ec \uc870\uc9c1\uc758 \uad6c\ub9ac \uc218\uc900\uc744 \uc870\uc808\ud568\uc73c\ub85c\uc368 GHK-Cu\ub294<strong> \ucf5c\ub77c\uac90 \ud569\uc131\uc744 \uc99d\uac00\uc2dc\ud0a4\uace0<\/strong>, <strong>\ud608\uad00\uacfc \uc2e0\uacbd\uc758 \uc7ac\uc0dd\uacfc \ud655\uc7a5\uc744 \ucd09\uc9c4\ud558\uba70<\/strong>, \uc5d8\ub77c\uc2a4\ud2f4 \ud569\uc131\uc744 \uac1c\uc120\ud558\uace0, \ud53c\ubd80 \ud615\uc131 \uc12c\uc720\uc544\uc138\ud3ec\uc5d0 \uc720\uc775\ud55c \uc601\ud5a5\uc744 \ubbf8\uce58\ub294 \ub2a5\ub825\uc744 \ubcf4\uc5ec\uc8fc\uc5c8\uc2b5\ub2c8\ub2e4. \ub610\ud55c \uad6c\ub9ac \ud3a9\ud0c0\uc774\ub4dc\uc758 <strong>\ud56d\uc5fc\uc99d<\/strong> \ubc0f <strong>\ud56d\uc885\uc591<\/strong> \ud6a8\uacfc\ub3c4 \uad00\ucc30\ub418\uc5c8\uc2b5\ub2c8\ub2e4. <\/p>\n<h2>\uc560\ud50c\ub9ac\ucf00\uc774\uc158<\/h2>\n<p>\uad6c\ub9ac \ud3a9\ud0c0\uc774\ub4dc\ub294 \uc778\uac04\uc758 \ud53c\ubd80\uc5d0 \uc720\uc775\ud55c \ud6a8\uacfc\uac00 \uc788\uc5b4 <strong>\ud654\uc7a5\ud488\uc5d0<\/strong> \ub2e4\ubc29\uba74\uc73c\ub85c <strong>\ud65c\uc6a9\ub418\uace0<\/strong> \uc788\uc2b5\ub2c8\ub2e4. \uc5ec\uae30\uc5d0\ub294 \uc77c\ubc18\uc801\uc778 \uc2a4\ud0a8\ucf00\uc5b4 \ud2b9\uc131, \ud53c\ubd80 \ud0c4\ub825 \uac1c\uc120, \uc8fc\ub984 \uc644\ud654, \ud53c\ubd80 \ud1a4 \uac1c\uc120\ubfd0\ub9cc \uc544\ub2c8\ub77c \ub2e4\uc591\ud55c \ud6a8\ub2a5\uc774 \ud3ec\ud568\ub429\ub2c8\ub2e4. \ub610\ud55c GHK-Cu\ub294 \uada4\uc591\uc744 \ud3ec\ud568\ud55c \uc0c1\ucc98\uc758 \uc7ac\uc0dd\uacfc \uce58\uc720\ub97c \ucd09\uc9c4\ud558\uace0 \ubaa8\ubc1c \uc131\uc7a5\uc744 \ucd09\uc9c4\ud558\uace0 \ud0c8\ubaa8\ub97c \uc608\ubc29\ud558\ub294 \uac83\uc73c\ub85c \uc785\uc99d\ub418\uc5c8\uc2b5\ub2c8\ub2e4.  <\/p>\n<p>\uad6c\ub9ac \ud2b8\ub9ac\ud3a9\ud0c0\uc774\ub4dc-1\uc740 \uc81c\ud615\uc5d0 \uc774\uc0c1\uc801\uc778 \ud65c\uc131 \uc131\ubd84\uc785\ub2c8\ub2e4:<\/p>\n<ul>\n<li>\uc548\ud2f0\uc5d0\uc774\uc9d5 \ud06c\ub9bc,<\/li>\n<li>\uc7ac\uc0dd \uc138\ub7fc,<\/li>\n<li>\ubbfc\uac10\ud558\uace0 \ubb38\uc81c\uac00 \uc788\ub294 \ud53c\ubd80\ub97c \uc704\ud55c \uc900\ube44,<\/li>\n<li>\ud53c\ubd80\uacfc \uc2dc\uc220 \ud6c4 \uc0c1\ucc98 \uce58\uc720\uc640 \ud53c\ubd80 \uad00\ub9ac\ub97c \ucd09\uc9c4\ud558\ub294 \uc81c\ud488\uc785\ub2c8\ub2e4.<\/li>\n<\/ul>\n","protected":false},"excerpt":{"rendered":"<p><strong>GHK-Cu \uad6c\ub9ac<\/strong> <strong>\ud3a9\ud0c0\uc774\ub4dc<\/strong>(INCI: <strong>\uad6c\ub9ac \ud2b8\ub9ac\ud3a9\ud0c0\uc774\ub4dc-1<\/strong>)\ub294 \uc8fc\ub85c \ud654\uc7a5\ud488\uc5d0 \uc0ac\uc6a9\ub418\ub294 \ud478\ub978\uc0c9\uc744 \ub760\ub294 \uace0\uc21c\ub3c4 \uad6c\ub9ac \ud3a9\ud0c0\uc774\ub4dc\uc785\ub2c8\ub2e4. \ud2b9\ud788 \ud53c\ubd80 \ud68c\ubcf5 \uacfc\uc815\uc744 \uc9c0\uc6d0\ud558\uace0 \ucf5c\ub77c\uac90 \ud569\uc131\uc744 \ucd09\uc9c4\ud558\uba70 \ud53c\ubd80 \uc7a5\ubcbd\uc744 \uac15\ud654\ud558\ub294 \uc2a4\ud0a8\ucf00\uc5b4 \uc81c\ud615\uc5d0 \ub9ce\uc774 \uc0ac\uc6a9\ub429\ub2c8\ub2e4. <\/p>\n","protected":false},"featured_media":41366,"template":"","meta":{"_acf_changed":false},"product_brand":[],"product_cat":[8157,8160],"product_tag":[],"class_list":{"0":"post-41365","1":"product","2":"type-product","3":"status-publish","4":"has-post-thumbnail","6":"product_cat-pep-ta-i-deu","7":"product_cat-hwa-jang-pum-won-ryo-ko","9":"first","10":"instock","11":"shipping-taxable","12":"product-type-simple"},"acf":[],"yoast_head":"<!-- This site is optimized with the Yoast SEO plugin v27.4 - https:\/\/yoast.com\/product\/yoast-seo-wordpress\/ -->\n<title>\uad6c\ub9ac \ud3a9\ud0c0\uc774\ub4dc - NATURAL POLAND - Hurtowy Dystrybutor Surowc\u00f3w<\/title>\n<meta name=\"description\" content=\"GHK-Cu \uad6c\ub9ac \ud3a9\ud0c0\uc774\ub4dc(INICI: \uad6c\ub9ac \ud2b8\ub9ac\ud3a9\ud0c0\uc774\ub4dc-1)\ub294 \uc778\uccb4\uc5d0\uc11c \uc790\uc5f0\uc801\uc73c\ub85c \ubc1c\uc0dd\ud558\ub294 \ud2b8\ub9ac\ud3a9\ud0c0\uc774\ub4dc\ub85c \uad6c\ub9ac\uc640 \uacb0\ud569\ud558\ub294 \ub2a5\ub825\uc744 \ub098\ud0c0\ub0c5\ub2c8\ub2e4.\" \/>\n<meta name=\"robots\" content=\"index, follow, max-snippet:-1, max-image-preview:large, max-video-preview:-1\" \/>\n<link rel=\"canonical\" href=\"https:\/\/naturalpoland.com\/ko\/je-pum\/hwa-jang-pum-won-ryo\/pep-ta-i-deu\/pebtaideu-guri\/\" \/>\n<meta property=\"og:locale\" content=\"ko_KR\" \/>\n<meta property=\"og:type\" content=\"article\" \/>\n<meta property=\"og:title\" content=\"\uad6c\ub9ac \ud3a9\ud0c0\uc774\ub4dc - NATURAL POLAND - Hurtowy Dystrybutor Surowc\u00f3w\" \/>\n<meta property=\"og:description\" content=\"GHK-Cu \uad6c\ub9ac \ud3a9\ud0c0\uc774\ub4dc(INICI: \uad6c\ub9ac \ud2b8\ub9ac\ud3a9\ud0c0\uc774\ub4dc-1)\ub294 \uc778\uccb4\uc5d0\uc11c \uc790\uc5f0\uc801\uc73c\ub85c \ubc1c\uc0dd\ud558\ub294 \ud2b8\ub9ac\ud3a9\ud0c0\uc774\ub4dc\ub85c \uad6c\ub9ac\uc640 \uacb0\ud569\ud558\ub294 \ub2a5\ub825\uc744 \ub098\ud0c0\ub0c5\ub2c8\ub2e4.\" \/>\n<meta property=\"og:url\" content=\"https:\/\/naturalpoland.com\/ko\/je-pum\/hwa-jang-pum-won-ryo\/pep-ta-i-deu\/pebtaideu-guri\/\" \/>\n<meta property=\"og:site_name\" content=\"NATURAL POLAND - Hurtowy Dystrybutor Surowc\u00f3w\" \/>\n<meta property=\"article:publisher\" content=\"https:\/\/www.facebook.com\/naturalpoland.b2b\" \/>\n<meta property=\"article:modified_time\" content=\"2025-06-04T14:09:53+00:00\" \/>\n<meta property=\"og:image\" content=\"https:\/\/naturalpoland.com\/wp-content\/uploads\/peptydy-miedziowe.webp\" \/>\n\t<meta property=\"og:image:width\" content=\"619\" \/>\n\t<meta property=\"og:image:height\" content=\"619\" \/>\n\t<meta property=\"og:image:type\" content=\"image\/webp\" \/>\n<script type=\"application\/ld+json\" class=\"yoast-schema-graph\">{\"@context\":\"https:\\\/\\\/schema.org\",\"@graph\":[{\"@type\":\"WebPage\",\"@id\":\"https:\\\/\\\/naturalpoland.com\\\/ko\\\/je-pum\\\/hwa-jang-pum-won-ryo\\\/pep-ta-i-deu\\\/pebtaideu-guri\\\/\",\"url\":\"https:\\\/\\\/naturalpoland.com\\\/ko\\\/je-pum\\\/hwa-jang-pum-won-ryo\\\/pep-ta-i-deu\\\/pebtaideu-guri\\\/\",\"name\":\"\uad6c\ub9ac \ud3a9\ud0c0\uc774\ub4dc - NATURAL POLAND - Hurtowy Dystrybutor Surowc\u00f3w\",\"isPartOf\":{\"@id\":\"https:\\\/\\\/naturalpoland.com\\\/ko\\\/#website\"},\"primaryImageOfPage\":{\"@id\":\"https:\\\/\\\/naturalpoland.com\\\/ko\\\/je-pum\\\/hwa-jang-pum-won-ryo\\\/pep-ta-i-deu\\\/pebtaideu-guri\\\/#primaryimage\"},\"image\":{\"@id\":\"https:\\\/\\\/naturalpoland.com\\\/ko\\\/je-pum\\\/hwa-jang-pum-won-ryo\\\/pep-ta-i-deu\\\/pebtaideu-guri\\\/#primaryimage\"},\"thumbnailUrl\":\"https:\\\/\\\/naturalpoland.com\\\/wp-content\\\/uploads\\\/peptydy-miedziowe.webp\",\"datePublished\":\"2023-03-20T15:11:39+00:00\",\"dateModified\":\"2025-06-04T14:09:53+00:00\",\"description\":\"GHK-Cu \uad6c\ub9ac \ud3a9\ud0c0\uc774\ub4dc(INICI: \uad6c\ub9ac \ud2b8\ub9ac\ud3a9\ud0c0\uc774\ub4dc-1)\ub294 \uc778\uccb4\uc5d0\uc11c \uc790\uc5f0\uc801\uc73c\ub85c \ubc1c\uc0dd\ud558\ub294 \ud2b8\ub9ac\ud3a9\ud0c0\uc774\ub4dc\ub85c \uad6c\ub9ac\uc640 \uacb0\ud569\ud558\ub294 \ub2a5\ub825\uc744 \ub098\ud0c0\ub0c5\ub2c8\ub2e4.\",\"breadcrumb\":{\"@id\":\"https:\\\/\\\/naturalpoland.com\\\/ko\\\/je-pum\\\/hwa-jang-pum-won-ryo\\\/pep-ta-i-deu\\\/pebtaideu-guri\\\/#breadcrumb\"},\"inLanguage\":\"ko-KR\",\"potentialAction\":[{\"@type\":\"ReadAction\",\"target\":[\"https:\\\/\\\/naturalpoland.com\\\/ko\\\/je-pum\\\/hwa-jang-pum-won-ryo\\\/pep-ta-i-deu\\\/pebtaideu-guri\\\/\"]}]},{\"@type\":\"ImageObject\",\"inLanguage\":\"ko-KR\",\"@id\":\"https:\\\/\\\/naturalpoland.com\\\/ko\\\/je-pum\\\/hwa-jang-pum-won-ryo\\\/pep-ta-i-deu\\\/pebtaideu-guri\\\/#primaryimage\",\"url\":\"https:\\\/\\\/naturalpoland.com\\\/wp-content\\\/uploads\\\/peptydy-miedziowe.webp\",\"contentUrl\":\"https:\\\/\\\/naturalpoland.com\\\/wp-content\\\/uploads\\\/peptydy-miedziowe.webp\",\"width\":619,\"height\":619,\"caption\":\"peptydy miedziowe\"},{\"@type\":\"BreadcrumbList\",\"@id\":\"https:\\\/\\\/naturalpoland.com\\\/ko\\\/je-pum\\\/hwa-jang-pum-won-ryo\\\/pep-ta-i-deu\\\/pebtaideu-guri\\\/#breadcrumb\",\"itemListElement\":[{\"@type\":\"ListItem\",\"position\":1,\"name\":\"\ud648\",\"item\":\"https:\\\/\\\/naturalpoland.com\\\/ko\\\/\"},{\"@type\":\"ListItem\",\"position\":2,\"name\":\"\uc81c\ud488\",\"item\":\"https:\\\/\\\/naturalpoland.com\\\/ko\\\/%ec%a0%9c%ed%92%88\\\/\"},{\"@type\":\"ListItem\",\"position\":3,\"name\":\"\uad6c\ub9ac \ud3a9\ud0c0\uc774\ub4dc\"}]},{\"@type\":\"WebSite\",\"@id\":\"https:\\\/\\\/naturalpoland.com\\\/ko\\\/#website\",\"url\":\"https:\\\/\\\/naturalpoland.com\\\/ko\\\/\",\"name\":\"NATURAL POLAND - Hurtowy Dystrybutor Surowc\u00f3w\",\"description\":\"Surowce dla przemys\u0142u spo\u017cywczego, kosmetycznego i farmaceutycznego\",\"publisher\":{\"@id\":\"https:\\\/\\\/naturalpoland.com\\\/ko\\\/#organization\"},\"potentialAction\":[{\"@type\":\"SearchAction\",\"target\":{\"@type\":\"EntryPoint\",\"urlTemplate\":\"https:\\\/\\\/naturalpoland.com\\\/ko\\\/?s={search_term_string}\"},\"query-input\":{\"@type\":\"PropertyValueSpecification\",\"valueRequired\":true,\"valueName\":\"search_term_string\"}}],\"inLanguage\":\"ko-KR\"},{\"@type\":\"Organization\",\"@id\":\"https:\\\/\\\/naturalpoland.com\\\/ko\\\/#organization\",\"name\":\"Natural Poland\",\"url\":\"https:\\\/\\\/naturalpoland.com\\\/ko\\\/\",\"logo\":{\"@type\":\"ImageObject\",\"inLanguage\":\"ko-KR\",\"@id\":\"https:\\\/\\\/naturalpoland.com\\\/ko\\\/#\\\/schema\\\/logo\\\/image\\\/\",\"url\":\"https:\\\/\\\/naturalpoland.com\\\/wp-content\\\/uploads\\\/2021\\\/05\\\/natural-poland-icon.png\",\"contentUrl\":\"https:\\\/\\\/naturalpoland.com\\\/wp-content\\\/uploads\\\/2021\\\/05\\\/natural-poland-icon.png\",\"width\":512,\"height\":512,\"caption\":\"Natural Poland\"},\"image\":{\"@id\":\"https:\\\/\\\/naturalpoland.com\\\/ko\\\/#\\\/schema\\\/logo\\\/image\\\/\"},\"sameAs\":[\"https:\\\/\\\/www.facebook.com\\\/naturalpoland.b2b\",\"https:\\\/\\\/pl.linkedin.com\\\/company\\\/natural-poland\",\"https:\\\/\\\/www.youtube.com\\\/channel\\\/UCgeGGkvOMahZo-xu_MSEWxg\"]}]}<\/script>\n<!-- \/ Yoast SEO plugin. -->","yoast_head_json":{"title":"\uad6c\ub9ac \ud3a9\ud0c0\uc774\ub4dc - NATURAL POLAND - Hurtowy Dystrybutor Surowc\u00f3w","description":"GHK-Cu \uad6c\ub9ac \ud3a9\ud0c0\uc774\ub4dc(INICI: \uad6c\ub9ac \ud2b8\ub9ac\ud3a9\ud0c0\uc774\ub4dc-1)\ub294 \uc778\uccb4\uc5d0\uc11c \uc790\uc5f0\uc801\uc73c\ub85c \ubc1c\uc0dd\ud558\ub294 \ud2b8\ub9ac\ud3a9\ud0c0\uc774\ub4dc\ub85c \uad6c\ub9ac\uc640 \uacb0\ud569\ud558\ub294 \ub2a5\ub825\uc744 \ub098\ud0c0\ub0c5\ub2c8\ub2e4.","robots":{"index":"index","follow":"follow","max-snippet":"max-snippet:-1","max-image-preview":"max-image-preview:large","max-video-preview":"max-video-preview:-1"},"canonical":"https:\/\/naturalpoland.com\/ko\/je-pum\/hwa-jang-pum-won-ryo\/pep-ta-i-deu\/pebtaideu-guri\/","og_locale":"ko_KR","og_type":"article","og_title":"\uad6c\ub9ac \ud3a9\ud0c0\uc774\ub4dc - NATURAL POLAND - Hurtowy Dystrybutor Surowc\u00f3w","og_description":"GHK-Cu \uad6c\ub9ac \ud3a9\ud0c0\uc774\ub4dc(INICI: \uad6c\ub9ac \ud2b8\ub9ac\ud3a9\ud0c0\uc774\ub4dc-1)\ub294 \uc778\uccb4\uc5d0\uc11c \uc790\uc5f0\uc801\uc73c\ub85c \ubc1c\uc0dd\ud558\ub294 \ud2b8\ub9ac\ud3a9\ud0c0\uc774\ub4dc\ub85c \uad6c\ub9ac\uc640 \uacb0\ud569\ud558\ub294 \ub2a5\ub825\uc744 \ub098\ud0c0\ub0c5\ub2c8\ub2e4.","og_url":"https:\/\/naturalpoland.com\/ko\/je-pum\/hwa-jang-pum-won-ryo\/pep-ta-i-deu\/pebtaideu-guri\/","og_site_name":"NATURAL POLAND - Hurtowy Dystrybutor Surowc\u00f3w","article_publisher":"https:\/\/www.facebook.com\/naturalpoland.b2b","article_modified_time":"2025-06-04T14:09:53+00:00","og_image":[{"width":619,"height":619,"url":"https:\/\/naturalpoland.com\/wp-content\/uploads\/peptydy-miedziowe.webp","type":"image\/webp"}],"schema":{"@context":"https:\/\/schema.org","@graph":[{"@type":"WebPage","@id":"https:\/\/naturalpoland.com\/ko\/je-pum\/hwa-jang-pum-won-ryo\/pep-ta-i-deu\/pebtaideu-guri\/","url":"https:\/\/naturalpoland.com\/ko\/je-pum\/hwa-jang-pum-won-ryo\/pep-ta-i-deu\/pebtaideu-guri\/","name":"\uad6c\ub9ac \ud3a9\ud0c0\uc774\ub4dc - NATURAL POLAND - Hurtowy Dystrybutor Surowc\u00f3w","isPartOf":{"@id":"https:\/\/naturalpoland.com\/ko\/#website"},"primaryImageOfPage":{"@id":"https:\/\/naturalpoland.com\/ko\/je-pum\/hwa-jang-pum-won-ryo\/pep-ta-i-deu\/pebtaideu-guri\/#primaryimage"},"image":{"@id":"https:\/\/naturalpoland.com\/ko\/je-pum\/hwa-jang-pum-won-ryo\/pep-ta-i-deu\/pebtaideu-guri\/#primaryimage"},"thumbnailUrl":"https:\/\/naturalpoland.com\/wp-content\/uploads\/peptydy-miedziowe.webp","datePublished":"2023-03-20T15:11:39+00:00","dateModified":"2025-06-04T14:09:53+00:00","description":"GHK-Cu \uad6c\ub9ac \ud3a9\ud0c0\uc774\ub4dc(INICI: \uad6c\ub9ac \ud2b8\ub9ac\ud3a9\ud0c0\uc774\ub4dc-1)\ub294 \uc778\uccb4\uc5d0\uc11c \uc790\uc5f0\uc801\uc73c\ub85c \ubc1c\uc0dd\ud558\ub294 \ud2b8\ub9ac\ud3a9\ud0c0\uc774\ub4dc\ub85c \uad6c\ub9ac\uc640 \uacb0\ud569\ud558\ub294 \ub2a5\ub825\uc744 \ub098\ud0c0\ub0c5\ub2c8\ub2e4.","breadcrumb":{"@id":"https:\/\/naturalpoland.com\/ko\/je-pum\/hwa-jang-pum-won-ryo\/pep-ta-i-deu\/pebtaideu-guri\/#breadcrumb"},"inLanguage":"ko-KR","potentialAction":[{"@type":"ReadAction","target":["https:\/\/naturalpoland.com\/ko\/je-pum\/hwa-jang-pum-won-ryo\/pep-ta-i-deu\/pebtaideu-guri\/"]}]},{"@type":"ImageObject","inLanguage":"ko-KR","@id":"https:\/\/naturalpoland.com\/ko\/je-pum\/hwa-jang-pum-won-ryo\/pep-ta-i-deu\/pebtaideu-guri\/#primaryimage","url":"https:\/\/naturalpoland.com\/wp-content\/uploads\/peptydy-miedziowe.webp","contentUrl":"https:\/\/naturalpoland.com\/wp-content\/uploads\/peptydy-miedziowe.webp","width":619,"height":619,"caption":"peptydy miedziowe"},{"@type":"BreadcrumbList","@id":"https:\/\/naturalpoland.com\/ko\/je-pum\/hwa-jang-pum-won-ryo\/pep-ta-i-deu\/pebtaideu-guri\/#breadcrumb","itemListElement":[{"@type":"ListItem","position":1,"name":"\ud648","item":"https:\/\/naturalpoland.com\/ko\/"},{"@type":"ListItem","position":2,"name":"\uc81c\ud488","item":"https:\/\/naturalpoland.com\/ko\/%ec%a0%9c%ed%92%88\/"},{"@type":"ListItem","position":3,"name":"\uad6c\ub9ac \ud3a9\ud0c0\uc774\ub4dc"}]},{"@type":"WebSite","@id":"https:\/\/naturalpoland.com\/ko\/#website","url":"https:\/\/naturalpoland.com\/ko\/","name":"NATURAL POLAND - Hurtowy Dystrybutor Surowc\u00f3w","description":"Surowce dla przemys\u0142u spo\u017cywczego, kosmetycznego i farmaceutycznego","publisher":{"@id":"https:\/\/naturalpoland.com\/ko\/#organization"},"potentialAction":[{"@type":"SearchAction","target":{"@type":"EntryPoint","urlTemplate":"https:\/\/naturalpoland.com\/ko\/?s={search_term_string}"},"query-input":{"@type":"PropertyValueSpecification","valueRequired":true,"valueName":"search_term_string"}}],"inLanguage":"ko-KR"},{"@type":"Organization","@id":"https:\/\/naturalpoland.com\/ko\/#organization","name":"Natural Poland","url":"https:\/\/naturalpoland.com\/ko\/","logo":{"@type":"ImageObject","inLanguage":"ko-KR","@id":"https:\/\/naturalpoland.com\/ko\/#\/schema\/logo\/image\/","url":"https:\/\/naturalpoland.com\/wp-content\/uploads\/2021\/05\/natural-poland-icon.png","contentUrl":"https:\/\/naturalpoland.com\/wp-content\/uploads\/2021\/05\/natural-poland-icon.png","width":512,"height":512,"caption":"Natural Poland"},"image":{"@id":"https:\/\/naturalpoland.com\/ko\/#\/schema\/logo\/image\/"},"sameAs":["https:\/\/www.facebook.com\/naturalpoland.b2b","https:\/\/pl.linkedin.com\/company\/natural-poland","https:\/\/www.youtube.com\/channel\/UCgeGGkvOMahZo-xu_MSEWxg"]}]}},"_links":{"self":[{"href":"https:\/\/naturalpoland.com\/ko\/wp-json\/wp\/v2\/product\/41365","targetHints":{"allow":["GET"]}}],"collection":[{"href":"https:\/\/naturalpoland.com\/ko\/wp-json\/wp\/v2\/product"}],"about":[{"href":"https:\/\/naturalpoland.com\/ko\/wp-json\/wp\/v2\/types\/product"}],"wp:featuredmedia":[{"embeddable":true,"href":"https:\/\/naturalpoland.com\/ko\/wp-json\/wp\/v2\/media\/41366"}],"wp:attachment":[{"href":"https:\/\/naturalpoland.com\/ko\/wp-json\/wp\/v2\/media?parent=41365"}],"wp:term":[{"taxonomy":"product_brand","embeddable":true,"href":"https:\/\/naturalpoland.com\/ko\/wp-json\/wp\/v2\/product_brand?post=41365"},{"taxonomy":"product_cat","embeddable":true,"href":"https:\/\/naturalpoland.com\/ko\/wp-json\/wp\/v2\/product_cat?post=41365"},{"taxonomy":"product_tag","embeddable":true,"href":"https:\/\/naturalpoland.com\/ko\/wp-json\/wp\/v2\/product_tag?post=41365"}],"curies":[{"name":"wp","href":"https:\/\/api.w.org\/{rel}","templated":true}]}}