{"id":41369,"date":"2023-04-21T14:34:52","date_gmt":"2025-06-04T14:10:34","guid":{"rendered":"https:\/\/naturalpoland.com\/produkty\/uncategorized\/%ed%8a%b8%eb%a6%ac%ed%8e%a9%ed%83%80%ec%9d%b4%eb%93%9c-38-%ed%8c%94%eb%af%b8%ed%85%8c%ec%9d%b4%ed%8a%b8\/"},"modified":"2025-06-04T16:21:19","modified_gmt":"2025-06-04T14:21:19","slug":"teuripebtaideu-38-palmiteiteu","status":"publish","type":"product","link":"https:\/\/naturalpoland.com\/ko\/je-pum\/hwa-jang-pum-won-ryo\/pep-ta-i-deu\/teuripebtaideu-38-palmiteiteu\/","title":{"rendered":"\ud2b8\ub9ac\ud3a9\ud0c0\uc774\ub4dc-38 \ud314\ubbf8\ud14c\uc774\ud2b8"},"content":{"rendered":"<p><strong>\ud314\ubbf8\ud1a0\uc77c \ud2b8\ub9ac\ud3a9\ud0c0\uc774\ub4dc-38(\ud314\ubbf8\ud1a0\uc77c \ud2b8\ub9ac\ud3a9\ud0c0\uc774\ub4dc-38<\/strong>)\uc740 \ub77c\ubbf8\ub2cc\uacfc \ucf5c\ub77c\uac90\uc5d0\uc11c \uc790\uc5f0\uc801\uc73c\ub85c \ubc1c\uacac\ub418\ub294 \uc2e0\ud638 \ud3a9\ud0c0\uc774\ub4dc\uc785\ub2c8\ub2e4. \ucd5c\ub300 6\uac00\uc9c0 \uc8fc\uc694 \ud53c\ubd80 \uad6c\uc131 \uc694\uc18c\uc758 \ud569\uc131 \uc99d\uac00\ub97c \ucd09\uc9c4\ud558\uace0 \uc12c\uc720\uc758 \uc131\uc219\uacfc \uc548\uc815\ud654\uc5d0\ub3c4 \uc720\uc775\ud55c \uc601\ud5a5\uc744 \ubbf8\uce69\ub2c8\ub2e4. \uc774\ub7ec\ud55c \ud2b9\uc131 \ub355\ubd84\uc5d0 \ud2b8\ub9ac\ud3a9\ud0c0\uc774\ub4dc-38 \ud314\ubbf8\ud14c\uc774\ud2b8\ub294 \uc8fc\ub984\uc744 \uc644\ud654\ud560 \ubfd0\ub9cc \uc544\ub2c8\ub77c \uc0c8\ub85c\uc6b4 \uc8fc\ub984\uc774 \uc0dd\uae30\ub294 \uac83\uc744 \ubc29\uc9c0\ud558\ub294 \ub370\ub3c4 \ub3c4\uc6c0\uc774 \ub429\ub2c8\ub2e4. \uc774 \ubb34\ud5a5\uc758 \uc218\uc6a9\uc131 \uc131\ubd84\uc740 \uc911\uc7a5\ub144\uce35\uacfc \uc80a\uc740\uce35 \ubaa8\ub450\ub97c \uc704\ud55c \ub178\ud654 \ubc29\uc9c0 \ud654\uc7a5\ud488\uc5d0 \uc798 \uc5b4\uc6b8\ub9bd\ub2c8\ub2e4.  <\/p>\n","protected":false},"excerpt":{"rendered":"<p>\ud3a9\ud0c0\uc774\ub4dc\ub294 \ubbf8\uc6a9 \ubd84\uc57c\uc5d0\uc11c \ub9e4\uc6b0 \uc778\uae30 \uc788\ub294 \uc0dd\ubb3c\ud559\uc801 \ud65c\uc131 \ud654\ud569\ubb3c\uc785\ub2c8\ub2e4. \ud45c\ud53c \uce68\ud22c\ub97c \uc6a9\uc774\ud558\uac8c \ud558\ub294 \uc791\uc740 \ud06c\uae30\uc640 \ud53c\ubd80 \uad6c\uc131 \uc138\ud3ec\uc5d0 \uc601\ud5a5\uc744 \ubbf8\uce58\ub294 \ub2a5\ub825 \ub355\ubd84\uc5d0 \ub178\ud654 \ubc29\uc9c0 \ubc0f \uc7ac\uc0dd \ud654\uc7a5\ud488\uc758 \ud6cc\ub96d\ud55c \uc131\ubd84\uc774 \ub429\ub2c8\ub2e4. <\/p>\n","protected":false},"featured_media":41370,"template":"","meta":{"_acf_changed":false},"product_brand":[],"product_cat":[8157,8159],"product_tag":[],"class_list":{"0":"post-41369","1":"product","2":"type-product","3":"status-publish","4":"has-post-thumbnail","6":"product_cat-pep-ta-i-deu","7":"product_cat-hwal-seong-seong-bun","9":"first","10":"instock","11":"shipping-taxable","12":"product-type-simple"},"acf":[],"yoast_head":"<!-- This site is optimized with the Yoast SEO plugin v27.4 - https:\/\/yoast.com\/product\/yoast-seo-wordpress\/ -->\n<title>\ud2b8\ub9ac\ud3a9\ud0c0\uc774\ub4dc-38 \ud314\ubbf8\ud14c\uc774\ud2b8 - Hurtowy Dystrybutor<\/title>\n<meta name=\"description\" content=\"\ud314\ubbf8\ud1a0\uc77c \ud2b8\ub9ac\ud3a9\ud0c0\uc774\ub4dc-38(\ud314\ubbf8\ud1a0\uc77c \ud2b8\ub9ac\ud3a9\ud0c0\uc774\ub4dc-38)\uc740 \ub77c\ubbf8\ub2cc\uacfc \ucf5c\ub77c\uac90\uc5d0\uc11c \uc790\uc5f0\uc801\uc73c\ub85c \ubc1c\uacac\ub418\ub294 \uc2e0\ud638 \ud3a9\ud0c0\uc774\ub4dc\uc785\ub2c8\ub2e4.\" \/>\n<meta name=\"robots\" content=\"index, follow, max-snippet:-1, max-image-preview:large, max-video-preview:-1\" \/>\n<link rel=\"canonical\" href=\"https:\/\/naturalpoland.com\/ko\/je-pum\/hwa-jang-pum-won-ryo\/pep-ta-i-deu\/teuripebtaideu-38-palmiteiteu\/\" \/>\n<meta property=\"og:locale\" content=\"ko_KR\" \/>\n<meta property=\"og:type\" content=\"article\" \/>\n<meta property=\"og:title\" content=\"\ud2b8\ub9ac\ud3a9\ud0c0\uc774\ub4dc-38 \ud314\ubbf8\ud14c\uc774\ud2b8 - Hurtowy Dystrybutor\" \/>\n<meta property=\"og:description\" content=\"\ud314\ubbf8\ud1a0\uc77c \ud2b8\ub9ac\ud3a9\ud0c0\uc774\ub4dc-38(\ud314\ubbf8\ud1a0\uc77c \ud2b8\ub9ac\ud3a9\ud0c0\uc774\ub4dc-38)\uc740 \ub77c\ubbf8\ub2cc\uacfc \ucf5c\ub77c\uac90\uc5d0\uc11c \uc790\uc5f0\uc801\uc73c\ub85c \ubc1c\uacac\ub418\ub294 \uc2e0\ud638 \ud3a9\ud0c0\uc774\ub4dc\uc785\ub2c8\ub2e4.\" \/>\n<meta property=\"og:url\" content=\"https:\/\/naturalpoland.com\/ko\/je-pum\/hwa-jang-pum-won-ryo\/pep-ta-i-deu\/teuripebtaideu-38-palmiteiteu\/\" \/>\n<meta property=\"og:site_name\" content=\"NATURAL POLAND - Hurtowy Dystrybutor Surowc\u00f3w\" \/>\n<meta property=\"article:publisher\" content=\"https:\/\/www.facebook.com\/naturalpoland.b2b\" \/>\n<meta property=\"article:modified_time\" content=\"2025-06-04T14:21:19+00:00\" \/>\n<meta property=\"og:image\" content=\"https:\/\/naturalpoland.com\/wp-content\/uploads\/Palmitynian-tripeptydu-38.jpg\" \/>\n\t<meta property=\"og:image:width\" content=\"500\" \/>\n\t<meta property=\"og:image:height\" content=\"500\" \/>\n\t<meta property=\"og:image:type\" content=\"image\/jpeg\" \/>\n<script type=\"application\/ld+json\" class=\"yoast-schema-graph\">{\"@context\":\"https:\\\/\\\/schema.org\",\"@graph\":[{\"@type\":\"WebPage\",\"@id\":\"https:\\\/\\\/naturalpoland.com\\\/ko\\\/je-pum\\\/hwa-jang-pum-won-ryo\\\/pep-ta-i-deu\\\/teuripebtaideu-38-palmiteiteu\\\/\",\"url\":\"https:\\\/\\\/naturalpoland.com\\\/ko\\\/je-pum\\\/hwa-jang-pum-won-ryo\\\/pep-ta-i-deu\\\/teuripebtaideu-38-palmiteiteu\\\/\",\"name\":\"\ud2b8\ub9ac\ud3a9\ud0c0\uc774\ub4dc-38 \ud314\ubbf8\ud14c\uc774\ud2b8 - Hurtowy Dystrybutor\",\"isPartOf\":{\"@id\":\"https:\\\/\\\/naturalpoland.com\\\/ko\\\/#website\"},\"primaryImageOfPage\":{\"@id\":\"https:\\\/\\\/naturalpoland.com\\\/ko\\\/je-pum\\\/hwa-jang-pum-won-ryo\\\/pep-ta-i-deu\\\/teuripebtaideu-38-palmiteiteu\\\/#primaryimage\"},\"image\":{\"@id\":\"https:\\\/\\\/naturalpoland.com\\\/ko\\\/je-pum\\\/hwa-jang-pum-won-ryo\\\/pep-ta-i-deu\\\/teuripebtaideu-38-palmiteiteu\\\/#primaryimage\"},\"thumbnailUrl\":\"https:\\\/\\\/naturalpoland.com\\\/wp-content\\\/uploads\\\/Palmitynian-tripeptydu-38.jpg\",\"datePublished\":\"2025-06-04T14:10:34+00:00\",\"dateModified\":\"2025-06-04T14:21:19+00:00\",\"description\":\"\ud314\ubbf8\ud1a0\uc77c \ud2b8\ub9ac\ud3a9\ud0c0\uc774\ub4dc-38(\ud314\ubbf8\ud1a0\uc77c \ud2b8\ub9ac\ud3a9\ud0c0\uc774\ub4dc-38)\uc740 \ub77c\ubbf8\ub2cc\uacfc \ucf5c\ub77c\uac90\uc5d0\uc11c \uc790\uc5f0\uc801\uc73c\ub85c \ubc1c\uacac\ub418\ub294 \uc2e0\ud638 \ud3a9\ud0c0\uc774\ub4dc\uc785\ub2c8\ub2e4.\",\"breadcrumb\":{\"@id\":\"https:\\\/\\\/naturalpoland.com\\\/ko\\\/je-pum\\\/hwa-jang-pum-won-ryo\\\/pep-ta-i-deu\\\/teuripebtaideu-38-palmiteiteu\\\/#breadcrumb\"},\"inLanguage\":\"ko-KR\",\"potentialAction\":[{\"@type\":\"ReadAction\",\"target\":[\"https:\\\/\\\/naturalpoland.com\\\/ko\\\/je-pum\\\/hwa-jang-pum-won-ryo\\\/pep-ta-i-deu\\\/teuripebtaideu-38-palmiteiteu\\\/\"]}]},{\"@type\":\"ImageObject\",\"inLanguage\":\"ko-KR\",\"@id\":\"https:\\\/\\\/naturalpoland.com\\\/ko\\\/je-pum\\\/hwa-jang-pum-won-ryo\\\/pep-ta-i-deu\\\/teuripebtaideu-38-palmiteiteu\\\/#primaryimage\",\"url\":\"https:\\\/\\\/naturalpoland.com\\\/wp-content\\\/uploads\\\/Palmitynian-tripeptydu-38.jpg\",\"contentUrl\":\"https:\\\/\\\/naturalpoland.com\\\/wp-content\\\/uploads\\\/Palmitynian-tripeptydu-38.jpg\",\"width\":500,\"height\":500,\"caption\":\"Palmitynian tripeptydu-38\"},{\"@type\":\"BreadcrumbList\",\"@id\":\"https:\\\/\\\/naturalpoland.com\\\/ko\\\/je-pum\\\/hwa-jang-pum-won-ryo\\\/pep-ta-i-deu\\\/teuripebtaideu-38-palmiteiteu\\\/#breadcrumb\",\"itemListElement\":[{\"@type\":\"ListItem\",\"position\":1,\"name\":\"\ud648\",\"item\":\"https:\\\/\\\/naturalpoland.com\\\/ko\\\/\"},{\"@type\":\"ListItem\",\"position\":2,\"name\":\"\uc81c\ud488\",\"item\":\"https:\\\/\\\/naturalpoland.com\\\/ko\\\/%ec%a0%9c%ed%92%88\\\/\"},{\"@type\":\"ListItem\",\"position\":3,\"name\":\"\ud2b8\ub9ac\ud3a9\ud0c0\uc774\ub4dc-38 \ud314\ubbf8\ud14c\uc774\ud2b8\"}]},{\"@type\":\"WebSite\",\"@id\":\"https:\\\/\\\/naturalpoland.com\\\/ko\\\/#website\",\"url\":\"https:\\\/\\\/naturalpoland.com\\\/ko\\\/\",\"name\":\"NATURAL POLAND - Hurtowy Dystrybutor Surowc\u00f3w\",\"description\":\"Surowce dla przemys\u0142u spo\u017cywczego, kosmetycznego i farmaceutycznego\",\"publisher\":{\"@id\":\"https:\\\/\\\/naturalpoland.com\\\/ko\\\/#organization\"},\"potentialAction\":[{\"@type\":\"SearchAction\",\"target\":{\"@type\":\"EntryPoint\",\"urlTemplate\":\"https:\\\/\\\/naturalpoland.com\\\/ko\\\/?s={search_term_string}\"},\"query-input\":{\"@type\":\"PropertyValueSpecification\",\"valueRequired\":true,\"valueName\":\"search_term_string\"}}],\"inLanguage\":\"ko-KR\"},{\"@type\":\"Organization\",\"@id\":\"https:\\\/\\\/naturalpoland.com\\\/ko\\\/#organization\",\"name\":\"Natural Poland\",\"url\":\"https:\\\/\\\/naturalpoland.com\\\/ko\\\/\",\"logo\":{\"@type\":\"ImageObject\",\"inLanguage\":\"ko-KR\",\"@id\":\"https:\\\/\\\/naturalpoland.com\\\/ko\\\/#\\\/schema\\\/logo\\\/image\\\/\",\"url\":\"https:\\\/\\\/naturalpoland.com\\\/wp-content\\\/uploads\\\/2021\\\/05\\\/natural-poland-icon.png\",\"contentUrl\":\"https:\\\/\\\/naturalpoland.com\\\/wp-content\\\/uploads\\\/2021\\\/05\\\/natural-poland-icon.png\",\"width\":512,\"height\":512,\"caption\":\"Natural Poland\"},\"image\":{\"@id\":\"https:\\\/\\\/naturalpoland.com\\\/ko\\\/#\\\/schema\\\/logo\\\/image\\\/\"},\"sameAs\":[\"https:\\\/\\\/www.facebook.com\\\/naturalpoland.b2b\",\"https:\\\/\\\/pl.linkedin.com\\\/company\\\/natural-poland\",\"https:\\\/\\\/www.youtube.com\\\/channel\\\/UCgeGGkvOMahZo-xu_MSEWxg\"]}]}<\/script>\n<!-- \/ Yoast SEO plugin. -->","yoast_head_json":{"title":"\ud2b8\ub9ac\ud3a9\ud0c0\uc774\ub4dc-38 \ud314\ubbf8\ud14c\uc774\ud2b8 - Hurtowy Dystrybutor","description":"\ud314\ubbf8\ud1a0\uc77c \ud2b8\ub9ac\ud3a9\ud0c0\uc774\ub4dc-38(\ud314\ubbf8\ud1a0\uc77c \ud2b8\ub9ac\ud3a9\ud0c0\uc774\ub4dc-38)\uc740 \ub77c\ubbf8\ub2cc\uacfc \ucf5c\ub77c\uac90\uc5d0\uc11c \uc790\uc5f0\uc801\uc73c\ub85c \ubc1c\uacac\ub418\ub294 \uc2e0\ud638 \ud3a9\ud0c0\uc774\ub4dc\uc785\ub2c8\ub2e4.","robots":{"index":"index","follow":"follow","max-snippet":"max-snippet:-1","max-image-preview":"max-image-preview:large","max-video-preview":"max-video-preview:-1"},"canonical":"https:\/\/naturalpoland.com\/ko\/je-pum\/hwa-jang-pum-won-ryo\/pep-ta-i-deu\/teuripebtaideu-38-palmiteiteu\/","og_locale":"ko_KR","og_type":"article","og_title":"\ud2b8\ub9ac\ud3a9\ud0c0\uc774\ub4dc-38 \ud314\ubbf8\ud14c\uc774\ud2b8 - Hurtowy Dystrybutor","og_description":"\ud314\ubbf8\ud1a0\uc77c \ud2b8\ub9ac\ud3a9\ud0c0\uc774\ub4dc-38(\ud314\ubbf8\ud1a0\uc77c \ud2b8\ub9ac\ud3a9\ud0c0\uc774\ub4dc-38)\uc740 \ub77c\ubbf8\ub2cc\uacfc \ucf5c\ub77c\uac90\uc5d0\uc11c \uc790\uc5f0\uc801\uc73c\ub85c \ubc1c\uacac\ub418\ub294 \uc2e0\ud638 \ud3a9\ud0c0\uc774\ub4dc\uc785\ub2c8\ub2e4.","og_url":"https:\/\/naturalpoland.com\/ko\/je-pum\/hwa-jang-pum-won-ryo\/pep-ta-i-deu\/teuripebtaideu-38-palmiteiteu\/","og_site_name":"NATURAL POLAND - Hurtowy Dystrybutor Surowc\u00f3w","article_publisher":"https:\/\/www.facebook.com\/naturalpoland.b2b","article_modified_time":"2025-06-04T14:21:19+00:00","og_image":[{"width":500,"height":500,"url":"https:\/\/naturalpoland.com\/wp-content\/uploads\/Palmitynian-tripeptydu-38.jpg","type":"image\/jpeg"}],"schema":{"@context":"https:\/\/schema.org","@graph":[{"@type":"WebPage","@id":"https:\/\/naturalpoland.com\/ko\/je-pum\/hwa-jang-pum-won-ryo\/pep-ta-i-deu\/teuripebtaideu-38-palmiteiteu\/","url":"https:\/\/naturalpoland.com\/ko\/je-pum\/hwa-jang-pum-won-ryo\/pep-ta-i-deu\/teuripebtaideu-38-palmiteiteu\/","name":"\ud2b8\ub9ac\ud3a9\ud0c0\uc774\ub4dc-38 \ud314\ubbf8\ud14c\uc774\ud2b8 - Hurtowy Dystrybutor","isPartOf":{"@id":"https:\/\/naturalpoland.com\/ko\/#website"},"primaryImageOfPage":{"@id":"https:\/\/naturalpoland.com\/ko\/je-pum\/hwa-jang-pum-won-ryo\/pep-ta-i-deu\/teuripebtaideu-38-palmiteiteu\/#primaryimage"},"image":{"@id":"https:\/\/naturalpoland.com\/ko\/je-pum\/hwa-jang-pum-won-ryo\/pep-ta-i-deu\/teuripebtaideu-38-palmiteiteu\/#primaryimage"},"thumbnailUrl":"https:\/\/naturalpoland.com\/wp-content\/uploads\/Palmitynian-tripeptydu-38.jpg","datePublished":"2025-06-04T14:10:34+00:00","dateModified":"2025-06-04T14:21:19+00:00","description":"\ud314\ubbf8\ud1a0\uc77c \ud2b8\ub9ac\ud3a9\ud0c0\uc774\ub4dc-38(\ud314\ubbf8\ud1a0\uc77c \ud2b8\ub9ac\ud3a9\ud0c0\uc774\ub4dc-38)\uc740 \ub77c\ubbf8\ub2cc\uacfc \ucf5c\ub77c\uac90\uc5d0\uc11c \uc790\uc5f0\uc801\uc73c\ub85c \ubc1c\uacac\ub418\ub294 \uc2e0\ud638 \ud3a9\ud0c0\uc774\ub4dc\uc785\ub2c8\ub2e4.","breadcrumb":{"@id":"https:\/\/naturalpoland.com\/ko\/je-pum\/hwa-jang-pum-won-ryo\/pep-ta-i-deu\/teuripebtaideu-38-palmiteiteu\/#breadcrumb"},"inLanguage":"ko-KR","potentialAction":[{"@type":"ReadAction","target":["https:\/\/naturalpoland.com\/ko\/je-pum\/hwa-jang-pum-won-ryo\/pep-ta-i-deu\/teuripebtaideu-38-palmiteiteu\/"]}]},{"@type":"ImageObject","inLanguage":"ko-KR","@id":"https:\/\/naturalpoland.com\/ko\/je-pum\/hwa-jang-pum-won-ryo\/pep-ta-i-deu\/teuripebtaideu-38-palmiteiteu\/#primaryimage","url":"https:\/\/naturalpoland.com\/wp-content\/uploads\/Palmitynian-tripeptydu-38.jpg","contentUrl":"https:\/\/naturalpoland.com\/wp-content\/uploads\/Palmitynian-tripeptydu-38.jpg","width":500,"height":500,"caption":"Palmitynian tripeptydu-38"},{"@type":"BreadcrumbList","@id":"https:\/\/naturalpoland.com\/ko\/je-pum\/hwa-jang-pum-won-ryo\/pep-ta-i-deu\/teuripebtaideu-38-palmiteiteu\/#breadcrumb","itemListElement":[{"@type":"ListItem","position":1,"name":"\ud648","item":"https:\/\/naturalpoland.com\/ko\/"},{"@type":"ListItem","position":2,"name":"\uc81c\ud488","item":"https:\/\/naturalpoland.com\/ko\/%ec%a0%9c%ed%92%88\/"},{"@type":"ListItem","position":3,"name":"\ud2b8\ub9ac\ud3a9\ud0c0\uc774\ub4dc-38 \ud314\ubbf8\ud14c\uc774\ud2b8"}]},{"@type":"WebSite","@id":"https:\/\/naturalpoland.com\/ko\/#website","url":"https:\/\/naturalpoland.com\/ko\/","name":"NATURAL POLAND - Hurtowy Dystrybutor Surowc\u00f3w","description":"Surowce dla przemys\u0142u spo\u017cywczego, kosmetycznego i farmaceutycznego","publisher":{"@id":"https:\/\/naturalpoland.com\/ko\/#organization"},"potentialAction":[{"@type":"SearchAction","target":{"@type":"EntryPoint","urlTemplate":"https:\/\/naturalpoland.com\/ko\/?s={search_term_string}"},"query-input":{"@type":"PropertyValueSpecification","valueRequired":true,"valueName":"search_term_string"}}],"inLanguage":"ko-KR"},{"@type":"Organization","@id":"https:\/\/naturalpoland.com\/ko\/#organization","name":"Natural Poland","url":"https:\/\/naturalpoland.com\/ko\/","logo":{"@type":"ImageObject","inLanguage":"ko-KR","@id":"https:\/\/naturalpoland.com\/ko\/#\/schema\/logo\/image\/","url":"https:\/\/naturalpoland.com\/wp-content\/uploads\/2021\/05\/natural-poland-icon.png","contentUrl":"https:\/\/naturalpoland.com\/wp-content\/uploads\/2021\/05\/natural-poland-icon.png","width":512,"height":512,"caption":"Natural Poland"},"image":{"@id":"https:\/\/naturalpoland.com\/ko\/#\/schema\/logo\/image\/"},"sameAs":["https:\/\/www.facebook.com\/naturalpoland.b2b","https:\/\/pl.linkedin.com\/company\/natural-poland","https:\/\/www.youtube.com\/channel\/UCgeGGkvOMahZo-xu_MSEWxg"]}]}},"_links":{"self":[{"href":"https:\/\/naturalpoland.com\/ko\/wp-json\/wp\/v2\/product\/41369","targetHints":{"allow":["GET"]}}],"collection":[{"href":"https:\/\/naturalpoland.com\/ko\/wp-json\/wp\/v2\/product"}],"about":[{"href":"https:\/\/naturalpoland.com\/ko\/wp-json\/wp\/v2\/types\/product"}],"wp:featuredmedia":[{"embeddable":true,"href":"https:\/\/naturalpoland.com\/ko\/wp-json\/wp\/v2\/media\/41370"}],"wp:attachment":[{"href":"https:\/\/naturalpoland.com\/ko\/wp-json\/wp\/v2\/media?parent=41369"}],"wp:term":[{"taxonomy":"product_brand","embeddable":true,"href":"https:\/\/naturalpoland.com\/ko\/wp-json\/wp\/v2\/product_brand?post=41369"},{"taxonomy":"product_cat","embeddable":true,"href":"https:\/\/naturalpoland.com\/ko\/wp-json\/wp\/v2\/product_cat?post=41369"},{"taxonomy":"product_tag","embeddable":true,"href":"https:\/\/naturalpoland.com\/ko\/wp-json\/wp\/v2\/product_tag?post=41369"}],"curies":[{"name":"wp","href":"https:\/\/api.w.org\/{rel}","templated":true}]}}