{"id":41371,"date":"2024-04-11T14:07:01","date_gmt":"2025-06-04T14:21:57","guid":{"rendered":"https:\/\/naturalpoland.com\/produkty\/uncategorized\/%ec%95%8c%eb%a1%9c%ec%97%90-%eb%b2%a0%eb%9d%bc-%ed%95%98%ec%9d%b4%eb%93%9c%eb%a1%a4%eb%a0%88%ec%9d%b4%ed%8a%b8\/"},"modified":"2025-06-04T16:21:57","modified_gmt":"2025-06-04T14:21:57","slug":"%ec%95%8c%eb%a1%9c%ec%97%90-%eb%b2%a0%eb%9d%bc-%ed%95%98%ec%9d%b4%eb%93%9c%eb%a1%a4%eb%a0%88%ec%9d%b4%ed%8a%b8","status":"publish","type":"product","link":"https:\/\/naturalpoland.com\/ko\/je-pum\/hwa-jang-pum-won-ryo\/ha-i-deu-ro-sol\/%ec%95%8c%eb%a1%9c%ec%97%90-%eb%b2%a0%eb%9d%bc-%ed%95%98%ec%9d%b4%eb%93%9c%eb%a1%a4%eb%a0%88%ec%9d%b4%ed%8a%b8\/","title":{"rendered":"\uc54c\ub85c\uc5d0 \ubca0\ub77c \ud558\uc774\ub4dc\ub864\ub808\uc774\ud2b8"},"content":{"rendered":"<p><strong>\uc18d\uc131<\/strong>:<\/p>\n<p>\uc54c\ub85c\uc5d0 \ubca0\ub77c \ud558\uc774\ub4dc\ub864\ub808\uc774\ud2b8\ub294 \ub9e4\uc6b0 \uc21c\ud558\uba74\uc11c\ub3c4 \ud6a8\uacfc\uc801\uc774\uae30 \ub54c\ubb38\uc5d0 \ubaa8\ub4e0 \ud53c\ubd80 \ud0c0\uc785, \ud2b9\ud788 \ubbfc\uac10\ud558\uace0 \uac74\uc870\ud558\uba70 \uc790\uadf9\ubc1b\uc740 \ud53c\ubd80\uc5d0 \uc801\ud569\ud569\ub2c8\ub2e4. \uc8fc\uc694 \ud6a8\ub2a5\uc740 \ud53c\ubd80\uc5d0 \ud544\uc218 \ubcf4\uc2b5 \uc131\ubd84\uc744 \uacf5\uae09\ud558\uc5ec \ud53c\ubd80\ub97c \ubd80\ub4dc\ub7fd\uace0 \uc720\uc5f0\ud558\uba70 \uc724\uae30 \uc788\uac8c \uac00\uafb8\uc5b4\uc8fc\ub294 <strong>\uae4a\uc740 \ubcf4\uc2b5\uc785\ub2c8\ub2e4<\/strong>. <\/p>\n<p>\uc54c\ub85c\uc5d0 \ubca0\ub77c \ud558\uc774\ub4dc\ub864\ub808\uc774\ud2b8\uc758 \uc9c4\uc815 \ud6a8\uacfc\ub294 \ubc14\ub78c, \ud0dc\uc591 \ub610\ub294 \uc624\uc5fc\uacfc \uac19\uc740 \uc678\ubd80 \uc694\uc778\uc73c\ub85c \uc778\ud574 \uc790\uadf9\ubc1b\uc740 \ud53c\ubd80\uc640 \uc9d1\uc911\uc801\uc778 \ubbf8\uc6a9 \uc2dc\uc220 \ud6c4 \ubd89\uc5b4\uc9c4 \ud53c\ubd80\uc5d0 \ub9e4\uc6b0 \uc720\uc6a9\ud569\ub2c8\ub2e4. \uc791\uc5f4\uac10\uacfc <strong>\uac00\ub824\uc6c0\uc99d\uc744 \uc9c4\uc815\uc2dc\ud0a4\uace0<\/strong> \ubc1c\uc801\uc744 \ud6a8\uacfc\uc801\uc73c\ub85c \uac10\uc18c\uc2dc\ucf1c \ud53c\ubd80\uc5d0 \ud3b8\uc548\ud568\uc744 \ub418\ucc3e\uc544 \uc90d\ub2c8\ub2e4. <\/p>\n<p>\uc54c\ub85c\uc5d0 \ubca0\ub77c <strong>\ud558\uc774\ub4dc\ub864\ub808\uc774\ud2b8\uc758 \uc7ac\uc0dd \ud2b9\uc131\uc740<\/strong> \uc138\ud3ec \uc7ac\uc0dd \uacfc\uc815\uc744 \uc9c0\uc6d0\ud558\uc5ec \ucc30\uacfc\uc0c1\uc774\ub098 \ubbf8\uc138 \uc190\uc0c1\uacfc \uac19\uc740 \uacbd\ubbf8\ud55c \ud45c\ud53c \uc190\uc0c1\uc758 \uce58\uc720\ub97c \uac00\uc18d\ud654\ud569\ub2c8\ub2e4. \ub610\ud55c \uc774 \ud558\uc774\ub4dc\ub864\ub808\uc774\ud2b8\ub294 \ud56d\uc0b0\ud654 \uc131\ubd84\uc774 \ud568\uc720\ub418\uc5b4 \uc788\uc5b4 \ud65c\uc131\uc0b0\uc18c\uc758 \uc190\uc0c1\uc73c\ub85c\ubd80\ud130 \ud53c\ubd80\ub97c \ubcf4\ud638\ud558\uc5ec \ub354 \uc624\ub7ab\ub3d9\uc548 \uc80a\uc74c\uc744 \uc720\uc9c0\ud560 \uc218 \uc788\ub3c4\ub85d \ub3c4\uc640\uc90d\ub2c8\ub2e4. <\/p>\n<p><strong>\uc560\ud50c\ub9ac\ucf00\uc774\uc158<\/strong>:<\/p>\n<p>\uac00\ubccd\uace0 \ucd09\ucd09\ud55c \ud14d\uc2a4\ucc98\ub85c \ud53c\ubd80\uc5d0 \ub048\uc801\uc784 \uc5c6\uc774 \ube60\ub974\uac8c \ud761\uc218\ub418\uc5b4 \ud398\uc774\uc15c \ud1a0\ub108, \uc0c1\ucf8c\ud55c \ubbf8\uc2a4\ud2b8 \ub610\ub294 \ud648\uba54\uc774\ub4dc \ub9c8\uc2a4\ud06c\uc758 \uc7ac\ub8cc\ub85c \uc0ac\uc6a9\ud558\uae30\uc5d0 \uc88b\uc2b5\ub2c8\ub2e4.<\/p>\n<p>&nbsp;<\/p>\n","protected":false},"excerpt":{"rendered":"<p>\uc54c\ub85c\uc5d0 \ud558\uc774\ub4dc\ub864\ub808\uc774\ud2b8\ub294 \uc54c\ub85c\uc5d0 \ubca0\ub77c \uc2dd\ubb3c\uc758 \uc78e\uc5d0\uc11c \ucd94\ucd9c\ud55c \uac83\uc73c\ub85c, \uac74\uac15 \ubc0f \uc2a4\ud0a8\ucf00\uc5b4\uc5d0 \ud0c1\uc6d4\ud55c \ud6a8\ub2a5\uc774 \uc788\ub294 \uac83\uc73c\ub85c \uc798 \uc54c\ub824\uc838 \uc788\uc2b5\ub2c8\ub2e4. \uc601\uc591\uacfc \uc218\ubd84\uc744 \uacf5\uae09\ud558\uace0 \ud53c\ubd80 \uc7ac\uc0dd\uc744 \ucd09\uc9c4\ud558\ub294 \uc131\ubd84\uc73c\ub85c \uc798 \uc54c\ub824\uc838 \uc788\uc2b5\ub2c8\ub2e4. <\/p>\n","protected":false},"featured_media":41372,"template":"","meta":{"_acf_changed":false},"product_brand":[],"product_cat":[8150],"product_tag":[],"class_list":{"0":"post-41371","1":"product","2":"type-product","3":"status-publish","4":"has-post-thumbnail","6":"product_cat-ha-i-deu-ro-sol","7":"pa_grupa-substancji-8209","9":"first","10":"instock","11":"shipping-taxable","12":"product-type-simple"},"acf":[],"yoast_head":"<!-- This site is optimized with the Yoast SEO plugin v27.5 - https:\/\/yoast.com\/product\/yoast-seo-wordpress\/ -->\n<title>\uc54c\ub85c\uc5d0 \ubca0\ub77c \ud558\uc774\ub4dc\ub864\ub808\uc774\ud2b8 - Hurtowy Dystrybutor<\/title>\n<meta name=\"description\" content=\"\uc54c\ub85c\uc5d0 \ud558\uc774\ub4dc\ub864\ub808\uc774\ud2b8\ub294 \ubcf4\uc2b5, \uc9c4\uc815, \uc7ac\uc0dd \ud6a8\uacfc\uac00 \uc788\uc5b4 \ud53c\ubd80 \uad00\ub9ac\uc5d0 \uc5c6\uc5b4\uc11c\ub294 \uc548 \ub420 \ub2e4\uc7ac\ub2e4\ub2a5\ud55c \uc81c\ud488\uc785\ub2c8\ub2e4,\" \/>\n<meta name=\"robots\" content=\"index, follow, max-snippet:-1, max-image-preview:large, max-video-preview:-1\" \/>\n<link rel=\"canonical\" href=\"https:\/\/naturalpoland.com\/ko\/je-pum\/hwa-jang-pum-won-ryo\/ha-i-deu-ro-sol\/%ec%95%8c%eb%a1%9c%ec%97%90-%eb%b2%a0%eb%9d%bc-%ed%95%98%ec%9d%b4%eb%93%9c%eb%a1%a4%eb%a0%88%ec%9d%b4%ed%8a%b8\/\" \/>\n<meta property=\"og:locale\" content=\"ko_KR\" \/>\n<meta property=\"og:type\" content=\"article\" \/>\n<meta property=\"og:title\" content=\"\uc54c\ub85c\uc5d0 \ubca0\ub77c \ud558\uc774\ub4dc\ub864\ub808\uc774\ud2b8 - Hurtowy Dystrybutor\" \/>\n<meta property=\"og:description\" content=\"\uc54c\ub85c\uc5d0 \ud558\uc774\ub4dc\ub864\ub808\uc774\ud2b8\ub294 \ubcf4\uc2b5, \uc9c4\uc815, \uc7ac\uc0dd \ud6a8\uacfc\uac00 \uc788\uc5b4 \ud53c\ubd80 \uad00\ub9ac\uc5d0 \uc5c6\uc5b4\uc11c\ub294 \uc548 \ub420 \ub2e4\uc7ac\ub2e4\ub2a5\ud55c \uc81c\ud488\uc785\ub2c8\ub2e4,\" \/>\n<meta property=\"og:url\" content=\"https:\/\/naturalpoland.com\/ko\/je-pum\/hwa-jang-pum-won-ryo\/ha-i-deu-ro-sol\/%ec%95%8c%eb%a1%9c%ec%97%90-%eb%b2%a0%eb%9d%bc-%ed%95%98%ec%9d%b4%eb%93%9c%eb%a1%a4%eb%a0%88%ec%9d%b4%ed%8a%b8\/\" \/>\n<meta property=\"og:site_name\" content=\"NATURAL POLAND - Hurtowy Dystrybutor Surowc\u00f3w\" \/>\n<meta property=\"article:publisher\" content=\"https:\/\/www.facebook.com\/naturalpoland.b2b\" \/>\n<meta property=\"og:image\" content=\"https:\/\/naturalpoland.com\/wp-content\/uploads\/hydrolat-aloesowy.webp\" \/>\n\t<meta property=\"og:image:width\" content=\"618\" \/>\n\t<meta property=\"og:image:height\" content=\"618\" \/>\n\t<meta property=\"og:image:type\" content=\"image\/webp\" \/>\n<script type=\"application\/ld+json\" class=\"yoast-schema-graph\">{\"@context\":\"https:\\\/\\\/schema.org\",\"@graph\":[{\"@type\":\"WebPage\",\"@id\":\"https:\\\/\\\/naturalpoland.com\\\/ko\\\/je-pum\\\/hwa-jang-pum-won-ryo\\\/ha-i-deu-ro-sol\\\/%ec%95%8c%eb%a1%9c%ec%97%90-%eb%b2%a0%eb%9d%bc-%ed%95%98%ec%9d%b4%eb%93%9c%eb%a1%a4%eb%a0%88%ec%9d%b4%ed%8a%b8\\\/\",\"url\":\"https:\\\/\\\/naturalpoland.com\\\/ko\\\/je-pum\\\/hwa-jang-pum-won-ryo\\\/ha-i-deu-ro-sol\\\/%ec%95%8c%eb%a1%9c%ec%97%90-%eb%b2%a0%eb%9d%bc-%ed%95%98%ec%9d%b4%eb%93%9c%eb%a1%a4%eb%a0%88%ec%9d%b4%ed%8a%b8\\\/\",\"name\":\"\uc54c\ub85c\uc5d0 \ubca0\ub77c \ud558\uc774\ub4dc\ub864\ub808\uc774\ud2b8 - Hurtowy Dystrybutor\",\"isPartOf\":{\"@id\":\"https:\\\/\\\/naturalpoland.com\\\/ko\\\/#website\"},\"primaryImageOfPage\":{\"@id\":\"https:\\\/\\\/naturalpoland.com\\\/ko\\\/je-pum\\\/hwa-jang-pum-won-ryo\\\/ha-i-deu-ro-sol\\\/%ec%95%8c%eb%a1%9c%ec%97%90-%eb%b2%a0%eb%9d%bc-%ed%95%98%ec%9d%b4%eb%93%9c%eb%a1%a4%eb%a0%88%ec%9d%b4%ed%8a%b8\\\/#primaryimage\"},\"image\":{\"@id\":\"https:\\\/\\\/naturalpoland.com\\\/ko\\\/je-pum\\\/hwa-jang-pum-won-ryo\\\/ha-i-deu-ro-sol\\\/%ec%95%8c%eb%a1%9c%ec%97%90-%eb%b2%a0%eb%9d%bc-%ed%95%98%ec%9d%b4%eb%93%9c%eb%a1%a4%eb%a0%88%ec%9d%b4%ed%8a%b8\\\/#primaryimage\"},\"thumbnailUrl\":\"https:\\\/\\\/naturalpoland.com\\\/wp-content\\\/uploads\\\/hydrolat-aloesowy.webp\",\"datePublished\":\"2025-06-04T14:21:57+00:00\",\"description\":\"\uc54c\ub85c\uc5d0 \ud558\uc774\ub4dc\ub864\ub808\uc774\ud2b8\ub294 \ubcf4\uc2b5, \uc9c4\uc815, \uc7ac\uc0dd \ud6a8\uacfc\uac00 \uc788\uc5b4 \ud53c\ubd80 \uad00\ub9ac\uc5d0 \uc5c6\uc5b4\uc11c\ub294 \uc548 \ub420 \ub2e4\uc7ac\ub2e4\ub2a5\ud55c \uc81c\ud488\uc785\ub2c8\ub2e4,\",\"breadcrumb\":{\"@id\":\"https:\\\/\\\/naturalpoland.com\\\/ko\\\/je-pum\\\/hwa-jang-pum-won-ryo\\\/ha-i-deu-ro-sol\\\/%ec%95%8c%eb%a1%9c%ec%97%90-%eb%b2%a0%eb%9d%bc-%ed%95%98%ec%9d%b4%eb%93%9c%eb%a1%a4%eb%a0%88%ec%9d%b4%ed%8a%b8\\\/#breadcrumb\"},\"inLanguage\":\"ko-KR\",\"potentialAction\":[{\"@type\":\"ReadAction\",\"target\":[\"https:\\\/\\\/naturalpoland.com\\\/ko\\\/je-pum\\\/hwa-jang-pum-won-ryo\\\/ha-i-deu-ro-sol\\\/%ec%95%8c%eb%a1%9c%ec%97%90-%eb%b2%a0%eb%9d%bc-%ed%95%98%ec%9d%b4%eb%93%9c%eb%a1%a4%eb%a0%88%ec%9d%b4%ed%8a%b8\\\/\"]}]},{\"@type\":\"ImageObject\",\"inLanguage\":\"ko-KR\",\"@id\":\"https:\\\/\\\/naturalpoland.com\\\/ko\\\/je-pum\\\/hwa-jang-pum-won-ryo\\\/ha-i-deu-ro-sol\\\/%ec%95%8c%eb%a1%9c%ec%97%90-%eb%b2%a0%eb%9d%bc-%ed%95%98%ec%9d%b4%eb%93%9c%eb%a1%a4%eb%a0%88%ec%9d%b4%ed%8a%b8\\\/#primaryimage\",\"url\":\"https:\\\/\\\/naturalpoland.com\\\/wp-content\\\/uploads\\\/hydrolat-aloesowy.webp\",\"contentUrl\":\"https:\\\/\\\/naturalpoland.com\\\/wp-content\\\/uploads\\\/hydrolat-aloesowy.webp\",\"width\":618,\"height\":618,\"caption\":\"hydrolat aloesowy\"},{\"@type\":\"BreadcrumbList\",\"@id\":\"https:\\\/\\\/naturalpoland.com\\\/ko\\\/je-pum\\\/hwa-jang-pum-won-ryo\\\/ha-i-deu-ro-sol\\\/%ec%95%8c%eb%a1%9c%ec%97%90-%eb%b2%a0%eb%9d%bc-%ed%95%98%ec%9d%b4%eb%93%9c%eb%a1%a4%eb%a0%88%ec%9d%b4%ed%8a%b8\\\/#breadcrumb\",\"itemListElement\":[{\"@type\":\"ListItem\",\"position\":1,\"name\":\"\ud648\",\"item\":\"https:\\\/\\\/naturalpoland.com\\\/ko\\\/\"},{\"@type\":\"ListItem\",\"position\":2,\"name\":\"\uc81c\ud488\",\"item\":\"https:\\\/\\\/naturalpoland.com\\\/ko\\\/%ec%a0%9c%ed%92%88\\\/\"},{\"@type\":\"ListItem\",\"position\":3,\"name\":\"\uc54c\ub85c\uc5d0 \ubca0\ub77c \ud558\uc774\ub4dc\ub864\ub808\uc774\ud2b8\"}]},{\"@type\":\"WebSite\",\"@id\":\"https:\\\/\\\/naturalpoland.com\\\/ko\\\/#website\",\"url\":\"https:\\\/\\\/naturalpoland.com\\\/ko\\\/\",\"name\":\"NATURAL POLAND - Hurtowy Dystrybutor Surowc\u00f3w\",\"description\":\"Surowce dla przemys\u0142u spo\u017cywczego, kosmetycznego i farmaceutycznego\",\"publisher\":{\"@id\":\"https:\\\/\\\/naturalpoland.com\\\/ko\\\/#organization\"},\"potentialAction\":[{\"@type\":\"SearchAction\",\"target\":{\"@type\":\"EntryPoint\",\"urlTemplate\":\"https:\\\/\\\/naturalpoland.com\\\/ko\\\/?s={search_term_string}\"},\"query-input\":{\"@type\":\"PropertyValueSpecification\",\"valueRequired\":true,\"valueName\":\"search_term_string\"}}],\"inLanguage\":\"ko-KR\"},{\"@type\":\"Organization\",\"@id\":\"https:\\\/\\\/naturalpoland.com\\\/ko\\\/#organization\",\"name\":\"Natural Poland\",\"url\":\"https:\\\/\\\/naturalpoland.com\\\/ko\\\/\",\"logo\":{\"@type\":\"ImageObject\",\"inLanguage\":\"ko-KR\",\"@id\":\"https:\\\/\\\/naturalpoland.com\\\/ko\\\/#\\\/schema\\\/logo\\\/image\\\/\",\"url\":\"https:\\\/\\\/naturalpoland.com\\\/wp-content\\\/uploads\\\/2021\\\/05\\\/natural-poland-icon.png\",\"contentUrl\":\"https:\\\/\\\/naturalpoland.com\\\/wp-content\\\/uploads\\\/2021\\\/05\\\/natural-poland-icon.png\",\"width\":512,\"height\":512,\"caption\":\"Natural Poland\"},\"image\":{\"@id\":\"https:\\\/\\\/naturalpoland.com\\\/ko\\\/#\\\/schema\\\/logo\\\/image\\\/\"},\"sameAs\":[\"https:\\\/\\\/www.facebook.com\\\/naturalpoland.b2b\",\"https:\\\/\\\/pl.linkedin.com\\\/company\\\/natural-poland\",\"https:\\\/\\\/www.youtube.com\\\/channel\\\/UCgeGGkvOMahZo-xu_MSEWxg\"]}]}<\/script>\n<!-- \/ Yoast SEO plugin. -->","yoast_head_json":{"title":"\uc54c\ub85c\uc5d0 \ubca0\ub77c \ud558\uc774\ub4dc\ub864\ub808\uc774\ud2b8 - Hurtowy Dystrybutor","description":"\uc54c\ub85c\uc5d0 \ud558\uc774\ub4dc\ub864\ub808\uc774\ud2b8\ub294 \ubcf4\uc2b5, \uc9c4\uc815, \uc7ac\uc0dd \ud6a8\uacfc\uac00 \uc788\uc5b4 \ud53c\ubd80 \uad00\ub9ac\uc5d0 \uc5c6\uc5b4\uc11c\ub294 \uc548 \ub420 \ub2e4\uc7ac\ub2e4\ub2a5\ud55c \uc81c\ud488\uc785\ub2c8\ub2e4,","robots":{"index":"index","follow":"follow","max-snippet":"max-snippet:-1","max-image-preview":"max-image-preview:large","max-video-preview":"max-video-preview:-1"},"canonical":"https:\/\/naturalpoland.com\/ko\/je-pum\/hwa-jang-pum-won-ryo\/ha-i-deu-ro-sol\/%ec%95%8c%eb%a1%9c%ec%97%90-%eb%b2%a0%eb%9d%bc-%ed%95%98%ec%9d%b4%eb%93%9c%eb%a1%a4%eb%a0%88%ec%9d%b4%ed%8a%b8\/","og_locale":"ko_KR","og_type":"article","og_title":"\uc54c\ub85c\uc5d0 \ubca0\ub77c \ud558\uc774\ub4dc\ub864\ub808\uc774\ud2b8 - Hurtowy Dystrybutor","og_description":"\uc54c\ub85c\uc5d0 \ud558\uc774\ub4dc\ub864\ub808\uc774\ud2b8\ub294 \ubcf4\uc2b5, \uc9c4\uc815, \uc7ac\uc0dd \ud6a8\uacfc\uac00 \uc788\uc5b4 \ud53c\ubd80 \uad00\ub9ac\uc5d0 \uc5c6\uc5b4\uc11c\ub294 \uc548 \ub420 \ub2e4\uc7ac\ub2e4\ub2a5\ud55c \uc81c\ud488\uc785\ub2c8\ub2e4,","og_url":"https:\/\/naturalpoland.com\/ko\/je-pum\/hwa-jang-pum-won-ryo\/ha-i-deu-ro-sol\/%ec%95%8c%eb%a1%9c%ec%97%90-%eb%b2%a0%eb%9d%bc-%ed%95%98%ec%9d%b4%eb%93%9c%eb%a1%a4%eb%a0%88%ec%9d%b4%ed%8a%b8\/","og_site_name":"NATURAL POLAND - Hurtowy Dystrybutor Surowc\u00f3w","article_publisher":"https:\/\/www.facebook.com\/naturalpoland.b2b","og_image":[{"width":618,"height":618,"url":"https:\/\/naturalpoland.com\/wp-content\/uploads\/hydrolat-aloesowy.webp","type":"image\/webp"}],"schema":{"@context":"https:\/\/schema.org","@graph":[{"@type":"WebPage","@id":"https:\/\/naturalpoland.com\/ko\/je-pum\/hwa-jang-pum-won-ryo\/ha-i-deu-ro-sol\/%ec%95%8c%eb%a1%9c%ec%97%90-%eb%b2%a0%eb%9d%bc-%ed%95%98%ec%9d%b4%eb%93%9c%eb%a1%a4%eb%a0%88%ec%9d%b4%ed%8a%b8\/","url":"https:\/\/naturalpoland.com\/ko\/je-pum\/hwa-jang-pum-won-ryo\/ha-i-deu-ro-sol\/%ec%95%8c%eb%a1%9c%ec%97%90-%eb%b2%a0%eb%9d%bc-%ed%95%98%ec%9d%b4%eb%93%9c%eb%a1%a4%eb%a0%88%ec%9d%b4%ed%8a%b8\/","name":"\uc54c\ub85c\uc5d0 \ubca0\ub77c \ud558\uc774\ub4dc\ub864\ub808\uc774\ud2b8 - Hurtowy Dystrybutor","isPartOf":{"@id":"https:\/\/naturalpoland.com\/ko\/#website"},"primaryImageOfPage":{"@id":"https:\/\/naturalpoland.com\/ko\/je-pum\/hwa-jang-pum-won-ryo\/ha-i-deu-ro-sol\/%ec%95%8c%eb%a1%9c%ec%97%90-%eb%b2%a0%eb%9d%bc-%ed%95%98%ec%9d%b4%eb%93%9c%eb%a1%a4%eb%a0%88%ec%9d%b4%ed%8a%b8\/#primaryimage"},"image":{"@id":"https:\/\/naturalpoland.com\/ko\/je-pum\/hwa-jang-pum-won-ryo\/ha-i-deu-ro-sol\/%ec%95%8c%eb%a1%9c%ec%97%90-%eb%b2%a0%eb%9d%bc-%ed%95%98%ec%9d%b4%eb%93%9c%eb%a1%a4%eb%a0%88%ec%9d%b4%ed%8a%b8\/#primaryimage"},"thumbnailUrl":"https:\/\/naturalpoland.com\/wp-content\/uploads\/hydrolat-aloesowy.webp","datePublished":"2025-06-04T14:21:57+00:00","description":"\uc54c\ub85c\uc5d0 \ud558\uc774\ub4dc\ub864\ub808\uc774\ud2b8\ub294 \ubcf4\uc2b5, \uc9c4\uc815, \uc7ac\uc0dd \ud6a8\uacfc\uac00 \uc788\uc5b4 \ud53c\ubd80 \uad00\ub9ac\uc5d0 \uc5c6\uc5b4\uc11c\ub294 \uc548 \ub420 \ub2e4\uc7ac\ub2e4\ub2a5\ud55c \uc81c\ud488\uc785\ub2c8\ub2e4,","breadcrumb":{"@id":"https:\/\/naturalpoland.com\/ko\/je-pum\/hwa-jang-pum-won-ryo\/ha-i-deu-ro-sol\/%ec%95%8c%eb%a1%9c%ec%97%90-%eb%b2%a0%eb%9d%bc-%ed%95%98%ec%9d%b4%eb%93%9c%eb%a1%a4%eb%a0%88%ec%9d%b4%ed%8a%b8\/#breadcrumb"},"inLanguage":"ko-KR","potentialAction":[{"@type":"ReadAction","target":["https:\/\/naturalpoland.com\/ko\/je-pum\/hwa-jang-pum-won-ryo\/ha-i-deu-ro-sol\/%ec%95%8c%eb%a1%9c%ec%97%90-%eb%b2%a0%eb%9d%bc-%ed%95%98%ec%9d%b4%eb%93%9c%eb%a1%a4%eb%a0%88%ec%9d%b4%ed%8a%b8\/"]}]},{"@type":"ImageObject","inLanguage":"ko-KR","@id":"https:\/\/naturalpoland.com\/ko\/je-pum\/hwa-jang-pum-won-ryo\/ha-i-deu-ro-sol\/%ec%95%8c%eb%a1%9c%ec%97%90-%eb%b2%a0%eb%9d%bc-%ed%95%98%ec%9d%b4%eb%93%9c%eb%a1%a4%eb%a0%88%ec%9d%b4%ed%8a%b8\/#primaryimage","url":"https:\/\/naturalpoland.com\/wp-content\/uploads\/hydrolat-aloesowy.webp","contentUrl":"https:\/\/naturalpoland.com\/wp-content\/uploads\/hydrolat-aloesowy.webp","width":618,"height":618,"caption":"hydrolat aloesowy"},{"@type":"BreadcrumbList","@id":"https:\/\/naturalpoland.com\/ko\/je-pum\/hwa-jang-pum-won-ryo\/ha-i-deu-ro-sol\/%ec%95%8c%eb%a1%9c%ec%97%90-%eb%b2%a0%eb%9d%bc-%ed%95%98%ec%9d%b4%eb%93%9c%eb%a1%a4%eb%a0%88%ec%9d%b4%ed%8a%b8\/#breadcrumb","itemListElement":[{"@type":"ListItem","position":1,"name":"\ud648","item":"https:\/\/naturalpoland.com\/ko\/"},{"@type":"ListItem","position":2,"name":"\uc81c\ud488","item":"https:\/\/naturalpoland.com\/ko\/%ec%a0%9c%ed%92%88\/"},{"@type":"ListItem","position":3,"name":"\uc54c\ub85c\uc5d0 \ubca0\ub77c \ud558\uc774\ub4dc\ub864\ub808\uc774\ud2b8"}]},{"@type":"WebSite","@id":"https:\/\/naturalpoland.com\/ko\/#website","url":"https:\/\/naturalpoland.com\/ko\/","name":"NATURAL POLAND - Hurtowy Dystrybutor Surowc\u00f3w","description":"Surowce dla przemys\u0142u spo\u017cywczego, kosmetycznego i farmaceutycznego","publisher":{"@id":"https:\/\/naturalpoland.com\/ko\/#organization"},"potentialAction":[{"@type":"SearchAction","target":{"@type":"EntryPoint","urlTemplate":"https:\/\/naturalpoland.com\/ko\/?s={search_term_string}"},"query-input":{"@type":"PropertyValueSpecification","valueRequired":true,"valueName":"search_term_string"}}],"inLanguage":"ko-KR"},{"@type":"Organization","@id":"https:\/\/naturalpoland.com\/ko\/#organization","name":"Natural Poland","url":"https:\/\/naturalpoland.com\/ko\/","logo":{"@type":"ImageObject","inLanguage":"ko-KR","@id":"https:\/\/naturalpoland.com\/ko\/#\/schema\/logo\/image\/","url":"https:\/\/naturalpoland.com\/wp-content\/uploads\/2021\/05\/natural-poland-icon.png","contentUrl":"https:\/\/naturalpoland.com\/wp-content\/uploads\/2021\/05\/natural-poland-icon.png","width":512,"height":512,"caption":"Natural Poland"},"image":{"@id":"https:\/\/naturalpoland.com\/ko\/#\/schema\/logo\/image\/"},"sameAs":["https:\/\/www.facebook.com\/naturalpoland.b2b","https:\/\/pl.linkedin.com\/company\/natural-poland","https:\/\/www.youtube.com\/channel\/UCgeGGkvOMahZo-xu_MSEWxg"]}]}},"_links":{"self":[{"href":"https:\/\/naturalpoland.com\/ko\/wp-json\/wp\/v2\/product\/41371","targetHints":{"allow":["GET"]}}],"collection":[{"href":"https:\/\/naturalpoland.com\/ko\/wp-json\/wp\/v2\/product"}],"about":[{"href":"https:\/\/naturalpoland.com\/ko\/wp-json\/wp\/v2\/types\/product"}],"wp:featuredmedia":[{"embeddable":true,"href":"https:\/\/naturalpoland.com\/ko\/wp-json\/wp\/v2\/media\/41372"}],"wp:attachment":[{"href":"https:\/\/naturalpoland.com\/ko\/wp-json\/wp\/v2\/media?parent=41371"}],"wp:term":[{"taxonomy":"product_brand","embeddable":true,"href":"https:\/\/naturalpoland.com\/ko\/wp-json\/wp\/v2\/product_brand?post=41371"},{"taxonomy":"product_cat","embeddable":true,"href":"https:\/\/naturalpoland.com\/ko\/wp-json\/wp\/v2\/product_cat?post=41371"},{"taxonomy":"product_tag","embeddable":true,"href":"https:\/\/naturalpoland.com\/ko\/wp-json\/wp\/v2\/product_tag?post=41371"}],"curies":[{"name":"wp","href":"https:\/\/api.w.org\/{rel}","templated":true}]}}