{"id":41404,"date":"2024-04-11T14:35:36","date_gmt":"2025-06-06T13:21:08","guid":{"rendered":"https:\/\/naturalpoland.com\/produkty\/uncategorized\/%eb%9d%bc%eb%b2%a4%eb%8d%94-%ed%95%98%ec%9d%b4%eb%93%9c%eb%a1%a4%eb%a0%88%ec%9d%b4%ed%8a%b8\/"},"modified":"2025-06-06T15:24:56","modified_gmt":"2025-06-06T13:24:56","slug":"rabendeo-haideurolreiteu","status":"publish","type":"product","link":"https:\/\/naturalpoland.com\/ko\/je-pum\/hwa-jang-pum-won-ryo\/ha-i-deu-ro-sol\/rabendeo-haideurolreiteu\/","title":{"rendered":"\ub77c\ubca4\ub354 \ud558\uc774\ub4dc\ub864\ub808\uc774\ud2b8"},"content":{"rendered":"<p><strong>\uae30\ub2a5 \ubc0f \uc791\uc5c5:<\/strong><\/p>\n<p>\ub77c\ubca4\ub354 \ud558\uc774\ub4dc\ub864\ub808\uc774\ud2b8\ub294 <strong>\ud53c\ubd80 \uc9c4\uc815 \ud6a8\uacfc\uac00<\/strong> \uc788\uc2b5\ub2c8\ub2e4. \uc790\uadf9, \ubc1c\uc801 \ubc0f \ud53c\ubd80 \uc2a4\ud2b8\ub808\uc2a4\uc758 \ubaa8\ub4e0 \uc9d5\ud6c4\ub97c \uc644\ubcbd\ud558\uac8c \uc9c4\uc815\uc2dc\ud0b5\ub2c8\ub2e4. \uac00\uc7a5 \ubbfc\uac10\ud55c \ud53c\ubd80\ub3c4 \uc548\uc2ec\ud560 \uc218 \uc788\uc2b5\ub2c8\ub2e4. \ud56d\uc5fc\uc99d \uc131\ubd84\uc740 \uacbd\ubbf8\ud55c \ud53c\ubd80 \uc5fc\uc99d\uacfc \uc2f8\uc6b0\uace0 \ud45c\ud53c \uc7ac\uc0dd \uacfc\uc815\uc744 \uc9c0\uc6d0\ud558\ub294 \ub370 \ub3c4\uc6c0\uc774 \ub429\ub2c8\ub2e4.   <\/p>\n<p>\ub77c\ubca4\ub354 \ud558\uc774\ub4dc\ub864\ub808\uc774\ud2b8\ub294 \ub610\ud55c <strong>\ud53c\uc9c0 \ubd84\ube44\ub97c \uc870\uc808\ud558\ub294 \ub2a5\ub825\uc774<\/strong> \ub6f0\uc5b4\ub098 \uc9c0\uc131 \ubc0f \ubcf5\ud569\uc131 \ud53c\ubd80\ub97c \uac00\uc9c4 \ubd84\ub4e4\uc5d0\uac8c \ud0c1\uc6d4\ud55c \uc120\ud0dd\uc774 \ub420 \uc218 \uc788\uc2b5\ub2c8\ub2e4. \ud53c\ubd80 \uade0\ud615\uc744 \uc7a1\uc544 \uacfc\ub3c4\ud55c \ubc88\ub4e4\uac70\ub9bc\uacfc \uacb0\uc810\uc774 \uc0dd\uae30\ub294 \uacbd\ud5a5\uc744 \uc904\uc5ec\uc90d\ub2c8\ub2e4. <\/p>\n<p>\uc740\uc740\ud558\uace0 \uc9c4\uc815 \ud6a8\uacfc\uac00 \uc788\ub294 \ud5a5\uc740 \uc544\ub85c\ub9c8\ud14c\ub77c\ud53c\uc5d0\uc11c <strong>\uc2a4\ud2b8\ub808\uc2a4\uc640 \uae34\uc7a5\uc744 \uc644\ud654\ud558\ub294 \ub370 \ub3c4\uc6c0\uc774<\/strong> \ub418\ub294 \uac83\uc73c\ub85c \uc54c\ub824\uc838 \uc788\uc2b5\ub2c8\ub2e4. \ud558\uc774\ub4dc\ub864\ub808\uc774\ud2b8\ub97c \ud398\uc774\uc15c \ubbf8\uc2a4\ud2b8\ub098 \ubaa9\uc695 \ucca8\uac00\uc81c\ub85c \uc0ac\uc6a9\ud558\uba74 \uae4a\uc740 \ud734\uc2dd\uacfc \uc218\uba74\uc758 \uc9c8 \ud5a5\uc0c1\uc5d0 \ub3c4\uc6c0\uc774 \ub420 \uc218 \uc788\uc2b5\ub2c8\ub2e4. <\/p>\n<p><strong>\uc560\ud50c\ub9ac\ucf00\uc774\uc158:<\/strong><\/p>\n<p>\ud558\uc774\ub4dc\ub85c\ub808\uc774\ud2b8\ub294 \ud074\ub80c\uc9d5 \ud6c4 \ud1a0\ub2c9\uc73c\ub85c \ub2e8\ub3c5\uc73c\ub85c \uc0ac\uc6a9\ud558\uac70\ub098 \ud648\uba54\uc774\ub4dc \uc2a4\ud0a8\ucf00\uc5b4 \ub9c8\uc2a4\ud06c\uc758 \uc77c\ubd80\ub85c, \ub0ae\uc5d0\ub294 \uc0c1\ucf8c\ud55c \ubbf8\uc2a4\ud2b8\ub85c \uc0ac\uc6a9\ud560 \uc218 \uc788\uc2b5\ub2c8\ub2e4.<\/p>\n<p>\uc774 \uc81c\ud488\uc740 \ubbfc\uac10\ud55c \ud53c\ubd80\ub97c \ud3ec\ud568\ud55c \ubaa8\ub4e0 \ud53c\ubd80 \ud0c0\uc785\uc5d0 \uc801\ud569\ud569\ub2c8\ub2e4. \uc9c4\uc815, \uc870\uc808 \ubc0f \uc774\uc644 \ud6a8\uacfc \ub355\ubd84\uc5d0 \ud53c\ubd80\uc758 \uac74\uac15\uacfc \uc544\ub984\ub2e4\uc6c0, \uc804\ubc18\uc801\uc778 \uc6f0\ube59\uc5d0 \ud0c1\uc6d4\ud55c \uc9c0\uc6d0\uc744 \uc81c\uacf5\ud569\ub2c8\ub2e4. <\/p>\n","protected":false},"excerpt":{"rendered":"<p>\ub77c\ubca4\ub354 \uc218\ud654\ubb3c\uc740 \ub77c\ubca4\ub354 \uaf43\uc5d0\uc11c \uc99d\uae30 \uc99d\ub958 \ubc29\uc2dd\uc73c\ub85c \ucd94\ucd9c\ud569\ub2c8\ub2e4.<\/p>\n","protected":false},"featured_media":41405,"template":"","meta":{"_acf_changed":false},"product_brand":[],"product_cat":[8150],"product_tag":[],"class_list":{"0":"post-41404","1":"product","2":"type-product","3":"status-publish","4":"has-post-thumbnail","6":"product_cat-ha-i-deu-ro-sol","7":"pa_grupa-substancji-8209","9":"first","10":"instock","11":"shipping-taxable","12":"product-type-simple"},"acf":[],"yoast_head":"<!-- This site is optimized with the Yoast SEO plugin v27.5 - https:\/\/yoast.com\/product\/yoast-seo-wordpress\/ -->\n<title>\ub77c\ubca4\ub354 \ud558\uc774\ub4dc\ub864\ub808\uc774\ud2b8 - Hurtowy Dystrybutor<\/title>\n<meta name=\"description\" content=\"\ub77c\ubca4\ub354 \uc218\ud654\ubb3c\uc740 \ub77c\ubca4\ub354 \uaf43\uc5d0\uc11c \uc99d\uae30 \uc99d\ub958 \ubc29\uc2dd\uc73c\ub85c \ucd94\ucd9c\ud558\uc5ec \uc0dd\ubb3c\ud559\uc801 \ud65c\uc131 \uc131\ubd84\uc744 \uc628\uc804\ud788 \ubcf4\uc874\ud569\ub2c8\ub2e4.\" \/>\n<meta name=\"robots\" content=\"index, follow, max-snippet:-1, max-image-preview:large, max-video-preview:-1\" \/>\n<link rel=\"canonical\" href=\"https:\/\/naturalpoland.com\/ko\/je-pum\/hwa-jang-pum-won-ryo\/ha-i-deu-ro-sol\/rabendeo-haideurolreiteu\/\" \/>\n<meta property=\"og:locale\" content=\"ko_KR\" \/>\n<meta property=\"og:type\" content=\"article\" \/>\n<meta property=\"og:title\" content=\"\ub77c\ubca4\ub354 \ud558\uc774\ub4dc\ub864\ub808\uc774\ud2b8 - Hurtowy Dystrybutor\" \/>\n<meta property=\"og:description\" content=\"\ub77c\ubca4\ub354 \uc218\ud654\ubb3c\uc740 \ub77c\ubca4\ub354 \uaf43\uc5d0\uc11c \uc99d\uae30 \uc99d\ub958 \ubc29\uc2dd\uc73c\ub85c \ucd94\ucd9c\ud558\uc5ec \uc0dd\ubb3c\ud559\uc801 \ud65c\uc131 \uc131\ubd84\uc744 \uc628\uc804\ud788 \ubcf4\uc874\ud569\ub2c8\ub2e4.\" \/>\n<meta property=\"og:url\" content=\"https:\/\/naturalpoland.com\/ko\/je-pum\/hwa-jang-pum-won-ryo\/ha-i-deu-ro-sol\/rabendeo-haideurolreiteu\/\" \/>\n<meta property=\"og:site_name\" content=\"NATURAL POLAND - Hurtowy Dystrybutor Surowc\u00f3w\" \/>\n<meta property=\"article:publisher\" content=\"https:\/\/www.facebook.com\/naturalpoland.b2b\" \/>\n<meta property=\"article:modified_time\" content=\"2025-06-06T13:24:56+00:00\" \/>\n<meta property=\"og:image\" content=\"https:\/\/naturalpoland.com\/wp-content\/uploads\/hydrolat-lawendowy.webp\" \/>\n\t<meta property=\"og:image:width\" content=\"618\" \/>\n\t<meta property=\"og:image:height\" content=\"618\" \/>\n\t<meta property=\"og:image:type\" content=\"image\/webp\" \/>\n<script type=\"application\/ld+json\" class=\"yoast-schema-graph\">{\"@context\":\"https:\\\/\\\/schema.org\",\"@graph\":[{\"@type\":\"WebPage\",\"@id\":\"https:\\\/\\\/naturalpoland.com\\\/ko\\\/je-pum\\\/hwa-jang-pum-won-ryo\\\/ha-i-deu-ro-sol\\\/rabendeo-haideurolreiteu\\\/\",\"url\":\"https:\\\/\\\/naturalpoland.com\\\/ko\\\/je-pum\\\/hwa-jang-pum-won-ryo\\\/ha-i-deu-ro-sol\\\/rabendeo-haideurolreiteu\\\/\",\"name\":\"\ub77c\ubca4\ub354 \ud558\uc774\ub4dc\ub864\ub808\uc774\ud2b8 - Hurtowy Dystrybutor\",\"isPartOf\":{\"@id\":\"https:\\\/\\\/naturalpoland.com\\\/ko\\\/#website\"},\"primaryImageOfPage\":{\"@id\":\"https:\\\/\\\/naturalpoland.com\\\/ko\\\/je-pum\\\/hwa-jang-pum-won-ryo\\\/ha-i-deu-ro-sol\\\/rabendeo-haideurolreiteu\\\/#primaryimage\"},\"image\":{\"@id\":\"https:\\\/\\\/naturalpoland.com\\\/ko\\\/je-pum\\\/hwa-jang-pum-won-ryo\\\/ha-i-deu-ro-sol\\\/rabendeo-haideurolreiteu\\\/#primaryimage\"},\"thumbnailUrl\":\"https:\\\/\\\/naturalpoland.com\\\/wp-content\\\/uploads\\\/hydrolat-lawendowy.webp\",\"datePublished\":\"2025-06-06T13:21:08+00:00\",\"dateModified\":\"2025-06-06T13:24:56+00:00\",\"description\":\"\ub77c\ubca4\ub354 \uc218\ud654\ubb3c\uc740 \ub77c\ubca4\ub354 \uaf43\uc5d0\uc11c \uc99d\uae30 \uc99d\ub958 \ubc29\uc2dd\uc73c\ub85c \ucd94\ucd9c\ud558\uc5ec \uc0dd\ubb3c\ud559\uc801 \ud65c\uc131 \uc131\ubd84\uc744 \uc628\uc804\ud788 \ubcf4\uc874\ud569\ub2c8\ub2e4.\",\"breadcrumb\":{\"@id\":\"https:\\\/\\\/naturalpoland.com\\\/ko\\\/je-pum\\\/hwa-jang-pum-won-ryo\\\/ha-i-deu-ro-sol\\\/rabendeo-haideurolreiteu\\\/#breadcrumb\"},\"inLanguage\":\"ko-KR\",\"potentialAction\":[{\"@type\":\"ReadAction\",\"target\":[\"https:\\\/\\\/naturalpoland.com\\\/ko\\\/je-pum\\\/hwa-jang-pum-won-ryo\\\/ha-i-deu-ro-sol\\\/rabendeo-haideurolreiteu\\\/\"]}]},{\"@type\":\"ImageObject\",\"inLanguage\":\"ko-KR\",\"@id\":\"https:\\\/\\\/naturalpoland.com\\\/ko\\\/je-pum\\\/hwa-jang-pum-won-ryo\\\/ha-i-deu-ro-sol\\\/rabendeo-haideurolreiteu\\\/#primaryimage\",\"url\":\"https:\\\/\\\/naturalpoland.com\\\/wp-content\\\/uploads\\\/hydrolat-lawendowy.webp\",\"contentUrl\":\"https:\\\/\\\/naturalpoland.com\\\/wp-content\\\/uploads\\\/hydrolat-lawendowy.webp\",\"width\":618,\"height\":618,\"caption\":\"hydrolat lawendowy\"},{\"@type\":\"BreadcrumbList\",\"@id\":\"https:\\\/\\\/naturalpoland.com\\\/ko\\\/je-pum\\\/hwa-jang-pum-won-ryo\\\/ha-i-deu-ro-sol\\\/rabendeo-haideurolreiteu\\\/#breadcrumb\",\"itemListElement\":[{\"@type\":\"ListItem\",\"position\":1,\"name\":\"\ud648\",\"item\":\"https:\\\/\\\/naturalpoland.com\\\/ko\\\/\"},{\"@type\":\"ListItem\",\"position\":2,\"name\":\"\uc81c\ud488\",\"item\":\"https:\\\/\\\/naturalpoland.com\\\/ko\\\/%ec%a0%9c%ed%92%88\\\/\"},{\"@type\":\"ListItem\",\"position\":3,\"name\":\"\ub77c\ubca4\ub354 \ud558\uc774\ub4dc\ub864\ub808\uc774\ud2b8\"}]},{\"@type\":\"WebSite\",\"@id\":\"https:\\\/\\\/naturalpoland.com\\\/ko\\\/#website\",\"url\":\"https:\\\/\\\/naturalpoland.com\\\/ko\\\/\",\"name\":\"NATURAL POLAND - Hurtowy Dystrybutor Surowc\u00f3w\",\"description\":\"Surowce dla przemys\u0142u spo\u017cywczego, kosmetycznego i farmaceutycznego\",\"publisher\":{\"@id\":\"https:\\\/\\\/naturalpoland.com\\\/ko\\\/#organization\"},\"potentialAction\":[{\"@type\":\"SearchAction\",\"target\":{\"@type\":\"EntryPoint\",\"urlTemplate\":\"https:\\\/\\\/naturalpoland.com\\\/ko\\\/?s={search_term_string}\"},\"query-input\":{\"@type\":\"PropertyValueSpecification\",\"valueRequired\":true,\"valueName\":\"search_term_string\"}}],\"inLanguage\":\"ko-KR\"},{\"@type\":\"Organization\",\"@id\":\"https:\\\/\\\/naturalpoland.com\\\/ko\\\/#organization\",\"name\":\"Natural Poland\",\"url\":\"https:\\\/\\\/naturalpoland.com\\\/ko\\\/\",\"logo\":{\"@type\":\"ImageObject\",\"inLanguage\":\"ko-KR\",\"@id\":\"https:\\\/\\\/naturalpoland.com\\\/ko\\\/#\\\/schema\\\/logo\\\/image\\\/\",\"url\":\"https:\\\/\\\/naturalpoland.com\\\/wp-content\\\/uploads\\\/2021\\\/05\\\/natural-poland-icon.png\",\"contentUrl\":\"https:\\\/\\\/naturalpoland.com\\\/wp-content\\\/uploads\\\/2021\\\/05\\\/natural-poland-icon.png\",\"width\":512,\"height\":512,\"caption\":\"Natural Poland\"},\"image\":{\"@id\":\"https:\\\/\\\/naturalpoland.com\\\/ko\\\/#\\\/schema\\\/logo\\\/image\\\/\"},\"sameAs\":[\"https:\\\/\\\/www.facebook.com\\\/naturalpoland.b2b\",\"https:\\\/\\\/pl.linkedin.com\\\/company\\\/natural-poland\",\"https:\\\/\\\/www.youtube.com\\\/channel\\\/UCgeGGkvOMahZo-xu_MSEWxg\"]}]}<\/script>\n<!-- \/ Yoast SEO plugin. -->","yoast_head_json":{"title":"\ub77c\ubca4\ub354 \ud558\uc774\ub4dc\ub864\ub808\uc774\ud2b8 - Hurtowy Dystrybutor","description":"\ub77c\ubca4\ub354 \uc218\ud654\ubb3c\uc740 \ub77c\ubca4\ub354 \uaf43\uc5d0\uc11c \uc99d\uae30 \uc99d\ub958 \ubc29\uc2dd\uc73c\ub85c \ucd94\ucd9c\ud558\uc5ec \uc0dd\ubb3c\ud559\uc801 \ud65c\uc131 \uc131\ubd84\uc744 \uc628\uc804\ud788 \ubcf4\uc874\ud569\ub2c8\ub2e4.","robots":{"index":"index","follow":"follow","max-snippet":"max-snippet:-1","max-image-preview":"max-image-preview:large","max-video-preview":"max-video-preview:-1"},"canonical":"https:\/\/naturalpoland.com\/ko\/je-pum\/hwa-jang-pum-won-ryo\/ha-i-deu-ro-sol\/rabendeo-haideurolreiteu\/","og_locale":"ko_KR","og_type":"article","og_title":"\ub77c\ubca4\ub354 \ud558\uc774\ub4dc\ub864\ub808\uc774\ud2b8 - Hurtowy Dystrybutor","og_description":"\ub77c\ubca4\ub354 \uc218\ud654\ubb3c\uc740 \ub77c\ubca4\ub354 \uaf43\uc5d0\uc11c \uc99d\uae30 \uc99d\ub958 \ubc29\uc2dd\uc73c\ub85c \ucd94\ucd9c\ud558\uc5ec \uc0dd\ubb3c\ud559\uc801 \ud65c\uc131 \uc131\ubd84\uc744 \uc628\uc804\ud788 \ubcf4\uc874\ud569\ub2c8\ub2e4.","og_url":"https:\/\/naturalpoland.com\/ko\/je-pum\/hwa-jang-pum-won-ryo\/ha-i-deu-ro-sol\/rabendeo-haideurolreiteu\/","og_site_name":"NATURAL POLAND - Hurtowy Dystrybutor Surowc\u00f3w","article_publisher":"https:\/\/www.facebook.com\/naturalpoland.b2b","article_modified_time":"2025-06-06T13:24:56+00:00","og_image":[{"width":618,"height":618,"url":"https:\/\/naturalpoland.com\/wp-content\/uploads\/hydrolat-lawendowy.webp","type":"image\/webp"}],"schema":{"@context":"https:\/\/schema.org","@graph":[{"@type":"WebPage","@id":"https:\/\/naturalpoland.com\/ko\/je-pum\/hwa-jang-pum-won-ryo\/ha-i-deu-ro-sol\/rabendeo-haideurolreiteu\/","url":"https:\/\/naturalpoland.com\/ko\/je-pum\/hwa-jang-pum-won-ryo\/ha-i-deu-ro-sol\/rabendeo-haideurolreiteu\/","name":"\ub77c\ubca4\ub354 \ud558\uc774\ub4dc\ub864\ub808\uc774\ud2b8 - Hurtowy Dystrybutor","isPartOf":{"@id":"https:\/\/naturalpoland.com\/ko\/#website"},"primaryImageOfPage":{"@id":"https:\/\/naturalpoland.com\/ko\/je-pum\/hwa-jang-pum-won-ryo\/ha-i-deu-ro-sol\/rabendeo-haideurolreiteu\/#primaryimage"},"image":{"@id":"https:\/\/naturalpoland.com\/ko\/je-pum\/hwa-jang-pum-won-ryo\/ha-i-deu-ro-sol\/rabendeo-haideurolreiteu\/#primaryimage"},"thumbnailUrl":"https:\/\/naturalpoland.com\/wp-content\/uploads\/hydrolat-lawendowy.webp","datePublished":"2025-06-06T13:21:08+00:00","dateModified":"2025-06-06T13:24:56+00:00","description":"\ub77c\ubca4\ub354 \uc218\ud654\ubb3c\uc740 \ub77c\ubca4\ub354 \uaf43\uc5d0\uc11c \uc99d\uae30 \uc99d\ub958 \ubc29\uc2dd\uc73c\ub85c \ucd94\ucd9c\ud558\uc5ec \uc0dd\ubb3c\ud559\uc801 \ud65c\uc131 \uc131\ubd84\uc744 \uc628\uc804\ud788 \ubcf4\uc874\ud569\ub2c8\ub2e4.","breadcrumb":{"@id":"https:\/\/naturalpoland.com\/ko\/je-pum\/hwa-jang-pum-won-ryo\/ha-i-deu-ro-sol\/rabendeo-haideurolreiteu\/#breadcrumb"},"inLanguage":"ko-KR","potentialAction":[{"@type":"ReadAction","target":["https:\/\/naturalpoland.com\/ko\/je-pum\/hwa-jang-pum-won-ryo\/ha-i-deu-ro-sol\/rabendeo-haideurolreiteu\/"]}]},{"@type":"ImageObject","inLanguage":"ko-KR","@id":"https:\/\/naturalpoland.com\/ko\/je-pum\/hwa-jang-pum-won-ryo\/ha-i-deu-ro-sol\/rabendeo-haideurolreiteu\/#primaryimage","url":"https:\/\/naturalpoland.com\/wp-content\/uploads\/hydrolat-lawendowy.webp","contentUrl":"https:\/\/naturalpoland.com\/wp-content\/uploads\/hydrolat-lawendowy.webp","width":618,"height":618,"caption":"hydrolat lawendowy"},{"@type":"BreadcrumbList","@id":"https:\/\/naturalpoland.com\/ko\/je-pum\/hwa-jang-pum-won-ryo\/ha-i-deu-ro-sol\/rabendeo-haideurolreiteu\/#breadcrumb","itemListElement":[{"@type":"ListItem","position":1,"name":"\ud648","item":"https:\/\/naturalpoland.com\/ko\/"},{"@type":"ListItem","position":2,"name":"\uc81c\ud488","item":"https:\/\/naturalpoland.com\/ko\/%ec%a0%9c%ed%92%88\/"},{"@type":"ListItem","position":3,"name":"\ub77c\ubca4\ub354 \ud558\uc774\ub4dc\ub864\ub808\uc774\ud2b8"}]},{"@type":"WebSite","@id":"https:\/\/naturalpoland.com\/ko\/#website","url":"https:\/\/naturalpoland.com\/ko\/","name":"NATURAL POLAND - Hurtowy Dystrybutor Surowc\u00f3w","description":"Surowce dla przemys\u0142u spo\u017cywczego, kosmetycznego i farmaceutycznego","publisher":{"@id":"https:\/\/naturalpoland.com\/ko\/#organization"},"potentialAction":[{"@type":"SearchAction","target":{"@type":"EntryPoint","urlTemplate":"https:\/\/naturalpoland.com\/ko\/?s={search_term_string}"},"query-input":{"@type":"PropertyValueSpecification","valueRequired":true,"valueName":"search_term_string"}}],"inLanguage":"ko-KR"},{"@type":"Organization","@id":"https:\/\/naturalpoland.com\/ko\/#organization","name":"Natural Poland","url":"https:\/\/naturalpoland.com\/ko\/","logo":{"@type":"ImageObject","inLanguage":"ko-KR","@id":"https:\/\/naturalpoland.com\/ko\/#\/schema\/logo\/image\/","url":"https:\/\/naturalpoland.com\/wp-content\/uploads\/2021\/05\/natural-poland-icon.png","contentUrl":"https:\/\/naturalpoland.com\/wp-content\/uploads\/2021\/05\/natural-poland-icon.png","width":512,"height":512,"caption":"Natural Poland"},"image":{"@id":"https:\/\/naturalpoland.com\/ko\/#\/schema\/logo\/image\/"},"sameAs":["https:\/\/www.facebook.com\/naturalpoland.b2b","https:\/\/pl.linkedin.com\/company\/natural-poland","https:\/\/www.youtube.com\/channel\/UCgeGGkvOMahZo-xu_MSEWxg"]}]}},"_links":{"self":[{"href":"https:\/\/naturalpoland.com\/ko\/wp-json\/wp\/v2\/product\/41404","targetHints":{"allow":["GET"]}}],"collection":[{"href":"https:\/\/naturalpoland.com\/ko\/wp-json\/wp\/v2\/product"}],"about":[{"href":"https:\/\/naturalpoland.com\/ko\/wp-json\/wp\/v2\/types\/product"}],"wp:featuredmedia":[{"embeddable":true,"href":"https:\/\/naturalpoland.com\/ko\/wp-json\/wp\/v2\/media\/41405"}],"wp:attachment":[{"href":"https:\/\/naturalpoland.com\/ko\/wp-json\/wp\/v2\/media?parent=41404"}],"wp:term":[{"taxonomy":"product_brand","embeddable":true,"href":"https:\/\/naturalpoland.com\/ko\/wp-json\/wp\/v2\/product_brand?post=41404"},{"taxonomy":"product_cat","embeddable":true,"href":"https:\/\/naturalpoland.com\/ko\/wp-json\/wp\/v2\/product_cat?post=41404"},{"taxonomy":"product_tag","embeddable":true,"href":"https:\/\/naturalpoland.com\/ko\/wp-json\/wp\/v2\/product_tag?post=41404"}],"curies":[{"name":"wp","href":"https:\/\/api.w.org\/{rel}","templated":true}]}}