{"id":41406,"date":"2021-05-11T13:43:23","date_gmt":"2025-06-06T13:24:51","guid":{"rendered":"https:\/\/naturalpoland.com\/produkty\/uncategorized\/%eb%a1%9c%ec%a6%88-%ed%95%98%ec%9d%b4%eb%93%9c%eb%a1%a4%eb%a0%88%ec%9d%b4%ed%8a%b8\/"},"modified":"2025-06-06T15:35:46","modified_gmt":"2025-06-06T13:35:46","slug":"haideuroras-rosi","status":"publish","type":"product","link":"https:\/\/naturalpoland.com\/ko\/je-pum\/hwa-jang-pum-won-ryo\/ha-i-deu-ro-sol\/haideuroras-rosi\/","title":{"rendered":"\ub85c\uc988 \ud558\uc774\ub4dc\ub864\ub808\uc774\ud2b8"},"content":{"rendered":"<h2>\uc774 \uc81c\ud488\uc758 \ub2e4\ub978 \uc774\ub984\uc785\ub2c8\ub2e4:<\/h2>\n<ul>\n<li>\ub2e4\ub9c8\uc2a4\ud06c \uc7a5\ubbf8 \uc99d\ub958\uc561,<\/li>\n<li>\ud50c\ub85c\ub7f4 \uc6cc\ud130,<\/li>\n<li>\uc7a5\ubbf8 \uc99d\ub958\uc561,<\/li>\n<li>\ub2e4\ub9c8\uc2a4\ucee4\uc2a4 \uc7a5\ubbf8\uc218,<\/li>\n<li>\ub2e4\ub9c8\uc2a4\ud06c \uc7a5\ubbf8\uc218,<\/li>\n<li>\ub2e4\ub9c8\uc2a4\ud06c \uc7a5\ubbf8 \uc218\ud654\ubb3c,<\/li>\n<li>\ub85c\uc0ac \ub2e4\ub9c8\uc138\ub098 \uc99d\ub958\uc561,<\/li>\n<li>\ub85c\uc0ac \ub2e4\ub9c8\uc138\ub098(\uc7a5\ubbf8) \uc99d\ub958\uc561,<\/li>\n<li>\ub85c\uc0ac \ub2e4\ub9c8\uc138\ub098 \uc6cc\ud130,<\/li>\n<li>\ub85c\uc0ac \ub2e4\ub9c8\uc138\ub098 \uc544\ucfe0\uc544,<\/li>\n<li>\ub85c\uc0ac (\ub85c\uc0ac \ub2e4\ub9c8\uc138\ub098) \uaf43 \uc99d\ub958\uc561,<\/li>\n<li>\ub85c\uc0ac \ub2e4\ub9c8\uc138\ub098(\ubd88\uac00\ub9ac\uc548 \ub85c\uc988) \uaf43\uc218<\/li>\n<\/ul>\n<h2>\ub2e4\ub9c8\uc2a4\ud06c \uc7a5\ubbf8 \ud558\uc774\ub4dc\ub864\ub808\uc774\ud2b8\uc758 \ud2b9\uc131:<\/h2>\n<p>\ub85c\uc988 \ud558\uc774\ub4dc\ub864\ub808\uc774\ud2b8\ub294 \uac74\uc870\ud558\uace0 \ubbfc\uac10\ud558\uba70 \uc131\uc219\ud558\uace0 \ud608\uad00\uc131 \ud53c\ubd80\uc5d0 \uad8c\uc7a5\ub429\ub2c8\ub2e4. \uc774 \ud654\uc7a5\ud488\uc740 \ubcf4\uc2b5, \uc9c4\uc815 \ubc0f \ud56d\uc5fc \ud6a8\uacfc\uac00 \uc788\uc2b5\ub2c8\ub2e4. \ubc1c\uc801\uacfc \uc790\uadf9\uc744 \uc904\uc5ec\uc90d\ub2c8\ub2e4.  <\/p>\n<h2>\uc560\ud50c\ub9ac\ucf00\uc774\uc158:<\/h2>\n<p>\ub2e4\ub9c8\uc2a4\ud06c \uc7a5\ubbf8 \uc218\ud654\ubb3c\uc740 \ub9e4\uc6b0 \ub2e4\uc7ac\ub2e4\ub2a5\ud558\uba70 \ub2e4\uc74c\uacfc \uac19\uc774 \ub110\ub9ac \uc0ac\uc6a9\ub429\ub2c8\ub2e4:<\/p>\n<ul>\n<li>\ubcf4\uc2b5 \ubc0f \uc0c1\ucf8c\ud55c \ud1a0\ub2c9<\/li>\n<li>\uc544\ub984\ub2e4\uc6b4 \ud5a5\uae30\uc758 \ud398\uc774\uc2a4 &amp; \ubc14\ub514 \ubbf8\uc2a4\ud2b8<\/li>\n<li>\ud06c\ub9bc, \ub9c8\uc2a4\ud06c, \ubbf8\uc140 \uc561\uccb4, \ud5e4\uc5b4 \ub9b0\uc2a4\uc640 \uac19\uc740 \ud654\uc7a5\ud488 \uc678\uc5d0\ub3c4<\/li>\n<li>\uc724\uae30 \uac15\ud654 \ud5e4\uc5b4 \ucf00\uc5b4 \uc81c\ud488 \ub610\ub294 \uc624\uc77c\ub9c1\uc6a9 \ubca0\uc774\uc2a4<\/li>\n<\/ul>\n","protected":false},"excerpt":{"rendered":"<p>\uc800\ud76c\ub294 \ud63c\ud569\ubb3c\uc774 \uc5c6\ub294 100% \ucc9c\uc5f0 <strong>\ub2e4\ub9c8\uc2a4\ud06c \uc7a5\ubbf8 \ud558\uc774\ub4dc\ub864\ub77c\ud2b8<\/strong> \uc815\ud488 \ub3c4\ub9e4 \uc720\ud1b5\uc5c5\uccb4\uc785\ub2c8\ub2e4. \uc81c\uc870\uc5c5\uccb4\uc5d0\uc11c \uc9c1\uc811 \uc2e0\uc120\ud55c \uc81c\ud488\uc744 \uacf5\uae09\ud569\ub2c8\ub2e4. <\/p>\n","protected":false},"featured_media":41407,"template":"","meta":{"_acf_changed":false},"product_brand":[],"product_cat":[8134,8150],"product_tag":[],"class_list":{"0":"post-41406","1":"product","2":"type-product","3":"status-publish","4":"has-post-thumbnail","6":"product_cat-sig-mul-chu-chul-mul","7":"product_cat-ha-i-deu-ro-sol","8":"pa_certyfikaty-8218","9":"pa_certyfikaty-8219","10":"pa_czesc-rosliny-8220","11":"pa_grupa-substancji-8209","12":"pa_metoda-pozyskiwania-8221","14":"first","15":"instock","16":"shipping-taxable","17":"product-type-simple"},"acf":[],"yoast_head":"<!-- This site is optimized with the Yoast SEO plugin v27.5 - https:\/\/yoast.com\/product\/yoast-seo-wordpress\/ -->\n<title>\ub85c\uc988 \ud558\uc774\ub4dc\ub864\ub808\uc774\ud2b8 - NATURAL POLAND - Hurtowy Dystrybutor Surowc\u00f3w<\/title>\n<meta name=\"description\" content=\"\ub2e4\ub9c8\uc2a4\ud06c \ub85c\uc988 \ud558\uc774\ub4dc\ub864\ub808\uc774\ud2b8\ub294 \ud53c\ubd80\uc640 \ubaa8\ubc1c \uad00\ub9ac\ub97c \uc704\ud55c \uc790\uc5f0\uc2a4\ub7fd\uace0 \ud6a8\uacfc\uc801\uc778 \uc194\ub8e8\uc158\uc744 \ucc3e\ub294 \ubd84\ub4e4\uc5d0\uac8c \uc774\uc0c1\uc801\uc778 \uc120\ud0dd\uc785\ub2c8\ub2e4.\" \/>\n<meta name=\"robots\" content=\"index, follow, max-snippet:-1, max-image-preview:large, max-video-preview:-1\" \/>\n<link rel=\"canonical\" href=\"https:\/\/naturalpoland.com\/ko\/je-pum\/hwa-jang-pum-won-ryo\/ha-i-deu-ro-sol\/haideuroras-rosi\/\" \/>\n<meta property=\"og:locale\" content=\"ko_KR\" \/>\n<meta property=\"og:type\" content=\"article\" \/>\n<meta property=\"og:title\" content=\"\ub85c\uc988 \ud558\uc774\ub4dc\ub864\ub808\uc774\ud2b8 - NATURAL POLAND - Hurtowy Dystrybutor Surowc\u00f3w\" \/>\n<meta property=\"og:description\" content=\"\ub2e4\ub9c8\uc2a4\ud06c \ub85c\uc988 \ud558\uc774\ub4dc\ub864\ub808\uc774\ud2b8\ub294 \ud53c\ubd80\uc640 \ubaa8\ubc1c \uad00\ub9ac\ub97c \uc704\ud55c \uc790\uc5f0\uc2a4\ub7fd\uace0 \ud6a8\uacfc\uc801\uc778 \uc194\ub8e8\uc158\uc744 \ucc3e\ub294 \ubd84\ub4e4\uc5d0\uac8c \uc774\uc0c1\uc801\uc778 \uc120\ud0dd\uc785\ub2c8\ub2e4.\" \/>\n<meta property=\"og:url\" content=\"https:\/\/naturalpoland.com\/ko\/je-pum\/hwa-jang-pum-won-ryo\/ha-i-deu-ro-sol\/haideuroras-rosi\/\" \/>\n<meta property=\"og:site_name\" content=\"NATURAL POLAND - Hurtowy Dystrybutor Surowc\u00f3w\" \/>\n<meta property=\"article:publisher\" content=\"https:\/\/www.facebook.com\/naturalpoland.b2b\" \/>\n<meta property=\"article:modified_time\" content=\"2025-06-06T13:35:46+00:00\" \/>\n<meta property=\"og:image\" content=\"https:\/\/naturalpoland.com\/wp-content\/uploads\/hydrolat-z-rozy-damascenskiej.webp\" \/>\n\t<meta property=\"og:image:width\" content=\"614\" \/>\n\t<meta property=\"og:image:height\" content=\"614\" \/>\n\t<meta property=\"og:image:type\" content=\"image\/webp\" \/>\n<script type=\"application\/ld+json\" class=\"yoast-schema-graph\">{\"@context\":\"https:\\\/\\\/schema.org\",\"@graph\":[{\"@type\":\"WebPage\",\"@id\":\"https:\\\/\\\/naturalpoland.com\\\/ko\\\/je-pum\\\/hwa-jang-pum-won-ryo\\\/ha-i-deu-ro-sol\\\/haideuroras-rosi\\\/\",\"url\":\"https:\\\/\\\/naturalpoland.com\\\/ko\\\/je-pum\\\/hwa-jang-pum-won-ryo\\\/ha-i-deu-ro-sol\\\/haideuroras-rosi\\\/\",\"name\":\"\ub85c\uc988 \ud558\uc774\ub4dc\ub864\ub808\uc774\ud2b8 - NATURAL POLAND - Hurtowy Dystrybutor Surowc\u00f3w\",\"isPartOf\":{\"@id\":\"https:\\\/\\\/naturalpoland.com\\\/ko\\\/#website\"},\"primaryImageOfPage\":{\"@id\":\"https:\\\/\\\/naturalpoland.com\\\/ko\\\/je-pum\\\/hwa-jang-pum-won-ryo\\\/ha-i-deu-ro-sol\\\/haideuroras-rosi\\\/#primaryimage\"},\"image\":{\"@id\":\"https:\\\/\\\/naturalpoland.com\\\/ko\\\/je-pum\\\/hwa-jang-pum-won-ryo\\\/ha-i-deu-ro-sol\\\/haideuroras-rosi\\\/#primaryimage\"},\"thumbnailUrl\":\"https:\\\/\\\/naturalpoland.com\\\/wp-content\\\/uploads\\\/hydrolat-z-rozy-damascenskiej.webp\",\"datePublished\":\"2025-06-06T13:24:51+00:00\",\"dateModified\":\"2025-06-06T13:35:46+00:00\",\"description\":\"\ub2e4\ub9c8\uc2a4\ud06c \ub85c\uc988 \ud558\uc774\ub4dc\ub864\ub808\uc774\ud2b8\ub294 \ud53c\ubd80\uc640 \ubaa8\ubc1c \uad00\ub9ac\ub97c \uc704\ud55c \uc790\uc5f0\uc2a4\ub7fd\uace0 \ud6a8\uacfc\uc801\uc778 \uc194\ub8e8\uc158\uc744 \ucc3e\ub294 \ubd84\ub4e4\uc5d0\uac8c \uc774\uc0c1\uc801\uc778 \uc120\ud0dd\uc785\ub2c8\ub2e4.\",\"breadcrumb\":{\"@id\":\"https:\\\/\\\/naturalpoland.com\\\/ko\\\/je-pum\\\/hwa-jang-pum-won-ryo\\\/ha-i-deu-ro-sol\\\/haideuroras-rosi\\\/#breadcrumb\"},\"inLanguage\":\"ko-KR\",\"potentialAction\":[{\"@type\":\"ReadAction\",\"target\":[\"https:\\\/\\\/naturalpoland.com\\\/ko\\\/je-pum\\\/hwa-jang-pum-won-ryo\\\/ha-i-deu-ro-sol\\\/haideuroras-rosi\\\/\"]}]},{\"@type\":\"ImageObject\",\"inLanguage\":\"ko-KR\",\"@id\":\"https:\\\/\\\/naturalpoland.com\\\/ko\\\/je-pum\\\/hwa-jang-pum-won-ryo\\\/ha-i-deu-ro-sol\\\/haideuroras-rosi\\\/#primaryimage\",\"url\":\"https:\\\/\\\/naturalpoland.com\\\/wp-content\\\/uploads\\\/hydrolat-z-rozy-damascenskiej.webp\",\"contentUrl\":\"https:\\\/\\\/naturalpoland.com\\\/wp-content\\\/uploads\\\/hydrolat-z-rozy-damascenskiej.webp\",\"width\":614,\"height\":614,\"caption\":\"Hydrolat r\u00f3\u017cany z r\u00f3\u017cy damasce\u0144skiej\"},{\"@type\":\"BreadcrumbList\",\"@id\":\"https:\\\/\\\/naturalpoland.com\\\/ko\\\/je-pum\\\/hwa-jang-pum-won-ryo\\\/ha-i-deu-ro-sol\\\/haideuroras-rosi\\\/#breadcrumb\",\"itemListElement\":[{\"@type\":\"ListItem\",\"position\":1,\"name\":\"\ud648\",\"item\":\"https:\\\/\\\/naturalpoland.com\\\/ko\\\/\"},{\"@type\":\"ListItem\",\"position\":2,\"name\":\"\uc81c\ud488\",\"item\":\"https:\\\/\\\/naturalpoland.com\\\/ko\\\/%ec%a0%9c%ed%92%88\\\/\"},{\"@type\":\"ListItem\",\"position\":3,\"name\":\"\ub85c\uc988 \ud558\uc774\ub4dc\ub864\ub808\uc774\ud2b8\"}]},{\"@type\":\"WebSite\",\"@id\":\"https:\\\/\\\/naturalpoland.com\\\/ko\\\/#website\",\"url\":\"https:\\\/\\\/naturalpoland.com\\\/ko\\\/\",\"name\":\"NATURAL POLAND - Hurtowy Dystrybutor Surowc\u00f3w\",\"description\":\"Surowce dla przemys\u0142u spo\u017cywczego, kosmetycznego i farmaceutycznego\",\"publisher\":{\"@id\":\"https:\\\/\\\/naturalpoland.com\\\/ko\\\/#organization\"},\"potentialAction\":[{\"@type\":\"SearchAction\",\"target\":{\"@type\":\"EntryPoint\",\"urlTemplate\":\"https:\\\/\\\/naturalpoland.com\\\/ko\\\/?s={search_term_string}\"},\"query-input\":{\"@type\":\"PropertyValueSpecification\",\"valueRequired\":true,\"valueName\":\"search_term_string\"}}],\"inLanguage\":\"ko-KR\"},{\"@type\":\"Organization\",\"@id\":\"https:\\\/\\\/naturalpoland.com\\\/ko\\\/#organization\",\"name\":\"Natural Poland\",\"url\":\"https:\\\/\\\/naturalpoland.com\\\/ko\\\/\",\"logo\":{\"@type\":\"ImageObject\",\"inLanguage\":\"ko-KR\",\"@id\":\"https:\\\/\\\/naturalpoland.com\\\/ko\\\/#\\\/schema\\\/logo\\\/image\\\/\",\"url\":\"https:\\\/\\\/naturalpoland.com\\\/wp-content\\\/uploads\\\/2021\\\/05\\\/natural-poland-icon.png\",\"contentUrl\":\"https:\\\/\\\/naturalpoland.com\\\/wp-content\\\/uploads\\\/2021\\\/05\\\/natural-poland-icon.png\",\"width\":512,\"height\":512,\"caption\":\"Natural Poland\"},\"image\":{\"@id\":\"https:\\\/\\\/naturalpoland.com\\\/ko\\\/#\\\/schema\\\/logo\\\/image\\\/\"},\"sameAs\":[\"https:\\\/\\\/www.facebook.com\\\/naturalpoland.b2b\",\"https:\\\/\\\/pl.linkedin.com\\\/company\\\/natural-poland\",\"https:\\\/\\\/www.youtube.com\\\/channel\\\/UCgeGGkvOMahZo-xu_MSEWxg\"]}]}<\/script>\n<!-- \/ Yoast SEO plugin. -->","yoast_head_json":{"title":"\ub85c\uc988 \ud558\uc774\ub4dc\ub864\ub808\uc774\ud2b8 - NATURAL POLAND - Hurtowy Dystrybutor Surowc\u00f3w","description":"\ub2e4\ub9c8\uc2a4\ud06c \ub85c\uc988 \ud558\uc774\ub4dc\ub864\ub808\uc774\ud2b8\ub294 \ud53c\ubd80\uc640 \ubaa8\ubc1c \uad00\ub9ac\ub97c \uc704\ud55c \uc790\uc5f0\uc2a4\ub7fd\uace0 \ud6a8\uacfc\uc801\uc778 \uc194\ub8e8\uc158\uc744 \ucc3e\ub294 \ubd84\ub4e4\uc5d0\uac8c \uc774\uc0c1\uc801\uc778 \uc120\ud0dd\uc785\ub2c8\ub2e4.","robots":{"index":"index","follow":"follow","max-snippet":"max-snippet:-1","max-image-preview":"max-image-preview:large","max-video-preview":"max-video-preview:-1"},"canonical":"https:\/\/naturalpoland.com\/ko\/je-pum\/hwa-jang-pum-won-ryo\/ha-i-deu-ro-sol\/haideuroras-rosi\/","og_locale":"ko_KR","og_type":"article","og_title":"\ub85c\uc988 \ud558\uc774\ub4dc\ub864\ub808\uc774\ud2b8 - NATURAL POLAND - Hurtowy Dystrybutor Surowc\u00f3w","og_description":"\ub2e4\ub9c8\uc2a4\ud06c \ub85c\uc988 \ud558\uc774\ub4dc\ub864\ub808\uc774\ud2b8\ub294 \ud53c\ubd80\uc640 \ubaa8\ubc1c \uad00\ub9ac\ub97c \uc704\ud55c \uc790\uc5f0\uc2a4\ub7fd\uace0 \ud6a8\uacfc\uc801\uc778 \uc194\ub8e8\uc158\uc744 \ucc3e\ub294 \ubd84\ub4e4\uc5d0\uac8c \uc774\uc0c1\uc801\uc778 \uc120\ud0dd\uc785\ub2c8\ub2e4.","og_url":"https:\/\/naturalpoland.com\/ko\/je-pum\/hwa-jang-pum-won-ryo\/ha-i-deu-ro-sol\/haideuroras-rosi\/","og_site_name":"NATURAL POLAND - Hurtowy Dystrybutor Surowc\u00f3w","article_publisher":"https:\/\/www.facebook.com\/naturalpoland.b2b","article_modified_time":"2025-06-06T13:35:46+00:00","og_image":[{"width":614,"height":614,"url":"https:\/\/naturalpoland.com\/wp-content\/uploads\/hydrolat-z-rozy-damascenskiej.webp","type":"image\/webp"}],"schema":{"@context":"https:\/\/schema.org","@graph":[{"@type":"WebPage","@id":"https:\/\/naturalpoland.com\/ko\/je-pum\/hwa-jang-pum-won-ryo\/ha-i-deu-ro-sol\/haideuroras-rosi\/","url":"https:\/\/naturalpoland.com\/ko\/je-pum\/hwa-jang-pum-won-ryo\/ha-i-deu-ro-sol\/haideuroras-rosi\/","name":"\ub85c\uc988 \ud558\uc774\ub4dc\ub864\ub808\uc774\ud2b8 - NATURAL POLAND - Hurtowy Dystrybutor Surowc\u00f3w","isPartOf":{"@id":"https:\/\/naturalpoland.com\/ko\/#website"},"primaryImageOfPage":{"@id":"https:\/\/naturalpoland.com\/ko\/je-pum\/hwa-jang-pum-won-ryo\/ha-i-deu-ro-sol\/haideuroras-rosi\/#primaryimage"},"image":{"@id":"https:\/\/naturalpoland.com\/ko\/je-pum\/hwa-jang-pum-won-ryo\/ha-i-deu-ro-sol\/haideuroras-rosi\/#primaryimage"},"thumbnailUrl":"https:\/\/naturalpoland.com\/wp-content\/uploads\/hydrolat-z-rozy-damascenskiej.webp","datePublished":"2025-06-06T13:24:51+00:00","dateModified":"2025-06-06T13:35:46+00:00","description":"\ub2e4\ub9c8\uc2a4\ud06c \ub85c\uc988 \ud558\uc774\ub4dc\ub864\ub808\uc774\ud2b8\ub294 \ud53c\ubd80\uc640 \ubaa8\ubc1c \uad00\ub9ac\ub97c \uc704\ud55c \uc790\uc5f0\uc2a4\ub7fd\uace0 \ud6a8\uacfc\uc801\uc778 \uc194\ub8e8\uc158\uc744 \ucc3e\ub294 \ubd84\ub4e4\uc5d0\uac8c \uc774\uc0c1\uc801\uc778 \uc120\ud0dd\uc785\ub2c8\ub2e4.","breadcrumb":{"@id":"https:\/\/naturalpoland.com\/ko\/je-pum\/hwa-jang-pum-won-ryo\/ha-i-deu-ro-sol\/haideuroras-rosi\/#breadcrumb"},"inLanguage":"ko-KR","potentialAction":[{"@type":"ReadAction","target":["https:\/\/naturalpoland.com\/ko\/je-pum\/hwa-jang-pum-won-ryo\/ha-i-deu-ro-sol\/haideuroras-rosi\/"]}]},{"@type":"ImageObject","inLanguage":"ko-KR","@id":"https:\/\/naturalpoland.com\/ko\/je-pum\/hwa-jang-pum-won-ryo\/ha-i-deu-ro-sol\/haideuroras-rosi\/#primaryimage","url":"https:\/\/naturalpoland.com\/wp-content\/uploads\/hydrolat-z-rozy-damascenskiej.webp","contentUrl":"https:\/\/naturalpoland.com\/wp-content\/uploads\/hydrolat-z-rozy-damascenskiej.webp","width":614,"height":614,"caption":"Hydrolat r\u00f3\u017cany z r\u00f3\u017cy damasce\u0144skiej"},{"@type":"BreadcrumbList","@id":"https:\/\/naturalpoland.com\/ko\/je-pum\/hwa-jang-pum-won-ryo\/ha-i-deu-ro-sol\/haideuroras-rosi\/#breadcrumb","itemListElement":[{"@type":"ListItem","position":1,"name":"\ud648","item":"https:\/\/naturalpoland.com\/ko\/"},{"@type":"ListItem","position":2,"name":"\uc81c\ud488","item":"https:\/\/naturalpoland.com\/ko\/%ec%a0%9c%ed%92%88\/"},{"@type":"ListItem","position":3,"name":"\ub85c\uc988 \ud558\uc774\ub4dc\ub864\ub808\uc774\ud2b8"}]},{"@type":"WebSite","@id":"https:\/\/naturalpoland.com\/ko\/#website","url":"https:\/\/naturalpoland.com\/ko\/","name":"NATURAL POLAND - Hurtowy Dystrybutor Surowc\u00f3w","description":"Surowce dla przemys\u0142u spo\u017cywczego, kosmetycznego i farmaceutycznego","publisher":{"@id":"https:\/\/naturalpoland.com\/ko\/#organization"},"potentialAction":[{"@type":"SearchAction","target":{"@type":"EntryPoint","urlTemplate":"https:\/\/naturalpoland.com\/ko\/?s={search_term_string}"},"query-input":{"@type":"PropertyValueSpecification","valueRequired":true,"valueName":"search_term_string"}}],"inLanguage":"ko-KR"},{"@type":"Organization","@id":"https:\/\/naturalpoland.com\/ko\/#organization","name":"Natural Poland","url":"https:\/\/naturalpoland.com\/ko\/","logo":{"@type":"ImageObject","inLanguage":"ko-KR","@id":"https:\/\/naturalpoland.com\/ko\/#\/schema\/logo\/image\/","url":"https:\/\/naturalpoland.com\/wp-content\/uploads\/2021\/05\/natural-poland-icon.png","contentUrl":"https:\/\/naturalpoland.com\/wp-content\/uploads\/2021\/05\/natural-poland-icon.png","width":512,"height":512,"caption":"Natural Poland"},"image":{"@id":"https:\/\/naturalpoland.com\/ko\/#\/schema\/logo\/image\/"},"sameAs":["https:\/\/www.facebook.com\/naturalpoland.b2b","https:\/\/pl.linkedin.com\/company\/natural-poland","https:\/\/www.youtube.com\/channel\/UCgeGGkvOMahZo-xu_MSEWxg"]}]}},"_links":{"self":[{"href":"https:\/\/naturalpoland.com\/ko\/wp-json\/wp\/v2\/product\/41406","targetHints":{"allow":["GET"]}}],"collection":[{"href":"https:\/\/naturalpoland.com\/ko\/wp-json\/wp\/v2\/product"}],"about":[{"href":"https:\/\/naturalpoland.com\/ko\/wp-json\/wp\/v2\/types\/product"}],"wp:featuredmedia":[{"embeddable":true,"href":"https:\/\/naturalpoland.com\/ko\/wp-json\/wp\/v2\/media\/41407"}],"wp:attachment":[{"href":"https:\/\/naturalpoland.com\/ko\/wp-json\/wp\/v2\/media?parent=41406"}],"wp:term":[{"taxonomy":"product_brand","embeddable":true,"href":"https:\/\/naturalpoland.com\/ko\/wp-json\/wp\/v2\/product_brand?post=41406"},{"taxonomy":"product_cat","embeddable":true,"href":"https:\/\/naturalpoland.com\/ko\/wp-json\/wp\/v2\/product_cat?post=41406"},{"taxonomy":"product_tag","embeddable":true,"href":"https:\/\/naturalpoland.com\/ko\/wp-json\/wp\/v2\/product_tag?post=41406"}],"curies":[{"name":"wp","href":"https:\/\/api.w.org\/{rel}","templated":true}]}}