{"id":41409,"date":"2021-08-04T14:45:59","date_gmt":"2025-06-06T13:51:47","guid":{"rendered":"https:\/\/naturalpoland.com\/produkty\/uncategorized\/%eb%9d%bc%eb%b2%a4%eb%8d%94-%eb%a7%88%ec%bc%80%ec%9d%b4%ed%8a%b8\/"},"modified":"2025-06-06T15:54:33","modified_gmt":"2025-06-06T13:54:33","slug":"maseiteu-peurom-rabendeo","status":"publish","type":"product","link":"https:\/\/naturalpoland.com\/ko\/je-pum\/hwa-jang-pum-won-ryo\/ma-se-re-i-teu\/maseiteu-peurom-rabendeo\/","title":{"rendered":"\ub77c\ubca4\ub354 \ub9c8\ucf00\uc774\ud2b8"},"content":{"rendered":"<p>\ub77c\ubca4\ub354 \ub9c8\ucf00\uc774\ud2b8\ub294 \ub77c\ubca4\ub354 \uaf43\uacfc \ucc9c\uc5f0 \uc624\uc77c\uc758 \uc774\uc0c1\uc801\uc778 \uc870\ud569\uc785\ub2c8\ub2e4. \uadf8 \uacb0\uacfc \ubbf8\uc138 \uc190\uc0c1\uacfc \ud53c\ubd80 \ubcd1\ubcc0\uc744 \uc7ac\uc0dd\ud558\ub294 \ud1a0\ub2dd \ubc0f \uc0c1\ucf8c\ud55c \ud2b9\uc131\uc744 \uac00\uc9c4 \ubb3c\uc9c8\uc774 \uc0dd\uc131\ub429\ub2c8\ub2e4. \ub610\ud55c \ub77c\ubca4\ub354 \ub9c8\ucf00\uc774\ud2b8\ub294 \ud56d\uade0 \ubc0f \uc218\ub834 \ud6a8\uacfc\uac00 \uc788\uae30 \ub54c\ubb38\uc5d0 \uc9c0\uc131 \ubc0f \uc2b5\uc9c4\uc774 \ubc1c\uc0dd\ud558\uae30 \uc26c\uc6b4 \ud53c\ubd80\uc5d0 \uad8c\uc7a5\ub429\ub2c8\ub2e4.  <\/p>\n<p>\uc774 \ub9c8\ucf00\uc774\ud2b8\ub294 \ubaa8\ubc1c\uc5d0 \uc624\uc77c\uc744 \ubc14\ub974\ub294 \ub370 \uc774\uc0c1\uc801\uc785\ub2c8\ub2e4. \ubaa8\uadfc\uc744 \ub208\uc5d0 \ub744\uac8c \uac15\ud654\ud558\uace0 \ubaa8\ubc1c\uc744 \uc0c1\ucf8c\ud558\uac8c \ud558\uba70 \uc218\ubd84\uc744 \uacf5\uae09\ud558\ub294 \ub3d9\uc2dc\uc5d0 \ud0c8\ubaa8\ub97c \uc904\uc5ec\uc90d\ub2c8\ub2e4. <\/p>\n<p>\uc774 \uc81c\ud488\uc740 \ud648 \uc544\ub85c\ub9c8 \ud14c\ub77c\ud53c \uc138\uc158\uc5d0 \uc9c4\uc815\uacfc \ud734\uc2dd\uc744 \ub354\ud558\ub294 \ub370\ub3c4 \ud6a8\uacfc\uc801\uc785\ub2c8\ub2e4.<\/p>\n","protected":false},"excerpt":{"rendered":"<p>\ub77c\ubca4\ub354 \ub9c8\ucf00\uc774\ud2b8\ub294 \ub9e4\uc6b0 \uae30\ubd84 \uc88b\uc740 \uaf43 \ud5a5\uae30\uc640 \ub9ce\uc740 \uadc0\uc911\ud55c \uad00\ub9ac \ud2b9\uc131\uc744 \uac00\uc9c0\uace0 \uc788\uc2b5\ub2c8\ub2e4. \ud2f0\ub180, \uc81c\ub77c\ub2c8\uc62c, \ub9ac\ubaa8\ub128\uacfc \uac19\uc740 \ubb3c\uc9c8\uc774 \ud568\uc720\ub418\uc5b4 \uc788\uc5b4 \uac15\ub825\ud55c \uc7ac\uc0dd \ud6a8\uacfc\ub97c \ub098\ud0c0\ub0c5\ub2c8\ub2e4. <\/p>\n","protected":false},"featured_media":41410,"template":"","meta":{"_acf_changed":false},"product_brand":[],"product_cat":[8152],"product_tag":[],"class_list":{"0":"post-41409","1":"product","2":"type-product","3":"status-publish","4":"has-post-thumbnail","6":"product_cat-ma-se-re-i-teu","8":"first","9":"instock","10":"shipping-taxable","11":"product-type-simple"},"acf":[],"yoast_head":"<!-- This site is optimized with the Yoast SEO plugin v27.5 - https:\/\/yoast.com\/product\/yoast-seo-wordpress\/ -->\n<title>\ub77c\ubca4\ub354 \ub9c8\ucf00\uc774\ud2b8 - Hurtowy Dystrybutor<\/title>\n<meta name=\"robots\" content=\"index, follow, max-snippet:-1, max-image-preview:large, max-video-preview:-1\" \/>\n<link rel=\"canonical\" href=\"https:\/\/naturalpoland.com\/ko\/je-pum\/hwa-jang-pum-won-ryo\/ma-se-re-i-teu\/maseiteu-peurom-rabendeo\/\" \/>\n<meta property=\"og:locale\" content=\"ko_KR\" \/>\n<meta property=\"og:type\" content=\"article\" \/>\n<meta property=\"og:title\" content=\"\ub77c\ubca4\ub354 \ub9c8\ucf00\uc774\ud2b8 - Hurtowy Dystrybutor\" \/>\n<meta property=\"og:description\" content=\"\ub77c\ubca4\ub354 \ub9c8\ucf00\uc774\ud2b8\ub294 \ub9e4\uc6b0 \uae30\ubd84 \uc88b\uc740 \uaf43 \ud5a5\uae30\uc640 \ub9ce\uc740 \uadc0\uc911\ud55c \uad00\ub9ac \ud2b9\uc131\uc744 \uac00\uc9c0\uace0 \uc788\uc2b5\ub2c8\ub2e4. \ud2f0\ub180, \uc81c\ub77c\ub2c8\uc62c, \ub9ac\ubaa8\ub128\uacfc \uac19\uc740 \ubb3c\uc9c8\uc774 \ud568\uc720\ub418\uc5b4 \uc788\uc5b4 \uac15\ub825\ud55c \uc7ac\uc0dd \ud6a8\uacfc\ub97c \ub098\ud0c0\ub0c5\ub2c8\ub2e4.\" \/>\n<meta property=\"og:url\" content=\"https:\/\/naturalpoland.com\/ko\/je-pum\/hwa-jang-pum-won-ryo\/ma-se-re-i-teu\/maseiteu-peurom-rabendeo\/\" \/>\n<meta property=\"og:site_name\" content=\"NATURAL POLAND - Hurtowy Dystrybutor Surowc\u00f3w\" \/>\n<meta property=\"article:publisher\" content=\"https:\/\/www.facebook.com\/naturalpoland.b2b\" \/>\n<meta property=\"article:modified_time\" content=\"2025-06-06T13:54:33+00:00\" \/>\n<meta property=\"og:image\" content=\"https:\/\/naturalpoland.com\/wp-content\/uploads\/macerat-z-lawendy.jpg\" \/>\n\t<meta property=\"og:image:width\" content=\"650\" \/>\n\t<meta property=\"og:image:height\" content=\"650\" \/>\n\t<meta property=\"og:image:type\" content=\"image\/jpeg\" \/>\n<script type=\"application\/ld+json\" class=\"yoast-schema-graph\">{\"@context\":\"https:\\\/\\\/schema.org\",\"@graph\":[{\"@type\":\"WebPage\",\"@id\":\"https:\\\/\\\/naturalpoland.com\\\/ko\\\/je-pum\\\/hwa-jang-pum-won-ryo\\\/ma-se-re-i-teu\\\/maseiteu-peurom-rabendeo\\\/\",\"url\":\"https:\\\/\\\/naturalpoland.com\\\/ko\\\/je-pum\\\/hwa-jang-pum-won-ryo\\\/ma-se-re-i-teu\\\/maseiteu-peurom-rabendeo\\\/\",\"name\":\"\ub77c\ubca4\ub354 \ub9c8\ucf00\uc774\ud2b8 - Hurtowy Dystrybutor\",\"isPartOf\":{\"@id\":\"https:\\\/\\\/naturalpoland.com\\\/ko\\\/#website\"},\"primaryImageOfPage\":{\"@id\":\"https:\\\/\\\/naturalpoland.com\\\/ko\\\/je-pum\\\/hwa-jang-pum-won-ryo\\\/ma-se-re-i-teu\\\/maseiteu-peurom-rabendeo\\\/#primaryimage\"},\"image\":{\"@id\":\"https:\\\/\\\/naturalpoland.com\\\/ko\\\/je-pum\\\/hwa-jang-pum-won-ryo\\\/ma-se-re-i-teu\\\/maseiteu-peurom-rabendeo\\\/#primaryimage\"},\"thumbnailUrl\":\"https:\\\/\\\/naturalpoland.com\\\/wp-content\\\/uploads\\\/macerat-z-lawendy.jpg\",\"datePublished\":\"2025-06-06T13:51:47+00:00\",\"dateModified\":\"2025-06-06T13:54:33+00:00\",\"breadcrumb\":{\"@id\":\"https:\\\/\\\/naturalpoland.com\\\/ko\\\/je-pum\\\/hwa-jang-pum-won-ryo\\\/ma-se-re-i-teu\\\/maseiteu-peurom-rabendeo\\\/#breadcrumb\"},\"inLanguage\":\"ko-KR\",\"potentialAction\":[{\"@type\":\"ReadAction\",\"target\":[\"https:\\\/\\\/naturalpoland.com\\\/ko\\\/je-pum\\\/hwa-jang-pum-won-ryo\\\/ma-se-re-i-teu\\\/maseiteu-peurom-rabendeo\\\/\"]}]},{\"@type\":\"ImageObject\",\"inLanguage\":\"ko-KR\",\"@id\":\"https:\\\/\\\/naturalpoland.com\\\/ko\\\/je-pum\\\/hwa-jang-pum-won-ryo\\\/ma-se-re-i-teu\\\/maseiteu-peurom-rabendeo\\\/#primaryimage\",\"url\":\"https:\\\/\\\/naturalpoland.com\\\/wp-content\\\/uploads\\\/macerat-z-lawendy.jpg\",\"contentUrl\":\"https:\\\/\\\/naturalpoland.com\\\/wp-content\\\/uploads\\\/macerat-z-lawendy.jpg\",\"width\":650,\"height\":650,\"caption\":\"macerat z lawendy\"},{\"@type\":\"BreadcrumbList\",\"@id\":\"https:\\\/\\\/naturalpoland.com\\\/ko\\\/je-pum\\\/hwa-jang-pum-won-ryo\\\/ma-se-re-i-teu\\\/maseiteu-peurom-rabendeo\\\/#breadcrumb\",\"itemListElement\":[{\"@type\":\"ListItem\",\"position\":1,\"name\":\"\ud648\",\"item\":\"https:\\\/\\\/naturalpoland.com\\\/ko\\\/\"},{\"@type\":\"ListItem\",\"position\":2,\"name\":\"\uc81c\ud488\",\"item\":\"https:\\\/\\\/naturalpoland.com\\\/ko\\\/%ec%a0%9c%ed%92%88\\\/\"},{\"@type\":\"ListItem\",\"position\":3,\"name\":\"\ub77c\ubca4\ub354 \ub9c8\ucf00\uc774\ud2b8\"}]},{\"@type\":\"WebSite\",\"@id\":\"https:\\\/\\\/naturalpoland.com\\\/ko\\\/#website\",\"url\":\"https:\\\/\\\/naturalpoland.com\\\/ko\\\/\",\"name\":\"NATURAL POLAND - Hurtowy Dystrybutor Surowc\u00f3w\",\"description\":\"Surowce dla przemys\u0142u spo\u017cywczego, kosmetycznego i farmaceutycznego\",\"publisher\":{\"@id\":\"https:\\\/\\\/naturalpoland.com\\\/ko\\\/#organization\"},\"potentialAction\":[{\"@type\":\"SearchAction\",\"target\":{\"@type\":\"EntryPoint\",\"urlTemplate\":\"https:\\\/\\\/naturalpoland.com\\\/ko\\\/?s={search_term_string}\"},\"query-input\":{\"@type\":\"PropertyValueSpecification\",\"valueRequired\":true,\"valueName\":\"search_term_string\"}}],\"inLanguage\":\"ko-KR\"},{\"@type\":\"Organization\",\"@id\":\"https:\\\/\\\/naturalpoland.com\\\/ko\\\/#organization\",\"name\":\"Natural Poland\",\"url\":\"https:\\\/\\\/naturalpoland.com\\\/ko\\\/\",\"logo\":{\"@type\":\"ImageObject\",\"inLanguage\":\"ko-KR\",\"@id\":\"https:\\\/\\\/naturalpoland.com\\\/ko\\\/#\\\/schema\\\/logo\\\/image\\\/\",\"url\":\"https:\\\/\\\/naturalpoland.com\\\/wp-content\\\/uploads\\\/2021\\\/05\\\/natural-poland-icon.png\",\"contentUrl\":\"https:\\\/\\\/naturalpoland.com\\\/wp-content\\\/uploads\\\/2021\\\/05\\\/natural-poland-icon.png\",\"width\":512,\"height\":512,\"caption\":\"Natural Poland\"},\"image\":{\"@id\":\"https:\\\/\\\/naturalpoland.com\\\/ko\\\/#\\\/schema\\\/logo\\\/image\\\/\"},\"sameAs\":[\"https:\\\/\\\/www.facebook.com\\\/naturalpoland.b2b\",\"https:\\\/\\\/pl.linkedin.com\\\/company\\\/natural-poland\",\"https:\\\/\\\/www.youtube.com\\\/channel\\\/UCgeGGkvOMahZo-xu_MSEWxg\"]}]}<\/script>\n<!-- \/ Yoast SEO plugin. -->","yoast_head_json":{"title":"\ub77c\ubca4\ub354 \ub9c8\ucf00\uc774\ud2b8 - Hurtowy Dystrybutor","robots":{"index":"index","follow":"follow","max-snippet":"max-snippet:-1","max-image-preview":"max-image-preview:large","max-video-preview":"max-video-preview:-1"},"canonical":"https:\/\/naturalpoland.com\/ko\/je-pum\/hwa-jang-pum-won-ryo\/ma-se-re-i-teu\/maseiteu-peurom-rabendeo\/","og_locale":"ko_KR","og_type":"article","og_title":"\ub77c\ubca4\ub354 \ub9c8\ucf00\uc774\ud2b8 - Hurtowy Dystrybutor","og_description":"\ub77c\ubca4\ub354 \ub9c8\ucf00\uc774\ud2b8\ub294 \ub9e4\uc6b0 \uae30\ubd84 \uc88b\uc740 \uaf43 \ud5a5\uae30\uc640 \ub9ce\uc740 \uadc0\uc911\ud55c \uad00\ub9ac \ud2b9\uc131\uc744 \uac00\uc9c0\uace0 \uc788\uc2b5\ub2c8\ub2e4. \ud2f0\ub180, \uc81c\ub77c\ub2c8\uc62c, \ub9ac\ubaa8\ub128\uacfc \uac19\uc740 \ubb3c\uc9c8\uc774 \ud568\uc720\ub418\uc5b4 \uc788\uc5b4 \uac15\ub825\ud55c \uc7ac\uc0dd \ud6a8\uacfc\ub97c \ub098\ud0c0\ub0c5\ub2c8\ub2e4.","og_url":"https:\/\/naturalpoland.com\/ko\/je-pum\/hwa-jang-pum-won-ryo\/ma-se-re-i-teu\/maseiteu-peurom-rabendeo\/","og_site_name":"NATURAL POLAND - Hurtowy Dystrybutor Surowc\u00f3w","article_publisher":"https:\/\/www.facebook.com\/naturalpoland.b2b","article_modified_time":"2025-06-06T13:54:33+00:00","og_image":[{"width":650,"height":650,"url":"https:\/\/naturalpoland.com\/wp-content\/uploads\/macerat-z-lawendy.jpg","type":"image\/jpeg"}],"schema":{"@context":"https:\/\/schema.org","@graph":[{"@type":"WebPage","@id":"https:\/\/naturalpoland.com\/ko\/je-pum\/hwa-jang-pum-won-ryo\/ma-se-re-i-teu\/maseiteu-peurom-rabendeo\/","url":"https:\/\/naturalpoland.com\/ko\/je-pum\/hwa-jang-pum-won-ryo\/ma-se-re-i-teu\/maseiteu-peurom-rabendeo\/","name":"\ub77c\ubca4\ub354 \ub9c8\ucf00\uc774\ud2b8 - Hurtowy Dystrybutor","isPartOf":{"@id":"https:\/\/naturalpoland.com\/ko\/#website"},"primaryImageOfPage":{"@id":"https:\/\/naturalpoland.com\/ko\/je-pum\/hwa-jang-pum-won-ryo\/ma-se-re-i-teu\/maseiteu-peurom-rabendeo\/#primaryimage"},"image":{"@id":"https:\/\/naturalpoland.com\/ko\/je-pum\/hwa-jang-pum-won-ryo\/ma-se-re-i-teu\/maseiteu-peurom-rabendeo\/#primaryimage"},"thumbnailUrl":"https:\/\/naturalpoland.com\/wp-content\/uploads\/macerat-z-lawendy.jpg","datePublished":"2025-06-06T13:51:47+00:00","dateModified":"2025-06-06T13:54:33+00:00","breadcrumb":{"@id":"https:\/\/naturalpoland.com\/ko\/je-pum\/hwa-jang-pum-won-ryo\/ma-se-re-i-teu\/maseiteu-peurom-rabendeo\/#breadcrumb"},"inLanguage":"ko-KR","potentialAction":[{"@type":"ReadAction","target":["https:\/\/naturalpoland.com\/ko\/je-pum\/hwa-jang-pum-won-ryo\/ma-se-re-i-teu\/maseiteu-peurom-rabendeo\/"]}]},{"@type":"ImageObject","inLanguage":"ko-KR","@id":"https:\/\/naturalpoland.com\/ko\/je-pum\/hwa-jang-pum-won-ryo\/ma-se-re-i-teu\/maseiteu-peurom-rabendeo\/#primaryimage","url":"https:\/\/naturalpoland.com\/wp-content\/uploads\/macerat-z-lawendy.jpg","contentUrl":"https:\/\/naturalpoland.com\/wp-content\/uploads\/macerat-z-lawendy.jpg","width":650,"height":650,"caption":"macerat z lawendy"},{"@type":"BreadcrumbList","@id":"https:\/\/naturalpoland.com\/ko\/je-pum\/hwa-jang-pum-won-ryo\/ma-se-re-i-teu\/maseiteu-peurom-rabendeo\/#breadcrumb","itemListElement":[{"@type":"ListItem","position":1,"name":"\ud648","item":"https:\/\/naturalpoland.com\/ko\/"},{"@type":"ListItem","position":2,"name":"\uc81c\ud488","item":"https:\/\/naturalpoland.com\/ko\/%ec%a0%9c%ed%92%88\/"},{"@type":"ListItem","position":3,"name":"\ub77c\ubca4\ub354 \ub9c8\ucf00\uc774\ud2b8"}]},{"@type":"WebSite","@id":"https:\/\/naturalpoland.com\/ko\/#website","url":"https:\/\/naturalpoland.com\/ko\/","name":"NATURAL POLAND - Hurtowy Dystrybutor Surowc\u00f3w","description":"Surowce dla przemys\u0142u spo\u017cywczego, kosmetycznego i farmaceutycznego","publisher":{"@id":"https:\/\/naturalpoland.com\/ko\/#organization"},"potentialAction":[{"@type":"SearchAction","target":{"@type":"EntryPoint","urlTemplate":"https:\/\/naturalpoland.com\/ko\/?s={search_term_string}"},"query-input":{"@type":"PropertyValueSpecification","valueRequired":true,"valueName":"search_term_string"}}],"inLanguage":"ko-KR"},{"@type":"Organization","@id":"https:\/\/naturalpoland.com\/ko\/#organization","name":"Natural Poland","url":"https:\/\/naturalpoland.com\/ko\/","logo":{"@type":"ImageObject","inLanguage":"ko-KR","@id":"https:\/\/naturalpoland.com\/ko\/#\/schema\/logo\/image\/","url":"https:\/\/naturalpoland.com\/wp-content\/uploads\/2021\/05\/natural-poland-icon.png","contentUrl":"https:\/\/naturalpoland.com\/wp-content\/uploads\/2021\/05\/natural-poland-icon.png","width":512,"height":512,"caption":"Natural Poland"},"image":{"@id":"https:\/\/naturalpoland.com\/ko\/#\/schema\/logo\/image\/"},"sameAs":["https:\/\/www.facebook.com\/naturalpoland.b2b","https:\/\/pl.linkedin.com\/company\/natural-poland","https:\/\/www.youtube.com\/channel\/UCgeGGkvOMahZo-xu_MSEWxg"]}]}},"_links":{"self":[{"href":"https:\/\/naturalpoland.com\/ko\/wp-json\/wp\/v2\/product\/41409","targetHints":{"allow":["GET"]}}],"collection":[{"href":"https:\/\/naturalpoland.com\/ko\/wp-json\/wp\/v2\/product"}],"about":[{"href":"https:\/\/naturalpoland.com\/ko\/wp-json\/wp\/v2\/types\/product"}],"wp:featuredmedia":[{"embeddable":true,"href":"https:\/\/naturalpoland.com\/ko\/wp-json\/wp\/v2\/media\/41410"}],"wp:attachment":[{"href":"https:\/\/naturalpoland.com\/ko\/wp-json\/wp\/v2\/media?parent=41409"}],"wp:term":[{"taxonomy":"product_brand","embeddable":true,"href":"https:\/\/naturalpoland.com\/ko\/wp-json\/wp\/v2\/product_brand?post=41409"},{"taxonomy":"product_cat","embeddable":true,"href":"https:\/\/naturalpoland.com\/ko\/wp-json\/wp\/v2\/product_cat?post=41409"},{"taxonomy":"product_tag","embeddable":true,"href":"https:\/\/naturalpoland.com\/ko\/wp-json\/wp\/v2\/product_tag?post=41409"}],"curies":[{"name":"wp","href":"https:\/\/api.w.org\/{rel}","templated":true}]}}