{"id":41412,"date":"2023-10-06T10:37:56","date_gmt":"2025-06-06T13:54:31","guid":{"rendered":"https:\/\/naturalpoland.com\/produkty\/uncategorized\/%eb%b0%9c%ed%9a%a8-%eb%9d%bc%eb%b2%a4%eb%8d%94-%ec%b6%94%ec%b6%9c%eb%ac%bc\/"},"modified":"2025-06-06T15:57:58","modified_gmt":"2025-06-06T13:57:58","slug":"balhyo-cucul-rabendeo-cuculmul","status":"publish","type":"product","link":"https:\/\/naturalpoland.com\/ko\/je-pum\/hwa-jang-pum-won-ryo\/bal-hyo-chu-chul-mul\/balhyo-cucul-rabendeo-cuculmul\/","title":{"rendered":"\ubc1c\ud6a8 \ub77c\ubca4\ub354 \ucd94\ucd9c\ubb3c"},"content":{"rendered":"<p>\ub77c\ubca4\ub354\ub294 \uc8fc\ub85c \uc9c4\uc815 \ubc0f \uc7ac\uc0dd \ud6a8\uacfc\ub85c \uc778\ud574 \ud654\uc7a5\ud488\uc5d0 \ub110\ub9ac \uc0ac\uc6a9\ub418\ub294 \uc798 \uc54c\ub824\uc9c4 \uc131\ubd84\uc785\ub2c8\ub2e4. \ubc1c\ud6a8 \ub77c\ubca4\ub354 \ucd94\ucd9c\ubb3c\uc740 \uac15\ub825\ud55c \ubcf4\uc2b5 \ud6a8\uacfc\uac00 \uc788\uc5b4 \ud53c\ubd80\uc758 \uc218\ubd84 \uc218\uc900\uc744 \uc720\uc9c0\ud558\ub294 \ub370 \ub3c4\uc6c0\uc774 \ub429\ub2c8\ub2e4. \uc790\uadf9\uacfc \ubd89\uc5b4\uc9d0\uc744 \uc9c4\uc815\uc2dc\ud0a4\ub294 \ud6a8\uacfc\uac00 \uc788\uc5b4 \ubbfc\uac10\ud558\uace0 \ubc18\uc751\uc774 \ube60\ub978 \ud53c\ubd80\ub97c \uc9c4\uc815\uc2dc\ud0a4\uace0 \ud3b8\uc548\ud558\uac8c \ud574\uc90d\ub2c8\ub2e4.  <\/p>\n<p>\ub610\ud55c \uc774 \uc131\ubd84\uc740 \uac15\ub825\ud55c \ud56d\uc0b0\ud654 \uc131\ubd84\uc73c\ub85c \uc798 \uc54c\ub824\uc838 \uc788\uc2b5\ub2c8\ub2e4. \ud65c\uc131\uc0b0\uc18c\uc758 \uc791\uc6a9\uc744 \uc911\ud654\uc2dc\ud0a4\uace0 \uc790\uc678\uc120 \ubc0f \uc624\uc5fc\uacfc \uac19\uc740 \uc720\ud574\ud55c \uc678\ubd80 \uc601\ud5a5\uc73c\ub85c\ubd80\ud130 \ud53c\ubd80\ub97c \ubcf4\ud638\ud558\ub294 \ub370 \ub3c4\uc6c0\uc774 \ub429\ub2c8\ub2e4. \ub610\ud55c \uc7ac\uc0dd \ubc0f \uc138\ud3ec \uc7ac\uc0dd \uacfc\uc815\uc744 \ucd09\uc9c4\ud558\uc5ec \ub354 \ubd80\ub4dc\ub7fd\uace0 \ud0c4\ub825 \uc788\uace0 \ube5b\ub098\ub294 \ud53c\ubd80\ub85c \uac00\uafb8\uc5b4 \uc90d\ub2c8\ub2e4.  <\/p>\n<p>\ub610\ud55c \uc9c4\uc815 \ubc0f \uc0b4\uade0 \ud6a8\uacfc\uac00 \uc788\ub294 \uc131\ubd84\uc774\uae30\ub3c4 \ud569\ub2c8\ub2e4. \ud53c\ubd80 \ubbf8\uc0dd\ubb3c\uc758 \uc62c\ubc14\ub978 \uade0\ud615\uc744 \uc720\uc9c0\ud558\uc5ec \uc6d0\uce58 \uc54a\ub294 \ubbf8\uc0dd\ubb3c\uc774 \ud53c\ubd80\uc5d0 \ubc1c\uc0dd\ud558\ub294 \uac83\uc744 \ubc29\uc9c0\ud558\ub294 \ub370 \ub3c4\uc6c0\uc774 \ub429\ub2c8\ub2e4. \uacbd\ubbf8\ud55c \uc5fc\uc99d\uc5d0 \uc9c4\uc815 \ud6a8\uacfc\uac00 \uc788\uc73c\uba70 \uacbd\ubbf8\ud55c \uc0c1\ucc98\uc640 \uc790\uadf9\uc758 \uce58\uc720\ub97c \uac00\uc18d\ud654\ud569\ub2c8\ub2e4.  <\/p>\n<p>\ubc1c\ud6a8 \ub77c\ubca4\ub354 \ucd94\ucd9c\ubb3c\uc740 \ub9ce\uc740 \ud654\uc7a5\ud488, \ud2b9\ud788 \ubbfc\uac10\ud558\uace0 \uac74\uc870\ud558\uba70 \uc790\uadf9\ubc1b\uc740 \ud53c\ubd80\ub97c \uc704\ud55c \ud654\uc7a5\ud488\uc758 \ud6cc\ub96d\ud55c \uc131\ubd84\uc785\ub2c8\ub2e4. \ud06c\ub9bc, \uc5d0\uba40\uc83c, \ub9c8\uc2a4\ud06c, \ub450\ud53c \ubc0f \ud5e4\uc5b4 \ucf00\uc5b4 \uc81c\ud488\uc5d0 \uc0ac\uc6a9\ud558\uae30\uc5d0 \uc774\uc0c1\uc801\uc785\ub2c8\ub2e4. \ub2e4\uc7ac\ub2e4\ub2a5\ud558\uace0 \uad11\ubc94\uc704\ud55c \uc791\uc6a9\uc73c\ub85c \ub2e4\uc591\ud55c \ud654\uc7a5\ud488 \uc81c\ud615\uc5d0 \uc720\uc6a9\ud558\uac8c \ucca8\uac00\ud560 \uc218 \uc788\uc2b5\ub2c8\ub2e4.  <\/p>\n","protected":false},"excerpt":{"rendered":"<p>\ubc1c\ud6a8 \ub77c\ubca4\ub354 \ucd94\ucd9c\ubb3c(INCI: <em>\ub77c\ubca4\ub354 \ubc1c\ud6a8 \ucd94\ucd9c\ubb3c<\/em>)\uc740 \ub2e4\uc591\ud55c \uc2a4\ud0a8\ucf00\uc5b4 \ud6a8\uacfc\ub97c \uc9c0\ub2cc \uc815\uad50\ud558\uace0 \uace0\uae09\uc2a4\ub7ec\uc6b4 \ud654\uc7a5\ud488 \uc131\ubd84\uc785\ub2c8\ub2e4. \uc774 \uc81c\ud488\uc740 \ubc1c\ud6a8 \ud6c4 \ub77c\ubca4\ub354\uc758 \uadc0\uc911\ud55c \ud6a8\ub2a5\uc774 \ud06c\uac8c \ud5a5\uc0c1\ub418\uace0 \ud53c\ubd80\uc5d0 \ub354 \uc798 \ud761\uc218\ub418\ub294 \ub77c\ubca4\ub354\uc758 \uc774\uc810\uc744 \ud65c\uc6a9\ud569\ub2c8\ub2e4.<\/p>\n","protected":false},"featured_media":41413,"template":"","meta":{"_acf_changed":false},"product_brand":[],"product_cat":[8148],"product_tag":[],"class_list":{"0":"post-41412","1":"product","2":"type-product","3":"status-publish","4":"has-post-thumbnail","6":"product_cat-bal-hyo-chu-chul-mul","8":"first","9":"instock","10":"shipping-taxable","11":"product-type-simple"},"acf":[],"yoast_head":"<!-- This site is optimized with the Yoast SEO plugin v27.5 - https:\/\/yoast.com\/product\/yoast-seo-wordpress\/ -->\n<title>\ubc1c\ud6a8 \ub77c\ubca4\ub354 \ucd94\ucd9c\ubb3c - Hurtowy Dystrybutor<\/title>\n<meta name=\"description\" content=\"\ubc1c\ud6a8 \ub77c\ubca4\ub354 \ucd94\ucd9c\ubb3c(INCI: \ub77c\ubca4\ub354 \ubc1c\ud6a8 \ucd94\ucd9c\ubb3c)\uc740 \ub2e4\uc591\ud55c \uc2a4\ud0a8\ucf00\uc5b4 \ud6a8\uacfc\ub97c \uc9c0\ub2cc \uc815\uad50\ud558\uace0 \uace0\uae09\uc2a4\ub7ec\uc6b4 \ud654\uc7a5\ud488 \uc131\ubd84\uc785\ub2c8\ub2e4.\" \/>\n<meta name=\"robots\" content=\"index, follow, max-snippet:-1, max-image-preview:large, max-video-preview:-1\" \/>\n<link rel=\"canonical\" href=\"https:\/\/naturalpoland.com\/ko\/je-pum\/hwa-jang-pum-won-ryo\/bal-hyo-chu-chul-mul\/balhyo-cucul-rabendeo-cuculmul\/\" \/>\n<meta property=\"og:locale\" content=\"ko_KR\" \/>\n<meta property=\"og:type\" content=\"article\" \/>\n<meta property=\"og:title\" content=\"\ubc1c\ud6a8 \ub77c\ubca4\ub354 \ucd94\ucd9c\ubb3c - Hurtowy Dystrybutor\" \/>\n<meta property=\"og:description\" content=\"\ubc1c\ud6a8 \ub77c\ubca4\ub354 \ucd94\ucd9c\ubb3c(INCI: \ub77c\ubca4\ub354 \ubc1c\ud6a8 \ucd94\ucd9c\ubb3c)\uc740 \ub2e4\uc591\ud55c \uc2a4\ud0a8\ucf00\uc5b4 \ud6a8\uacfc\ub97c \uc9c0\ub2cc \uc815\uad50\ud558\uace0 \uace0\uae09\uc2a4\ub7ec\uc6b4 \ud654\uc7a5\ud488 \uc131\ubd84\uc785\ub2c8\ub2e4.\" \/>\n<meta property=\"og:url\" content=\"https:\/\/naturalpoland.com\/ko\/je-pum\/hwa-jang-pum-won-ryo\/bal-hyo-chu-chul-mul\/balhyo-cucul-rabendeo-cuculmul\/\" \/>\n<meta property=\"og:site_name\" content=\"NATURAL POLAND - Hurtowy Dystrybutor Surowc\u00f3w\" \/>\n<meta property=\"article:publisher\" content=\"https:\/\/www.facebook.com\/naturalpoland.b2b\" \/>\n<meta property=\"article:modified_time\" content=\"2025-06-06T13:57:58+00:00\" \/>\n<meta property=\"og:image\" content=\"https:\/\/naturalpoland.com\/wp-content\/uploads\/fermentowany-ekstrakt-z-lawendy.png\" \/>\n\t<meta property=\"og:image:width\" content=\"590\" \/>\n\t<meta property=\"og:image:height\" content=\"590\" \/>\n\t<meta property=\"og:image:type\" content=\"image\/png\" \/>\n<script type=\"application\/ld+json\" class=\"yoast-schema-graph\">{\"@context\":\"https:\\\/\\\/schema.org\",\"@graph\":[{\"@type\":\"WebPage\",\"@id\":\"https:\\\/\\\/naturalpoland.com\\\/ko\\\/je-pum\\\/hwa-jang-pum-won-ryo\\\/bal-hyo-chu-chul-mul\\\/balhyo-cucul-rabendeo-cuculmul\\\/\",\"url\":\"https:\\\/\\\/naturalpoland.com\\\/ko\\\/je-pum\\\/hwa-jang-pum-won-ryo\\\/bal-hyo-chu-chul-mul\\\/balhyo-cucul-rabendeo-cuculmul\\\/\",\"name\":\"\ubc1c\ud6a8 \ub77c\ubca4\ub354 \ucd94\ucd9c\ubb3c - Hurtowy Dystrybutor\",\"isPartOf\":{\"@id\":\"https:\\\/\\\/naturalpoland.com\\\/ko\\\/#website\"},\"primaryImageOfPage\":{\"@id\":\"https:\\\/\\\/naturalpoland.com\\\/ko\\\/je-pum\\\/hwa-jang-pum-won-ryo\\\/bal-hyo-chu-chul-mul\\\/balhyo-cucul-rabendeo-cuculmul\\\/#primaryimage\"},\"image\":{\"@id\":\"https:\\\/\\\/naturalpoland.com\\\/ko\\\/je-pum\\\/hwa-jang-pum-won-ryo\\\/bal-hyo-chu-chul-mul\\\/balhyo-cucul-rabendeo-cuculmul\\\/#primaryimage\"},\"thumbnailUrl\":\"https:\\\/\\\/naturalpoland.com\\\/wp-content\\\/uploads\\\/fermentowany-ekstrakt-z-lawendy.png\",\"datePublished\":\"2025-06-06T13:54:31+00:00\",\"dateModified\":\"2025-06-06T13:57:58+00:00\",\"description\":\"\ubc1c\ud6a8 \ub77c\ubca4\ub354 \ucd94\ucd9c\ubb3c(INCI: \ub77c\ubca4\ub354 \ubc1c\ud6a8 \ucd94\ucd9c\ubb3c)\uc740 \ub2e4\uc591\ud55c \uc2a4\ud0a8\ucf00\uc5b4 \ud6a8\uacfc\ub97c \uc9c0\ub2cc \uc815\uad50\ud558\uace0 \uace0\uae09\uc2a4\ub7ec\uc6b4 \ud654\uc7a5\ud488 \uc131\ubd84\uc785\ub2c8\ub2e4.\",\"breadcrumb\":{\"@id\":\"https:\\\/\\\/naturalpoland.com\\\/ko\\\/je-pum\\\/hwa-jang-pum-won-ryo\\\/bal-hyo-chu-chul-mul\\\/balhyo-cucul-rabendeo-cuculmul\\\/#breadcrumb\"},\"inLanguage\":\"ko-KR\",\"potentialAction\":[{\"@type\":\"ReadAction\",\"target\":[\"https:\\\/\\\/naturalpoland.com\\\/ko\\\/je-pum\\\/hwa-jang-pum-won-ryo\\\/bal-hyo-chu-chul-mul\\\/balhyo-cucul-rabendeo-cuculmul\\\/\"]}]},{\"@type\":\"ImageObject\",\"inLanguage\":\"ko-KR\",\"@id\":\"https:\\\/\\\/naturalpoland.com\\\/ko\\\/je-pum\\\/hwa-jang-pum-won-ryo\\\/bal-hyo-chu-chul-mul\\\/balhyo-cucul-rabendeo-cuculmul\\\/#primaryimage\",\"url\":\"https:\\\/\\\/naturalpoland.com\\\/wp-content\\\/uploads\\\/fermentowany-ekstrakt-z-lawendy.png\",\"contentUrl\":\"https:\\\/\\\/naturalpoland.com\\\/wp-content\\\/uploads\\\/fermentowany-ekstrakt-z-lawendy.png\",\"width\":590,\"height\":590,\"caption\":\"Fermentowany Ekstrakt z Lawendy\"},{\"@type\":\"BreadcrumbList\",\"@id\":\"https:\\\/\\\/naturalpoland.com\\\/ko\\\/je-pum\\\/hwa-jang-pum-won-ryo\\\/bal-hyo-chu-chul-mul\\\/balhyo-cucul-rabendeo-cuculmul\\\/#breadcrumb\",\"itemListElement\":[{\"@type\":\"ListItem\",\"position\":1,\"name\":\"\ud648\",\"item\":\"https:\\\/\\\/naturalpoland.com\\\/ko\\\/\"},{\"@type\":\"ListItem\",\"position\":2,\"name\":\"\uc81c\ud488\",\"item\":\"https:\\\/\\\/naturalpoland.com\\\/ko\\\/%ec%a0%9c%ed%92%88\\\/\"},{\"@type\":\"ListItem\",\"position\":3,\"name\":\"\ubc1c\ud6a8 \ub77c\ubca4\ub354 \ucd94\ucd9c\ubb3c\"}]},{\"@type\":\"WebSite\",\"@id\":\"https:\\\/\\\/naturalpoland.com\\\/ko\\\/#website\",\"url\":\"https:\\\/\\\/naturalpoland.com\\\/ko\\\/\",\"name\":\"NATURAL POLAND - Hurtowy Dystrybutor Surowc\u00f3w\",\"description\":\"Surowce dla przemys\u0142u spo\u017cywczego, kosmetycznego i farmaceutycznego\",\"publisher\":{\"@id\":\"https:\\\/\\\/naturalpoland.com\\\/ko\\\/#organization\"},\"potentialAction\":[{\"@type\":\"SearchAction\",\"target\":{\"@type\":\"EntryPoint\",\"urlTemplate\":\"https:\\\/\\\/naturalpoland.com\\\/ko\\\/?s={search_term_string}\"},\"query-input\":{\"@type\":\"PropertyValueSpecification\",\"valueRequired\":true,\"valueName\":\"search_term_string\"}}],\"inLanguage\":\"ko-KR\"},{\"@type\":\"Organization\",\"@id\":\"https:\\\/\\\/naturalpoland.com\\\/ko\\\/#organization\",\"name\":\"Natural Poland\",\"url\":\"https:\\\/\\\/naturalpoland.com\\\/ko\\\/\",\"logo\":{\"@type\":\"ImageObject\",\"inLanguage\":\"ko-KR\",\"@id\":\"https:\\\/\\\/naturalpoland.com\\\/ko\\\/#\\\/schema\\\/logo\\\/image\\\/\",\"url\":\"https:\\\/\\\/naturalpoland.com\\\/wp-content\\\/uploads\\\/2021\\\/05\\\/natural-poland-icon.png\",\"contentUrl\":\"https:\\\/\\\/naturalpoland.com\\\/wp-content\\\/uploads\\\/2021\\\/05\\\/natural-poland-icon.png\",\"width\":512,\"height\":512,\"caption\":\"Natural Poland\"},\"image\":{\"@id\":\"https:\\\/\\\/naturalpoland.com\\\/ko\\\/#\\\/schema\\\/logo\\\/image\\\/\"},\"sameAs\":[\"https:\\\/\\\/www.facebook.com\\\/naturalpoland.b2b\",\"https:\\\/\\\/pl.linkedin.com\\\/company\\\/natural-poland\",\"https:\\\/\\\/www.youtube.com\\\/channel\\\/UCgeGGkvOMahZo-xu_MSEWxg\"]}]}<\/script>\n<!-- \/ Yoast SEO plugin. -->","yoast_head_json":{"title":"\ubc1c\ud6a8 \ub77c\ubca4\ub354 \ucd94\ucd9c\ubb3c - Hurtowy Dystrybutor","description":"\ubc1c\ud6a8 \ub77c\ubca4\ub354 \ucd94\ucd9c\ubb3c(INCI: \ub77c\ubca4\ub354 \ubc1c\ud6a8 \ucd94\ucd9c\ubb3c)\uc740 \ub2e4\uc591\ud55c \uc2a4\ud0a8\ucf00\uc5b4 \ud6a8\uacfc\ub97c \uc9c0\ub2cc \uc815\uad50\ud558\uace0 \uace0\uae09\uc2a4\ub7ec\uc6b4 \ud654\uc7a5\ud488 \uc131\ubd84\uc785\ub2c8\ub2e4.","robots":{"index":"index","follow":"follow","max-snippet":"max-snippet:-1","max-image-preview":"max-image-preview:large","max-video-preview":"max-video-preview:-1"},"canonical":"https:\/\/naturalpoland.com\/ko\/je-pum\/hwa-jang-pum-won-ryo\/bal-hyo-chu-chul-mul\/balhyo-cucul-rabendeo-cuculmul\/","og_locale":"ko_KR","og_type":"article","og_title":"\ubc1c\ud6a8 \ub77c\ubca4\ub354 \ucd94\ucd9c\ubb3c - Hurtowy Dystrybutor","og_description":"\ubc1c\ud6a8 \ub77c\ubca4\ub354 \ucd94\ucd9c\ubb3c(INCI: \ub77c\ubca4\ub354 \ubc1c\ud6a8 \ucd94\ucd9c\ubb3c)\uc740 \ub2e4\uc591\ud55c \uc2a4\ud0a8\ucf00\uc5b4 \ud6a8\uacfc\ub97c \uc9c0\ub2cc \uc815\uad50\ud558\uace0 \uace0\uae09\uc2a4\ub7ec\uc6b4 \ud654\uc7a5\ud488 \uc131\ubd84\uc785\ub2c8\ub2e4.","og_url":"https:\/\/naturalpoland.com\/ko\/je-pum\/hwa-jang-pum-won-ryo\/bal-hyo-chu-chul-mul\/balhyo-cucul-rabendeo-cuculmul\/","og_site_name":"NATURAL POLAND - Hurtowy Dystrybutor Surowc\u00f3w","article_publisher":"https:\/\/www.facebook.com\/naturalpoland.b2b","article_modified_time":"2025-06-06T13:57:58+00:00","og_image":[{"width":590,"height":590,"url":"https:\/\/naturalpoland.com\/wp-content\/uploads\/fermentowany-ekstrakt-z-lawendy.png","type":"image\/png"}],"schema":{"@context":"https:\/\/schema.org","@graph":[{"@type":"WebPage","@id":"https:\/\/naturalpoland.com\/ko\/je-pum\/hwa-jang-pum-won-ryo\/bal-hyo-chu-chul-mul\/balhyo-cucul-rabendeo-cuculmul\/","url":"https:\/\/naturalpoland.com\/ko\/je-pum\/hwa-jang-pum-won-ryo\/bal-hyo-chu-chul-mul\/balhyo-cucul-rabendeo-cuculmul\/","name":"\ubc1c\ud6a8 \ub77c\ubca4\ub354 \ucd94\ucd9c\ubb3c - Hurtowy Dystrybutor","isPartOf":{"@id":"https:\/\/naturalpoland.com\/ko\/#website"},"primaryImageOfPage":{"@id":"https:\/\/naturalpoland.com\/ko\/je-pum\/hwa-jang-pum-won-ryo\/bal-hyo-chu-chul-mul\/balhyo-cucul-rabendeo-cuculmul\/#primaryimage"},"image":{"@id":"https:\/\/naturalpoland.com\/ko\/je-pum\/hwa-jang-pum-won-ryo\/bal-hyo-chu-chul-mul\/balhyo-cucul-rabendeo-cuculmul\/#primaryimage"},"thumbnailUrl":"https:\/\/naturalpoland.com\/wp-content\/uploads\/fermentowany-ekstrakt-z-lawendy.png","datePublished":"2025-06-06T13:54:31+00:00","dateModified":"2025-06-06T13:57:58+00:00","description":"\ubc1c\ud6a8 \ub77c\ubca4\ub354 \ucd94\ucd9c\ubb3c(INCI: \ub77c\ubca4\ub354 \ubc1c\ud6a8 \ucd94\ucd9c\ubb3c)\uc740 \ub2e4\uc591\ud55c \uc2a4\ud0a8\ucf00\uc5b4 \ud6a8\uacfc\ub97c \uc9c0\ub2cc \uc815\uad50\ud558\uace0 \uace0\uae09\uc2a4\ub7ec\uc6b4 \ud654\uc7a5\ud488 \uc131\ubd84\uc785\ub2c8\ub2e4.","breadcrumb":{"@id":"https:\/\/naturalpoland.com\/ko\/je-pum\/hwa-jang-pum-won-ryo\/bal-hyo-chu-chul-mul\/balhyo-cucul-rabendeo-cuculmul\/#breadcrumb"},"inLanguage":"ko-KR","potentialAction":[{"@type":"ReadAction","target":["https:\/\/naturalpoland.com\/ko\/je-pum\/hwa-jang-pum-won-ryo\/bal-hyo-chu-chul-mul\/balhyo-cucul-rabendeo-cuculmul\/"]}]},{"@type":"ImageObject","inLanguage":"ko-KR","@id":"https:\/\/naturalpoland.com\/ko\/je-pum\/hwa-jang-pum-won-ryo\/bal-hyo-chu-chul-mul\/balhyo-cucul-rabendeo-cuculmul\/#primaryimage","url":"https:\/\/naturalpoland.com\/wp-content\/uploads\/fermentowany-ekstrakt-z-lawendy.png","contentUrl":"https:\/\/naturalpoland.com\/wp-content\/uploads\/fermentowany-ekstrakt-z-lawendy.png","width":590,"height":590,"caption":"Fermentowany Ekstrakt z Lawendy"},{"@type":"BreadcrumbList","@id":"https:\/\/naturalpoland.com\/ko\/je-pum\/hwa-jang-pum-won-ryo\/bal-hyo-chu-chul-mul\/balhyo-cucul-rabendeo-cuculmul\/#breadcrumb","itemListElement":[{"@type":"ListItem","position":1,"name":"\ud648","item":"https:\/\/naturalpoland.com\/ko\/"},{"@type":"ListItem","position":2,"name":"\uc81c\ud488","item":"https:\/\/naturalpoland.com\/ko\/%ec%a0%9c%ed%92%88\/"},{"@type":"ListItem","position":3,"name":"\ubc1c\ud6a8 \ub77c\ubca4\ub354 \ucd94\ucd9c\ubb3c"}]},{"@type":"WebSite","@id":"https:\/\/naturalpoland.com\/ko\/#website","url":"https:\/\/naturalpoland.com\/ko\/","name":"NATURAL POLAND - Hurtowy Dystrybutor Surowc\u00f3w","description":"Surowce dla przemys\u0142u spo\u017cywczego, kosmetycznego i farmaceutycznego","publisher":{"@id":"https:\/\/naturalpoland.com\/ko\/#organization"},"potentialAction":[{"@type":"SearchAction","target":{"@type":"EntryPoint","urlTemplate":"https:\/\/naturalpoland.com\/ko\/?s={search_term_string}"},"query-input":{"@type":"PropertyValueSpecification","valueRequired":true,"valueName":"search_term_string"}}],"inLanguage":"ko-KR"},{"@type":"Organization","@id":"https:\/\/naturalpoland.com\/ko\/#organization","name":"Natural Poland","url":"https:\/\/naturalpoland.com\/ko\/","logo":{"@type":"ImageObject","inLanguage":"ko-KR","@id":"https:\/\/naturalpoland.com\/ko\/#\/schema\/logo\/image\/","url":"https:\/\/naturalpoland.com\/wp-content\/uploads\/2021\/05\/natural-poland-icon.png","contentUrl":"https:\/\/naturalpoland.com\/wp-content\/uploads\/2021\/05\/natural-poland-icon.png","width":512,"height":512,"caption":"Natural Poland"},"image":{"@id":"https:\/\/naturalpoland.com\/ko\/#\/schema\/logo\/image\/"},"sameAs":["https:\/\/www.facebook.com\/naturalpoland.b2b","https:\/\/pl.linkedin.com\/company\/natural-poland","https:\/\/www.youtube.com\/channel\/UCgeGGkvOMahZo-xu_MSEWxg"]}]}},"_links":{"self":[{"href":"https:\/\/naturalpoland.com\/ko\/wp-json\/wp\/v2\/product\/41412","targetHints":{"allow":["GET"]}}],"collection":[{"href":"https:\/\/naturalpoland.com\/ko\/wp-json\/wp\/v2\/product"}],"about":[{"href":"https:\/\/naturalpoland.com\/ko\/wp-json\/wp\/v2\/types\/product"}],"wp:featuredmedia":[{"embeddable":true,"href":"https:\/\/naturalpoland.com\/ko\/wp-json\/wp\/v2\/media\/41413"}],"wp:attachment":[{"href":"https:\/\/naturalpoland.com\/ko\/wp-json\/wp\/v2\/media?parent=41412"}],"wp:term":[{"taxonomy":"product_brand","embeddable":true,"href":"https:\/\/naturalpoland.com\/ko\/wp-json\/wp\/v2\/product_brand?post=41412"},{"taxonomy":"product_cat","embeddable":true,"href":"https:\/\/naturalpoland.com\/ko\/wp-json\/wp\/v2\/product_cat?post=41412"},{"taxonomy":"product_tag","embeddable":true,"href":"https:\/\/naturalpoland.com\/ko\/wp-json\/wp\/v2\/product_tag?post=41412"}],"curies":[{"name":"wp","href":"https:\/\/api.w.org\/{rel}","templated":true}]}}