{"id":41414,"date":"2021-06-09T14:16:29","date_gmt":"2021-06-09T12:16:29","guid":{"rendered":"https:\/\/naturalpoland.com\/produkty\/uncategorized\/%ec%95%84%ec%84%b8%eb%a1%9c%eb%9d%bc-%ec%b6%94%ec%b6%9c%eb%ac%bc\/"},"modified":"2025-06-06T15:58:42","modified_gmt":"2025-06-06T13:58:42","slug":"aserora-cuculmul","status":"publish","type":"product","link":"https:\/\/naturalpoland.com\/ko\/je-pum\/sig-mul-chu-chul-mul\/aserora-cuculmul\/","title":{"rendered":"\uc544\uc138\ub85c\ub77c \ucd94\ucd9c\ubb3c"},"content":{"rendered":"<p>\uc544\uc138\ub85c\ub77c \ucd94\ucd9c\ubb3c\uc740 \uac10\uade4\ub958\uc640 \uac19\uc740 \ud45c\uc900 \ube44\ud0c0\ubbfc \uacf5\uae09\uc6d0\ubcf4\ub2e4 \ud6e8\uc52c \uc6b0\uc218\ud55c \uc790\uc5f0\uc5d0\uc11c \uac00\uc7a5 \uac15\ub825\ud55c \ud56d\uc0b0\ud654\uc81c \uc911 \ud558\ub098\uc778 \ube44\ud0c0\ubbfc C \ud568\ub7c9\uc774 \ub9e4\uc6b0 \ub192\ub2e4\ub294 \ud2b9\uc9d5\uc774 \uc788\uc2b5\ub2c8\ub2e4.<\/p>\n<p><strong>\uc560\ud50c\ub9ac\ucf00\uc774\uc158:<\/strong><\/p>\n<p>\uc544\uc138\ub85c\ub77c \ucd94\ucd9c\ubb3c\uc758 \uc0ac\uc6a9\uc740 \ub2e4\uc591\ud569\ub2c8\ub2e4. \uadf8\uac83\uc740 \uba74\uc5ed \uccb4\uacc4\ub97c \uac15\ud654\ud558\uc5ec \uac10\uc5fc\uacfc\uc758 \uc2f8\uc6c0\uacfc \uc2e0\uccb4 \ud65c\ub3d9 \uc911\uc5d0 \uc2e0\uccb4\ub97c \uc9c0\uc6d0\ud569\ub2c8\ub2e4. \ud654\uc7a5\ud488\uc5d0 \ud568\uc720\ub418\uc5b4 \ud53c\ubd80 \ud0c4\ub825\uacfc \ud0c4\ub825\uc744 \uc720\uc9c0\ud558\ub294 \ub370 \ud544\uc218\uc801\uc778 \ucf5c\ub77c\uac90 \uc0dd\uc131\uc744 \uc790\uadf9\ud558\uc5ec \ud53c\ubd80 \uc0c1\ud0dc\ub97c \uac1c\uc120\ud558\ub294 \ub370 \uae30\uc5ec\ud569\ub2c8\ub2e4. \ub610\ud55c \ud56d\uc0b0\ud654 \ud2b9\uc131 \ub355\ubd84\uc5d0 \uc544\uc138\ub85c\ub77c \ucd94\ucd9c\ubb3c\uc740 \uc790\uc720 \ub77c\ub514\uce7c\uc758 \uc190\uc0c1\uc73c\ub85c\ubd80\ud130 \ud53c\ubd80\ub97c \ud6a8\uacfc\uc801\uc73c\ub85c \ubcf4\ud638\ud558\uace0 \uc190\uc0c1\ub41c \uc138\ud3ec\uc758 \uc7ac\uc0dd\uc744 \ucd09\uc9c4\ud569\ub2c8\ub2e4.   <\/p>\n<p><strong>\uc0ac\uc591:<\/strong><\/p>\n<p>\uc544\uc138\ub85c\ub77c \ucd94\ucd9c\ubb3c\uc758 \uc131\ubd84\uc744 \ubd84\uc11d\ud55c \uacb0\uacfc 17.8%\uc758 \ube44\ud0c0\ubbfc C\uac00 \ud568\uc720\ub418\uc5b4 \uc788\uc5b4 \ub192\uc740 \uc601\uc591\uac00\uc640 \ud6a8\uacfc\ub97c \ud655\uc778\ud560 \uc218 \uc788\uc5c8\uc2b5\ub2c8\ub2e4. \uc774 \uc81c\ud488\uc740 \uc644\uc804\ud788 \uc218\uc6a9\uc131\uc774\ubbc0\ub85c \ub2e4\uc591\ud55c \ubcf4\ucda9\uc81c \ubc0f \ud654\uc7a5\ud488 \uc81c\ud615\uc5d0 \uc27d\uac8c \uc0ac\uc6a9\ud560 \uc218 \uc788\uc2b5\ub2c8\ub2e4. \ub610\ud55c \uc774 \ucd94\ucd9c\ubb3c\uc740 \ubbf8\uc0dd\ubb3c\ud559\uc801 \ubc0f \ud654\ud559\uc801 \ud14c\uc2a4\ud2b8\ub97c \ud1b5\ud574 \ud655\uc778\ub41c \uac83\ucc98\ub7fc \uc911\uae08\uc18d \ud568\ub7c9\uc774 \ub0ae\uace0 GMO\uac00 \uc5c6\ub294 \ub4f1 \uc5c4\uaca9\ud55c \ud488\uc9c8 \uae30\uc900\uc744 \ucda9\uc871\ud569\ub2c8\ub2e4.  <\/p>\n","protected":false},"excerpt":{"rendered":"<p><strong>\ubc14\ubca0\uc774\ub3c4\uc2a4\uc758<\/strong> \uccb4\ub9ac\ub77c\uace0\ub3c4 \ubd88\ub9ac\ub294 <strong>\ub9d0\ud53c\uae30\uc544 \uae00\ub77c\ube0c\ub77c \ub9b0\uc758<\/strong> \uc5f4\ub9e4\uc5d0\uc11c \ucd94\ucd9c\ud55c \uc544\uc138\ub85c\ub77c \ucd94\ucd9c\ubb3c\uc740 \ub3c5\ud2b9\ud55c \ud2b9\uc131\uc73c\ub85c \uac74\uac15 \ubcf4\uc870 \uc2dd\ud488 \ubc0f \ud654\uc7a5\ud488 \uc5c5\uacc4\uc5d0\uc11c \uadc0\ud558\uac8c \uc5ec\uae30\ub294 \uc131\ubd84\uc785\ub2c8\ub2e4.<\/p>\n","protected":false},"featured_media":41415,"template":"","meta":{"_acf_changed":false},"product_brand":[],"product_cat":[8134],"product_tag":[],"class_list":{"0":"post-41414","1":"product","2":"type-product","3":"status-publish","4":"has-post-thumbnail","6":"product_cat-sig-mul-chu-chul-mul","7":"pa_certyfikaty-8218","8":"pa_certyfikaty-8219","9":"pa_czesc-rosliny-8225","10":"pa_grupa-substancji-8226","12":"first","13":"instock","14":"shipping-taxable","15":"product-type-simple"},"acf":[],"yoast_head":"<!-- This site is optimized with the Yoast SEO plugin v27.5 - https:\/\/yoast.com\/product\/yoast-seo-wordpress\/ -->\n<title>\uc544\uc138\ub85c\ub77c \ucd94\ucd9c\ubb3c - Hurtowy Dystrybutor<\/title>\n<meta name=\"description\" content=\"\uc544\uc138\ub85c\ub77c \ucd94\ucd9c\ubb3c\uc740 \uac74\uac15 \ubc0f \ubbf8\uc6a9 \uc0b0\uc5c5\uc5d0\uc11c \uadc0\uc911\ud55c \uc131\ubd84\uc73c\ub85c, \ub2e4\uc591\ud55c \uac74\uac15 \ubc0f \ubbf8\uc6a9 \ud61c\ud0dd\uc744 \uc81c\uacf5\ud569\ub2c8\ub2e4.\" \/>\n<meta name=\"robots\" content=\"index, follow, max-snippet:-1, max-image-preview:large, max-video-preview:-1\" \/>\n<link rel=\"canonical\" href=\"https:\/\/naturalpoland.com\/ko\/je-pum\/sig-mul-chu-chul-mul\/aserora-cuculmul\/\" \/>\n<meta property=\"og:locale\" content=\"ko_KR\" \/>\n<meta property=\"og:type\" content=\"article\" \/>\n<meta property=\"og:title\" content=\"\uc544\uc138\ub85c\ub77c \ucd94\ucd9c\ubb3c - Hurtowy Dystrybutor\" \/>\n<meta property=\"og:description\" content=\"\uc544\uc138\ub85c\ub77c \ucd94\ucd9c\ubb3c\uc740 \uac74\uac15 \ubc0f \ubbf8\uc6a9 \uc0b0\uc5c5\uc5d0\uc11c \uadc0\uc911\ud55c \uc131\ubd84\uc73c\ub85c, \ub2e4\uc591\ud55c \uac74\uac15 \ubc0f \ubbf8\uc6a9 \ud61c\ud0dd\uc744 \uc81c\uacf5\ud569\ub2c8\ub2e4.\" \/>\n<meta property=\"og:url\" content=\"https:\/\/naturalpoland.com\/ko\/je-pum\/sig-mul-chu-chul-mul\/aserora-cuculmul\/\" \/>\n<meta property=\"og:site_name\" content=\"NATURAL POLAND - Hurtowy Dystrybutor Surowc\u00f3w\" \/>\n<meta property=\"article:publisher\" content=\"https:\/\/www.facebook.com\/naturalpoland.b2b\" \/>\n<meta property=\"article:modified_time\" content=\"2025-06-06T13:58:42+00:00\" \/>\n<meta property=\"og:image\" content=\"https:\/\/naturalpoland.com\/wp-content\/uploads\/acerola_extract.webp\" \/>\n\t<meta property=\"og:image:width\" content=\"614\" \/>\n\t<meta property=\"og:image:height\" content=\"614\" \/>\n\t<meta property=\"og:image:type\" content=\"image\/webp\" \/>\n<script type=\"application\/ld+json\" class=\"yoast-schema-graph\">{\"@context\":\"https:\\\/\\\/schema.org\",\"@graph\":[{\"@type\":\"WebPage\",\"@id\":\"https:\\\/\\\/naturalpoland.com\\\/ko\\\/je-pum\\\/sig-mul-chu-chul-mul\\\/aserora-cuculmul\\\/\",\"url\":\"https:\\\/\\\/naturalpoland.com\\\/ko\\\/je-pum\\\/sig-mul-chu-chul-mul\\\/aserora-cuculmul\\\/\",\"name\":\"\uc544\uc138\ub85c\ub77c \ucd94\ucd9c\ubb3c - Hurtowy Dystrybutor\",\"isPartOf\":{\"@id\":\"https:\\\/\\\/naturalpoland.com\\\/ko\\\/#website\"},\"primaryImageOfPage\":{\"@id\":\"https:\\\/\\\/naturalpoland.com\\\/ko\\\/je-pum\\\/sig-mul-chu-chul-mul\\\/aserora-cuculmul\\\/#primaryimage\"},\"image\":{\"@id\":\"https:\\\/\\\/naturalpoland.com\\\/ko\\\/je-pum\\\/sig-mul-chu-chul-mul\\\/aserora-cuculmul\\\/#primaryimage\"},\"thumbnailUrl\":\"https:\\\/\\\/naturalpoland.com\\\/wp-content\\\/uploads\\\/acerola_extract.webp\",\"datePublished\":\"2021-06-09T12:16:29+00:00\",\"dateModified\":\"2025-06-06T13:58:42+00:00\",\"description\":\"\uc544\uc138\ub85c\ub77c \ucd94\ucd9c\ubb3c\uc740 \uac74\uac15 \ubc0f \ubbf8\uc6a9 \uc0b0\uc5c5\uc5d0\uc11c \uadc0\uc911\ud55c \uc131\ubd84\uc73c\ub85c, \ub2e4\uc591\ud55c \uac74\uac15 \ubc0f \ubbf8\uc6a9 \ud61c\ud0dd\uc744 \uc81c\uacf5\ud569\ub2c8\ub2e4.\",\"breadcrumb\":{\"@id\":\"https:\\\/\\\/naturalpoland.com\\\/ko\\\/je-pum\\\/sig-mul-chu-chul-mul\\\/aserora-cuculmul\\\/#breadcrumb\"},\"inLanguage\":\"ko-KR\",\"potentialAction\":[{\"@type\":\"ReadAction\",\"target\":[\"https:\\\/\\\/naturalpoland.com\\\/ko\\\/je-pum\\\/sig-mul-chu-chul-mul\\\/aserora-cuculmul\\\/\"]}]},{\"@type\":\"ImageObject\",\"inLanguage\":\"ko-KR\",\"@id\":\"https:\\\/\\\/naturalpoland.com\\\/ko\\\/je-pum\\\/sig-mul-chu-chul-mul\\\/aserora-cuculmul\\\/#primaryimage\",\"url\":\"https:\\\/\\\/naturalpoland.com\\\/wp-content\\\/uploads\\\/acerola_extract.webp\",\"contentUrl\":\"https:\\\/\\\/naturalpoland.com\\\/wp-content\\\/uploads\\\/acerola_extract.webp\",\"width\":614,\"height\":614,\"caption\":\"ekstrakt z aceroli\"},{\"@type\":\"BreadcrumbList\",\"@id\":\"https:\\\/\\\/naturalpoland.com\\\/ko\\\/je-pum\\\/sig-mul-chu-chul-mul\\\/aserora-cuculmul\\\/#breadcrumb\",\"itemListElement\":[{\"@type\":\"ListItem\",\"position\":1,\"name\":\"\ud648\",\"item\":\"https:\\\/\\\/naturalpoland.com\\\/ko\\\/\"},{\"@type\":\"ListItem\",\"position\":2,\"name\":\"\uc81c\ud488\",\"item\":\"https:\\\/\\\/naturalpoland.com\\\/ko\\\/%ec%a0%9c%ed%92%88\\\/\"},{\"@type\":\"ListItem\",\"position\":3,\"name\":\"\uc544\uc138\ub85c\ub77c \ucd94\ucd9c\ubb3c\"}]},{\"@type\":\"WebSite\",\"@id\":\"https:\\\/\\\/naturalpoland.com\\\/ko\\\/#website\",\"url\":\"https:\\\/\\\/naturalpoland.com\\\/ko\\\/\",\"name\":\"NATURAL POLAND - Hurtowy Dystrybutor Surowc\u00f3w\",\"description\":\"Surowce dla przemys\u0142u spo\u017cywczego, kosmetycznego i farmaceutycznego\",\"publisher\":{\"@id\":\"https:\\\/\\\/naturalpoland.com\\\/ko\\\/#organization\"},\"potentialAction\":[{\"@type\":\"SearchAction\",\"target\":{\"@type\":\"EntryPoint\",\"urlTemplate\":\"https:\\\/\\\/naturalpoland.com\\\/ko\\\/?s={search_term_string}\"},\"query-input\":{\"@type\":\"PropertyValueSpecification\",\"valueRequired\":true,\"valueName\":\"search_term_string\"}}],\"inLanguage\":\"ko-KR\"},{\"@type\":\"Organization\",\"@id\":\"https:\\\/\\\/naturalpoland.com\\\/ko\\\/#organization\",\"name\":\"Natural Poland\",\"url\":\"https:\\\/\\\/naturalpoland.com\\\/ko\\\/\",\"logo\":{\"@type\":\"ImageObject\",\"inLanguage\":\"ko-KR\",\"@id\":\"https:\\\/\\\/naturalpoland.com\\\/ko\\\/#\\\/schema\\\/logo\\\/image\\\/\",\"url\":\"https:\\\/\\\/naturalpoland.com\\\/wp-content\\\/uploads\\\/2021\\\/05\\\/natural-poland-icon.png\",\"contentUrl\":\"https:\\\/\\\/naturalpoland.com\\\/wp-content\\\/uploads\\\/2021\\\/05\\\/natural-poland-icon.png\",\"width\":512,\"height\":512,\"caption\":\"Natural Poland\"},\"image\":{\"@id\":\"https:\\\/\\\/naturalpoland.com\\\/ko\\\/#\\\/schema\\\/logo\\\/image\\\/\"},\"sameAs\":[\"https:\\\/\\\/www.facebook.com\\\/naturalpoland.b2b\",\"https:\\\/\\\/pl.linkedin.com\\\/company\\\/natural-poland\",\"https:\\\/\\\/www.youtube.com\\\/channel\\\/UCgeGGkvOMahZo-xu_MSEWxg\"]}]}<\/script>\n<!-- \/ Yoast SEO plugin. -->","yoast_head_json":{"title":"\uc544\uc138\ub85c\ub77c \ucd94\ucd9c\ubb3c - Hurtowy Dystrybutor","description":"\uc544\uc138\ub85c\ub77c \ucd94\ucd9c\ubb3c\uc740 \uac74\uac15 \ubc0f \ubbf8\uc6a9 \uc0b0\uc5c5\uc5d0\uc11c \uadc0\uc911\ud55c \uc131\ubd84\uc73c\ub85c, \ub2e4\uc591\ud55c \uac74\uac15 \ubc0f \ubbf8\uc6a9 \ud61c\ud0dd\uc744 \uc81c\uacf5\ud569\ub2c8\ub2e4.","robots":{"index":"index","follow":"follow","max-snippet":"max-snippet:-1","max-image-preview":"max-image-preview:large","max-video-preview":"max-video-preview:-1"},"canonical":"https:\/\/naturalpoland.com\/ko\/je-pum\/sig-mul-chu-chul-mul\/aserora-cuculmul\/","og_locale":"ko_KR","og_type":"article","og_title":"\uc544\uc138\ub85c\ub77c \ucd94\ucd9c\ubb3c - Hurtowy Dystrybutor","og_description":"\uc544\uc138\ub85c\ub77c \ucd94\ucd9c\ubb3c\uc740 \uac74\uac15 \ubc0f \ubbf8\uc6a9 \uc0b0\uc5c5\uc5d0\uc11c \uadc0\uc911\ud55c \uc131\ubd84\uc73c\ub85c, \ub2e4\uc591\ud55c \uac74\uac15 \ubc0f \ubbf8\uc6a9 \ud61c\ud0dd\uc744 \uc81c\uacf5\ud569\ub2c8\ub2e4.","og_url":"https:\/\/naturalpoland.com\/ko\/je-pum\/sig-mul-chu-chul-mul\/aserora-cuculmul\/","og_site_name":"NATURAL POLAND - Hurtowy Dystrybutor Surowc\u00f3w","article_publisher":"https:\/\/www.facebook.com\/naturalpoland.b2b","article_modified_time":"2025-06-06T13:58:42+00:00","og_image":[{"width":614,"height":614,"url":"https:\/\/naturalpoland.com\/wp-content\/uploads\/acerola_extract.webp","type":"image\/webp"}],"schema":{"@context":"https:\/\/schema.org","@graph":[{"@type":"WebPage","@id":"https:\/\/naturalpoland.com\/ko\/je-pum\/sig-mul-chu-chul-mul\/aserora-cuculmul\/","url":"https:\/\/naturalpoland.com\/ko\/je-pum\/sig-mul-chu-chul-mul\/aserora-cuculmul\/","name":"\uc544\uc138\ub85c\ub77c \ucd94\ucd9c\ubb3c - Hurtowy Dystrybutor","isPartOf":{"@id":"https:\/\/naturalpoland.com\/ko\/#website"},"primaryImageOfPage":{"@id":"https:\/\/naturalpoland.com\/ko\/je-pum\/sig-mul-chu-chul-mul\/aserora-cuculmul\/#primaryimage"},"image":{"@id":"https:\/\/naturalpoland.com\/ko\/je-pum\/sig-mul-chu-chul-mul\/aserora-cuculmul\/#primaryimage"},"thumbnailUrl":"https:\/\/naturalpoland.com\/wp-content\/uploads\/acerola_extract.webp","datePublished":"2021-06-09T12:16:29+00:00","dateModified":"2025-06-06T13:58:42+00:00","description":"\uc544\uc138\ub85c\ub77c \ucd94\ucd9c\ubb3c\uc740 \uac74\uac15 \ubc0f \ubbf8\uc6a9 \uc0b0\uc5c5\uc5d0\uc11c \uadc0\uc911\ud55c \uc131\ubd84\uc73c\ub85c, \ub2e4\uc591\ud55c \uac74\uac15 \ubc0f \ubbf8\uc6a9 \ud61c\ud0dd\uc744 \uc81c\uacf5\ud569\ub2c8\ub2e4.","breadcrumb":{"@id":"https:\/\/naturalpoland.com\/ko\/je-pum\/sig-mul-chu-chul-mul\/aserora-cuculmul\/#breadcrumb"},"inLanguage":"ko-KR","potentialAction":[{"@type":"ReadAction","target":["https:\/\/naturalpoland.com\/ko\/je-pum\/sig-mul-chu-chul-mul\/aserora-cuculmul\/"]}]},{"@type":"ImageObject","inLanguage":"ko-KR","@id":"https:\/\/naturalpoland.com\/ko\/je-pum\/sig-mul-chu-chul-mul\/aserora-cuculmul\/#primaryimage","url":"https:\/\/naturalpoland.com\/wp-content\/uploads\/acerola_extract.webp","contentUrl":"https:\/\/naturalpoland.com\/wp-content\/uploads\/acerola_extract.webp","width":614,"height":614,"caption":"ekstrakt z aceroli"},{"@type":"BreadcrumbList","@id":"https:\/\/naturalpoland.com\/ko\/je-pum\/sig-mul-chu-chul-mul\/aserora-cuculmul\/#breadcrumb","itemListElement":[{"@type":"ListItem","position":1,"name":"\ud648","item":"https:\/\/naturalpoland.com\/ko\/"},{"@type":"ListItem","position":2,"name":"\uc81c\ud488","item":"https:\/\/naturalpoland.com\/ko\/%ec%a0%9c%ed%92%88\/"},{"@type":"ListItem","position":3,"name":"\uc544\uc138\ub85c\ub77c \ucd94\ucd9c\ubb3c"}]},{"@type":"WebSite","@id":"https:\/\/naturalpoland.com\/ko\/#website","url":"https:\/\/naturalpoland.com\/ko\/","name":"NATURAL POLAND - Hurtowy Dystrybutor Surowc\u00f3w","description":"Surowce dla przemys\u0142u spo\u017cywczego, kosmetycznego i farmaceutycznego","publisher":{"@id":"https:\/\/naturalpoland.com\/ko\/#organization"},"potentialAction":[{"@type":"SearchAction","target":{"@type":"EntryPoint","urlTemplate":"https:\/\/naturalpoland.com\/ko\/?s={search_term_string}"},"query-input":{"@type":"PropertyValueSpecification","valueRequired":true,"valueName":"search_term_string"}}],"inLanguage":"ko-KR"},{"@type":"Organization","@id":"https:\/\/naturalpoland.com\/ko\/#organization","name":"Natural Poland","url":"https:\/\/naturalpoland.com\/ko\/","logo":{"@type":"ImageObject","inLanguage":"ko-KR","@id":"https:\/\/naturalpoland.com\/ko\/#\/schema\/logo\/image\/","url":"https:\/\/naturalpoland.com\/wp-content\/uploads\/2021\/05\/natural-poland-icon.png","contentUrl":"https:\/\/naturalpoland.com\/wp-content\/uploads\/2021\/05\/natural-poland-icon.png","width":512,"height":512,"caption":"Natural Poland"},"image":{"@id":"https:\/\/naturalpoland.com\/ko\/#\/schema\/logo\/image\/"},"sameAs":["https:\/\/www.facebook.com\/naturalpoland.b2b","https:\/\/pl.linkedin.com\/company\/natural-poland","https:\/\/www.youtube.com\/channel\/UCgeGGkvOMahZo-xu_MSEWxg"]}]}},"_links":{"self":[{"href":"https:\/\/naturalpoland.com\/ko\/wp-json\/wp\/v2\/product\/41414","targetHints":{"allow":["GET"]}}],"collection":[{"href":"https:\/\/naturalpoland.com\/ko\/wp-json\/wp\/v2\/product"}],"about":[{"href":"https:\/\/naturalpoland.com\/ko\/wp-json\/wp\/v2\/types\/product"}],"wp:featuredmedia":[{"embeddable":true,"href":"https:\/\/naturalpoland.com\/ko\/wp-json\/wp\/v2\/media\/41415"}],"wp:attachment":[{"href":"https:\/\/naturalpoland.com\/ko\/wp-json\/wp\/v2\/media?parent=41414"}],"wp:term":[{"taxonomy":"product_brand","embeddable":true,"href":"https:\/\/naturalpoland.com\/ko\/wp-json\/wp\/v2\/product_brand?post=41414"},{"taxonomy":"product_cat","embeddable":true,"href":"https:\/\/naturalpoland.com\/ko\/wp-json\/wp\/v2\/product_cat?post=41414"},{"taxonomy":"product_tag","embeddable":true,"href":"https:\/\/naturalpoland.com\/ko\/wp-json\/wp\/v2\/product_tag?post=41414"}],"curies":[{"name":"wp","href":"https:\/\/api.w.org\/{rel}","templated":true}]}}