{"id":41419,"date":"2021-05-11T13:41:22","date_gmt":"2025-06-06T14:03:32","guid":{"rendered":"https:\/\/naturalpoland.com\/produkty\/uncategorized\/%ed%99%8d%ea%b2%bd%ec%b2%9c-%ec%b6%94%ec%b6%9c%eb%ac%bc\/"},"modified":"2025-06-06T16:04:42","modified_gmt":"2025-06-06T14:04:42","slug":"jindalrae-jindalrae-hwaryeohan-cuculmul","status":"publish","type":"product","link":"https:\/\/naturalpoland.com\/ko\/je-pum\/sig-mul-chu-chul-mul\/jindalrae-jindalrae-hwaryeohan-cuculmul\/","title":{"rendered":"\ud64d\uacbd\ucc9c \ucd94\ucd9c\ubb3c"},"content":{"rendered":"<p>\ubd81\uadf9\uc758 \ubfcc\ub9ac\ub77c\uace0\ub3c4 \uc54c\ub824\uc9c4 <strong>\ud64d\uacbd\ucc9c\uc740<\/strong> \uad11\ubc94\uc704\ud55c \ud56d\uade0, \ud56d\uc554 \ubc0f \uc2a4\ud2b8\ub808\uc2a4 \uc644\ud654 \ud6a8\uacfc\uac00 \uc788\ub294 \uc2dd\ubb3c \uc694\ubc95\uc5d0 \uc0ac\uc6a9\ub418\ub294 \uc2dd\ubb3c\uc785\ub2c8\ub2e4.<\/p>\n<h2>\uae30\ub2a5 \ubc0f \uc791\uc5c5:<\/h2>\n<p>\ud64d\uacbd\ucc9c \ucd94\ucd9c\ubb3c\uc740 \ud64d\uacbd\ucc9c\uc758 \ubfcc\ub9ac\uc904\uae30\uc5d0\uc11c \uc5d0\ud0c4\uc62c\uacfc \ubb3c\uc744 \uc6a9\ub9e4\ub85c \uc0ac\uc6a9\ud558\uc5ec \uc0dd\uc0b0\ub429\ub2c8\ub2e4. \uc774 \uc81c\ud488\uc740 \uad00\ub2a5 \ud14c\uc2a4\ud2b8\ub97c \ud1b5\ud574 \ud655\uc778\ub41c \ubc14\uc640 \uac19\uc774 \ud2b9\uc720\uc758 \ub0c4\uc0c8\uc640 \ub9db\uc744 \uc9c0\ub2cc \ubbf8\uc138\ud55c \uc801\uac08\uc0c9 \ubd84\ub9d0 \ud615\ud0dc\uc785\ub2c8\ub2e4. <\/p>\n<p><strong>\uc0b4\ub9ac\ub4dc\ub85c\uc0ac\uc774\ub4dc<\/strong>, <strong>\ub85c\uc0ac\ube48<\/strong>, <strong>\ub85c\uc0ac\ub9b0\uacfc<\/strong> \uac19\uc740 \uc0dd\ub9ac \ud65c\uc131 \ubb3c\uc9c8\uc744 \ud568\uc720\ud55c \uc774 \ucd94\ucd9c\ubb3c\uc740 \uc2e0\uccb4 \uc9c0\uad6c\ub825\uc744 \ub192\uc774\uace0 \uc9d1\uc911\ub825\uc744 \uac1c\uc120\ud558\uba70 \uc2ec\ud608\uad00 \uac74\uac15\uc744 \uc9c0\uc6d0\ud558\uace0 \uc0b0\ud654 \uc2a4\ud2b8\ub808\uc2a4\ub85c\ubd80\ud130 \uc138\ud3ec\ub97c \ubcf4\ud638\ud558\ub294 \ub370 \ub3c4\uc6c0\uc774 \ub429\ub2c8\ub2e4. \ud56d\uc0b0\ud654 \ubc0f \ud56d\uc5fc\uc99d \uc131\ubd84\uc774 \uc2e0\uccb4\uc758 \uba74\uc5ed \uccb4\uacc4\ub97c \uc9c0\uc6d0\ud558\uace0 \uac15\uc7a5 \ud6a8\uacfc\uac00 \uc788\uc5b4 \uc2a4\ud2b8\ub808\uc2a4, \ud53c\ub85c, \uc218\uba74 \uc7a5\uc560 \ubc0f \uae30\ubd84 \uc800\ud558\uac00 \uc99d\uac00\ud558\ub294 \uc0c1\ud669\uc5d0\uc11c \uad8c\uc7a5\ub429\ub2c8\ub2e4. <\/p>\n<p>\ub85c\ub514\uc62c\ub77c \ucd94\ucd9c\ubb3c\uc740 \ub610\ud55c \ucd98\uace4\uc99d\uc758 \uc601\ud5a5\uc744 \ucd5c\uc18c\ud654\ud558\uace0 \uc2e0\uccb4\ub97c \uac15\ud654\ud558\uba70 \uc2e0\uccb4 \ub0b4\uc758 \ubaa8\ub4e0 \uacfc\uc815\uc744 \uc9c0\uc6d0\ud569\ub2c8\ub2e4.<\/p>\n","protected":false},"excerpt":{"rendered":"<p>\ud64d\uacbd\ucc9c <strong>\ucd94\ucd9c\ubb3c\uc740<\/strong> \uc2a4\ud2b8\ub808\uc2a4\uc5d0 \ub300\ud55c \uc2e0\uccb4\uc758 \uc800\ud56d\ub825\uc744 \ud5a5\uc0c1\uc2dc\ud0a4\uace0 \uc2e0\uccb4\uc801, \uc815\uc2e0\uc801 \uae30\ub2a5\uc744 \uc9c0\uc6d0\ud558\ub294 \ucc9c\uc5f0 \uac15\uc7a5\uc81c\uc785\ub2c8\ub2e4. \uc774 \uc81c\ud488\uc740 <strong>\uc0b4\ub9ac\ub4dc\ub85c\uc0ac\uc774\ub4dc<\/strong> \ud568\ub7c9\uc774 \ud45c\uc900\ud654\ub418\uc5b4 \uc788\uc2b5\ub2c8\ub2e4. <\/p>\n","protected":false},"featured_media":41420,"template":"","meta":{"_acf_changed":false},"product_brand":[],"product_cat":[8134],"product_tag":[],"class_list":{"0":"post-41419","1":"product","2":"type-product","3":"status-publish","4":"has-post-thumbnail","6":"product_cat-sig-mul-chu-chul-mul","7":"pa_czesc-rosliny-8230","8":"pa_grupa-substancji-8226","10":"first","11":"instock","12":"shipping-taxable","13":"product-type-simple"},"acf":[],"yoast_head":"<!-- This site is optimized with the Yoast SEO plugin v27.5 - https:\/\/yoast.com\/product\/yoast-seo-wordpress\/ -->\n<title>\ud64d\uacbd\ucc9c \ucd94\ucd9c\ubb3c - NATURAL POLAND - Hurtowy Dystrybutor Surowc\u00f3w<\/title>\n<meta name=\"description\" content=\"\ubd81\uadf9\uc758 \ubfcc\ub9ac\ub85c \uc54c\ub824\uc9c4 \ud64d\uacbd\ucc9c\uc740 \uad11\ubc94\uc704\ud55c \ud56d\uade0 \uc791\uc6a9\uc774 \ud2b9\uc9d5\uc778 \uc2dd\ubb3c \uc694\ubc95\uc5d0 \uc0ac\uc6a9\ub418\ub294 \uc2dd\ubb3c\uc785\ub2c8\ub2e4.\" \/>\n<meta name=\"robots\" content=\"index, follow, max-snippet:-1, max-image-preview:large, max-video-preview:-1\" \/>\n<link rel=\"canonical\" href=\"https:\/\/naturalpoland.com\/ko\/je-pum\/sig-mul-chu-chul-mul\/jindalrae-jindalrae-hwaryeohan-cuculmul\/\" \/>\n<meta property=\"og:locale\" content=\"ko_KR\" \/>\n<meta property=\"og:type\" content=\"article\" \/>\n<meta property=\"og:title\" content=\"\ud64d\uacbd\ucc9c \ucd94\ucd9c\ubb3c - NATURAL POLAND - Hurtowy Dystrybutor Surowc\u00f3w\" \/>\n<meta property=\"og:description\" content=\"\ubd81\uadf9\uc758 \ubfcc\ub9ac\ub85c \uc54c\ub824\uc9c4 \ud64d\uacbd\ucc9c\uc740 \uad11\ubc94\uc704\ud55c \ud56d\uade0 \uc791\uc6a9\uc774 \ud2b9\uc9d5\uc778 \uc2dd\ubb3c \uc694\ubc95\uc5d0 \uc0ac\uc6a9\ub418\ub294 \uc2dd\ubb3c\uc785\ub2c8\ub2e4.\" \/>\n<meta property=\"og:url\" content=\"https:\/\/naturalpoland.com\/ko\/je-pum\/sig-mul-chu-chul-mul\/jindalrae-jindalrae-hwaryeohan-cuculmul\/\" \/>\n<meta property=\"og:site_name\" content=\"NATURAL POLAND - Hurtowy Dystrybutor Surowc\u00f3w\" \/>\n<meta property=\"article:publisher\" content=\"https:\/\/www.facebook.com\/naturalpoland.b2b\" \/>\n<meta property=\"article:modified_time\" content=\"2025-06-06T14:04:42+00:00\" \/>\n<meta property=\"og:image\" content=\"https:\/\/naturalpoland.com\/wp-content\/uploads\/ekstrakt-z-rozenca-gorskiego.webp\" \/>\n\t<meta property=\"og:image:width\" content=\"619\" \/>\n\t<meta property=\"og:image:height\" content=\"619\" \/>\n\t<meta property=\"og:image:type\" content=\"image\/webp\" \/>\n<script type=\"application\/ld+json\" class=\"yoast-schema-graph\">{\"@context\":\"https:\\\/\\\/schema.org\",\"@graph\":[{\"@type\":\"WebPage\",\"@id\":\"https:\\\/\\\/naturalpoland.com\\\/ko\\\/je-pum\\\/sig-mul-chu-chul-mul\\\/jindalrae-jindalrae-hwaryeohan-cuculmul\\\/\",\"url\":\"https:\\\/\\\/naturalpoland.com\\\/ko\\\/je-pum\\\/sig-mul-chu-chul-mul\\\/jindalrae-jindalrae-hwaryeohan-cuculmul\\\/\",\"name\":\"\ud64d\uacbd\ucc9c \ucd94\ucd9c\ubb3c - NATURAL POLAND - Hurtowy Dystrybutor Surowc\u00f3w\",\"isPartOf\":{\"@id\":\"https:\\\/\\\/naturalpoland.com\\\/ko\\\/#website\"},\"primaryImageOfPage\":{\"@id\":\"https:\\\/\\\/naturalpoland.com\\\/ko\\\/je-pum\\\/sig-mul-chu-chul-mul\\\/jindalrae-jindalrae-hwaryeohan-cuculmul\\\/#primaryimage\"},\"image\":{\"@id\":\"https:\\\/\\\/naturalpoland.com\\\/ko\\\/je-pum\\\/sig-mul-chu-chul-mul\\\/jindalrae-jindalrae-hwaryeohan-cuculmul\\\/#primaryimage\"},\"thumbnailUrl\":\"https:\\\/\\\/naturalpoland.com\\\/wp-content\\\/uploads\\\/ekstrakt-z-rozenca-gorskiego.webp\",\"datePublished\":\"2025-06-06T14:03:32+00:00\",\"dateModified\":\"2025-06-06T14:04:42+00:00\",\"description\":\"\ubd81\uadf9\uc758 \ubfcc\ub9ac\ub85c \uc54c\ub824\uc9c4 \ud64d\uacbd\ucc9c\uc740 \uad11\ubc94\uc704\ud55c \ud56d\uade0 \uc791\uc6a9\uc774 \ud2b9\uc9d5\uc778 \uc2dd\ubb3c \uc694\ubc95\uc5d0 \uc0ac\uc6a9\ub418\ub294 \uc2dd\ubb3c\uc785\ub2c8\ub2e4.\",\"breadcrumb\":{\"@id\":\"https:\\\/\\\/naturalpoland.com\\\/ko\\\/je-pum\\\/sig-mul-chu-chul-mul\\\/jindalrae-jindalrae-hwaryeohan-cuculmul\\\/#breadcrumb\"},\"inLanguage\":\"ko-KR\",\"potentialAction\":[{\"@type\":\"ReadAction\",\"target\":[\"https:\\\/\\\/naturalpoland.com\\\/ko\\\/je-pum\\\/sig-mul-chu-chul-mul\\\/jindalrae-jindalrae-hwaryeohan-cuculmul\\\/\"]}]},{\"@type\":\"ImageObject\",\"inLanguage\":\"ko-KR\",\"@id\":\"https:\\\/\\\/naturalpoland.com\\\/ko\\\/je-pum\\\/sig-mul-chu-chul-mul\\\/jindalrae-jindalrae-hwaryeohan-cuculmul\\\/#primaryimage\",\"url\":\"https:\\\/\\\/naturalpoland.com\\\/wp-content\\\/uploads\\\/ekstrakt-z-rozenca-gorskiego.webp\",\"contentUrl\":\"https:\\\/\\\/naturalpoland.com\\\/wp-content\\\/uploads\\\/ekstrakt-z-rozenca-gorskiego.webp\",\"width\":619,\"height\":619,\"caption\":\"Ekstrakt z r\u00f3\u017ce\u0144ca g\u00f3rskiego\"},{\"@type\":\"BreadcrumbList\",\"@id\":\"https:\\\/\\\/naturalpoland.com\\\/ko\\\/je-pum\\\/sig-mul-chu-chul-mul\\\/jindalrae-jindalrae-hwaryeohan-cuculmul\\\/#breadcrumb\",\"itemListElement\":[{\"@type\":\"ListItem\",\"position\":1,\"name\":\"\ud648\",\"item\":\"https:\\\/\\\/naturalpoland.com\\\/ko\\\/\"},{\"@type\":\"ListItem\",\"position\":2,\"name\":\"\uc81c\ud488\",\"item\":\"https:\\\/\\\/naturalpoland.com\\\/ko\\\/%ec%a0%9c%ed%92%88\\\/\"},{\"@type\":\"ListItem\",\"position\":3,\"name\":\"\ud64d\uacbd\ucc9c \ucd94\ucd9c\ubb3c\"}]},{\"@type\":\"WebSite\",\"@id\":\"https:\\\/\\\/naturalpoland.com\\\/ko\\\/#website\",\"url\":\"https:\\\/\\\/naturalpoland.com\\\/ko\\\/\",\"name\":\"NATURAL POLAND - Hurtowy Dystrybutor Surowc\u00f3w\",\"description\":\"Surowce dla przemys\u0142u spo\u017cywczego, kosmetycznego i farmaceutycznego\",\"publisher\":{\"@id\":\"https:\\\/\\\/naturalpoland.com\\\/ko\\\/#organization\"},\"potentialAction\":[{\"@type\":\"SearchAction\",\"target\":{\"@type\":\"EntryPoint\",\"urlTemplate\":\"https:\\\/\\\/naturalpoland.com\\\/ko\\\/?s={search_term_string}\"},\"query-input\":{\"@type\":\"PropertyValueSpecification\",\"valueRequired\":true,\"valueName\":\"search_term_string\"}}],\"inLanguage\":\"ko-KR\"},{\"@type\":\"Organization\",\"@id\":\"https:\\\/\\\/naturalpoland.com\\\/ko\\\/#organization\",\"name\":\"Natural Poland\",\"url\":\"https:\\\/\\\/naturalpoland.com\\\/ko\\\/\",\"logo\":{\"@type\":\"ImageObject\",\"inLanguage\":\"ko-KR\",\"@id\":\"https:\\\/\\\/naturalpoland.com\\\/ko\\\/#\\\/schema\\\/logo\\\/image\\\/\",\"url\":\"https:\\\/\\\/naturalpoland.com\\\/wp-content\\\/uploads\\\/2021\\\/05\\\/natural-poland-icon.png\",\"contentUrl\":\"https:\\\/\\\/naturalpoland.com\\\/wp-content\\\/uploads\\\/2021\\\/05\\\/natural-poland-icon.png\",\"width\":512,\"height\":512,\"caption\":\"Natural Poland\"},\"image\":{\"@id\":\"https:\\\/\\\/naturalpoland.com\\\/ko\\\/#\\\/schema\\\/logo\\\/image\\\/\"},\"sameAs\":[\"https:\\\/\\\/www.facebook.com\\\/naturalpoland.b2b\",\"https:\\\/\\\/pl.linkedin.com\\\/company\\\/natural-poland\",\"https:\\\/\\\/www.youtube.com\\\/channel\\\/UCgeGGkvOMahZo-xu_MSEWxg\"]}]}<\/script>\n<!-- \/ Yoast SEO plugin. -->","yoast_head_json":{"title":"\ud64d\uacbd\ucc9c \ucd94\ucd9c\ubb3c - NATURAL POLAND - Hurtowy Dystrybutor Surowc\u00f3w","description":"\ubd81\uadf9\uc758 \ubfcc\ub9ac\ub85c \uc54c\ub824\uc9c4 \ud64d\uacbd\ucc9c\uc740 \uad11\ubc94\uc704\ud55c \ud56d\uade0 \uc791\uc6a9\uc774 \ud2b9\uc9d5\uc778 \uc2dd\ubb3c \uc694\ubc95\uc5d0 \uc0ac\uc6a9\ub418\ub294 \uc2dd\ubb3c\uc785\ub2c8\ub2e4.","robots":{"index":"index","follow":"follow","max-snippet":"max-snippet:-1","max-image-preview":"max-image-preview:large","max-video-preview":"max-video-preview:-1"},"canonical":"https:\/\/naturalpoland.com\/ko\/je-pum\/sig-mul-chu-chul-mul\/jindalrae-jindalrae-hwaryeohan-cuculmul\/","og_locale":"ko_KR","og_type":"article","og_title":"\ud64d\uacbd\ucc9c \ucd94\ucd9c\ubb3c - NATURAL POLAND - Hurtowy Dystrybutor Surowc\u00f3w","og_description":"\ubd81\uadf9\uc758 \ubfcc\ub9ac\ub85c \uc54c\ub824\uc9c4 \ud64d\uacbd\ucc9c\uc740 \uad11\ubc94\uc704\ud55c \ud56d\uade0 \uc791\uc6a9\uc774 \ud2b9\uc9d5\uc778 \uc2dd\ubb3c \uc694\ubc95\uc5d0 \uc0ac\uc6a9\ub418\ub294 \uc2dd\ubb3c\uc785\ub2c8\ub2e4.","og_url":"https:\/\/naturalpoland.com\/ko\/je-pum\/sig-mul-chu-chul-mul\/jindalrae-jindalrae-hwaryeohan-cuculmul\/","og_site_name":"NATURAL POLAND - Hurtowy Dystrybutor Surowc\u00f3w","article_publisher":"https:\/\/www.facebook.com\/naturalpoland.b2b","article_modified_time":"2025-06-06T14:04:42+00:00","og_image":[{"width":619,"height":619,"url":"https:\/\/naturalpoland.com\/wp-content\/uploads\/ekstrakt-z-rozenca-gorskiego.webp","type":"image\/webp"}],"schema":{"@context":"https:\/\/schema.org","@graph":[{"@type":"WebPage","@id":"https:\/\/naturalpoland.com\/ko\/je-pum\/sig-mul-chu-chul-mul\/jindalrae-jindalrae-hwaryeohan-cuculmul\/","url":"https:\/\/naturalpoland.com\/ko\/je-pum\/sig-mul-chu-chul-mul\/jindalrae-jindalrae-hwaryeohan-cuculmul\/","name":"\ud64d\uacbd\ucc9c \ucd94\ucd9c\ubb3c - NATURAL POLAND - Hurtowy Dystrybutor Surowc\u00f3w","isPartOf":{"@id":"https:\/\/naturalpoland.com\/ko\/#website"},"primaryImageOfPage":{"@id":"https:\/\/naturalpoland.com\/ko\/je-pum\/sig-mul-chu-chul-mul\/jindalrae-jindalrae-hwaryeohan-cuculmul\/#primaryimage"},"image":{"@id":"https:\/\/naturalpoland.com\/ko\/je-pum\/sig-mul-chu-chul-mul\/jindalrae-jindalrae-hwaryeohan-cuculmul\/#primaryimage"},"thumbnailUrl":"https:\/\/naturalpoland.com\/wp-content\/uploads\/ekstrakt-z-rozenca-gorskiego.webp","datePublished":"2025-06-06T14:03:32+00:00","dateModified":"2025-06-06T14:04:42+00:00","description":"\ubd81\uadf9\uc758 \ubfcc\ub9ac\ub85c \uc54c\ub824\uc9c4 \ud64d\uacbd\ucc9c\uc740 \uad11\ubc94\uc704\ud55c \ud56d\uade0 \uc791\uc6a9\uc774 \ud2b9\uc9d5\uc778 \uc2dd\ubb3c \uc694\ubc95\uc5d0 \uc0ac\uc6a9\ub418\ub294 \uc2dd\ubb3c\uc785\ub2c8\ub2e4.","breadcrumb":{"@id":"https:\/\/naturalpoland.com\/ko\/je-pum\/sig-mul-chu-chul-mul\/jindalrae-jindalrae-hwaryeohan-cuculmul\/#breadcrumb"},"inLanguage":"ko-KR","potentialAction":[{"@type":"ReadAction","target":["https:\/\/naturalpoland.com\/ko\/je-pum\/sig-mul-chu-chul-mul\/jindalrae-jindalrae-hwaryeohan-cuculmul\/"]}]},{"@type":"ImageObject","inLanguage":"ko-KR","@id":"https:\/\/naturalpoland.com\/ko\/je-pum\/sig-mul-chu-chul-mul\/jindalrae-jindalrae-hwaryeohan-cuculmul\/#primaryimage","url":"https:\/\/naturalpoland.com\/wp-content\/uploads\/ekstrakt-z-rozenca-gorskiego.webp","contentUrl":"https:\/\/naturalpoland.com\/wp-content\/uploads\/ekstrakt-z-rozenca-gorskiego.webp","width":619,"height":619,"caption":"Ekstrakt z r\u00f3\u017ce\u0144ca g\u00f3rskiego"},{"@type":"BreadcrumbList","@id":"https:\/\/naturalpoland.com\/ko\/je-pum\/sig-mul-chu-chul-mul\/jindalrae-jindalrae-hwaryeohan-cuculmul\/#breadcrumb","itemListElement":[{"@type":"ListItem","position":1,"name":"\ud648","item":"https:\/\/naturalpoland.com\/ko\/"},{"@type":"ListItem","position":2,"name":"\uc81c\ud488","item":"https:\/\/naturalpoland.com\/ko\/%ec%a0%9c%ed%92%88\/"},{"@type":"ListItem","position":3,"name":"\ud64d\uacbd\ucc9c \ucd94\ucd9c\ubb3c"}]},{"@type":"WebSite","@id":"https:\/\/naturalpoland.com\/ko\/#website","url":"https:\/\/naturalpoland.com\/ko\/","name":"NATURAL POLAND - Hurtowy Dystrybutor Surowc\u00f3w","description":"Surowce dla przemys\u0142u spo\u017cywczego, kosmetycznego i farmaceutycznego","publisher":{"@id":"https:\/\/naturalpoland.com\/ko\/#organization"},"potentialAction":[{"@type":"SearchAction","target":{"@type":"EntryPoint","urlTemplate":"https:\/\/naturalpoland.com\/ko\/?s={search_term_string}"},"query-input":{"@type":"PropertyValueSpecification","valueRequired":true,"valueName":"search_term_string"}}],"inLanguage":"ko-KR"},{"@type":"Organization","@id":"https:\/\/naturalpoland.com\/ko\/#organization","name":"Natural Poland","url":"https:\/\/naturalpoland.com\/ko\/","logo":{"@type":"ImageObject","inLanguage":"ko-KR","@id":"https:\/\/naturalpoland.com\/ko\/#\/schema\/logo\/image\/","url":"https:\/\/naturalpoland.com\/wp-content\/uploads\/2021\/05\/natural-poland-icon.png","contentUrl":"https:\/\/naturalpoland.com\/wp-content\/uploads\/2021\/05\/natural-poland-icon.png","width":512,"height":512,"caption":"Natural Poland"},"image":{"@id":"https:\/\/naturalpoland.com\/ko\/#\/schema\/logo\/image\/"},"sameAs":["https:\/\/www.facebook.com\/naturalpoland.b2b","https:\/\/pl.linkedin.com\/company\/natural-poland","https:\/\/www.youtube.com\/channel\/UCgeGGkvOMahZo-xu_MSEWxg"]}]}},"_links":{"self":[{"href":"https:\/\/naturalpoland.com\/ko\/wp-json\/wp\/v2\/product\/41419","targetHints":{"allow":["GET"]}}],"collection":[{"href":"https:\/\/naturalpoland.com\/ko\/wp-json\/wp\/v2\/product"}],"about":[{"href":"https:\/\/naturalpoland.com\/ko\/wp-json\/wp\/v2\/types\/product"}],"wp:featuredmedia":[{"embeddable":true,"href":"https:\/\/naturalpoland.com\/ko\/wp-json\/wp\/v2\/media\/41420"}],"wp:attachment":[{"href":"https:\/\/naturalpoland.com\/ko\/wp-json\/wp\/v2\/media?parent=41419"}],"wp:term":[{"taxonomy":"product_brand","embeddable":true,"href":"https:\/\/naturalpoland.com\/ko\/wp-json\/wp\/v2\/product_brand?post=41419"},{"taxonomy":"product_cat","embeddable":true,"href":"https:\/\/naturalpoland.com\/ko\/wp-json\/wp\/v2\/product_cat?post=41419"},{"taxonomy":"product_tag","embeddable":true,"href":"https:\/\/naturalpoland.com\/ko\/wp-json\/wp\/v2\/product_tag?post=41419"}],"curies":[{"name":"wp","href":"https:\/\/api.w.org\/{rel}","templated":true}]}}