{"id":41422,"date":"2023-03-20T16:20:01","date_gmt":"2025-06-06T14:05:15","guid":{"rendered":"https:\/\/naturalpoland.com\/produkty\/uncategorized\/%ec%95%84%ec%8a%88%ec%99%80%ea%b0%84%eb%8b%a4-%ec%b6%94%ec%b6%9c%eb%ac%bc\/"},"modified":"2025-06-06T16:08:43","modified_gmt":"2025-06-06T14:08:43","slug":"asyuwaganda-cuculmul","status":"publish","type":"product","link":"https:\/\/naturalpoland.com\/ko\/je-pum\/ui-yak-pum-won-ryo\/geon-gang-gi-neung-sig-pum-cheom-ga-mul\/asyuwaganda-cuculmul\/","title":{"rendered":"\uc544\uc288\uc640\uac04\ub2e4 \ucd94\ucd9c\ubb3c"},"content":{"rendered":"<h2>\uc544\uc288\uc640\uac04\ub2e4 \ucd94\ucd9c\ubb3c\uc758 \uc6a9\ub3c4\uc640 \ud2b9\uc131<\/h2>\n<p><strong>\uc2e0\uacbd\uacc4 \uc9c0\uc6d0<\/strong><\/p>\n<p>\uc544\uc288\uc640\uac04\ub2e4 \ucd94\ucd9c\ubb3c\uc740 \uc2a4\ud2b8\ub808\uc2a4\uc640 \ubd88\uc548\uc744 \uad00\ub9ac\ud558\ub294 \ub370 \ub3c4\uc6c0\uc774 \ub418\ub294 <strong>\uac15\uc7a5<\/strong> \uc131\ubd84\uc73c\ub85c \uc798 \uc54c\ub824\uc838 \uc788\uc2b5\ub2c8\ub2e4. \uc2e0\uacbd\uacc4\ub97c \uc9c4\uc815\uc2dc\ud0a4\ub294 \ud6a8\uacfc\uac00 \uc788\uc5b4 \ubd88\uc548 \uc99d\uc0c1\uc744 \uc644\ud654\ud558\uace0 \uc218\uba74\uc758 \uc9c8\uc744 \uac1c\uc120\ud558\ub294 \ub370 \ub3c4\uc6c0\uc774 \ub429\ub2c8\ub2e4. <\/p>\n<p><strong>\uc2e0\uccb4 \uac74\uac15\uc5d0 \ubbf8\uce58\ub294 \uc601\ud5a5<\/strong><\/p>\n<p>\uc544\uc288\uc640\uac04\ub2e4\ub294 \uc815\uc2e0 \uac74\uac15\uc5d0 \uc720\uc775\ud560 \ubfd0\ub9cc \uc544\ub2c8\ub77c \uc2e0\uccb4 \uac74\uac15\uc5d0\ub3c4 \uae0d\uc815\uc801\uc778 \uc601\ud5a5\uc744 \ubbf8\uce69\ub2c8\ub2e4. \ud608\ub2f9 \uc218\uce58\ub97c \uc870\uc808\ud558\uace0 \uc2ec\ud608\uad00 \uae30\ub2a5\uc744 \uc9c0\uc6d0\ud558\uba70 \uba74\uc5ed \uccb4\uacc4\ub97c \uac15\ud654\ud558\ub294 \ub370 \ub3c4\uc6c0\uc774 \ub420 \uc218 \uc788\uc2b5\ub2c8\ub2e4. \ub610\ud55c \uc544\uc288\uc640\uac04\ub2e4\ub294 \ud56d\uc5fc\uc99d \uc791\uc6a9\uc744 \ud569\ub2c8\ub2e4.  <\/p>\n<p><strong>\uc5d0\ub108\uc9c0\uc640 \uccb4\ub825\uc5d0 \ubbf8\uce58\ub294 \uc601\ud5a5<\/strong><\/p>\n<p>\uc544\uc288\uc640\uac04\ub2e4\ub294 \uc5d0\ub108\uc9c0, \uc9c0\uad6c\ub825, \uc6b4\ub3d9 \ub2a5\ub825 \ud5a5\uc0c1\uc5d0 \ub3c4\uc6c0\uc744 \uc904 \uc218 \uc788\uc5b4 \uc6b4\ub3d9\uc120\uc218\uc640 \uc2e0\uccb4 \ud65c\ub3d9\ub7c9\uc774 \ub9ce\uc740 \uc0ac\ub78c\ub4e4\uc5d0\uac8c \uc778\uae30\uac00 \uc788\uc2b5\ub2c8\ub2e4. \uaca9\ub82c\ud55c \uc6b4\ub3d9 \ud6c4 \ud68c\ubcf5\uc744 \ucd09\uc9c4\ud558\uace0 \uadfc\uc721\ub7c9\uacfc \uadfc\ub825 \ubc1c\ub2ec\uc5d0\ub3c4 \ub3c4\uc6c0\uc744 \uc904 \uc218 \uc788\uc2b5\ub2c8\ub2e4. <\/p>\n<p><strong>\uc544\uc288\uc640\uac04\ub2e4\uc758 \ubbf8\uc6a9 \ud6a8\ub2a5<\/strong><\/p>\n<p><a href=\"https:\/\/naturalpoland.com\/ko\/ka-te-go-ri\/hwa-jang-pum-won-ryo\/\">\ud654\uc7a5\ud488 \uc5c5\uacc4\uc5d0\uc11c<\/a> \uc544\uc288\uc640\uac04\ub2e4\ub294 <strong>\ud56d\uc0b0\ud654<\/strong> \ubc0f \ub178\ud654 \ubc29\uc9c0 \ud6a8\ub2a5\uc73c\ub85c \ub192\uc740 \uac00\uce58\ub97c \uc778\uc815\ubc1b\uace0 \uc788\uc2b5\ub2c8\ub2e4. \ud65c\uc131\uc0b0\uc18c \uc190\uc0c1\uacfc \uc678\ubd80 \uc694\uc778\uc73c\ub85c\ubd80\ud130 \ud53c\ubd80\ub97c \ubcf4\ud638\ud558\ub294 \ub370 \ub3c4\uc6c0\uc774 \ub429\ub2c8\ub2e4. \ud06c\ub9bc, \uc138\ub7fc \ubc0f \uc624\uc77c \uc81c\ud615\uc5d0 \uc0ac\uc6a9\ub418\uc5b4 \ud53c\ubd80 \ubcf4\uc2b5, \uc601\uc591 \uacf5\uae09 \ubc0f \uc7ac\uc0dd\uc744 \ub3d5\uc2b5\ub2c8\ub2e4.  <\/p>\n<p><strong>  \uc544\ub85c\ub9c8 \ud14c\ub77c\ud53c\uc758 \uc544\uc288\uc640\uac04\ub2e4 \ucd94\ucd9c\ubb3c<\/strong><\/p>\n<p>\uc544\uc288\uc640\uac04\ub2e4 \uc624\uc77c\uc740 \uc544\ub85c\ub9c8 \ud14c\ub77c\ud53c\uc5d0\ub3c4 \uc0ac\uc6a9\ub429\ub2c8\ub2e4. \ub530\ub73b\ud558\uace0 \ucc28\ubd84\ud55c \ud5a5\uae30\ub294 \uc2a4\ud2b8\ub808\uc2a4\uc640 \uae34\uc7a5\uc744 \uc644\ud654\ud558\uc5ec \ud3b8\uc548\ud558\uace0 \ucc28\ubd84\ud55c \ubd84\uc704\uae30\ub97c \uc870\uc131\ud558\ub294 \ub370 \ub3c4\uc6c0\uc774 \ub429\ub2c8\ub2e4. <\/p>\n","protected":false},"excerpt":{"rendered":"<p><strong>\uaca8\uc6b8 \uccb4\ub9ac<\/strong>, <strong>\ubd80\uc9c4\ud55c \ube44\ud0c0\ub2c8\uc544<\/strong> \ub610\ub294 <strong>\uc778\ub3c4 \uc778\uc0bc\uc73c\ub85c\ub3c4<\/strong> \uc54c\ub824\uc9c4 <strong>\uc544\uc288\uc640\uac04\ub2e4\ub294<\/strong> \uac00\uc7a5 \uc798 \uc54c\ub824\uc9c4 \uac15\uc7a5\uc81c \uc911 \ud558\ub098\uc774\uba70 \uc804\ud1b5 \uc544\uc720\ub974\ubca0\ub2e4 \uc758\ud559\uc5d0\uc11c \uc0ac\uc6a9\ub418\ub294 \uac00\uc7a5 \uc911\uc694\ud55c \uc2dd\ubb3c\uc785\ub2c8\ub2e4. \ub3c5\ud2b9\ud55c \ud654\ud559 \uc131\ubd84\uacfc \ube44\ud0c0\ub180\ub9ac\ub4dc, \uae00\ub9ac\ucf54\ube44\ud0c0\ub180\ub9ac\ub4dc, \ube44\ud0c0\ub178\uc0ac\uc774\ub4dc\uc640 \uac19\uc740 \ud48d\ubd80\ud55c \uc0dd\ubb3c\ud559\uc801 \ud65c\uc131 \ubb3c\uc9c8\ub85c \uc778\ud574 \uc6b0\ub9ac \ubab8\uc5d0 \ub9ce\uc740 \uc774\uc810\uc744 \uc120\uc0ac\ud569\ub2c8\ub2e4. <\/p>\n","protected":false},"featured_media":41423,"template":"","meta":{"_acf_changed":false},"product_brand":[],"product_cat":[8143],"product_tag":[],"class_list":{"0":"post-41422","1":"product","2":"type-product","3":"status-publish","4":"has-post-thumbnail","6":"product_cat-geon-gang-gi-neung-sig-pum-cheom-ga-mul","7":"pa_czesc-rosliny-root-ko","9":"first","10":"instock","11":"shipping-taxable","12":"product-type-simple"},"acf":[],"yoast_head":"<!-- This site is optimized with the Yoast SEO plugin v27.5 - https:\/\/yoast.com\/product\/yoast-seo-wordpress\/ -->\n<title>\uc544\uc288\uc640\uac04\ub2e4 \ucd94\ucd9c\ubb3c - NATURAL POLAND - Hurtowy Dystrybutor Surowc\u00f3w<\/title>\n<meta name=\"description\" content=\"\uc544\uc288\uc640\uac04\ub2e4 \ucd94\ucd9c\ubb3c\uc740 \uc815\uc2e0\uacfc \uc2e0\uccb4 \uac74\uac15\uc744 \ubaa8\ub450 \uac1c\uc120\ud558\ub294 \ub370 \uc0ac\uc6a9\ud560 \uc218 \uc788\ub294 \ub2e4\uc6a9\ub3c4 \uce58\ub8cc\ubc95\uc785\ub2c8\ub2e4.\" \/>\n<meta name=\"robots\" content=\"index, follow, max-snippet:-1, max-image-preview:large, max-video-preview:-1\" \/>\n<link rel=\"canonical\" href=\"https:\/\/naturalpoland.com\/ko\/je-pum\/ui-yak-pum-won-ryo\/geon-gang-gi-neung-sig-pum-cheom-ga-mul\/asyuwaganda-cuculmul\/\" \/>\n<meta property=\"og:locale\" content=\"ko_KR\" \/>\n<meta property=\"og:type\" content=\"article\" \/>\n<meta property=\"og:title\" content=\"\uc544\uc288\uc640\uac04\ub2e4 \ucd94\ucd9c\ubb3c - NATURAL POLAND - Hurtowy Dystrybutor Surowc\u00f3w\" \/>\n<meta property=\"og:description\" content=\"\uc544\uc288\uc640\uac04\ub2e4 \ucd94\ucd9c\ubb3c\uc740 \uc815\uc2e0\uacfc \uc2e0\uccb4 \uac74\uac15\uc744 \ubaa8\ub450 \uac1c\uc120\ud558\ub294 \ub370 \uc0ac\uc6a9\ud560 \uc218 \uc788\ub294 \ub2e4\uc6a9\ub3c4 \uce58\ub8cc\ubc95\uc785\ub2c8\ub2e4.\" \/>\n<meta property=\"og:url\" content=\"https:\/\/naturalpoland.com\/ko\/je-pum\/ui-yak-pum-won-ryo\/geon-gang-gi-neung-sig-pum-cheom-ga-mul\/asyuwaganda-cuculmul\/\" \/>\n<meta property=\"og:site_name\" content=\"NATURAL POLAND - Hurtowy Dystrybutor Surowc\u00f3w\" \/>\n<meta property=\"article:publisher\" content=\"https:\/\/www.facebook.com\/naturalpoland.b2b\" \/>\n<meta property=\"article:modified_time\" content=\"2025-06-06T14:08:43+00:00\" \/>\n<meta property=\"og:image\" content=\"https:\/\/naturalpoland.com\/wp-content\/uploads\/Ekstrakt-z-ashwagandhy.jpg\" \/>\n\t<meta property=\"og:image:width\" content=\"600\" \/>\n\t<meta property=\"og:image:height\" content=\"600\" \/>\n\t<meta property=\"og:image:type\" content=\"image\/jpeg\" \/>\n<script type=\"application\/ld+json\" class=\"yoast-schema-graph\">{\"@context\":\"https:\\\/\\\/schema.org\",\"@graph\":[{\"@type\":\"WebPage\",\"@id\":\"https:\\\/\\\/naturalpoland.com\\\/ko\\\/je-pum\\\/ui-yak-pum-won-ryo\\\/geon-gang-gi-neung-sig-pum-cheom-ga-mul\\\/asyuwaganda-cuculmul\\\/\",\"url\":\"https:\\\/\\\/naturalpoland.com\\\/ko\\\/je-pum\\\/ui-yak-pum-won-ryo\\\/geon-gang-gi-neung-sig-pum-cheom-ga-mul\\\/asyuwaganda-cuculmul\\\/\",\"name\":\"\uc544\uc288\uc640\uac04\ub2e4 \ucd94\ucd9c\ubb3c - NATURAL POLAND - Hurtowy Dystrybutor Surowc\u00f3w\",\"isPartOf\":{\"@id\":\"https:\\\/\\\/naturalpoland.com\\\/ko\\\/#website\"},\"primaryImageOfPage\":{\"@id\":\"https:\\\/\\\/naturalpoland.com\\\/ko\\\/je-pum\\\/ui-yak-pum-won-ryo\\\/geon-gang-gi-neung-sig-pum-cheom-ga-mul\\\/asyuwaganda-cuculmul\\\/#primaryimage\"},\"image\":{\"@id\":\"https:\\\/\\\/naturalpoland.com\\\/ko\\\/je-pum\\\/ui-yak-pum-won-ryo\\\/geon-gang-gi-neung-sig-pum-cheom-ga-mul\\\/asyuwaganda-cuculmul\\\/#primaryimage\"},\"thumbnailUrl\":\"https:\\\/\\\/naturalpoland.com\\\/wp-content\\\/uploads\\\/Ekstrakt-z-ashwagandhy.jpg\",\"datePublished\":\"2025-06-06T14:05:15+00:00\",\"dateModified\":\"2025-06-06T14:08:43+00:00\",\"description\":\"\uc544\uc288\uc640\uac04\ub2e4 \ucd94\ucd9c\ubb3c\uc740 \uc815\uc2e0\uacfc \uc2e0\uccb4 \uac74\uac15\uc744 \ubaa8\ub450 \uac1c\uc120\ud558\ub294 \ub370 \uc0ac\uc6a9\ud560 \uc218 \uc788\ub294 \ub2e4\uc6a9\ub3c4 \uce58\ub8cc\ubc95\uc785\ub2c8\ub2e4.\",\"breadcrumb\":{\"@id\":\"https:\\\/\\\/naturalpoland.com\\\/ko\\\/je-pum\\\/ui-yak-pum-won-ryo\\\/geon-gang-gi-neung-sig-pum-cheom-ga-mul\\\/asyuwaganda-cuculmul\\\/#breadcrumb\"},\"inLanguage\":\"ko-KR\",\"potentialAction\":[{\"@type\":\"ReadAction\",\"target\":[\"https:\\\/\\\/naturalpoland.com\\\/ko\\\/je-pum\\\/ui-yak-pum-won-ryo\\\/geon-gang-gi-neung-sig-pum-cheom-ga-mul\\\/asyuwaganda-cuculmul\\\/\"]}]},{\"@type\":\"ImageObject\",\"inLanguage\":\"ko-KR\",\"@id\":\"https:\\\/\\\/naturalpoland.com\\\/ko\\\/je-pum\\\/ui-yak-pum-won-ryo\\\/geon-gang-gi-neung-sig-pum-cheom-ga-mul\\\/asyuwaganda-cuculmul\\\/#primaryimage\",\"url\":\"https:\\\/\\\/naturalpoland.com\\\/wp-content\\\/uploads\\\/Ekstrakt-z-ashwagandhy.jpg\",\"contentUrl\":\"https:\\\/\\\/naturalpoland.com\\\/wp-content\\\/uploads\\\/Ekstrakt-z-ashwagandhy.jpg\",\"width\":600,\"height\":600,\"caption\":\"Ekstrakt z ashwagandhy\"},{\"@type\":\"BreadcrumbList\",\"@id\":\"https:\\\/\\\/naturalpoland.com\\\/ko\\\/je-pum\\\/ui-yak-pum-won-ryo\\\/geon-gang-gi-neung-sig-pum-cheom-ga-mul\\\/asyuwaganda-cuculmul\\\/#breadcrumb\",\"itemListElement\":[{\"@type\":\"ListItem\",\"position\":1,\"name\":\"\ud648\",\"item\":\"https:\\\/\\\/naturalpoland.com\\\/ko\\\/\"},{\"@type\":\"ListItem\",\"position\":2,\"name\":\"\uc81c\ud488\",\"item\":\"https:\\\/\\\/naturalpoland.com\\\/ko\\\/%ec%a0%9c%ed%92%88\\\/\"},{\"@type\":\"ListItem\",\"position\":3,\"name\":\"\uc544\uc288\uc640\uac04\ub2e4 \ucd94\ucd9c\ubb3c\"}]},{\"@type\":\"WebSite\",\"@id\":\"https:\\\/\\\/naturalpoland.com\\\/ko\\\/#website\",\"url\":\"https:\\\/\\\/naturalpoland.com\\\/ko\\\/\",\"name\":\"NATURAL POLAND - Hurtowy Dystrybutor Surowc\u00f3w\",\"description\":\"Surowce dla przemys\u0142u spo\u017cywczego, kosmetycznego i farmaceutycznego\",\"publisher\":{\"@id\":\"https:\\\/\\\/naturalpoland.com\\\/ko\\\/#organization\"},\"potentialAction\":[{\"@type\":\"SearchAction\",\"target\":{\"@type\":\"EntryPoint\",\"urlTemplate\":\"https:\\\/\\\/naturalpoland.com\\\/ko\\\/?s={search_term_string}\"},\"query-input\":{\"@type\":\"PropertyValueSpecification\",\"valueRequired\":true,\"valueName\":\"search_term_string\"}}],\"inLanguage\":\"ko-KR\"},{\"@type\":\"Organization\",\"@id\":\"https:\\\/\\\/naturalpoland.com\\\/ko\\\/#organization\",\"name\":\"Natural Poland\",\"url\":\"https:\\\/\\\/naturalpoland.com\\\/ko\\\/\",\"logo\":{\"@type\":\"ImageObject\",\"inLanguage\":\"ko-KR\",\"@id\":\"https:\\\/\\\/naturalpoland.com\\\/ko\\\/#\\\/schema\\\/logo\\\/image\\\/\",\"url\":\"https:\\\/\\\/naturalpoland.com\\\/wp-content\\\/uploads\\\/2021\\\/05\\\/natural-poland-icon.png\",\"contentUrl\":\"https:\\\/\\\/naturalpoland.com\\\/wp-content\\\/uploads\\\/2021\\\/05\\\/natural-poland-icon.png\",\"width\":512,\"height\":512,\"caption\":\"Natural Poland\"},\"image\":{\"@id\":\"https:\\\/\\\/naturalpoland.com\\\/ko\\\/#\\\/schema\\\/logo\\\/image\\\/\"},\"sameAs\":[\"https:\\\/\\\/www.facebook.com\\\/naturalpoland.b2b\",\"https:\\\/\\\/pl.linkedin.com\\\/company\\\/natural-poland\",\"https:\\\/\\\/www.youtube.com\\\/channel\\\/UCgeGGkvOMahZo-xu_MSEWxg\"]}]}<\/script>\n<!-- \/ Yoast SEO plugin. -->","yoast_head_json":{"title":"\uc544\uc288\uc640\uac04\ub2e4 \ucd94\ucd9c\ubb3c - NATURAL POLAND - Hurtowy Dystrybutor Surowc\u00f3w","description":"\uc544\uc288\uc640\uac04\ub2e4 \ucd94\ucd9c\ubb3c\uc740 \uc815\uc2e0\uacfc \uc2e0\uccb4 \uac74\uac15\uc744 \ubaa8\ub450 \uac1c\uc120\ud558\ub294 \ub370 \uc0ac\uc6a9\ud560 \uc218 \uc788\ub294 \ub2e4\uc6a9\ub3c4 \uce58\ub8cc\ubc95\uc785\ub2c8\ub2e4.","robots":{"index":"index","follow":"follow","max-snippet":"max-snippet:-1","max-image-preview":"max-image-preview:large","max-video-preview":"max-video-preview:-1"},"canonical":"https:\/\/naturalpoland.com\/ko\/je-pum\/ui-yak-pum-won-ryo\/geon-gang-gi-neung-sig-pum-cheom-ga-mul\/asyuwaganda-cuculmul\/","og_locale":"ko_KR","og_type":"article","og_title":"\uc544\uc288\uc640\uac04\ub2e4 \ucd94\ucd9c\ubb3c - NATURAL POLAND - Hurtowy Dystrybutor Surowc\u00f3w","og_description":"\uc544\uc288\uc640\uac04\ub2e4 \ucd94\ucd9c\ubb3c\uc740 \uc815\uc2e0\uacfc \uc2e0\uccb4 \uac74\uac15\uc744 \ubaa8\ub450 \uac1c\uc120\ud558\ub294 \ub370 \uc0ac\uc6a9\ud560 \uc218 \uc788\ub294 \ub2e4\uc6a9\ub3c4 \uce58\ub8cc\ubc95\uc785\ub2c8\ub2e4.","og_url":"https:\/\/naturalpoland.com\/ko\/je-pum\/ui-yak-pum-won-ryo\/geon-gang-gi-neung-sig-pum-cheom-ga-mul\/asyuwaganda-cuculmul\/","og_site_name":"NATURAL POLAND - Hurtowy Dystrybutor Surowc\u00f3w","article_publisher":"https:\/\/www.facebook.com\/naturalpoland.b2b","article_modified_time":"2025-06-06T14:08:43+00:00","og_image":[{"width":600,"height":600,"url":"https:\/\/naturalpoland.com\/wp-content\/uploads\/Ekstrakt-z-ashwagandhy.jpg","type":"image\/jpeg"}],"schema":{"@context":"https:\/\/schema.org","@graph":[{"@type":"WebPage","@id":"https:\/\/naturalpoland.com\/ko\/je-pum\/ui-yak-pum-won-ryo\/geon-gang-gi-neung-sig-pum-cheom-ga-mul\/asyuwaganda-cuculmul\/","url":"https:\/\/naturalpoland.com\/ko\/je-pum\/ui-yak-pum-won-ryo\/geon-gang-gi-neung-sig-pum-cheom-ga-mul\/asyuwaganda-cuculmul\/","name":"\uc544\uc288\uc640\uac04\ub2e4 \ucd94\ucd9c\ubb3c - NATURAL POLAND - Hurtowy Dystrybutor Surowc\u00f3w","isPartOf":{"@id":"https:\/\/naturalpoland.com\/ko\/#website"},"primaryImageOfPage":{"@id":"https:\/\/naturalpoland.com\/ko\/je-pum\/ui-yak-pum-won-ryo\/geon-gang-gi-neung-sig-pum-cheom-ga-mul\/asyuwaganda-cuculmul\/#primaryimage"},"image":{"@id":"https:\/\/naturalpoland.com\/ko\/je-pum\/ui-yak-pum-won-ryo\/geon-gang-gi-neung-sig-pum-cheom-ga-mul\/asyuwaganda-cuculmul\/#primaryimage"},"thumbnailUrl":"https:\/\/naturalpoland.com\/wp-content\/uploads\/Ekstrakt-z-ashwagandhy.jpg","datePublished":"2025-06-06T14:05:15+00:00","dateModified":"2025-06-06T14:08:43+00:00","description":"\uc544\uc288\uc640\uac04\ub2e4 \ucd94\ucd9c\ubb3c\uc740 \uc815\uc2e0\uacfc \uc2e0\uccb4 \uac74\uac15\uc744 \ubaa8\ub450 \uac1c\uc120\ud558\ub294 \ub370 \uc0ac\uc6a9\ud560 \uc218 \uc788\ub294 \ub2e4\uc6a9\ub3c4 \uce58\ub8cc\ubc95\uc785\ub2c8\ub2e4.","breadcrumb":{"@id":"https:\/\/naturalpoland.com\/ko\/je-pum\/ui-yak-pum-won-ryo\/geon-gang-gi-neung-sig-pum-cheom-ga-mul\/asyuwaganda-cuculmul\/#breadcrumb"},"inLanguage":"ko-KR","potentialAction":[{"@type":"ReadAction","target":["https:\/\/naturalpoland.com\/ko\/je-pum\/ui-yak-pum-won-ryo\/geon-gang-gi-neung-sig-pum-cheom-ga-mul\/asyuwaganda-cuculmul\/"]}]},{"@type":"ImageObject","inLanguage":"ko-KR","@id":"https:\/\/naturalpoland.com\/ko\/je-pum\/ui-yak-pum-won-ryo\/geon-gang-gi-neung-sig-pum-cheom-ga-mul\/asyuwaganda-cuculmul\/#primaryimage","url":"https:\/\/naturalpoland.com\/wp-content\/uploads\/Ekstrakt-z-ashwagandhy.jpg","contentUrl":"https:\/\/naturalpoland.com\/wp-content\/uploads\/Ekstrakt-z-ashwagandhy.jpg","width":600,"height":600,"caption":"Ekstrakt z ashwagandhy"},{"@type":"BreadcrumbList","@id":"https:\/\/naturalpoland.com\/ko\/je-pum\/ui-yak-pum-won-ryo\/geon-gang-gi-neung-sig-pum-cheom-ga-mul\/asyuwaganda-cuculmul\/#breadcrumb","itemListElement":[{"@type":"ListItem","position":1,"name":"\ud648","item":"https:\/\/naturalpoland.com\/ko\/"},{"@type":"ListItem","position":2,"name":"\uc81c\ud488","item":"https:\/\/naturalpoland.com\/ko\/%ec%a0%9c%ed%92%88\/"},{"@type":"ListItem","position":3,"name":"\uc544\uc288\uc640\uac04\ub2e4 \ucd94\ucd9c\ubb3c"}]},{"@type":"WebSite","@id":"https:\/\/naturalpoland.com\/ko\/#website","url":"https:\/\/naturalpoland.com\/ko\/","name":"NATURAL POLAND - Hurtowy Dystrybutor Surowc\u00f3w","description":"Surowce dla przemys\u0142u spo\u017cywczego, kosmetycznego i farmaceutycznego","publisher":{"@id":"https:\/\/naturalpoland.com\/ko\/#organization"},"potentialAction":[{"@type":"SearchAction","target":{"@type":"EntryPoint","urlTemplate":"https:\/\/naturalpoland.com\/ko\/?s={search_term_string}"},"query-input":{"@type":"PropertyValueSpecification","valueRequired":true,"valueName":"search_term_string"}}],"inLanguage":"ko-KR"},{"@type":"Organization","@id":"https:\/\/naturalpoland.com\/ko\/#organization","name":"Natural Poland","url":"https:\/\/naturalpoland.com\/ko\/","logo":{"@type":"ImageObject","inLanguage":"ko-KR","@id":"https:\/\/naturalpoland.com\/ko\/#\/schema\/logo\/image\/","url":"https:\/\/naturalpoland.com\/wp-content\/uploads\/2021\/05\/natural-poland-icon.png","contentUrl":"https:\/\/naturalpoland.com\/wp-content\/uploads\/2021\/05\/natural-poland-icon.png","width":512,"height":512,"caption":"Natural Poland"},"image":{"@id":"https:\/\/naturalpoland.com\/ko\/#\/schema\/logo\/image\/"},"sameAs":["https:\/\/www.facebook.com\/naturalpoland.b2b","https:\/\/pl.linkedin.com\/company\/natural-poland","https:\/\/www.youtube.com\/channel\/UCgeGGkvOMahZo-xu_MSEWxg"]}]}},"_links":{"self":[{"href":"https:\/\/naturalpoland.com\/ko\/wp-json\/wp\/v2\/product\/41422","targetHints":{"allow":["GET"]}}],"collection":[{"href":"https:\/\/naturalpoland.com\/ko\/wp-json\/wp\/v2\/product"}],"about":[{"href":"https:\/\/naturalpoland.com\/ko\/wp-json\/wp\/v2\/types\/product"}],"wp:featuredmedia":[{"embeddable":true,"href":"https:\/\/naturalpoland.com\/ko\/wp-json\/wp\/v2\/media\/41423"}],"wp:attachment":[{"href":"https:\/\/naturalpoland.com\/ko\/wp-json\/wp\/v2\/media?parent=41422"}],"wp:term":[{"taxonomy":"product_brand","embeddable":true,"href":"https:\/\/naturalpoland.com\/ko\/wp-json\/wp\/v2\/product_brand?post=41422"},{"taxonomy":"product_cat","embeddable":true,"href":"https:\/\/naturalpoland.com\/ko\/wp-json\/wp\/v2\/product_cat?post=41422"},{"taxonomy":"product_tag","embeddable":true,"href":"https:\/\/naturalpoland.com\/ko\/wp-json\/wp\/v2\/product_tag?post=41422"}],"curies":[{"name":"wp","href":"https:\/\/api.w.org\/{rel}","templated":true}]}}