{"id":41427,"date":"2021-05-11T13:48:08","date_gmt":"2025-06-06T14:20:27","guid":{"rendered":"https:\/\/naturalpoland.com\/produkty\/uncategorized\/ggul-algaengi\/"},"modified":"2025-06-06T16:20:27","modified_gmt":"2025-06-06T14:20:27","slug":"ggul-algaengi","status":"publish","type":"product","link":"https:\/\/naturalpoland.com\/ko\/je-pum\/sig-pum-won-ryo\/saeng-san-yong-won-ryo\/ggul-algaengi\/","title":{"rendered":"\uc54c\uac31\uc774 \uafc0"},"content":{"rendered":"<h2>\uac00\ub8e8 \uafc0\uacfc \uacfc\ub9bd \uafc0\uc758 \ucc28\uc774\uc810\uc740 \ubb34\uc5c7\uc778\uac00\uc694?<\/h2>\n<p>\ub450 \uac00\uc9c0 \ubcc0\ud615 \ubaa8\ub450 <strong data-start=\"335\" data-end=\"366\">\ub9d0\ud1a0\ub371\uc2a4\ud2b8\ub9b0\uc744 \uc6b4\ubc18\uccb4\ub85c<\/strong> \ucca8\uac00\ud558\uc5ec <strong data-start=\"266\" data-end=\"322\">\ucc9c\uc5f0 \uba40\ud2f0\ud50c\ub77c\uc6cc \uafc0\uc744 \ubd84\ubb34 \uac74\uc870\ud558\uc5ec<\/strong> \uc0dd\uc0b0\ud569\ub2c8\ub2e4. \uac00\ub8e8 \uafc0\uc740 \ucc29\ube59 \uc124\ud0d5\uacfc \ube44\uc2b7\ud55c \ubbf8\uc138\ud558\uace0 \uc790\uc720\ub86d\uac8c \ud750\ub974\ub294 \ub18d\ub3c4\uc778 \ubc18\uba74, \uacfc\ub9bd \uafc0\uc740 \uc785\uc790 \ud06c\uae30\uac00 0.5-1.6mm\uc778 \uacfc\ub9bd \ud615\ud0dc\uc785\ub2c8\ub2e4. \uac00\ub8e8 \uafc0\uc740 \uc785\uc790\uac00 \uacf1\uace0 \uade0\uc9c8\ud558\uc5ec \ubb3c, \uc6b0\uc720 \ub610\ub294 \ud06c\ub9bc\uc5d0 \uc27d\uac8c \ub179\uc2b5\ub2c8\ub2e4. \uacfc\ub9bd\uc740 \uc785\uc790\uac00 \ub354 \ucee4\uc11c \uad6c\uc870\uc801 \ub610\ub294 \uc7a5\uc2dd\uc801 \uc694\uc18c\ub85c \uc0ac\uc6a9\ud560 \uc218 \uc788\uc2b5\ub2c8\ub2e4.   <\/p>\n<p>\ub450 \uac00\uc9c0 \ud615\ud0dc \ubaa8\ub450 \ubb3c\uacfc \ub2e4\ub978 \uc561\uccb4\uc5d0 \ub179\uc9c0\ub9cc <strong data-start=\"2523\" data-end=\"2534\">\ubd84\ub9d0\uc774<\/strong> \ub354 \ube60\ub974\uace0 \ucca0\uc800\ud558\uac8c \ub179\uc2b5\ub2c8\ub2e4.<\/p>\n<h2>\ud2b9\uc131<\/h2>\n<p>\ud5c8\ub2c8 \ud30c\uc6b0\ub354\uc640 \uacfc\ub9bd \uafc0\uc740 \ucc9c\uc5f0 \ubc8c\uafc0\uc5d0\uc11c \ucd94\ucd9c\ud55c \uc81c\ud488\uc785\ub2c8\ub2e4. \uc720\ud1b5\uae30\ud55c\uc744 \ub298\ub9ac\uae30 \uc704\ud574 \uac74\uc870 \uacfc\uc815\uc744 \uac70\uccd0 \ubcc0\ud615\ub418\uc5c8\uc2b5\ub2c8\ub2e4. \uacfc\ub9bd \ubc0f \ubd84\ub9d0 \ud615\ud0dc\ub294 \uc870\uc81c\ud558\uae30 \uc27d\uace0 \uac74\uc870\ud55c \ud658\uacbd\uc5d0\uc11c \uafc0\uc744 \uc0ac\uc6a9\ud560 \uc218 \uc788\uc2b5\ub2c8\ub2e4. \uc644\uc81c\ud488 \uc6d0\ub8cc\uc758 \uafc0 \ud568\ub7c9\uc740 <strong data-start=\"825\" data-end=\"838\">70% \uc774\uc0c1\uc774\uba70<\/strong> \ub098\uba38\uc9c0\ub294 \ub9db\uc774 \uc911\uc131\uc774\uace0 \uc18c\ud654\uac00 \uc798\ub418\ub294 \ub9d0\ud1a0\ub371\uc2a4\ud2b8\ub9b0\uc785\ub2c8\ub2e4.   <\/p>\n<p>\uc774 \ud615\ud0dc\uc758 \uafc0\uc740 <strong data-start=\"1053\" data-end=\"1119\">\ud56d\uade0, \ud56d\uc5fc\uc99d, \ud56d\uc0b0\ud654 \ubc0f \uc7ac\uc0dd<\/strong> \ud6a8\uacfc\uc640 \uac19\uc740 \uafc0\uc758 \uc0dd\ub9ac \ud65c\uc131 \ud2b9\uc131\uc744 \ub300\ubd80\ubd84 \ubcf4\uc720\ud558\uace0 \uc788\uae30 \ub54c\ubb38\uc5d0 \ub9e4\uc6b0 \uac74\uac15\ud569\ub2c8\ub2e4. \ucc9c\uc5f0 \ub2f9\ubd84\uacfc \ube44\ud0c0\ubbfc B\uad70(\ud2f0\uc544\ubbfc, \ub9ac\ubcf4\ud50c\ub77c\ube48, \ud53c\ub9ac\ub3c5\uc2e0, \uc5fd\uc0b0, \ub2c8\ucf54\ud2f4\uc0b0, \ud310\ud1a0\ud150\uc0b0)\uc740 \ubb3c\ub860 \ube44\ud0c0\ubbfc C\uc640 \ube44\uc624\ud2f4\uc774 \ud568\uc720\ub418\uc5b4 \uc788\uc2b5\ub2c8\ub2e4. <\/p>\n<h2>\uc560\ud50c\ub9ac\ucf00\uc774\uc158<\/h2>\n<p data-start=\"1686\" data-end=\"2054\"><strong data-start=\"1707\" data-end=\"1731\">\uc2dd\ud488 \uc0b0\uc5c5\uc5d0\uc11c<\/strong> \ubd84\ub9d0 \ubc0f \uacfc\ub9bd \uafc0\uc740 \uc778\uc2a4\ud134\ud2b8 \uc74c\ub8cc, \ubc14, \ubba4\uc990\ub9ac, \uac74\uac15 \ubcf4\uc870 \uc2dd\ud488, \uc81c\ube75 \uc81c\ud488 \ubc0f \uc720\uc81c\ud488 \ubbf9\uc2a4\uc758 \uac10\ubbf8\ub8cc \uc131\ubd84\uc73c\ub85c \uc0ac\uc6a9\ub429\ub2c8\ub2e4. \uc804\ud1b5\uc801\uc778 \uafc0\uacfc \ub2ec\ub9ac \uc774\ub7ec\ud55c \ud615\ud0dc\ub294 <strong data-start=\"1945\" data-end=\"1996\">\uc548\uc815\uc801\uc774\uace0 \ub048\uc801\uac70\ub9ac\uc9c0 \uc54a\uc73c\uba70 \ubc1c\ud6a8\ub418\uc9c0<\/strong> \uc54a\uc544 \ub300\ub7c9 \uc0dd\uc0b0\uc5d0 \uc801\ud569\ud569\ub2c8\ub2e4. <\/p>\n<p data-start=\"2056\" data-end=\"2382\"><strong data-start=\"2058\" data-end=\"2074\">\ud654\uc7a5\ud488\uc5d0\uc11c<\/strong> \uafc0\uc740 \ubcf4\uc2b5, \uc7ac\uc0dd \ubc0f \ud56d\uc5fc\uc99d \uc131\ubd84\uc73c\ub85c \uadc0\ud558\uac8c \uc5ec\uaca8\uc9c0\ub294 \uc7ac\ub8cc\uc785\ub2c8\ub2e4. \ub85c\uc158, \ud06c\ub9bc, \ub9c8\uc2a4\ud06c, \uc0f4\ud478, \uc2a4\ud06c\ub7fd \ub4f1 \ud2b9\ud788 \uac74\uc870\ud558\uace0 \ud2b8\uace0 \ubb38\uc81c\uac00 \uc788\ub294 \ud53c\ubd80\ub97c \uc704\ud55c \uc81c\ud488\uc5d0 \ucca8\uac00\ub429\ub2c8\ub2e4. \uc54c\uac31\uc774\ub294 \ubd80\ub4dc\ub7ec\uc6b4 \uac01\uc9c8 \uc81c\uac70\uc81c\ub85c\ub3c4 \uc0ac\uc6a9\ud560 \uc218 \uc788\uc2b5\ub2c8\ub2e4.  <\/p>\n","protected":false},"excerpt":{"rendered":"<p>\ubc8c\uafc0 <strong>\ubd84\ub9d0\uacfc<\/strong> <strong>\uacfc\ub9bd<\/strong> \uafc0\uc740 \uc2dd\ud488, \ud654\uc7a5\ud488 \ubc0f \uc81c\uc57d \uc0b0\uc5c5\uc5d0\uc11c \ubcf4\ub2e4 \ud3b8\ub9ac\ud558\uac8c \uc0ac\uc6a9\ud560 \uc218 \uc788\ub3c4\ub85d \uac1c\ubc1c\ub41c \ud604\ub300\uc801\uc778 \ud615\ud0dc\uc758 \uc804\ud1b5 \ubc8c\uafc0\uc785\ub2c8\ub2e4.<\/p>\n<p>&nbsp;<\/p>\n","protected":false},"featured_media":41385,"template":"","meta":{"_acf_changed":false},"product_brand":[],"product_cat":[8175],"product_tag":[],"class_list":{"0":"post-41427","1":"product","2":"type-product","3":"status-publish","4":"has-post-thumbnail","6":"product_cat-saeng-san-yong-won-ryo","8":"first","9":"instock","10":"shipping-taxable","11":"product-type-simple"},"acf":[],"yoast_head":"<!-- This site is optimized with the Yoast SEO plugin v27.5 - https:\/\/yoast.com\/product\/yoast-seo-wordpress\/ -->\n<title>\uc54c\uac31\uc774 \uafc0 - Hurtowy Dystrybutor<\/title>\n<meta name=\"description\" content=\"\uacfc\ub9bd \ubc8c\uafc0\uacfc \ubc8c\uafc0 \ud30c\uc6b0\ub354\ub294 \uc2dd\ud488 \uc0b0\uc5c5\uc5d0\uc11c \ubcf4\ub2e4 \ud3b8\ub9ac\ud558\uac8c \uc0ac\uc6a9\ud560 \uc218 \uc788\ub3c4\ub85d \uac1c\ubc1c\ub41c \ud604\ub300\uc801\uc778 \ud615\ud0dc\uc758 \uc804\ud1b5 \ubc8c\uafc0\uc785\ub2c8\ub2e4.\" \/>\n<meta name=\"robots\" content=\"index, follow, max-snippet:-1, max-image-preview:large, max-video-preview:-1\" \/>\n<link rel=\"canonical\" href=\"https:\/\/naturalpoland.com\/ko\/je-pum\/sig-pum-won-ryo\/saeng-san-yong-won-ryo\/ggul-algaengi\/\" \/>\n<meta property=\"og:locale\" content=\"ko_KR\" \/>\n<meta property=\"og:type\" content=\"article\" \/>\n<meta property=\"og:title\" content=\"\uc54c\uac31\uc774 \uafc0 - Hurtowy Dystrybutor\" \/>\n<meta property=\"og:description\" content=\"\uacfc\ub9bd \ubc8c\uafc0\uacfc \ubc8c\uafc0 \ud30c\uc6b0\ub354\ub294 \uc2dd\ud488 \uc0b0\uc5c5\uc5d0\uc11c \ubcf4\ub2e4 \ud3b8\ub9ac\ud558\uac8c \uc0ac\uc6a9\ud560 \uc218 \uc788\ub3c4\ub85d \uac1c\ubc1c\ub41c \ud604\ub300\uc801\uc778 \ud615\ud0dc\uc758 \uc804\ud1b5 \ubc8c\uafc0\uc785\ub2c8\ub2e4.\" \/>\n<meta property=\"og:url\" content=\"https:\/\/naturalpoland.com\/ko\/je-pum\/sig-pum-won-ryo\/saeng-san-yong-won-ryo\/ggul-algaengi\/\" \/>\n<meta property=\"og:site_name\" content=\"NATURAL POLAND - Hurtowy Dystrybutor Surowc\u00f3w\" \/>\n<meta property=\"article:publisher\" content=\"https:\/\/www.facebook.com\/naturalpoland.b2b\" \/>\n<meta property=\"og:image\" content=\"https:\/\/naturalpoland.com\/wp-content\/uploads\/miod-granulowany.webp\" \/>\n\t<meta property=\"og:image:width\" content=\"1024\" \/>\n\t<meta property=\"og:image:height\" content=\"1024\" \/>\n\t<meta property=\"og:image:type\" content=\"image\/webp\" \/>\n<script type=\"application\/ld+json\" class=\"yoast-schema-graph\">{\"@context\":\"https:\\\/\\\/schema.org\",\"@graph\":[{\"@type\":\"WebPage\",\"@id\":\"https:\\\/\\\/naturalpoland.com\\\/ko\\\/je-pum\\\/sig-pum-won-ryo\\\/saeng-san-yong-won-ryo\\\/ggul-algaengi\\\/\",\"url\":\"https:\\\/\\\/naturalpoland.com\\\/ko\\\/je-pum\\\/sig-pum-won-ryo\\\/saeng-san-yong-won-ryo\\\/ggul-algaengi\\\/\",\"name\":\"\uc54c\uac31\uc774 \uafc0 - Hurtowy Dystrybutor\",\"isPartOf\":{\"@id\":\"https:\\\/\\\/naturalpoland.com\\\/ko\\\/#website\"},\"primaryImageOfPage\":{\"@id\":\"https:\\\/\\\/naturalpoland.com\\\/ko\\\/je-pum\\\/sig-pum-won-ryo\\\/saeng-san-yong-won-ryo\\\/ggul-algaengi\\\/#primaryimage\"},\"image\":{\"@id\":\"https:\\\/\\\/naturalpoland.com\\\/ko\\\/je-pum\\\/sig-pum-won-ryo\\\/saeng-san-yong-won-ryo\\\/ggul-algaengi\\\/#primaryimage\"},\"thumbnailUrl\":\"https:\\\/\\\/naturalpoland.com\\\/wp-content\\\/uploads\\\/miod-granulowany.webp\",\"datePublished\":\"2025-06-06T14:20:27+00:00\",\"description\":\"\uacfc\ub9bd \ubc8c\uafc0\uacfc \ubc8c\uafc0 \ud30c\uc6b0\ub354\ub294 \uc2dd\ud488 \uc0b0\uc5c5\uc5d0\uc11c \ubcf4\ub2e4 \ud3b8\ub9ac\ud558\uac8c \uc0ac\uc6a9\ud560 \uc218 \uc788\ub3c4\ub85d \uac1c\ubc1c\ub41c \ud604\ub300\uc801\uc778 \ud615\ud0dc\uc758 \uc804\ud1b5 \ubc8c\uafc0\uc785\ub2c8\ub2e4.\",\"breadcrumb\":{\"@id\":\"https:\\\/\\\/naturalpoland.com\\\/ko\\\/je-pum\\\/sig-pum-won-ryo\\\/saeng-san-yong-won-ryo\\\/ggul-algaengi\\\/#breadcrumb\"},\"inLanguage\":\"ko-KR\",\"potentialAction\":[{\"@type\":\"ReadAction\",\"target\":[\"https:\\\/\\\/naturalpoland.com\\\/ko\\\/je-pum\\\/sig-pum-won-ryo\\\/saeng-san-yong-won-ryo\\\/ggul-algaengi\\\/\"]}]},{\"@type\":\"ImageObject\",\"inLanguage\":\"ko-KR\",\"@id\":\"https:\\\/\\\/naturalpoland.com\\\/ko\\\/je-pum\\\/sig-pum-won-ryo\\\/saeng-san-yong-won-ryo\\\/ggul-algaengi\\\/#primaryimage\",\"url\":\"https:\\\/\\\/naturalpoland.com\\\/wp-content\\\/uploads\\\/miod-granulowany.webp\",\"contentUrl\":\"https:\\\/\\\/naturalpoland.com\\\/wp-content\\\/uploads\\\/miod-granulowany.webp\",\"width\":1024,\"height\":1024,\"caption\":\"mi\u00f3d granulowany\"},{\"@type\":\"BreadcrumbList\",\"@id\":\"https:\\\/\\\/naturalpoland.com\\\/ko\\\/je-pum\\\/sig-pum-won-ryo\\\/saeng-san-yong-won-ryo\\\/ggul-algaengi\\\/#breadcrumb\",\"itemListElement\":[{\"@type\":\"ListItem\",\"position\":1,\"name\":\"\ud648\",\"item\":\"https:\\\/\\\/naturalpoland.com\\\/ko\\\/\"},{\"@type\":\"ListItem\",\"position\":2,\"name\":\"\uc81c\ud488\",\"item\":\"https:\\\/\\\/naturalpoland.com\\\/ko\\\/%ec%a0%9c%ed%92%88\\\/\"},{\"@type\":\"ListItem\",\"position\":3,\"name\":\"\uc54c\uac31\uc774 \uafc0\"}]},{\"@type\":\"WebSite\",\"@id\":\"https:\\\/\\\/naturalpoland.com\\\/ko\\\/#website\",\"url\":\"https:\\\/\\\/naturalpoland.com\\\/ko\\\/\",\"name\":\"NATURAL POLAND - Hurtowy Dystrybutor Surowc\u00f3w\",\"description\":\"Surowce dla przemys\u0142u spo\u017cywczego, kosmetycznego i farmaceutycznego\",\"publisher\":{\"@id\":\"https:\\\/\\\/naturalpoland.com\\\/ko\\\/#organization\"},\"potentialAction\":[{\"@type\":\"SearchAction\",\"target\":{\"@type\":\"EntryPoint\",\"urlTemplate\":\"https:\\\/\\\/naturalpoland.com\\\/ko\\\/?s={search_term_string}\"},\"query-input\":{\"@type\":\"PropertyValueSpecification\",\"valueRequired\":true,\"valueName\":\"search_term_string\"}}],\"inLanguage\":\"ko-KR\"},{\"@type\":\"Organization\",\"@id\":\"https:\\\/\\\/naturalpoland.com\\\/ko\\\/#organization\",\"name\":\"Natural Poland\",\"url\":\"https:\\\/\\\/naturalpoland.com\\\/ko\\\/\",\"logo\":{\"@type\":\"ImageObject\",\"inLanguage\":\"ko-KR\",\"@id\":\"https:\\\/\\\/naturalpoland.com\\\/ko\\\/#\\\/schema\\\/logo\\\/image\\\/\",\"url\":\"https:\\\/\\\/naturalpoland.com\\\/wp-content\\\/uploads\\\/2021\\\/05\\\/natural-poland-icon.png\",\"contentUrl\":\"https:\\\/\\\/naturalpoland.com\\\/wp-content\\\/uploads\\\/2021\\\/05\\\/natural-poland-icon.png\",\"width\":512,\"height\":512,\"caption\":\"Natural Poland\"},\"image\":{\"@id\":\"https:\\\/\\\/naturalpoland.com\\\/ko\\\/#\\\/schema\\\/logo\\\/image\\\/\"},\"sameAs\":[\"https:\\\/\\\/www.facebook.com\\\/naturalpoland.b2b\",\"https:\\\/\\\/pl.linkedin.com\\\/company\\\/natural-poland\",\"https:\\\/\\\/www.youtube.com\\\/channel\\\/UCgeGGkvOMahZo-xu_MSEWxg\"]}]}<\/script>\n<!-- \/ Yoast SEO plugin. -->","yoast_head_json":{"title":"\uc54c\uac31\uc774 \uafc0 - Hurtowy Dystrybutor","description":"\uacfc\ub9bd \ubc8c\uafc0\uacfc \ubc8c\uafc0 \ud30c\uc6b0\ub354\ub294 \uc2dd\ud488 \uc0b0\uc5c5\uc5d0\uc11c \ubcf4\ub2e4 \ud3b8\ub9ac\ud558\uac8c \uc0ac\uc6a9\ud560 \uc218 \uc788\ub3c4\ub85d \uac1c\ubc1c\ub41c \ud604\ub300\uc801\uc778 \ud615\ud0dc\uc758 \uc804\ud1b5 \ubc8c\uafc0\uc785\ub2c8\ub2e4.","robots":{"index":"index","follow":"follow","max-snippet":"max-snippet:-1","max-image-preview":"max-image-preview:large","max-video-preview":"max-video-preview:-1"},"canonical":"https:\/\/naturalpoland.com\/ko\/je-pum\/sig-pum-won-ryo\/saeng-san-yong-won-ryo\/ggul-algaengi\/","og_locale":"ko_KR","og_type":"article","og_title":"\uc54c\uac31\uc774 \uafc0 - Hurtowy Dystrybutor","og_description":"\uacfc\ub9bd \ubc8c\uafc0\uacfc \ubc8c\uafc0 \ud30c\uc6b0\ub354\ub294 \uc2dd\ud488 \uc0b0\uc5c5\uc5d0\uc11c \ubcf4\ub2e4 \ud3b8\ub9ac\ud558\uac8c \uc0ac\uc6a9\ud560 \uc218 \uc788\ub3c4\ub85d \uac1c\ubc1c\ub41c \ud604\ub300\uc801\uc778 \ud615\ud0dc\uc758 \uc804\ud1b5 \ubc8c\uafc0\uc785\ub2c8\ub2e4.","og_url":"https:\/\/naturalpoland.com\/ko\/je-pum\/sig-pum-won-ryo\/saeng-san-yong-won-ryo\/ggul-algaengi\/","og_site_name":"NATURAL POLAND - Hurtowy Dystrybutor Surowc\u00f3w","article_publisher":"https:\/\/www.facebook.com\/naturalpoland.b2b","og_image":[{"width":1024,"height":1024,"url":"https:\/\/naturalpoland.com\/wp-content\/uploads\/miod-granulowany.webp","type":"image\/webp"}],"schema":{"@context":"https:\/\/schema.org","@graph":[{"@type":"WebPage","@id":"https:\/\/naturalpoland.com\/ko\/je-pum\/sig-pum-won-ryo\/saeng-san-yong-won-ryo\/ggul-algaengi\/","url":"https:\/\/naturalpoland.com\/ko\/je-pum\/sig-pum-won-ryo\/saeng-san-yong-won-ryo\/ggul-algaengi\/","name":"\uc54c\uac31\uc774 \uafc0 - Hurtowy Dystrybutor","isPartOf":{"@id":"https:\/\/naturalpoland.com\/ko\/#website"},"primaryImageOfPage":{"@id":"https:\/\/naturalpoland.com\/ko\/je-pum\/sig-pum-won-ryo\/saeng-san-yong-won-ryo\/ggul-algaengi\/#primaryimage"},"image":{"@id":"https:\/\/naturalpoland.com\/ko\/je-pum\/sig-pum-won-ryo\/saeng-san-yong-won-ryo\/ggul-algaengi\/#primaryimage"},"thumbnailUrl":"https:\/\/naturalpoland.com\/wp-content\/uploads\/miod-granulowany.webp","datePublished":"2025-06-06T14:20:27+00:00","description":"\uacfc\ub9bd \ubc8c\uafc0\uacfc \ubc8c\uafc0 \ud30c\uc6b0\ub354\ub294 \uc2dd\ud488 \uc0b0\uc5c5\uc5d0\uc11c \ubcf4\ub2e4 \ud3b8\ub9ac\ud558\uac8c \uc0ac\uc6a9\ud560 \uc218 \uc788\ub3c4\ub85d \uac1c\ubc1c\ub41c \ud604\ub300\uc801\uc778 \ud615\ud0dc\uc758 \uc804\ud1b5 \ubc8c\uafc0\uc785\ub2c8\ub2e4.","breadcrumb":{"@id":"https:\/\/naturalpoland.com\/ko\/je-pum\/sig-pum-won-ryo\/saeng-san-yong-won-ryo\/ggul-algaengi\/#breadcrumb"},"inLanguage":"ko-KR","potentialAction":[{"@type":"ReadAction","target":["https:\/\/naturalpoland.com\/ko\/je-pum\/sig-pum-won-ryo\/saeng-san-yong-won-ryo\/ggul-algaengi\/"]}]},{"@type":"ImageObject","inLanguage":"ko-KR","@id":"https:\/\/naturalpoland.com\/ko\/je-pum\/sig-pum-won-ryo\/saeng-san-yong-won-ryo\/ggul-algaengi\/#primaryimage","url":"https:\/\/naturalpoland.com\/wp-content\/uploads\/miod-granulowany.webp","contentUrl":"https:\/\/naturalpoland.com\/wp-content\/uploads\/miod-granulowany.webp","width":1024,"height":1024,"caption":"mi\u00f3d granulowany"},{"@type":"BreadcrumbList","@id":"https:\/\/naturalpoland.com\/ko\/je-pum\/sig-pum-won-ryo\/saeng-san-yong-won-ryo\/ggul-algaengi\/#breadcrumb","itemListElement":[{"@type":"ListItem","position":1,"name":"\ud648","item":"https:\/\/naturalpoland.com\/ko\/"},{"@type":"ListItem","position":2,"name":"\uc81c\ud488","item":"https:\/\/naturalpoland.com\/ko\/%ec%a0%9c%ed%92%88\/"},{"@type":"ListItem","position":3,"name":"\uc54c\uac31\uc774 \uafc0"}]},{"@type":"WebSite","@id":"https:\/\/naturalpoland.com\/ko\/#website","url":"https:\/\/naturalpoland.com\/ko\/","name":"NATURAL POLAND - Hurtowy Dystrybutor Surowc\u00f3w","description":"Surowce dla przemys\u0142u spo\u017cywczego, kosmetycznego i farmaceutycznego","publisher":{"@id":"https:\/\/naturalpoland.com\/ko\/#organization"},"potentialAction":[{"@type":"SearchAction","target":{"@type":"EntryPoint","urlTemplate":"https:\/\/naturalpoland.com\/ko\/?s={search_term_string}"},"query-input":{"@type":"PropertyValueSpecification","valueRequired":true,"valueName":"search_term_string"}}],"inLanguage":"ko-KR"},{"@type":"Organization","@id":"https:\/\/naturalpoland.com\/ko\/#organization","name":"Natural Poland","url":"https:\/\/naturalpoland.com\/ko\/","logo":{"@type":"ImageObject","inLanguage":"ko-KR","@id":"https:\/\/naturalpoland.com\/ko\/#\/schema\/logo\/image\/","url":"https:\/\/naturalpoland.com\/wp-content\/uploads\/2021\/05\/natural-poland-icon.png","contentUrl":"https:\/\/naturalpoland.com\/wp-content\/uploads\/2021\/05\/natural-poland-icon.png","width":512,"height":512,"caption":"Natural Poland"},"image":{"@id":"https:\/\/naturalpoland.com\/ko\/#\/schema\/logo\/image\/"},"sameAs":["https:\/\/www.facebook.com\/naturalpoland.b2b","https:\/\/pl.linkedin.com\/company\/natural-poland","https:\/\/www.youtube.com\/channel\/UCgeGGkvOMahZo-xu_MSEWxg"]}]}},"_links":{"self":[{"href":"https:\/\/naturalpoland.com\/ko\/wp-json\/wp\/v2\/product\/41427","targetHints":{"allow":["GET"]}}],"collection":[{"href":"https:\/\/naturalpoland.com\/ko\/wp-json\/wp\/v2\/product"}],"about":[{"href":"https:\/\/naturalpoland.com\/ko\/wp-json\/wp\/v2\/types\/product"}],"wp:featuredmedia":[{"embeddable":true,"href":"https:\/\/naturalpoland.com\/ko\/wp-json\/wp\/v2\/media\/41385"}],"wp:attachment":[{"href":"https:\/\/naturalpoland.com\/ko\/wp-json\/wp\/v2\/media?parent=41427"}],"wp:term":[{"taxonomy":"product_brand","embeddable":true,"href":"https:\/\/naturalpoland.com\/ko\/wp-json\/wp\/v2\/product_brand?post=41427"},{"taxonomy":"product_cat","embeddable":true,"href":"https:\/\/naturalpoland.com\/ko\/wp-json\/wp\/v2\/product_cat?post=41427"},{"taxonomy":"product_tag","embeddable":true,"href":"https:\/\/naturalpoland.com\/ko\/wp-json\/wp\/v2\/product_tag?post=41427"}],"curies":[{"name":"wp","href":"https:\/\/api.w.org\/{rel}","templated":true}]}}