{"id":41430,"date":"2021-05-11T13:42:56","date_gmt":"2025-06-06T14:21:16","guid":{"rendered":"https:\/\/naturalpoland.com\/produkty\/uncategorized\/%ec%8a%a4%ed%85%8c%eb%b9%84%ec%98%ac-%eb%b0%b0%eb%8b%b9%ec%b2%b4-95-reb-a-80-%eb%b0%8f-reb-a-60%ec%8a%a4%ed%85%8c%eb%b9%84%ec%95%84\/"},"modified":"2025-06-06T16:22:53","modified_gmt":"2025-06-06T14:22:53","slug":"seutebiol-baedangche","status":"publish","type":"product","link":"https:\/\/naturalpoland.com\/ko\/je-pum\/sig-pum-won-ryo\/saeng-san-yong-won-ryo\/seutebiol-baedangche\/","title":{"rendered":"\uc2a4\ud14c\ube44\uc62c \ubc30\ub2f9\uccb4 95 REB-A 80 \ubc0f REB-A 60(\uc2a4\ud14c\ube44\uc544)"},"content":{"rendered":"<p><strong>REB-A(\ub808\ubc14\uc6b0\ub514\uc624\uc0ac\uc774\ub4dc A)<\/strong> \ub294 \uc2a4\ud14c\ube44\uc544\uc5d0\uc11c \ubc1c\uacac\ub418\ub294 \uc8fc\uc694 \uc2a4\ud14c\ube44\uc62c \ubc30\ub2f9\uccb4 \uc911 \ud558\ub098\uc785\ub2c8\ub2e4. \ub2e4\ub978 \uc2a4\ud14c\ube44\uc62c \ubc30\ub2f9\uccb4\uc5d0\uc11c \ubc1c\uc0dd\ud560 \uc218 \uc788\ub294 \uc4f4\ub9db\uc774 \uac00\uc7a5 \uc801\uace0 \uae54\ub054\ud558\uace0 \ub2e8\ub9db\uc774 \ub098\uae30 \ub54c\ubb38\uc5d0 \uac00\uc7a5 \ubc14\ub78c\uc9c1\ud55c \uc2a4\ud14c\ube44\uc62c \ubc30\ub2f9\uccb4\ub85c \uac04\uc8fc\ub429\ub2c8\ub2e4. <\/p>\n<p><strong>\uc2a4\ud14c\ube44\uc62c \ubc30\ub2f9\uccb4 95 REB-A 80 &#8211; <\/strong>\uc804\uccb4 \uc2a4\ud14c\ube44\uc62c \ubc30\ub2f9\uccb4 \uc911 \ub808\ubc14\uc624\ub514\uc624\uc0ac\uc774\ub4dc A\uac00 80% \ud568\uc720\ub41c \uc81c\ud488\uc785\ub2c8\ub2e4. \ub098\uba38\uc9c0 20%\ub294 \uc2a4\ud14c\ube44\uc544 \uc78e\uc5d0\uc11c \ubc1c\uacac\ub418\ub294 \ub2e4\ub978 \uc2a4\ud14c\ube44\uc62c \ubc30\ub2f9\uccb4\uc785\ub2c8\ub2e4. <\/p>\n<p><strong>\uc2a4\ud14c\ube44\uc62c \ubc30\ub2f9\uccb4 95 REB-A 60 &#8211; <\/strong>\ub808\ubc14\uc6b0\ub514\uc624\uc0ac\uc774\ub4dc A\uac00 60% \ud568\uc720\ub418\uc5b4 \uc788\uc73c\uba70, \ub098\uba38\uc9c0(40%)\ub294 \ub2e4\ub978 \uc2a4\ud14c\ube44\uc62c \ubc30\ub2f9\uccb4\uc785\ub2c8\ub2e4.<\/p>\n<h2>\uc560\ud50c\ub9ac\ucf00\uc774\uc158:<\/h2>\n<ol>\n<li>\uc2dd\ud488, \uc74c\ub8cc, \uac74\uac15 \ubcf4\uc870 \uc2dd\ud488\uc5d0 \ucca8\uac00\ub418\ub294 \uc800\uce7c\ub85c\ub9ac \ucc9c\uc5f0 \uac10\ubbf8\ub8cc\ub85c \ub2e4\uc74c\uacfc \uac19\uc774 \uc0ac\uc6a9\ud560 \uc218 \uc788\uc2b5\ub2c8\ub2e4.<\/li>\n<li>\ub2f9\ub1e8\ubcd1 \ud658\uc790\uc640 \ub2e4\uc774\uc5b4\ud2b8 \uc911\uc778 \ubd84\ub4e4\uc744 \uc704\ud55c \uac74\uac15\ud55c \uc124\ud0d5 \ub300\uc6a9 \uc2dd\ud488<\/li>\n<\/ol>\n<p>&nbsp;<\/p>\n<p>\uc2a4\ud14c\ube44\uc544\uc5d0\ub294 \ucc9c\uc5f0 \ub2e8\ub9db\uc5d0 \uc545\uc601\ud5a5\uc744 \ubbf8\uce60 \uc218 \uc788\ub294 \ubc29\ubd80\uc81c\ub098 \uc4f4\ub9db\uc744 \ub0b4\ub294 \ubb3c\uc9c8\uc774 \ub4e4\uc5b4 \uc788\uc9c0 \uc54a\uc2b5\ub2c8\ub2e4. \uc911\uc694\ud55c \uac83\uc740 \uc2a4\ud14c\ube44\uc544\ub294 \uc131\uc778\uacfc \uc5b4\ub9b0\uc774 \ubaa8\ub450 \uc12d\ucde8\ud560 \uc218 \uc788\ub2e4\ub294 \uc810\uc785\ub2c8\ub2e4.<span style=\"font-size: 14.4px;\"> \uc138\uacc4\ubcf4\uac74\uae30\uad6c(WHO), \uc720\ub7fd\uc2dd\ud488\uc548\uc804\uccad(EFSA) \ub4f1 \uc218\ub9ce\uc740 \ubcf4\uac74 \uae30\uad00\uc5d0\uc11c \uc548\uc804\ud55c \uc81c\ud488\uc73c\ub85c \uc778\uc815\ubc1b\uace0 \uc788\uc73c\uba70 \ub2e4\uc591\ud55c \uc2dd\ud488\uc5d0 \uc0ac\uc6a9\ud560 \uc218 \uc788\uc2b5\ub2c8\ub2e4.<\/span>  <\/p>\n","protected":false},"excerpt":{"rendered":"<p>\uc77c\ubc18\uc801\uc73c\ub85c \uc2a4\ud14c\ube44\uc544 \ub610\ub294 \uc2a4\ud14c\ube44\uc544\ub85c \uc54c\ub824\uc9c4 \uc2a4\ud14c\ube44\uc62c \ubc30\ub2f9\uccb4 95 REB-A 80 \ubc0f REB-A 60\uc740 \ubc31\uc124\ud0d5\uc758 \uc2dd\ubb3c\uc131 \ub300\uccb4\ubb3c\uc785\ub2c8\ub2e4. \uc774\ub4e4\uc758 \uc778\uae30\ub294 \uadf8 \ud2b9\uc131 \ub355\ubd84\uc785\ub2c8\ub2e4. \uc2a4\ud14c\ube44\uc62c \ubc30\ub2f9\uccb4\ub294 \ub2ec\ucf64\ud558\uba70 \uc77c\ubc18 \ubc31\uc124\ud0d5\uc744 \ub300\uccb4\ud558\ub294 \uac74\uac15\ud558\uace0 \uc790\uc5f0\uc2a4\ub7ec\uc6b4 \ub300\uc6a9\ud488\uc73c\ub85c \uc27d\uac8c \uc0ac\uc6a9\ud560 \uc218 \uc788\uc2b5\ub2c8\ub2e4.  <\/p>\n","protected":false},"featured_media":41431,"template":"","meta":{"_acf_changed":false},"product_brand":[],"product_cat":[8175],"product_tag":[],"class_list":{"0":"post-41430","1":"product","2":"type-product","3":"status-publish","4":"has-post-thumbnail","6":"product_cat-saeng-san-yong-won-ryo","7":"pa_grupa-substancji-8241","9":"first","10":"instock","11":"shipping-taxable","12":"product-type-simple"},"acf":[],"yoast_head":"<!-- This site is optimized with the Yoast SEO plugin v27.5 - https:\/\/yoast.com\/product\/yoast-seo-wordpress\/ -->\n<title>\uc2a4\ud14c\ube44\uc62c \ubc30\ub2f9\uccb4 95 REB-A 80 \ubc0f REB-A 60(\uc2a4\ud14c\ube44\uc544) - NATURAL POLAND - Hurtowy Dystrybutor Surowc\u00f3w<\/title>\n<meta name=\"description\" content=\"\uc2a4\ud14c\ube44\uc544 \ub610\ub294 \uc2a4\ud14c\ube44\uc544\ub77c\ub294 \uc774\ub984\uc73c\ub85c \ud754\ud788 \uc54c\ub824\uc9c4 \uc2a4\ud14c\ube44\uc62c \ubc30\ub2f9\uccb4 95 REB-A 80 \ubc0f REB-A 60\uc740 \ubc31\uc124\ud0d5\uc744 \ub300\uccb4\ud560 \uc218 \uc788\ub294 \uc2dd\ubb3c\uc131 \uc124\ud0d5\uc785\ub2c8\ub2e4.\" \/>\n<meta name=\"robots\" content=\"index, follow, max-snippet:-1, max-image-preview:large, max-video-preview:-1\" \/>\n<link rel=\"canonical\" href=\"https:\/\/naturalpoland.com\/ko\/je-pum\/sig-pum-won-ryo\/saeng-san-yong-won-ryo\/seutebiol-baedangche\/\" \/>\n<meta property=\"og:locale\" content=\"ko_KR\" \/>\n<meta property=\"og:type\" content=\"article\" \/>\n<meta property=\"og:title\" content=\"\uc2a4\ud14c\ube44\uc62c \ubc30\ub2f9\uccb4 95 REB-A 80 \ubc0f REB-A 60(\uc2a4\ud14c\ube44\uc544) - NATURAL POLAND - Hurtowy Dystrybutor Surowc\u00f3w\" \/>\n<meta property=\"og:description\" content=\"\uc2a4\ud14c\ube44\uc544 \ub610\ub294 \uc2a4\ud14c\ube44\uc544\ub77c\ub294 \uc774\ub984\uc73c\ub85c \ud754\ud788 \uc54c\ub824\uc9c4 \uc2a4\ud14c\ube44\uc62c \ubc30\ub2f9\uccb4 95 REB-A 80 \ubc0f REB-A 60\uc740 \ubc31\uc124\ud0d5\uc744 \ub300\uccb4\ud560 \uc218 \uc788\ub294 \uc2dd\ubb3c\uc131 \uc124\ud0d5\uc785\ub2c8\ub2e4.\" \/>\n<meta property=\"og:url\" content=\"https:\/\/naturalpoland.com\/ko\/je-pum\/sig-pum-won-ryo\/saeng-san-yong-won-ryo\/seutebiol-baedangche\/\" \/>\n<meta property=\"og:site_name\" content=\"NATURAL POLAND - Hurtowy Dystrybutor Surowc\u00f3w\" \/>\n<meta property=\"article:publisher\" content=\"https:\/\/www.facebook.com\/naturalpoland.b2b\" \/>\n<meta property=\"article:modified_time\" content=\"2025-06-06T14:22:53+00:00\" \/>\n<meta property=\"og:image\" content=\"https:\/\/naturalpoland.com\/wp-content\/uploads\/2021\/05\/steviol-glycosides-95-reb-a-80-and-reb-a-60-stevia.jpg\" \/>\n\t<meta property=\"og:image:width\" content=\"1688\" \/>\n\t<meta property=\"og:image:height\" content=\"1125\" \/>\n\t<meta property=\"og:image:type\" content=\"image\/jpeg\" \/>\n<script type=\"application\/ld+json\" class=\"yoast-schema-graph\">{\"@context\":\"https:\\\/\\\/schema.org\",\"@graph\":[{\"@type\":\"WebPage\",\"@id\":\"https:\\\/\\\/naturalpoland.com\\\/ko\\\/je-pum\\\/sig-pum-won-ryo\\\/saeng-san-yong-won-ryo\\\/seutebiol-baedangche\\\/\",\"url\":\"https:\\\/\\\/naturalpoland.com\\\/ko\\\/je-pum\\\/sig-pum-won-ryo\\\/saeng-san-yong-won-ryo\\\/seutebiol-baedangche\\\/\",\"name\":\"\uc2a4\ud14c\ube44\uc62c \ubc30\ub2f9\uccb4 95 REB-A 80 \ubc0f REB-A 60(\uc2a4\ud14c\ube44\uc544) - NATURAL POLAND - Hurtowy Dystrybutor Surowc\u00f3w\",\"isPartOf\":{\"@id\":\"https:\\\/\\\/naturalpoland.com\\\/ko\\\/#website\"},\"primaryImageOfPage\":{\"@id\":\"https:\\\/\\\/naturalpoland.com\\\/ko\\\/je-pum\\\/sig-pum-won-ryo\\\/saeng-san-yong-won-ryo\\\/seutebiol-baedangche\\\/#primaryimage\"},\"image\":{\"@id\":\"https:\\\/\\\/naturalpoland.com\\\/ko\\\/je-pum\\\/sig-pum-won-ryo\\\/saeng-san-yong-won-ryo\\\/seutebiol-baedangche\\\/#primaryimage\"},\"thumbnailUrl\":\"https:\\\/\\\/naturalpoland.com\\\/wp-content\\\/uploads\\\/2021\\\/05\\\/steviol-glycosides-95-reb-a-80-and-reb-a-60-stevia.jpg\",\"datePublished\":\"2025-06-06T14:21:16+00:00\",\"dateModified\":\"2025-06-06T14:22:53+00:00\",\"description\":\"\uc2a4\ud14c\ube44\uc544 \ub610\ub294 \uc2a4\ud14c\ube44\uc544\ub77c\ub294 \uc774\ub984\uc73c\ub85c \ud754\ud788 \uc54c\ub824\uc9c4 \uc2a4\ud14c\ube44\uc62c \ubc30\ub2f9\uccb4 95 REB-A 80 \ubc0f REB-A 60\uc740 \ubc31\uc124\ud0d5\uc744 \ub300\uccb4\ud560 \uc218 \uc788\ub294 \uc2dd\ubb3c\uc131 \uc124\ud0d5\uc785\ub2c8\ub2e4.\",\"breadcrumb\":{\"@id\":\"https:\\\/\\\/naturalpoland.com\\\/ko\\\/je-pum\\\/sig-pum-won-ryo\\\/saeng-san-yong-won-ryo\\\/seutebiol-baedangche\\\/#breadcrumb\"},\"inLanguage\":\"ko-KR\",\"potentialAction\":[{\"@type\":\"ReadAction\",\"target\":[\"https:\\\/\\\/naturalpoland.com\\\/ko\\\/je-pum\\\/sig-pum-won-ryo\\\/saeng-san-yong-won-ryo\\\/seutebiol-baedangche\\\/\"]}]},{\"@type\":\"ImageObject\",\"inLanguage\":\"ko-KR\",\"@id\":\"https:\\\/\\\/naturalpoland.com\\\/ko\\\/je-pum\\\/sig-pum-won-ryo\\\/saeng-san-yong-won-ryo\\\/seutebiol-baedangche\\\/#primaryimage\",\"url\":\"https:\\\/\\\/naturalpoland.com\\\/wp-content\\\/uploads\\\/2021\\\/05\\\/steviol-glycosides-95-reb-a-80-and-reb-a-60-stevia.jpg\",\"contentUrl\":\"https:\\\/\\\/naturalpoland.com\\\/wp-content\\\/uploads\\\/2021\\\/05\\\/steviol-glycosides-95-reb-a-80-and-reb-a-60-stevia.jpg\",\"width\":1688,\"height\":1125,\"caption\":\"Glikozydy stewiolowe 95 REB-A 80 i REB-A 60 (Stewia)\"},{\"@type\":\"BreadcrumbList\",\"@id\":\"https:\\\/\\\/naturalpoland.com\\\/ko\\\/je-pum\\\/sig-pum-won-ryo\\\/saeng-san-yong-won-ryo\\\/seutebiol-baedangche\\\/#breadcrumb\",\"itemListElement\":[{\"@type\":\"ListItem\",\"position\":1,\"name\":\"\ud648\",\"item\":\"https:\\\/\\\/naturalpoland.com\\\/ko\\\/\"},{\"@type\":\"ListItem\",\"position\":2,\"name\":\"\uc81c\ud488\",\"item\":\"https:\\\/\\\/naturalpoland.com\\\/ko\\\/%ec%a0%9c%ed%92%88\\\/\"},{\"@type\":\"ListItem\",\"position\":3,\"name\":\"\uc2a4\ud14c\ube44\uc62c \ubc30\ub2f9\uccb4 95 REB-A 80 \ubc0f REB-A 60(\uc2a4\ud14c\ube44\uc544)\"}]},{\"@type\":\"WebSite\",\"@id\":\"https:\\\/\\\/naturalpoland.com\\\/ko\\\/#website\",\"url\":\"https:\\\/\\\/naturalpoland.com\\\/ko\\\/\",\"name\":\"NATURAL POLAND - Hurtowy Dystrybutor Surowc\u00f3w\",\"description\":\"Surowce dla przemys\u0142u spo\u017cywczego, kosmetycznego i farmaceutycznego\",\"publisher\":{\"@id\":\"https:\\\/\\\/naturalpoland.com\\\/ko\\\/#organization\"},\"potentialAction\":[{\"@type\":\"SearchAction\",\"target\":{\"@type\":\"EntryPoint\",\"urlTemplate\":\"https:\\\/\\\/naturalpoland.com\\\/ko\\\/?s={search_term_string}\"},\"query-input\":{\"@type\":\"PropertyValueSpecification\",\"valueRequired\":true,\"valueName\":\"search_term_string\"}}],\"inLanguage\":\"ko-KR\"},{\"@type\":\"Organization\",\"@id\":\"https:\\\/\\\/naturalpoland.com\\\/ko\\\/#organization\",\"name\":\"Natural Poland\",\"url\":\"https:\\\/\\\/naturalpoland.com\\\/ko\\\/\",\"logo\":{\"@type\":\"ImageObject\",\"inLanguage\":\"ko-KR\",\"@id\":\"https:\\\/\\\/naturalpoland.com\\\/ko\\\/#\\\/schema\\\/logo\\\/image\\\/\",\"url\":\"https:\\\/\\\/naturalpoland.com\\\/wp-content\\\/uploads\\\/2021\\\/05\\\/natural-poland-icon.png\",\"contentUrl\":\"https:\\\/\\\/naturalpoland.com\\\/wp-content\\\/uploads\\\/2021\\\/05\\\/natural-poland-icon.png\",\"width\":512,\"height\":512,\"caption\":\"Natural Poland\"},\"image\":{\"@id\":\"https:\\\/\\\/naturalpoland.com\\\/ko\\\/#\\\/schema\\\/logo\\\/image\\\/\"},\"sameAs\":[\"https:\\\/\\\/www.facebook.com\\\/naturalpoland.b2b\",\"https:\\\/\\\/pl.linkedin.com\\\/company\\\/natural-poland\",\"https:\\\/\\\/www.youtube.com\\\/channel\\\/UCgeGGkvOMahZo-xu_MSEWxg\"]}]}<\/script>\n<!-- \/ Yoast SEO plugin. -->","yoast_head_json":{"title":"\uc2a4\ud14c\ube44\uc62c \ubc30\ub2f9\uccb4 95 REB-A 80 \ubc0f REB-A 60(\uc2a4\ud14c\ube44\uc544) - NATURAL POLAND - Hurtowy Dystrybutor Surowc\u00f3w","description":"\uc2a4\ud14c\ube44\uc544 \ub610\ub294 \uc2a4\ud14c\ube44\uc544\ub77c\ub294 \uc774\ub984\uc73c\ub85c \ud754\ud788 \uc54c\ub824\uc9c4 \uc2a4\ud14c\ube44\uc62c \ubc30\ub2f9\uccb4 95 REB-A 80 \ubc0f REB-A 60\uc740 \ubc31\uc124\ud0d5\uc744 \ub300\uccb4\ud560 \uc218 \uc788\ub294 \uc2dd\ubb3c\uc131 \uc124\ud0d5\uc785\ub2c8\ub2e4.","robots":{"index":"index","follow":"follow","max-snippet":"max-snippet:-1","max-image-preview":"max-image-preview:large","max-video-preview":"max-video-preview:-1"},"canonical":"https:\/\/naturalpoland.com\/ko\/je-pum\/sig-pum-won-ryo\/saeng-san-yong-won-ryo\/seutebiol-baedangche\/","og_locale":"ko_KR","og_type":"article","og_title":"\uc2a4\ud14c\ube44\uc62c \ubc30\ub2f9\uccb4 95 REB-A 80 \ubc0f REB-A 60(\uc2a4\ud14c\ube44\uc544) - NATURAL POLAND - Hurtowy Dystrybutor Surowc\u00f3w","og_description":"\uc2a4\ud14c\ube44\uc544 \ub610\ub294 \uc2a4\ud14c\ube44\uc544\ub77c\ub294 \uc774\ub984\uc73c\ub85c \ud754\ud788 \uc54c\ub824\uc9c4 \uc2a4\ud14c\ube44\uc62c \ubc30\ub2f9\uccb4 95 REB-A 80 \ubc0f REB-A 60\uc740 \ubc31\uc124\ud0d5\uc744 \ub300\uccb4\ud560 \uc218 \uc788\ub294 \uc2dd\ubb3c\uc131 \uc124\ud0d5\uc785\ub2c8\ub2e4.","og_url":"https:\/\/naturalpoland.com\/ko\/je-pum\/sig-pum-won-ryo\/saeng-san-yong-won-ryo\/seutebiol-baedangche\/","og_site_name":"NATURAL POLAND - Hurtowy Dystrybutor Surowc\u00f3w","article_publisher":"https:\/\/www.facebook.com\/naturalpoland.b2b","article_modified_time":"2025-06-06T14:22:53+00:00","og_image":[{"width":1688,"height":1125,"url":"https:\/\/naturalpoland.com\/wp-content\/uploads\/2021\/05\/steviol-glycosides-95-reb-a-80-and-reb-a-60-stevia.jpg","type":"image\/jpeg"}],"schema":{"@context":"https:\/\/schema.org","@graph":[{"@type":"WebPage","@id":"https:\/\/naturalpoland.com\/ko\/je-pum\/sig-pum-won-ryo\/saeng-san-yong-won-ryo\/seutebiol-baedangche\/","url":"https:\/\/naturalpoland.com\/ko\/je-pum\/sig-pum-won-ryo\/saeng-san-yong-won-ryo\/seutebiol-baedangche\/","name":"\uc2a4\ud14c\ube44\uc62c \ubc30\ub2f9\uccb4 95 REB-A 80 \ubc0f REB-A 60(\uc2a4\ud14c\ube44\uc544) - NATURAL POLAND - Hurtowy Dystrybutor Surowc\u00f3w","isPartOf":{"@id":"https:\/\/naturalpoland.com\/ko\/#website"},"primaryImageOfPage":{"@id":"https:\/\/naturalpoland.com\/ko\/je-pum\/sig-pum-won-ryo\/saeng-san-yong-won-ryo\/seutebiol-baedangche\/#primaryimage"},"image":{"@id":"https:\/\/naturalpoland.com\/ko\/je-pum\/sig-pum-won-ryo\/saeng-san-yong-won-ryo\/seutebiol-baedangche\/#primaryimage"},"thumbnailUrl":"https:\/\/naturalpoland.com\/wp-content\/uploads\/2021\/05\/steviol-glycosides-95-reb-a-80-and-reb-a-60-stevia.jpg","datePublished":"2025-06-06T14:21:16+00:00","dateModified":"2025-06-06T14:22:53+00:00","description":"\uc2a4\ud14c\ube44\uc544 \ub610\ub294 \uc2a4\ud14c\ube44\uc544\ub77c\ub294 \uc774\ub984\uc73c\ub85c \ud754\ud788 \uc54c\ub824\uc9c4 \uc2a4\ud14c\ube44\uc62c \ubc30\ub2f9\uccb4 95 REB-A 80 \ubc0f REB-A 60\uc740 \ubc31\uc124\ud0d5\uc744 \ub300\uccb4\ud560 \uc218 \uc788\ub294 \uc2dd\ubb3c\uc131 \uc124\ud0d5\uc785\ub2c8\ub2e4.","breadcrumb":{"@id":"https:\/\/naturalpoland.com\/ko\/je-pum\/sig-pum-won-ryo\/saeng-san-yong-won-ryo\/seutebiol-baedangche\/#breadcrumb"},"inLanguage":"ko-KR","potentialAction":[{"@type":"ReadAction","target":["https:\/\/naturalpoland.com\/ko\/je-pum\/sig-pum-won-ryo\/saeng-san-yong-won-ryo\/seutebiol-baedangche\/"]}]},{"@type":"ImageObject","inLanguage":"ko-KR","@id":"https:\/\/naturalpoland.com\/ko\/je-pum\/sig-pum-won-ryo\/saeng-san-yong-won-ryo\/seutebiol-baedangche\/#primaryimage","url":"https:\/\/naturalpoland.com\/wp-content\/uploads\/2021\/05\/steviol-glycosides-95-reb-a-80-and-reb-a-60-stevia.jpg","contentUrl":"https:\/\/naturalpoland.com\/wp-content\/uploads\/2021\/05\/steviol-glycosides-95-reb-a-80-and-reb-a-60-stevia.jpg","width":1688,"height":1125,"caption":"Glikozydy stewiolowe 95 REB-A 80 i REB-A 60 (Stewia)"},{"@type":"BreadcrumbList","@id":"https:\/\/naturalpoland.com\/ko\/je-pum\/sig-pum-won-ryo\/saeng-san-yong-won-ryo\/seutebiol-baedangche\/#breadcrumb","itemListElement":[{"@type":"ListItem","position":1,"name":"\ud648","item":"https:\/\/naturalpoland.com\/ko\/"},{"@type":"ListItem","position":2,"name":"\uc81c\ud488","item":"https:\/\/naturalpoland.com\/ko\/%ec%a0%9c%ed%92%88\/"},{"@type":"ListItem","position":3,"name":"\uc2a4\ud14c\ube44\uc62c \ubc30\ub2f9\uccb4 95 REB-A 80 \ubc0f REB-A 60(\uc2a4\ud14c\ube44\uc544)"}]},{"@type":"WebSite","@id":"https:\/\/naturalpoland.com\/ko\/#website","url":"https:\/\/naturalpoland.com\/ko\/","name":"NATURAL POLAND - Hurtowy Dystrybutor Surowc\u00f3w","description":"Surowce dla przemys\u0142u spo\u017cywczego, kosmetycznego i farmaceutycznego","publisher":{"@id":"https:\/\/naturalpoland.com\/ko\/#organization"},"potentialAction":[{"@type":"SearchAction","target":{"@type":"EntryPoint","urlTemplate":"https:\/\/naturalpoland.com\/ko\/?s={search_term_string}"},"query-input":{"@type":"PropertyValueSpecification","valueRequired":true,"valueName":"search_term_string"}}],"inLanguage":"ko-KR"},{"@type":"Organization","@id":"https:\/\/naturalpoland.com\/ko\/#organization","name":"Natural Poland","url":"https:\/\/naturalpoland.com\/ko\/","logo":{"@type":"ImageObject","inLanguage":"ko-KR","@id":"https:\/\/naturalpoland.com\/ko\/#\/schema\/logo\/image\/","url":"https:\/\/naturalpoland.com\/wp-content\/uploads\/2021\/05\/natural-poland-icon.png","contentUrl":"https:\/\/naturalpoland.com\/wp-content\/uploads\/2021\/05\/natural-poland-icon.png","width":512,"height":512,"caption":"Natural Poland"},"image":{"@id":"https:\/\/naturalpoland.com\/ko\/#\/schema\/logo\/image\/"},"sameAs":["https:\/\/www.facebook.com\/naturalpoland.b2b","https:\/\/pl.linkedin.com\/company\/natural-poland","https:\/\/www.youtube.com\/channel\/UCgeGGkvOMahZo-xu_MSEWxg"]}]}},"_links":{"self":[{"href":"https:\/\/naturalpoland.com\/ko\/wp-json\/wp\/v2\/product\/41430","targetHints":{"allow":["GET"]}}],"collection":[{"href":"https:\/\/naturalpoland.com\/ko\/wp-json\/wp\/v2\/product"}],"about":[{"href":"https:\/\/naturalpoland.com\/ko\/wp-json\/wp\/v2\/types\/product"}],"wp:featuredmedia":[{"embeddable":true,"href":"https:\/\/naturalpoland.com\/ko\/wp-json\/wp\/v2\/media\/41431"}],"wp:attachment":[{"href":"https:\/\/naturalpoland.com\/ko\/wp-json\/wp\/v2\/media?parent=41430"}],"wp:term":[{"taxonomy":"product_brand","embeddable":true,"href":"https:\/\/naturalpoland.com\/ko\/wp-json\/wp\/v2\/product_brand?post=41430"},{"taxonomy":"product_cat","embeddable":true,"href":"https:\/\/naturalpoland.com\/ko\/wp-json\/wp\/v2\/product_cat?post=41430"},{"taxonomy":"product_tag","embeddable":true,"href":"https:\/\/naturalpoland.com\/ko\/wp-json\/wp\/v2\/product_tag?post=41430"}],"curies":[{"name":"wp","href":"https:\/\/api.w.org\/{rel}","templated":true}]}}