{"id":41433,"date":"2021-05-11T13:56:36","date_gmt":"2025-06-06T14:24:44","guid":{"rendered":"https:\/\/naturalpoland.com\/produkty\/uncategorized\/%ec%8a%a4%ed%85%8c%eb%b9%84%ec%95%84\/"},"modified":"2025-06-06T16:25:59","modified_gmt":"2025-06-06T14:25:59","slug":"seutebia","status":"publish","type":"product","link":"https:\/\/naturalpoland.com\/ko\/je-pum\/sig-pum-won-ryo\/saeng-san-yong-won-ryo\/seutebia\/","title":{"rendered":"\uc2a4\ud14c\ube44\uc544"},"content":{"rendered":"<p>\uc2a4\ud14c\ube44\uc544\ub294 \ub9ce\uc740 \uc0ac\ub78c\uc774 \ucc3e\ub294 \ub2e8\ub9db\uc744 \uc720\uc9c0\ud558\uba74\uc11c \uac74\uac15 \uc99d\uc9c4 \ud6a8\uacfc\uac00 \ub6f0\uc5b4\ub098\ub2e4\ub294 \uc810\uc774 \ud2b9\uc9d5\uc785\ub2c8\ub2e4. \uc81c\ub85c \uce7c\ub85c\ub9ac \uc81c\ud488\uc778 \uc2a4\ud14c\ube44\uc544\ub294 \ub2f9\ub1e8\ubcd1\uc774\ub098 \uacfc\ub3c4\ud55c \uccb4\uc911 \ubb38\uc81c\ub85c \uace0\uc0dd\ud558\ub294 \uc0ac\ub78c\ub4e4\ub3c4 \uc548\uc804\ud558\uac8c \uc0ac\uc6a9\ud560 \uc218 \uc788\uc2b5\ub2c8\ub2e4. \ubc31\uc124\ud0d5\uacfc \ub2ec\ub9ac \uc2a4\ud14c\ube44\uc544\ub294 \ube44\ub9cc, \uace0\ud608\uc555, \ucda9\uce58 \ub4f1\uc758 \ubd80\uc791\uc6a9\uc744 \uc77c\uc73c\ud0a4\uc9c0 \uc54a\uc2b5\ub2c8\ub2e4.  <\/p>\n","protected":false},"excerpt":{"rendered":"<p>\uc2a4\ud14c\ube44\uc544\ub294 \ub2e4\uc591\ud55c \uc774\uc720\ub85c \uc2dd\ub2e8\uc744 \uac71\uc815\ud558\ub294 \uc0ac\ub78c\ub4e4\uc5d0\uac8c \uc778\uae30 \uc788\ub294 \uc2dd\ubb3c\uc131 \ucc9c\uc5f0 \uac10\ubbf8\ub8cc\uc785\ub2c8\ub2e4. \uc2a4\ud14c\ube44\uc544\ub294 \ub192\uc740 \uc601\uc591 \ud568\ub7c9\uacfc \uae30\uc874 \uc124\ud0d5\ubcf4\ub2e4 \uc218\ubc31 \ubc30 \ub192\uc740 \ub2e8\ub9db\uc73c\ub85c \uc18c\ube44\uc790\ub4e4\uc5d0\uac8c \ub9e4\uc6b0 \uc778\uae30\uac00 \uc788\uc2b5\ub2c8\ub2e4. <\/p>\n","protected":false},"featured_media":41434,"template":"","meta":{"_acf_changed":false},"product_brand":[],"product_cat":[8175],"product_tag":[],"class_list":{"0":"post-41433","1":"product","2":"type-product","3":"status-publish","4":"has-post-thumbnail","6":"product_cat-saeng-san-yong-won-ryo","8":"first","9":"instock","10":"shipping-taxable","11":"product-type-simple"},"acf":[],"yoast_head":"<!-- This site is optimized with the Yoast SEO plugin v27.4 - https:\/\/yoast.com\/product\/yoast-seo-wordpress\/ -->\n<title>\uc2a4\ud14c\ube44\uc544 - Hurtowy Dystrybutor<\/title>\n<meta name=\"robots\" content=\"index, follow, max-snippet:-1, max-image-preview:large, max-video-preview:-1\" \/>\n<link rel=\"canonical\" href=\"https:\/\/naturalpoland.com\/ko\/je-pum\/sig-pum-won-ryo\/saeng-san-yong-won-ryo\/seutebia\/\" \/>\n<meta property=\"og:locale\" content=\"ko_KR\" \/>\n<meta property=\"og:type\" content=\"article\" \/>\n<meta property=\"og:title\" content=\"\uc2a4\ud14c\ube44\uc544 - Hurtowy Dystrybutor\" \/>\n<meta property=\"og:description\" content=\"\uc2a4\ud14c\ube44\uc544\ub294 \ub2e4\uc591\ud55c \uc774\uc720\ub85c \uc2dd\ub2e8\uc744 \uac71\uc815\ud558\ub294 \uc0ac\ub78c\ub4e4\uc5d0\uac8c \uc778\uae30 \uc788\ub294 \uc2dd\ubb3c\uc131 \ucc9c\uc5f0 \uac10\ubbf8\ub8cc\uc785\ub2c8\ub2e4. \uc2a4\ud14c\ube44\uc544\ub294 \ub192\uc740 \uc601\uc591 \ud568\ub7c9\uacfc \uae30\uc874 \uc124\ud0d5\ubcf4\ub2e4 \uc218\ubc31 \ubc30 \ub192\uc740 \ub2e8\ub9db\uc73c\ub85c \uc18c\ube44\uc790\ub4e4\uc5d0\uac8c \ub9e4\uc6b0 \uc778\uae30\uac00 \uc788\uc2b5\ub2c8\ub2e4.\" \/>\n<meta property=\"og:url\" content=\"https:\/\/naturalpoland.com\/ko\/je-pum\/sig-pum-won-ryo\/saeng-san-yong-won-ryo\/seutebia\/\" \/>\n<meta property=\"og:site_name\" content=\"NATURAL POLAND - Hurtowy Dystrybutor Surowc\u00f3w\" \/>\n<meta property=\"article:publisher\" content=\"https:\/\/www.facebook.com\/naturalpoland.b2b\" \/>\n<meta property=\"article:modified_time\" content=\"2025-06-06T14:25:59+00:00\" \/>\n<meta property=\"og:image\" content=\"https:\/\/naturalpoland.com\/wp-content\/uploads\/2021\/05\/stevia.jpg\" \/>\n\t<meta property=\"og:image:width\" content=\"620\" \/>\n\t<meta property=\"og:image:height\" content=\"297\" \/>\n\t<meta property=\"og:image:type\" content=\"image\/jpeg\" \/>\n<script type=\"application\/ld+json\" class=\"yoast-schema-graph\">{\"@context\":\"https:\\\/\\\/schema.org\",\"@graph\":[{\"@type\":\"WebPage\",\"@id\":\"https:\\\/\\\/naturalpoland.com\\\/ko\\\/je-pum\\\/sig-pum-won-ryo\\\/saeng-san-yong-won-ryo\\\/seutebia\\\/\",\"url\":\"https:\\\/\\\/naturalpoland.com\\\/ko\\\/je-pum\\\/sig-pum-won-ryo\\\/saeng-san-yong-won-ryo\\\/seutebia\\\/\",\"name\":\"\uc2a4\ud14c\ube44\uc544 - Hurtowy Dystrybutor\",\"isPartOf\":{\"@id\":\"https:\\\/\\\/naturalpoland.com\\\/ko\\\/#website\"},\"primaryImageOfPage\":{\"@id\":\"https:\\\/\\\/naturalpoland.com\\\/ko\\\/je-pum\\\/sig-pum-won-ryo\\\/saeng-san-yong-won-ryo\\\/seutebia\\\/#primaryimage\"},\"image\":{\"@id\":\"https:\\\/\\\/naturalpoland.com\\\/ko\\\/je-pum\\\/sig-pum-won-ryo\\\/saeng-san-yong-won-ryo\\\/seutebia\\\/#primaryimage\"},\"thumbnailUrl\":\"https:\\\/\\\/naturalpoland.com\\\/wp-content\\\/uploads\\\/2021\\\/05\\\/stevia.jpg\",\"datePublished\":\"2025-06-06T14:24:44+00:00\",\"dateModified\":\"2025-06-06T14:25:59+00:00\",\"breadcrumb\":{\"@id\":\"https:\\\/\\\/naturalpoland.com\\\/ko\\\/je-pum\\\/sig-pum-won-ryo\\\/saeng-san-yong-won-ryo\\\/seutebia\\\/#breadcrumb\"},\"inLanguage\":\"ko-KR\",\"potentialAction\":[{\"@type\":\"ReadAction\",\"target\":[\"https:\\\/\\\/naturalpoland.com\\\/ko\\\/je-pum\\\/sig-pum-won-ryo\\\/saeng-san-yong-won-ryo\\\/seutebia\\\/\"]}]},{\"@type\":\"ImageObject\",\"inLanguage\":\"ko-KR\",\"@id\":\"https:\\\/\\\/naturalpoland.com\\\/ko\\\/je-pum\\\/sig-pum-won-ryo\\\/saeng-san-yong-won-ryo\\\/seutebia\\\/#primaryimage\",\"url\":\"https:\\\/\\\/naturalpoland.com\\\/wp-content\\\/uploads\\\/2021\\\/05\\\/stevia.jpg\",\"contentUrl\":\"https:\\\/\\\/naturalpoland.com\\\/wp-content\\\/uploads\\\/2021\\\/05\\\/stevia.jpg\",\"width\":620,\"height\":297,\"caption\":\"Stewia\"},{\"@type\":\"BreadcrumbList\",\"@id\":\"https:\\\/\\\/naturalpoland.com\\\/ko\\\/je-pum\\\/sig-pum-won-ryo\\\/saeng-san-yong-won-ryo\\\/seutebia\\\/#breadcrumb\",\"itemListElement\":[{\"@type\":\"ListItem\",\"position\":1,\"name\":\"\ud648\",\"item\":\"https:\\\/\\\/naturalpoland.com\\\/ko\\\/\"},{\"@type\":\"ListItem\",\"position\":2,\"name\":\"\uc81c\ud488\",\"item\":\"https:\\\/\\\/naturalpoland.com\\\/ko\\\/%ec%a0%9c%ed%92%88\\\/\"},{\"@type\":\"ListItem\",\"position\":3,\"name\":\"\uc2a4\ud14c\ube44\uc544\"}]},{\"@type\":\"WebSite\",\"@id\":\"https:\\\/\\\/naturalpoland.com\\\/ko\\\/#website\",\"url\":\"https:\\\/\\\/naturalpoland.com\\\/ko\\\/\",\"name\":\"NATURAL POLAND - Hurtowy Dystrybutor Surowc\u00f3w\",\"description\":\"Surowce dla przemys\u0142u spo\u017cywczego, kosmetycznego i farmaceutycznego\",\"publisher\":{\"@id\":\"https:\\\/\\\/naturalpoland.com\\\/ko\\\/#organization\"},\"potentialAction\":[{\"@type\":\"SearchAction\",\"target\":{\"@type\":\"EntryPoint\",\"urlTemplate\":\"https:\\\/\\\/naturalpoland.com\\\/ko\\\/?s={search_term_string}\"},\"query-input\":{\"@type\":\"PropertyValueSpecification\",\"valueRequired\":true,\"valueName\":\"search_term_string\"}}],\"inLanguage\":\"ko-KR\"},{\"@type\":\"Organization\",\"@id\":\"https:\\\/\\\/naturalpoland.com\\\/ko\\\/#organization\",\"name\":\"Natural Poland\",\"url\":\"https:\\\/\\\/naturalpoland.com\\\/ko\\\/\",\"logo\":{\"@type\":\"ImageObject\",\"inLanguage\":\"ko-KR\",\"@id\":\"https:\\\/\\\/naturalpoland.com\\\/ko\\\/#\\\/schema\\\/logo\\\/image\\\/\",\"url\":\"https:\\\/\\\/naturalpoland.com\\\/wp-content\\\/uploads\\\/2021\\\/05\\\/natural-poland-icon.png\",\"contentUrl\":\"https:\\\/\\\/naturalpoland.com\\\/wp-content\\\/uploads\\\/2021\\\/05\\\/natural-poland-icon.png\",\"width\":512,\"height\":512,\"caption\":\"Natural Poland\"},\"image\":{\"@id\":\"https:\\\/\\\/naturalpoland.com\\\/ko\\\/#\\\/schema\\\/logo\\\/image\\\/\"},\"sameAs\":[\"https:\\\/\\\/www.facebook.com\\\/naturalpoland.b2b\",\"https:\\\/\\\/pl.linkedin.com\\\/company\\\/natural-poland\",\"https:\\\/\\\/www.youtube.com\\\/channel\\\/UCgeGGkvOMahZo-xu_MSEWxg\"]}]}<\/script>\n<!-- \/ Yoast SEO plugin. -->","yoast_head_json":{"title":"\uc2a4\ud14c\ube44\uc544 - Hurtowy Dystrybutor","robots":{"index":"index","follow":"follow","max-snippet":"max-snippet:-1","max-image-preview":"max-image-preview:large","max-video-preview":"max-video-preview:-1"},"canonical":"https:\/\/naturalpoland.com\/ko\/je-pum\/sig-pum-won-ryo\/saeng-san-yong-won-ryo\/seutebia\/","og_locale":"ko_KR","og_type":"article","og_title":"\uc2a4\ud14c\ube44\uc544 - Hurtowy Dystrybutor","og_description":"\uc2a4\ud14c\ube44\uc544\ub294 \ub2e4\uc591\ud55c \uc774\uc720\ub85c \uc2dd\ub2e8\uc744 \uac71\uc815\ud558\ub294 \uc0ac\ub78c\ub4e4\uc5d0\uac8c \uc778\uae30 \uc788\ub294 \uc2dd\ubb3c\uc131 \ucc9c\uc5f0 \uac10\ubbf8\ub8cc\uc785\ub2c8\ub2e4. \uc2a4\ud14c\ube44\uc544\ub294 \ub192\uc740 \uc601\uc591 \ud568\ub7c9\uacfc \uae30\uc874 \uc124\ud0d5\ubcf4\ub2e4 \uc218\ubc31 \ubc30 \ub192\uc740 \ub2e8\ub9db\uc73c\ub85c \uc18c\ube44\uc790\ub4e4\uc5d0\uac8c \ub9e4\uc6b0 \uc778\uae30\uac00 \uc788\uc2b5\ub2c8\ub2e4.","og_url":"https:\/\/naturalpoland.com\/ko\/je-pum\/sig-pum-won-ryo\/saeng-san-yong-won-ryo\/seutebia\/","og_site_name":"NATURAL POLAND - Hurtowy Dystrybutor Surowc\u00f3w","article_publisher":"https:\/\/www.facebook.com\/naturalpoland.b2b","article_modified_time":"2025-06-06T14:25:59+00:00","og_image":[{"width":620,"height":297,"url":"https:\/\/naturalpoland.com\/wp-content\/uploads\/2021\/05\/stevia.jpg","type":"image\/jpeg"}],"schema":{"@context":"https:\/\/schema.org","@graph":[{"@type":"WebPage","@id":"https:\/\/naturalpoland.com\/ko\/je-pum\/sig-pum-won-ryo\/saeng-san-yong-won-ryo\/seutebia\/","url":"https:\/\/naturalpoland.com\/ko\/je-pum\/sig-pum-won-ryo\/saeng-san-yong-won-ryo\/seutebia\/","name":"\uc2a4\ud14c\ube44\uc544 - Hurtowy Dystrybutor","isPartOf":{"@id":"https:\/\/naturalpoland.com\/ko\/#website"},"primaryImageOfPage":{"@id":"https:\/\/naturalpoland.com\/ko\/je-pum\/sig-pum-won-ryo\/saeng-san-yong-won-ryo\/seutebia\/#primaryimage"},"image":{"@id":"https:\/\/naturalpoland.com\/ko\/je-pum\/sig-pum-won-ryo\/saeng-san-yong-won-ryo\/seutebia\/#primaryimage"},"thumbnailUrl":"https:\/\/naturalpoland.com\/wp-content\/uploads\/2021\/05\/stevia.jpg","datePublished":"2025-06-06T14:24:44+00:00","dateModified":"2025-06-06T14:25:59+00:00","breadcrumb":{"@id":"https:\/\/naturalpoland.com\/ko\/je-pum\/sig-pum-won-ryo\/saeng-san-yong-won-ryo\/seutebia\/#breadcrumb"},"inLanguage":"ko-KR","potentialAction":[{"@type":"ReadAction","target":["https:\/\/naturalpoland.com\/ko\/je-pum\/sig-pum-won-ryo\/saeng-san-yong-won-ryo\/seutebia\/"]}]},{"@type":"ImageObject","inLanguage":"ko-KR","@id":"https:\/\/naturalpoland.com\/ko\/je-pum\/sig-pum-won-ryo\/saeng-san-yong-won-ryo\/seutebia\/#primaryimage","url":"https:\/\/naturalpoland.com\/wp-content\/uploads\/2021\/05\/stevia.jpg","contentUrl":"https:\/\/naturalpoland.com\/wp-content\/uploads\/2021\/05\/stevia.jpg","width":620,"height":297,"caption":"Stewia"},{"@type":"BreadcrumbList","@id":"https:\/\/naturalpoland.com\/ko\/je-pum\/sig-pum-won-ryo\/saeng-san-yong-won-ryo\/seutebia\/#breadcrumb","itemListElement":[{"@type":"ListItem","position":1,"name":"\ud648","item":"https:\/\/naturalpoland.com\/ko\/"},{"@type":"ListItem","position":2,"name":"\uc81c\ud488","item":"https:\/\/naturalpoland.com\/ko\/%ec%a0%9c%ed%92%88\/"},{"@type":"ListItem","position":3,"name":"\uc2a4\ud14c\ube44\uc544"}]},{"@type":"WebSite","@id":"https:\/\/naturalpoland.com\/ko\/#website","url":"https:\/\/naturalpoland.com\/ko\/","name":"NATURAL POLAND - Hurtowy Dystrybutor Surowc\u00f3w","description":"Surowce dla przemys\u0142u spo\u017cywczego, kosmetycznego i farmaceutycznego","publisher":{"@id":"https:\/\/naturalpoland.com\/ko\/#organization"},"potentialAction":[{"@type":"SearchAction","target":{"@type":"EntryPoint","urlTemplate":"https:\/\/naturalpoland.com\/ko\/?s={search_term_string}"},"query-input":{"@type":"PropertyValueSpecification","valueRequired":true,"valueName":"search_term_string"}}],"inLanguage":"ko-KR"},{"@type":"Organization","@id":"https:\/\/naturalpoland.com\/ko\/#organization","name":"Natural Poland","url":"https:\/\/naturalpoland.com\/ko\/","logo":{"@type":"ImageObject","inLanguage":"ko-KR","@id":"https:\/\/naturalpoland.com\/ko\/#\/schema\/logo\/image\/","url":"https:\/\/naturalpoland.com\/wp-content\/uploads\/2021\/05\/natural-poland-icon.png","contentUrl":"https:\/\/naturalpoland.com\/wp-content\/uploads\/2021\/05\/natural-poland-icon.png","width":512,"height":512,"caption":"Natural Poland"},"image":{"@id":"https:\/\/naturalpoland.com\/ko\/#\/schema\/logo\/image\/"},"sameAs":["https:\/\/www.facebook.com\/naturalpoland.b2b","https:\/\/pl.linkedin.com\/company\/natural-poland","https:\/\/www.youtube.com\/channel\/UCgeGGkvOMahZo-xu_MSEWxg"]}]}},"_links":{"self":[{"href":"https:\/\/naturalpoland.com\/ko\/wp-json\/wp\/v2\/product\/41433","targetHints":{"allow":["GET"]}}],"collection":[{"href":"https:\/\/naturalpoland.com\/ko\/wp-json\/wp\/v2\/product"}],"about":[{"href":"https:\/\/naturalpoland.com\/ko\/wp-json\/wp\/v2\/types\/product"}],"wp:featuredmedia":[{"embeddable":true,"href":"https:\/\/naturalpoland.com\/ko\/wp-json\/wp\/v2\/media\/41434"}],"wp:attachment":[{"href":"https:\/\/naturalpoland.com\/ko\/wp-json\/wp\/v2\/media?parent=41433"}],"wp:term":[{"taxonomy":"product_brand","embeddable":true,"href":"https:\/\/naturalpoland.com\/ko\/wp-json\/wp\/v2\/product_brand?post=41433"},{"taxonomy":"product_cat","embeddable":true,"href":"https:\/\/naturalpoland.com\/ko\/wp-json\/wp\/v2\/product_cat?post=41433"},{"taxonomy":"product_tag","embeddable":true,"href":"https:\/\/naturalpoland.com\/ko\/wp-json\/wp\/v2\/product_tag?post=41433"}],"curies":[{"name":"wp","href":"https:\/\/api.w.org\/{rel}","templated":true}]}}