{"id":41435,"date":"2021-05-11T13:46:09","date_gmt":"2025-06-06T14:26:14","guid":{"rendered":"https:\/\/naturalpoland.com\/produkty\/uncategorized\/%eb%8b%ac%ec%bd%a4%ed%95%9c-%eb%b8%94%eb%9e%99%eb%b2%a0%eb%a6%ac-%ec%9e%8e\/"},"modified":"2025-06-06T16:27:27","modified_gmt":"2025-06-06T14:27:27","slug":"seuwiteuberi-ip","status":"publish","type":"product","link":"https:\/\/naturalpoland.com\/ko\/je-pum\/sig-pum-won-ryo\/saeng-san-yong-won-ryo\/seuwiteuberi-ip\/","title":{"rendered":"\ub2ec\ucf64\ud55c \ube14\ub799\ubca0\ub9ac \uc78e"},"content":{"rendered":"<p>\uc2a4\uc704\ud2b8 \ube14\ub799\ubca0\ub9ac \uc78e\uc740 \uc5ec\ub7ec \uc138\ub300\uc5d0 \uac78\uccd0 \uc790\uc5f0 \uc758\ud559\uc5d0 \uc0ac\uc6a9\ub418\uc5b4 \uc628 \uc720\uae30\ub18d \uc81c\ud488 \uc911 \ud558\ub098\uc785\ub2c8\ub2e4. \uc78e\uc744 \uc8fc\uc785\ud558\uba74 \ubab8\uc744 \ub530\ub73b\ud558\uac8c \ud558\uace0 \uba74\uc5ed\ub825\uc744 \ub192\uc774\ub294 \ub370 \ud0c1\uc6d4\ud569\ub2c8\ub2e4. \ub2ec\ucf64\ud55c \ube14\ub799 \ubca0\ub9ac \uc78e \uc8fc\uc785\uc758 \ud6a8\uacfc\uc5d0\ub294 \ud56d\uade0 \uc791\uc6a9, \ud608\ub2f9 \uc218\uce58 \uc800\ud558, \uc810\ub9c9\uc5d0 \ub300\ud55c \uc218\ub834 \uc791\uc6a9, \uc5fc\uc99d \uc608\ubc29 \ub610\ub294 \uc18c\ud654 \uc2dc\uc2a4\ud15c\uc5d0 \ub300\ud55c \uc720\uc775\ud55c \ud6a8\uacfc\uac00 \ud3ec\ud568\ub429\ub2c8\ub2e4. \ub2ec\ucf64\ud55c \ube14\ub799 \ubca0\ub9ac \uc78e\uc744 \uc815\uae30\uc801\uc73c\ub85c \uc8fc\uc785\ud558\uba74 \ubab8 \uc804\uccb4\uc5d0 \uae0d\uc815\uc801 \uc778 \uacb0\uacfc\ub97c \uac00\uc838\uc635\ub2c8\ub2e4. \ub9e4\uc6b0 \uc778\uae30 \uc788\uace0 \ub9db\uc774 \uc88b\uc73c\uba70 \ubb34\uc5c7\ubcf4\ub2e4\ub3c4 \ubaa8\ub4e0 \uc0ac\ub78c\uc5d0\uac8c \uc548\uc804\ud569\ub2c8\ub2e4.    <\/p>\n&#13;\n<p>\u00a0<\/p>&#13;\n<p><strong>\uc6b0\ub9ac\ub294 \ub2ec\ucf64\ud55c \ube14\ub799\ubca0\ub9ac \uc78e\uc758 \uc218\uc785 \ubc0f \uc720\ud1b5\uc5d0 \ub2e4\ub144\uac04\uc758 \uacbd\ud5d8\uc744 \uac00\uc9c0\uace0 \uc788\uc2b5\ub2c8\ub2e4.<\/strong><\/p>\n","protected":false},"excerpt":{"rendered":"<p>\ud48d\ubbf8\uac00 \uac00\ub4dd\ud55c 100% \uc2a4\uc704\ud2b8 \ube14\ub799\ubca0\ub9ac \uc78e<em>(\ub8e8\ube44 \uc218\uc544\ube44\uc2dc\ubbf8 \ud3f4\ub9ac\uc6c0<\/em>) \ud1b5\uc9f8\ub85c \ub610\ub294 \uc808\ub2e8\ud55c \uc81c\ud488\uc785\ub2c8\ub2e4. \uc5b4\ub5a0\ud55c \ud63c\ud569\ubb3c\uc774\ub098 \ucca8\uac00\ubb3c\ub3c4 \ub123\uc9c0 \uc54a\uc558\uc2b5\ub2c8\ub2e4.  \uc6b0\ub9ac\ub294 \uc911\uad6d \uc911\ubd80 \uc9c0\uc5ed\uc758 \uc6d0\uc2dc \uc0b0\uc9c0\uc5d0\uc11c \ub2ec\ucf64\ud55c \ube14\ub799\ubca0\ub9ac \uc78e\uc744 \uc218\uc785\ud569\ub2c8\ub2e4. \ub18d\uc7a5\uc740 \uc624\uc5fc\ub418\uc9c0 \uc54a\uc740 \uc9c0\uc5ed\uc5d0 \uc704\uce58\ud574 \uc788\uc2b5\ub2c8\ub2e4. <strong>\ub2f9\uc0ac\ub294 \uc774 \uc81c\ud488\uc758 \uc218\uc785\uc744 \uc9c1\uc811 \uc120\ud0dd\ud558\uace0 \uac10\ub3c5\ud569\ub2c8\ub2e4<\/strong>. \ub18d\uc7a5\uc744 \uc815\uae30\uc801\uc73c\ub85c \ubc29\ubb38\ud558\uace0 \uac80\uc0ac\ud558\uc5ec \ucd5c\uace0 \ud488\uc9c8\uc758 \uc6d0\ub8cc\ub97c \ubcf4\uc7a5\ud569\ub2c8\ub2e4.   <\/p>\n","protected":false},"featured_media":41436,"template":"","meta":{"_acf_changed":false},"product_brand":[],"product_cat":[8175],"product_tag":[],"class_list":{"0":"post-41435","1":"product","2":"type-product","3":"status-publish","4":"has-post-thumbnail","6":"product_cat-saeng-san-yong-won-ryo","8":"first","9":"instock","10":"shipping-taxable","11":"product-type-simple"},"acf":[],"yoast_head":"<!-- This site is optimized with the Yoast SEO plugin v27.5 - https:\/\/yoast.com\/product\/yoast-seo-wordpress\/ -->\n<title>\ub2ec\ucf64\ud55c \ube14\ub799\ubca0\ub9ac \uc78e - Hurtowy Dystrybutor<\/title>\n<meta name=\"robots\" content=\"index, follow, max-snippet:-1, max-image-preview:large, max-video-preview:-1\" \/>\n<link rel=\"canonical\" href=\"https:\/\/naturalpoland.com\/ko\/je-pum\/sig-pum-won-ryo\/saeng-san-yong-won-ryo\/seuwiteuberi-ip\/\" \/>\n<meta property=\"og:locale\" content=\"ko_KR\" \/>\n<meta property=\"og:type\" content=\"article\" \/>\n<meta property=\"og:title\" content=\"\ub2ec\ucf64\ud55c \ube14\ub799\ubca0\ub9ac \uc78e - Hurtowy Dystrybutor\" \/>\n<meta property=\"og:description\" content=\"\ud48d\ubbf8\uac00 \uac00\ub4dd\ud55c 100% \uc2a4\uc704\ud2b8 \ube14\ub799\ubca0\ub9ac \uc78e(\ub8e8\ube44 \uc218\uc544\ube44\uc2dc\ubbf8 \ud3f4\ub9ac\uc6c0) \ud1b5\uc9f8\ub85c \ub610\ub294 \uc808\ub2e8\ud55c \uc81c\ud488\uc785\ub2c8\ub2e4. \uc5b4\ub5a0\ud55c \ud63c\ud569\ubb3c\uc774\ub098 \ucca8\uac00\ubb3c\ub3c4 \ub123\uc9c0 \uc54a\uc558\uc2b5\ub2c8\ub2e4. \uc6b0\ub9ac\ub294 \uc911\uad6d \uc911\ubd80 \uc9c0\uc5ed\uc758 \uc6d0\uc2dc \uc0b0\uc9c0\uc5d0\uc11c \ub2ec\ucf64\ud55c \ube14\ub799\ubca0\ub9ac \uc78e\uc744 \uc218\uc785\ud569\ub2c8\ub2e4. \ub18d\uc7a5\uc740 \uc624\uc5fc\ub418\uc9c0 \uc54a\uc740 \uc9c0\uc5ed\uc5d0 \uc704\uce58\ud574 \uc788\uc2b5\ub2c8\ub2e4. \ub2f9\uc0ac\ub294 \uc774 \uc81c\ud488\uc758 \uc218\uc785\uc744 \uc9c1\uc811 \uc120\ud0dd\ud558\uace0 \uac10\ub3c5\ud569\ub2c8\ub2e4. \ub18d\uc7a5\uc744 \uc815\uae30\uc801\uc73c\ub85c \ubc29\ubb38\ud558\uace0 \uac80\uc0ac\ud558\uc5ec \ucd5c\uace0 \ud488\uc9c8\uc758 \uc6d0\ub8cc\ub97c \ubcf4\uc7a5\ud569\ub2c8\ub2e4.\" \/>\n<meta property=\"og:url\" content=\"https:\/\/naturalpoland.com\/ko\/je-pum\/sig-pum-won-ryo\/saeng-san-yong-won-ryo\/seuwiteuberi-ip\/\" \/>\n<meta property=\"og:site_name\" content=\"NATURAL POLAND - Hurtowy Dystrybutor Surowc\u00f3w\" \/>\n<meta property=\"article:publisher\" content=\"https:\/\/www.facebook.com\/naturalpoland.b2b\" \/>\n<meta property=\"article:modified_time\" content=\"2025-06-06T14:27:27+00:00\" \/>\n<meta property=\"og:image\" content=\"https:\/\/naturalpoland.com\/wp-content\/uploads\/lisc-jezyny-slodkiej.jpg\" \/>\n\t<meta property=\"og:image:width\" content=\"653\" \/>\n\t<meta property=\"og:image:height\" content=\"600\" \/>\n\t<meta property=\"og:image:type\" content=\"image\/jpeg\" \/>\n<script type=\"application\/ld+json\" class=\"yoast-schema-graph\">{\"@context\":\"https:\\\/\\\/schema.org\",\"@graph\":[{\"@type\":\"WebPage\",\"@id\":\"https:\\\/\\\/naturalpoland.com\\\/ko\\\/je-pum\\\/sig-pum-won-ryo\\\/saeng-san-yong-won-ryo\\\/seuwiteuberi-ip\\\/\",\"url\":\"https:\\\/\\\/naturalpoland.com\\\/ko\\\/je-pum\\\/sig-pum-won-ryo\\\/saeng-san-yong-won-ryo\\\/seuwiteuberi-ip\\\/\",\"name\":\"\ub2ec\ucf64\ud55c \ube14\ub799\ubca0\ub9ac \uc78e - Hurtowy Dystrybutor\",\"isPartOf\":{\"@id\":\"https:\\\/\\\/naturalpoland.com\\\/ko\\\/#website\"},\"primaryImageOfPage\":{\"@id\":\"https:\\\/\\\/naturalpoland.com\\\/ko\\\/je-pum\\\/sig-pum-won-ryo\\\/saeng-san-yong-won-ryo\\\/seuwiteuberi-ip\\\/#primaryimage\"},\"image\":{\"@id\":\"https:\\\/\\\/naturalpoland.com\\\/ko\\\/je-pum\\\/sig-pum-won-ryo\\\/saeng-san-yong-won-ryo\\\/seuwiteuberi-ip\\\/#primaryimage\"},\"thumbnailUrl\":\"https:\\\/\\\/naturalpoland.com\\\/wp-content\\\/uploads\\\/lisc-jezyny-slodkiej.jpg\",\"datePublished\":\"2025-06-06T14:26:14+00:00\",\"dateModified\":\"2025-06-06T14:27:27+00:00\",\"breadcrumb\":{\"@id\":\"https:\\\/\\\/naturalpoland.com\\\/ko\\\/je-pum\\\/sig-pum-won-ryo\\\/saeng-san-yong-won-ryo\\\/seuwiteuberi-ip\\\/#breadcrumb\"},\"inLanguage\":\"ko-KR\",\"potentialAction\":[{\"@type\":\"ReadAction\",\"target\":[\"https:\\\/\\\/naturalpoland.com\\\/ko\\\/je-pum\\\/sig-pum-won-ryo\\\/saeng-san-yong-won-ryo\\\/seuwiteuberi-ip\\\/\"]}]},{\"@type\":\"ImageObject\",\"inLanguage\":\"ko-KR\",\"@id\":\"https:\\\/\\\/naturalpoland.com\\\/ko\\\/je-pum\\\/sig-pum-won-ryo\\\/saeng-san-yong-won-ryo\\\/seuwiteuberi-ip\\\/#primaryimage\",\"url\":\"https:\\\/\\\/naturalpoland.com\\\/wp-content\\\/uploads\\\/lisc-jezyny-slodkiej.jpg\",\"contentUrl\":\"https:\\\/\\\/naturalpoland.com\\\/wp-content\\\/uploads\\\/lisc-jezyny-slodkiej.jpg\",\"width\":653,\"height\":600,\"caption\":\"li\u015b\u0107 je\u017cyny s\u0142odkiej\"},{\"@type\":\"BreadcrumbList\",\"@id\":\"https:\\\/\\\/naturalpoland.com\\\/ko\\\/je-pum\\\/sig-pum-won-ryo\\\/saeng-san-yong-won-ryo\\\/seuwiteuberi-ip\\\/#breadcrumb\",\"itemListElement\":[{\"@type\":\"ListItem\",\"position\":1,\"name\":\"\ud648\",\"item\":\"https:\\\/\\\/naturalpoland.com\\\/ko\\\/\"},{\"@type\":\"ListItem\",\"position\":2,\"name\":\"\uc81c\ud488\",\"item\":\"https:\\\/\\\/naturalpoland.com\\\/ko\\\/%ec%a0%9c%ed%92%88\\\/\"},{\"@type\":\"ListItem\",\"position\":3,\"name\":\"\ub2ec\ucf64\ud55c \ube14\ub799\ubca0\ub9ac \uc78e\"}]},{\"@type\":\"WebSite\",\"@id\":\"https:\\\/\\\/naturalpoland.com\\\/ko\\\/#website\",\"url\":\"https:\\\/\\\/naturalpoland.com\\\/ko\\\/\",\"name\":\"NATURAL POLAND - Hurtowy Dystrybutor Surowc\u00f3w\",\"description\":\"Surowce dla przemys\u0142u spo\u017cywczego, kosmetycznego i farmaceutycznego\",\"publisher\":{\"@id\":\"https:\\\/\\\/naturalpoland.com\\\/ko\\\/#organization\"},\"potentialAction\":[{\"@type\":\"SearchAction\",\"target\":{\"@type\":\"EntryPoint\",\"urlTemplate\":\"https:\\\/\\\/naturalpoland.com\\\/ko\\\/?s={search_term_string}\"},\"query-input\":{\"@type\":\"PropertyValueSpecification\",\"valueRequired\":true,\"valueName\":\"search_term_string\"}}],\"inLanguage\":\"ko-KR\"},{\"@type\":\"Organization\",\"@id\":\"https:\\\/\\\/naturalpoland.com\\\/ko\\\/#organization\",\"name\":\"Natural Poland\",\"url\":\"https:\\\/\\\/naturalpoland.com\\\/ko\\\/\",\"logo\":{\"@type\":\"ImageObject\",\"inLanguage\":\"ko-KR\",\"@id\":\"https:\\\/\\\/naturalpoland.com\\\/ko\\\/#\\\/schema\\\/logo\\\/image\\\/\",\"url\":\"https:\\\/\\\/naturalpoland.com\\\/wp-content\\\/uploads\\\/2021\\\/05\\\/natural-poland-icon.png\",\"contentUrl\":\"https:\\\/\\\/naturalpoland.com\\\/wp-content\\\/uploads\\\/2021\\\/05\\\/natural-poland-icon.png\",\"width\":512,\"height\":512,\"caption\":\"Natural Poland\"},\"image\":{\"@id\":\"https:\\\/\\\/naturalpoland.com\\\/ko\\\/#\\\/schema\\\/logo\\\/image\\\/\"},\"sameAs\":[\"https:\\\/\\\/www.facebook.com\\\/naturalpoland.b2b\",\"https:\\\/\\\/pl.linkedin.com\\\/company\\\/natural-poland\",\"https:\\\/\\\/www.youtube.com\\\/channel\\\/UCgeGGkvOMahZo-xu_MSEWxg\"]}]}<\/script>\n<!-- \/ Yoast SEO plugin. -->","yoast_head_json":{"title":"\ub2ec\ucf64\ud55c \ube14\ub799\ubca0\ub9ac \uc78e - Hurtowy Dystrybutor","robots":{"index":"index","follow":"follow","max-snippet":"max-snippet:-1","max-image-preview":"max-image-preview:large","max-video-preview":"max-video-preview:-1"},"canonical":"https:\/\/naturalpoland.com\/ko\/je-pum\/sig-pum-won-ryo\/saeng-san-yong-won-ryo\/seuwiteuberi-ip\/","og_locale":"ko_KR","og_type":"article","og_title":"\ub2ec\ucf64\ud55c \ube14\ub799\ubca0\ub9ac \uc78e - Hurtowy Dystrybutor","og_description":"\ud48d\ubbf8\uac00 \uac00\ub4dd\ud55c 100% \uc2a4\uc704\ud2b8 \ube14\ub799\ubca0\ub9ac \uc78e(\ub8e8\ube44 \uc218\uc544\ube44\uc2dc\ubbf8 \ud3f4\ub9ac\uc6c0) \ud1b5\uc9f8\ub85c \ub610\ub294 \uc808\ub2e8\ud55c \uc81c\ud488\uc785\ub2c8\ub2e4. \uc5b4\ub5a0\ud55c \ud63c\ud569\ubb3c\uc774\ub098 \ucca8\uac00\ubb3c\ub3c4 \ub123\uc9c0 \uc54a\uc558\uc2b5\ub2c8\ub2e4. \uc6b0\ub9ac\ub294 \uc911\uad6d \uc911\ubd80 \uc9c0\uc5ed\uc758 \uc6d0\uc2dc \uc0b0\uc9c0\uc5d0\uc11c \ub2ec\ucf64\ud55c \ube14\ub799\ubca0\ub9ac \uc78e\uc744 \uc218\uc785\ud569\ub2c8\ub2e4. \ub18d\uc7a5\uc740 \uc624\uc5fc\ub418\uc9c0 \uc54a\uc740 \uc9c0\uc5ed\uc5d0 \uc704\uce58\ud574 \uc788\uc2b5\ub2c8\ub2e4. \ub2f9\uc0ac\ub294 \uc774 \uc81c\ud488\uc758 \uc218\uc785\uc744 \uc9c1\uc811 \uc120\ud0dd\ud558\uace0 \uac10\ub3c5\ud569\ub2c8\ub2e4. \ub18d\uc7a5\uc744 \uc815\uae30\uc801\uc73c\ub85c \ubc29\ubb38\ud558\uace0 \uac80\uc0ac\ud558\uc5ec \ucd5c\uace0 \ud488\uc9c8\uc758 \uc6d0\ub8cc\ub97c \ubcf4\uc7a5\ud569\ub2c8\ub2e4.","og_url":"https:\/\/naturalpoland.com\/ko\/je-pum\/sig-pum-won-ryo\/saeng-san-yong-won-ryo\/seuwiteuberi-ip\/","og_site_name":"NATURAL POLAND - Hurtowy Dystrybutor Surowc\u00f3w","article_publisher":"https:\/\/www.facebook.com\/naturalpoland.b2b","article_modified_time":"2025-06-06T14:27:27+00:00","og_image":[{"width":653,"height":600,"url":"https:\/\/naturalpoland.com\/wp-content\/uploads\/lisc-jezyny-slodkiej.jpg","type":"image\/jpeg"}],"schema":{"@context":"https:\/\/schema.org","@graph":[{"@type":"WebPage","@id":"https:\/\/naturalpoland.com\/ko\/je-pum\/sig-pum-won-ryo\/saeng-san-yong-won-ryo\/seuwiteuberi-ip\/","url":"https:\/\/naturalpoland.com\/ko\/je-pum\/sig-pum-won-ryo\/saeng-san-yong-won-ryo\/seuwiteuberi-ip\/","name":"\ub2ec\ucf64\ud55c \ube14\ub799\ubca0\ub9ac \uc78e - Hurtowy Dystrybutor","isPartOf":{"@id":"https:\/\/naturalpoland.com\/ko\/#website"},"primaryImageOfPage":{"@id":"https:\/\/naturalpoland.com\/ko\/je-pum\/sig-pum-won-ryo\/saeng-san-yong-won-ryo\/seuwiteuberi-ip\/#primaryimage"},"image":{"@id":"https:\/\/naturalpoland.com\/ko\/je-pum\/sig-pum-won-ryo\/saeng-san-yong-won-ryo\/seuwiteuberi-ip\/#primaryimage"},"thumbnailUrl":"https:\/\/naturalpoland.com\/wp-content\/uploads\/lisc-jezyny-slodkiej.jpg","datePublished":"2025-06-06T14:26:14+00:00","dateModified":"2025-06-06T14:27:27+00:00","breadcrumb":{"@id":"https:\/\/naturalpoland.com\/ko\/je-pum\/sig-pum-won-ryo\/saeng-san-yong-won-ryo\/seuwiteuberi-ip\/#breadcrumb"},"inLanguage":"ko-KR","potentialAction":[{"@type":"ReadAction","target":["https:\/\/naturalpoland.com\/ko\/je-pum\/sig-pum-won-ryo\/saeng-san-yong-won-ryo\/seuwiteuberi-ip\/"]}]},{"@type":"ImageObject","inLanguage":"ko-KR","@id":"https:\/\/naturalpoland.com\/ko\/je-pum\/sig-pum-won-ryo\/saeng-san-yong-won-ryo\/seuwiteuberi-ip\/#primaryimage","url":"https:\/\/naturalpoland.com\/wp-content\/uploads\/lisc-jezyny-slodkiej.jpg","contentUrl":"https:\/\/naturalpoland.com\/wp-content\/uploads\/lisc-jezyny-slodkiej.jpg","width":653,"height":600,"caption":"li\u015b\u0107 je\u017cyny s\u0142odkiej"},{"@type":"BreadcrumbList","@id":"https:\/\/naturalpoland.com\/ko\/je-pum\/sig-pum-won-ryo\/saeng-san-yong-won-ryo\/seuwiteuberi-ip\/#breadcrumb","itemListElement":[{"@type":"ListItem","position":1,"name":"\ud648","item":"https:\/\/naturalpoland.com\/ko\/"},{"@type":"ListItem","position":2,"name":"\uc81c\ud488","item":"https:\/\/naturalpoland.com\/ko\/%ec%a0%9c%ed%92%88\/"},{"@type":"ListItem","position":3,"name":"\ub2ec\ucf64\ud55c \ube14\ub799\ubca0\ub9ac \uc78e"}]},{"@type":"WebSite","@id":"https:\/\/naturalpoland.com\/ko\/#website","url":"https:\/\/naturalpoland.com\/ko\/","name":"NATURAL POLAND - Hurtowy Dystrybutor Surowc\u00f3w","description":"Surowce dla przemys\u0142u spo\u017cywczego, kosmetycznego i farmaceutycznego","publisher":{"@id":"https:\/\/naturalpoland.com\/ko\/#organization"},"potentialAction":[{"@type":"SearchAction","target":{"@type":"EntryPoint","urlTemplate":"https:\/\/naturalpoland.com\/ko\/?s={search_term_string}"},"query-input":{"@type":"PropertyValueSpecification","valueRequired":true,"valueName":"search_term_string"}}],"inLanguage":"ko-KR"},{"@type":"Organization","@id":"https:\/\/naturalpoland.com\/ko\/#organization","name":"Natural Poland","url":"https:\/\/naturalpoland.com\/ko\/","logo":{"@type":"ImageObject","inLanguage":"ko-KR","@id":"https:\/\/naturalpoland.com\/ko\/#\/schema\/logo\/image\/","url":"https:\/\/naturalpoland.com\/wp-content\/uploads\/2021\/05\/natural-poland-icon.png","contentUrl":"https:\/\/naturalpoland.com\/wp-content\/uploads\/2021\/05\/natural-poland-icon.png","width":512,"height":512,"caption":"Natural Poland"},"image":{"@id":"https:\/\/naturalpoland.com\/ko\/#\/schema\/logo\/image\/"},"sameAs":["https:\/\/www.facebook.com\/naturalpoland.b2b","https:\/\/pl.linkedin.com\/company\/natural-poland","https:\/\/www.youtube.com\/channel\/UCgeGGkvOMahZo-xu_MSEWxg"]}]}},"_links":{"self":[{"href":"https:\/\/naturalpoland.com\/ko\/wp-json\/wp\/v2\/product\/41435","targetHints":{"allow":["GET"]}}],"collection":[{"href":"https:\/\/naturalpoland.com\/ko\/wp-json\/wp\/v2\/product"}],"about":[{"href":"https:\/\/naturalpoland.com\/ko\/wp-json\/wp\/v2\/types\/product"}],"wp:featuredmedia":[{"embeddable":true,"href":"https:\/\/naturalpoland.com\/ko\/wp-json\/wp\/v2\/media\/41436"}],"wp:attachment":[{"href":"https:\/\/naturalpoland.com\/ko\/wp-json\/wp\/v2\/media?parent=41435"}],"wp:term":[{"taxonomy":"product_brand","embeddable":true,"href":"https:\/\/naturalpoland.com\/ko\/wp-json\/wp\/v2\/product_brand?post=41435"},{"taxonomy":"product_cat","embeddable":true,"href":"https:\/\/naturalpoland.com\/ko\/wp-json\/wp\/v2\/product_cat?post=41435"},{"taxonomy":"product_tag","embeddable":true,"href":"https:\/\/naturalpoland.com\/ko\/wp-json\/wp\/v2\/product_tag?post=41435"}],"curies":[{"name":"wp","href":"https:\/\/api.w.org\/{rel}","templated":true}]}}