{"id":41462,"date":"2021-05-21T15:17:28","date_gmt":"2025-06-12T11:42:41","guid":{"rendered":"https:\/\/naturalpoland.com\/produkty\/uncategorized\/olej-z-nasion-rokitnika\/"},"modified":"2025-06-12T13:42:41","modified_gmt":"2025-06-12T11:42:41","slug":"olej-z-nasion-rokitnika","status":"publish","type":"product","link":"https:\/\/naturalpoland.com\/ko\/je-pum\/sig-pum-won-ryo\/sig-yong-yu\/olej-z-nasion-rokitnika\/","title":{"rendered":"\ubc14\ub2e4 \uac08\ub9e4 \ub098\ubb34\uc18d \uc528\uc557 \uc624\uc77c"},"content":{"rendered":"","protected":false},"excerpt":{"rendered":"<p>\ubc14\ub2e4 \uac08\ub9e4 \ub098\ubb34\uc18d \uc528\uc557\uc758 \uc624\uc77c \ud568\ub7c9\uc740 \ud3c9\uade0 7-11%\uc785\ub2c8\ub2e4. \uc528 \uc624\uc77c\uc740 \uace0\ub3c4 \ubd88\ud3ec\ud654 \uc9c0\ubc29\uc0b0 \ud568\ub7c9\uc774 \ub192\uace0 \ud1a0\ucf54\ud398\ub864, \ud1a0\ucf54\ud2b8\ub9ac\uc5d0\ub180 \ubc0f \uc2dd\ubb3c \uc2a4\ud14c\ub864\ub3c4 \ub2e4\ub7c9 \ud568\uc720\ud558\uace0 \uc788\ub294 \uac83\uc774 \ud2b9\uc9d5\uc785\ub2c8\ub2e4. <\/p>\n<p>\ubc14\ub2e4 \uac08\ub9e4 \ub098\ubb34\uc18d \uc528 \uc624\uc77c\uc758 \uc8fc\uc694 \uc9c0\ubc29\uc0b0\uc740 \ub9ac\ub180\ub808\uc0b0\uacfc \u03b1-\ub9ac\ub180\ub80c\uc0b0\uc785\ub2c8\ub2e4. \ub2e4\ub978 <strong><a href=\"https:\/\/naturalpoland.com\/produkty\/produkty-dla-przemyslu-kosmetycznego\/oleje-kosmetyczne\/olej-z-owocu-rokitnika\/\">\ubc14\ub2e4\uac08\ub9e4\ub098\ubb34 \uc5f4\ub9e4 \uc624\uc77c<\/a><\/strong>\ubc14\ub2e4 \uac08\ub9e4 \ub098\ubb34\uc18d \uc528 \uc624\uc77c\uc740 \uc5f0\ud55c \ub178\ub780\uc0c9\uc744 \ub760\ub294 \uac83\uc774 \ud2b9\uc9d5\uc785\ub2c8\ub2e4. \ub0c9\uc7a5 \ubcf4\uad00\ud574\ub3c4 \uad73\uc9c0 \uc54a\uc2b5\ub2c8\ub2e4.  <\/p>\n","protected":false},"featured_media":41463,"template":"","meta":{"_acf_changed":false},"product_brand":[],"product_cat":[8135,8174,8154],"product_tag":[],"class_list":{"0":"post-41462","1":"product","2":"type-product","3":"status-publish","4":"has-post-thumbnail","6":"product_cat-sig-yong-mit-hwa-jang-pum-yong-o-il","7":"product_cat-sig-yong-yu","8":"product_cat-hwa-jang-pum-o-il","10":"first","11":"instock","12":"shipping-taxable","13":"product-type-simple"},"acf":[],"yoast_head":"<!-- This site is optimized with the Yoast SEO plugin v27.4 - https:\/\/yoast.com\/product\/yoast-seo-wordpress\/ -->\n<title>\ubc14\ub2e4 \uac08\ub9e4 \ub098\ubb34\uc18d \uc528\uc557 \uc624\uc77c - NATURAL POLAND - Hurtowy Dystrybutor Surowc\u00f3w<\/title>\n<meta name=\"robots\" content=\"index, follow, max-snippet:-1, max-image-preview:large, max-video-preview:-1\" \/>\n<link rel=\"canonical\" href=\"https:\/\/naturalpoland.com\/ko\/je-pum\/sig-pum-won-ryo\/sig-yong-yu\/olej-z-nasion-rokitnika\/\" \/>\n<meta property=\"og:locale\" content=\"ko_KR\" \/>\n<meta property=\"og:type\" content=\"article\" \/>\n<meta property=\"og:title\" content=\"\ubc14\ub2e4 \uac08\ub9e4 \ub098\ubb34\uc18d \uc528\uc557 \uc624\uc77c - NATURAL POLAND - Hurtowy Dystrybutor Surowc\u00f3w\" \/>\n<meta property=\"og:description\" content=\"\ubc14\ub2e4 \uac08\ub9e4 \ub098\ubb34\uc18d \uc528\uc557\uc758 \uc624\uc77c \ud568\ub7c9\uc740 \ud3c9\uade0 7-11%\uc785\ub2c8\ub2e4. \uc528 \uc624\uc77c\uc740 \uace0\ub3c4 \ubd88\ud3ec\ud654 \uc9c0\ubc29\uc0b0 \ud568\ub7c9\uc774 \ub192\uace0 \ud1a0\ucf54\ud398\ub864, \ud1a0\ucf54\ud2b8\ub9ac\uc5d0\ub180 \ubc0f \uc2dd\ubb3c \uc2a4\ud14c\ub864\ub3c4 \ub2e4\ub7c9 \ud568\uc720\ud558\uace0 \uc788\ub294 \uac83\uc774 \ud2b9\uc9d5\uc785\ub2c8\ub2e4.  \ubc14\ub2e4 \uac08\ub9e4 \ub098\ubb34\uc18d \uc528 \uc624\uc77c\uc758 \uc8fc\uc694 \uc9c0\ubc29\uc0b0\uc740 \ub9ac\ub180\ub808\uc0b0\uacfc \u03b1-\ub9ac\ub180\ub80c\uc0b0\uc785\ub2c8\ub2e4. \ub2e4\ub978 \ubc14\ub2e4\uac08\ub9e4\ub098\ubb34 \uc5f4\ub9e4 \uc624\uc77c\ubc14\ub2e4 \uac08\ub9e4 \ub098\ubb34\uc18d \uc528 \uc624\uc77c\uc740 \uc5f0\ud55c \ub178\ub780\uc0c9\uc744 \ub760\ub294 \uac83\uc774 \ud2b9\uc9d5\uc785\ub2c8\ub2e4. \ub0c9\uc7a5 \ubcf4\uad00\ud574\ub3c4 \uad73\uc9c0 \uc54a\uc2b5\ub2c8\ub2e4.\" \/>\n<meta property=\"og:url\" content=\"https:\/\/naturalpoland.com\/ko\/je-pum\/sig-pum-won-ryo\/sig-yong-yu\/olej-z-nasion-rokitnika\/\" \/>\n<meta property=\"og:site_name\" content=\"NATURAL POLAND - Hurtowy Dystrybutor Surowc\u00f3w\" \/>\n<meta property=\"article:publisher\" content=\"https:\/\/www.facebook.com\/naturalpoland.b2b\" \/>\n<meta property=\"og:image\" content=\"https:\/\/naturalpoland.com\/wp-content\/uploads\/olej-z-nasion-rokitnika.jpg\" \/>\n\t<meta property=\"og:image:width\" content=\"283\" \/>\n\t<meta property=\"og:image:height\" content=\"298\" \/>\n\t<meta property=\"og:image:type\" content=\"image\/jpeg\" \/>\n<script type=\"application\/ld+json\" class=\"yoast-schema-graph\">{\"@context\":\"https:\\\/\\\/schema.org\",\"@graph\":[{\"@type\":\"WebPage\",\"@id\":\"https:\\\/\\\/naturalpoland.com\\\/ko\\\/je-pum\\\/sig-pum-won-ryo\\\/sig-yong-yu\\\/olej-z-nasion-rokitnika\\\/\",\"url\":\"https:\\\/\\\/naturalpoland.com\\\/ko\\\/je-pum\\\/sig-pum-won-ryo\\\/sig-yong-yu\\\/olej-z-nasion-rokitnika\\\/\",\"name\":\"\ubc14\ub2e4 \uac08\ub9e4 \ub098\ubb34\uc18d \uc528\uc557 \uc624\uc77c - NATURAL POLAND - Hurtowy Dystrybutor Surowc\u00f3w\",\"isPartOf\":{\"@id\":\"https:\\\/\\\/naturalpoland.com\\\/ko\\\/#website\"},\"primaryImageOfPage\":{\"@id\":\"https:\\\/\\\/naturalpoland.com\\\/ko\\\/je-pum\\\/sig-pum-won-ryo\\\/sig-yong-yu\\\/olej-z-nasion-rokitnika\\\/#primaryimage\"},\"image\":{\"@id\":\"https:\\\/\\\/naturalpoland.com\\\/ko\\\/je-pum\\\/sig-pum-won-ryo\\\/sig-yong-yu\\\/olej-z-nasion-rokitnika\\\/#primaryimage\"},\"thumbnailUrl\":\"https:\\\/\\\/naturalpoland.com\\\/wp-content\\\/uploads\\\/olej-z-nasion-rokitnika.jpg\",\"datePublished\":\"2025-06-12T11:42:41+00:00\",\"breadcrumb\":{\"@id\":\"https:\\\/\\\/naturalpoland.com\\\/ko\\\/je-pum\\\/sig-pum-won-ryo\\\/sig-yong-yu\\\/olej-z-nasion-rokitnika\\\/#breadcrumb\"},\"inLanguage\":\"ko-KR\",\"potentialAction\":[{\"@type\":\"ReadAction\",\"target\":[\"https:\\\/\\\/naturalpoland.com\\\/ko\\\/je-pum\\\/sig-pum-won-ryo\\\/sig-yong-yu\\\/olej-z-nasion-rokitnika\\\/\"]}]},{\"@type\":\"ImageObject\",\"inLanguage\":\"ko-KR\",\"@id\":\"https:\\\/\\\/naturalpoland.com\\\/ko\\\/je-pum\\\/sig-pum-won-ryo\\\/sig-yong-yu\\\/olej-z-nasion-rokitnika\\\/#primaryimage\",\"url\":\"https:\\\/\\\/naturalpoland.com\\\/wp-content\\\/uploads\\\/olej-z-nasion-rokitnika.jpg\",\"contentUrl\":\"https:\\\/\\\/naturalpoland.com\\\/wp-content\\\/uploads\\\/olej-z-nasion-rokitnika.jpg\",\"width\":283,\"height\":298,\"caption\":\"olej z nasion rokitnika\"},{\"@type\":\"BreadcrumbList\",\"@id\":\"https:\\\/\\\/naturalpoland.com\\\/ko\\\/je-pum\\\/sig-pum-won-ryo\\\/sig-yong-yu\\\/olej-z-nasion-rokitnika\\\/#breadcrumb\",\"itemListElement\":[{\"@type\":\"ListItem\",\"position\":1,\"name\":\"\ud648\",\"item\":\"https:\\\/\\\/naturalpoland.com\\\/ko\\\/\"},{\"@type\":\"ListItem\",\"position\":2,\"name\":\"\uc81c\ud488\",\"item\":\"https:\\\/\\\/naturalpoland.com\\\/ko\\\/%ec%a0%9c%ed%92%88\\\/\"},{\"@type\":\"ListItem\",\"position\":3,\"name\":\"\ubc14\ub2e4 \uac08\ub9e4 \ub098\ubb34\uc18d \uc528\uc557 \uc624\uc77c\"}]},{\"@type\":\"WebSite\",\"@id\":\"https:\\\/\\\/naturalpoland.com\\\/ko\\\/#website\",\"url\":\"https:\\\/\\\/naturalpoland.com\\\/ko\\\/\",\"name\":\"NATURAL POLAND - Hurtowy Dystrybutor Surowc\u00f3w\",\"description\":\"Surowce dla przemys\u0142u spo\u017cywczego, kosmetycznego i farmaceutycznego\",\"publisher\":{\"@id\":\"https:\\\/\\\/naturalpoland.com\\\/ko\\\/#organization\"},\"potentialAction\":[{\"@type\":\"SearchAction\",\"target\":{\"@type\":\"EntryPoint\",\"urlTemplate\":\"https:\\\/\\\/naturalpoland.com\\\/ko\\\/?s={search_term_string}\"},\"query-input\":{\"@type\":\"PropertyValueSpecification\",\"valueRequired\":true,\"valueName\":\"search_term_string\"}}],\"inLanguage\":\"ko-KR\"},{\"@type\":\"Organization\",\"@id\":\"https:\\\/\\\/naturalpoland.com\\\/ko\\\/#organization\",\"name\":\"Natural Poland\",\"url\":\"https:\\\/\\\/naturalpoland.com\\\/ko\\\/\",\"logo\":{\"@type\":\"ImageObject\",\"inLanguage\":\"ko-KR\",\"@id\":\"https:\\\/\\\/naturalpoland.com\\\/ko\\\/#\\\/schema\\\/logo\\\/image\\\/\",\"url\":\"https:\\\/\\\/naturalpoland.com\\\/wp-content\\\/uploads\\\/2021\\\/05\\\/natural-poland-icon.png\",\"contentUrl\":\"https:\\\/\\\/naturalpoland.com\\\/wp-content\\\/uploads\\\/2021\\\/05\\\/natural-poland-icon.png\",\"width\":512,\"height\":512,\"caption\":\"Natural Poland\"},\"image\":{\"@id\":\"https:\\\/\\\/naturalpoland.com\\\/ko\\\/#\\\/schema\\\/logo\\\/image\\\/\"},\"sameAs\":[\"https:\\\/\\\/www.facebook.com\\\/naturalpoland.b2b\",\"https:\\\/\\\/pl.linkedin.com\\\/company\\\/natural-poland\",\"https:\\\/\\\/www.youtube.com\\\/channel\\\/UCgeGGkvOMahZo-xu_MSEWxg\"]}]}<\/script>\n<!-- \/ Yoast SEO plugin. -->","yoast_head_json":{"title":"\ubc14\ub2e4 \uac08\ub9e4 \ub098\ubb34\uc18d \uc528\uc557 \uc624\uc77c - NATURAL POLAND - Hurtowy Dystrybutor Surowc\u00f3w","robots":{"index":"index","follow":"follow","max-snippet":"max-snippet:-1","max-image-preview":"max-image-preview:large","max-video-preview":"max-video-preview:-1"},"canonical":"https:\/\/naturalpoland.com\/ko\/je-pum\/sig-pum-won-ryo\/sig-yong-yu\/olej-z-nasion-rokitnika\/","og_locale":"ko_KR","og_type":"article","og_title":"\ubc14\ub2e4 \uac08\ub9e4 \ub098\ubb34\uc18d \uc528\uc557 \uc624\uc77c - NATURAL POLAND - Hurtowy Dystrybutor Surowc\u00f3w","og_description":"\ubc14\ub2e4 \uac08\ub9e4 \ub098\ubb34\uc18d \uc528\uc557\uc758 \uc624\uc77c \ud568\ub7c9\uc740 \ud3c9\uade0 7-11%\uc785\ub2c8\ub2e4. \uc528 \uc624\uc77c\uc740 \uace0\ub3c4 \ubd88\ud3ec\ud654 \uc9c0\ubc29\uc0b0 \ud568\ub7c9\uc774 \ub192\uace0 \ud1a0\ucf54\ud398\ub864, \ud1a0\ucf54\ud2b8\ub9ac\uc5d0\ub180 \ubc0f \uc2dd\ubb3c \uc2a4\ud14c\ub864\ub3c4 \ub2e4\ub7c9 \ud568\uc720\ud558\uace0 \uc788\ub294 \uac83\uc774 \ud2b9\uc9d5\uc785\ub2c8\ub2e4.  \ubc14\ub2e4 \uac08\ub9e4 \ub098\ubb34\uc18d \uc528 \uc624\uc77c\uc758 \uc8fc\uc694 \uc9c0\ubc29\uc0b0\uc740 \ub9ac\ub180\ub808\uc0b0\uacfc \u03b1-\ub9ac\ub180\ub80c\uc0b0\uc785\ub2c8\ub2e4. \ub2e4\ub978 \ubc14\ub2e4\uac08\ub9e4\ub098\ubb34 \uc5f4\ub9e4 \uc624\uc77c\ubc14\ub2e4 \uac08\ub9e4 \ub098\ubb34\uc18d \uc528 \uc624\uc77c\uc740 \uc5f0\ud55c \ub178\ub780\uc0c9\uc744 \ub760\ub294 \uac83\uc774 \ud2b9\uc9d5\uc785\ub2c8\ub2e4. \ub0c9\uc7a5 \ubcf4\uad00\ud574\ub3c4 \uad73\uc9c0 \uc54a\uc2b5\ub2c8\ub2e4.","og_url":"https:\/\/naturalpoland.com\/ko\/je-pum\/sig-pum-won-ryo\/sig-yong-yu\/olej-z-nasion-rokitnika\/","og_site_name":"NATURAL POLAND - Hurtowy Dystrybutor Surowc\u00f3w","article_publisher":"https:\/\/www.facebook.com\/naturalpoland.b2b","og_image":[{"width":283,"height":298,"url":"https:\/\/naturalpoland.com\/wp-content\/uploads\/olej-z-nasion-rokitnika.jpg","type":"image\/jpeg"}],"schema":{"@context":"https:\/\/schema.org","@graph":[{"@type":"WebPage","@id":"https:\/\/naturalpoland.com\/ko\/je-pum\/sig-pum-won-ryo\/sig-yong-yu\/olej-z-nasion-rokitnika\/","url":"https:\/\/naturalpoland.com\/ko\/je-pum\/sig-pum-won-ryo\/sig-yong-yu\/olej-z-nasion-rokitnika\/","name":"\ubc14\ub2e4 \uac08\ub9e4 \ub098\ubb34\uc18d \uc528\uc557 \uc624\uc77c - NATURAL POLAND - Hurtowy Dystrybutor Surowc\u00f3w","isPartOf":{"@id":"https:\/\/naturalpoland.com\/ko\/#website"},"primaryImageOfPage":{"@id":"https:\/\/naturalpoland.com\/ko\/je-pum\/sig-pum-won-ryo\/sig-yong-yu\/olej-z-nasion-rokitnika\/#primaryimage"},"image":{"@id":"https:\/\/naturalpoland.com\/ko\/je-pum\/sig-pum-won-ryo\/sig-yong-yu\/olej-z-nasion-rokitnika\/#primaryimage"},"thumbnailUrl":"https:\/\/naturalpoland.com\/wp-content\/uploads\/olej-z-nasion-rokitnika.jpg","datePublished":"2025-06-12T11:42:41+00:00","breadcrumb":{"@id":"https:\/\/naturalpoland.com\/ko\/je-pum\/sig-pum-won-ryo\/sig-yong-yu\/olej-z-nasion-rokitnika\/#breadcrumb"},"inLanguage":"ko-KR","potentialAction":[{"@type":"ReadAction","target":["https:\/\/naturalpoland.com\/ko\/je-pum\/sig-pum-won-ryo\/sig-yong-yu\/olej-z-nasion-rokitnika\/"]}]},{"@type":"ImageObject","inLanguage":"ko-KR","@id":"https:\/\/naturalpoland.com\/ko\/je-pum\/sig-pum-won-ryo\/sig-yong-yu\/olej-z-nasion-rokitnika\/#primaryimage","url":"https:\/\/naturalpoland.com\/wp-content\/uploads\/olej-z-nasion-rokitnika.jpg","contentUrl":"https:\/\/naturalpoland.com\/wp-content\/uploads\/olej-z-nasion-rokitnika.jpg","width":283,"height":298,"caption":"olej z nasion rokitnika"},{"@type":"BreadcrumbList","@id":"https:\/\/naturalpoland.com\/ko\/je-pum\/sig-pum-won-ryo\/sig-yong-yu\/olej-z-nasion-rokitnika\/#breadcrumb","itemListElement":[{"@type":"ListItem","position":1,"name":"\ud648","item":"https:\/\/naturalpoland.com\/ko\/"},{"@type":"ListItem","position":2,"name":"\uc81c\ud488","item":"https:\/\/naturalpoland.com\/ko\/%ec%a0%9c%ed%92%88\/"},{"@type":"ListItem","position":3,"name":"\ubc14\ub2e4 \uac08\ub9e4 \ub098\ubb34\uc18d \uc528\uc557 \uc624\uc77c"}]},{"@type":"WebSite","@id":"https:\/\/naturalpoland.com\/ko\/#website","url":"https:\/\/naturalpoland.com\/ko\/","name":"NATURAL POLAND - Hurtowy Dystrybutor Surowc\u00f3w","description":"Surowce dla przemys\u0142u spo\u017cywczego, kosmetycznego i farmaceutycznego","publisher":{"@id":"https:\/\/naturalpoland.com\/ko\/#organization"},"potentialAction":[{"@type":"SearchAction","target":{"@type":"EntryPoint","urlTemplate":"https:\/\/naturalpoland.com\/ko\/?s={search_term_string}"},"query-input":{"@type":"PropertyValueSpecification","valueRequired":true,"valueName":"search_term_string"}}],"inLanguage":"ko-KR"},{"@type":"Organization","@id":"https:\/\/naturalpoland.com\/ko\/#organization","name":"Natural Poland","url":"https:\/\/naturalpoland.com\/ko\/","logo":{"@type":"ImageObject","inLanguage":"ko-KR","@id":"https:\/\/naturalpoland.com\/ko\/#\/schema\/logo\/image\/","url":"https:\/\/naturalpoland.com\/wp-content\/uploads\/2021\/05\/natural-poland-icon.png","contentUrl":"https:\/\/naturalpoland.com\/wp-content\/uploads\/2021\/05\/natural-poland-icon.png","width":512,"height":512,"caption":"Natural Poland"},"image":{"@id":"https:\/\/naturalpoland.com\/ko\/#\/schema\/logo\/image\/"},"sameAs":["https:\/\/www.facebook.com\/naturalpoland.b2b","https:\/\/pl.linkedin.com\/company\/natural-poland","https:\/\/www.youtube.com\/channel\/UCgeGGkvOMahZo-xu_MSEWxg"]}]}},"_links":{"self":[{"href":"https:\/\/naturalpoland.com\/ko\/wp-json\/wp\/v2\/product\/41462","targetHints":{"allow":["GET"]}}],"collection":[{"href":"https:\/\/naturalpoland.com\/ko\/wp-json\/wp\/v2\/product"}],"about":[{"href":"https:\/\/naturalpoland.com\/ko\/wp-json\/wp\/v2\/types\/product"}],"wp:featuredmedia":[{"embeddable":true,"href":"https:\/\/naturalpoland.com\/ko\/wp-json\/wp\/v2\/media\/41463"}],"wp:attachment":[{"href":"https:\/\/naturalpoland.com\/ko\/wp-json\/wp\/v2\/media?parent=41462"}],"wp:term":[{"taxonomy":"product_brand","embeddable":true,"href":"https:\/\/naturalpoland.com\/ko\/wp-json\/wp\/v2\/product_brand?post=41462"},{"taxonomy":"product_cat","embeddable":true,"href":"https:\/\/naturalpoland.com\/ko\/wp-json\/wp\/v2\/product_cat?post=41462"},{"taxonomy":"product_tag","embeddable":true,"href":"https:\/\/naturalpoland.com\/ko\/wp-json\/wp\/v2\/product_tag?post=41462"}],"curies":[{"name":"wp","href":"https:\/\/api.w.org\/{rel}","templated":true}]}}