{"id":41469,"date":"2021-05-11T13:47:00","date_gmt":"2025-06-12T11:43:21","guid":{"rendered":"https:\/\/naturalpoland.com\/produkty\/uncategorized\/maslo-kakaowe\/"},"modified":"2025-07-21T14:07:08","modified_gmt":"2025-07-21T12:07:08","slug":"kokoa-beoteo","status":"publish","type":"product","link":"https:\/\/naturalpoland.com\/ko\/je-pum\/hwa-jang-pum-won-ryo\/hwa-jang-pum-beo-teo\/kokoa-beoteo\/","title":{"rendered":"\ucf54\ucf54\uc544 \ubc84\ud130"},"content":{"rendered":"<h2>\ucf54\ucf54\uc544 \ubc84\ud130\uc758 \uad6c\uc131<\/h2>\n<p>\ucf54\ucf54\uc544 \ubc84\ud130\uc5d0\ub294 \uc62c\ub808\uc0b0, \uc2a4\ud14c\uc544\ub974\uc0b0, \ud314\ubbf8\ud2b8\uc0b0\uacfc \uac19\uc740 \ud3ec\ud654 \ubc0f \ubd88\ud3ec\ud654 \uc9c0\ubc29\uc0b0\uc774 \ud568\uc720\ub418\uc5b4 \uc788\uc5b4 \ubcf4\uc2b5 \ubc0f \uc7ac\uc0dd \ud6a8\uacfc\uac00 \uc788\ub294 \ud0c1\uc6d4\ud55c \uc5f0\ud654\uc81c\uc785\ub2c8\ub2e4. \ud3f4\ub9ac\ud398\ub180\uacfc \ube44\ud0c0\ubbfc E\ub97c \ud3ec\ud568\ud55c \ucc9c\uc5f0 \ud56d\uc0b0\ud654 \ubb3c\uc9c8\uc774 \ud48d\ubd80\ud558\uac8c \ud568\uc720\ub418\uc5b4 \uc788\uc5b4 \uac15\ub825\ud55c \ud56d\uc0b0\ud654 \ud6a8\uacfc\uac00 \uc788\uc5b4 \ud65c\uc131 \uc0b0\uc18c\ub97c \uc911\ud654\uc2dc\ucf1c \ud53c\ubd80 \ub178\ud654\ub97c \uc9c0\uc5f0\uc2dc\ud0b5\ub2c8\ub2e4.<\/p>\n<h3>\uc9c0\ubc29\uc0b0 \ud568\ub7c9<\/h3>\n<table>\n<tbody>\n<tr>\n<th>\uc0b0 \uc774\ub984<\/th>\n<th>C-CHAIN<\/th>\n<th>\ubc94\uc704(%)<\/th>\n<\/tr>\n<tr>\n<td>\ud314\ubbf8\ud2f1<\/td>\n<td>C16:0<\/td>\n<td>23.0 &#8211; 30.0<\/td>\n<\/tr>\n<tr>\n<td>STEARIC<\/td>\n<td>C18:0<\/td>\n<td>30.0 &#8211; 37.0<\/td>\n<\/tr>\n<tr>\n<td>OLEIC<\/td>\n<td>C18:1<\/td>\n<td>31.0 &#8211; 39.0<\/td>\n<\/tr>\n<tr>\n<td>\ub9ac\ub180\ub808\uc0b0<\/td>\n<td>C18:2<\/td>\n<td>1.5 &#8211; 4.5<\/td>\n<\/tr>\n<\/tbody>\n<\/table>\n<p>&nbsp;<\/p>\n<h2>\uc18d\uc131 \ubc0f \uc560\ud50c\ub9ac\ucf00\uc774\uc158:<\/h2>\n<p><strong>\ud654\uc7a5\ud488 \uc5c5\uacc4\uc5d0\uc11c<\/strong><\/p>\n<p>\ucf54\ucf54\uc544 \ubc84\ud130\ub97c \uc815\uae30\uc801\uc73c\ub85c \uc0ac\uc6a9\ud558\uba74 \ud53c\ubd80\uc758 \ud0c4\ub825\uc744 \ub192\uc774\uace0 \ud2bc\uc0b4\uacfc \ud749\ud130\uc640 \uc2f8\uc6b0\uba70 \ud53c\ubd80 \ud1a4\uc744 \uace0\ub974\uac8c \ud558\uace0 \uc218\ubd84 \uc190\uc2e4\uc744 \ubc29\uc9c0\ud558\ub294 \ub370 \ub3c4\uc6c0\uc774 \ub429\ub2c8\ub2e4. \ud654\uc7a5\ud488\uc73c\ub85c \uac74\uc870\ud558\uace0 \uc131\uc219\ud558\uba70 \uc190\uc0c1\ub41c \ud53c\ubd80, AD, \uac74\uc120 \ub610\ub294 \uac08\ub77c\uc9c4 \ud45c\ud53c\uc640 \uac19\uc740 \ubb38\uc81c\uac00 \uc788\ub294 \ud53c\ubd80\uc5d0 \uad8c\uc7a5\ub429\ub2c8\ub2e4.<\/p>\n<p>\uc774 \ubc84\ud130\uc5d0\ub294 \ucc9c\uc5f0 \uc790\uc678\uc120 \ucc28\ub2e8 \ud544\ud130(SPF \uc57d 4)\uac00 \uc788\uc5b4 \ud587\ube5b\uc73c\ub85c\ubd80\ud130 \ud53c\ubd80\ub97c \ubd80\ub4dc\ub7fd\uac8c \ubcf4\ud638\ud574\uc90d\ub2c8\ub2e4. \ub610\ud55c \uae34\uc7a5\uacfc \uc2a4\ud2b8\ub808\uc2a4\ub97c \uc644\ud654\ud558\ub294 \ub370 \ub3c4\uc6c0\uc774 \ub418\ub294 \ud3b8\uc548\ud55c \ub9c8\uc0ac\uc9c0 \uc81c\ud488\uc73c\ub85c\ub3c4 \uc798 \uc5b4\uc6b8\ub9bd\ub2c8\ub2e4.<\/p>\n<p>\ub610\ud55c \ud5e4\uc5b4 \ucf00\uc5b4\uc5d0 \ub9c8\uc2a4\ud06c\ub85c \uc0ac\uc6a9\ud558\uc5ec \ubd80\ub4dc\ub7ec\uc6c0\uacfc \ud0f1\ud0f1\ud568, \uc724\uae30\ub97c \ubd80\uc5ec\ud560 \uc218 \uc788\uc2b5\ub2c8\ub2e4.<\/p>\n<p><strong>\uc2dd\ud488 \uc0b0\uc5c5\uc5d0\uc11c:<\/strong><\/p>\n<p>\ucf54\ucf54\uc544 \ubc84\ud130\ub294 \ub179\ub294\uc810(30~35\u00b0C)\uc774 \ub0ae\uc544 \ucd08\ucf5c\ub9bf\uc744 \ub9cc\ub4dc\ub294 \ub370 \uc774\uc0c1\uc801\uc774\uba70, \ud48d\ubd80\ud55c \ud48d\ubbf8\uc640 \uc785\uc548\uc5d0\uc11c \uc27d\uac8c \ub179\ub294 \ud06c\ub9ac\ubbf8\ud55c \uc9c8\uac10\uc744 \uc120\uc0ac\ud569\ub2c8\ub2e4.<\/p>\n<p>\ub9e4\uc6b0 \ub0ae\uc740 \uc720\ub9ac\uc9c0\ubc29\uc0b0 \ud568\ub7c9(0.5%), \ub0ae\uc740 \uacfc\uc0b0\ud654\ubb3c \uc218\uce58(1.17 \uba54\ud06c O2\/kg), \ucd5c\uc18c \uc218\ubd84 \ud568\ub7c9(0.29%)\uc774 \ud2b9\uc9d5\uc785\ub2c8\ub2e4. \ub530\ub77c\uc11c \uc5b4\ub461\uace0 \uc11c\ub298\ud55c \uacf3\uc5d0 \uc801\uc808\ud788 \ubcf4\uad00\ud558\uba74 \ucd5c\ub300 2\ub144 \ub3d9\uc548 \uc0b0\ud328\ub97c \ubc29\uc9c0\ud558\ub294 \uc548\uc815\uc801\uc774\uace0 \uc624\ub798 \uc9c0\uc18d\ub418\ub294 \uc2dd\ubb3c\uc131 \uc9c0\ubc29\uc785\ub2c8\ub2e4.<\/p>\n","protected":false},"excerpt":{"rendered":"<p>\ucf54\ucf54\uc544 \ubc84\ud130\ub294 \ucf54\ucf54\uc544 \ub098\ubb34<em>(\ud14c\uc624\ube0c\ub85c\ub9c8 \uce74\uce74\uc624)<\/em>\uc758 \ucf69\uc744 \ub0c9\uc555\ucc29\ud558\uc5ec \uc0dd\uc0b0\ud569\ub2c8\ub2e4. \uc774 \ubc84\ud130\ub294 \ud2b9\uc720\uc758 \ub2ec\ucf64\ud55c \ud5a5\uacfc \uc5f0\ud55c \ub178\ub780\uc0c9\uc73c\ub85c \uc720\uba85\ud569\ub2c8\ub2e4.<\/p>\n","protected":false},"featured_media":41470,"template":"","meta":{"_acf_changed":false},"product_brand":[],"product_cat":[8153],"product_tag":[],"class_list":{"0":"post-41469","1":"product","2":"type-product","3":"status-publish","4":"has-post-thumbnail","6":"product_cat-hwa-jang-pum-beo-teo","8":"first","9":"instock","10":"shipping-taxable","11":"product-type-simple"},"acf":[],"yoast_head":"<!-- This site is optimized with the Yoast SEO plugin v27.4 - https:\/\/yoast.com\/product\/yoast-seo-wordpress\/ -->\n<title>\ucf54\ucf54\uc544 \ubc84\ud130 - NATURAL POLAND - Hurtowy Dystrybutor Surowc\u00f3w<\/title>\n<meta name=\"description\" content=\"\ucf54\ucf54\uc544 \ubc84\ud130\ub294 \ud654\uc7a5\ud488 \ubc0f \uc2dd\ud488\uc785\ub2c8\ub2e4. \uc9c0\ubc29 \ud568\ub7c9\uc774 \ub192\uae30 \ub54c\ubb38\uc5d0 \uc601\uc591\uacfc \uc7ac\uc0dd\uc5d0 \uc88b\uc740 \uc81c\ud488\uc785\ub2c8\ub2e4.\" \/>\n<meta name=\"robots\" content=\"index, follow, max-snippet:-1, max-image-preview:large, max-video-preview:-1\" \/>\n<link rel=\"canonical\" href=\"https:\/\/naturalpoland.com\/ko\/je-pum\/hwa-jang-pum-won-ryo\/hwa-jang-pum-beo-teo\/kokoa-beoteo\/\" \/>\n<meta property=\"og:locale\" content=\"ko_KR\" \/>\n<meta property=\"og:type\" content=\"article\" \/>\n<meta property=\"og:title\" content=\"\ucf54\ucf54\uc544 \ubc84\ud130 - NATURAL POLAND - Hurtowy Dystrybutor Surowc\u00f3w\" \/>\n<meta property=\"og:description\" content=\"\ucf54\ucf54\uc544 \ubc84\ud130\ub294 \ud654\uc7a5\ud488 \ubc0f \uc2dd\ud488\uc785\ub2c8\ub2e4. \uc9c0\ubc29 \ud568\ub7c9\uc774 \ub192\uae30 \ub54c\ubb38\uc5d0 \uc601\uc591\uacfc \uc7ac\uc0dd\uc5d0 \uc88b\uc740 \uc81c\ud488\uc785\ub2c8\ub2e4.\" \/>\n<meta property=\"og:url\" content=\"https:\/\/naturalpoland.com\/ko\/je-pum\/hwa-jang-pum-won-ryo\/hwa-jang-pum-beo-teo\/kokoa-beoteo\/\" \/>\n<meta property=\"og:site_name\" content=\"NATURAL POLAND - Hurtowy Dystrybutor Surowc\u00f3w\" \/>\n<meta property=\"article:publisher\" content=\"https:\/\/www.facebook.com\/naturalpoland.b2b\" \/>\n<meta property=\"article:modified_time\" content=\"2025-07-21T12:07:08+00:00\" \/>\n<meta property=\"og:image\" content=\"https:\/\/naturalpoland.com\/wp-content\/uploads\/maslo-kakaowe.webp\" \/>\n\t<meta property=\"og:image:width\" content=\"619\" \/>\n\t<meta property=\"og:image:height\" content=\"619\" \/>\n\t<meta property=\"og:image:type\" content=\"image\/webp\" \/>\n<script type=\"application\/ld+json\" class=\"yoast-schema-graph\">{\"@context\":\"https:\\\/\\\/schema.org\",\"@graph\":[{\"@type\":\"WebPage\",\"@id\":\"https:\\\/\\\/naturalpoland.com\\\/ko\\\/je-pum\\\/hwa-jang-pum-won-ryo\\\/hwa-jang-pum-beo-teo\\\/kokoa-beoteo\\\/\",\"url\":\"https:\\\/\\\/naturalpoland.com\\\/ko\\\/je-pum\\\/hwa-jang-pum-won-ryo\\\/hwa-jang-pum-beo-teo\\\/kokoa-beoteo\\\/\",\"name\":\"\ucf54\ucf54\uc544 \ubc84\ud130 - NATURAL POLAND - Hurtowy Dystrybutor Surowc\u00f3w\",\"isPartOf\":{\"@id\":\"https:\\\/\\\/naturalpoland.com\\\/ko\\\/#website\"},\"primaryImageOfPage\":{\"@id\":\"https:\\\/\\\/naturalpoland.com\\\/ko\\\/je-pum\\\/hwa-jang-pum-won-ryo\\\/hwa-jang-pum-beo-teo\\\/kokoa-beoteo\\\/#primaryimage\"},\"image\":{\"@id\":\"https:\\\/\\\/naturalpoland.com\\\/ko\\\/je-pum\\\/hwa-jang-pum-won-ryo\\\/hwa-jang-pum-beo-teo\\\/kokoa-beoteo\\\/#primaryimage\"},\"thumbnailUrl\":\"https:\\\/\\\/naturalpoland.com\\\/wp-content\\\/uploads\\\/maslo-kakaowe.webp\",\"datePublished\":\"2025-06-12T11:43:21+00:00\",\"dateModified\":\"2025-07-21T12:07:08+00:00\",\"description\":\"\ucf54\ucf54\uc544 \ubc84\ud130\ub294 \ud654\uc7a5\ud488 \ubc0f \uc2dd\ud488\uc785\ub2c8\ub2e4. \uc9c0\ubc29 \ud568\ub7c9\uc774 \ub192\uae30 \ub54c\ubb38\uc5d0 \uc601\uc591\uacfc \uc7ac\uc0dd\uc5d0 \uc88b\uc740 \uc81c\ud488\uc785\ub2c8\ub2e4.\",\"breadcrumb\":{\"@id\":\"https:\\\/\\\/naturalpoland.com\\\/ko\\\/je-pum\\\/hwa-jang-pum-won-ryo\\\/hwa-jang-pum-beo-teo\\\/kokoa-beoteo\\\/#breadcrumb\"},\"inLanguage\":\"ko-KR\",\"potentialAction\":[{\"@type\":\"ReadAction\",\"target\":[\"https:\\\/\\\/naturalpoland.com\\\/ko\\\/je-pum\\\/hwa-jang-pum-won-ryo\\\/hwa-jang-pum-beo-teo\\\/kokoa-beoteo\\\/\"]}]},{\"@type\":\"ImageObject\",\"inLanguage\":\"ko-KR\",\"@id\":\"https:\\\/\\\/naturalpoland.com\\\/ko\\\/je-pum\\\/hwa-jang-pum-won-ryo\\\/hwa-jang-pum-beo-teo\\\/kokoa-beoteo\\\/#primaryimage\",\"url\":\"https:\\\/\\\/naturalpoland.com\\\/wp-content\\\/uploads\\\/maslo-kakaowe.webp\",\"contentUrl\":\"https:\\\/\\\/naturalpoland.com\\\/wp-content\\\/uploads\\\/maslo-kakaowe.webp\",\"width\":619,\"height\":619,\"caption\":\"mas\u0142o kakaowe\"},{\"@type\":\"BreadcrumbList\",\"@id\":\"https:\\\/\\\/naturalpoland.com\\\/ko\\\/je-pum\\\/hwa-jang-pum-won-ryo\\\/hwa-jang-pum-beo-teo\\\/kokoa-beoteo\\\/#breadcrumb\",\"itemListElement\":[{\"@type\":\"ListItem\",\"position\":1,\"name\":\"\ud648\",\"item\":\"https:\\\/\\\/naturalpoland.com\\\/ko\\\/\"},{\"@type\":\"ListItem\",\"position\":2,\"name\":\"\uc81c\ud488\",\"item\":\"https:\\\/\\\/naturalpoland.com\\\/ko\\\/%ec%a0%9c%ed%92%88\\\/\"},{\"@type\":\"ListItem\",\"position\":3,\"name\":\"\ucf54\ucf54\uc544 \ubc84\ud130\"}]},{\"@type\":\"WebSite\",\"@id\":\"https:\\\/\\\/naturalpoland.com\\\/ko\\\/#website\",\"url\":\"https:\\\/\\\/naturalpoland.com\\\/ko\\\/\",\"name\":\"NATURAL POLAND - Hurtowy Dystrybutor Surowc\u00f3w\",\"description\":\"Surowce dla przemys\u0142u spo\u017cywczego, kosmetycznego i farmaceutycznego\",\"publisher\":{\"@id\":\"https:\\\/\\\/naturalpoland.com\\\/ko\\\/#organization\"},\"potentialAction\":[{\"@type\":\"SearchAction\",\"target\":{\"@type\":\"EntryPoint\",\"urlTemplate\":\"https:\\\/\\\/naturalpoland.com\\\/ko\\\/?s={search_term_string}\"},\"query-input\":{\"@type\":\"PropertyValueSpecification\",\"valueRequired\":true,\"valueName\":\"search_term_string\"}}],\"inLanguage\":\"ko-KR\"},{\"@type\":\"Organization\",\"@id\":\"https:\\\/\\\/naturalpoland.com\\\/ko\\\/#organization\",\"name\":\"Natural Poland\",\"url\":\"https:\\\/\\\/naturalpoland.com\\\/ko\\\/\",\"logo\":{\"@type\":\"ImageObject\",\"inLanguage\":\"ko-KR\",\"@id\":\"https:\\\/\\\/naturalpoland.com\\\/ko\\\/#\\\/schema\\\/logo\\\/image\\\/\",\"url\":\"https:\\\/\\\/naturalpoland.com\\\/wp-content\\\/uploads\\\/2021\\\/05\\\/natural-poland-icon.png\",\"contentUrl\":\"https:\\\/\\\/naturalpoland.com\\\/wp-content\\\/uploads\\\/2021\\\/05\\\/natural-poland-icon.png\",\"width\":512,\"height\":512,\"caption\":\"Natural Poland\"},\"image\":{\"@id\":\"https:\\\/\\\/naturalpoland.com\\\/ko\\\/#\\\/schema\\\/logo\\\/image\\\/\"},\"sameAs\":[\"https:\\\/\\\/www.facebook.com\\\/naturalpoland.b2b\",\"https:\\\/\\\/pl.linkedin.com\\\/company\\\/natural-poland\",\"https:\\\/\\\/www.youtube.com\\\/channel\\\/UCgeGGkvOMahZo-xu_MSEWxg\"]}]}<\/script>\n<!-- \/ Yoast SEO plugin. -->","yoast_head_json":{"title":"\ucf54\ucf54\uc544 \ubc84\ud130 - NATURAL POLAND - Hurtowy Dystrybutor Surowc\u00f3w","description":"\ucf54\ucf54\uc544 \ubc84\ud130\ub294 \ud654\uc7a5\ud488 \ubc0f \uc2dd\ud488\uc785\ub2c8\ub2e4. \uc9c0\ubc29 \ud568\ub7c9\uc774 \ub192\uae30 \ub54c\ubb38\uc5d0 \uc601\uc591\uacfc \uc7ac\uc0dd\uc5d0 \uc88b\uc740 \uc81c\ud488\uc785\ub2c8\ub2e4.","robots":{"index":"index","follow":"follow","max-snippet":"max-snippet:-1","max-image-preview":"max-image-preview:large","max-video-preview":"max-video-preview:-1"},"canonical":"https:\/\/naturalpoland.com\/ko\/je-pum\/hwa-jang-pum-won-ryo\/hwa-jang-pum-beo-teo\/kokoa-beoteo\/","og_locale":"ko_KR","og_type":"article","og_title":"\ucf54\ucf54\uc544 \ubc84\ud130 - NATURAL POLAND - Hurtowy Dystrybutor Surowc\u00f3w","og_description":"\ucf54\ucf54\uc544 \ubc84\ud130\ub294 \ud654\uc7a5\ud488 \ubc0f \uc2dd\ud488\uc785\ub2c8\ub2e4. \uc9c0\ubc29 \ud568\ub7c9\uc774 \ub192\uae30 \ub54c\ubb38\uc5d0 \uc601\uc591\uacfc \uc7ac\uc0dd\uc5d0 \uc88b\uc740 \uc81c\ud488\uc785\ub2c8\ub2e4.","og_url":"https:\/\/naturalpoland.com\/ko\/je-pum\/hwa-jang-pum-won-ryo\/hwa-jang-pum-beo-teo\/kokoa-beoteo\/","og_site_name":"NATURAL POLAND - Hurtowy Dystrybutor Surowc\u00f3w","article_publisher":"https:\/\/www.facebook.com\/naturalpoland.b2b","article_modified_time":"2025-07-21T12:07:08+00:00","og_image":[{"width":619,"height":619,"url":"https:\/\/naturalpoland.com\/wp-content\/uploads\/maslo-kakaowe.webp","type":"image\/webp"}],"schema":{"@context":"https:\/\/schema.org","@graph":[{"@type":"WebPage","@id":"https:\/\/naturalpoland.com\/ko\/je-pum\/hwa-jang-pum-won-ryo\/hwa-jang-pum-beo-teo\/kokoa-beoteo\/","url":"https:\/\/naturalpoland.com\/ko\/je-pum\/hwa-jang-pum-won-ryo\/hwa-jang-pum-beo-teo\/kokoa-beoteo\/","name":"\ucf54\ucf54\uc544 \ubc84\ud130 - NATURAL POLAND - Hurtowy Dystrybutor Surowc\u00f3w","isPartOf":{"@id":"https:\/\/naturalpoland.com\/ko\/#website"},"primaryImageOfPage":{"@id":"https:\/\/naturalpoland.com\/ko\/je-pum\/hwa-jang-pum-won-ryo\/hwa-jang-pum-beo-teo\/kokoa-beoteo\/#primaryimage"},"image":{"@id":"https:\/\/naturalpoland.com\/ko\/je-pum\/hwa-jang-pum-won-ryo\/hwa-jang-pum-beo-teo\/kokoa-beoteo\/#primaryimage"},"thumbnailUrl":"https:\/\/naturalpoland.com\/wp-content\/uploads\/maslo-kakaowe.webp","datePublished":"2025-06-12T11:43:21+00:00","dateModified":"2025-07-21T12:07:08+00:00","description":"\ucf54\ucf54\uc544 \ubc84\ud130\ub294 \ud654\uc7a5\ud488 \ubc0f \uc2dd\ud488\uc785\ub2c8\ub2e4. \uc9c0\ubc29 \ud568\ub7c9\uc774 \ub192\uae30 \ub54c\ubb38\uc5d0 \uc601\uc591\uacfc \uc7ac\uc0dd\uc5d0 \uc88b\uc740 \uc81c\ud488\uc785\ub2c8\ub2e4.","breadcrumb":{"@id":"https:\/\/naturalpoland.com\/ko\/je-pum\/hwa-jang-pum-won-ryo\/hwa-jang-pum-beo-teo\/kokoa-beoteo\/#breadcrumb"},"inLanguage":"ko-KR","potentialAction":[{"@type":"ReadAction","target":["https:\/\/naturalpoland.com\/ko\/je-pum\/hwa-jang-pum-won-ryo\/hwa-jang-pum-beo-teo\/kokoa-beoteo\/"]}]},{"@type":"ImageObject","inLanguage":"ko-KR","@id":"https:\/\/naturalpoland.com\/ko\/je-pum\/hwa-jang-pum-won-ryo\/hwa-jang-pum-beo-teo\/kokoa-beoteo\/#primaryimage","url":"https:\/\/naturalpoland.com\/wp-content\/uploads\/maslo-kakaowe.webp","contentUrl":"https:\/\/naturalpoland.com\/wp-content\/uploads\/maslo-kakaowe.webp","width":619,"height":619,"caption":"mas\u0142o kakaowe"},{"@type":"BreadcrumbList","@id":"https:\/\/naturalpoland.com\/ko\/je-pum\/hwa-jang-pum-won-ryo\/hwa-jang-pum-beo-teo\/kokoa-beoteo\/#breadcrumb","itemListElement":[{"@type":"ListItem","position":1,"name":"\ud648","item":"https:\/\/naturalpoland.com\/ko\/"},{"@type":"ListItem","position":2,"name":"\uc81c\ud488","item":"https:\/\/naturalpoland.com\/ko\/%ec%a0%9c%ed%92%88\/"},{"@type":"ListItem","position":3,"name":"\ucf54\ucf54\uc544 \ubc84\ud130"}]},{"@type":"WebSite","@id":"https:\/\/naturalpoland.com\/ko\/#website","url":"https:\/\/naturalpoland.com\/ko\/","name":"NATURAL POLAND - Hurtowy Dystrybutor Surowc\u00f3w","description":"Surowce dla przemys\u0142u spo\u017cywczego, kosmetycznego i farmaceutycznego","publisher":{"@id":"https:\/\/naturalpoland.com\/ko\/#organization"},"potentialAction":[{"@type":"SearchAction","target":{"@type":"EntryPoint","urlTemplate":"https:\/\/naturalpoland.com\/ko\/?s={search_term_string}"},"query-input":{"@type":"PropertyValueSpecification","valueRequired":true,"valueName":"search_term_string"}}],"inLanguage":"ko-KR"},{"@type":"Organization","@id":"https:\/\/naturalpoland.com\/ko\/#organization","name":"Natural Poland","url":"https:\/\/naturalpoland.com\/ko\/","logo":{"@type":"ImageObject","inLanguage":"ko-KR","@id":"https:\/\/naturalpoland.com\/ko\/#\/schema\/logo\/image\/","url":"https:\/\/naturalpoland.com\/wp-content\/uploads\/2021\/05\/natural-poland-icon.png","contentUrl":"https:\/\/naturalpoland.com\/wp-content\/uploads\/2021\/05\/natural-poland-icon.png","width":512,"height":512,"caption":"Natural Poland"},"image":{"@id":"https:\/\/naturalpoland.com\/ko\/#\/schema\/logo\/image\/"},"sameAs":["https:\/\/www.facebook.com\/naturalpoland.b2b","https:\/\/pl.linkedin.com\/company\/natural-poland","https:\/\/www.youtube.com\/channel\/UCgeGGkvOMahZo-xu_MSEWxg"]}]}},"_links":{"self":[{"href":"https:\/\/naturalpoland.com\/ko\/wp-json\/wp\/v2\/product\/41469","targetHints":{"allow":["GET"]}}],"collection":[{"href":"https:\/\/naturalpoland.com\/ko\/wp-json\/wp\/v2\/product"}],"about":[{"href":"https:\/\/naturalpoland.com\/ko\/wp-json\/wp\/v2\/types\/product"}],"wp:featuredmedia":[{"embeddable":true,"href":"https:\/\/naturalpoland.com\/ko\/wp-json\/wp\/v2\/media\/41470"}],"wp:attachment":[{"href":"https:\/\/naturalpoland.com\/ko\/wp-json\/wp\/v2\/media?parent=41469"}],"wp:term":[{"taxonomy":"product_brand","embeddable":true,"href":"https:\/\/naturalpoland.com\/ko\/wp-json\/wp\/v2\/product_brand?post=41469"},{"taxonomy":"product_cat","embeddable":true,"href":"https:\/\/naturalpoland.com\/ko\/wp-json\/wp\/v2\/product_cat?post=41469"},{"taxonomy":"product_tag","embeddable":true,"href":"https:\/\/naturalpoland.com\/ko\/wp-json\/wp\/v2\/product_tag?post=41469"}],"curies":[{"name":"wp","href":"https:\/\/api.w.org\/{rel}","templated":true}]}}