{"id":41472,"date":"2023-10-24T12:58:24","date_gmt":"2025-06-12T11:43:38","guid":{"rendered":"https:\/\/naturalpoland.com\/produkty\/uncategorized\/laktoferyna\/"},"modified":"2025-06-12T13:43:38","modified_gmt":"2025-06-12T11:43:38","slug":"laktoferyna","status":"publish","type":"product","link":"https:\/\/naturalpoland.com\/ko\/je-pum\/ui-yak-pum-won-ryo\/geon-gang-gi-neung-sig-pum-cheom-ga-mul\/laktoferyna\/","title":{"rendered":"\ub77d\ud1a0\ud398\ub9b0"},"content":{"rendered":"<h2>\ub77d\ud1a0\ud398\ub9b0\uc758 \ud2b9\uc131<\/h2>\n<p>\ub2f9\uc0ac\uc758 \ub77d\ud1a0\ud398\ub9b0\uc740 \ucc9c\uc5f0 \uc6b0\uc720\uc5d0\uc11c \ucd94\ucd9c\ud558\uc5ec \ucd5c\uace0\uc758 \uc0dd\ubb3c\ud559\uc801 \ud65c\uc131\uc744 \ubcf4\uc7a5\ud569\ub2c8\ub2e4. \uc790\uc5f0 \uba74\uc5ed\uacfc \ucd5c\uc801\uc758 \ucca0\ubd84 \ud761\uc218\ub97c \uc9c0\uc6d0\ud558\ub294 \uc2dd\ub2e8\uc5d0\uc11c \uc5c6\uc5b4\uc11c\ub294 \uc548 \ub420 \ud544\uc218 \uc694\uc18c\uc785\ub2c8\ub2e4. <\/p>\n<p>\ub2f9\uc0ac\uc758 \ub77d\ud1a0\ud398\ub9b0\uc740 \ub2e8\ubc31\uc9c8<strong> \uc21c\ub3c4\uac00 95% \uc774\uc0c1\uc774\uace0<\/strong> \uc804\uccb4 \ub2e8\ubc31\uc9c8 \ud568\ub7c9\uc774 93% \uc774\uc0c1\uc778 \ub6f0\uc5b4\ub09c<strong> \uc21c\ub3c4\uac00<\/strong> \ud2b9\uc9d5\uc785\ub2c8\ub2e4. \uc0dd\uc0b0 \uacf5\uc815\uc740 \ub77d\ud1a0\ud398\ub9b0\uc758 \uc0dd\ubb3c\ud559\uc801 \ud65c\uc131\uc774 \uac00\uc7a5 \ub192\uac8c \uc720\uc9c0\ub418\ub3c4\ub85d \ubcf4\uc7a5\ud558\uba70, \uc774\ub294 \uc2e0\uccb4\uc758 \ubcf4\ud638 \uc7a5\ubcbd\uc744 \uac15\ud654\ud558\uace0 \uba74\uc5ed \uccb4\uacc4\ub97c \uc9c0\uc6d0\ud558\ub294 \ub370 \ud6a8\uacfc\uc801\uc774\ub77c\ub294 \uc758\ubbf8\ub85c \ud574\uc11d\ub429\ub2c8\ub2e4. <\/p>\n<p>\uc81c\ud488\uc5d0 \ud568\uc720\ub41c \ub77d\ud1a0\ud398\ub9b0\uc740 \ubd84\ud64d\uc0c9\uc5d0\uc11c \uc801\uac08\uc0c9\uc5d0 \uc774\ub974\ub294 \ub2e4\uc591\ud55c \uc0c9\uc0c1\uc758 \uc790\uc720 \uc720\ub3d9\uc131 \ubd84\ub9d0 \ud615\ud0dc\ub85c \ub098\ud0c0\ub0a9\ub2c8\ub2e4. \ubb3c\uc5d0 \uc27d\uac8c \uc6a9\ud574\ub418\uc5b4 \ub9d1\uace0 \ud22c\uba85\ud55c \uc6a9\uc561\uc744 \ud615\uc131\ud558\ubbc0\ub85c \uac74\uac15 \ubcf4\uc870 \uc2dd\ud488, \uae30\ub2a5\uc131 \uc81c\ud488 \ubc0f \uae30\ud0c0 \uc2dd\ud488 \ubc0f \uc758\uc57d\ud488\uc5d0 \uad11\ubc94\uc704\ud558\uac8c \uc0ac\uc6a9\ud560 \uc218 \uc788\uc2b5\ub2c8\ub2e4. <\/p>\n<h2>\uc560\ud50c\ub9ac\ucf00\uc774\uc158:<\/h2>\n<p><strong>\uc2dd\ud488 \uc0b0\uc5c5:<\/strong><\/p>\n<p>\ub77d\ud1a0\ud398\ub9b0\uc740 \uba74\uc5ed\ub825 \uac15\ud654 \uc131\ubd84\uc73c\ub85c \uc2dd\ud488\uc5d0 \ucca8\uac00\ub418\uba70, \ud56d\uade0 \ud2b9\uc131\uc73c\ub85c \uc778\ud574 \ucc9c\uc5f0 \ubc29\ubd80\uc81c\ub85c\ub3c4 \uc0ac\uc6a9\ub429\ub2c8\ub2e4.<\/p>\n<p><strong>\uc81c\uc57d \uc0b0\uc5c5:<\/strong><\/p>\n<p>\ub77d\ud1a0\ud398\ub9b0\uc740 \uba74\uc5ed \uccb4\uacc4\ub97c \uc9c0\uc6d0\ud558\uace0 \uc7a5 \uac74\uac15\uc744 \uac1c\uc120\ud558\uae30 \uc704\ud574 \uac74\uac15 \ubcf4\uc870 \uc2dd\ud488 \ubc0f \uc758\uc57d\ud488\uc5d0 \uc0ac\uc6a9\ub429\ub2c8\ub2e4. \ub610\ud55c \uc5fc\uc99d\uacfc \uac10\uc5fc \uce58\ub8cc\uc5d0\ub3c4 \uc0ac\uc6a9\ub429\ub2c8\ub2e4. <\/p>\n<p><strong>\ud654\uc7a5\ud488 \uc0b0\uc5c5:<\/strong><\/p>\n<p>\ud56d\uc0b0\ud654 \ubc0f \uc7ac\uc0dd \ud6a8\uacfc\uac00 \uc788\ub294 \ub77d\ud1a0\ud398\ub9b0\uc740 \ud06c\ub9bc, \uc138\ub7fc \ubc0f \uae30\ud0c0 \uc2a4\ud0a8\ucf00\uc5b4 \uc81c\ud488\uc5d0 \uc0ac\uc6a9\ub418\uc5b4 \ub178\ud654 \uc9d5\ud6c4\ub97c \ubc29\uc9c0\ud558\uace0 \ud53c\ubd80 \uac74\uac15\uc744 \uc99d\uc9c4\ud558\ub294 \ub370 \ub3c4\uc6c0\uc744 \uc90d\ub2c8\ub2e4.<\/p>\n<p>&nbsp;<\/p>\n","protected":false},"excerpt":{"rendered":"<p>\uc2e0\uc120\ud55c \uc6b0\uc720\ub85c \ub9cc\ub4e0 \ub77d\ud1a0\ud398\ub9b0\uc740 \uc2e0\uccb4\uc758 \uac74\uac15\uacfc \uc801\uc808\ud55c \uae30\ub2a5\uc744 \uc9c0\uc6d0\ud558\ub294 \ub370 \uc911\uc694\ud55c \uc5ed\ud560\uc744 \ud558\ub294 \uace0\uae09 \uc0dd\ubb3c\ud559\uc801 \ud65c\uc131 \uc131\ubd84\uc785\ub2c8\ub2e4.<\/p>\n","protected":false},"featured_media":41473,"template":"","meta":{"_acf_changed":false},"product_brand":[],"product_cat":[8143],"product_tag":[],"class_list":{"0":"post-41472","1":"product","2":"type-product","3":"status-publish","4":"has-post-thumbnail","6":"product_cat-geon-gang-gi-neung-sig-pum-cheom-ga-mul","8":"first","9":"instock","10":"shipping-taxable","11":"product-type-simple"},"acf":[],"yoast_head":"<!-- This site is optimized with the Yoast SEO plugin v27.5 - https:\/\/yoast.com\/product\/yoast-seo-wordpress\/ -->\n<title>\ub77d\ud1a0\ud398\ub9b0 - NATURAL POLAND - Hurtowy Dystrybutor Surowc\u00f3w<\/title>\n<meta name=\"description\" content=\"\ub77d\ud1a0\ud398\ub9b0\uc740 \uc6b0\uc720\uc5d0\uc11c \uc9c1\uc811 \ubd84\ub9ac\ud55c \ub2e8\ubc31\uc9c8\uc785\ub2c8\ub2e4. \uc2e0\uccb4\uc758 \uc801\uc808\ud55c \uae30\ub2a5\uc744 \uc9c0\uc6d0\ud558\ub294 \uac00\uc7a5 \uc911\uc694\ud55c \uc131\ubd84 \uc911 \ud558\ub098\uc785\ub2c8\ub2e4.\" \/>\n<meta name=\"robots\" content=\"index, follow, max-snippet:-1, max-image-preview:large, max-video-preview:-1\" \/>\n<link rel=\"canonical\" href=\"https:\/\/naturalpoland.com\/ko\/je-pum\/ui-yak-pum-won-ryo\/geon-gang-gi-neung-sig-pum-cheom-ga-mul\/laktoferyna\/\" \/>\n<meta property=\"og:locale\" content=\"ko_KR\" \/>\n<meta property=\"og:type\" content=\"article\" \/>\n<meta property=\"og:title\" content=\"\ub77d\ud1a0\ud398\ub9b0 - NATURAL POLAND - Hurtowy Dystrybutor Surowc\u00f3w\" \/>\n<meta property=\"og:description\" content=\"\ub77d\ud1a0\ud398\ub9b0\uc740 \uc6b0\uc720\uc5d0\uc11c \uc9c1\uc811 \ubd84\ub9ac\ud55c \ub2e8\ubc31\uc9c8\uc785\ub2c8\ub2e4. \uc2e0\uccb4\uc758 \uc801\uc808\ud55c \uae30\ub2a5\uc744 \uc9c0\uc6d0\ud558\ub294 \uac00\uc7a5 \uc911\uc694\ud55c \uc131\ubd84 \uc911 \ud558\ub098\uc785\ub2c8\ub2e4.\" \/>\n<meta property=\"og:url\" content=\"https:\/\/naturalpoland.com\/ko\/je-pum\/ui-yak-pum-won-ryo\/geon-gang-gi-neung-sig-pum-cheom-ga-mul\/laktoferyna\/\" \/>\n<meta property=\"og:site_name\" content=\"NATURAL POLAND - Hurtowy Dystrybutor Surowc\u00f3w\" \/>\n<meta property=\"article:publisher\" content=\"https:\/\/www.facebook.com\/naturalpoland.b2b\" \/>\n<meta property=\"og:image\" content=\"https:\/\/naturalpoland.com\/wp-content\/uploads\/laktoferyna-1.png\" \/>\n\t<meta property=\"og:image:width\" content=\"618\" \/>\n\t<meta property=\"og:image:height\" content=\"618\" \/>\n\t<meta property=\"og:image:type\" content=\"image\/png\" \/>\n<script type=\"application\/ld+json\" class=\"yoast-schema-graph\">{\"@context\":\"https:\\\/\\\/schema.org\",\"@graph\":[{\"@type\":\"WebPage\",\"@id\":\"https:\\\/\\\/naturalpoland.com\\\/ko\\\/je-pum\\\/ui-yak-pum-won-ryo\\\/geon-gang-gi-neung-sig-pum-cheom-ga-mul\\\/laktoferyna\\\/\",\"url\":\"https:\\\/\\\/naturalpoland.com\\\/ko\\\/je-pum\\\/ui-yak-pum-won-ryo\\\/geon-gang-gi-neung-sig-pum-cheom-ga-mul\\\/laktoferyna\\\/\",\"name\":\"\ub77d\ud1a0\ud398\ub9b0 - NATURAL POLAND - Hurtowy Dystrybutor Surowc\u00f3w\",\"isPartOf\":{\"@id\":\"https:\\\/\\\/naturalpoland.com\\\/ko\\\/#website\"},\"primaryImageOfPage\":{\"@id\":\"https:\\\/\\\/naturalpoland.com\\\/ko\\\/je-pum\\\/ui-yak-pum-won-ryo\\\/geon-gang-gi-neung-sig-pum-cheom-ga-mul\\\/laktoferyna\\\/#primaryimage\"},\"image\":{\"@id\":\"https:\\\/\\\/naturalpoland.com\\\/ko\\\/je-pum\\\/ui-yak-pum-won-ryo\\\/geon-gang-gi-neung-sig-pum-cheom-ga-mul\\\/laktoferyna\\\/#primaryimage\"},\"thumbnailUrl\":\"https:\\\/\\\/naturalpoland.com\\\/wp-content\\\/uploads\\\/laktoferyna-1.png\",\"datePublished\":\"2025-06-12T11:43:38+00:00\",\"description\":\"\ub77d\ud1a0\ud398\ub9b0\uc740 \uc6b0\uc720\uc5d0\uc11c \uc9c1\uc811 \ubd84\ub9ac\ud55c \ub2e8\ubc31\uc9c8\uc785\ub2c8\ub2e4. \uc2e0\uccb4\uc758 \uc801\uc808\ud55c \uae30\ub2a5\uc744 \uc9c0\uc6d0\ud558\ub294 \uac00\uc7a5 \uc911\uc694\ud55c \uc131\ubd84 \uc911 \ud558\ub098\uc785\ub2c8\ub2e4.\",\"breadcrumb\":{\"@id\":\"https:\\\/\\\/naturalpoland.com\\\/ko\\\/je-pum\\\/ui-yak-pum-won-ryo\\\/geon-gang-gi-neung-sig-pum-cheom-ga-mul\\\/laktoferyna\\\/#breadcrumb\"},\"inLanguage\":\"ko-KR\",\"potentialAction\":[{\"@type\":\"ReadAction\",\"target\":[\"https:\\\/\\\/naturalpoland.com\\\/ko\\\/je-pum\\\/ui-yak-pum-won-ryo\\\/geon-gang-gi-neung-sig-pum-cheom-ga-mul\\\/laktoferyna\\\/\"]}]},{\"@type\":\"ImageObject\",\"inLanguage\":\"ko-KR\",\"@id\":\"https:\\\/\\\/naturalpoland.com\\\/ko\\\/je-pum\\\/ui-yak-pum-won-ryo\\\/geon-gang-gi-neung-sig-pum-cheom-ga-mul\\\/laktoferyna\\\/#primaryimage\",\"url\":\"https:\\\/\\\/naturalpoland.com\\\/wp-content\\\/uploads\\\/laktoferyna-1.png\",\"contentUrl\":\"https:\\\/\\\/naturalpoland.com\\\/wp-content\\\/uploads\\\/laktoferyna-1.png\",\"width\":618,\"height\":618,\"caption\":\"laktoferyna\"},{\"@type\":\"BreadcrumbList\",\"@id\":\"https:\\\/\\\/naturalpoland.com\\\/ko\\\/je-pum\\\/ui-yak-pum-won-ryo\\\/geon-gang-gi-neung-sig-pum-cheom-ga-mul\\\/laktoferyna\\\/#breadcrumb\",\"itemListElement\":[{\"@type\":\"ListItem\",\"position\":1,\"name\":\"\ud648\",\"item\":\"https:\\\/\\\/naturalpoland.com\\\/ko\\\/\"},{\"@type\":\"ListItem\",\"position\":2,\"name\":\"\uc81c\ud488\",\"item\":\"https:\\\/\\\/naturalpoland.com\\\/ko\\\/%ec%a0%9c%ed%92%88\\\/\"},{\"@type\":\"ListItem\",\"position\":3,\"name\":\"\ub77d\ud1a0\ud398\ub9b0\"}]},{\"@type\":\"WebSite\",\"@id\":\"https:\\\/\\\/naturalpoland.com\\\/ko\\\/#website\",\"url\":\"https:\\\/\\\/naturalpoland.com\\\/ko\\\/\",\"name\":\"NATURAL POLAND - Hurtowy Dystrybutor Surowc\u00f3w\",\"description\":\"Surowce dla przemys\u0142u spo\u017cywczego, kosmetycznego i farmaceutycznego\",\"publisher\":{\"@id\":\"https:\\\/\\\/naturalpoland.com\\\/ko\\\/#organization\"},\"potentialAction\":[{\"@type\":\"SearchAction\",\"target\":{\"@type\":\"EntryPoint\",\"urlTemplate\":\"https:\\\/\\\/naturalpoland.com\\\/ko\\\/?s={search_term_string}\"},\"query-input\":{\"@type\":\"PropertyValueSpecification\",\"valueRequired\":true,\"valueName\":\"search_term_string\"}}],\"inLanguage\":\"ko-KR\"},{\"@type\":\"Organization\",\"@id\":\"https:\\\/\\\/naturalpoland.com\\\/ko\\\/#organization\",\"name\":\"Natural Poland\",\"url\":\"https:\\\/\\\/naturalpoland.com\\\/ko\\\/\",\"logo\":{\"@type\":\"ImageObject\",\"inLanguage\":\"ko-KR\",\"@id\":\"https:\\\/\\\/naturalpoland.com\\\/ko\\\/#\\\/schema\\\/logo\\\/image\\\/\",\"url\":\"https:\\\/\\\/naturalpoland.com\\\/wp-content\\\/uploads\\\/2021\\\/05\\\/natural-poland-icon.png\",\"contentUrl\":\"https:\\\/\\\/naturalpoland.com\\\/wp-content\\\/uploads\\\/2021\\\/05\\\/natural-poland-icon.png\",\"width\":512,\"height\":512,\"caption\":\"Natural Poland\"},\"image\":{\"@id\":\"https:\\\/\\\/naturalpoland.com\\\/ko\\\/#\\\/schema\\\/logo\\\/image\\\/\"},\"sameAs\":[\"https:\\\/\\\/www.facebook.com\\\/naturalpoland.b2b\",\"https:\\\/\\\/pl.linkedin.com\\\/company\\\/natural-poland\",\"https:\\\/\\\/www.youtube.com\\\/channel\\\/UCgeGGkvOMahZo-xu_MSEWxg\"]}]}<\/script>\n<!-- \/ Yoast SEO plugin. -->","yoast_head_json":{"title":"\ub77d\ud1a0\ud398\ub9b0 - NATURAL POLAND - Hurtowy Dystrybutor Surowc\u00f3w","description":"\ub77d\ud1a0\ud398\ub9b0\uc740 \uc6b0\uc720\uc5d0\uc11c \uc9c1\uc811 \ubd84\ub9ac\ud55c \ub2e8\ubc31\uc9c8\uc785\ub2c8\ub2e4. \uc2e0\uccb4\uc758 \uc801\uc808\ud55c \uae30\ub2a5\uc744 \uc9c0\uc6d0\ud558\ub294 \uac00\uc7a5 \uc911\uc694\ud55c \uc131\ubd84 \uc911 \ud558\ub098\uc785\ub2c8\ub2e4.","robots":{"index":"index","follow":"follow","max-snippet":"max-snippet:-1","max-image-preview":"max-image-preview:large","max-video-preview":"max-video-preview:-1"},"canonical":"https:\/\/naturalpoland.com\/ko\/je-pum\/ui-yak-pum-won-ryo\/geon-gang-gi-neung-sig-pum-cheom-ga-mul\/laktoferyna\/","og_locale":"ko_KR","og_type":"article","og_title":"\ub77d\ud1a0\ud398\ub9b0 - NATURAL POLAND - Hurtowy Dystrybutor Surowc\u00f3w","og_description":"\ub77d\ud1a0\ud398\ub9b0\uc740 \uc6b0\uc720\uc5d0\uc11c \uc9c1\uc811 \ubd84\ub9ac\ud55c \ub2e8\ubc31\uc9c8\uc785\ub2c8\ub2e4. \uc2e0\uccb4\uc758 \uc801\uc808\ud55c \uae30\ub2a5\uc744 \uc9c0\uc6d0\ud558\ub294 \uac00\uc7a5 \uc911\uc694\ud55c \uc131\ubd84 \uc911 \ud558\ub098\uc785\ub2c8\ub2e4.","og_url":"https:\/\/naturalpoland.com\/ko\/je-pum\/ui-yak-pum-won-ryo\/geon-gang-gi-neung-sig-pum-cheom-ga-mul\/laktoferyna\/","og_site_name":"NATURAL POLAND - Hurtowy Dystrybutor Surowc\u00f3w","article_publisher":"https:\/\/www.facebook.com\/naturalpoland.b2b","og_image":[{"width":618,"height":618,"url":"https:\/\/naturalpoland.com\/wp-content\/uploads\/laktoferyna-1.png","type":"image\/png"}],"schema":{"@context":"https:\/\/schema.org","@graph":[{"@type":"WebPage","@id":"https:\/\/naturalpoland.com\/ko\/je-pum\/ui-yak-pum-won-ryo\/geon-gang-gi-neung-sig-pum-cheom-ga-mul\/laktoferyna\/","url":"https:\/\/naturalpoland.com\/ko\/je-pum\/ui-yak-pum-won-ryo\/geon-gang-gi-neung-sig-pum-cheom-ga-mul\/laktoferyna\/","name":"\ub77d\ud1a0\ud398\ub9b0 - NATURAL POLAND - Hurtowy Dystrybutor Surowc\u00f3w","isPartOf":{"@id":"https:\/\/naturalpoland.com\/ko\/#website"},"primaryImageOfPage":{"@id":"https:\/\/naturalpoland.com\/ko\/je-pum\/ui-yak-pum-won-ryo\/geon-gang-gi-neung-sig-pum-cheom-ga-mul\/laktoferyna\/#primaryimage"},"image":{"@id":"https:\/\/naturalpoland.com\/ko\/je-pum\/ui-yak-pum-won-ryo\/geon-gang-gi-neung-sig-pum-cheom-ga-mul\/laktoferyna\/#primaryimage"},"thumbnailUrl":"https:\/\/naturalpoland.com\/wp-content\/uploads\/laktoferyna-1.png","datePublished":"2025-06-12T11:43:38+00:00","description":"\ub77d\ud1a0\ud398\ub9b0\uc740 \uc6b0\uc720\uc5d0\uc11c \uc9c1\uc811 \ubd84\ub9ac\ud55c \ub2e8\ubc31\uc9c8\uc785\ub2c8\ub2e4. \uc2e0\uccb4\uc758 \uc801\uc808\ud55c \uae30\ub2a5\uc744 \uc9c0\uc6d0\ud558\ub294 \uac00\uc7a5 \uc911\uc694\ud55c \uc131\ubd84 \uc911 \ud558\ub098\uc785\ub2c8\ub2e4.","breadcrumb":{"@id":"https:\/\/naturalpoland.com\/ko\/je-pum\/ui-yak-pum-won-ryo\/geon-gang-gi-neung-sig-pum-cheom-ga-mul\/laktoferyna\/#breadcrumb"},"inLanguage":"ko-KR","potentialAction":[{"@type":"ReadAction","target":["https:\/\/naturalpoland.com\/ko\/je-pum\/ui-yak-pum-won-ryo\/geon-gang-gi-neung-sig-pum-cheom-ga-mul\/laktoferyna\/"]}]},{"@type":"ImageObject","inLanguage":"ko-KR","@id":"https:\/\/naturalpoland.com\/ko\/je-pum\/ui-yak-pum-won-ryo\/geon-gang-gi-neung-sig-pum-cheom-ga-mul\/laktoferyna\/#primaryimage","url":"https:\/\/naturalpoland.com\/wp-content\/uploads\/laktoferyna-1.png","contentUrl":"https:\/\/naturalpoland.com\/wp-content\/uploads\/laktoferyna-1.png","width":618,"height":618,"caption":"laktoferyna"},{"@type":"BreadcrumbList","@id":"https:\/\/naturalpoland.com\/ko\/je-pum\/ui-yak-pum-won-ryo\/geon-gang-gi-neung-sig-pum-cheom-ga-mul\/laktoferyna\/#breadcrumb","itemListElement":[{"@type":"ListItem","position":1,"name":"\ud648","item":"https:\/\/naturalpoland.com\/ko\/"},{"@type":"ListItem","position":2,"name":"\uc81c\ud488","item":"https:\/\/naturalpoland.com\/ko\/%ec%a0%9c%ed%92%88\/"},{"@type":"ListItem","position":3,"name":"\ub77d\ud1a0\ud398\ub9b0"}]},{"@type":"WebSite","@id":"https:\/\/naturalpoland.com\/ko\/#website","url":"https:\/\/naturalpoland.com\/ko\/","name":"NATURAL POLAND - Hurtowy Dystrybutor Surowc\u00f3w","description":"Surowce dla przemys\u0142u spo\u017cywczego, kosmetycznego i farmaceutycznego","publisher":{"@id":"https:\/\/naturalpoland.com\/ko\/#organization"},"potentialAction":[{"@type":"SearchAction","target":{"@type":"EntryPoint","urlTemplate":"https:\/\/naturalpoland.com\/ko\/?s={search_term_string}"},"query-input":{"@type":"PropertyValueSpecification","valueRequired":true,"valueName":"search_term_string"}}],"inLanguage":"ko-KR"},{"@type":"Organization","@id":"https:\/\/naturalpoland.com\/ko\/#organization","name":"Natural Poland","url":"https:\/\/naturalpoland.com\/ko\/","logo":{"@type":"ImageObject","inLanguage":"ko-KR","@id":"https:\/\/naturalpoland.com\/ko\/#\/schema\/logo\/image\/","url":"https:\/\/naturalpoland.com\/wp-content\/uploads\/2021\/05\/natural-poland-icon.png","contentUrl":"https:\/\/naturalpoland.com\/wp-content\/uploads\/2021\/05\/natural-poland-icon.png","width":512,"height":512,"caption":"Natural Poland"},"image":{"@id":"https:\/\/naturalpoland.com\/ko\/#\/schema\/logo\/image\/"},"sameAs":["https:\/\/www.facebook.com\/naturalpoland.b2b","https:\/\/pl.linkedin.com\/company\/natural-poland","https:\/\/www.youtube.com\/channel\/UCgeGGkvOMahZo-xu_MSEWxg"]}]}},"_links":{"self":[{"href":"https:\/\/naturalpoland.com\/ko\/wp-json\/wp\/v2\/product\/41472","targetHints":{"allow":["GET"]}}],"collection":[{"href":"https:\/\/naturalpoland.com\/ko\/wp-json\/wp\/v2\/product"}],"about":[{"href":"https:\/\/naturalpoland.com\/ko\/wp-json\/wp\/v2\/types\/product"}],"wp:featuredmedia":[{"embeddable":true,"href":"https:\/\/naturalpoland.com\/ko\/wp-json\/wp\/v2\/media\/41473"}],"wp:attachment":[{"href":"https:\/\/naturalpoland.com\/ko\/wp-json\/wp\/v2\/media?parent=41472"}],"wp:term":[{"taxonomy":"product_brand","embeddable":true,"href":"https:\/\/naturalpoland.com\/ko\/wp-json\/wp\/v2\/product_brand?post=41472"},{"taxonomy":"product_cat","embeddable":true,"href":"https:\/\/naturalpoland.com\/ko\/wp-json\/wp\/v2\/product_cat?post=41472"},{"taxonomy":"product_tag","embeddable":true,"href":"https:\/\/naturalpoland.com\/ko\/wp-json\/wp\/v2\/product_tag?post=41472"}],"curies":[{"name":"wp","href":"https:\/\/api.w.org\/{rel}","templated":true}]}}