{"id":41596,"date":"2024-03-26T08:23:36","date_gmt":"2024-03-26T07:23:36","guid":{"rendered":"https:\/\/naturalpoland.com\/produkty\/uncategorized\/akkermansia-muciniphila-akk11\/"},"modified":"2026-01-15T12:27:06","modified_gmt":"2026-01-15T11:27:06","slug":"akkermansia-muciniphila-akk11","status":"publish","type":"product","link":"https:\/\/naturalpoland.com\/ko\/je-pum\/hwa-jang-pum-won-ryo\/peu-ro-ba-i-o-ti-seu\/akkermansia-muciniphila-akk11\/","title":{"rendered":"\uc544\ucee4\ub9cc\uc2dc\uc544 \ubb34\uc2dc\ub2c8\ud544\ub77c Akk11"},"content":{"rendered":"<p>\ubc15\ud14c\ub9ac\uc544 \uade0\uc8fc <strong>Akkermansia Muciniphila Akk11<\/strong>\uc740 \uc2e0\uccb4 \uc0dd\uccb4 \uc7a5\ubcbd \ubc0f \ub9c8\uc774\ud06c\ub85c\ubc14\uc774\uc634\uacfc\uc758 \uc0c1\ud638\uc791\uc6a9 \ub9e5\ub77d\uc5d0\uc11c \uc9d1\uc911\uc801\uc778 \uacfc\ud559 \uc5f0\uad6c \ub300\uc0c1\uc774 \ub418\ub294 \ubc15\ud14c\ub9ac\uc544 \uadf8\ub8f9\uc5d0 \uc18d\ud569\ub2c8\ub2e4.<\/p>\n<p>\ubcf8 \uc81c\ud488\uc740 \uc218\ub839\uc778\uc758 \uc0ac\uc5c5 \ud504\ub85c\ud544\uc5d0 \ub530\ub77c \ucd94\uac00\uc801\uc778 \uc5f0\uad6c \uac1c\ubc1c, \uc751\uc6a9 \ubc0f \uc81c\ud615 \uc791\uc5c5\uc5d0 \uc0ac\uc6a9\ub420 \uc548\uc815\uc801\uc778 \uac74\uc870 \ubc15\ud14c\ub9ac\uc544 \ubc14\uc774\uc624\ub9e4\uc2a4 \ud615\ud0dc\ub85c \uc81c\uacf5\ub429\ub2c8\ub2e4.<\/p>\n<h2>\ud654\uc7a5\ud488\uc5d0\uc11c\uc758 \ud2b9\uc131 \ubc0f \uc791\uc6a9<\/h2>\n<p>Akkermansia muciniphila\ub294 \uc8fc\ub85c <strong>\ubbf8\uc0dd\ubb3c \uade0\ud615 \uc720\uc9c0<\/strong> \ubc0f <strong>\uc0dd\uccb4 \uc7a5\ubcbd\uc758 \uc644\uc804\uc131<\/strong>\uc5d0\uc11c\uc758 \uc5ed\ud560\uacfc \uad00\ub828\ud558\uc5ec \uacfc\ud559 \ubb38\ud5cc\uc5d0 \ub110\ub9ac \uae30\uc220\ub418\uc5b4 \uc788\uc2b5\ub2c8\ub2e4. \uc774\ub7ec\ud55c \uc774\uc720\ub85c \uc774 \uade0\uc8fc\ub294 \uc2dd\ud488 \ubd84\uc57c\ubfd0\ub9cc \uc544\ub2c8\ub77c \ub9c8\uc774\ud06c\ub85c\ubc14\uc774\uc634 \ubc0f \uadf8 \ud30c\uc0dd\ubb3c\uc5d0 \ub300\ud55c \ub2e4\ub978 \uc5f0\uad6c \ubd84\uc57c\uc5d0\uc11c\ub3c4 \uad00\uc2ec\uc744 \ubc1b\uace0 \uc788\uc2b5\ub2c8\ub2e4. <\/p>\n<p>\ucc44\ud0dd\ub41c \uc804\ub7b5 \ubc0f \uaddc\uc81c \ud504\ub808\uc784\uc6cc\ud06c\uc5d0 \ub530\ub77c Akkermansia muciniphila Akk11\uc740 \ub2e4\uc74c\uc744 \uc704\ud55c \ucd94\uac00 \uc791\uc5c5\uc758 \ucd9c\ubc1c\uc810\uc774 \ub420 \uc218 \uc788\uc2b5\ub2c8\ub2e4.<\/p>\n<p>\ucc44\ud0dd\ub41c \uc804\ub7b5 \ubc0f \uaddc\uc81c \ud504\ub808\uc784\uc6cc\ud06c\uc5d0 \ub530\ub77c, Akkermansia muciniphila Akk11\uc740 \ub2e4\uc74c \uc5f0\uad6c\uc758 \ucd9c\ubc1c\uc810\uc774 \ub420 \uc218 \uc788\uc2b5\ub2c8\ub2e4:<\/p>\n<ul>\n<li>\ub9c8\uc774\ud06c\ub85c\ubc14\uc774\uc634\uc5d0\uc11c \uc601\uac10\uc744 \ubc1b\uc740 \uc6d0\ub8cc,<\/li>\n<li>\uc0dd\uba85\uacf5\ud559\uc801 \uc131\ubd84,<\/li>\n<li>\ubbf8\uc0dd\ubb3c\uc758 \ubd84\ud68d, \ub300\uc0ac\uc0b0\ubb3c \ub610\ub294 \ud30c\uc0dd\ubb3c,<\/li>\n<li>\ubbf8\uc0dd\ubb3c\ud559 \ubc0f \uc0dd\uccb4 \uc7a5\ubcbd \uacfc\ud559\uc758 \uc2dc\ub108\uc9c0 \ud6a8\uacfc\ub97c \uae30\ubc18\uc73c\ub85c \ud55c \uc81c\ud615 \uac1c\ub150.<\/li>\n<\/ul>\n<p>\uc6d0\ub8cc\uc758 \ud65c\uc6a9 \ubc94\uc704\uc640 \ubc29\ubc95\uc740 \ube44\uc988\ub2c8\uc2a4 \ubaa8\ub378 \ubc0f \uc218\ub839\uc778\uc758 \ubaa9\ud45c \uc2dc\uc7a5\uc5d0 \ub530\ub77c \ub2ec\ub77c\uc9d1\ub2c8\ub2e4.<\/p>\n","protected":false},"excerpt":{"rendered":"<p><strong>Akkermansia muciniphila Akk11<\/strong>\uc740 \ud1b5\uc81c\ub41c \ubc1c\ud6a8 \ubc0f \ub3d9\uacb0\uac74\uc870 \uacf5\uc815\uc744 \ud1b5\ud574 \uc5bb\uc5b4\uc9c0\ub294 \ud604\ub300\uc801\uc778 \ubbf8\uc0dd\ubb3c \uc6d0\ub8cc\uc785\ub2c8\ub2e4.<\/p>\n","protected":false},"featured_media":41597,"template":"","meta":[],"product_brand":[],"product_cat":[8158],"product_tag":[],"class_list":{"0":"post-41596","1":"product","2":"type-product","3":"status-publish","4":"has-post-thumbnail","6":"product_cat-peu-ro-ba-i-o-ti-seu","7":"pa_grupa-substancji-8192","9":"first","10":"instock","11":"shipping-taxable","12":"product-type-simple"},"yoast_head":"<!-- This site is optimized with the Yoast SEO plugin v27.3 - https:\/\/yoast.com\/product\/yoast-seo-wordpress\/ -->\n<title>NATURAL POLAND &#8211; Hurtowy Dystrybutor Surowc\u00f3w<\/title>\n<meta name=\"description\" content=\"Akkermansia muciniphila Akk11\uc740 \ud1b5\uc81c\ub41c \ubc1c\ud6a8 \ubc0f \ub3d9\uacb0\uac74\uc870 \uacf5\uc815\uc744 \ud1b5\ud574 \uc5bb\uc5b4\uc9c0\ub294 \ud604\ub300\uc801\uc778 \ubbf8\uc0dd\ubb3c \uc6d0\ub8cc\uc785\ub2c8\ub2e4.\" \/>\n<meta name=\"robots\" content=\"index, follow, max-snippet:-1, max-image-preview:large, max-video-preview:-1\" \/>\n<link rel=\"canonical\" href=\"https:\/\/naturalpoland.com\/ko\/je-pum\/hwa-jang-pum-won-ryo\/peu-ro-ba-i-o-ti-seu\/akkermansia-muciniphila-akk11\/\" \/>\n<meta property=\"og:locale\" content=\"ko_KR\" \/>\n<meta property=\"og:type\" content=\"article\" \/>\n<meta property=\"og:description\" content=\"Akkermansia muciniphila Akk11\uc740 \ud1b5\uc81c\ub41c \ubc1c\ud6a8 \ubc0f \ub3d9\uacb0\uac74\uc870 \uacf5\uc815\uc744 \ud1b5\ud574 \uc5bb\uc5b4\uc9c0\ub294 \ud604\ub300\uc801\uc778 \ubbf8\uc0dd\ubb3c \uc6d0\ub8cc\uc785\ub2c8\ub2e4.\" \/>\n<meta property=\"og:url\" content=\"https:\/\/naturalpoland.com\/ko\/je-pum\/hwa-jang-pum-won-ryo\/peu-ro-ba-i-o-ti-seu\/akkermansia-muciniphila-akk11\/\" \/>\n<meta property=\"og:site_name\" content=\"NATURAL POLAND - Hurtowy Dystrybutor Surowc\u00f3w\" \/>\n<meta property=\"article:publisher\" content=\"https:\/\/www.facebook.com\/naturalpoland.b2b\" \/>\n<meta property=\"article:modified_time\" content=\"2026-01-15T11:27:06+00:00\" \/>\n<meta property=\"og:image\" content=\"https:\/\/naturalpoland.com\/wp-content\/uploads\/akkermansia-muciniphila.webp\" \/>\n\t<meta property=\"og:image:width\" content=\"1024\" \/>\n\t<meta property=\"og:image:height\" content=\"1024\" \/>\n\t<meta property=\"og:image:type\" content=\"image\/webp\" \/>\n<script type=\"application\/ld+json\" class=\"yoast-schema-graph\">{\"@context\":\"https:\\\/\\\/schema.org\",\"@graph\":[{\"@type\":\"WebPage\",\"@id\":\"https:\\\/\\\/naturalpoland.com\\\/ko\\\/je-pum\\\/hwa-jang-pum-won-ryo\\\/peu-ro-ba-i-o-ti-seu\\\/akkermansia-muciniphila-akk11\\\/\",\"url\":\"https:\\\/\\\/naturalpoland.com\\\/ko\\\/je-pum\\\/hwa-jang-pum-won-ryo\\\/peu-ro-ba-i-o-ti-seu\\\/akkermansia-muciniphila-akk11\\\/\",\"name\":\"\",\"isPartOf\":{\"@id\":\"https:\\\/\\\/naturalpoland.com\\\/ko\\\/#website\"},\"primaryImageOfPage\":{\"@id\":\"https:\\\/\\\/naturalpoland.com\\\/ko\\\/je-pum\\\/hwa-jang-pum-won-ryo\\\/peu-ro-ba-i-o-ti-seu\\\/akkermansia-muciniphila-akk11\\\/#primaryimage\"},\"image\":{\"@id\":\"https:\\\/\\\/naturalpoland.com\\\/ko\\\/je-pum\\\/hwa-jang-pum-won-ryo\\\/peu-ro-ba-i-o-ti-seu\\\/akkermansia-muciniphila-akk11\\\/#primaryimage\"},\"thumbnailUrl\":\"https:\\\/\\\/naturalpoland.com\\\/wp-content\\\/uploads\\\/akkermansia-muciniphila.webp\",\"datePublished\":\"2024-03-26T07:23:36+00:00\",\"dateModified\":\"2026-01-15T11:27:06+00:00\",\"description\":\"Akkermansia muciniphila Akk11\uc740 \ud1b5\uc81c\ub41c \ubc1c\ud6a8 \ubc0f \ub3d9\uacb0\uac74\uc870 \uacf5\uc815\uc744 \ud1b5\ud574 \uc5bb\uc5b4\uc9c0\ub294 \ud604\ub300\uc801\uc778 \ubbf8\uc0dd\ubb3c \uc6d0\ub8cc\uc785\ub2c8\ub2e4.\",\"breadcrumb\":{\"@id\":\"https:\\\/\\\/naturalpoland.com\\\/ko\\\/je-pum\\\/hwa-jang-pum-won-ryo\\\/peu-ro-ba-i-o-ti-seu\\\/akkermansia-muciniphila-akk11\\\/#breadcrumb\"},\"inLanguage\":\"ko-KR\",\"potentialAction\":[{\"@type\":\"ReadAction\",\"target\":[\"https:\\\/\\\/naturalpoland.com\\\/ko\\\/je-pum\\\/hwa-jang-pum-won-ryo\\\/peu-ro-ba-i-o-ti-seu\\\/akkermansia-muciniphila-akk11\\\/\"]}]},{\"@type\":\"ImageObject\",\"inLanguage\":\"ko-KR\",\"@id\":\"https:\\\/\\\/naturalpoland.com\\\/ko\\\/je-pum\\\/hwa-jang-pum-won-ryo\\\/peu-ro-ba-i-o-ti-seu\\\/akkermansia-muciniphila-akk11\\\/#primaryimage\",\"url\":\"https:\\\/\\\/naturalpoland.com\\\/wp-content\\\/uploads\\\/akkermansia-muciniphila.webp\",\"contentUrl\":\"https:\\\/\\\/naturalpoland.com\\\/wp-content\\\/uploads\\\/akkermansia-muciniphila.webp\",\"width\":1024,\"height\":1024,\"caption\":\"Akkermansia muciniphila\"},{\"@type\":\"BreadcrumbList\",\"@id\":\"https:\\\/\\\/naturalpoland.com\\\/ko\\\/je-pum\\\/hwa-jang-pum-won-ryo\\\/peu-ro-ba-i-o-ti-seu\\\/akkermansia-muciniphila-akk11\\\/#breadcrumb\",\"itemListElement\":[{\"@type\":\"ListItem\",\"position\":1,\"name\":\"\ud648\",\"item\":\"https:\\\/\\\/naturalpoland.com\\\/ko\\\/\"},{\"@type\":\"ListItem\",\"position\":2,\"name\":\"\uc81c\ud488\",\"item\":\"https:\\\/\\\/naturalpoland.com\\\/ko\\\/%ec%a0%9c%ed%92%88\\\/\"},{\"@type\":\"ListItem\",\"position\":3,\"name\":\"\uc544\ucee4\ub9cc\uc2dc\uc544 \ubb34\uc2dc\ub2c8\ud544\ub77c Akk11\"}]},{\"@type\":\"WebSite\",\"@id\":\"https:\\\/\\\/naturalpoland.com\\\/ko\\\/#website\",\"url\":\"https:\\\/\\\/naturalpoland.com\\\/ko\\\/\",\"name\":\"NATURAL POLAND - Hurtowy Dystrybutor Surowc\u00f3w\",\"description\":\"Surowce dla przemys\u0142u spo\u017cywczego, kosmetycznego i farmaceutycznego\",\"publisher\":{\"@id\":\"https:\\\/\\\/naturalpoland.com\\\/ko\\\/#organization\"},\"potentialAction\":[{\"@type\":\"SearchAction\",\"target\":{\"@type\":\"EntryPoint\",\"urlTemplate\":\"https:\\\/\\\/naturalpoland.com\\\/ko\\\/?s={search_term_string}\"},\"query-input\":{\"@type\":\"PropertyValueSpecification\",\"valueRequired\":true,\"valueName\":\"search_term_string\"}}],\"inLanguage\":\"ko-KR\"},{\"@type\":\"Organization\",\"@id\":\"https:\\\/\\\/naturalpoland.com\\\/ko\\\/#organization\",\"name\":\"Natural Poland\",\"url\":\"https:\\\/\\\/naturalpoland.com\\\/ko\\\/\",\"logo\":{\"@type\":\"ImageObject\",\"inLanguage\":\"ko-KR\",\"@id\":\"https:\\\/\\\/naturalpoland.com\\\/ko\\\/#\\\/schema\\\/logo\\\/image\\\/\",\"url\":\"https:\\\/\\\/naturalpoland.com\\\/wp-content\\\/uploads\\\/2021\\\/05\\\/natural-poland-icon.png\",\"contentUrl\":\"https:\\\/\\\/naturalpoland.com\\\/wp-content\\\/uploads\\\/2021\\\/05\\\/natural-poland-icon.png\",\"width\":512,\"height\":512,\"caption\":\"Natural Poland\"},\"image\":{\"@id\":\"https:\\\/\\\/naturalpoland.com\\\/ko\\\/#\\\/schema\\\/logo\\\/image\\\/\"},\"sameAs\":[\"https:\\\/\\\/www.facebook.com\\\/naturalpoland.b2b\",\"https:\\\/\\\/pl.linkedin.com\\\/company\\\/natural-poland\",\"https:\\\/\\\/www.youtube.com\\\/channel\\\/UCgeGGkvOMahZo-xu_MSEWxg\"]}]}<\/script>\n<!-- \/ Yoast SEO plugin. -->","yoast_head_json":{"title":"NATURAL POLAND &#8211; Hurtowy Dystrybutor Surowc\u00f3w","description":"Akkermansia muciniphila Akk11\uc740 \ud1b5\uc81c\ub41c \ubc1c\ud6a8 \ubc0f \ub3d9\uacb0\uac74\uc870 \uacf5\uc815\uc744 \ud1b5\ud574 \uc5bb\uc5b4\uc9c0\ub294 \ud604\ub300\uc801\uc778 \ubbf8\uc0dd\ubb3c \uc6d0\ub8cc\uc785\ub2c8\ub2e4.","robots":{"index":"index","follow":"follow","max-snippet":"max-snippet:-1","max-image-preview":"max-image-preview:large","max-video-preview":"max-video-preview:-1"},"canonical":"https:\/\/naturalpoland.com\/ko\/je-pum\/hwa-jang-pum-won-ryo\/peu-ro-ba-i-o-ti-seu\/akkermansia-muciniphila-akk11\/","og_locale":"ko_KR","og_type":"article","og_description":"Akkermansia muciniphila Akk11\uc740 \ud1b5\uc81c\ub41c \ubc1c\ud6a8 \ubc0f \ub3d9\uacb0\uac74\uc870 \uacf5\uc815\uc744 \ud1b5\ud574 \uc5bb\uc5b4\uc9c0\ub294 \ud604\ub300\uc801\uc778 \ubbf8\uc0dd\ubb3c \uc6d0\ub8cc\uc785\ub2c8\ub2e4.","og_url":"https:\/\/naturalpoland.com\/ko\/je-pum\/hwa-jang-pum-won-ryo\/peu-ro-ba-i-o-ti-seu\/akkermansia-muciniphila-akk11\/","og_site_name":"NATURAL POLAND - Hurtowy Dystrybutor Surowc\u00f3w","article_publisher":"https:\/\/www.facebook.com\/naturalpoland.b2b","article_modified_time":"2026-01-15T11:27:06+00:00","og_image":[{"width":1024,"height":1024,"url":"https:\/\/naturalpoland.com\/wp-content\/uploads\/akkermansia-muciniphila.webp","type":"image\/webp"}],"schema":{"@context":"https:\/\/schema.org","@graph":[{"@type":"WebPage","@id":"https:\/\/naturalpoland.com\/ko\/je-pum\/hwa-jang-pum-won-ryo\/peu-ro-ba-i-o-ti-seu\/akkermansia-muciniphila-akk11\/","url":"https:\/\/naturalpoland.com\/ko\/je-pum\/hwa-jang-pum-won-ryo\/peu-ro-ba-i-o-ti-seu\/akkermansia-muciniphila-akk11\/","name":"","isPartOf":{"@id":"https:\/\/naturalpoland.com\/ko\/#website"},"primaryImageOfPage":{"@id":"https:\/\/naturalpoland.com\/ko\/je-pum\/hwa-jang-pum-won-ryo\/peu-ro-ba-i-o-ti-seu\/akkermansia-muciniphila-akk11\/#primaryimage"},"image":{"@id":"https:\/\/naturalpoland.com\/ko\/je-pum\/hwa-jang-pum-won-ryo\/peu-ro-ba-i-o-ti-seu\/akkermansia-muciniphila-akk11\/#primaryimage"},"thumbnailUrl":"https:\/\/naturalpoland.com\/wp-content\/uploads\/akkermansia-muciniphila.webp","datePublished":"2024-03-26T07:23:36+00:00","dateModified":"2026-01-15T11:27:06+00:00","description":"Akkermansia muciniphila Akk11\uc740 \ud1b5\uc81c\ub41c \ubc1c\ud6a8 \ubc0f \ub3d9\uacb0\uac74\uc870 \uacf5\uc815\uc744 \ud1b5\ud574 \uc5bb\uc5b4\uc9c0\ub294 \ud604\ub300\uc801\uc778 \ubbf8\uc0dd\ubb3c \uc6d0\ub8cc\uc785\ub2c8\ub2e4.","breadcrumb":{"@id":"https:\/\/naturalpoland.com\/ko\/je-pum\/hwa-jang-pum-won-ryo\/peu-ro-ba-i-o-ti-seu\/akkermansia-muciniphila-akk11\/#breadcrumb"},"inLanguage":"ko-KR","potentialAction":[{"@type":"ReadAction","target":["https:\/\/naturalpoland.com\/ko\/je-pum\/hwa-jang-pum-won-ryo\/peu-ro-ba-i-o-ti-seu\/akkermansia-muciniphila-akk11\/"]}]},{"@type":"ImageObject","inLanguage":"ko-KR","@id":"https:\/\/naturalpoland.com\/ko\/je-pum\/hwa-jang-pum-won-ryo\/peu-ro-ba-i-o-ti-seu\/akkermansia-muciniphila-akk11\/#primaryimage","url":"https:\/\/naturalpoland.com\/wp-content\/uploads\/akkermansia-muciniphila.webp","contentUrl":"https:\/\/naturalpoland.com\/wp-content\/uploads\/akkermansia-muciniphila.webp","width":1024,"height":1024,"caption":"Akkermansia muciniphila"},{"@type":"BreadcrumbList","@id":"https:\/\/naturalpoland.com\/ko\/je-pum\/hwa-jang-pum-won-ryo\/peu-ro-ba-i-o-ti-seu\/akkermansia-muciniphila-akk11\/#breadcrumb","itemListElement":[{"@type":"ListItem","position":1,"name":"\ud648","item":"https:\/\/naturalpoland.com\/ko\/"},{"@type":"ListItem","position":2,"name":"\uc81c\ud488","item":"https:\/\/naturalpoland.com\/ko\/%ec%a0%9c%ed%92%88\/"},{"@type":"ListItem","position":3,"name":"\uc544\ucee4\ub9cc\uc2dc\uc544 \ubb34\uc2dc\ub2c8\ud544\ub77c Akk11"}]},{"@type":"WebSite","@id":"https:\/\/naturalpoland.com\/ko\/#website","url":"https:\/\/naturalpoland.com\/ko\/","name":"NATURAL POLAND - Hurtowy Dystrybutor Surowc\u00f3w","description":"Surowce dla przemys\u0142u spo\u017cywczego, kosmetycznego i farmaceutycznego","publisher":{"@id":"https:\/\/naturalpoland.com\/ko\/#organization"},"potentialAction":[{"@type":"SearchAction","target":{"@type":"EntryPoint","urlTemplate":"https:\/\/naturalpoland.com\/ko\/?s={search_term_string}"},"query-input":{"@type":"PropertyValueSpecification","valueRequired":true,"valueName":"search_term_string"}}],"inLanguage":"ko-KR"},{"@type":"Organization","@id":"https:\/\/naturalpoland.com\/ko\/#organization","name":"Natural Poland","url":"https:\/\/naturalpoland.com\/ko\/","logo":{"@type":"ImageObject","inLanguage":"ko-KR","@id":"https:\/\/naturalpoland.com\/ko\/#\/schema\/logo\/image\/","url":"https:\/\/naturalpoland.com\/wp-content\/uploads\/2021\/05\/natural-poland-icon.png","contentUrl":"https:\/\/naturalpoland.com\/wp-content\/uploads\/2021\/05\/natural-poland-icon.png","width":512,"height":512,"caption":"Natural Poland"},"image":{"@id":"https:\/\/naturalpoland.com\/ko\/#\/schema\/logo\/image\/"},"sameAs":["https:\/\/www.facebook.com\/naturalpoland.b2b","https:\/\/pl.linkedin.com\/company\/natural-poland","https:\/\/www.youtube.com\/channel\/UCgeGGkvOMahZo-xu_MSEWxg"]}]}},"_links":{"self":[{"href":"https:\/\/naturalpoland.com\/ko\/wp-json\/wp\/v2\/product\/41596","targetHints":{"allow":["GET"]}}],"collection":[{"href":"https:\/\/naturalpoland.com\/ko\/wp-json\/wp\/v2\/product"}],"about":[{"href":"https:\/\/naturalpoland.com\/ko\/wp-json\/wp\/v2\/types\/product"}],"wp:featuredmedia":[{"embeddable":true,"href":"https:\/\/naturalpoland.com\/ko\/wp-json\/wp\/v2\/media\/41597"}],"wp:attachment":[{"href":"https:\/\/naturalpoland.com\/ko\/wp-json\/wp\/v2\/media?parent=41596"}],"wp:term":[{"taxonomy":"product_brand","embeddable":true,"href":"https:\/\/naturalpoland.com\/ko\/wp-json\/wp\/v2\/product_brand?post=41596"},{"taxonomy":"product_cat","embeddable":true,"href":"https:\/\/naturalpoland.com\/ko\/wp-json\/wp\/v2\/product_cat?post=41596"},{"taxonomy":"product_tag","embeddable":true,"href":"https:\/\/naturalpoland.com\/ko\/wp-json\/wp\/v2\/product_tag?post=41596"}],"curies":[{"name":"wp","href":"https:\/\/api.w.org\/{rel}","templated":true}]}}