{"id":41600,"date":"2023-04-21T14:52:48","date_gmt":"2025-06-24T10:00:56","guid":{"rendered":"https:\/\/naturalpoland.com\/produkty\/uncategorized\/cuculmul-robuteo-bakeurota-asiatig\/"},"modified":"2025-06-24T12:00:56","modified_gmt":"2025-06-24T10:00:56","slug":"cuculmul-robuteo-bakeurota-asiatig","status":"publish","type":"product","link":"https:\/\/naturalpoland.com\/ko\/je-pum\/ui-yak-pum-won-ryo\/geon-gang-gi-neung-sig-pum-cheom-ga-mul\/cuculmul-robuteo-bakeurota-asiatig\/","title":{"rendered":"\ubcd1\ud480 \ucd94\ucd9c\ubb3c (Gotu Kola)"},"content":{"rendered":"<h2>\ubcd1\ud480 \ucd94\ucd9c\ubb3c\uc758 \ud6a8\ub2a5 \ubc0f \ud65c\uc6a9<\/h2>\n<p>\ubcd1\ud480 \ucd94\ucd9c\ubb3c\uc758 \ub3c5\ud2b9\ud55c \ud6a8\ub2a5\uc740 \uc624\uac01\ud615 <strong>\ud2b8\ub9ac\ud14c\ub974\ud39c \uc0ac\ud3ec\ub2cc<\/strong>, <strong>\ud2b8\ub9ac\ud14c\ub974\ud39c \uc544\uae00\ub9ac\ucf58<\/strong>, <strong><a href=\"https:\/\/naturalpoland.com\/artykuly\/produkty-naturalne\/czym-sa-i-jak-dzialaja-flawonoidy\/\">\ud50c\ub77c\ubcf4\ub178\uc774\ub4dc<\/a><\/strong>, <strong>\ud53c\ud1a0\uc2a4\ud14c\ub864<\/strong> \ubc0f <strong>\ud0c4\ub2cc\uc758<\/strong> \ud568\uc720\uc5d0\uc11c \ube44\ub86f\ub418\uba70, \uc774 \uc131\ubd84\ub4e4\uc758 \ud568\ub7c9\uc740 \uc6d0\uc0b0\uc9c0\uc5d0 \ub530\ub77c \ub2e4\ub97c \uc218 \uc788\uc2b5\ub2c8\ub2e4. \ud2b8\ub9ac\ud14c\ub974\ud39c \uc0ac\ud3ec\ub2cc\uc740 \ud608\uad00\uc744 \uac15\ud654\ud558\uace0 \ud608\uad00\uc758 \ud0c4\ub825\uc744 \ub192\uc5ec \uc815\ub9e5\ub958 \ud615\uc131\uc744 \uc608\ubc29\ud558\ub294 \ub370 \ub3c4\uc6c0\uc774 \ub418\ub294 \uac83\uc73c\ub85c \uc54c\ub824\uc838 \uc788\uc2b5\ub2c8\ub2e4. \ub530\ub77c\uc11c \ubcd1\ud480 \ucd94\ucd9c\ubb3c\uc740 \ubaa8\uc138\ud608\uad00\uc774 \uc57d\ud55c \ud53c\ubd80, \uc131\uc219\ud55c \ud53c\ubd80, \ubbfc\uac10\ud558\uace0 \uac74\uc870\ud55c \ud53c\ubd80\uc5d0 \uad8c\uc7a5\ub429\ub2c8\ub2e4. \uc774\ub294 <strong>\ud608\uad00\uc744<\/strong> \uac15\ud654\ud560 \ubfd0\ub9cc \uc544\ub2c8\ub77c \uac08\ub77c\uc9c0\uac70\ub098 \uc190\uc0c1\ub41c <strong>\ud53c\ubd80\uc758 \uc7ac\uc0dd\uc744 \ub3d5\uace0, \ud53c\ubd80\ub97c \ubd80\ub4dc\ub7fd\uac8c<\/strong> \ud558\uace0 \uc815\ud654\ud558\uba70 \uc790\uadf9\uc744 \uc644\ud654\ud558\ub294 \ub370 \ud6a8\uacfc\uc801\uc785\ub2c8\ub2e4.   <\/p>\n<p>\ud53c\ubd80\uacfc\uc640 \ud654\uc7a5\ud488 \ubd84\uc57c\uc5d0\uc11c \ubcd1\ud480 \ucd94\ucd9c\ubb3c\uc740 \uc0c1\ucc98 <strong>\uce58\uc720\ub97c \ucd09\uc9c4\ud558\uace0<\/strong>, \ud56d\uade0, \ud56d\uc5fc, \ubcf4\uc2b5 \ubc0f \ubd80\uc885 \uc644\ud654 \ud6a8\uacfc\ub97c \uc81c\uacf5\ud569\ub2c8\ub2e4. \uc5ec\ub4dc\ub984 \ubc29\uc9c0, \ub178\ud654 \ubc29\uc9c0 \uc81c\ud488 \ubc0f \uac74\uc870\ud558\uace0 \uc790\uadf9\ubc1b\uae30 \uc26c\uc6b4 \ud53c\ubd80\uc640 \ub208\uac00 \ucf00\uc5b4 \uc81c\ud488\uc5d0 \ud6a8\uacfc\uc801\uc778 \uc131\ubd84\uc785\ub2c8\ub2e4. \ub610\ud55c <strong>\ucf5c\ub77c\uac90 \uc0dd\uc131\uc744 \ucd09\uc9c4\ud558\uace0<\/strong> \ub450\ud53c \ud608\uc561\uc21c\ud658\uc744 \uac1c\uc120\ud558\uc5ec \ubaa8\ubc1c \uc131\uc7a5\uc744 \uc790\uadf9\ud569\ub2c8\ub2e4.  <\/p>\n<h2>\uc801\uc6a9 \ubd84\uc57c<\/h2>\n<p>\ubcd1\ud480 \ucd94\ucd9c\ubb3c\uc740 \ud06c\ub9bc, \uc138\ub7fc, \ud1a0\ub108, \ub9c8\uc2a4\ud06c\ub294 \ubb3c\ub860 \uc544\uc774 \ucf00\uc5b4 \uc81c\ud488, \ubcf4\uc2b5 \uc5d0\uba40\uc804, \uc8fc\ub984 \uac1c\uc120 \ud654\uc7a5\ud488\uc758 \ud65c\uc131 \uc131\ubd84\uc73c\ub85c \ud65c\uc6a9\ub420 \uc218 \uc788\uc2b5\ub2c8\ub2e4. \uba74\ub3c4 \ud6c4 \uc9c4\uc815\uc81c\uc640 \uc131\uc219\ud55c \ud53c\ubd80 \ubc0f \ubaa8\uc138\ud608\uad00\uc774 \uc57d\ud55c \ud53c\ubd80\ub97c \uc704\ud55c \uc81c\ud488\uc5d0\ub3c4 \uc774\uc0c1\uc801\uc785\ub2c8\ub2e4. <\/p>\n<h2>\uac74\uac15\uae30\ub2a5\uc2dd\ud488\uc73c\ub85c\uc11c\uc758 Gotu Kola<\/h2>\n<p>\ubcd1\ud480 \ucd94\ucd9c\ubb3c\uc744 \ud568\uc720\ud55c \uac74\uac15\uae30\ub2a5\uc2dd\ud488\uc740 <strong>\uc124\uc0ac, \uc18c\ud654\ubd88\ub7c9 \ub4f1 \uc18c\ud654\uae30\uacc4<\/strong> \uc9c8\ud658, <strong>\uc694\ub85c \uc5fc\uc99d<\/strong>, <strong>\uace0\ud608\uc555<\/strong>, <strong>\ub2f9\ub1e8<\/strong> \uad00\ub9ac\uc5d0 \uad8c\uc7a5\ub429\ub2c8\ub2e4. \ub610\ud55c <strong>\uac74\uc120, \uc2b5\uc9c4, \ub098\ubcd1, \ubc31\ubc18\uc99d<\/strong> \ubc0f \ub178\ud654 \uad00\ub828 \ud53c\ubd80 \ubcc0\ud654\uc640 \uac19\uc740 \ub2e4\uc591\ud55c \ud53c\ubd80 \uc9c8\ud658 \uce58\ub8cc\uc5d0\ub3c4 \ub3c4\uc6c0\uc774 \ub429\ub2c8\ub2e4. <\/p>\n<h2>\ucd94\ucd9c\ubb3c \uad6c\uc131<\/h2>\n<ul>\n<li><strong>Centella Asiatica Extract<\/strong> (5%) \u2013 \uc8fc\uc694 \ud65c\uc131 \uc131\ubd84\uc73c\ub85c \ud56d\uc5fc \ubc0f \ud56d\uade0 \ud6a8\uacfc\uac00 \uc788\ub294 \uc0ac\ud3ec\ub2cc\uc774 \ud48d\ubd80\ud568<\/li>\n<li><strong>Aqua<\/strong> (40\u201350%) \u2013 \uc6a9\ub9e4 \uc5ed\ud560<\/li>\n<li><strong>Glycerin<\/strong> (40\u201350%) \u2013 \ubcf4\uc2b5\uc81c \uc5ed\ud560\uc744 \ud558\ub294 \uc2b5\uc724\uc81c<\/li>\n<li><strong>Sodium Benzoate<\/strong> (0.4%) &amp; <strong>Potassium Sorbate<\/strong> (0.2%) \u2013 \uc81c\ud488\uc744 \ubbf8\uc0dd\ubb3c\ub85c\ubd80\ud130 \ubcf4\ud638\ud558\uace0 \uc720\ud1b5\uae30\ud55c\uc744 \uc5f0\uc7a5\ud558\ub294 \ubc29\ubd80\uc81c<\/li>\n<\/ul>\n","protected":false},"excerpt":{"rendered":"<p><strong>\ubcd1\ud480 \ucd94\ucd9c\ubb3c<\/strong>, \ub610\ub294 <strong>Gotu Kola<\/strong><strong>,<\/strong> <strong>\ud638\ub791\uc774\ud480\ub85c\ub3c4<\/strong> \uc54c\ub824\uc9c4 \uc774 \uc6d0\ub8cc\ub294 \uc5f4\ub300 \ubc0f \uc544\uc5f4\ub300 \uc9c0\uc5ed\uc5d0\uc11c \uc790\uc0dd\ud558\ub294 \uc2dd\ubb3c\uc758 \uc9c0\uc0c1\ubd80\uc5d0\uc11c \ucd94\ucd9c\ub429\ub2c8\ub2e4. \uc774 \uc81c\ud488\uc740 \ud654\uc7a5\ud488 \ubc0f \uc758\uc57d\ud488 \uc6a9\ub3c4\ub85c \uc0ac\uc6a9\ub429\ub2c8\ub2e4. <\/p>\n","protected":false},"featured_media":41601,"template":"","meta":{"_acf_changed":false},"product_brand":[],"product_cat":[8134,8143],"product_tag":[],"class_list":{"0":"post-41600","1":"product","2":"type-product","3":"status-publish","4":"has-post-thumbnail","6":"product_cat-sig-mul-chu-chul-mul","7":"product_cat-geon-gang-gi-neung-sig-pum-cheom-ga-mul","9":"first","10":"instock","11":"shipping-taxable","12":"product-type-simple"},"acf":[],"yoast_head":"<!-- This site is optimized with the Yoast SEO plugin v27.6 - https:\/\/yoast.com\/product\/yoast-seo-wordpress\/ -->\n<title>\ubcd1\ud480 \ucd94\ucd9c\ubb3c (Gotu Kola) - NATURAL POLAND - Hurtowy Dystrybutor Surowc\u00f3w<\/title>\n<meta name=\"description\" content=\"\ubcd1\ud480 \ucd94\ucd9c\ubb3c\uc740 \ub2e4\uac01\uc801\uc778 \ud6a8\ub2a5\uc73c\ub85c \ud654\uc7a5\ud488, \uc804\ud1b5 \ubc0f \ud604\ub300 \uc758\ud559\uc5d0\uc11c \ub110\ub9ac \uc0ac\uc6a9\ub429\ub2c8\ub2e4.\" \/>\n<meta name=\"robots\" content=\"index, follow, max-snippet:-1, max-image-preview:large, max-video-preview:-1\" \/>\n<link rel=\"canonical\" href=\"https:\/\/naturalpoland.com\/ko\/je-pum\/ui-yak-pum-won-ryo\/geon-gang-gi-neung-sig-pum-cheom-ga-mul\/cuculmul-robuteo-bakeurota-asiatig\/\" \/>\n<meta property=\"og:locale\" content=\"ko_KR\" \/>\n<meta property=\"og:type\" content=\"article\" \/>\n<meta property=\"og:title\" content=\"\ubcd1\ud480 \ucd94\ucd9c\ubb3c (Gotu Kola) - NATURAL POLAND - Hurtowy Dystrybutor Surowc\u00f3w\" \/>\n<meta property=\"og:description\" content=\"\ubcd1\ud480 \ucd94\ucd9c\ubb3c\uc740 \ub2e4\uac01\uc801\uc778 \ud6a8\ub2a5\uc73c\ub85c \ud654\uc7a5\ud488, \uc804\ud1b5 \ubc0f \ud604\ub300 \uc758\ud559\uc5d0\uc11c \ub110\ub9ac \uc0ac\uc6a9\ub429\ub2c8\ub2e4.\" \/>\n<meta property=\"og:url\" content=\"https:\/\/naturalpoland.com\/ko\/je-pum\/ui-yak-pum-won-ryo\/geon-gang-gi-neung-sig-pum-cheom-ga-mul\/cuculmul-robuteo-bakeurota-asiatig\/\" \/>\n<meta property=\"og:site_name\" content=\"NATURAL POLAND - Hurtowy Dystrybutor Surowc\u00f3w\" \/>\n<meta property=\"article:publisher\" content=\"https:\/\/www.facebook.com\/naturalpoland.b2b\" \/>\n<meta property=\"og:image\" content=\"https:\/\/naturalpoland.com\/wp-content\/uploads\/ekstrakt-z-wakroty-azjatyckiej.jpg\" \/>\n\t<meta property=\"og:image:width\" content=\"500\" \/>\n\t<meta property=\"og:image:height\" content=\"500\" \/>\n\t<meta property=\"og:image:type\" content=\"image\/jpeg\" \/>\n<script type=\"application\/ld+json\" class=\"yoast-schema-graph\">{\"@context\":\"https:\\\/\\\/schema.org\",\"@graph\":[{\"@type\":\"WebPage\",\"@id\":\"https:\\\/\\\/naturalpoland.com\\\/ko\\\/je-pum\\\/ui-yak-pum-won-ryo\\\/geon-gang-gi-neung-sig-pum-cheom-ga-mul\\\/cuculmul-robuteo-bakeurota-asiatig\\\/\",\"url\":\"https:\\\/\\\/naturalpoland.com\\\/ko\\\/je-pum\\\/ui-yak-pum-won-ryo\\\/geon-gang-gi-neung-sig-pum-cheom-ga-mul\\\/cuculmul-robuteo-bakeurota-asiatig\\\/\",\"name\":\"\ubcd1\ud480 \ucd94\ucd9c\ubb3c (Gotu Kola) - NATURAL POLAND - Hurtowy Dystrybutor Surowc\u00f3w\",\"isPartOf\":{\"@id\":\"https:\\\/\\\/naturalpoland.com\\\/ko\\\/#website\"},\"primaryImageOfPage\":{\"@id\":\"https:\\\/\\\/naturalpoland.com\\\/ko\\\/je-pum\\\/ui-yak-pum-won-ryo\\\/geon-gang-gi-neung-sig-pum-cheom-ga-mul\\\/cuculmul-robuteo-bakeurota-asiatig\\\/#primaryimage\"},\"image\":{\"@id\":\"https:\\\/\\\/naturalpoland.com\\\/ko\\\/je-pum\\\/ui-yak-pum-won-ryo\\\/geon-gang-gi-neung-sig-pum-cheom-ga-mul\\\/cuculmul-robuteo-bakeurota-asiatig\\\/#primaryimage\"},\"thumbnailUrl\":\"https:\\\/\\\/naturalpoland.com\\\/wp-content\\\/uploads\\\/ekstrakt-z-wakroty-azjatyckiej.jpg\",\"datePublished\":\"2025-06-24T10:00:56+00:00\",\"description\":\"\ubcd1\ud480 \ucd94\ucd9c\ubb3c\uc740 \ub2e4\uac01\uc801\uc778 \ud6a8\ub2a5\uc73c\ub85c \ud654\uc7a5\ud488, \uc804\ud1b5 \ubc0f \ud604\ub300 \uc758\ud559\uc5d0\uc11c \ub110\ub9ac \uc0ac\uc6a9\ub429\ub2c8\ub2e4.\",\"breadcrumb\":{\"@id\":\"https:\\\/\\\/naturalpoland.com\\\/ko\\\/je-pum\\\/ui-yak-pum-won-ryo\\\/geon-gang-gi-neung-sig-pum-cheom-ga-mul\\\/cuculmul-robuteo-bakeurota-asiatig\\\/#breadcrumb\"},\"inLanguage\":\"ko-KR\",\"potentialAction\":[{\"@type\":\"ReadAction\",\"target\":[\"https:\\\/\\\/naturalpoland.com\\\/ko\\\/je-pum\\\/ui-yak-pum-won-ryo\\\/geon-gang-gi-neung-sig-pum-cheom-ga-mul\\\/cuculmul-robuteo-bakeurota-asiatig\\\/\"]}]},{\"@type\":\"ImageObject\",\"inLanguage\":\"ko-KR\",\"@id\":\"https:\\\/\\\/naturalpoland.com\\\/ko\\\/je-pum\\\/ui-yak-pum-won-ryo\\\/geon-gang-gi-neung-sig-pum-cheom-ga-mul\\\/cuculmul-robuteo-bakeurota-asiatig\\\/#primaryimage\",\"url\":\"https:\\\/\\\/naturalpoland.com\\\/wp-content\\\/uploads\\\/ekstrakt-z-wakroty-azjatyckiej.jpg\",\"contentUrl\":\"https:\\\/\\\/naturalpoland.com\\\/wp-content\\\/uploads\\\/ekstrakt-z-wakroty-azjatyckiej.jpg\",\"width\":500,\"height\":500,\"caption\":\"ekstrakt z w\u0105kroty azjatyckiej\"},{\"@type\":\"BreadcrumbList\",\"@id\":\"https:\\\/\\\/naturalpoland.com\\\/ko\\\/je-pum\\\/ui-yak-pum-won-ryo\\\/geon-gang-gi-neung-sig-pum-cheom-ga-mul\\\/cuculmul-robuteo-bakeurota-asiatig\\\/#breadcrumb\",\"itemListElement\":[{\"@type\":\"ListItem\",\"position\":1,\"name\":\"\ud648\",\"item\":\"https:\\\/\\\/naturalpoland.com\\\/ko\\\/\"},{\"@type\":\"ListItem\",\"position\":2,\"name\":\"\uc81c\ud488\",\"item\":\"https:\\\/\\\/naturalpoland.com\\\/ko\\\/%ec%a0%9c%ed%92%88\\\/\"},{\"@type\":\"ListItem\",\"position\":3,\"name\":\"\ubcd1\ud480 \ucd94\ucd9c\ubb3c (Gotu Kola)\"}]},{\"@type\":\"WebSite\",\"@id\":\"https:\\\/\\\/naturalpoland.com\\\/ko\\\/#website\",\"url\":\"https:\\\/\\\/naturalpoland.com\\\/ko\\\/\",\"name\":\"NATURAL POLAND - Hurtowy Dystrybutor Surowc\u00f3w\",\"description\":\"Surowce dla przemys\u0142u spo\u017cywczego, kosmetycznego i farmaceutycznego\",\"publisher\":{\"@id\":\"https:\\\/\\\/naturalpoland.com\\\/ko\\\/#organization\"},\"potentialAction\":[{\"@type\":\"SearchAction\",\"target\":{\"@type\":\"EntryPoint\",\"urlTemplate\":\"https:\\\/\\\/naturalpoland.com\\\/ko\\\/?s={search_term_string}\"},\"query-input\":{\"@type\":\"PropertyValueSpecification\",\"valueRequired\":true,\"valueName\":\"search_term_string\"}}],\"inLanguage\":\"ko-KR\"},{\"@type\":\"Organization\",\"@id\":\"https:\\\/\\\/naturalpoland.com\\\/ko\\\/#organization\",\"name\":\"Natural Poland\",\"url\":\"https:\\\/\\\/naturalpoland.com\\\/ko\\\/\",\"logo\":{\"@type\":\"ImageObject\",\"inLanguage\":\"ko-KR\",\"@id\":\"https:\\\/\\\/naturalpoland.com\\\/ko\\\/#\\\/schema\\\/logo\\\/image\\\/\",\"url\":\"https:\\\/\\\/naturalpoland.com\\\/wp-content\\\/uploads\\\/2021\\\/05\\\/natural-poland-icon.png\",\"contentUrl\":\"https:\\\/\\\/naturalpoland.com\\\/wp-content\\\/uploads\\\/2021\\\/05\\\/natural-poland-icon.png\",\"width\":512,\"height\":512,\"caption\":\"Natural Poland\"},\"image\":{\"@id\":\"https:\\\/\\\/naturalpoland.com\\\/ko\\\/#\\\/schema\\\/logo\\\/image\\\/\"},\"sameAs\":[\"https:\\\/\\\/www.facebook.com\\\/naturalpoland.b2b\",\"https:\\\/\\\/pl.linkedin.com\\\/company\\\/natural-poland\",\"https:\\\/\\\/www.youtube.com\\\/channel\\\/UCgeGGkvOMahZo-xu_MSEWxg\"]}]}<\/script>\n<!-- \/ Yoast SEO plugin. -->","yoast_head_json":{"title":"\ubcd1\ud480 \ucd94\ucd9c\ubb3c (Gotu Kola) - NATURAL POLAND - Hurtowy Dystrybutor Surowc\u00f3w","description":"\ubcd1\ud480 \ucd94\ucd9c\ubb3c\uc740 \ub2e4\uac01\uc801\uc778 \ud6a8\ub2a5\uc73c\ub85c \ud654\uc7a5\ud488, \uc804\ud1b5 \ubc0f \ud604\ub300 \uc758\ud559\uc5d0\uc11c \ub110\ub9ac \uc0ac\uc6a9\ub429\ub2c8\ub2e4.","robots":{"index":"index","follow":"follow","max-snippet":"max-snippet:-1","max-image-preview":"max-image-preview:large","max-video-preview":"max-video-preview:-1"},"canonical":"https:\/\/naturalpoland.com\/ko\/je-pum\/ui-yak-pum-won-ryo\/geon-gang-gi-neung-sig-pum-cheom-ga-mul\/cuculmul-robuteo-bakeurota-asiatig\/","og_locale":"ko_KR","og_type":"article","og_title":"\ubcd1\ud480 \ucd94\ucd9c\ubb3c (Gotu Kola) - NATURAL POLAND - Hurtowy Dystrybutor Surowc\u00f3w","og_description":"\ubcd1\ud480 \ucd94\ucd9c\ubb3c\uc740 \ub2e4\uac01\uc801\uc778 \ud6a8\ub2a5\uc73c\ub85c \ud654\uc7a5\ud488, \uc804\ud1b5 \ubc0f \ud604\ub300 \uc758\ud559\uc5d0\uc11c \ub110\ub9ac \uc0ac\uc6a9\ub429\ub2c8\ub2e4.","og_url":"https:\/\/naturalpoland.com\/ko\/je-pum\/ui-yak-pum-won-ryo\/geon-gang-gi-neung-sig-pum-cheom-ga-mul\/cuculmul-robuteo-bakeurota-asiatig\/","og_site_name":"NATURAL POLAND - Hurtowy Dystrybutor Surowc\u00f3w","article_publisher":"https:\/\/www.facebook.com\/naturalpoland.b2b","og_image":[{"width":500,"height":500,"url":"https:\/\/naturalpoland.com\/wp-content\/uploads\/ekstrakt-z-wakroty-azjatyckiej.jpg","type":"image\/jpeg"}],"schema":{"@context":"https:\/\/schema.org","@graph":[{"@type":"WebPage","@id":"https:\/\/naturalpoland.com\/ko\/je-pum\/ui-yak-pum-won-ryo\/geon-gang-gi-neung-sig-pum-cheom-ga-mul\/cuculmul-robuteo-bakeurota-asiatig\/","url":"https:\/\/naturalpoland.com\/ko\/je-pum\/ui-yak-pum-won-ryo\/geon-gang-gi-neung-sig-pum-cheom-ga-mul\/cuculmul-robuteo-bakeurota-asiatig\/","name":"\ubcd1\ud480 \ucd94\ucd9c\ubb3c (Gotu Kola) - NATURAL POLAND - Hurtowy Dystrybutor Surowc\u00f3w","isPartOf":{"@id":"https:\/\/naturalpoland.com\/ko\/#website"},"primaryImageOfPage":{"@id":"https:\/\/naturalpoland.com\/ko\/je-pum\/ui-yak-pum-won-ryo\/geon-gang-gi-neung-sig-pum-cheom-ga-mul\/cuculmul-robuteo-bakeurota-asiatig\/#primaryimage"},"image":{"@id":"https:\/\/naturalpoland.com\/ko\/je-pum\/ui-yak-pum-won-ryo\/geon-gang-gi-neung-sig-pum-cheom-ga-mul\/cuculmul-robuteo-bakeurota-asiatig\/#primaryimage"},"thumbnailUrl":"https:\/\/naturalpoland.com\/wp-content\/uploads\/ekstrakt-z-wakroty-azjatyckiej.jpg","datePublished":"2025-06-24T10:00:56+00:00","description":"\ubcd1\ud480 \ucd94\ucd9c\ubb3c\uc740 \ub2e4\uac01\uc801\uc778 \ud6a8\ub2a5\uc73c\ub85c \ud654\uc7a5\ud488, \uc804\ud1b5 \ubc0f \ud604\ub300 \uc758\ud559\uc5d0\uc11c \ub110\ub9ac \uc0ac\uc6a9\ub429\ub2c8\ub2e4.","breadcrumb":{"@id":"https:\/\/naturalpoland.com\/ko\/je-pum\/ui-yak-pum-won-ryo\/geon-gang-gi-neung-sig-pum-cheom-ga-mul\/cuculmul-robuteo-bakeurota-asiatig\/#breadcrumb"},"inLanguage":"ko-KR","potentialAction":[{"@type":"ReadAction","target":["https:\/\/naturalpoland.com\/ko\/je-pum\/ui-yak-pum-won-ryo\/geon-gang-gi-neung-sig-pum-cheom-ga-mul\/cuculmul-robuteo-bakeurota-asiatig\/"]}]},{"@type":"ImageObject","inLanguage":"ko-KR","@id":"https:\/\/naturalpoland.com\/ko\/je-pum\/ui-yak-pum-won-ryo\/geon-gang-gi-neung-sig-pum-cheom-ga-mul\/cuculmul-robuteo-bakeurota-asiatig\/#primaryimage","url":"https:\/\/naturalpoland.com\/wp-content\/uploads\/ekstrakt-z-wakroty-azjatyckiej.jpg","contentUrl":"https:\/\/naturalpoland.com\/wp-content\/uploads\/ekstrakt-z-wakroty-azjatyckiej.jpg","width":500,"height":500,"caption":"ekstrakt z w\u0105kroty azjatyckiej"},{"@type":"BreadcrumbList","@id":"https:\/\/naturalpoland.com\/ko\/je-pum\/ui-yak-pum-won-ryo\/geon-gang-gi-neung-sig-pum-cheom-ga-mul\/cuculmul-robuteo-bakeurota-asiatig\/#breadcrumb","itemListElement":[{"@type":"ListItem","position":1,"name":"\ud648","item":"https:\/\/naturalpoland.com\/ko\/"},{"@type":"ListItem","position":2,"name":"\uc81c\ud488","item":"https:\/\/naturalpoland.com\/ko\/%ec%a0%9c%ed%92%88\/"},{"@type":"ListItem","position":3,"name":"\ubcd1\ud480 \ucd94\ucd9c\ubb3c (Gotu Kola)"}]},{"@type":"WebSite","@id":"https:\/\/naturalpoland.com\/ko\/#website","url":"https:\/\/naturalpoland.com\/ko\/","name":"NATURAL POLAND - Hurtowy Dystrybutor Surowc\u00f3w","description":"Surowce dla przemys\u0142u spo\u017cywczego, kosmetycznego i farmaceutycznego","publisher":{"@id":"https:\/\/naturalpoland.com\/ko\/#organization"},"potentialAction":[{"@type":"SearchAction","target":{"@type":"EntryPoint","urlTemplate":"https:\/\/naturalpoland.com\/ko\/?s={search_term_string}"},"query-input":{"@type":"PropertyValueSpecification","valueRequired":true,"valueName":"search_term_string"}}],"inLanguage":"ko-KR"},{"@type":"Organization","@id":"https:\/\/naturalpoland.com\/ko\/#organization","name":"Natural Poland","url":"https:\/\/naturalpoland.com\/ko\/","logo":{"@type":"ImageObject","inLanguage":"ko-KR","@id":"https:\/\/naturalpoland.com\/ko\/#\/schema\/logo\/image\/","url":"https:\/\/naturalpoland.com\/wp-content\/uploads\/2021\/05\/natural-poland-icon.png","contentUrl":"https:\/\/naturalpoland.com\/wp-content\/uploads\/2021\/05\/natural-poland-icon.png","width":512,"height":512,"caption":"Natural Poland"},"image":{"@id":"https:\/\/naturalpoland.com\/ko\/#\/schema\/logo\/image\/"},"sameAs":["https:\/\/www.facebook.com\/naturalpoland.b2b","https:\/\/pl.linkedin.com\/company\/natural-poland","https:\/\/www.youtube.com\/channel\/UCgeGGkvOMahZo-xu_MSEWxg"]}]}},"_links":{"self":[{"href":"https:\/\/naturalpoland.com\/ko\/wp-json\/wp\/v2\/product\/41600","targetHints":{"allow":["GET"]}}],"collection":[{"href":"https:\/\/naturalpoland.com\/ko\/wp-json\/wp\/v2\/product"}],"about":[{"href":"https:\/\/naturalpoland.com\/ko\/wp-json\/wp\/v2\/types\/product"}],"wp:featuredmedia":[{"embeddable":true,"href":"https:\/\/naturalpoland.com\/ko\/wp-json\/wp\/v2\/media\/41601"}],"wp:attachment":[{"href":"https:\/\/naturalpoland.com\/ko\/wp-json\/wp\/v2\/media?parent=41600"}],"wp:term":[{"taxonomy":"product_brand","embeddable":true,"href":"https:\/\/naturalpoland.com\/ko\/wp-json\/wp\/v2\/product_brand?post=41600"},{"taxonomy":"product_cat","embeddable":true,"href":"https:\/\/naturalpoland.com\/ko\/wp-json\/wp\/v2\/product_cat?post=41600"},{"taxonomy":"product_tag","embeddable":true,"href":"https:\/\/naturalpoland.com\/ko\/wp-json\/wp\/v2\/product_tag?post=41600"}],"curies":[{"name":"wp","href":"https:\/\/api.w.org\/{rel}","templated":true}]}}