{"id":41605,"date":"2024-01-08T12:08:55","date_gmt":"2025-06-24T10:16:55","guid":{"rendered":"https:\/\/naturalpoland.com\/produkty\/uncategorized\/egtoin\/"},"modified":"2025-06-24T12:16:55","modified_gmt":"2025-06-24T10:16:55","slug":"egtoin","status":"publish","type":"product","link":"https:\/\/naturalpoland.com\/ko\/je-pum\/hwa-jang-pum-won-ryo\/pep-ta-i-deu\/egtoin\/","title":{"rendered":"\uc5d1\ud1a0\uc778 (Ectoine)"},"content":{"rendered":"<h3><strong>\uae30\ub2a5 \ubc0f \uc791\uc6a9 \uba54\ucee4\ub2c8\uc998<\/strong><\/h3>\n<p>\uc5d1\ud1a0\uc778\uc740 \ubd84\uc790 \uc218\uc900\uc5d0\uc11c \ubb3c \ubd84\uc790\uac00 \uc218\uc18c \uacb0\ud569\uc744 \ud615\uc131\ud558\ub294 \ub2a5\ub825\uc744 \ub192\uc5ec\uc90d\ub2c8\ub2e4. \uc774\ub85c \uc778\ud574 \ub2e8\ubc31\uc9c8 \uc8fc\ubcc0\uc5d0 \uc218\ubd84 \ubcf4\ud638\ub9c9\uc774 \ud615\uc131\ub418\uc5b4 \ud53c\ubd80\uc758 \uc218\ubd84 \uc190\uc2e4\uc744 \ubc29\uc9c0\ud558\uace0, \uc138\ud3ec \uae30\ub2a5\uc744 \uac15\ud654 \ubc0f \ubcf5\uc6d0\ud558\uba70, \ud53c\ubd80 \uc7a5\ubcbd\uc744 \uc548\uc815\ud654\ud569\ub2c8\ub2e4. \uc774\ub7ec\ud55c \uc791\uc6a9 \ub355\ubd84\uc5d0 \uc5d1\ud1a0\uc778\uc740 \ud53c\ubd80 \ubcf4\ud638\uc640 \uc7ac\uc0dd\uc5d0 \ub9e4\uc6b0 \ud6a8\uacfc\uc801\uc774\uba70 \uc790\uadf9\uc744 \ucd5c\uc18c\ud654\ud558\ub294 \ub370 \ub3c4\uc6c0\uc744 \uc90d\ub2c8\ub2e4.  <\/p>\n<h3><strong>\uc2dc\ud5d8\uad00 \ub0b4 \uc2e4\ud5d8 \uacb0\uacfc<\/strong><\/h3>\n<p>Hunter Biotech\uc758 \uc2dc\ud5d8 \ubcf4\uace0\uc11c\uc5d0 \ub530\ub974\uba74, \uc5d1\ud1a0\uc778\uc744 \ucc98\ub9ac\ud55c \uc2e4\ud5d8\uad70\uc758 \uc5b4\ub958 \uaf2c\ub9ac \uc9c0\ub290\ub7ec\ubbf8 \uba74\uc801\uc774 \ub300\uc870\uad70\uc5d0 \ube44\ud574 \uc720\uc758\ubbf8\ud558\uac8c \uc99d\uac00\ud55c \uac83\uc73c\ub85c \ub098\ud0c0\ub0ac\uc2b5\ub2c8\ub2e4. \uc774 \uacb0\uacfc\ub294 \uc5d1\ud1a0\uc778\uc774 \uc190\uc0c1 \ud68c\ubcf5\uacfc \uc7ac\uc0dd \uacfc\uc815\uc5d0 \ud6a8\uacfc\uc801\uc784\uc744 \uc2dc\uc0ac\ud569\ub2c8\ub2e4. <\/p>\n<h3><strong>\uc801\uc6a9 \ubd84\uc57c<\/strong><\/h3>\n<p><strong>\uc5d1\ud1a0\uc778\uc740 \ub2e4\uc591\ud55c \ud654\uc7a5\ud488 \uc81c\ud488\uc5d0 \uc0ac\uc6a9\ub418\uba70, \ubcf4\ud638, \ubcf5\uc6d0, \ud56d\uc5fc, \uc54c\ub808\ub974\uae30 \uc644\ud654, \ub178\ud654 \ubc29\uc9c0 \ubc0f \ubcf4\uc2b5 \ud6a8\uacfc\ub97c \uc81c\uacf5\ud569\ub2c8\ub2e4.<\/strong> \uc8fc\ub85c \ub370\uc774 \ud06c\ub9bc, \ub098\uc774\ud2b8 \ud06c\ub9bc, \uc5d0\uc13c\uc2a4, \uc544\uc774 \ud06c\ub9bc, \ud398\uc774\uc2a4 \ub9c8\uc2a4\ud06c \ub4f1 \ub2e4\uc591\ud55c \uc81c\ud488\uc758 \ud575\uc2ec \uc131\ubd84\uc73c\ub85c \ud65c\uc6a9\ub429\ub2c8\ub2e4. \uad11\ubc94\uc704\ud55c \ud6a8\ub2a5 \ub355\ubd84\uc5d0 \uc5d1\ud1a0\uc778\uc740 \ud53c\ubd80\ub97c \ud6a8\uacfc\uc801\uc73c\ub85c \ucf00\uc5b4\ud558\uace0 \ubcf4\ud638\ud560 \uc218 \uc788\ub294 \uace0\uae30\ub2a5\uc131 \ud65c\uc131 \uc131\ubd84\uc73c\ub85c \uad8c\uc7a5\ub429\ub2c8\ub2e4. <\/p>\n","protected":false},"excerpt":{"rendered":"<p>\uc5d1\ud1a0\uc778\uc758 \ud654\uc7a5\ud488 \uad8c\uc7a5 \ub18d\ub3c4\ub294 0.5%\uc5d0\uc11c 3% \uc0ac\uc774\uc785\ub2c8\ub2e4. <\/p>\n","protected":false},"featured_media":41606,"template":"","meta":{"_acf_changed":false},"product_brand":[],"product_cat":[8157],"product_tag":[],"class_list":{"0":"post-41605","1":"product","2":"type-product","3":"status-publish","4":"has-post-thumbnail","6":"product_cat-pep-ta-i-deu","7":"pa_metoda-pozyskiwania-8282","9":"first","10":"instock","11":"shipping-taxable","12":"product-type-simple"},"acf":[],"yoast_head":"<!-- This site is optimized with the Yoast SEO plugin v27.4 - https:\/\/yoast.com\/product\/yoast-seo-wordpress\/ -->\n<title>\uc5d1\ud1a0\uc778 (Ectoine) - Hurtowy Dystrybutor<\/title>\n<meta name=\"description\" content=\"\uc5d1\ud1a0\uc778\uc740 \ud654\uc7a5\ud488\uc5d0 \uc0ac\uc6a9\ub418\ub294 \ub9e4\uc6b0 \ud6a8\uacfc\uc801\uc778 \ud65c\uc131 \uc131\ubd84\uc785\ub2c8\ub2e4. \uad8c\uc7a5 \ub18d\ub3c4\ub294 0.5%\uc5d0\uc11c 3% \uc0ac\uc774\uc785\ub2c8\ub2e4.\" \/>\n<meta name=\"robots\" content=\"index, follow, max-snippet:-1, max-image-preview:large, max-video-preview:-1\" \/>\n<link rel=\"canonical\" href=\"https:\/\/naturalpoland.com\/ko\/je-pum\/hwa-jang-pum-won-ryo\/pep-ta-i-deu\/egtoin\/\" \/>\n<meta property=\"og:locale\" content=\"ko_KR\" \/>\n<meta property=\"og:type\" content=\"article\" \/>\n<meta property=\"og:title\" content=\"\uc5d1\ud1a0\uc778 (Ectoine) - Hurtowy Dystrybutor\" \/>\n<meta property=\"og:description\" content=\"\uc5d1\ud1a0\uc778\uc740 \ud654\uc7a5\ud488\uc5d0 \uc0ac\uc6a9\ub418\ub294 \ub9e4\uc6b0 \ud6a8\uacfc\uc801\uc778 \ud65c\uc131 \uc131\ubd84\uc785\ub2c8\ub2e4. \uad8c\uc7a5 \ub18d\ub3c4\ub294 0.5%\uc5d0\uc11c 3% \uc0ac\uc774\uc785\ub2c8\ub2e4.\" \/>\n<meta property=\"og:url\" content=\"https:\/\/naturalpoland.com\/ko\/je-pum\/hwa-jang-pum-won-ryo\/pep-ta-i-deu\/egtoin\/\" \/>\n<meta property=\"og:site_name\" content=\"NATURAL POLAND - Hurtowy Dystrybutor Surowc\u00f3w\" \/>\n<meta property=\"article:publisher\" content=\"https:\/\/www.facebook.com\/naturalpoland.b2b\" \/>\n<meta property=\"og:image\" content=\"https:\/\/naturalpoland.com\/wp-content\/uploads\/ectoin.webp\" \/>\n\t<meta property=\"og:image:width\" content=\"618\" \/>\n\t<meta property=\"og:image:height\" content=\"618\" \/>\n\t<meta property=\"og:image:type\" content=\"image\/webp\" \/>\n<script type=\"application\/ld+json\" class=\"yoast-schema-graph\">{\"@context\":\"https:\\\/\\\/schema.org\",\"@graph\":[{\"@type\":\"WebPage\",\"@id\":\"https:\\\/\\\/naturalpoland.com\\\/ko\\\/je-pum\\\/hwa-jang-pum-won-ryo\\\/pep-ta-i-deu\\\/egtoin\\\/\",\"url\":\"https:\\\/\\\/naturalpoland.com\\\/ko\\\/je-pum\\\/hwa-jang-pum-won-ryo\\\/pep-ta-i-deu\\\/egtoin\\\/\",\"name\":\"\uc5d1\ud1a0\uc778 (Ectoine) - Hurtowy Dystrybutor\",\"isPartOf\":{\"@id\":\"https:\\\/\\\/naturalpoland.com\\\/ko\\\/#website\"},\"primaryImageOfPage\":{\"@id\":\"https:\\\/\\\/naturalpoland.com\\\/ko\\\/je-pum\\\/hwa-jang-pum-won-ryo\\\/pep-ta-i-deu\\\/egtoin\\\/#primaryimage\"},\"image\":{\"@id\":\"https:\\\/\\\/naturalpoland.com\\\/ko\\\/je-pum\\\/hwa-jang-pum-won-ryo\\\/pep-ta-i-deu\\\/egtoin\\\/#primaryimage\"},\"thumbnailUrl\":\"https:\\\/\\\/naturalpoland.com\\\/wp-content\\\/uploads\\\/ectoin.webp\",\"datePublished\":\"2025-06-24T10:16:55+00:00\",\"description\":\"\uc5d1\ud1a0\uc778\uc740 \ud654\uc7a5\ud488\uc5d0 \uc0ac\uc6a9\ub418\ub294 \ub9e4\uc6b0 \ud6a8\uacfc\uc801\uc778 \ud65c\uc131 \uc131\ubd84\uc785\ub2c8\ub2e4. \uad8c\uc7a5 \ub18d\ub3c4\ub294 0.5%\uc5d0\uc11c 3% \uc0ac\uc774\uc785\ub2c8\ub2e4.\",\"breadcrumb\":{\"@id\":\"https:\\\/\\\/naturalpoland.com\\\/ko\\\/je-pum\\\/hwa-jang-pum-won-ryo\\\/pep-ta-i-deu\\\/egtoin\\\/#breadcrumb\"},\"inLanguage\":\"ko-KR\",\"potentialAction\":[{\"@type\":\"ReadAction\",\"target\":[\"https:\\\/\\\/naturalpoland.com\\\/ko\\\/je-pum\\\/hwa-jang-pum-won-ryo\\\/pep-ta-i-deu\\\/egtoin\\\/\"]}]},{\"@type\":\"ImageObject\",\"inLanguage\":\"ko-KR\",\"@id\":\"https:\\\/\\\/naturalpoland.com\\\/ko\\\/je-pum\\\/hwa-jang-pum-won-ryo\\\/pep-ta-i-deu\\\/egtoin\\\/#primaryimage\",\"url\":\"https:\\\/\\\/naturalpoland.com\\\/wp-content\\\/uploads\\\/ectoin.webp\",\"contentUrl\":\"https:\\\/\\\/naturalpoland.com\\\/wp-content\\\/uploads\\\/ectoin.webp\",\"width\":618,\"height\":618,\"caption\":\"Ectoin\"},{\"@type\":\"BreadcrumbList\",\"@id\":\"https:\\\/\\\/naturalpoland.com\\\/ko\\\/je-pum\\\/hwa-jang-pum-won-ryo\\\/pep-ta-i-deu\\\/egtoin\\\/#breadcrumb\",\"itemListElement\":[{\"@type\":\"ListItem\",\"position\":1,\"name\":\"\ud648\",\"item\":\"https:\\\/\\\/naturalpoland.com\\\/ko\\\/\"},{\"@type\":\"ListItem\",\"position\":2,\"name\":\"\uc81c\ud488\",\"item\":\"https:\\\/\\\/naturalpoland.com\\\/ko\\\/%ec%a0%9c%ed%92%88\\\/\"},{\"@type\":\"ListItem\",\"position\":3,\"name\":\"\uc5d1\ud1a0\uc778 (Ectoine)\"}]},{\"@type\":\"WebSite\",\"@id\":\"https:\\\/\\\/naturalpoland.com\\\/ko\\\/#website\",\"url\":\"https:\\\/\\\/naturalpoland.com\\\/ko\\\/\",\"name\":\"NATURAL POLAND - Hurtowy Dystrybutor Surowc\u00f3w\",\"description\":\"Surowce dla przemys\u0142u spo\u017cywczego, kosmetycznego i farmaceutycznego\",\"publisher\":{\"@id\":\"https:\\\/\\\/naturalpoland.com\\\/ko\\\/#organization\"},\"potentialAction\":[{\"@type\":\"SearchAction\",\"target\":{\"@type\":\"EntryPoint\",\"urlTemplate\":\"https:\\\/\\\/naturalpoland.com\\\/ko\\\/?s={search_term_string}\"},\"query-input\":{\"@type\":\"PropertyValueSpecification\",\"valueRequired\":true,\"valueName\":\"search_term_string\"}}],\"inLanguage\":\"ko-KR\"},{\"@type\":\"Organization\",\"@id\":\"https:\\\/\\\/naturalpoland.com\\\/ko\\\/#organization\",\"name\":\"Natural Poland\",\"url\":\"https:\\\/\\\/naturalpoland.com\\\/ko\\\/\",\"logo\":{\"@type\":\"ImageObject\",\"inLanguage\":\"ko-KR\",\"@id\":\"https:\\\/\\\/naturalpoland.com\\\/ko\\\/#\\\/schema\\\/logo\\\/image\\\/\",\"url\":\"https:\\\/\\\/naturalpoland.com\\\/wp-content\\\/uploads\\\/2021\\\/05\\\/natural-poland-icon.png\",\"contentUrl\":\"https:\\\/\\\/naturalpoland.com\\\/wp-content\\\/uploads\\\/2021\\\/05\\\/natural-poland-icon.png\",\"width\":512,\"height\":512,\"caption\":\"Natural Poland\"},\"image\":{\"@id\":\"https:\\\/\\\/naturalpoland.com\\\/ko\\\/#\\\/schema\\\/logo\\\/image\\\/\"},\"sameAs\":[\"https:\\\/\\\/www.facebook.com\\\/naturalpoland.b2b\",\"https:\\\/\\\/pl.linkedin.com\\\/company\\\/natural-poland\",\"https:\\\/\\\/www.youtube.com\\\/channel\\\/UCgeGGkvOMahZo-xu_MSEWxg\"]}]}<\/script>\n<!-- \/ Yoast SEO plugin. -->","yoast_head_json":{"title":"\uc5d1\ud1a0\uc778 (Ectoine) - Hurtowy Dystrybutor","description":"\uc5d1\ud1a0\uc778\uc740 \ud654\uc7a5\ud488\uc5d0 \uc0ac\uc6a9\ub418\ub294 \ub9e4\uc6b0 \ud6a8\uacfc\uc801\uc778 \ud65c\uc131 \uc131\ubd84\uc785\ub2c8\ub2e4. \uad8c\uc7a5 \ub18d\ub3c4\ub294 0.5%\uc5d0\uc11c 3% \uc0ac\uc774\uc785\ub2c8\ub2e4.","robots":{"index":"index","follow":"follow","max-snippet":"max-snippet:-1","max-image-preview":"max-image-preview:large","max-video-preview":"max-video-preview:-1"},"canonical":"https:\/\/naturalpoland.com\/ko\/je-pum\/hwa-jang-pum-won-ryo\/pep-ta-i-deu\/egtoin\/","og_locale":"ko_KR","og_type":"article","og_title":"\uc5d1\ud1a0\uc778 (Ectoine) - Hurtowy Dystrybutor","og_description":"\uc5d1\ud1a0\uc778\uc740 \ud654\uc7a5\ud488\uc5d0 \uc0ac\uc6a9\ub418\ub294 \ub9e4\uc6b0 \ud6a8\uacfc\uc801\uc778 \ud65c\uc131 \uc131\ubd84\uc785\ub2c8\ub2e4. \uad8c\uc7a5 \ub18d\ub3c4\ub294 0.5%\uc5d0\uc11c 3% \uc0ac\uc774\uc785\ub2c8\ub2e4.","og_url":"https:\/\/naturalpoland.com\/ko\/je-pum\/hwa-jang-pum-won-ryo\/pep-ta-i-deu\/egtoin\/","og_site_name":"NATURAL POLAND - Hurtowy Dystrybutor Surowc\u00f3w","article_publisher":"https:\/\/www.facebook.com\/naturalpoland.b2b","og_image":[{"width":618,"height":618,"url":"https:\/\/naturalpoland.com\/wp-content\/uploads\/ectoin.webp","type":"image\/webp"}],"schema":{"@context":"https:\/\/schema.org","@graph":[{"@type":"WebPage","@id":"https:\/\/naturalpoland.com\/ko\/je-pum\/hwa-jang-pum-won-ryo\/pep-ta-i-deu\/egtoin\/","url":"https:\/\/naturalpoland.com\/ko\/je-pum\/hwa-jang-pum-won-ryo\/pep-ta-i-deu\/egtoin\/","name":"\uc5d1\ud1a0\uc778 (Ectoine) - Hurtowy Dystrybutor","isPartOf":{"@id":"https:\/\/naturalpoland.com\/ko\/#website"},"primaryImageOfPage":{"@id":"https:\/\/naturalpoland.com\/ko\/je-pum\/hwa-jang-pum-won-ryo\/pep-ta-i-deu\/egtoin\/#primaryimage"},"image":{"@id":"https:\/\/naturalpoland.com\/ko\/je-pum\/hwa-jang-pum-won-ryo\/pep-ta-i-deu\/egtoin\/#primaryimage"},"thumbnailUrl":"https:\/\/naturalpoland.com\/wp-content\/uploads\/ectoin.webp","datePublished":"2025-06-24T10:16:55+00:00","description":"\uc5d1\ud1a0\uc778\uc740 \ud654\uc7a5\ud488\uc5d0 \uc0ac\uc6a9\ub418\ub294 \ub9e4\uc6b0 \ud6a8\uacfc\uc801\uc778 \ud65c\uc131 \uc131\ubd84\uc785\ub2c8\ub2e4. \uad8c\uc7a5 \ub18d\ub3c4\ub294 0.5%\uc5d0\uc11c 3% \uc0ac\uc774\uc785\ub2c8\ub2e4.","breadcrumb":{"@id":"https:\/\/naturalpoland.com\/ko\/je-pum\/hwa-jang-pum-won-ryo\/pep-ta-i-deu\/egtoin\/#breadcrumb"},"inLanguage":"ko-KR","potentialAction":[{"@type":"ReadAction","target":["https:\/\/naturalpoland.com\/ko\/je-pum\/hwa-jang-pum-won-ryo\/pep-ta-i-deu\/egtoin\/"]}]},{"@type":"ImageObject","inLanguage":"ko-KR","@id":"https:\/\/naturalpoland.com\/ko\/je-pum\/hwa-jang-pum-won-ryo\/pep-ta-i-deu\/egtoin\/#primaryimage","url":"https:\/\/naturalpoland.com\/wp-content\/uploads\/ectoin.webp","contentUrl":"https:\/\/naturalpoland.com\/wp-content\/uploads\/ectoin.webp","width":618,"height":618,"caption":"Ectoin"},{"@type":"BreadcrumbList","@id":"https:\/\/naturalpoland.com\/ko\/je-pum\/hwa-jang-pum-won-ryo\/pep-ta-i-deu\/egtoin\/#breadcrumb","itemListElement":[{"@type":"ListItem","position":1,"name":"\ud648","item":"https:\/\/naturalpoland.com\/ko\/"},{"@type":"ListItem","position":2,"name":"\uc81c\ud488","item":"https:\/\/naturalpoland.com\/ko\/%ec%a0%9c%ed%92%88\/"},{"@type":"ListItem","position":3,"name":"\uc5d1\ud1a0\uc778 (Ectoine)"}]},{"@type":"WebSite","@id":"https:\/\/naturalpoland.com\/ko\/#website","url":"https:\/\/naturalpoland.com\/ko\/","name":"NATURAL POLAND - Hurtowy Dystrybutor Surowc\u00f3w","description":"Surowce dla przemys\u0142u spo\u017cywczego, kosmetycznego i farmaceutycznego","publisher":{"@id":"https:\/\/naturalpoland.com\/ko\/#organization"},"potentialAction":[{"@type":"SearchAction","target":{"@type":"EntryPoint","urlTemplate":"https:\/\/naturalpoland.com\/ko\/?s={search_term_string}"},"query-input":{"@type":"PropertyValueSpecification","valueRequired":true,"valueName":"search_term_string"}}],"inLanguage":"ko-KR"},{"@type":"Organization","@id":"https:\/\/naturalpoland.com\/ko\/#organization","name":"Natural Poland","url":"https:\/\/naturalpoland.com\/ko\/","logo":{"@type":"ImageObject","inLanguage":"ko-KR","@id":"https:\/\/naturalpoland.com\/ko\/#\/schema\/logo\/image\/","url":"https:\/\/naturalpoland.com\/wp-content\/uploads\/2021\/05\/natural-poland-icon.png","contentUrl":"https:\/\/naturalpoland.com\/wp-content\/uploads\/2021\/05\/natural-poland-icon.png","width":512,"height":512,"caption":"Natural Poland"},"image":{"@id":"https:\/\/naturalpoland.com\/ko\/#\/schema\/logo\/image\/"},"sameAs":["https:\/\/www.facebook.com\/naturalpoland.b2b","https:\/\/pl.linkedin.com\/company\/natural-poland","https:\/\/www.youtube.com\/channel\/UCgeGGkvOMahZo-xu_MSEWxg"]}]}},"_links":{"self":[{"href":"https:\/\/naturalpoland.com\/ko\/wp-json\/wp\/v2\/product\/41605","targetHints":{"allow":["GET"]}}],"collection":[{"href":"https:\/\/naturalpoland.com\/ko\/wp-json\/wp\/v2\/product"}],"about":[{"href":"https:\/\/naturalpoland.com\/ko\/wp-json\/wp\/v2\/types\/product"}],"wp:featuredmedia":[{"embeddable":true,"href":"https:\/\/naturalpoland.com\/ko\/wp-json\/wp\/v2\/media\/41606"}],"wp:attachment":[{"href":"https:\/\/naturalpoland.com\/ko\/wp-json\/wp\/v2\/media?parent=41605"}],"wp:term":[{"taxonomy":"product_brand","embeddable":true,"href":"https:\/\/naturalpoland.com\/ko\/wp-json\/wp\/v2\/product_brand?post=41605"},{"taxonomy":"product_cat","embeddable":true,"href":"https:\/\/naturalpoland.com\/ko\/wp-json\/wp\/v2\/product_cat?post=41605"},{"taxonomy":"product_tag","embeddable":true,"href":"https:\/\/naturalpoland.com\/ko\/wp-json\/wp\/v2\/product_tag?post=41605"}],"curies":[{"name":"wp","href":"https:\/\/api.w.org\/{rel}","templated":true}]}}