{"id":41610,"date":"2021-05-11T13:38:55","date_gmt":"2025-06-24T10:20:05","guid":{"rendered":"https:\/\/naturalpoland.com\/produkty\/uncategorized\/gareusinia-kambojia-cuculmul\/"},"modified":"2025-06-24T12:20:05","modified_gmt":"2025-06-24T10:20:05","slug":"gareusinia-kambojia-cuculmul","status":"publish","type":"product","link":"https:\/\/naturalpoland.com\/ko\/je-pum\/ui-yak-pum-won-ryo\/geon-gang-gi-neung-sig-pum-cheom-ga-mul\/gareusinia-kambojia-cuculmul\/","title":{"rendered":"\uac00\ub974\uc2dc\ub2c8\uc544 \uce84\ubcf4\uc9c0\uc544 \ucd94\ucd9c\ubb3c"},"content":{"rendered":"<p>\uac00\ub974\uc2dc\ub2c8\uc544 \uce84\ubcf4\uc9c0\uc544 \ucd94\ucd9c\ubb3c\uc740 \uccb4\uc628\uc744 \uc0c1\uc2b9\uc2dc\ucf1c \uc2e0\uc9c4\ub300\uc0ac\ub97c \ucd09\uc9c4\ud558\uace0 \uccb4\uc911 \uac10\ub7c9 \uc18d\ub3c4\ub97c \ub192\uc774\ub294 \ub370 \ub3c4\uc6c0\uc744 \uc90d\ub2c8\ub2e4. \uc8fc\uc694 \ud65c\uc131 \uc131\ubd84\uc778 **\ud558\uc774\ub4dc\ub85d\uc2dc\uc2dc\ud2b8\ub9ad\uc0b0(HCA)**\uc740 \ud589\ubcf5 \ud638\ub974\ubaac\uc774\ub77c \ubd88\ub9ac\ub294 \uc138\ub85c\ud1a0\ub2cc\uc758 \uc0dd\uc131\uc744 \uc99d\uac00\uc2dc\ucf1c \uc2dd\uc695 \uc5b5\uc81c\uc640 \uae30\ubd84 \uac1c\uc120\uc5d0 \uae30\uc5ec\ud569\ub2c8\ub2e4. \uc774\ub7ec\ud55c \uc791\uc6a9 \ub355\ubd84\uc5d0 \ub2e4\uc774\uc5b4\ud2b8\uc640 \uc6b4\ub3d9\uc744 \ubcd1\ud589\ud558\ub294 \uc0ac\ub78c\ub4e4\uc5d0\uac8c \uc801\ud569\ud55c \uc131\ubd84\uc73c\ub85c, \uccb4\uc911 \uad00\ub9ac \ud6a8\uacfc\ub97c \ubcf4\ub2e4 \ube60\ub974\uac8c \uc2e4\ud604\ud560 \uc218 \uc788\uc2b5\ub2c8\ub2e4.   <\/p>\n","protected":false},"excerpt":{"rendered":"<p>\uac00\ub974\uc2dc\ub2c8\uc544 \uce84\ubcf4\uc9c0\uc544 \ucd94\ucd9c\ubb3c\uc740 \uccb4\uc911 \uac10\ub7c9\uc744 \uc9c0\uc6d0\ud558\ub294 \uac74\uac15\uae30\ub2a5\uc2dd\ud488\uc758 \uc778\uae30 \uc6d0\ub8cc\ub85c \uc0ac\uc6a9\ub429\ub2c8\ub2e4. \uc774 \ucd94\ucd9c\ubb3c\uc740 **\ub9d0\ub77c\ubc14\ub974\ud0c0\ub9c8\ub9b0\ub4dc(\ub9d0\ub77c\ubc14\ub974 \uc5f4\ub9e4)**\ub85c \uc54c\ub824\uc9c4 \uc2dd\ubb3c\uc5d0\uc11c \uc5bb\uc5b4\uc9c0\uba70, <strong>\ud558\uc774\ub4dc\ub85d\uc2dc\uc2dc\ud2b8\ub9ad\uc0b0\uc744<\/strong> \ud568\uc720\ud558\uace0 \uc788\uc5b4 \uc9c0\ubc29 \ubd84\uc790\uc758 \uc138\ud3ec \ub0b4 \ubbf8\ud1a0\ucf58\ub4dc\ub9ac\uc544\ub85c\uc758 \uc6b4\ubc18\uc744 \ucd09\uc9c4\ud558\uc5ec \uc9c0\ubc29 \uc5f0\uc18c\ub97c \uac00\uc18d\ud654\ud558\ub294 \uc5ed\ud560\uc744 \ud569\ub2c8\ub2e4.  <\/p>\n","protected":false},"featured_media":41611,"template":"","meta":{"_acf_changed":false},"product_brand":[],"product_cat":[8134,8143],"product_tag":[],"class_list":{"0":"post-41610","1":"product","2":"type-product","3":"status-publish","4":"has-post-thumbnail","6":"product_cat-sig-mul-chu-chul-mul","7":"product_cat-geon-gang-gi-neung-sig-pum-cheom-ga-mul","9":"first","10":"instock","11":"shipping-taxable","12":"product-type-simple"},"acf":[],"yoast_head":"<!-- This site is optimized with the Yoast SEO plugin v27.6 - https:\/\/yoast.com\/product\/yoast-seo-wordpress\/ -->\n<title>\uac00\ub974\uc2dc\ub2c8\uc544 \uce84\ubcf4\uc9c0\uc544 \ucd94\ucd9c\ubb3c - Hurtowy Dystrybutor<\/title>\n<meta name=\"robots\" content=\"index, follow, max-snippet:-1, max-image-preview:large, max-video-preview:-1\" \/>\n<link rel=\"canonical\" href=\"https:\/\/naturalpoland.com\/ko\/je-pum\/ui-yak-pum-won-ryo\/geon-gang-gi-neung-sig-pum-cheom-ga-mul\/gareusinia-kambojia-cuculmul\/\" \/>\n<meta property=\"og:locale\" content=\"ko_KR\" \/>\n<meta property=\"og:type\" content=\"article\" \/>\n<meta property=\"og:title\" content=\"\uac00\ub974\uc2dc\ub2c8\uc544 \uce84\ubcf4\uc9c0\uc544 \ucd94\ucd9c\ubb3c - Hurtowy Dystrybutor\" \/>\n<meta property=\"og:description\" content=\"\uac00\ub974\uc2dc\ub2c8\uc544 \uce84\ubcf4\uc9c0\uc544 \ucd94\ucd9c\ubb3c\uc740 \uccb4\uc911 \uac10\ub7c9\uc744 \uc9c0\uc6d0\ud558\ub294 \uac74\uac15\uae30\ub2a5\uc2dd\ud488\uc758 \uc778\uae30 \uc6d0\ub8cc\ub85c \uc0ac\uc6a9\ub429\ub2c8\ub2e4. \uc774 \ucd94\ucd9c\ubb3c\uc740 **\ub9d0\ub77c\ubc14\ub974\ud0c0\ub9c8\ub9b0\ub4dc(\ub9d0\ub77c\ubc14\ub974 \uc5f4\ub9e4)**\ub85c \uc54c\ub824\uc9c4 \uc2dd\ubb3c\uc5d0\uc11c \uc5bb\uc5b4\uc9c0\uba70, \ud558\uc774\ub4dc\ub85d\uc2dc\uc2dc\ud2b8\ub9ad\uc0b0\uc744 \ud568\uc720\ud558\uace0 \uc788\uc5b4 \uc9c0\ubc29 \ubd84\uc790\uc758 \uc138\ud3ec \ub0b4 \ubbf8\ud1a0\ucf58\ub4dc\ub9ac\uc544\ub85c\uc758 \uc6b4\ubc18\uc744 \ucd09\uc9c4\ud558\uc5ec \uc9c0\ubc29 \uc5f0\uc18c\ub97c \uac00\uc18d\ud654\ud558\ub294 \uc5ed\ud560\uc744 \ud569\ub2c8\ub2e4.\" \/>\n<meta property=\"og:url\" content=\"https:\/\/naturalpoland.com\/ko\/je-pum\/ui-yak-pum-won-ryo\/geon-gang-gi-neung-sig-pum-cheom-ga-mul\/gareusinia-kambojia-cuculmul\/\" \/>\n<meta property=\"og:site_name\" content=\"NATURAL POLAND - Hurtowy Dystrybutor Surowc\u00f3w\" \/>\n<meta property=\"article:publisher\" content=\"https:\/\/www.facebook.com\/naturalpoland.b2b\" \/>\n<meta property=\"og:image\" content=\"https:\/\/naturalpoland.com\/wp-content\/uploads\/garcinia_cambogia_extract.webp\" \/>\n\t<meta property=\"og:image:width\" content=\"612\" \/>\n\t<meta property=\"og:image:height\" content=\"612\" \/>\n\t<meta property=\"og:image:type\" content=\"image\/webp\" \/>\n<script type=\"application\/ld+json\" class=\"yoast-schema-graph\">{\"@context\":\"https:\\\/\\\/schema.org\",\"@graph\":[{\"@type\":\"WebPage\",\"@id\":\"https:\\\/\\\/naturalpoland.com\\\/ko\\\/je-pum\\\/ui-yak-pum-won-ryo\\\/geon-gang-gi-neung-sig-pum-cheom-ga-mul\\\/gareusinia-kambojia-cuculmul\\\/\",\"url\":\"https:\\\/\\\/naturalpoland.com\\\/ko\\\/je-pum\\\/ui-yak-pum-won-ryo\\\/geon-gang-gi-neung-sig-pum-cheom-ga-mul\\\/gareusinia-kambojia-cuculmul\\\/\",\"name\":\"\uac00\ub974\uc2dc\ub2c8\uc544 \uce84\ubcf4\uc9c0\uc544 \ucd94\ucd9c\ubb3c - Hurtowy Dystrybutor\",\"isPartOf\":{\"@id\":\"https:\\\/\\\/naturalpoland.com\\\/ko\\\/#website\"},\"primaryImageOfPage\":{\"@id\":\"https:\\\/\\\/naturalpoland.com\\\/ko\\\/je-pum\\\/ui-yak-pum-won-ryo\\\/geon-gang-gi-neung-sig-pum-cheom-ga-mul\\\/gareusinia-kambojia-cuculmul\\\/#primaryimage\"},\"image\":{\"@id\":\"https:\\\/\\\/naturalpoland.com\\\/ko\\\/je-pum\\\/ui-yak-pum-won-ryo\\\/geon-gang-gi-neung-sig-pum-cheom-ga-mul\\\/gareusinia-kambojia-cuculmul\\\/#primaryimage\"},\"thumbnailUrl\":\"https:\\\/\\\/naturalpoland.com\\\/wp-content\\\/uploads\\\/garcinia_cambogia_extract.webp\",\"datePublished\":\"2025-06-24T10:20:05+00:00\",\"breadcrumb\":{\"@id\":\"https:\\\/\\\/naturalpoland.com\\\/ko\\\/je-pum\\\/ui-yak-pum-won-ryo\\\/geon-gang-gi-neung-sig-pum-cheom-ga-mul\\\/gareusinia-kambojia-cuculmul\\\/#breadcrumb\"},\"inLanguage\":\"ko-KR\",\"potentialAction\":[{\"@type\":\"ReadAction\",\"target\":[\"https:\\\/\\\/naturalpoland.com\\\/ko\\\/je-pum\\\/ui-yak-pum-won-ryo\\\/geon-gang-gi-neung-sig-pum-cheom-ga-mul\\\/gareusinia-kambojia-cuculmul\\\/\"]}]},{\"@type\":\"ImageObject\",\"inLanguage\":\"ko-KR\",\"@id\":\"https:\\\/\\\/naturalpoland.com\\\/ko\\\/je-pum\\\/ui-yak-pum-won-ryo\\\/geon-gang-gi-neung-sig-pum-cheom-ga-mul\\\/gareusinia-kambojia-cuculmul\\\/#primaryimage\",\"url\":\"https:\\\/\\\/naturalpoland.com\\\/wp-content\\\/uploads\\\/garcinia_cambogia_extract.webp\",\"contentUrl\":\"https:\\\/\\\/naturalpoland.com\\\/wp-content\\\/uploads\\\/garcinia_cambogia_extract.webp\",\"width\":612,\"height\":612,\"caption\":\"Garcinia Cambogia extract\"},{\"@type\":\"BreadcrumbList\",\"@id\":\"https:\\\/\\\/naturalpoland.com\\\/ko\\\/je-pum\\\/ui-yak-pum-won-ryo\\\/geon-gang-gi-neung-sig-pum-cheom-ga-mul\\\/gareusinia-kambojia-cuculmul\\\/#breadcrumb\",\"itemListElement\":[{\"@type\":\"ListItem\",\"position\":1,\"name\":\"\ud648\",\"item\":\"https:\\\/\\\/naturalpoland.com\\\/ko\\\/\"},{\"@type\":\"ListItem\",\"position\":2,\"name\":\"\uc81c\ud488\",\"item\":\"https:\\\/\\\/naturalpoland.com\\\/ko\\\/%ec%a0%9c%ed%92%88\\\/\"},{\"@type\":\"ListItem\",\"position\":3,\"name\":\"\uac00\ub974\uc2dc\ub2c8\uc544 \uce84\ubcf4\uc9c0\uc544 \ucd94\ucd9c\ubb3c\"}]},{\"@type\":\"WebSite\",\"@id\":\"https:\\\/\\\/naturalpoland.com\\\/ko\\\/#website\",\"url\":\"https:\\\/\\\/naturalpoland.com\\\/ko\\\/\",\"name\":\"NATURAL POLAND - Hurtowy Dystrybutor Surowc\u00f3w\",\"description\":\"Surowce dla przemys\u0142u spo\u017cywczego, kosmetycznego i farmaceutycznego\",\"publisher\":{\"@id\":\"https:\\\/\\\/naturalpoland.com\\\/ko\\\/#organization\"},\"potentialAction\":[{\"@type\":\"SearchAction\",\"target\":{\"@type\":\"EntryPoint\",\"urlTemplate\":\"https:\\\/\\\/naturalpoland.com\\\/ko\\\/?s={search_term_string}\"},\"query-input\":{\"@type\":\"PropertyValueSpecification\",\"valueRequired\":true,\"valueName\":\"search_term_string\"}}],\"inLanguage\":\"ko-KR\"},{\"@type\":\"Organization\",\"@id\":\"https:\\\/\\\/naturalpoland.com\\\/ko\\\/#organization\",\"name\":\"Natural Poland\",\"url\":\"https:\\\/\\\/naturalpoland.com\\\/ko\\\/\",\"logo\":{\"@type\":\"ImageObject\",\"inLanguage\":\"ko-KR\",\"@id\":\"https:\\\/\\\/naturalpoland.com\\\/ko\\\/#\\\/schema\\\/logo\\\/image\\\/\",\"url\":\"https:\\\/\\\/naturalpoland.com\\\/wp-content\\\/uploads\\\/2021\\\/05\\\/natural-poland-icon.png\",\"contentUrl\":\"https:\\\/\\\/naturalpoland.com\\\/wp-content\\\/uploads\\\/2021\\\/05\\\/natural-poland-icon.png\",\"width\":512,\"height\":512,\"caption\":\"Natural Poland\"},\"image\":{\"@id\":\"https:\\\/\\\/naturalpoland.com\\\/ko\\\/#\\\/schema\\\/logo\\\/image\\\/\"},\"sameAs\":[\"https:\\\/\\\/www.facebook.com\\\/naturalpoland.b2b\",\"https:\\\/\\\/pl.linkedin.com\\\/company\\\/natural-poland\",\"https:\\\/\\\/www.youtube.com\\\/channel\\\/UCgeGGkvOMahZo-xu_MSEWxg\"]}]}<\/script>\n<!-- \/ Yoast SEO plugin. -->","yoast_head_json":{"title":"\uac00\ub974\uc2dc\ub2c8\uc544 \uce84\ubcf4\uc9c0\uc544 \ucd94\ucd9c\ubb3c - Hurtowy Dystrybutor","robots":{"index":"index","follow":"follow","max-snippet":"max-snippet:-1","max-image-preview":"max-image-preview:large","max-video-preview":"max-video-preview:-1"},"canonical":"https:\/\/naturalpoland.com\/ko\/je-pum\/ui-yak-pum-won-ryo\/geon-gang-gi-neung-sig-pum-cheom-ga-mul\/gareusinia-kambojia-cuculmul\/","og_locale":"ko_KR","og_type":"article","og_title":"\uac00\ub974\uc2dc\ub2c8\uc544 \uce84\ubcf4\uc9c0\uc544 \ucd94\ucd9c\ubb3c - Hurtowy Dystrybutor","og_description":"\uac00\ub974\uc2dc\ub2c8\uc544 \uce84\ubcf4\uc9c0\uc544 \ucd94\ucd9c\ubb3c\uc740 \uccb4\uc911 \uac10\ub7c9\uc744 \uc9c0\uc6d0\ud558\ub294 \uac74\uac15\uae30\ub2a5\uc2dd\ud488\uc758 \uc778\uae30 \uc6d0\ub8cc\ub85c \uc0ac\uc6a9\ub429\ub2c8\ub2e4. \uc774 \ucd94\ucd9c\ubb3c\uc740 **\ub9d0\ub77c\ubc14\ub974\ud0c0\ub9c8\ub9b0\ub4dc(\ub9d0\ub77c\ubc14\ub974 \uc5f4\ub9e4)**\ub85c \uc54c\ub824\uc9c4 \uc2dd\ubb3c\uc5d0\uc11c \uc5bb\uc5b4\uc9c0\uba70, \ud558\uc774\ub4dc\ub85d\uc2dc\uc2dc\ud2b8\ub9ad\uc0b0\uc744 \ud568\uc720\ud558\uace0 \uc788\uc5b4 \uc9c0\ubc29 \ubd84\uc790\uc758 \uc138\ud3ec \ub0b4 \ubbf8\ud1a0\ucf58\ub4dc\ub9ac\uc544\ub85c\uc758 \uc6b4\ubc18\uc744 \ucd09\uc9c4\ud558\uc5ec \uc9c0\ubc29 \uc5f0\uc18c\ub97c \uac00\uc18d\ud654\ud558\ub294 \uc5ed\ud560\uc744 \ud569\ub2c8\ub2e4.","og_url":"https:\/\/naturalpoland.com\/ko\/je-pum\/ui-yak-pum-won-ryo\/geon-gang-gi-neung-sig-pum-cheom-ga-mul\/gareusinia-kambojia-cuculmul\/","og_site_name":"NATURAL POLAND - Hurtowy Dystrybutor Surowc\u00f3w","article_publisher":"https:\/\/www.facebook.com\/naturalpoland.b2b","og_image":[{"width":612,"height":612,"url":"https:\/\/naturalpoland.com\/wp-content\/uploads\/garcinia_cambogia_extract.webp","type":"image\/webp"}],"schema":{"@context":"https:\/\/schema.org","@graph":[{"@type":"WebPage","@id":"https:\/\/naturalpoland.com\/ko\/je-pum\/ui-yak-pum-won-ryo\/geon-gang-gi-neung-sig-pum-cheom-ga-mul\/gareusinia-kambojia-cuculmul\/","url":"https:\/\/naturalpoland.com\/ko\/je-pum\/ui-yak-pum-won-ryo\/geon-gang-gi-neung-sig-pum-cheom-ga-mul\/gareusinia-kambojia-cuculmul\/","name":"\uac00\ub974\uc2dc\ub2c8\uc544 \uce84\ubcf4\uc9c0\uc544 \ucd94\ucd9c\ubb3c - Hurtowy Dystrybutor","isPartOf":{"@id":"https:\/\/naturalpoland.com\/ko\/#website"},"primaryImageOfPage":{"@id":"https:\/\/naturalpoland.com\/ko\/je-pum\/ui-yak-pum-won-ryo\/geon-gang-gi-neung-sig-pum-cheom-ga-mul\/gareusinia-kambojia-cuculmul\/#primaryimage"},"image":{"@id":"https:\/\/naturalpoland.com\/ko\/je-pum\/ui-yak-pum-won-ryo\/geon-gang-gi-neung-sig-pum-cheom-ga-mul\/gareusinia-kambojia-cuculmul\/#primaryimage"},"thumbnailUrl":"https:\/\/naturalpoland.com\/wp-content\/uploads\/garcinia_cambogia_extract.webp","datePublished":"2025-06-24T10:20:05+00:00","breadcrumb":{"@id":"https:\/\/naturalpoland.com\/ko\/je-pum\/ui-yak-pum-won-ryo\/geon-gang-gi-neung-sig-pum-cheom-ga-mul\/gareusinia-kambojia-cuculmul\/#breadcrumb"},"inLanguage":"ko-KR","potentialAction":[{"@type":"ReadAction","target":["https:\/\/naturalpoland.com\/ko\/je-pum\/ui-yak-pum-won-ryo\/geon-gang-gi-neung-sig-pum-cheom-ga-mul\/gareusinia-kambojia-cuculmul\/"]}]},{"@type":"ImageObject","inLanguage":"ko-KR","@id":"https:\/\/naturalpoland.com\/ko\/je-pum\/ui-yak-pum-won-ryo\/geon-gang-gi-neung-sig-pum-cheom-ga-mul\/gareusinia-kambojia-cuculmul\/#primaryimage","url":"https:\/\/naturalpoland.com\/wp-content\/uploads\/garcinia_cambogia_extract.webp","contentUrl":"https:\/\/naturalpoland.com\/wp-content\/uploads\/garcinia_cambogia_extract.webp","width":612,"height":612,"caption":"Garcinia Cambogia extract"},{"@type":"BreadcrumbList","@id":"https:\/\/naturalpoland.com\/ko\/je-pum\/ui-yak-pum-won-ryo\/geon-gang-gi-neung-sig-pum-cheom-ga-mul\/gareusinia-kambojia-cuculmul\/#breadcrumb","itemListElement":[{"@type":"ListItem","position":1,"name":"\ud648","item":"https:\/\/naturalpoland.com\/ko\/"},{"@type":"ListItem","position":2,"name":"\uc81c\ud488","item":"https:\/\/naturalpoland.com\/ko\/%ec%a0%9c%ed%92%88\/"},{"@type":"ListItem","position":3,"name":"\uac00\ub974\uc2dc\ub2c8\uc544 \uce84\ubcf4\uc9c0\uc544 \ucd94\ucd9c\ubb3c"}]},{"@type":"WebSite","@id":"https:\/\/naturalpoland.com\/ko\/#website","url":"https:\/\/naturalpoland.com\/ko\/","name":"NATURAL POLAND - Hurtowy Dystrybutor Surowc\u00f3w","description":"Surowce dla przemys\u0142u spo\u017cywczego, kosmetycznego i farmaceutycznego","publisher":{"@id":"https:\/\/naturalpoland.com\/ko\/#organization"},"potentialAction":[{"@type":"SearchAction","target":{"@type":"EntryPoint","urlTemplate":"https:\/\/naturalpoland.com\/ko\/?s={search_term_string}"},"query-input":{"@type":"PropertyValueSpecification","valueRequired":true,"valueName":"search_term_string"}}],"inLanguage":"ko-KR"},{"@type":"Organization","@id":"https:\/\/naturalpoland.com\/ko\/#organization","name":"Natural Poland","url":"https:\/\/naturalpoland.com\/ko\/","logo":{"@type":"ImageObject","inLanguage":"ko-KR","@id":"https:\/\/naturalpoland.com\/ko\/#\/schema\/logo\/image\/","url":"https:\/\/naturalpoland.com\/wp-content\/uploads\/2021\/05\/natural-poland-icon.png","contentUrl":"https:\/\/naturalpoland.com\/wp-content\/uploads\/2021\/05\/natural-poland-icon.png","width":512,"height":512,"caption":"Natural Poland"},"image":{"@id":"https:\/\/naturalpoland.com\/ko\/#\/schema\/logo\/image\/"},"sameAs":["https:\/\/www.facebook.com\/naturalpoland.b2b","https:\/\/pl.linkedin.com\/company\/natural-poland","https:\/\/www.youtube.com\/channel\/UCgeGGkvOMahZo-xu_MSEWxg"]}]}},"_links":{"self":[{"href":"https:\/\/naturalpoland.com\/ko\/wp-json\/wp\/v2\/product\/41610","targetHints":{"allow":["GET"]}}],"collection":[{"href":"https:\/\/naturalpoland.com\/ko\/wp-json\/wp\/v2\/product"}],"about":[{"href":"https:\/\/naturalpoland.com\/ko\/wp-json\/wp\/v2\/types\/product"}],"wp:featuredmedia":[{"embeddable":true,"href":"https:\/\/naturalpoland.com\/ko\/wp-json\/wp\/v2\/media\/41611"}],"wp:attachment":[{"href":"https:\/\/naturalpoland.com\/ko\/wp-json\/wp\/v2\/media?parent=41610"}],"wp:term":[{"taxonomy":"product_brand","embeddable":true,"href":"https:\/\/naturalpoland.com\/ko\/wp-json\/wp\/v2\/product_brand?post=41610"},{"taxonomy":"product_cat","embeddable":true,"href":"https:\/\/naturalpoland.com\/ko\/wp-json\/wp\/v2\/product_cat?post=41610"},{"taxonomy":"product_tag","embeddable":true,"href":"https:\/\/naturalpoland.com\/ko\/wp-json\/wp\/v2\/product_tag?post=41610"}],"curies":[{"name":"wp","href":"https:\/\/api.w.org\/{rel}","templated":true}]}}