{"id":41613,"date":"2023-10-17T13:28:14","date_gmt":"2025-06-24T10:26:31","guid":{"rendered":"https:\/\/naturalpoland.com\/produkty\/uncategorized\/nmn-nikotinamideu-mononyukeulreotideu\/"},"modified":"2025-06-24T12:26:31","modified_gmt":"2025-06-24T10:26:31","slug":"nmn-nikotinamideu-mononyukeulreotideu","status":"publish","type":"product","link":"https:\/\/naturalpoland.com\/ko\/je-pum\/ui-yak-pum-won-ryo\/geon-gang-gi-neung-sig-pum-cheom-ga-mul\/nmn-nikotinamideu-mononyukeulreotideu\/","title":{"rendered":"NMN (\ub2c8\ucf54\ud2f4\uc544\ubbf8\ub4dc \ubaa8\ub178\ub274\ud074\ub808\uc624\ud0c0\uc774\ub4dc)"},"content":{"rendered":"<h2>\uc6a9\ub3c4:<\/h2>\n<p>\uc81c\ud488\uc740 \uc2e0\uc9c4\ub300\uc0ac \uac1c\uc120, \uc5d0\ub108\uc9c0 \uc218\uc900 \uc99d\uac00, \uba74\uc5ed \uc9c0\uc6d0, \ub178\ud654 \ubc29\uc9c0, \uc2e0\uacbd \ubcf4\ud638 \ubc0f \uc0b0\ud654 \uc2a4\ud2b8\ub808\uc2a4\ub85c\ubd80\ud130 \uc138\ud3ec \ubcf4\ud638\ub97c \ubaa9\ud45c\ub85c \ud55c \ucd5c\uc2e0 \uac74\uac15\uae30\ub2a5\uc2dd\ud488\uc5d0 \uc0ac\uc6a9\ub429\ub2c8\ub2e4. \ub610\ud55c \uc2e0\uccb4 \ud65c\ub3d9 \ud6c4 \ud68c\ubcf5, \ubbf8\uc6a9 \uc2dc\uc220 \ud6c4 \ub610\ub294 \ud68c\ubcf5\uae30 \ub3d9\uc548\uc758 \uc2e0\uccb4 \uc7ac\uc0dd\uc744 \uc704\ud55c \uc81c\ud488\uc5d0\ub3c4 \uc0ac\uc6a9\ub420 \uc218 \uc788\uc2b5\ub2c8\ub2e4. <\/p>\n<h2>NMN \ubcf4\ucda9\uc758 \uc8fc\uc694 \uc774\uc810:<\/h2>\n<ol>\n<li><strong>\uc2e0\uc9c4\ub300\uc0ac \uc9c0\uc6d0<\/strong>: NAD+\ub294 \ubbf8\ud1a0\ucf58\ub4dc\ub9ac\uc544\uc758 \uc5d0\ub108\uc9c0 \ub300\uc0ac\ub97c \ud3ec\ud568\ud55c \ub2e4\uc591\ud55c \uc2e0\uc9c4\ub300\uc0ac \uacfc\uc815\uc5d0 \ud544\uc218\uc801\uc785\ub2c8\ub2e4.<\/li>\n<li><strong>\uc218\uba85 \uc5f0\uc7a5<\/strong>: \ub3d9\ubb3c \uc5f0\uad6c\uc5d0 \ub530\ub974\uba74 NMN\uc740 \ud2b9\uc815 \ub300\uc0ac \uacbd\ub85c\ub97c \ud65c\uc131\ud654\ud558\uc5ec \uc218\uba85\uc744 \uc5f0\uc7a5\ud560 \uc218 \uc788\uc2b5\ub2c8\ub2e4.<\/li>\n<li><strong>DNA \ubcf4\ud638<\/strong>: NAD+\ub294 DNA \ubcf5\uad6c \uacfc\uc815\uc5d0\uc11c \uc911\uc694\ud558\uba70, NMN \ubcf4\ucda9\uc740 \uc190\uc0c1\ub41c DNA\ub97c \ubcf5\uad6c\ud558\ub294 \uc138\ud3ec \ub2a5\ub825\uc744 \uc9c0\uc6d0\ud560 \uc218 \uc788\uc2b5\ub2c8\ub2e4.<\/li>\n<li><strong>\uc2e0\uacbd\uacc4 \uc9c0\uc6d0<\/strong>: \ucd08\uae30 \uc5f0\uad6c\ub294 NMN\uc774 \uc2e0\uacbd \uae30\ub2a5\uc744 \uc9c0\uc6d0\ud558\uace0 \uc2e0\uacbd \uc138\ud3ec \ud1f4\ud654\ub97c \ubc29\uc9c0\ud558\ub294 \ub370 \ub3c4\uc6c0\uc744 \uc904 \uc218 \uc788\uc74c\uc744 \uc2dc\uc0ac\ud569\ub2c8\ub2e4.<\/li>\n<li><strong>\uc5d0\ub108\uc9c0 \uc99d\uac00<\/strong>: \ubbf8\ud1a0\ucf58\ub4dc\ub9ac\uc544 \uae30\ub2a5\uc744 \uc9c0\uc6d0\ud568\uc73c\ub85c\uc368 NMN\uc740 \uc2e0\uccb4\uc758 \uc804\ubc18\uc801\uc778 \uc5d0\ub108\uc9c0\ub97c \uc99d\uac00\uc2dc\ud0ac \uc218 \uc788\uc2b5\ub2c8\ub2e4.<\/li>\n<\/ol>\n<p>&nbsp;<\/p>\n<p>NMN\uc740 NAD+ \uc218\uce58\ub97c \uc9c0\uc6d0\ud568\uc73c\ub85c\uc368 \uac74\uac15\ud55c \ub178\ud654\uc640 \uc138\ud3ec \uc5d0\ub108\uc9c0 \ub300\uc0ac\ub97c \ub3d5\ub294 \ud601\uc2e0\uc801\uc778 \uac74\uac15\uae30\ub2a5\uc2dd\ud488\uc785\ub2c8\ub2e4. \uc804\ubc18\uc801\uc778 \ud65c\ub825\uc744 \ub192\uc774\uace0\uc790 \ud558\ub294 \uc0ac\ub78c\ub4e4 \ubc0f \ub178\ud654 \uc5f0\uad6c\uc758 \ucd5c\uc2e0 \uc131\uacfc\ub97c \ud65c\uc6a9\ud558\uace0\uc790 \ud558\ub294 \uc774\ub4e4\uc5d0\uac8c \uc774\uc0c1\uc801\uc785\ub2c8\ub2e4. <\/p>\n","protected":false},"excerpt":{"rendered":"<p><strong>NMN<\/strong>\uc740 <strong>\ub2c8\ucf54\ud2f4\uc544\ub9c8\uc774\ub4dc \ubaa8\ub178\ub274\ud074\ub808\uc624\ud0c0\uc774\ub4dc\uc758<\/strong> \uc57d\uc790\ub85c, \uc778\uccb4\uc5d0 \uc790\uc5f0\uc801\uc73c\ub85c \uc874\uc7ac\ud558\ub294 \ud575\uc2ec \ubd84\uc790\uc774\uba70, \ubaa8\ub4e0 \uc778\uccb4 \uc138\ud3ec\uc5d0\uc11c \uc911\uc694\ud55c \ubcf4\uc870 \uc778\uc790\uc778 NAD+ \uc0dd\uc131\uc5d0 \uc911\uc694\ud55c \uc5ed\ud560\uc744 \ud569\ub2c8\ub2e4. NAD+ \uc218\uce58\ub294 \ub098\uc774\uac00 \ub4e4\uba74\uc11c \uc790\uc5f0\uc2a4\ub7fd\uac8c \uac10\uc18c\ud558\uba70, \uc774\ub294 \uc2e0\uccb4\uc758 \ub2e4\uc591\ud55c \uc0dd\ud654\ud559\uc801 \uacfc\uc815\uc5d0 \uc601\ud5a5\uc744 \ubbf8\uce69\ub2c8\ub2e4. <\/p>\n","protected":false},"featured_media":41400,"template":"","meta":{"_acf_changed":false},"product_brand":[],"product_cat":[8143],"product_tag":[],"class_list":{"0":"post-41613","1":"product","2":"type-product","3":"status-publish","4":"has-post-thumbnail","6":"product_cat-geon-gang-gi-neung-sig-pum-cheom-ga-mul","8":"first","9":"instock","10":"shipping-taxable","11":"product-type-simple"},"acf":[],"yoast_head":"<!-- This site is optimized with the Yoast SEO plugin v27.6 - https:\/\/yoast.com\/product\/yoast-seo-wordpress\/ -->\n<title>NMN (\ub2c8\ucf54\ud2f4\uc544\ubbf8\ub4dc \ubaa8\ub178\ub274\ud074\ub808\uc624\ud0c0\uc774\ub4dc) - Hurtowy Dystrybutor<\/title>\n<meta name=\"description\" content=\"NMN\uc740 \uccb4\ub0b4 NAD+ \uc218\uce58\ub97c \uc9c0\uc6d0\ud558\uc5ec \uac74\uac15\ud55c \ub178\ud654\uc640 \uc138\ud3ec \ud65c\ub825\uc744 \uc9c0\uc6d0\ud558\ub294 \ub370 \uc911\uc810\uc744 \ub461\ub2c8\ub2e4.\" \/>\n<meta name=\"robots\" content=\"index, follow, max-snippet:-1, max-image-preview:large, max-video-preview:-1\" \/>\n<link rel=\"canonical\" href=\"https:\/\/naturalpoland.com\/ko\/je-pum\/ui-yak-pum-won-ryo\/geon-gang-gi-neung-sig-pum-cheom-ga-mul\/nmn-nikotinamideu-mononyukeulreotideu\/\" \/>\n<meta property=\"og:locale\" content=\"ko_KR\" \/>\n<meta property=\"og:type\" content=\"article\" \/>\n<meta property=\"og:title\" content=\"NMN (\ub2c8\ucf54\ud2f4\uc544\ubbf8\ub4dc \ubaa8\ub178\ub274\ud074\ub808\uc624\ud0c0\uc774\ub4dc) - Hurtowy Dystrybutor\" \/>\n<meta property=\"og:description\" content=\"NMN\uc740 \uccb4\ub0b4 NAD+ \uc218\uce58\ub97c \uc9c0\uc6d0\ud558\uc5ec \uac74\uac15\ud55c \ub178\ud654\uc640 \uc138\ud3ec \ud65c\ub825\uc744 \uc9c0\uc6d0\ud558\ub294 \ub370 \uc911\uc810\uc744 \ub461\ub2c8\ub2e4.\" \/>\n<meta property=\"og:url\" content=\"https:\/\/naturalpoland.com\/ko\/je-pum\/ui-yak-pum-won-ryo\/geon-gang-gi-neung-sig-pum-cheom-ga-mul\/nmn-nikotinamideu-mononyukeulreotideu\/\" \/>\n<meta property=\"og:site_name\" content=\"NATURAL POLAND - Hurtowy Dystrybutor Surowc\u00f3w\" \/>\n<meta property=\"article:publisher\" content=\"https:\/\/www.facebook.com\/naturalpoland.b2b\" \/>\n<meta property=\"og:image\" content=\"https:\/\/naturalpoland.com\/wp-content\/uploads\/nmn.webp\" \/>\n\t<meta property=\"og:image:width\" content=\"1024\" \/>\n\t<meta property=\"og:image:height\" content=\"1024\" \/>\n\t<meta property=\"og:image:type\" content=\"image\/webp\" \/>\n<script type=\"application\/ld+json\" class=\"yoast-schema-graph\">{\"@context\":\"https:\\\/\\\/schema.org\",\"@graph\":[{\"@type\":\"WebPage\",\"@id\":\"https:\\\/\\\/naturalpoland.com\\\/ko\\\/je-pum\\\/ui-yak-pum-won-ryo\\\/geon-gang-gi-neung-sig-pum-cheom-ga-mul\\\/nmn-nikotinamideu-mononyukeulreotideu\\\/\",\"url\":\"https:\\\/\\\/naturalpoland.com\\\/ko\\\/je-pum\\\/ui-yak-pum-won-ryo\\\/geon-gang-gi-neung-sig-pum-cheom-ga-mul\\\/nmn-nikotinamideu-mononyukeulreotideu\\\/\",\"name\":\"NMN (\ub2c8\ucf54\ud2f4\uc544\ubbf8\ub4dc \ubaa8\ub178\ub274\ud074\ub808\uc624\ud0c0\uc774\ub4dc) - Hurtowy Dystrybutor\",\"isPartOf\":{\"@id\":\"https:\\\/\\\/naturalpoland.com\\\/ko\\\/#website\"},\"primaryImageOfPage\":{\"@id\":\"https:\\\/\\\/naturalpoland.com\\\/ko\\\/je-pum\\\/ui-yak-pum-won-ryo\\\/geon-gang-gi-neung-sig-pum-cheom-ga-mul\\\/nmn-nikotinamideu-mononyukeulreotideu\\\/#primaryimage\"},\"image\":{\"@id\":\"https:\\\/\\\/naturalpoland.com\\\/ko\\\/je-pum\\\/ui-yak-pum-won-ryo\\\/geon-gang-gi-neung-sig-pum-cheom-ga-mul\\\/nmn-nikotinamideu-mononyukeulreotideu\\\/#primaryimage\"},\"thumbnailUrl\":\"https:\\\/\\\/naturalpoland.com\\\/wp-content\\\/uploads\\\/nmn.webp\",\"datePublished\":\"2025-06-24T10:26:31+00:00\",\"description\":\"NMN\uc740 \uccb4\ub0b4 NAD+ \uc218\uce58\ub97c \uc9c0\uc6d0\ud558\uc5ec \uac74\uac15\ud55c \ub178\ud654\uc640 \uc138\ud3ec \ud65c\ub825\uc744 \uc9c0\uc6d0\ud558\ub294 \ub370 \uc911\uc810\uc744 \ub461\ub2c8\ub2e4.\",\"breadcrumb\":{\"@id\":\"https:\\\/\\\/naturalpoland.com\\\/ko\\\/je-pum\\\/ui-yak-pum-won-ryo\\\/geon-gang-gi-neung-sig-pum-cheom-ga-mul\\\/nmn-nikotinamideu-mononyukeulreotideu\\\/#breadcrumb\"},\"inLanguage\":\"ko-KR\",\"potentialAction\":[{\"@type\":\"ReadAction\",\"target\":[\"https:\\\/\\\/naturalpoland.com\\\/ko\\\/je-pum\\\/ui-yak-pum-won-ryo\\\/geon-gang-gi-neung-sig-pum-cheom-ga-mul\\\/nmn-nikotinamideu-mononyukeulreotideu\\\/\"]}]},{\"@type\":\"ImageObject\",\"inLanguage\":\"ko-KR\",\"@id\":\"https:\\\/\\\/naturalpoland.com\\\/ko\\\/je-pum\\\/ui-yak-pum-won-ryo\\\/geon-gang-gi-neung-sig-pum-cheom-ga-mul\\\/nmn-nikotinamideu-mononyukeulreotideu\\\/#primaryimage\",\"url\":\"https:\\\/\\\/naturalpoland.com\\\/wp-content\\\/uploads\\\/nmn.webp\",\"contentUrl\":\"https:\\\/\\\/naturalpoland.com\\\/wp-content\\\/uploads\\\/nmn.webp\",\"width\":1024,\"height\":1024,\"caption\":\"Nikotynamid Mononukleotyd\"},{\"@type\":\"BreadcrumbList\",\"@id\":\"https:\\\/\\\/naturalpoland.com\\\/ko\\\/je-pum\\\/ui-yak-pum-won-ryo\\\/geon-gang-gi-neung-sig-pum-cheom-ga-mul\\\/nmn-nikotinamideu-mononyukeulreotideu\\\/#breadcrumb\",\"itemListElement\":[{\"@type\":\"ListItem\",\"position\":1,\"name\":\"\ud648\",\"item\":\"https:\\\/\\\/naturalpoland.com\\\/ko\\\/\"},{\"@type\":\"ListItem\",\"position\":2,\"name\":\"\uc81c\ud488\",\"item\":\"https:\\\/\\\/naturalpoland.com\\\/ko\\\/%ec%a0%9c%ed%92%88\\\/\"},{\"@type\":\"ListItem\",\"position\":3,\"name\":\"NMN (\ub2c8\ucf54\ud2f4\uc544\ubbf8\ub4dc \ubaa8\ub178\ub274\ud074\ub808\uc624\ud0c0\uc774\ub4dc)\"}]},{\"@type\":\"WebSite\",\"@id\":\"https:\\\/\\\/naturalpoland.com\\\/ko\\\/#website\",\"url\":\"https:\\\/\\\/naturalpoland.com\\\/ko\\\/\",\"name\":\"NATURAL POLAND - Hurtowy Dystrybutor Surowc\u00f3w\",\"description\":\"Surowce dla przemys\u0142u spo\u017cywczego, kosmetycznego i farmaceutycznego\",\"publisher\":{\"@id\":\"https:\\\/\\\/naturalpoland.com\\\/ko\\\/#organization\"},\"potentialAction\":[{\"@type\":\"SearchAction\",\"target\":{\"@type\":\"EntryPoint\",\"urlTemplate\":\"https:\\\/\\\/naturalpoland.com\\\/ko\\\/?s={search_term_string}\"},\"query-input\":{\"@type\":\"PropertyValueSpecification\",\"valueRequired\":true,\"valueName\":\"search_term_string\"}}],\"inLanguage\":\"ko-KR\"},{\"@type\":\"Organization\",\"@id\":\"https:\\\/\\\/naturalpoland.com\\\/ko\\\/#organization\",\"name\":\"Natural Poland\",\"url\":\"https:\\\/\\\/naturalpoland.com\\\/ko\\\/\",\"logo\":{\"@type\":\"ImageObject\",\"inLanguage\":\"ko-KR\",\"@id\":\"https:\\\/\\\/naturalpoland.com\\\/ko\\\/#\\\/schema\\\/logo\\\/image\\\/\",\"url\":\"https:\\\/\\\/naturalpoland.com\\\/wp-content\\\/uploads\\\/2021\\\/05\\\/natural-poland-icon.png\",\"contentUrl\":\"https:\\\/\\\/naturalpoland.com\\\/wp-content\\\/uploads\\\/2021\\\/05\\\/natural-poland-icon.png\",\"width\":512,\"height\":512,\"caption\":\"Natural Poland\"},\"image\":{\"@id\":\"https:\\\/\\\/naturalpoland.com\\\/ko\\\/#\\\/schema\\\/logo\\\/image\\\/\"},\"sameAs\":[\"https:\\\/\\\/www.facebook.com\\\/naturalpoland.b2b\",\"https:\\\/\\\/pl.linkedin.com\\\/company\\\/natural-poland\",\"https:\\\/\\\/www.youtube.com\\\/channel\\\/UCgeGGkvOMahZo-xu_MSEWxg\"]}]}<\/script>\n<!-- \/ Yoast SEO plugin. -->","yoast_head_json":{"title":"NMN (\ub2c8\ucf54\ud2f4\uc544\ubbf8\ub4dc \ubaa8\ub178\ub274\ud074\ub808\uc624\ud0c0\uc774\ub4dc) - Hurtowy Dystrybutor","description":"NMN\uc740 \uccb4\ub0b4 NAD+ \uc218\uce58\ub97c \uc9c0\uc6d0\ud558\uc5ec \uac74\uac15\ud55c \ub178\ud654\uc640 \uc138\ud3ec \ud65c\ub825\uc744 \uc9c0\uc6d0\ud558\ub294 \ub370 \uc911\uc810\uc744 \ub461\ub2c8\ub2e4.","robots":{"index":"index","follow":"follow","max-snippet":"max-snippet:-1","max-image-preview":"max-image-preview:large","max-video-preview":"max-video-preview:-1"},"canonical":"https:\/\/naturalpoland.com\/ko\/je-pum\/ui-yak-pum-won-ryo\/geon-gang-gi-neung-sig-pum-cheom-ga-mul\/nmn-nikotinamideu-mononyukeulreotideu\/","og_locale":"ko_KR","og_type":"article","og_title":"NMN (\ub2c8\ucf54\ud2f4\uc544\ubbf8\ub4dc \ubaa8\ub178\ub274\ud074\ub808\uc624\ud0c0\uc774\ub4dc) - Hurtowy Dystrybutor","og_description":"NMN\uc740 \uccb4\ub0b4 NAD+ \uc218\uce58\ub97c \uc9c0\uc6d0\ud558\uc5ec \uac74\uac15\ud55c \ub178\ud654\uc640 \uc138\ud3ec \ud65c\ub825\uc744 \uc9c0\uc6d0\ud558\ub294 \ub370 \uc911\uc810\uc744 \ub461\ub2c8\ub2e4.","og_url":"https:\/\/naturalpoland.com\/ko\/je-pum\/ui-yak-pum-won-ryo\/geon-gang-gi-neung-sig-pum-cheom-ga-mul\/nmn-nikotinamideu-mononyukeulreotideu\/","og_site_name":"NATURAL POLAND - Hurtowy Dystrybutor Surowc\u00f3w","article_publisher":"https:\/\/www.facebook.com\/naturalpoland.b2b","og_image":[{"width":1024,"height":1024,"url":"https:\/\/naturalpoland.com\/wp-content\/uploads\/nmn.webp","type":"image\/webp"}],"schema":{"@context":"https:\/\/schema.org","@graph":[{"@type":"WebPage","@id":"https:\/\/naturalpoland.com\/ko\/je-pum\/ui-yak-pum-won-ryo\/geon-gang-gi-neung-sig-pum-cheom-ga-mul\/nmn-nikotinamideu-mononyukeulreotideu\/","url":"https:\/\/naturalpoland.com\/ko\/je-pum\/ui-yak-pum-won-ryo\/geon-gang-gi-neung-sig-pum-cheom-ga-mul\/nmn-nikotinamideu-mononyukeulreotideu\/","name":"NMN (\ub2c8\ucf54\ud2f4\uc544\ubbf8\ub4dc \ubaa8\ub178\ub274\ud074\ub808\uc624\ud0c0\uc774\ub4dc) - Hurtowy Dystrybutor","isPartOf":{"@id":"https:\/\/naturalpoland.com\/ko\/#website"},"primaryImageOfPage":{"@id":"https:\/\/naturalpoland.com\/ko\/je-pum\/ui-yak-pum-won-ryo\/geon-gang-gi-neung-sig-pum-cheom-ga-mul\/nmn-nikotinamideu-mononyukeulreotideu\/#primaryimage"},"image":{"@id":"https:\/\/naturalpoland.com\/ko\/je-pum\/ui-yak-pum-won-ryo\/geon-gang-gi-neung-sig-pum-cheom-ga-mul\/nmn-nikotinamideu-mononyukeulreotideu\/#primaryimage"},"thumbnailUrl":"https:\/\/naturalpoland.com\/wp-content\/uploads\/nmn.webp","datePublished":"2025-06-24T10:26:31+00:00","description":"NMN\uc740 \uccb4\ub0b4 NAD+ \uc218\uce58\ub97c \uc9c0\uc6d0\ud558\uc5ec \uac74\uac15\ud55c \ub178\ud654\uc640 \uc138\ud3ec \ud65c\ub825\uc744 \uc9c0\uc6d0\ud558\ub294 \ub370 \uc911\uc810\uc744 \ub461\ub2c8\ub2e4.","breadcrumb":{"@id":"https:\/\/naturalpoland.com\/ko\/je-pum\/ui-yak-pum-won-ryo\/geon-gang-gi-neung-sig-pum-cheom-ga-mul\/nmn-nikotinamideu-mononyukeulreotideu\/#breadcrumb"},"inLanguage":"ko-KR","potentialAction":[{"@type":"ReadAction","target":["https:\/\/naturalpoland.com\/ko\/je-pum\/ui-yak-pum-won-ryo\/geon-gang-gi-neung-sig-pum-cheom-ga-mul\/nmn-nikotinamideu-mononyukeulreotideu\/"]}]},{"@type":"ImageObject","inLanguage":"ko-KR","@id":"https:\/\/naturalpoland.com\/ko\/je-pum\/ui-yak-pum-won-ryo\/geon-gang-gi-neung-sig-pum-cheom-ga-mul\/nmn-nikotinamideu-mononyukeulreotideu\/#primaryimage","url":"https:\/\/naturalpoland.com\/wp-content\/uploads\/nmn.webp","contentUrl":"https:\/\/naturalpoland.com\/wp-content\/uploads\/nmn.webp","width":1024,"height":1024,"caption":"Nikotynamid Mononukleotyd"},{"@type":"BreadcrumbList","@id":"https:\/\/naturalpoland.com\/ko\/je-pum\/ui-yak-pum-won-ryo\/geon-gang-gi-neung-sig-pum-cheom-ga-mul\/nmn-nikotinamideu-mononyukeulreotideu\/#breadcrumb","itemListElement":[{"@type":"ListItem","position":1,"name":"\ud648","item":"https:\/\/naturalpoland.com\/ko\/"},{"@type":"ListItem","position":2,"name":"\uc81c\ud488","item":"https:\/\/naturalpoland.com\/ko\/%ec%a0%9c%ed%92%88\/"},{"@type":"ListItem","position":3,"name":"NMN (\ub2c8\ucf54\ud2f4\uc544\ubbf8\ub4dc \ubaa8\ub178\ub274\ud074\ub808\uc624\ud0c0\uc774\ub4dc)"}]},{"@type":"WebSite","@id":"https:\/\/naturalpoland.com\/ko\/#website","url":"https:\/\/naturalpoland.com\/ko\/","name":"NATURAL POLAND - Hurtowy Dystrybutor Surowc\u00f3w","description":"Surowce dla przemys\u0142u spo\u017cywczego, kosmetycznego i farmaceutycznego","publisher":{"@id":"https:\/\/naturalpoland.com\/ko\/#organization"},"potentialAction":[{"@type":"SearchAction","target":{"@type":"EntryPoint","urlTemplate":"https:\/\/naturalpoland.com\/ko\/?s={search_term_string}"},"query-input":{"@type":"PropertyValueSpecification","valueRequired":true,"valueName":"search_term_string"}}],"inLanguage":"ko-KR"},{"@type":"Organization","@id":"https:\/\/naturalpoland.com\/ko\/#organization","name":"Natural Poland","url":"https:\/\/naturalpoland.com\/ko\/","logo":{"@type":"ImageObject","inLanguage":"ko-KR","@id":"https:\/\/naturalpoland.com\/ko\/#\/schema\/logo\/image\/","url":"https:\/\/naturalpoland.com\/wp-content\/uploads\/2021\/05\/natural-poland-icon.png","contentUrl":"https:\/\/naturalpoland.com\/wp-content\/uploads\/2021\/05\/natural-poland-icon.png","width":512,"height":512,"caption":"Natural Poland"},"image":{"@id":"https:\/\/naturalpoland.com\/ko\/#\/schema\/logo\/image\/"},"sameAs":["https:\/\/www.facebook.com\/naturalpoland.b2b","https:\/\/pl.linkedin.com\/company\/natural-poland","https:\/\/www.youtube.com\/channel\/UCgeGGkvOMahZo-xu_MSEWxg"]}]}},"_links":{"self":[{"href":"https:\/\/naturalpoland.com\/ko\/wp-json\/wp\/v2\/product\/41613","targetHints":{"allow":["GET"]}}],"collection":[{"href":"https:\/\/naturalpoland.com\/ko\/wp-json\/wp\/v2\/product"}],"about":[{"href":"https:\/\/naturalpoland.com\/ko\/wp-json\/wp\/v2\/types\/product"}],"wp:featuredmedia":[{"embeddable":true,"href":"https:\/\/naturalpoland.com\/ko\/wp-json\/wp\/v2\/media\/41400"}],"wp:attachment":[{"href":"https:\/\/naturalpoland.com\/ko\/wp-json\/wp\/v2\/media?parent=41613"}],"wp:term":[{"taxonomy":"product_brand","embeddable":true,"href":"https:\/\/naturalpoland.com\/ko\/wp-json\/wp\/v2\/product_brand?post=41613"},{"taxonomy":"product_cat","embeddable":true,"href":"https:\/\/naturalpoland.com\/ko\/wp-json\/wp\/v2\/product_cat?post=41613"},{"taxonomy":"product_tag","embeddable":true,"href":"https:\/\/naturalpoland.com\/ko\/wp-json\/wp\/v2\/product_tag?post=41613"}],"curies":[{"name":"wp","href":"https:\/\/api.w.org\/{rel}","templated":true}]}}