{"id":41614,"date":"2023-03-06T12:57:44","date_gmt":"2025-06-24T10:32:04","guid":{"rendered":"https:\/\/naturalpoland.com\/produkty\/uncategorized\/yeongjibeoseos\/"},"modified":"2025-06-24T12:32:04","modified_gmt":"2025-06-24T10:32:04","slug":"yeongjibeoseos","status":"publish","type":"product","link":"https:\/\/naturalpoland.com\/ko\/je-pum\/ui-yak-pum-won-ryo\/beo-seot-chu-chul-mul\/yeongjibeoseos\/","title":{"rendered":"\uc601\uc9c0\ubc84\uc12f (Ganoderma lucidum)"},"content":{"rendered":"<p>\uc601\uc9c0\ubc84\uc12f \ucd94\ucd9c\ubb3c\uc740 \ud608\uc561 \uc21c\ud658\uacc4\ub97c \uc9c0\uc6d0\ud558\uba70, \ud608\uc911 \ucf5c\ub808\uc2a4\ud14c\ub864 \uc218\uce58\ub97c \uc870\uc808\ud558\uc5ec \uc911\uc131\uc9c0\ubc29 \ud568\ub7c9\uc744 \ub0ae\ucd94\uace0 \uc88b\uc740 \ucf5c\ub808\uc2a4\ud14c\ub864(HDL) \uc218\uce58\ub97c \ub192\uc785\ub2c8\ub2e4. \uc0ac\ud3ec\ub2cc\uacfc \uc77c\ubd80 \ub2e4\ub2f9\ub958\uc758 \ud568\uc720\ub85c \ud2b9\uc815 \uc554\uc138\ud3ec\uc758 \uc131\uc7a5\uc744 \uc5b5\uc81c\ud558\ub294 \ub370 \uc601\ud5a5\uc744 \ubbf8\uce60 \uc218 \uc788\uc2b5\ub2c8\ub2e4. <\/p>\n<p>\uc601\uc9c0\ubc84\uc12f (<em>Ganoderma lucidum<\/em>)\uc740 \uc804\ud1b5 \uc911\uad6d \uc758\ud559\uc5d0\uc11c \uc554 \uce58\ub8cc \ubcf4\uc870\uc81c\ub85c \uc0ac\uc6a9\ub418\uc5b4 \uc654\uc73c\uba70, \uc12d\ucde8 \uc2dc \uc0ac\ub9dd\ub960\uc774 \ub0ae\uc544\uc9c0\uace0 \uc218\uba85\uc774 \uc5f0\uc7a5\ub418\ub294 \uac83\uc73c\ub85c \uc54c\ub824\uc838 \uc788\uc2b5\ub2c8\ub2e4. \uc601\uc9c0\ubc84\uc12f\uc5d0\uc11c \ucd94\ucd9c\ub41c \uc77c\ubd80 \ud2b8\ub9ac\ud14c\ub974\ud39c\uc740 \uc554\uc138\ud3ec\uc5d0 \ub300\ud574 \ub3c5\uc131\uc744 \ub098\ud0c0\ub0b4\uba70, \ud568\uc720\ub41c \ub2e4\ub2f9\ub958\ub294 \uba74\uc5ed \uccb4\uacc4\ub97c \uc790\uadf9\ud569\ub2c8\ub2e4. <\/p>\n<p><em>Ganoderma lucidum<\/em> \ucd94\ucd9c\ubb3c \uc12d\ucde8\ub294 \ud608\uc555\uc744 \ub0ae\ucd94\uace0 \ub3d9\ub9e5\uacbd\ud654\ub97c \uc608\ubc29\ud560 \uc218 \uc788\uc2b5\ub2c8\ub2e4.<\/p>\n<p>\uc5f4\uc218 \ucd94\ucd9c \uacf5\uc815\uc744 \ud1b5\ud574 \uc81c\ud488\uc740 \uc601\uc9c0\ubc84\uc12f\uc758 \ubaa8\ub4e0 \ud575\uc2ec \ud65c\uc131 \uc131\ubd84\uc744 \ud761\uc218\ud558\uae30 \uc26c\uc6b4 \ud615\ud0dc\ub85c \uc720\uc9c0\ud569\ub2c8\ub2e4. \ucd94\ucd9c\ubb3c \ub0b4 \ub2e4\ub2f9\ub958 \ud568\ub7c9\uc740 \uba74\uc5ed \uccb4\uacc4 \uc9c0\uc6d0 \ud6a8\uacfc\uc5d0 \uc911\uc694\ud55c \uc694\uc18c\ub85c \uc791\uc6a9\ud569\ub2c8\ub2e4. \uc774\ub7ec\ud55c \ub2e4\ub2f9\ub958\ub294 \ud56d\uc5fc \ubc0f \ud56d\uc0b0\ud654 \uc791\uc6a9\uc5d0\ub3c4 \uae30\uc5ec\ud558\uc5ec, \uc790\uc720 \ub77c\ub514\uce7c\ub85c\ubd80\ud130 \uc2e0\uccb4\ub97c \ubcf4\ud638\ud558\uace0 \uc790\uc5f0\uc801\uc778 \uc7ac\uc0dd \ub2a5\ub825\uc744 \uc9c0\uc6d0\ud569\ub2c8\ub2e4.  <\/p>\n<p>&nbsp;<\/p>\n","protected":false},"excerpt":{"rendered":"<p>\uc601\uc9c0\ubc84\uc12f (<strong>Ganoderma lucidum<\/strong>) \ucd94\ucd9c\ubb3c\uc740 \uac15\ub825\ud55c \ud56d\uc0b0\ud654, \ud56d\uc5fc \ud6a8\uacfc\uc640 \uc2e0\uacbd\uacc4 \uae30\ub2a5 \uc9c0\uc6d0 \ud6a8\ub2a5\uc744 \uac00\uc9c0\uace0 \uc788\uc2b5\ub2c8\ub2e4.<\/p>\n","protected":false},"featured_media":41615,"template":"","meta":[],"product_brand":[],"product_cat":[8144],"product_tag":[],"class_list":{"0":"post-41614","1":"product","2":"type-product","3":"status-publish","4":"has-post-thumbnail","6":"product_cat-beo-seot-chu-chul-mul","8":"first","9":"instock","10":"shipping-taxable","11":"product-type-simple"},"yoast_head":"<!-- This site is optimized with the Yoast SEO plugin v27.3 - https:\/\/yoast.com\/product\/yoast-seo-wordpress\/ -->\n<title>\uc601\uc9c0\ubc84\uc12f (Ganoderma lucidum) - Hurtowy Dystrybutor<\/title>\n<meta name=\"description\" content=\"\uc601\uc9c0\ubc84\uc12f \ucd94\ucd9c\ubb3c\ub85c\ub3c4 \uc54c\ub824\uc9c4 \uc601\uc9c0\ubc84\uc12f \ucd94\ucd9c\ubb3c\uc740 \ub2e4\ub2f9\ub958 \ud568\ub7c9\uc774 \ub192\uc740 \ub3c5\ud2b9\ud55c \uc81c\ud488\uc785\ub2c8\ub2e4.\" \/>\n<meta name=\"robots\" content=\"index, follow, max-snippet:-1, max-image-preview:large, max-video-preview:-1\" \/>\n<link rel=\"canonical\" href=\"https:\/\/naturalpoland.com\/ko\/je-pum\/ui-yak-pum-won-ryo\/beo-seot-chu-chul-mul\/yeongjibeoseos\/\" \/>\n<meta property=\"og:locale\" content=\"ko_KR\" \/>\n<meta property=\"og:type\" content=\"article\" \/>\n<meta property=\"og:title\" content=\"\uc601\uc9c0\ubc84\uc12f (Ganoderma lucidum) - Hurtowy Dystrybutor\" \/>\n<meta property=\"og:description\" content=\"\uc601\uc9c0\ubc84\uc12f \ucd94\ucd9c\ubb3c\ub85c\ub3c4 \uc54c\ub824\uc9c4 \uc601\uc9c0\ubc84\uc12f \ucd94\ucd9c\ubb3c\uc740 \ub2e4\ub2f9\ub958 \ud568\ub7c9\uc774 \ub192\uc740 \ub3c5\ud2b9\ud55c \uc81c\ud488\uc785\ub2c8\ub2e4.\" \/>\n<meta property=\"og:url\" content=\"https:\/\/naturalpoland.com\/ko\/je-pum\/ui-yak-pum-won-ryo\/beo-seot-chu-chul-mul\/yeongjibeoseos\/\" \/>\n<meta property=\"og:site_name\" content=\"NATURAL POLAND - Hurtowy Dystrybutor Surowc\u00f3w\" \/>\n<meta property=\"article:publisher\" content=\"https:\/\/www.facebook.com\/naturalpoland.b2b\" \/>\n<meta property=\"og:image\" content=\"https:\/\/naturalpoland.com\/wp-content\/uploads\/ekstrakt-grzybowy-reishi.jpg\" \/>\n\t<meta property=\"og:image:width\" content=\"650\" \/>\n\t<meta property=\"og:image:height\" content=\"650\" \/>\n\t<meta property=\"og:image:type\" content=\"image\/jpeg\" \/>\n<script type=\"application\/ld+json\" class=\"yoast-schema-graph\">{\"@context\":\"https:\\\/\\\/schema.org\",\"@graph\":[{\"@type\":\"WebPage\",\"@id\":\"https:\\\/\\\/naturalpoland.com\\\/ko\\\/je-pum\\\/ui-yak-pum-won-ryo\\\/beo-seot-chu-chul-mul\\\/yeongjibeoseos\\\/\",\"url\":\"https:\\\/\\\/naturalpoland.com\\\/ko\\\/je-pum\\\/ui-yak-pum-won-ryo\\\/beo-seot-chu-chul-mul\\\/yeongjibeoseos\\\/\",\"name\":\"\uc601\uc9c0\ubc84\uc12f (Ganoderma lucidum) - Hurtowy Dystrybutor\",\"isPartOf\":{\"@id\":\"https:\\\/\\\/naturalpoland.com\\\/ko\\\/#website\"},\"primaryImageOfPage\":{\"@id\":\"https:\\\/\\\/naturalpoland.com\\\/ko\\\/je-pum\\\/ui-yak-pum-won-ryo\\\/beo-seot-chu-chul-mul\\\/yeongjibeoseos\\\/#primaryimage\"},\"image\":{\"@id\":\"https:\\\/\\\/naturalpoland.com\\\/ko\\\/je-pum\\\/ui-yak-pum-won-ryo\\\/beo-seot-chu-chul-mul\\\/yeongjibeoseos\\\/#primaryimage\"},\"thumbnailUrl\":\"https:\\\/\\\/naturalpoland.com\\\/wp-content\\\/uploads\\\/ekstrakt-grzybowy-reishi.jpg\",\"datePublished\":\"2025-06-24T10:32:04+00:00\",\"description\":\"\uc601\uc9c0\ubc84\uc12f \ucd94\ucd9c\ubb3c\ub85c\ub3c4 \uc54c\ub824\uc9c4 \uc601\uc9c0\ubc84\uc12f \ucd94\ucd9c\ubb3c\uc740 \ub2e4\ub2f9\ub958 \ud568\ub7c9\uc774 \ub192\uc740 \ub3c5\ud2b9\ud55c \uc81c\ud488\uc785\ub2c8\ub2e4.\",\"breadcrumb\":{\"@id\":\"https:\\\/\\\/naturalpoland.com\\\/ko\\\/je-pum\\\/ui-yak-pum-won-ryo\\\/beo-seot-chu-chul-mul\\\/yeongjibeoseos\\\/#breadcrumb\"},\"inLanguage\":\"ko-KR\",\"potentialAction\":[{\"@type\":\"ReadAction\",\"target\":[\"https:\\\/\\\/naturalpoland.com\\\/ko\\\/je-pum\\\/ui-yak-pum-won-ryo\\\/beo-seot-chu-chul-mul\\\/yeongjibeoseos\\\/\"]}]},{\"@type\":\"ImageObject\",\"inLanguage\":\"ko-KR\",\"@id\":\"https:\\\/\\\/naturalpoland.com\\\/ko\\\/je-pum\\\/ui-yak-pum-won-ryo\\\/beo-seot-chu-chul-mul\\\/yeongjibeoseos\\\/#primaryimage\",\"url\":\"https:\\\/\\\/naturalpoland.com\\\/wp-content\\\/uploads\\\/ekstrakt-grzybowy-reishi.jpg\",\"contentUrl\":\"https:\\\/\\\/naturalpoland.com\\\/wp-content\\\/uploads\\\/ekstrakt-grzybowy-reishi.jpg\",\"width\":650,\"height\":650,\"caption\":\"Reishi (Ganoderma lucidum)\"},{\"@type\":\"BreadcrumbList\",\"@id\":\"https:\\\/\\\/naturalpoland.com\\\/ko\\\/je-pum\\\/ui-yak-pum-won-ryo\\\/beo-seot-chu-chul-mul\\\/yeongjibeoseos\\\/#breadcrumb\",\"itemListElement\":[{\"@type\":\"ListItem\",\"position\":1,\"name\":\"\ud648\",\"item\":\"https:\\\/\\\/naturalpoland.com\\\/ko\\\/\"},{\"@type\":\"ListItem\",\"position\":2,\"name\":\"\uc81c\ud488\",\"item\":\"https:\\\/\\\/naturalpoland.com\\\/ko\\\/%ec%a0%9c%ed%92%88\\\/\"},{\"@type\":\"ListItem\",\"position\":3,\"name\":\"\uc601\uc9c0\ubc84\uc12f (Ganoderma lucidum)\"}]},{\"@type\":\"WebSite\",\"@id\":\"https:\\\/\\\/naturalpoland.com\\\/ko\\\/#website\",\"url\":\"https:\\\/\\\/naturalpoland.com\\\/ko\\\/\",\"name\":\"NATURAL POLAND - Hurtowy Dystrybutor Surowc\u00f3w\",\"description\":\"Surowce dla przemys\u0142u spo\u017cywczego, kosmetycznego i farmaceutycznego\",\"publisher\":{\"@id\":\"https:\\\/\\\/naturalpoland.com\\\/ko\\\/#organization\"},\"potentialAction\":[{\"@type\":\"SearchAction\",\"target\":{\"@type\":\"EntryPoint\",\"urlTemplate\":\"https:\\\/\\\/naturalpoland.com\\\/ko\\\/?s={search_term_string}\"},\"query-input\":{\"@type\":\"PropertyValueSpecification\",\"valueRequired\":true,\"valueName\":\"search_term_string\"}}],\"inLanguage\":\"ko-KR\"},{\"@type\":\"Organization\",\"@id\":\"https:\\\/\\\/naturalpoland.com\\\/ko\\\/#organization\",\"name\":\"Natural Poland\",\"url\":\"https:\\\/\\\/naturalpoland.com\\\/ko\\\/\",\"logo\":{\"@type\":\"ImageObject\",\"inLanguage\":\"ko-KR\",\"@id\":\"https:\\\/\\\/naturalpoland.com\\\/ko\\\/#\\\/schema\\\/logo\\\/image\\\/\",\"url\":\"https:\\\/\\\/naturalpoland.com\\\/wp-content\\\/uploads\\\/2021\\\/05\\\/natural-poland-icon.png\",\"contentUrl\":\"https:\\\/\\\/naturalpoland.com\\\/wp-content\\\/uploads\\\/2021\\\/05\\\/natural-poland-icon.png\",\"width\":512,\"height\":512,\"caption\":\"Natural Poland\"},\"image\":{\"@id\":\"https:\\\/\\\/naturalpoland.com\\\/ko\\\/#\\\/schema\\\/logo\\\/image\\\/\"},\"sameAs\":[\"https:\\\/\\\/www.facebook.com\\\/naturalpoland.b2b\",\"https:\\\/\\\/pl.linkedin.com\\\/company\\\/natural-poland\",\"https:\\\/\\\/www.youtube.com\\\/channel\\\/UCgeGGkvOMahZo-xu_MSEWxg\"]}]}<\/script>\n<!-- \/ Yoast SEO plugin. -->","yoast_head_json":{"title":"\uc601\uc9c0\ubc84\uc12f (Ganoderma lucidum) - Hurtowy Dystrybutor","description":"\uc601\uc9c0\ubc84\uc12f \ucd94\ucd9c\ubb3c\ub85c\ub3c4 \uc54c\ub824\uc9c4 \uc601\uc9c0\ubc84\uc12f \ucd94\ucd9c\ubb3c\uc740 \ub2e4\ub2f9\ub958 \ud568\ub7c9\uc774 \ub192\uc740 \ub3c5\ud2b9\ud55c \uc81c\ud488\uc785\ub2c8\ub2e4.","robots":{"index":"index","follow":"follow","max-snippet":"max-snippet:-1","max-image-preview":"max-image-preview:large","max-video-preview":"max-video-preview:-1"},"canonical":"https:\/\/naturalpoland.com\/ko\/je-pum\/ui-yak-pum-won-ryo\/beo-seot-chu-chul-mul\/yeongjibeoseos\/","og_locale":"ko_KR","og_type":"article","og_title":"\uc601\uc9c0\ubc84\uc12f (Ganoderma lucidum) - Hurtowy Dystrybutor","og_description":"\uc601\uc9c0\ubc84\uc12f \ucd94\ucd9c\ubb3c\ub85c\ub3c4 \uc54c\ub824\uc9c4 \uc601\uc9c0\ubc84\uc12f \ucd94\ucd9c\ubb3c\uc740 \ub2e4\ub2f9\ub958 \ud568\ub7c9\uc774 \ub192\uc740 \ub3c5\ud2b9\ud55c \uc81c\ud488\uc785\ub2c8\ub2e4.","og_url":"https:\/\/naturalpoland.com\/ko\/je-pum\/ui-yak-pum-won-ryo\/beo-seot-chu-chul-mul\/yeongjibeoseos\/","og_site_name":"NATURAL POLAND - Hurtowy Dystrybutor Surowc\u00f3w","article_publisher":"https:\/\/www.facebook.com\/naturalpoland.b2b","og_image":[{"width":650,"height":650,"url":"https:\/\/naturalpoland.com\/wp-content\/uploads\/ekstrakt-grzybowy-reishi.jpg","type":"image\/jpeg"}],"schema":{"@context":"https:\/\/schema.org","@graph":[{"@type":"WebPage","@id":"https:\/\/naturalpoland.com\/ko\/je-pum\/ui-yak-pum-won-ryo\/beo-seot-chu-chul-mul\/yeongjibeoseos\/","url":"https:\/\/naturalpoland.com\/ko\/je-pum\/ui-yak-pum-won-ryo\/beo-seot-chu-chul-mul\/yeongjibeoseos\/","name":"\uc601\uc9c0\ubc84\uc12f (Ganoderma lucidum) - Hurtowy Dystrybutor","isPartOf":{"@id":"https:\/\/naturalpoland.com\/ko\/#website"},"primaryImageOfPage":{"@id":"https:\/\/naturalpoland.com\/ko\/je-pum\/ui-yak-pum-won-ryo\/beo-seot-chu-chul-mul\/yeongjibeoseos\/#primaryimage"},"image":{"@id":"https:\/\/naturalpoland.com\/ko\/je-pum\/ui-yak-pum-won-ryo\/beo-seot-chu-chul-mul\/yeongjibeoseos\/#primaryimage"},"thumbnailUrl":"https:\/\/naturalpoland.com\/wp-content\/uploads\/ekstrakt-grzybowy-reishi.jpg","datePublished":"2025-06-24T10:32:04+00:00","description":"\uc601\uc9c0\ubc84\uc12f \ucd94\ucd9c\ubb3c\ub85c\ub3c4 \uc54c\ub824\uc9c4 \uc601\uc9c0\ubc84\uc12f \ucd94\ucd9c\ubb3c\uc740 \ub2e4\ub2f9\ub958 \ud568\ub7c9\uc774 \ub192\uc740 \ub3c5\ud2b9\ud55c \uc81c\ud488\uc785\ub2c8\ub2e4.","breadcrumb":{"@id":"https:\/\/naturalpoland.com\/ko\/je-pum\/ui-yak-pum-won-ryo\/beo-seot-chu-chul-mul\/yeongjibeoseos\/#breadcrumb"},"inLanguage":"ko-KR","potentialAction":[{"@type":"ReadAction","target":["https:\/\/naturalpoland.com\/ko\/je-pum\/ui-yak-pum-won-ryo\/beo-seot-chu-chul-mul\/yeongjibeoseos\/"]}]},{"@type":"ImageObject","inLanguage":"ko-KR","@id":"https:\/\/naturalpoland.com\/ko\/je-pum\/ui-yak-pum-won-ryo\/beo-seot-chu-chul-mul\/yeongjibeoseos\/#primaryimage","url":"https:\/\/naturalpoland.com\/wp-content\/uploads\/ekstrakt-grzybowy-reishi.jpg","contentUrl":"https:\/\/naturalpoland.com\/wp-content\/uploads\/ekstrakt-grzybowy-reishi.jpg","width":650,"height":650,"caption":"Reishi (Ganoderma lucidum)"},{"@type":"BreadcrumbList","@id":"https:\/\/naturalpoland.com\/ko\/je-pum\/ui-yak-pum-won-ryo\/beo-seot-chu-chul-mul\/yeongjibeoseos\/#breadcrumb","itemListElement":[{"@type":"ListItem","position":1,"name":"\ud648","item":"https:\/\/naturalpoland.com\/ko\/"},{"@type":"ListItem","position":2,"name":"\uc81c\ud488","item":"https:\/\/naturalpoland.com\/ko\/%ec%a0%9c%ed%92%88\/"},{"@type":"ListItem","position":3,"name":"\uc601\uc9c0\ubc84\uc12f (Ganoderma lucidum)"}]},{"@type":"WebSite","@id":"https:\/\/naturalpoland.com\/ko\/#website","url":"https:\/\/naturalpoland.com\/ko\/","name":"NATURAL POLAND - Hurtowy Dystrybutor Surowc\u00f3w","description":"Surowce dla przemys\u0142u spo\u017cywczego, kosmetycznego i farmaceutycznego","publisher":{"@id":"https:\/\/naturalpoland.com\/ko\/#organization"},"potentialAction":[{"@type":"SearchAction","target":{"@type":"EntryPoint","urlTemplate":"https:\/\/naturalpoland.com\/ko\/?s={search_term_string}"},"query-input":{"@type":"PropertyValueSpecification","valueRequired":true,"valueName":"search_term_string"}}],"inLanguage":"ko-KR"},{"@type":"Organization","@id":"https:\/\/naturalpoland.com\/ko\/#organization","name":"Natural Poland","url":"https:\/\/naturalpoland.com\/ko\/","logo":{"@type":"ImageObject","inLanguage":"ko-KR","@id":"https:\/\/naturalpoland.com\/ko\/#\/schema\/logo\/image\/","url":"https:\/\/naturalpoland.com\/wp-content\/uploads\/2021\/05\/natural-poland-icon.png","contentUrl":"https:\/\/naturalpoland.com\/wp-content\/uploads\/2021\/05\/natural-poland-icon.png","width":512,"height":512,"caption":"Natural Poland"},"image":{"@id":"https:\/\/naturalpoland.com\/ko\/#\/schema\/logo\/image\/"},"sameAs":["https:\/\/www.facebook.com\/naturalpoland.b2b","https:\/\/pl.linkedin.com\/company\/natural-poland","https:\/\/www.youtube.com\/channel\/UCgeGGkvOMahZo-xu_MSEWxg"]}]}},"_links":{"self":[{"href":"https:\/\/naturalpoland.com\/ko\/wp-json\/wp\/v2\/product\/41614","targetHints":{"allow":["GET"]}}],"collection":[{"href":"https:\/\/naturalpoland.com\/ko\/wp-json\/wp\/v2\/product"}],"about":[{"href":"https:\/\/naturalpoland.com\/ko\/wp-json\/wp\/v2\/types\/product"}],"wp:featuredmedia":[{"embeddable":true,"href":"https:\/\/naturalpoland.com\/ko\/wp-json\/wp\/v2\/media\/41615"}],"wp:attachment":[{"href":"https:\/\/naturalpoland.com\/ko\/wp-json\/wp\/v2\/media?parent=41614"}],"wp:term":[{"taxonomy":"product_brand","embeddable":true,"href":"https:\/\/naturalpoland.com\/ko\/wp-json\/wp\/v2\/product_brand?post=41614"},{"taxonomy":"product_cat","embeddable":true,"href":"https:\/\/naturalpoland.com\/ko\/wp-json\/wp\/v2\/product_cat?post=41614"},{"taxonomy":"product_tag","embeddable":true,"href":"https:\/\/naturalpoland.com\/ko\/wp-json\/wp\/v2\/product_tag?post=41614"}],"curies":[{"name":"wp","href":"https:\/\/api.w.org\/{rel}","templated":true}]}}