{"id":41616,"date":"2023-01-16T13:51:07","date_gmt":"2025-06-24T10:38:11","guid":{"rendered":"https:\/\/naturalpoland.com\/produkty\/uncategorized\/wagseu-kareunauba\/"},"modified":"2025-06-24T12:38:11","modified_gmt":"2025-06-24T10:38:11","slug":"wagseu-kareunauba","status":"publish","type":"product","link":"https:\/\/naturalpoland.com\/ko\/je-pum\/cheon-yeon-wak-seu\/wagseu-kareunauba\/","title":{"rendered":"\uce74\ub974\ub098\uc6b0\ubc14 \uc641\uc2a4"},"content":{"rendered":"<h3>\uce74\ub974\ub098\uc6b0\ubc14 \uc641\uc2a4 &#8211; \ud2b9\uc131<\/h3>\n<p>\uce74\ub974\ub098\uc6b0\ubc14 \uc641\uc2a4\ub294 <strong>E903<\/strong>\uc774\ub77c\ub294 \uc774\ub984\uc73c\ub85c \uc54c\ub824\uc838 \uc788\uc2b5\ub2c8\ub2e4. \ud654\ud559 \ubc29\ubd80\uc81c\ub97c \uc5f0\uc0c1\uc2dc\ud0a4\ub294 \uc774\ub984\uacfc \ub2ec\ub9ac \uce74\ub974\ub098\uc6b0\ubc14 \uc641\uc2a4\ub294 \uc641\uc2a4 \uc57c\uc790\uc218 \uc78e\uc5d0\uc11c \uc5bb\uc5b4\uc9c0\ub294 \ucc9c\uc5f0 \uc81c\ud488\uc785\ub2c8\ub2e4. \uc8fc\ub85c \uaecc, \uc0ac\ud0d5, \ucd08\ucf5c\ub9bf \ub4f1 \uacfc\uc790\ub958 \uc0dd\uc0b0\uc5d0 \uc0ac\uc6a9\ub418\uba70, \uc74c\uc2dd\uc5d0 \uc724\uae30\ub97c \ub354\ud574 \uc2dc\uac01\uc801 \ub9e4\ub825\uc744 \ub192\uc774\ub294 \ub370 \ud65c\uc6a9\ub429\ub2c8\ub2e4.   <\/p>\n<h3>\uce74\ub974\ub098\uc6b0\ubc14 \uc641\uc2a4 &#8211; \uc6a9\ub3c4<\/h3>\n<p>\uc774 \uc641\uc2a4\ub294 \uacfc\uc77c\uc758 \uc218\ubd84 \uc99d\ubc1c\uacfc \ud0c4\ub825 \uac10\uc18c\ub97c \ubc29\uc9c0\ud558\uc5ec \uc2e0\uc120\ub3c4\ub97c \uc5f0\uc7a5\ud558\ub294 \ub370\uc5d0\ub3c4 \uc0ac\uc6a9\ub420 \uc218 \uc788\uc73c\uba70, \uc12d\ucde8\ud574\ub3c4 \uac74\uac15\uc5d0 \ud574\ub86d\uc9c0 \uc54a\uc2b5\ub2c8\ub2e4. \ub098\uc774\uc2e0\uacfc \ud568\uaed8 \uc0ac\uc6a9\ub420 \uacbd\uc6b0 \ubbf8\uc0dd\ubb3c \uc99d\uc2dd\uc744 \uc5b5\uc81c\ud558\uc5ec \ucd94\uac00\uc801\uc778 \ubc29\ubd80 \ud6a8\uacfc\ub97c \ubc1c\ud718\ud560 \uc218 \uc788\uc2b5\ub2c8\ub2e4. <\/p>\n","protected":false},"excerpt":{"rendered":"<p>\uce74\ub974\ub098\uc6b0\ubc14 \uc641\uc2a4\ub294 \ud587\ubcd5\uc5d0 \ub9d0\ub9b0 \uc57c\uc790\uc218 \uc78e\uc5d0\uc11c \ucd94\ucd9c\ub429\ub2c8\ub2e4.<\/p>\n","protected":false},"featured_media":41617,"template":"","meta":{"_acf_changed":false},"product_brand":[],"product_cat":[8176],"product_tag":[],"class_list":{"0":"post-41616","1":"product","2":"type-product","3":"status-publish","4":"has-post-thumbnail","6":"product_cat-cheon-yeon-wak-seu","7":"pa_grupa-substancji-8193","9":"first","10":"instock","11":"shipping-taxable","12":"product-type-simple"},"acf":[],"yoast_head":"<!-- This site is optimized with the Yoast SEO plugin v27.6 - https:\/\/yoast.com\/product\/yoast-seo-wordpress\/ -->\n<title>\uce74\ub974\ub098\uc6b0\ubc14 \uc641\uc2a4 - Hurtowy Dystrybutor<\/title>\n<meta name=\"robots\" content=\"index, follow, max-snippet:-1, max-image-preview:large, max-video-preview:-1\" \/>\n<link rel=\"canonical\" href=\"https:\/\/naturalpoland.com\/ko\/je-pum\/cheon-yeon-wak-seu\/wagseu-kareunauba\/\" \/>\n<meta property=\"og:locale\" content=\"ko_KR\" \/>\n<meta property=\"og:type\" content=\"article\" \/>\n<meta property=\"og:title\" content=\"\uce74\ub974\ub098\uc6b0\ubc14 \uc641\uc2a4 - Hurtowy Dystrybutor\" \/>\n<meta property=\"og:description\" content=\"\uce74\ub974\ub098\uc6b0\ubc14 \uc641\uc2a4\ub294 \ud587\ubcd5\uc5d0 \ub9d0\ub9b0 \uc57c\uc790\uc218 \uc78e\uc5d0\uc11c \ucd94\ucd9c\ub429\ub2c8\ub2e4.\" \/>\n<meta property=\"og:url\" content=\"https:\/\/naturalpoland.com\/ko\/je-pum\/cheon-yeon-wak-seu\/wagseu-kareunauba\/\" \/>\n<meta property=\"og:site_name\" content=\"NATURAL POLAND - Hurtowy Dystrybutor Surowc\u00f3w\" \/>\n<meta property=\"article:publisher\" content=\"https:\/\/www.facebook.com\/naturalpoland.b2b\" \/>\n<meta property=\"og:image\" content=\"https:\/\/naturalpoland.com\/wp-content\/uploads\/wosk-karnauba.jpg\" \/>\n\t<meta property=\"og:image:width\" content=\"600\" \/>\n\t<meta property=\"og:image:height\" content=\"601\" \/>\n\t<meta property=\"og:image:type\" content=\"image\/jpeg\" \/>\n<script type=\"application\/ld+json\" class=\"yoast-schema-graph\">{\"@context\":\"https:\\\/\\\/schema.org\",\"@graph\":[{\"@type\":\"WebPage\",\"@id\":\"https:\\\/\\\/naturalpoland.com\\\/ko\\\/je-pum\\\/cheon-yeon-wak-seu\\\/wagseu-kareunauba\\\/\",\"url\":\"https:\\\/\\\/naturalpoland.com\\\/ko\\\/je-pum\\\/cheon-yeon-wak-seu\\\/wagseu-kareunauba\\\/\",\"name\":\"\uce74\ub974\ub098\uc6b0\ubc14 \uc641\uc2a4 - Hurtowy Dystrybutor\",\"isPartOf\":{\"@id\":\"https:\\\/\\\/naturalpoland.com\\\/ko\\\/#website\"},\"primaryImageOfPage\":{\"@id\":\"https:\\\/\\\/naturalpoland.com\\\/ko\\\/je-pum\\\/cheon-yeon-wak-seu\\\/wagseu-kareunauba\\\/#primaryimage\"},\"image\":{\"@id\":\"https:\\\/\\\/naturalpoland.com\\\/ko\\\/je-pum\\\/cheon-yeon-wak-seu\\\/wagseu-kareunauba\\\/#primaryimage\"},\"thumbnailUrl\":\"https:\\\/\\\/naturalpoland.com\\\/wp-content\\\/uploads\\\/wosk-karnauba.jpg\",\"datePublished\":\"2025-06-24T10:38:11+00:00\",\"breadcrumb\":{\"@id\":\"https:\\\/\\\/naturalpoland.com\\\/ko\\\/je-pum\\\/cheon-yeon-wak-seu\\\/wagseu-kareunauba\\\/#breadcrumb\"},\"inLanguage\":\"ko-KR\",\"potentialAction\":[{\"@type\":\"ReadAction\",\"target\":[\"https:\\\/\\\/naturalpoland.com\\\/ko\\\/je-pum\\\/cheon-yeon-wak-seu\\\/wagseu-kareunauba\\\/\"]}]},{\"@type\":\"ImageObject\",\"inLanguage\":\"ko-KR\",\"@id\":\"https:\\\/\\\/naturalpoland.com\\\/ko\\\/je-pum\\\/cheon-yeon-wak-seu\\\/wagseu-kareunauba\\\/#primaryimage\",\"url\":\"https:\\\/\\\/naturalpoland.com\\\/wp-content\\\/uploads\\\/wosk-karnauba.jpg\",\"contentUrl\":\"https:\\\/\\\/naturalpoland.com\\\/wp-content\\\/uploads\\\/wosk-karnauba.jpg\",\"width\":600,\"height\":601,\"caption\":\"wosk karnauba\"},{\"@type\":\"BreadcrumbList\",\"@id\":\"https:\\\/\\\/naturalpoland.com\\\/ko\\\/je-pum\\\/cheon-yeon-wak-seu\\\/wagseu-kareunauba\\\/#breadcrumb\",\"itemListElement\":[{\"@type\":\"ListItem\",\"position\":1,\"name\":\"\ud648\",\"item\":\"https:\\\/\\\/naturalpoland.com\\\/ko\\\/\"},{\"@type\":\"ListItem\",\"position\":2,\"name\":\"\uc81c\ud488\",\"item\":\"https:\\\/\\\/naturalpoland.com\\\/ko\\\/%ec%a0%9c%ed%92%88\\\/\"},{\"@type\":\"ListItem\",\"position\":3,\"name\":\"\uce74\ub974\ub098\uc6b0\ubc14 \uc641\uc2a4\"}]},{\"@type\":\"WebSite\",\"@id\":\"https:\\\/\\\/naturalpoland.com\\\/ko\\\/#website\",\"url\":\"https:\\\/\\\/naturalpoland.com\\\/ko\\\/\",\"name\":\"NATURAL POLAND - Hurtowy Dystrybutor Surowc\u00f3w\",\"description\":\"Surowce dla przemys\u0142u spo\u017cywczego, kosmetycznego i farmaceutycznego\",\"publisher\":{\"@id\":\"https:\\\/\\\/naturalpoland.com\\\/ko\\\/#organization\"},\"potentialAction\":[{\"@type\":\"SearchAction\",\"target\":{\"@type\":\"EntryPoint\",\"urlTemplate\":\"https:\\\/\\\/naturalpoland.com\\\/ko\\\/?s={search_term_string}\"},\"query-input\":{\"@type\":\"PropertyValueSpecification\",\"valueRequired\":true,\"valueName\":\"search_term_string\"}}],\"inLanguage\":\"ko-KR\"},{\"@type\":\"Organization\",\"@id\":\"https:\\\/\\\/naturalpoland.com\\\/ko\\\/#organization\",\"name\":\"Natural Poland\",\"url\":\"https:\\\/\\\/naturalpoland.com\\\/ko\\\/\",\"logo\":{\"@type\":\"ImageObject\",\"inLanguage\":\"ko-KR\",\"@id\":\"https:\\\/\\\/naturalpoland.com\\\/ko\\\/#\\\/schema\\\/logo\\\/image\\\/\",\"url\":\"https:\\\/\\\/naturalpoland.com\\\/wp-content\\\/uploads\\\/2021\\\/05\\\/natural-poland-icon.png\",\"contentUrl\":\"https:\\\/\\\/naturalpoland.com\\\/wp-content\\\/uploads\\\/2021\\\/05\\\/natural-poland-icon.png\",\"width\":512,\"height\":512,\"caption\":\"Natural Poland\"},\"image\":{\"@id\":\"https:\\\/\\\/naturalpoland.com\\\/ko\\\/#\\\/schema\\\/logo\\\/image\\\/\"},\"sameAs\":[\"https:\\\/\\\/www.facebook.com\\\/naturalpoland.b2b\",\"https:\\\/\\\/pl.linkedin.com\\\/company\\\/natural-poland\",\"https:\\\/\\\/www.youtube.com\\\/channel\\\/UCgeGGkvOMahZo-xu_MSEWxg\"]}]}<\/script>\n<!-- \/ Yoast SEO plugin. -->","yoast_head_json":{"title":"\uce74\ub974\ub098\uc6b0\ubc14 \uc641\uc2a4 - Hurtowy Dystrybutor","robots":{"index":"index","follow":"follow","max-snippet":"max-snippet:-1","max-image-preview":"max-image-preview:large","max-video-preview":"max-video-preview:-1"},"canonical":"https:\/\/naturalpoland.com\/ko\/je-pum\/cheon-yeon-wak-seu\/wagseu-kareunauba\/","og_locale":"ko_KR","og_type":"article","og_title":"\uce74\ub974\ub098\uc6b0\ubc14 \uc641\uc2a4 - Hurtowy Dystrybutor","og_description":"\uce74\ub974\ub098\uc6b0\ubc14 \uc641\uc2a4\ub294 \ud587\ubcd5\uc5d0 \ub9d0\ub9b0 \uc57c\uc790\uc218 \uc78e\uc5d0\uc11c \ucd94\ucd9c\ub429\ub2c8\ub2e4.","og_url":"https:\/\/naturalpoland.com\/ko\/je-pum\/cheon-yeon-wak-seu\/wagseu-kareunauba\/","og_site_name":"NATURAL POLAND - Hurtowy Dystrybutor Surowc\u00f3w","article_publisher":"https:\/\/www.facebook.com\/naturalpoland.b2b","og_image":[{"width":600,"height":601,"url":"https:\/\/naturalpoland.com\/wp-content\/uploads\/wosk-karnauba.jpg","type":"image\/jpeg"}],"schema":{"@context":"https:\/\/schema.org","@graph":[{"@type":"WebPage","@id":"https:\/\/naturalpoland.com\/ko\/je-pum\/cheon-yeon-wak-seu\/wagseu-kareunauba\/","url":"https:\/\/naturalpoland.com\/ko\/je-pum\/cheon-yeon-wak-seu\/wagseu-kareunauba\/","name":"\uce74\ub974\ub098\uc6b0\ubc14 \uc641\uc2a4 - Hurtowy Dystrybutor","isPartOf":{"@id":"https:\/\/naturalpoland.com\/ko\/#website"},"primaryImageOfPage":{"@id":"https:\/\/naturalpoland.com\/ko\/je-pum\/cheon-yeon-wak-seu\/wagseu-kareunauba\/#primaryimage"},"image":{"@id":"https:\/\/naturalpoland.com\/ko\/je-pum\/cheon-yeon-wak-seu\/wagseu-kareunauba\/#primaryimage"},"thumbnailUrl":"https:\/\/naturalpoland.com\/wp-content\/uploads\/wosk-karnauba.jpg","datePublished":"2025-06-24T10:38:11+00:00","breadcrumb":{"@id":"https:\/\/naturalpoland.com\/ko\/je-pum\/cheon-yeon-wak-seu\/wagseu-kareunauba\/#breadcrumb"},"inLanguage":"ko-KR","potentialAction":[{"@type":"ReadAction","target":["https:\/\/naturalpoland.com\/ko\/je-pum\/cheon-yeon-wak-seu\/wagseu-kareunauba\/"]}]},{"@type":"ImageObject","inLanguage":"ko-KR","@id":"https:\/\/naturalpoland.com\/ko\/je-pum\/cheon-yeon-wak-seu\/wagseu-kareunauba\/#primaryimage","url":"https:\/\/naturalpoland.com\/wp-content\/uploads\/wosk-karnauba.jpg","contentUrl":"https:\/\/naturalpoland.com\/wp-content\/uploads\/wosk-karnauba.jpg","width":600,"height":601,"caption":"wosk karnauba"},{"@type":"BreadcrumbList","@id":"https:\/\/naturalpoland.com\/ko\/je-pum\/cheon-yeon-wak-seu\/wagseu-kareunauba\/#breadcrumb","itemListElement":[{"@type":"ListItem","position":1,"name":"\ud648","item":"https:\/\/naturalpoland.com\/ko\/"},{"@type":"ListItem","position":2,"name":"\uc81c\ud488","item":"https:\/\/naturalpoland.com\/ko\/%ec%a0%9c%ed%92%88\/"},{"@type":"ListItem","position":3,"name":"\uce74\ub974\ub098\uc6b0\ubc14 \uc641\uc2a4"}]},{"@type":"WebSite","@id":"https:\/\/naturalpoland.com\/ko\/#website","url":"https:\/\/naturalpoland.com\/ko\/","name":"NATURAL POLAND - Hurtowy Dystrybutor Surowc\u00f3w","description":"Surowce dla przemys\u0142u spo\u017cywczego, kosmetycznego i farmaceutycznego","publisher":{"@id":"https:\/\/naturalpoland.com\/ko\/#organization"},"potentialAction":[{"@type":"SearchAction","target":{"@type":"EntryPoint","urlTemplate":"https:\/\/naturalpoland.com\/ko\/?s={search_term_string}"},"query-input":{"@type":"PropertyValueSpecification","valueRequired":true,"valueName":"search_term_string"}}],"inLanguage":"ko-KR"},{"@type":"Organization","@id":"https:\/\/naturalpoland.com\/ko\/#organization","name":"Natural Poland","url":"https:\/\/naturalpoland.com\/ko\/","logo":{"@type":"ImageObject","inLanguage":"ko-KR","@id":"https:\/\/naturalpoland.com\/ko\/#\/schema\/logo\/image\/","url":"https:\/\/naturalpoland.com\/wp-content\/uploads\/2021\/05\/natural-poland-icon.png","contentUrl":"https:\/\/naturalpoland.com\/wp-content\/uploads\/2021\/05\/natural-poland-icon.png","width":512,"height":512,"caption":"Natural Poland"},"image":{"@id":"https:\/\/naturalpoland.com\/ko\/#\/schema\/logo\/image\/"},"sameAs":["https:\/\/www.facebook.com\/naturalpoland.b2b","https:\/\/pl.linkedin.com\/company\/natural-poland","https:\/\/www.youtube.com\/channel\/UCgeGGkvOMahZo-xu_MSEWxg"]}]}},"_links":{"self":[{"href":"https:\/\/naturalpoland.com\/ko\/wp-json\/wp\/v2\/product\/41616","targetHints":{"allow":["GET"]}}],"collection":[{"href":"https:\/\/naturalpoland.com\/ko\/wp-json\/wp\/v2\/product"}],"about":[{"href":"https:\/\/naturalpoland.com\/ko\/wp-json\/wp\/v2\/types\/product"}],"wp:featuredmedia":[{"embeddable":true,"href":"https:\/\/naturalpoland.com\/ko\/wp-json\/wp\/v2\/media\/41617"}],"wp:attachment":[{"href":"https:\/\/naturalpoland.com\/ko\/wp-json\/wp\/v2\/media?parent=41616"}],"wp:term":[{"taxonomy":"product_brand","embeddable":true,"href":"https:\/\/naturalpoland.com\/ko\/wp-json\/wp\/v2\/product_brand?post=41616"},{"taxonomy":"product_cat","embeddable":true,"href":"https:\/\/naturalpoland.com\/ko\/wp-json\/wp\/v2\/product_cat?post=41616"},{"taxonomy":"product_tag","embeddable":true,"href":"https:\/\/naturalpoland.com\/ko\/wp-json\/wp\/v2\/product_tag?post=41616"}],"curies":[{"name":"wp","href":"https:\/\/api.w.org\/{rel}","templated":true}]}}