{"id":41618,"date":"2023-08-10T10:11:35","date_gmt":"2025-06-24T10:56:45","guid":{"rendered":"https:\/\/naturalpoland.com\/produkty\/uncategorized\/mulgogiyong-sigpum\/"},"modified":"2025-06-24T12:56:45","modified_gmt":"2025-06-24T10:56:45","slug":"mulgogiyong-sigpum","status":"publish","type":"product","link":"https:\/\/naturalpoland.com\/ko\/je-pum\/dong-mul-yong-won-ryo\/mulgogiyong-sigpum\/","title":{"rendered":"\uc5b4\ub958 \uc0ac\ub8cc"},"content":{"rendered":"<p><strong>\uac70\ubd81\uc774\ub97c \uc704\ud55c \uc0ac\ub8cc<\/strong>\ub294 \uadf8\ub4e4\uc758 \ud2b9\uc218\ud55c \uc2e0\uc9c4\ub300\uc0ac \uc694\uad6c\ub97c \uace0\ub824\ud558\uc5ec \uc124\uacc4\ub418\uc5c8\uc73c\uba70, \uac74\uac15\ud55c \uc131\uc7a5\uc5d0 \ud544\uc694\ud55c \uc801\uc808\ud55c \ube44\ud0c0\ubbfc\uacfc \ubbf8\ub124\ub784\uc744 \uc81c\uacf5\ud569\ub2c8\ub2e4.<\/p>\n<p>\uc800\ud76c\uc758 <strong>\uc5f0\ubabb\uc6a9 \uc0ac\ub8cc<\/strong>\ub294 \uae30\ubcf8\ud615\ubd80\ud130 \ud504\ub9ac\ubbf8\uc5c4 \ubc84\uc804\uae4c\uc9c0 \ub2e4\uc591\ud55c \uc885\uc744 \uc9c0\uc6d0\ud560 \uc218 \uc788\ub3c4\ub85d \uac1c\ubc1c\ub418\uc5c8\uc73c\uba70, \uc789\uc5b4\ubd80\ud130 \ubbfc\uac10\ud55c \uad00\uc0c1\uc5b4\uc5d0 \uc774\ub974\uae30\uae4c\uc9c0 \ud3ed\ub113\uac8c \uc801\uc6a9\ub429\ub2c8\ub2e4.<\/p>\n<p><strong>\uc5f4\ub300\uc5b4\uc640 \uc2dc\ud074\ub9ac\ub4dc\uc6a9 \ud3a0\ub9bf\uc740<\/strong> \uc774 \ub9e4\ud639\uc801\uc778 \ubb3c\uace0\uae30\ub4e4\uc774 \uac74\uac15\ud558\uace0 \uc120\uba85\ud55c \uc0c9\uc0c1\uc744 \uc720\uc9c0\ud560 \uc218 \uc788\ub3c4\ub85d \ud544\uc694\ud55c \uc601\uc591\uc18c\ub97c \uc81c\uacf5\ud569\ub2c8\ub2e4.<\/p>\n<p>&nbsp;<\/p>\n<h2><strong>\uc775\uc2a4\ud2b8\ub8e8\ub370\uc774\ud2b8<\/strong><\/h2>\n<p>\ud604\ub300 \uc5b4\ub958 \uc591\uc2dd\uc5d0\uc11c \uc775\uc2a4\ud2b8\ub8e8\ub370\uc774\ud2b8\ub294 \ud544\uc218\uc801\uc778 \uc0ac\ub8cc \uc694\uc18c\ub85c \uc790\ub9ac \uc7a1\uc558\uc2b5\ub2c8\ub2e4. \uc774\ub294 \ud2b9\ubcc4\ud55c \uc5f4\uac00\uacf5 \uacf5\uc815\uc744 \uac70\uccd0 \uc18c\ud654\uc728\uacfc \uc601\uc591 \uac00\uce58\ub97c \ub192\uc778 \uc81c\ud488\uc785\ub2c8\ub2e4. <\/p>\n<p><strong>\uc800\ud76c\uc758 \ucf54\uc774\uc6a9 \uc775\uc2a4\ud2b8\ub8e8\ub370\uc774\ud2b8<\/strong>\ub294 \ubb3c\uace0\uae30\uc758 \uc601\uc591 \uc694\uad6c\ub97c \ucda9\uc871\uc2dc\ud0ac \ubfd0\ub9cc \uc544\ub2c8\ub77c \uac74\uac15\ud55c \uc131\uc7a5\uacfc \uc544\ub984\ub2e4\uc6b4 \uc0c9\uc0c1\uc744 \uc720\uc9c0\ud560 \uc218 \uc788\ub3c4\ub85d \uc124\uacc4\ub418\uc5c8\uc2b5\ub2c8\ub2e4. \uae30\ubcf8\ud615\ubd80\ud130 \ud504\ub9ac\ubbf8\uc5c4\ud615\uae4c\uc9c0 \ub2e4\uc591\ud55c \uc635\uc158\uc744 \uc81c\uacf5\ud558\uc5ec \uae4c\ub2e4\ub85c\uc6b4 \uc0ac\uc721\uc790\uc758 \uc694\uad6c\ub3c4 \ub9cc\uc871\uc2dc\ud0b5\ub2c8\ub2e4. <\/p>\n<p>&nbsp;<\/p>\n<h2><strong> \ud574\uc870\ub958<\/strong><\/h2>\n<p>\uc591\uc2dd \uc0b0\uc5c5\uc5d0\uc11c \ud574\uc870\ub958\ub294 \uc810\uc810 \ub354 \uc911\uc694\ud55c \uc0ac\ub8cc \uc131\ubd84\uc73c\ub85c \uc8fc\ubaa9\ubc1b\uace0 \uc788\uc2b5\ub2c8\ub2e4. \ud48d\ubd80\ud55c \uc601\uc591\uc18c\uc640 \ube44\ud0c0\ubbfc, \ubbf8\ub124\ub784 \ub355\ubd84\uc5d0 \ud574\uc870\ub958\ub294 \ub2e8\uc21c\ud55c \uba39\uc774\uac00 \uc544\ub2c8\ub77c \uac74\uac15\uacfc \ud65c\ub825\uc744 \ub192\uc774\ub294 \ucc9c\uc5f0 \ubcf4\uc870\uc81c \uc5ed\ud560\uc744 \ud569\ub2c8\ub2e4. <\/p>\n<p><strong>\ubd84\ub9d0 \ud615\ud0dc\uc758 \uc2a4\ud53c\ub8e8\ub9ac\ub098\ub294<\/strong> \ub2e8\ubc31\uc9c8\uc758 \uc6b0\uc218\ud55c \uacf5\uae09\uc6d0\uc73c\ub85c, \ubb3c\uace0\uae30 \uc131\uc7a5\uc5d0 \ud544\uc218\uc801\uc778 \ubaa8\ub4e0 \uc544\ubbf8\ub178\uc0b0\uc744 \ud568\uc720\ud558\uace0 \uc788\uc2b5\ub2c8\ub2e4. \ub610\ud55c \uac15\ub82c\ud55c \uc0c9\uc18c\ub294 \ubb3c\uace0\uae30\uc758 \uc0c9\uc0c1\uc744 \ub354\uc6b1 \uc120\uba85\ud558\uac8c \ub9cc\ub4ed\ub2c8\ub2e4. <\/p>\n<p><strong>Ascophyllum \ubd84\ub9d0\uc740<\/strong> \uc694\uc624\ub4dc\uc640 \uac19\uc740 \ubb34\uae30\uc9c8\uc744 \uacf5\uae09\ud558\uc5ec \ubb3c\uace0\uae30 \uac11\uc0c1\uc120\uc758 \uc815\uc0c1 \uae30\ub2a5\uc744 \ub3d5\uc2b5\ub2c8\ub2e4.<\/p>\n<p>\ucd94\uac00\ub85c, \ud574\uc870\ub958\ub294 \ucc9c\uc5f0 \ud504\ub85c\ubc14\uc774\uc624\ud2f1 \uc5ed\ud560\uc744 \ud558\uc5ec \ubb3c\uace0\uae30\uc758 \uc7a5\ub0b4 \ubbf8\uc0dd\ubb3c \uade0\ud615\uc744 \uc9c0\uc6d0\ud569\ub2c8\ub2e4. \ud574\uc870\ub958\ub97c \uc0ac\ub8cc\uc5d0 \ub3c4\uc785\ud558\ub294 \uac83\uc740 \ubb3c\uace0\uae30\uc758 \uac74\uac15\uacfc \ud65c\ub825, \uc591\uc2dd \ud488\uc9c8 \ud5a5\uc0c1\uc744 \uc704\ud55c \ud22c\uc790\uc785\ub2c8\ub2e4. <\/p>\n<p>&nbsp;<\/p>\n<h2><strong>\ud50c\ub808\uc774\ud06c \uc0ac\ub8cc<\/strong><\/h2>\n<p>\ud50c\ub808\uc774\ud06c\ub294 \uc804\ud1b5\uc801\uc774\uba70 \uac00\uc7a5 \ub110\ub9ac \uc0ac\uc6a9\ub418\ub294 \uc5b4\ub958 \uc0ac\ub8cc \ud615\ud0dc \uc911 \ud558\ub098\uc785\ub2c8\ub2e4. \ub2e4\uc591\ud55c \uc601\uc591 \uc131\ubd84\uc73c\ub85c \uc778\ud574 \uc0ac\uc721\uc790\uc640 \uc544\ucfe0\uc544\ub9ac\uc2a4\ud2b8 \ubaa8\ub450\uc5d0\uac8c \uc774\uc0c1\uc801\uc778 \uc120\ud0dd\uc785\ub2c8\ub2e4. <\/p>\n<p><strong>\uc5f4\ub300\uc5b4\uc6a9 \ud50c\ub808\uc774\ud06c\uc640<\/strong> \uadf8 \ud504\ub9ac\ubbf8\uc5c4 \ubc84\uc804\uc740 \ubb3c\uace0\uae30\uc758 \uac74\uac15\ud55c \uc131\uc7a5\uc744 \uc704\ud574 \ud544\uc694\ud55c \ubaa8\ub4e0 \uc601\uc591\uc18c\ub97c \uacf5\uae09\ud558\ub3c4\ub85d \uc124\uacc4\ub418\uc5c8\uc2b5\ub2c8\ub2e4.<\/p>\n<p><strong>\ub9d0\ub77c\uc704 \ud50c\ub808\uc774\ud06c<\/strong>\uc640 <strong>\ud0c4\uac00\ub2c8\uce74 \ud50c\ub808\uc774\ud06c\ub294<\/strong> \uc544\ud504\ub9ac\uce74 \ud2b9\uc815 \uc9c0\uc5ed \ubb3c\uace0\uae30\uc758 \ud2b9\uc218\ud55c \uc2dd\uc131\uc744 \uace0\ub824\ud574 \uc81c\uc791\ub418\uc5c8\uc2b5\ub2c8\ub2e4.<\/p>\n<p><strong>\ud5c8\ube0c \ud50c\ub808\uc774\ud06c<\/strong>, <strong>\uc2a4\ud53c\ub8e8\ub9ac\ub098<\/strong> \ud50c\ub808\uc774\ud06c, <strong>\uc544\ub974\ud14c\ubbf8\uc544<\/strong> \ud50c\ub808\uc774\ud06c\ub294 \ube44\ud0c0\ubbfc\uacfc \ubbf8\ub124\ub784\uc744 \ucd94\uac00\ub85c \uc81c\uacf5\ud558\uc5ec \uc18c\ud654\ub97c \ub3d5\uace0 \uc131\uc7a5\uacfc \uc804\ubc18\uc801\uc778 \ucee8\ub514\uc158\uc744 \uac1c\uc120\ud569\ub2c8\ub2e4.<\/p>\n<p><strong>\uc624\uc9d5\uc5b4 \ud50c\ub808\uc774\ud06c<\/strong>, <strong>\ud06c\ub9b4 \ud50c\ub808\uc774\ud06c<\/strong>, <strong>\uae08\ubd95\uc5b4\uc6a9 \ud50c\ub808\uc774\ud06c\ub294<\/strong> \ub2e8\ubc31\uc9c8\uacfc \uc9c0\ubc29\uc744 \uacf5\uae09\ud558\ub294 \ub9db\uc788\ub294 \uac04\uc2dd\uc73c\ub85c \ubb3c\uace0\uae30\uc758 \uc815\uc0c1\uc801\uc778 \ubc1c\ub2ec\uc744 \ub3d5\uc2b5\ub2c8\ub2e4.<\/p>\n<p><strong>\uc5f0\ubabb\uc6a9 \ud50c\ub808\uc774\ud06c\ub294<\/strong> \uc5f0\ubabb\uacfc \uc815\uc6d0 \uc5f0\ubabb\uc758 \ubb3c\uace0\uae30\ub97c \uc704\ud55c \uc644\ubcbd\ud55c \uc77c\uc77c \uc885\ud569 \uc0ac\ub8cc\uc785\ub2c8\ub2e4.<\/p>\n<p>&nbsp;<\/p>\n<h2><strong>\uc815\uc81c \uc0ac\ub8cc<\/strong><\/h2>\n<p>\uc815\uc81c\ub294 \uace0\ub18d\ucd95 \uc0ac\ub8cc\ub85c, \ubb3c\uace0\uae30\uc5d0\uac8c \ud48d\ubd80\ud55c \uc601\uc591\uc744 \uc555\ucd95\ub41c \ud615\ud0dc\ub85c \uc81c\uacf5\ud569\ub2c8\ub2e4.<\/p>\n<p>\uae30\ubcf8\ud615 <strong>\ube68\uac04\uc0c9<\/strong> \ubc0f <strong>\ucd08\ub85d\uc0c9<\/strong> \uc815\uc81c\ub294 \ubb3c\uace0\uae30\uc758 \uac74\uac15\uc5d0 \ud544\uc694\ud55c \uc601\uc591 \uade0\ud615\uc744 \uc720\uc9c0\ud569\ub2c8\ub2e4.<\/p>\n<p><strong>FD \uc815\uc81c\ub294<\/strong> \ud6cc\ub96d\ud55c \ub2e8\ubc31\uc9c8 \uacf5\uae09\uc6d0\uc73c\ub85c \uc721\uc2dd\uc131 \uc5b4\ub958\uc5d0 \uc801\ud569\ud569\ub2c8\ub2e4.<\/p>\n<p><strong>\uc2a4\ud53c\ub8e8\ub9ac\ub098 \uc815\uc81c\ub294<\/strong> \ub2e8\ubc31\uc9c8\ubfd0\ub9cc \uc544\ub2c8\ub77c \ube44\ud0c0\ubbfc, \ubbf8\ub124\ub784, \ud56d\uc0b0\ud654\uc81c\ub97c \ud48d\ubd80\ud558\uac8c \ud568\uc720\ud558\uc5ec \ubb3c\uace0\uae30\uc758 \uac74\uac15\uc744 \uc9c0\uc6d0\ud558\uace0 \uc120\uba85\ud55c \uc0c9\uc0c1\uc744 \uc720\uc9c0\ud558\ub3c4\ub85d \ub3c4\uc640\uc90d\ub2c8\ub2e4.<\/p>\n<p><strong>\uc5f4\ub300\uc5b4\uc6a9<\/strong> \ud504\ub9ac\ubbf8\uc5c4 \uc815\uc81c\ub294 \uac00\uc7a5 \uae4c\ub2e4\ub85c\uc6b4 \uc0ac\uc721\uc790\ub97c \uc704\ud55c \uc81c\ud488\uc73c\ub85c, \ubb3c\uace0\uae30\uc5d0\uac8c \ucd5c\uc0c1\uc758 \uc2dd\ub2e8\uc744 \uc81c\uacf5\ud569\ub2c8\ub2e4.<\/p>\n<p>\ubaa8\ub4e0 \uc815\uc81c\ub294 \ub2e4\uc591\ud55c \uc5b4\uc885\uc758 \ud2b9\uc218\ud55c \uc694\uad6c\ub97c \ucda9\uc871\ud560 \uc218 \uc788\ub3c4\ub85d \uc124\uacc4\ub418\uc5b4 \uc788\uc5b4, \uac01 \uc0ac\uc721\uc790\uac00 \uc790\uc2e0\uc758 \uc0ac\uc721 \ud658\uacbd\uc5d0 \uc801\ud569\ud55c \uc81c\ud488\uc744 \uc120\ud0dd\ud560 \uc218 \uc788\uc2b5\ub2c8\ub2e4.<\/p>\n<p>&nbsp;<\/p>\n","protected":false},"excerpt":{"rendered":"<p>\uc624\ub298\ub0a0 \uc591\uc2dd \uc0b0\uc5c5\uc5d0\uc11c \uc0ac\ub8cc\uc758 \ud488\uc9c8\uc740 \ubb3c\uace0\uae30\uc758 \uac74\uac15, \ud65c\ub825, \uc591\uc2dd \ud6a8\uc728\uc744 \uacb0\uc815\uc9d3\ub294 \ud575\uc2ec \uc694\uc18c\uc785\ub2c8\ub2e4. \uc801\uc808\ud55c \uc0ac\ub8cc\ub294 \ubb3c\uace0\uae30\uc5d0\uac8c \uade0\ud615 \uc7a1\ud78c \uc2dd\ub2e8\uc744 \uc81c\uacf5\ud558\uc5ec \uc131\uc7a5, \uc0c9\uc0c1, \uc804\ubc18\uc801\uc778 \ucee8\ub514\uc158\uc744 \uc9c0\uc6d0\ud569\ub2c8\ub2e4. <\/p>\n","protected":false},"featured_media":41619,"template":"","meta":{"_acf_changed":false},"product_brand":[],"product_cat":[8139],"product_tag":[],"class_list":{"0":"post-41618","1":"product","2":"type-product","3":"status-publish","4":"has-post-thumbnail","6":"product_cat-dong-mul-yong-won-ryo","8":"first","9":"instock","10":"shipping-taxable","11":"product-type-simple"},"acf":[],"yoast_head":"<!-- This site is optimized with the Yoast SEO plugin v27.4 - https:\/\/yoast.com\/product\/yoast-seo-wordpress\/ -->\n<title>\uc5b4\ub958 \uc0ac\ub8cc - Hurtowy Dystrybutor<\/title>\n<meta name=\"description\" content=\"\uc62c\ubc14\ub978 \uc0dd\uc120 \uc0ac\ub8cc\ub294 \ubb3c\uace0\uae30\uc758 \uc131\uc7a5\uacfc \uc0c9, \uc804\ubc18\uc801\uc778 \uc0c1\ud0dc\ub97c \uc720\uc9c0\ud558\ub294 \ub370 \ub3c4\uc6c0\uc774 \ub418\ub294 \uac74\uac15\ud55c \uc2dd\ub2e8\uc744 \uc81c\uacf5\ud569\ub2c8\ub2e4. \ub3c4\ub9e4 \uc0c1\ud488\uc744 \ud655\uc778\ud574 \ubcf4\uc138\uc694.\" \/>\n<meta name=\"robots\" content=\"index, follow, max-snippet:-1, max-image-preview:large, max-video-preview:-1\" \/>\n<link rel=\"canonical\" href=\"https:\/\/naturalpoland.com\/ko\/je-pum\/dong-mul-yong-won-ryo\/mulgogiyong-sigpum\/\" \/>\n<meta property=\"og:locale\" content=\"ko_KR\" \/>\n<meta property=\"og:type\" content=\"article\" \/>\n<meta property=\"og:title\" content=\"\uc5b4\ub958 \uc0ac\ub8cc - Hurtowy Dystrybutor\" \/>\n<meta property=\"og:description\" content=\"\uc62c\ubc14\ub978 \uc0dd\uc120 \uc0ac\ub8cc\ub294 \ubb3c\uace0\uae30\uc758 \uc131\uc7a5\uacfc \uc0c9, \uc804\ubc18\uc801\uc778 \uc0c1\ud0dc\ub97c \uc720\uc9c0\ud558\ub294 \ub370 \ub3c4\uc6c0\uc774 \ub418\ub294 \uac74\uac15\ud55c \uc2dd\ub2e8\uc744 \uc81c\uacf5\ud569\ub2c8\ub2e4. \ub3c4\ub9e4 \uc0c1\ud488\uc744 \ud655\uc778\ud574 \ubcf4\uc138\uc694.\" \/>\n<meta property=\"og:url\" content=\"https:\/\/naturalpoland.com\/ko\/je-pum\/dong-mul-yong-won-ryo\/mulgogiyong-sigpum\/\" \/>\n<meta property=\"og:site_name\" content=\"NATURAL POLAND - Hurtowy Dystrybutor Surowc\u00f3w\" \/>\n<meta property=\"article:publisher\" content=\"https:\/\/www.facebook.com\/naturalpoland.b2b\" \/>\n<meta property=\"og:image\" content=\"https:\/\/naturalpoland.com\/wp-content\/uploads\/fish-food.jpg\" \/>\n\t<meta property=\"og:image:width\" content=\"500\" \/>\n\t<meta property=\"og:image:height\" content=\"500\" \/>\n\t<meta property=\"og:image:type\" content=\"image\/jpeg\" \/>\n<script type=\"application\/ld+json\" class=\"yoast-schema-graph\">{\"@context\":\"https:\\\/\\\/schema.org\",\"@graph\":[{\"@type\":\"WebPage\",\"@id\":\"https:\\\/\\\/naturalpoland.com\\\/ko\\\/je-pum\\\/dong-mul-yong-won-ryo\\\/mulgogiyong-sigpum\\\/\",\"url\":\"https:\\\/\\\/naturalpoland.com\\\/ko\\\/je-pum\\\/dong-mul-yong-won-ryo\\\/mulgogiyong-sigpum\\\/\",\"name\":\"\uc5b4\ub958 \uc0ac\ub8cc - Hurtowy Dystrybutor\",\"isPartOf\":{\"@id\":\"https:\\\/\\\/naturalpoland.com\\\/ko\\\/#website\"},\"primaryImageOfPage\":{\"@id\":\"https:\\\/\\\/naturalpoland.com\\\/ko\\\/je-pum\\\/dong-mul-yong-won-ryo\\\/mulgogiyong-sigpum\\\/#primaryimage\"},\"image\":{\"@id\":\"https:\\\/\\\/naturalpoland.com\\\/ko\\\/je-pum\\\/dong-mul-yong-won-ryo\\\/mulgogiyong-sigpum\\\/#primaryimage\"},\"thumbnailUrl\":\"https:\\\/\\\/naturalpoland.com\\\/wp-content\\\/uploads\\\/fish-food.jpg\",\"datePublished\":\"2025-06-24T10:56:45+00:00\",\"description\":\"\uc62c\ubc14\ub978 \uc0dd\uc120 \uc0ac\ub8cc\ub294 \ubb3c\uace0\uae30\uc758 \uc131\uc7a5\uacfc \uc0c9, \uc804\ubc18\uc801\uc778 \uc0c1\ud0dc\ub97c \uc720\uc9c0\ud558\ub294 \ub370 \ub3c4\uc6c0\uc774 \ub418\ub294 \uac74\uac15\ud55c \uc2dd\ub2e8\uc744 \uc81c\uacf5\ud569\ub2c8\ub2e4. \ub3c4\ub9e4 \uc0c1\ud488\uc744 \ud655\uc778\ud574 \ubcf4\uc138\uc694.\",\"breadcrumb\":{\"@id\":\"https:\\\/\\\/naturalpoland.com\\\/ko\\\/je-pum\\\/dong-mul-yong-won-ryo\\\/mulgogiyong-sigpum\\\/#breadcrumb\"},\"inLanguage\":\"ko-KR\",\"potentialAction\":[{\"@type\":\"ReadAction\",\"target\":[\"https:\\\/\\\/naturalpoland.com\\\/ko\\\/je-pum\\\/dong-mul-yong-won-ryo\\\/mulgogiyong-sigpum\\\/\"]}]},{\"@type\":\"ImageObject\",\"inLanguage\":\"ko-KR\",\"@id\":\"https:\\\/\\\/naturalpoland.com\\\/ko\\\/je-pum\\\/dong-mul-yong-won-ryo\\\/mulgogiyong-sigpum\\\/#primaryimage\",\"url\":\"https:\\\/\\\/naturalpoland.com\\\/wp-content\\\/uploads\\\/fish-food.jpg\",\"contentUrl\":\"https:\\\/\\\/naturalpoland.com\\\/wp-content\\\/uploads\\\/fish-food.jpg\",\"width\":500,\"height\":500,\"caption\":\"fish food\"},{\"@type\":\"BreadcrumbList\",\"@id\":\"https:\\\/\\\/naturalpoland.com\\\/ko\\\/je-pum\\\/dong-mul-yong-won-ryo\\\/mulgogiyong-sigpum\\\/#breadcrumb\",\"itemListElement\":[{\"@type\":\"ListItem\",\"position\":1,\"name\":\"\ud648\",\"item\":\"https:\\\/\\\/naturalpoland.com\\\/ko\\\/\"},{\"@type\":\"ListItem\",\"position\":2,\"name\":\"\uc81c\ud488\",\"item\":\"https:\\\/\\\/naturalpoland.com\\\/ko\\\/%ec%a0%9c%ed%92%88\\\/\"},{\"@type\":\"ListItem\",\"position\":3,\"name\":\"\uc5b4\ub958 \uc0ac\ub8cc\"}]},{\"@type\":\"WebSite\",\"@id\":\"https:\\\/\\\/naturalpoland.com\\\/ko\\\/#website\",\"url\":\"https:\\\/\\\/naturalpoland.com\\\/ko\\\/\",\"name\":\"NATURAL POLAND - Hurtowy Dystrybutor Surowc\u00f3w\",\"description\":\"Surowce dla przemys\u0142u spo\u017cywczego, kosmetycznego i farmaceutycznego\",\"publisher\":{\"@id\":\"https:\\\/\\\/naturalpoland.com\\\/ko\\\/#organization\"},\"potentialAction\":[{\"@type\":\"SearchAction\",\"target\":{\"@type\":\"EntryPoint\",\"urlTemplate\":\"https:\\\/\\\/naturalpoland.com\\\/ko\\\/?s={search_term_string}\"},\"query-input\":{\"@type\":\"PropertyValueSpecification\",\"valueRequired\":true,\"valueName\":\"search_term_string\"}}],\"inLanguage\":\"ko-KR\"},{\"@type\":\"Organization\",\"@id\":\"https:\\\/\\\/naturalpoland.com\\\/ko\\\/#organization\",\"name\":\"Natural Poland\",\"url\":\"https:\\\/\\\/naturalpoland.com\\\/ko\\\/\",\"logo\":{\"@type\":\"ImageObject\",\"inLanguage\":\"ko-KR\",\"@id\":\"https:\\\/\\\/naturalpoland.com\\\/ko\\\/#\\\/schema\\\/logo\\\/image\\\/\",\"url\":\"https:\\\/\\\/naturalpoland.com\\\/wp-content\\\/uploads\\\/2021\\\/05\\\/natural-poland-icon.png\",\"contentUrl\":\"https:\\\/\\\/naturalpoland.com\\\/wp-content\\\/uploads\\\/2021\\\/05\\\/natural-poland-icon.png\",\"width\":512,\"height\":512,\"caption\":\"Natural Poland\"},\"image\":{\"@id\":\"https:\\\/\\\/naturalpoland.com\\\/ko\\\/#\\\/schema\\\/logo\\\/image\\\/\"},\"sameAs\":[\"https:\\\/\\\/www.facebook.com\\\/naturalpoland.b2b\",\"https:\\\/\\\/pl.linkedin.com\\\/company\\\/natural-poland\",\"https:\\\/\\\/www.youtube.com\\\/channel\\\/UCgeGGkvOMahZo-xu_MSEWxg\"]}]}<\/script>\n<!-- \/ Yoast SEO plugin. -->","yoast_head_json":{"title":"\uc5b4\ub958 \uc0ac\ub8cc - Hurtowy Dystrybutor","description":"\uc62c\ubc14\ub978 \uc0dd\uc120 \uc0ac\ub8cc\ub294 \ubb3c\uace0\uae30\uc758 \uc131\uc7a5\uacfc \uc0c9, \uc804\ubc18\uc801\uc778 \uc0c1\ud0dc\ub97c \uc720\uc9c0\ud558\ub294 \ub370 \ub3c4\uc6c0\uc774 \ub418\ub294 \uac74\uac15\ud55c \uc2dd\ub2e8\uc744 \uc81c\uacf5\ud569\ub2c8\ub2e4. \ub3c4\ub9e4 \uc0c1\ud488\uc744 \ud655\uc778\ud574 \ubcf4\uc138\uc694.","robots":{"index":"index","follow":"follow","max-snippet":"max-snippet:-1","max-image-preview":"max-image-preview:large","max-video-preview":"max-video-preview:-1"},"canonical":"https:\/\/naturalpoland.com\/ko\/je-pum\/dong-mul-yong-won-ryo\/mulgogiyong-sigpum\/","og_locale":"ko_KR","og_type":"article","og_title":"\uc5b4\ub958 \uc0ac\ub8cc - Hurtowy Dystrybutor","og_description":"\uc62c\ubc14\ub978 \uc0dd\uc120 \uc0ac\ub8cc\ub294 \ubb3c\uace0\uae30\uc758 \uc131\uc7a5\uacfc \uc0c9, \uc804\ubc18\uc801\uc778 \uc0c1\ud0dc\ub97c \uc720\uc9c0\ud558\ub294 \ub370 \ub3c4\uc6c0\uc774 \ub418\ub294 \uac74\uac15\ud55c \uc2dd\ub2e8\uc744 \uc81c\uacf5\ud569\ub2c8\ub2e4. \ub3c4\ub9e4 \uc0c1\ud488\uc744 \ud655\uc778\ud574 \ubcf4\uc138\uc694.","og_url":"https:\/\/naturalpoland.com\/ko\/je-pum\/dong-mul-yong-won-ryo\/mulgogiyong-sigpum\/","og_site_name":"NATURAL POLAND - Hurtowy Dystrybutor Surowc\u00f3w","article_publisher":"https:\/\/www.facebook.com\/naturalpoland.b2b","og_image":[{"width":500,"height":500,"url":"https:\/\/naturalpoland.com\/wp-content\/uploads\/fish-food.jpg","type":"image\/jpeg"}],"schema":{"@context":"https:\/\/schema.org","@graph":[{"@type":"WebPage","@id":"https:\/\/naturalpoland.com\/ko\/je-pum\/dong-mul-yong-won-ryo\/mulgogiyong-sigpum\/","url":"https:\/\/naturalpoland.com\/ko\/je-pum\/dong-mul-yong-won-ryo\/mulgogiyong-sigpum\/","name":"\uc5b4\ub958 \uc0ac\ub8cc - Hurtowy Dystrybutor","isPartOf":{"@id":"https:\/\/naturalpoland.com\/ko\/#website"},"primaryImageOfPage":{"@id":"https:\/\/naturalpoland.com\/ko\/je-pum\/dong-mul-yong-won-ryo\/mulgogiyong-sigpum\/#primaryimage"},"image":{"@id":"https:\/\/naturalpoland.com\/ko\/je-pum\/dong-mul-yong-won-ryo\/mulgogiyong-sigpum\/#primaryimage"},"thumbnailUrl":"https:\/\/naturalpoland.com\/wp-content\/uploads\/fish-food.jpg","datePublished":"2025-06-24T10:56:45+00:00","description":"\uc62c\ubc14\ub978 \uc0dd\uc120 \uc0ac\ub8cc\ub294 \ubb3c\uace0\uae30\uc758 \uc131\uc7a5\uacfc \uc0c9, \uc804\ubc18\uc801\uc778 \uc0c1\ud0dc\ub97c \uc720\uc9c0\ud558\ub294 \ub370 \ub3c4\uc6c0\uc774 \ub418\ub294 \uac74\uac15\ud55c \uc2dd\ub2e8\uc744 \uc81c\uacf5\ud569\ub2c8\ub2e4. \ub3c4\ub9e4 \uc0c1\ud488\uc744 \ud655\uc778\ud574 \ubcf4\uc138\uc694.","breadcrumb":{"@id":"https:\/\/naturalpoland.com\/ko\/je-pum\/dong-mul-yong-won-ryo\/mulgogiyong-sigpum\/#breadcrumb"},"inLanguage":"ko-KR","potentialAction":[{"@type":"ReadAction","target":["https:\/\/naturalpoland.com\/ko\/je-pum\/dong-mul-yong-won-ryo\/mulgogiyong-sigpum\/"]}]},{"@type":"ImageObject","inLanguage":"ko-KR","@id":"https:\/\/naturalpoland.com\/ko\/je-pum\/dong-mul-yong-won-ryo\/mulgogiyong-sigpum\/#primaryimage","url":"https:\/\/naturalpoland.com\/wp-content\/uploads\/fish-food.jpg","contentUrl":"https:\/\/naturalpoland.com\/wp-content\/uploads\/fish-food.jpg","width":500,"height":500,"caption":"fish food"},{"@type":"BreadcrumbList","@id":"https:\/\/naturalpoland.com\/ko\/je-pum\/dong-mul-yong-won-ryo\/mulgogiyong-sigpum\/#breadcrumb","itemListElement":[{"@type":"ListItem","position":1,"name":"\ud648","item":"https:\/\/naturalpoland.com\/ko\/"},{"@type":"ListItem","position":2,"name":"\uc81c\ud488","item":"https:\/\/naturalpoland.com\/ko\/%ec%a0%9c%ed%92%88\/"},{"@type":"ListItem","position":3,"name":"\uc5b4\ub958 \uc0ac\ub8cc"}]},{"@type":"WebSite","@id":"https:\/\/naturalpoland.com\/ko\/#website","url":"https:\/\/naturalpoland.com\/ko\/","name":"NATURAL POLAND - Hurtowy Dystrybutor Surowc\u00f3w","description":"Surowce dla przemys\u0142u spo\u017cywczego, kosmetycznego i farmaceutycznego","publisher":{"@id":"https:\/\/naturalpoland.com\/ko\/#organization"},"potentialAction":[{"@type":"SearchAction","target":{"@type":"EntryPoint","urlTemplate":"https:\/\/naturalpoland.com\/ko\/?s={search_term_string}"},"query-input":{"@type":"PropertyValueSpecification","valueRequired":true,"valueName":"search_term_string"}}],"inLanguage":"ko-KR"},{"@type":"Organization","@id":"https:\/\/naturalpoland.com\/ko\/#organization","name":"Natural Poland","url":"https:\/\/naturalpoland.com\/ko\/","logo":{"@type":"ImageObject","inLanguage":"ko-KR","@id":"https:\/\/naturalpoland.com\/ko\/#\/schema\/logo\/image\/","url":"https:\/\/naturalpoland.com\/wp-content\/uploads\/2021\/05\/natural-poland-icon.png","contentUrl":"https:\/\/naturalpoland.com\/wp-content\/uploads\/2021\/05\/natural-poland-icon.png","width":512,"height":512,"caption":"Natural Poland"},"image":{"@id":"https:\/\/naturalpoland.com\/ko\/#\/schema\/logo\/image\/"},"sameAs":["https:\/\/www.facebook.com\/naturalpoland.b2b","https:\/\/pl.linkedin.com\/company\/natural-poland","https:\/\/www.youtube.com\/channel\/UCgeGGkvOMahZo-xu_MSEWxg"]}]}},"_links":{"self":[{"href":"https:\/\/naturalpoland.com\/ko\/wp-json\/wp\/v2\/product\/41618","targetHints":{"allow":["GET"]}}],"collection":[{"href":"https:\/\/naturalpoland.com\/ko\/wp-json\/wp\/v2\/product"}],"about":[{"href":"https:\/\/naturalpoland.com\/ko\/wp-json\/wp\/v2\/types\/product"}],"wp:featuredmedia":[{"embeddable":true,"href":"https:\/\/naturalpoland.com\/ko\/wp-json\/wp\/v2\/media\/41619"}],"wp:attachment":[{"href":"https:\/\/naturalpoland.com\/ko\/wp-json\/wp\/v2\/media?parent=41618"}],"wp:term":[{"taxonomy":"product_brand","embeddable":true,"href":"https:\/\/naturalpoland.com\/ko\/wp-json\/wp\/v2\/product_brand?post=41618"},{"taxonomy":"product_cat","embeddable":true,"href":"https:\/\/naturalpoland.com\/ko\/wp-json\/wp\/v2\/product_cat?post=41618"},{"taxonomy":"product_tag","embeddable":true,"href":"https:\/\/naturalpoland.com\/ko\/wp-json\/wp\/v2\/product_tag?post=41618"}],"curies":[{"name":"wp","href":"https:\/\/api.w.org\/{rel}","templated":true}]}}