{"id":41621,"date":"2021-05-11T13:41:45","date_gmt":"2025-06-24T11:06:50","guid":{"rendered":"https:\/\/naturalpoland.com\/produkty\/uncategorized\/jeniseu-cuculmul\/"},"modified":"2025-06-24T13:06:50","modified_gmt":"2025-06-24T11:06:50","slug":"jeniseu-cuculmul","status":"publish","type":"product","link":"https:\/\/naturalpoland.com\/ko\/je-pum\/sig-mul-chu-chul-mul\/jeniseu-cuculmul\/","title":{"rendered":"\uc778\uc0bc \ucd94\ucd9c\ubb3c"},"content":{"rendered":"<p>\uc778\uc0bc\uc758 \ud575\uc2ec \ud65c\uc131 \uc131\ubd84\uc740 <strong>\uc9c4\uc138\ub178\uc0ac\uc774\ub4dc(Ginsenosides)<\/strong>\ub85c, \ub2e4\uc591\ud55c \uac74\uac15 \uc99d\uc9c4 \ud6a8\uacfc\ub97c \ub098\ud0c0\ub0c5\ub2c8\ub2e4. \uadf8\uc911 \ud558\ub098\ub294 \uc554\uc138\ud3ec \uc5b5\uc81c \uc791\uc6a9\uc73c\ub85c, \uc554\uc138\ud3ec \uc81c\uac70\uc5d0 \uae30\uc5ec\ud569\ub2c8\ub2e4. \ub610\ud55c \uc9c4\uc138\ub178\uc0ac\uc774\ub4dc\ub294 \uba74\uc5ed \uccb4\uacc4\ub97c \uac15\ud654\ud558\uc5ec \uac10\uc5fc\uacfc \uc9c8\ubcd1\uc5d0 \ub300\ud55c \uc2e0\uccb4 \uc800\ud56d\ub825\uc744 \ub192\uc5ec\uc90d\ub2c8\ub2e4.  <\/p>\n<p><a href=\"https:\/\/naturalpoland.com\/ko\/ka-te-go-ri\/hwa-jang-pum-won-ryo\/\">\ud654\uc7a5\ud488 \uc0b0\uc5c5\uc5d0\uc11c<\/a> \uc778\uc0bc \ucd94\ucd9c\ubb3c\uc740 \uc548\ud2f0\uc5d0\uc774\uc9d5(\ub178\ud654 \ubc29\uc9c0) \ud6a8\uacfc\ub85c \ub192\uc774 \ud3c9\uac00\ub429\ub2c8\ub2e4. \ucd94\ucd9c\ubb3c\uc5d0 \ud568\uc720\ub41c \ud56d\uc0b0\ud654 \uc131\ubd84\uc740 \uc790\uc720 \ub77c\ub514\uce7c\uc758 \uc720\ud574 \uc791\uc6a9\uc73c\ub85c\ubd80\ud130 \ud53c\ubd80\ub97c \ubcf4\ud638\ud558\uc5ec \ub178\ud654 \uacfc\uc815\uc744 \ub2a6\ucd94\ub294 \ub370 \ub3c4\uc6c0\uc744 \uc90d\ub2c8\ub2e4. \uc815\uae30\uc801\uc778 \uc0ac\uc6a9\uc740 \ud53c\ubd80\uc758 \ud608\uc561 \uc21c\ud658\uacfc \uc7ac\uc0dd\uc744 \uac1c\uc120\ud558\uc5ec \uc601\uc591 \uacf5\uae09\uacfc \uc138\ud3ec \uc7ac\uc0dd\uc744 \ucd09\uc9c4\ud569\ub2c8\ub2e4. \ub610\ud55c \uc140\ub8f0\ub77c\uc774\ud2b8 \uac10\uc18c\uc5d0 \ub3c4\uc6c0\uc744 \uc8fc\uc5b4 \uad70\uc0b4 \uc81c\uac70 \ubc0f \ubc14\ub514 \ub77c\uc778 \uad00\ub9ac \uc81c\ud488\uc5d0\ub3c4 \uc720\uc6a9\ud558\uac8c \uc0ac\uc6a9\ub429\ub2c8\ub2e4.   <\/p>\n<p>\uc778\uc0bc \ucd94\ucd9c\ubb3c\uc740 \uc2dd\ud488 \ubd84\uc57c\uc5d0\uc11c\ub3c4 <a href=\"https:\/\/naturalpoland.com\/ko\/ka-te-go-ri\/ui-yak-pum-won-ryo\/geon-gang-gi-neung-sig-pum-cheom-ga-mul\/\">\uac74\uac15\uae30\ub2a5\uc2dd\ud488\uc758 \uc6d0\ub8cc<\/a>\ub85c \uc0ac\uc6a9\ub418\uba70, \uc804\ubc18\uc801\uc778 \ud65c\ub825\uacfc \uccb4\ub825 \uc99d\uc9c4\uc744 \uc9c0\uc6d0\ud569\ub2c8\ub2e4. \uc801\uc751\uc6d0(adaptogen) \ud2b9\uc131\uc744 \uac00\uc9c0\uace0 \uc788\uc5b4 \uc2a4\ud2b8\ub808\uc2a4\uc640 \ud53c\ub85c\uc5d0 \ub300\ucc98\ud558\ub294 \ub370 \ub3c4\uc6c0\uc744 \uc90d\ub2c8\ub2e4. <\/p>\n<p>\uc774 \uc81c\ud488\uc758 \ud488\uc9c8 \uad00\ub9ac\ub294 \ub9e4\uc6b0 \uc5c4\uaca9\ud558\uac8c \uc774\ub8e8\uc5b4\uc9d1\ub2c8\ub2e4. HPLC \ubd84\uc11d\uc73c\ub85c \ub192\uc740 \uc9c4\uc138\ub178\uc0ac\uc774\ub4dc \ud568\ub7c9\uc774 \ud655\uc778\ub418\uba70, \ubbf8\uc0dd\ubb3c \ubc0f \ud654\ud559\uc801 \ubd84\uc11d\uc744 \ud1b5\ud574 \uc548\uc804\uc131\uc774 \ubcf4\uc7a5\ub429\ub2c8\ub2e4. \uc81c\ud488\uc740 GMO, \uc911\uae08\uc18d, \ubc15\ud14c\ub9ac\uc544 \ubc0f \uacf0\ud321\uc774\uac00 \uc5c6\uc73c\uba70, \uc774\ub294 AOAC \ubc0f USP \ud14c\uc2a4\ud2b8\ub85c \uac80\uc99d\ub418\uc5c8\uc2b5\ub2c8\ub2e4.  <\/p>\n","protected":false},"excerpt":{"rendered":"<p><strong>\uc778\uc0bc \ucd94\ucd9c\ubb3c\uc740<\/strong> <em>Panax Ginseng C.A. Meyer<\/em>\uc758 \ubfcc\ub9ac\uc5d0\uc11c \ucd94\ucd9c\ub429\ub2c8\ub2e4. \uac74\uac15 \uc99d\uc9c4 \ubc0f \uc80a\uc5b4\uc9c0\uac8c \ud558\ub294 \ud6a8\ub2a5\uc744 \uac00\uc9c0\uace0 \uc788\uc2b5\ub2c8\ub2e4. <\/p>\n","protected":false},"featured_media":41622,"template":"","meta":[],"product_brand":[],"product_cat":[8134],"product_tag":[],"class_list":{"0":"post-41621","1":"product","2":"type-product","3":"status-publish","4":"has-post-thumbnail","6":"product_cat-sig-mul-chu-chul-mul","7":"pa_czesc-rosliny-root-ko","8":"pa_skladnik-aktywny-8293","10":"first","11":"instock","12":"shipping-taxable","13":"product-type-simple"},"yoast_head":"<!-- This site is optimized with the Yoast SEO plugin v27.3 - https:\/\/yoast.com\/product\/yoast-seo-wordpress\/ -->\n<title>\uc778\uc0bc \ucd94\ucd9c\ubb3c - Hurtowy Dystrybutor<\/title>\n<meta name=\"description\" content=\"\uc778\uc0bc \ucd94\ucd9c\ubb3c\uc740 \uac15\ub825\ud55c \uc138\ud3ec \ub3c5\uc131, \ud56d\ubc14\uc774\ub7ec\uc2a4, \ud65c\ub825\uc744 \ub418\ucc3e\uc544\uc8fc\ub294 \ud6a8\ub2a5\uc774 \uc788\uc5b4 \ubd88\ub85c\uc7a5\uc0dd\uc758 \ubb18\uc57d\uc73c\ub85c \ubd88\ub9ac\uae30\ub3c4 \ud569\ub2c8\ub2e4.\" \/>\n<meta name=\"robots\" content=\"index, follow, max-snippet:-1, max-image-preview:large, max-video-preview:-1\" \/>\n<link rel=\"canonical\" href=\"https:\/\/naturalpoland.com\/ko\/je-pum\/sig-mul-chu-chul-mul\/jeniseu-cuculmul\/\" \/>\n<meta property=\"og:locale\" content=\"ko_KR\" \/>\n<meta property=\"og:type\" content=\"article\" \/>\n<meta property=\"og:title\" content=\"\uc778\uc0bc \ucd94\ucd9c\ubb3c - Hurtowy Dystrybutor\" \/>\n<meta property=\"og:description\" content=\"\uc778\uc0bc \ucd94\ucd9c\ubb3c\uc740 \uac15\ub825\ud55c \uc138\ud3ec \ub3c5\uc131, \ud56d\ubc14\uc774\ub7ec\uc2a4, \ud65c\ub825\uc744 \ub418\ucc3e\uc544\uc8fc\ub294 \ud6a8\ub2a5\uc774 \uc788\uc5b4 \ubd88\ub85c\uc7a5\uc0dd\uc758 \ubb18\uc57d\uc73c\ub85c \ubd88\ub9ac\uae30\ub3c4 \ud569\ub2c8\ub2e4.\" \/>\n<meta property=\"og:url\" content=\"https:\/\/naturalpoland.com\/ko\/je-pum\/sig-mul-chu-chul-mul\/jeniseu-cuculmul\/\" \/>\n<meta property=\"og:site_name\" content=\"NATURAL POLAND - Hurtowy Dystrybutor Surowc\u00f3w\" \/>\n<meta property=\"article:publisher\" content=\"https:\/\/www.facebook.com\/naturalpoland.b2b\" \/>\n<meta property=\"og:image\" content=\"https:\/\/naturalpoland.com\/wp-content\/uploads\/panax_ginseng_extract.webp\" \/>\n\t<meta property=\"og:image:width\" content=\"426\" \/>\n\t<meta property=\"og:image:height\" content=\"426\" \/>\n\t<meta property=\"og:image:type\" content=\"image\/webp\" \/>\n<script type=\"application\/ld+json\" class=\"yoast-schema-graph\">{\"@context\":\"https:\\\/\\\/schema.org\",\"@graph\":[{\"@type\":\"WebPage\",\"@id\":\"https:\\\/\\\/naturalpoland.com\\\/ko\\\/je-pum\\\/sig-mul-chu-chul-mul\\\/jeniseu-cuculmul\\\/\",\"url\":\"https:\\\/\\\/naturalpoland.com\\\/ko\\\/je-pum\\\/sig-mul-chu-chul-mul\\\/jeniseu-cuculmul\\\/\",\"name\":\"\uc778\uc0bc \ucd94\ucd9c\ubb3c - Hurtowy Dystrybutor\",\"isPartOf\":{\"@id\":\"https:\\\/\\\/naturalpoland.com\\\/ko\\\/#website\"},\"primaryImageOfPage\":{\"@id\":\"https:\\\/\\\/naturalpoland.com\\\/ko\\\/je-pum\\\/sig-mul-chu-chul-mul\\\/jeniseu-cuculmul\\\/#primaryimage\"},\"image\":{\"@id\":\"https:\\\/\\\/naturalpoland.com\\\/ko\\\/je-pum\\\/sig-mul-chu-chul-mul\\\/jeniseu-cuculmul\\\/#primaryimage\"},\"thumbnailUrl\":\"https:\\\/\\\/naturalpoland.com\\\/wp-content\\\/uploads\\\/panax_ginseng_extract.webp\",\"datePublished\":\"2025-06-24T11:06:50+00:00\",\"description\":\"\uc778\uc0bc \ucd94\ucd9c\ubb3c\uc740 \uac15\ub825\ud55c \uc138\ud3ec \ub3c5\uc131, \ud56d\ubc14\uc774\ub7ec\uc2a4, \ud65c\ub825\uc744 \ub418\ucc3e\uc544\uc8fc\ub294 \ud6a8\ub2a5\uc774 \uc788\uc5b4 \ubd88\ub85c\uc7a5\uc0dd\uc758 \ubb18\uc57d\uc73c\ub85c \ubd88\ub9ac\uae30\ub3c4 \ud569\ub2c8\ub2e4.\",\"breadcrumb\":{\"@id\":\"https:\\\/\\\/naturalpoland.com\\\/ko\\\/je-pum\\\/sig-mul-chu-chul-mul\\\/jeniseu-cuculmul\\\/#breadcrumb\"},\"inLanguage\":\"ko-KR\",\"potentialAction\":[{\"@type\":\"ReadAction\",\"target\":[\"https:\\\/\\\/naturalpoland.com\\\/ko\\\/je-pum\\\/sig-mul-chu-chul-mul\\\/jeniseu-cuculmul\\\/\"]}]},{\"@type\":\"ImageObject\",\"inLanguage\":\"ko-KR\",\"@id\":\"https:\\\/\\\/naturalpoland.com\\\/ko\\\/je-pum\\\/sig-mul-chu-chul-mul\\\/jeniseu-cuculmul\\\/#primaryimage\",\"url\":\"https:\\\/\\\/naturalpoland.com\\\/wp-content\\\/uploads\\\/panax_ginseng_extract.webp\",\"contentUrl\":\"https:\\\/\\\/naturalpoland.com\\\/wp-content\\\/uploads\\\/panax_ginseng_extract.webp\",\"width\":426,\"height\":426,\"caption\":\"proszkowy ekstrakt z \u017ce\u0144-szenia\"},{\"@type\":\"BreadcrumbList\",\"@id\":\"https:\\\/\\\/naturalpoland.com\\\/ko\\\/je-pum\\\/sig-mul-chu-chul-mul\\\/jeniseu-cuculmul\\\/#breadcrumb\",\"itemListElement\":[{\"@type\":\"ListItem\",\"position\":1,\"name\":\"\ud648\",\"item\":\"https:\\\/\\\/naturalpoland.com\\\/ko\\\/\"},{\"@type\":\"ListItem\",\"position\":2,\"name\":\"\uc81c\ud488\",\"item\":\"https:\\\/\\\/naturalpoland.com\\\/ko\\\/%ec%a0%9c%ed%92%88\\\/\"},{\"@type\":\"ListItem\",\"position\":3,\"name\":\"\uc778\uc0bc \ucd94\ucd9c\ubb3c\"}]},{\"@type\":\"WebSite\",\"@id\":\"https:\\\/\\\/naturalpoland.com\\\/ko\\\/#website\",\"url\":\"https:\\\/\\\/naturalpoland.com\\\/ko\\\/\",\"name\":\"NATURAL POLAND - Hurtowy Dystrybutor Surowc\u00f3w\",\"description\":\"Surowce dla przemys\u0142u spo\u017cywczego, kosmetycznego i farmaceutycznego\",\"publisher\":{\"@id\":\"https:\\\/\\\/naturalpoland.com\\\/ko\\\/#organization\"},\"potentialAction\":[{\"@type\":\"SearchAction\",\"target\":{\"@type\":\"EntryPoint\",\"urlTemplate\":\"https:\\\/\\\/naturalpoland.com\\\/ko\\\/?s={search_term_string}\"},\"query-input\":{\"@type\":\"PropertyValueSpecification\",\"valueRequired\":true,\"valueName\":\"search_term_string\"}}],\"inLanguage\":\"ko-KR\"},{\"@type\":\"Organization\",\"@id\":\"https:\\\/\\\/naturalpoland.com\\\/ko\\\/#organization\",\"name\":\"Natural Poland\",\"url\":\"https:\\\/\\\/naturalpoland.com\\\/ko\\\/\",\"logo\":{\"@type\":\"ImageObject\",\"inLanguage\":\"ko-KR\",\"@id\":\"https:\\\/\\\/naturalpoland.com\\\/ko\\\/#\\\/schema\\\/logo\\\/image\\\/\",\"url\":\"https:\\\/\\\/naturalpoland.com\\\/wp-content\\\/uploads\\\/2021\\\/05\\\/natural-poland-icon.png\",\"contentUrl\":\"https:\\\/\\\/naturalpoland.com\\\/wp-content\\\/uploads\\\/2021\\\/05\\\/natural-poland-icon.png\",\"width\":512,\"height\":512,\"caption\":\"Natural Poland\"},\"image\":{\"@id\":\"https:\\\/\\\/naturalpoland.com\\\/ko\\\/#\\\/schema\\\/logo\\\/image\\\/\"},\"sameAs\":[\"https:\\\/\\\/www.facebook.com\\\/naturalpoland.b2b\",\"https:\\\/\\\/pl.linkedin.com\\\/company\\\/natural-poland\",\"https:\\\/\\\/www.youtube.com\\\/channel\\\/UCgeGGkvOMahZo-xu_MSEWxg\"]}]}<\/script>\n<!-- \/ Yoast SEO plugin. -->","yoast_head_json":{"title":"\uc778\uc0bc \ucd94\ucd9c\ubb3c - Hurtowy Dystrybutor","description":"\uc778\uc0bc \ucd94\ucd9c\ubb3c\uc740 \uac15\ub825\ud55c \uc138\ud3ec \ub3c5\uc131, \ud56d\ubc14\uc774\ub7ec\uc2a4, \ud65c\ub825\uc744 \ub418\ucc3e\uc544\uc8fc\ub294 \ud6a8\ub2a5\uc774 \uc788\uc5b4 \ubd88\ub85c\uc7a5\uc0dd\uc758 \ubb18\uc57d\uc73c\ub85c \ubd88\ub9ac\uae30\ub3c4 \ud569\ub2c8\ub2e4.","robots":{"index":"index","follow":"follow","max-snippet":"max-snippet:-1","max-image-preview":"max-image-preview:large","max-video-preview":"max-video-preview:-1"},"canonical":"https:\/\/naturalpoland.com\/ko\/je-pum\/sig-mul-chu-chul-mul\/jeniseu-cuculmul\/","og_locale":"ko_KR","og_type":"article","og_title":"\uc778\uc0bc \ucd94\ucd9c\ubb3c - Hurtowy Dystrybutor","og_description":"\uc778\uc0bc \ucd94\ucd9c\ubb3c\uc740 \uac15\ub825\ud55c \uc138\ud3ec \ub3c5\uc131, \ud56d\ubc14\uc774\ub7ec\uc2a4, \ud65c\ub825\uc744 \ub418\ucc3e\uc544\uc8fc\ub294 \ud6a8\ub2a5\uc774 \uc788\uc5b4 \ubd88\ub85c\uc7a5\uc0dd\uc758 \ubb18\uc57d\uc73c\ub85c \ubd88\ub9ac\uae30\ub3c4 \ud569\ub2c8\ub2e4.","og_url":"https:\/\/naturalpoland.com\/ko\/je-pum\/sig-mul-chu-chul-mul\/jeniseu-cuculmul\/","og_site_name":"NATURAL POLAND - Hurtowy Dystrybutor Surowc\u00f3w","article_publisher":"https:\/\/www.facebook.com\/naturalpoland.b2b","og_image":[{"width":426,"height":426,"url":"https:\/\/naturalpoland.com\/wp-content\/uploads\/panax_ginseng_extract.webp","type":"image\/webp"}],"schema":{"@context":"https:\/\/schema.org","@graph":[{"@type":"WebPage","@id":"https:\/\/naturalpoland.com\/ko\/je-pum\/sig-mul-chu-chul-mul\/jeniseu-cuculmul\/","url":"https:\/\/naturalpoland.com\/ko\/je-pum\/sig-mul-chu-chul-mul\/jeniseu-cuculmul\/","name":"\uc778\uc0bc \ucd94\ucd9c\ubb3c - Hurtowy Dystrybutor","isPartOf":{"@id":"https:\/\/naturalpoland.com\/ko\/#website"},"primaryImageOfPage":{"@id":"https:\/\/naturalpoland.com\/ko\/je-pum\/sig-mul-chu-chul-mul\/jeniseu-cuculmul\/#primaryimage"},"image":{"@id":"https:\/\/naturalpoland.com\/ko\/je-pum\/sig-mul-chu-chul-mul\/jeniseu-cuculmul\/#primaryimage"},"thumbnailUrl":"https:\/\/naturalpoland.com\/wp-content\/uploads\/panax_ginseng_extract.webp","datePublished":"2025-06-24T11:06:50+00:00","description":"\uc778\uc0bc \ucd94\ucd9c\ubb3c\uc740 \uac15\ub825\ud55c \uc138\ud3ec \ub3c5\uc131, \ud56d\ubc14\uc774\ub7ec\uc2a4, \ud65c\ub825\uc744 \ub418\ucc3e\uc544\uc8fc\ub294 \ud6a8\ub2a5\uc774 \uc788\uc5b4 \ubd88\ub85c\uc7a5\uc0dd\uc758 \ubb18\uc57d\uc73c\ub85c \ubd88\ub9ac\uae30\ub3c4 \ud569\ub2c8\ub2e4.","breadcrumb":{"@id":"https:\/\/naturalpoland.com\/ko\/je-pum\/sig-mul-chu-chul-mul\/jeniseu-cuculmul\/#breadcrumb"},"inLanguage":"ko-KR","potentialAction":[{"@type":"ReadAction","target":["https:\/\/naturalpoland.com\/ko\/je-pum\/sig-mul-chu-chul-mul\/jeniseu-cuculmul\/"]}]},{"@type":"ImageObject","inLanguage":"ko-KR","@id":"https:\/\/naturalpoland.com\/ko\/je-pum\/sig-mul-chu-chul-mul\/jeniseu-cuculmul\/#primaryimage","url":"https:\/\/naturalpoland.com\/wp-content\/uploads\/panax_ginseng_extract.webp","contentUrl":"https:\/\/naturalpoland.com\/wp-content\/uploads\/panax_ginseng_extract.webp","width":426,"height":426,"caption":"proszkowy ekstrakt z \u017ce\u0144-szenia"},{"@type":"BreadcrumbList","@id":"https:\/\/naturalpoland.com\/ko\/je-pum\/sig-mul-chu-chul-mul\/jeniseu-cuculmul\/#breadcrumb","itemListElement":[{"@type":"ListItem","position":1,"name":"\ud648","item":"https:\/\/naturalpoland.com\/ko\/"},{"@type":"ListItem","position":2,"name":"\uc81c\ud488","item":"https:\/\/naturalpoland.com\/ko\/%ec%a0%9c%ed%92%88\/"},{"@type":"ListItem","position":3,"name":"\uc778\uc0bc \ucd94\ucd9c\ubb3c"}]},{"@type":"WebSite","@id":"https:\/\/naturalpoland.com\/ko\/#website","url":"https:\/\/naturalpoland.com\/ko\/","name":"NATURAL POLAND - Hurtowy Dystrybutor Surowc\u00f3w","description":"Surowce dla przemys\u0142u spo\u017cywczego, kosmetycznego i farmaceutycznego","publisher":{"@id":"https:\/\/naturalpoland.com\/ko\/#organization"},"potentialAction":[{"@type":"SearchAction","target":{"@type":"EntryPoint","urlTemplate":"https:\/\/naturalpoland.com\/ko\/?s={search_term_string}"},"query-input":{"@type":"PropertyValueSpecification","valueRequired":true,"valueName":"search_term_string"}}],"inLanguage":"ko-KR"},{"@type":"Organization","@id":"https:\/\/naturalpoland.com\/ko\/#organization","name":"Natural Poland","url":"https:\/\/naturalpoland.com\/ko\/","logo":{"@type":"ImageObject","inLanguage":"ko-KR","@id":"https:\/\/naturalpoland.com\/ko\/#\/schema\/logo\/image\/","url":"https:\/\/naturalpoland.com\/wp-content\/uploads\/2021\/05\/natural-poland-icon.png","contentUrl":"https:\/\/naturalpoland.com\/wp-content\/uploads\/2021\/05\/natural-poland-icon.png","width":512,"height":512,"caption":"Natural Poland"},"image":{"@id":"https:\/\/naturalpoland.com\/ko\/#\/schema\/logo\/image\/"},"sameAs":["https:\/\/www.facebook.com\/naturalpoland.b2b","https:\/\/pl.linkedin.com\/company\/natural-poland","https:\/\/www.youtube.com\/channel\/UCgeGGkvOMahZo-xu_MSEWxg"]}]}},"_links":{"self":[{"href":"https:\/\/naturalpoland.com\/ko\/wp-json\/wp\/v2\/product\/41621","targetHints":{"allow":["GET"]}}],"collection":[{"href":"https:\/\/naturalpoland.com\/ko\/wp-json\/wp\/v2\/product"}],"about":[{"href":"https:\/\/naturalpoland.com\/ko\/wp-json\/wp\/v2\/types\/product"}],"wp:featuredmedia":[{"embeddable":true,"href":"https:\/\/naturalpoland.com\/ko\/wp-json\/wp\/v2\/media\/41622"}],"wp:attachment":[{"href":"https:\/\/naturalpoland.com\/ko\/wp-json\/wp\/v2\/media?parent=41621"}],"wp:term":[{"taxonomy":"product_brand","embeddable":true,"href":"https:\/\/naturalpoland.com\/ko\/wp-json\/wp\/v2\/product_brand?post=41621"},{"taxonomy":"product_cat","embeddable":true,"href":"https:\/\/naturalpoland.com\/ko\/wp-json\/wp\/v2\/product_cat?post=41621"},{"taxonomy":"product_tag","embeddable":true,"href":"https:\/\/naturalpoland.com\/ko\/wp-json\/wp\/v2\/product_tag?post=41621"}],"curies":[{"name":"wp","href":"https:\/\/api.w.org\/{rel}","templated":true}]}}