{"id":41626,"date":"2021-06-28T12:56:44","date_gmt":"2025-06-24T11:21:03","guid":{"rendered":"https:\/\/naturalpoland.com\/produkty\/uncategorized\/oil-kokoneos\/"},"modified":"2025-06-24T13:21:03","modified_gmt":"2025-06-24T11:21:03","slug":"oil-kokoneos","status":"publish","type":"product","link":"https:\/\/naturalpoland.com\/ko\/je-pum\/sig-yong-mit-hwa-jang-pum-yong-o-il\/oil-kokoneos\/","title":{"rendered":"\ucf54\ucf54\ub11b \uc624\uc77c"},"content":{"rendered":"<p>\uc81c\ud488\uc758 MSDS(\ubb3c\uc9c8\uc548\uc804\ubcf4\uac74\uc790\ub8cc)\ub97c \uc6d0\ud558\uc2dc\uba74 \ubb38\uc758\ud574 \uc8fc\uc2dc\uae30 \ubc14\ub78d\ub2c8\ub2e4.<\/p>\n<p>\ucf54\ucf54\ub11b \uacfc\uc721\uc5d0\uc11c \uc5bb\uc740 \uc624\uc77c\uc740 \uc2dd\ud488 \uc0b0\uc5c5\ubfd0\ub9cc \uc544\ub2c8\ub77c \ud654\uc7a5\ud488 \uc0b0\uc5c5\uc5d0\uc11c\ub3c4 \ub2e4\uc591\ud55c \uc6a9\ub3c4\ub85c \uc0ac\uc6a9\ub429\ub2c8\ub2e4.<\/p>\n<p><strong>\uc815\uc81c\ub418\uc9c0 \uc54a\uc740 \ucf54\ucf54\ub11b \uc624\uc77c<\/strong>(\ucf54\ucf54\ub11b \uace0\uc720\uc758 \ub9db\uacfc \ud5a5)\uc740 \ub6f0\uc5b4\ub09c \ubcf4\uc2b5 \ud6a8\uacfc\ub97c \uac00\uc9c0\uace0 \uc788\uc5b4 \ud53c\ubd80\ub97c \ucd09\ucd09\ud558\uac8c \uc720\uc9c0\uc2dc\ucf1c\uc90d\ub2c8\ub2e4. \uc790\uc720 \ub77c\ub514\uce7c \uc0dd\uc131\uc744 \uc5b5\uc81c\ud558\uc5ec \ud53c\ubd80\uc758 \uc2e0\uc120\ud568\uacfc \ud0c4\ub825\uc744 \uc720\uc9c0\ud558\ub294 \ub370 \ub3c4\uc6c0\uc744 \uc90d\ub2c8\ub2e4. \ud5e4\uc5b4 \ucee8\ub514\uc154\ub108, \uad6c\uac15 \uc138\uc815\uc81c \ub610\ub294 \uc250\uc774\ube59 \ud3fc \ub300\uc6a9\uc73c\ub85c \uc0ac\uc6a9\ud560 \uc218 \uc788\uc2b5\ub2c8\ub2e4.  <\/p>\n<p>\ub9db\uacfc \ud5a5\uc774 \uc5c6\ub294 <strong>\uc815\uc81c \ucf54\ucf54\ub11b \uc624\uc77c<\/strong>\uc740 \ubca0\uc774\ud0b9, \ud280\uae40 \uc694\ub9ac \ubc0f \ube75\uc5d0 \ubc1c\ub77c \uba39\ub294 \ub370 \uc801\ud569\ud569\ub2c8\ub2e4.<\/p>\n<p>\uc800\uc628 \uc555\ucc29 \ubc29\uc2dd\uc73c\ub85c \uc81c\uc870\ub418\uc5b4 \uc2e0\uc120\ub3c4\uac00 \uc624\ub798 \uc720\uc9c0\ub429\ub2c8\ub2e4.<\/p>\n","protected":false},"excerpt":{"rendered":"<p>\uace0\ud488\uc9c8 <strong>\ubc84\uc9c4 \ucf54\ucf54\ub11b \uc624\uc77c<\/strong> \u2013 \ub3c4\ub9e4 \uacf5\uae09\uc5c5\uccb4<br \/>\ucf54\ucf54\ub11b \uc624\uc77c\uc740 \uc81c\uc57d \ubc0f \ud654\uc7a5\ud488 \uc0b0\uc5c5\uc5d0\uc11c \uc0ac\uc6a9\ub429\ub2c8\ub2e4. <\/p>\n<p>\uc81c\ud488\uc740 \uc548\uc804\ud558\uba70 \ud53c\ubd80\uc5d0 \uc790\uadf9\uc744 \uc8fc\uc9c0 \uc54a\uc2b5\ub2c8\ub2e4. \ud654\uc7a5\ud488 \uc81c\ud488\uc5d0\uc11c\ub294 \ub2e4\ub978 \uc131\ubd84\uc744 \ub179\uc774\ub294 \uc6a9\ub9e4 \uc5ed\ud560\uc744 \ud558\uba70, \ub3d9\uc2dc\uc5d0 \ud53c\ubd80\ub97c \ubcf4\uc2b5\ud558\uace0 \ubd80\ub4dc\ub7fd\uac8c \ud574\uc90d\ub2c8\ub2e4. \ucf54\ucf54\ub11b \uc624\uc77c\uc740 \ubc18\uace0\uccb4 \ud615\ud0dc\ub85c, \ud770\uc0c9\uc774\uba70 \ud2b9\uc720\uc758 \ucf54\ucf54\ub11b \ud5a5\uc774 \uc788\uc2b5\ub2c8\ub2e4.   <\/p>\n","protected":false},"featured_media":41627,"template":"","meta":{"_acf_changed":false},"product_brand":[],"product_cat":[8135],"product_tag":[8297],"class_list":{"0":"post-41626","1":"product","2":"type-product","3":"status-publish","4":"has-post-thumbnail","6":"product_cat-sig-yong-mit-hwa-jang-pum-yong-o-il","7":"product_tag-8297","8":"pa_grupa-substancji-8193","10":"first","11":"instock","12":"shipping-taxable","13":"product-type-simple"},"acf":[],"yoast_head":"<!-- This site is optimized with the Yoast SEO plugin v27.4 - https:\/\/yoast.com\/product\/yoast-seo-wordpress\/ -->\n<title>\ucf54\ucf54\ub11b \uc624\uc77c - Hurtowy Dystrybutor<\/title>\n<meta name=\"description\" content=\"\uace0\ud488\uc9c8 \ubc84\uc9c4 \ucf54\ucf54\ub11b \uc624\uc77c \u2013 \ub3c4\ub9e4 \uacf5\uae09\uc5c5\uccb4. \ucf54\ucf54\ub11b \uc624\uc77c\uc740 \uc81c\uc57d \ubc0f \ud654\uc7a5\ud488 \uc0b0\uc5c5\uc5d0\uc11c \uc0ac\uc6a9\ub429\ub2c8\ub2e4.\" \/>\n<meta name=\"robots\" content=\"index, follow, max-snippet:-1, max-image-preview:large, max-video-preview:-1\" \/>\n<link rel=\"canonical\" href=\"https:\/\/naturalpoland.com\/ko\/je-pum\/sig-yong-mit-hwa-jang-pum-yong-o-il\/oil-kokoneos\/\" \/>\n<meta property=\"og:locale\" content=\"ko_KR\" \/>\n<meta property=\"og:type\" content=\"article\" \/>\n<meta property=\"og:title\" content=\"\ucf54\ucf54\ub11b \uc624\uc77c - Hurtowy Dystrybutor\" \/>\n<meta property=\"og:description\" content=\"\uace0\ud488\uc9c8 \ubc84\uc9c4 \ucf54\ucf54\ub11b \uc624\uc77c \u2013 \ub3c4\ub9e4 \uacf5\uae09\uc5c5\uccb4. \ucf54\ucf54\ub11b \uc624\uc77c\uc740 \uc81c\uc57d \ubc0f \ud654\uc7a5\ud488 \uc0b0\uc5c5\uc5d0\uc11c \uc0ac\uc6a9\ub429\ub2c8\ub2e4.\" \/>\n<meta property=\"og:url\" content=\"https:\/\/naturalpoland.com\/ko\/je-pum\/sig-yong-mit-hwa-jang-pum-yong-o-il\/oil-kokoneos\/\" \/>\n<meta property=\"og:site_name\" content=\"NATURAL POLAND - Hurtowy Dystrybutor Surowc\u00f3w\" \/>\n<meta property=\"article:publisher\" content=\"https:\/\/www.facebook.com\/naturalpoland.b2b\" \/>\n<meta property=\"og:image\" content=\"https:\/\/naturalpoland.com\/wp-content\/uploads\/olej-kokosowy.jpg\" \/>\n\t<meta property=\"og:image:width\" content=\"650\" \/>\n\t<meta property=\"og:image:height\" content=\"542\" \/>\n\t<meta property=\"og:image:type\" content=\"image\/jpeg\" \/>\n<script type=\"application\/ld+json\" class=\"yoast-schema-graph\">{\"@context\":\"https:\\\/\\\/schema.org\",\"@graph\":[{\"@type\":\"WebPage\",\"@id\":\"https:\\\/\\\/naturalpoland.com\\\/ko\\\/je-pum\\\/sig-yong-mit-hwa-jang-pum-yong-o-il\\\/oil-kokoneos\\\/\",\"url\":\"https:\\\/\\\/naturalpoland.com\\\/ko\\\/je-pum\\\/sig-yong-mit-hwa-jang-pum-yong-o-il\\\/oil-kokoneos\\\/\",\"name\":\"\ucf54\ucf54\ub11b \uc624\uc77c - Hurtowy Dystrybutor\",\"isPartOf\":{\"@id\":\"https:\\\/\\\/naturalpoland.com\\\/ko\\\/#website\"},\"primaryImageOfPage\":{\"@id\":\"https:\\\/\\\/naturalpoland.com\\\/ko\\\/je-pum\\\/sig-yong-mit-hwa-jang-pum-yong-o-il\\\/oil-kokoneos\\\/#primaryimage\"},\"image\":{\"@id\":\"https:\\\/\\\/naturalpoland.com\\\/ko\\\/je-pum\\\/sig-yong-mit-hwa-jang-pum-yong-o-il\\\/oil-kokoneos\\\/#primaryimage\"},\"thumbnailUrl\":\"https:\\\/\\\/naturalpoland.com\\\/wp-content\\\/uploads\\\/olej-kokosowy.jpg\",\"datePublished\":\"2025-06-24T11:21:03+00:00\",\"description\":\"\uace0\ud488\uc9c8 \ubc84\uc9c4 \ucf54\ucf54\ub11b \uc624\uc77c \u2013 \ub3c4\ub9e4 \uacf5\uae09\uc5c5\uccb4. \ucf54\ucf54\ub11b \uc624\uc77c\uc740 \uc81c\uc57d \ubc0f \ud654\uc7a5\ud488 \uc0b0\uc5c5\uc5d0\uc11c \uc0ac\uc6a9\ub429\ub2c8\ub2e4.\",\"breadcrumb\":{\"@id\":\"https:\\\/\\\/naturalpoland.com\\\/ko\\\/je-pum\\\/sig-yong-mit-hwa-jang-pum-yong-o-il\\\/oil-kokoneos\\\/#breadcrumb\"},\"inLanguage\":\"ko-KR\",\"potentialAction\":[{\"@type\":\"ReadAction\",\"target\":[\"https:\\\/\\\/naturalpoland.com\\\/ko\\\/je-pum\\\/sig-yong-mit-hwa-jang-pum-yong-o-il\\\/oil-kokoneos\\\/\"]}]},{\"@type\":\"ImageObject\",\"inLanguage\":\"ko-KR\",\"@id\":\"https:\\\/\\\/naturalpoland.com\\\/ko\\\/je-pum\\\/sig-yong-mit-hwa-jang-pum-yong-o-il\\\/oil-kokoneos\\\/#primaryimage\",\"url\":\"https:\\\/\\\/naturalpoland.com\\\/wp-content\\\/uploads\\\/olej-kokosowy.jpg\",\"contentUrl\":\"https:\\\/\\\/naturalpoland.com\\\/wp-content\\\/uploads\\\/olej-kokosowy.jpg\",\"width\":650,\"height\":542,\"caption\":\"olej kokosowy\"},{\"@type\":\"BreadcrumbList\",\"@id\":\"https:\\\/\\\/naturalpoland.com\\\/ko\\\/je-pum\\\/sig-yong-mit-hwa-jang-pum-yong-o-il\\\/oil-kokoneos\\\/#breadcrumb\",\"itemListElement\":[{\"@type\":\"ListItem\",\"position\":1,\"name\":\"\ud648\",\"item\":\"https:\\\/\\\/naturalpoland.com\\\/ko\\\/\"},{\"@type\":\"ListItem\",\"position\":2,\"name\":\"\uc81c\ud488\",\"item\":\"https:\\\/\\\/naturalpoland.com\\\/ko\\\/%ec%a0%9c%ed%92%88\\\/\"},{\"@type\":\"ListItem\",\"position\":3,\"name\":\"\ucf54\ucf54\ub11b \uc624\uc77c\"}]},{\"@type\":\"WebSite\",\"@id\":\"https:\\\/\\\/naturalpoland.com\\\/ko\\\/#website\",\"url\":\"https:\\\/\\\/naturalpoland.com\\\/ko\\\/\",\"name\":\"NATURAL POLAND - Hurtowy Dystrybutor Surowc\u00f3w\",\"description\":\"Surowce dla przemys\u0142u spo\u017cywczego, kosmetycznego i farmaceutycznego\",\"publisher\":{\"@id\":\"https:\\\/\\\/naturalpoland.com\\\/ko\\\/#organization\"},\"potentialAction\":[{\"@type\":\"SearchAction\",\"target\":{\"@type\":\"EntryPoint\",\"urlTemplate\":\"https:\\\/\\\/naturalpoland.com\\\/ko\\\/?s={search_term_string}\"},\"query-input\":{\"@type\":\"PropertyValueSpecification\",\"valueRequired\":true,\"valueName\":\"search_term_string\"}}],\"inLanguage\":\"ko-KR\"},{\"@type\":\"Organization\",\"@id\":\"https:\\\/\\\/naturalpoland.com\\\/ko\\\/#organization\",\"name\":\"Natural Poland\",\"url\":\"https:\\\/\\\/naturalpoland.com\\\/ko\\\/\",\"logo\":{\"@type\":\"ImageObject\",\"inLanguage\":\"ko-KR\",\"@id\":\"https:\\\/\\\/naturalpoland.com\\\/ko\\\/#\\\/schema\\\/logo\\\/image\\\/\",\"url\":\"https:\\\/\\\/naturalpoland.com\\\/wp-content\\\/uploads\\\/2021\\\/05\\\/natural-poland-icon.png\",\"contentUrl\":\"https:\\\/\\\/naturalpoland.com\\\/wp-content\\\/uploads\\\/2021\\\/05\\\/natural-poland-icon.png\",\"width\":512,\"height\":512,\"caption\":\"Natural Poland\"},\"image\":{\"@id\":\"https:\\\/\\\/naturalpoland.com\\\/ko\\\/#\\\/schema\\\/logo\\\/image\\\/\"},\"sameAs\":[\"https:\\\/\\\/www.facebook.com\\\/naturalpoland.b2b\",\"https:\\\/\\\/pl.linkedin.com\\\/company\\\/natural-poland\",\"https:\\\/\\\/www.youtube.com\\\/channel\\\/UCgeGGkvOMahZo-xu_MSEWxg\"]}]}<\/script>\n<!-- \/ Yoast SEO plugin. -->","yoast_head_json":{"title":"\ucf54\ucf54\ub11b \uc624\uc77c - Hurtowy Dystrybutor","description":"\uace0\ud488\uc9c8 \ubc84\uc9c4 \ucf54\ucf54\ub11b \uc624\uc77c \u2013 \ub3c4\ub9e4 \uacf5\uae09\uc5c5\uccb4. \ucf54\ucf54\ub11b \uc624\uc77c\uc740 \uc81c\uc57d \ubc0f \ud654\uc7a5\ud488 \uc0b0\uc5c5\uc5d0\uc11c \uc0ac\uc6a9\ub429\ub2c8\ub2e4.","robots":{"index":"index","follow":"follow","max-snippet":"max-snippet:-1","max-image-preview":"max-image-preview:large","max-video-preview":"max-video-preview:-1"},"canonical":"https:\/\/naturalpoland.com\/ko\/je-pum\/sig-yong-mit-hwa-jang-pum-yong-o-il\/oil-kokoneos\/","og_locale":"ko_KR","og_type":"article","og_title":"\ucf54\ucf54\ub11b \uc624\uc77c - Hurtowy Dystrybutor","og_description":"\uace0\ud488\uc9c8 \ubc84\uc9c4 \ucf54\ucf54\ub11b \uc624\uc77c \u2013 \ub3c4\ub9e4 \uacf5\uae09\uc5c5\uccb4. \ucf54\ucf54\ub11b \uc624\uc77c\uc740 \uc81c\uc57d \ubc0f \ud654\uc7a5\ud488 \uc0b0\uc5c5\uc5d0\uc11c \uc0ac\uc6a9\ub429\ub2c8\ub2e4.","og_url":"https:\/\/naturalpoland.com\/ko\/je-pum\/sig-yong-mit-hwa-jang-pum-yong-o-il\/oil-kokoneos\/","og_site_name":"NATURAL POLAND - Hurtowy Dystrybutor Surowc\u00f3w","article_publisher":"https:\/\/www.facebook.com\/naturalpoland.b2b","og_image":[{"width":650,"height":542,"url":"https:\/\/naturalpoland.com\/wp-content\/uploads\/olej-kokosowy.jpg","type":"image\/jpeg"}],"schema":{"@context":"https:\/\/schema.org","@graph":[{"@type":"WebPage","@id":"https:\/\/naturalpoland.com\/ko\/je-pum\/sig-yong-mit-hwa-jang-pum-yong-o-il\/oil-kokoneos\/","url":"https:\/\/naturalpoland.com\/ko\/je-pum\/sig-yong-mit-hwa-jang-pum-yong-o-il\/oil-kokoneos\/","name":"\ucf54\ucf54\ub11b \uc624\uc77c - Hurtowy Dystrybutor","isPartOf":{"@id":"https:\/\/naturalpoland.com\/ko\/#website"},"primaryImageOfPage":{"@id":"https:\/\/naturalpoland.com\/ko\/je-pum\/sig-yong-mit-hwa-jang-pum-yong-o-il\/oil-kokoneos\/#primaryimage"},"image":{"@id":"https:\/\/naturalpoland.com\/ko\/je-pum\/sig-yong-mit-hwa-jang-pum-yong-o-il\/oil-kokoneos\/#primaryimage"},"thumbnailUrl":"https:\/\/naturalpoland.com\/wp-content\/uploads\/olej-kokosowy.jpg","datePublished":"2025-06-24T11:21:03+00:00","description":"\uace0\ud488\uc9c8 \ubc84\uc9c4 \ucf54\ucf54\ub11b \uc624\uc77c \u2013 \ub3c4\ub9e4 \uacf5\uae09\uc5c5\uccb4. \ucf54\ucf54\ub11b \uc624\uc77c\uc740 \uc81c\uc57d \ubc0f \ud654\uc7a5\ud488 \uc0b0\uc5c5\uc5d0\uc11c \uc0ac\uc6a9\ub429\ub2c8\ub2e4.","breadcrumb":{"@id":"https:\/\/naturalpoland.com\/ko\/je-pum\/sig-yong-mit-hwa-jang-pum-yong-o-il\/oil-kokoneos\/#breadcrumb"},"inLanguage":"ko-KR","potentialAction":[{"@type":"ReadAction","target":["https:\/\/naturalpoland.com\/ko\/je-pum\/sig-yong-mit-hwa-jang-pum-yong-o-il\/oil-kokoneos\/"]}]},{"@type":"ImageObject","inLanguage":"ko-KR","@id":"https:\/\/naturalpoland.com\/ko\/je-pum\/sig-yong-mit-hwa-jang-pum-yong-o-il\/oil-kokoneos\/#primaryimage","url":"https:\/\/naturalpoland.com\/wp-content\/uploads\/olej-kokosowy.jpg","contentUrl":"https:\/\/naturalpoland.com\/wp-content\/uploads\/olej-kokosowy.jpg","width":650,"height":542,"caption":"olej kokosowy"},{"@type":"BreadcrumbList","@id":"https:\/\/naturalpoland.com\/ko\/je-pum\/sig-yong-mit-hwa-jang-pum-yong-o-il\/oil-kokoneos\/#breadcrumb","itemListElement":[{"@type":"ListItem","position":1,"name":"\ud648","item":"https:\/\/naturalpoland.com\/ko\/"},{"@type":"ListItem","position":2,"name":"\uc81c\ud488","item":"https:\/\/naturalpoland.com\/ko\/%ec%a0%9c%ed%92%88\/"},{"@type":"ListItem","position":3,"name":"\ucf54\ucf54\ub11b \uc624\uc77c"}]},{"@type":"WebSite","@id":"https:\/\/naturalpoland.com\/ko\/#website","url":"https:\/\/naturalpoland.com\/ko\/","name":"NATURAL POLAND - Hurtowy Dystrybutor Surowc\u00f3w","description":"Surowce dla przemys\u0142u spo\u017cywczego, kosmetycznego i farmaceutycznego","publisher":{"@id":"https:\/\/naturalpoland.com\/ko\/#organization"},"potentialAction":[{"@type":"SearchAction","target":{"@type":"EntryPoint","urlTemplate":"https:\/\/naturalpoland.com\/ko\/?s={search_term_string}"},"query-input":{"@type":"PropertyValueSpecification","valueRequired":true,"valueName":"search_term_string"}}],"inLanguage":"ko-KR"},{"@type":"Organization","@id":"https:\/\/naturalpoland.com\/ko\/#organization","name":"Natural Poland","url":"https:\/\/naturalpoland.com\/ko\/","logo":{"@type":"ImageObject","inLanguage":"ko-KR","@id":"https:\/\/naturalpoland.com\/ko\/#\/schema\/logo\/image\/","url":"https:\/\/naturalpoland.com\/wp-content\/uploads\/2021\/05\/natural-poland-icon.png","contentUrl":"https:\/\/naturalpoland.com\/wp-content\/uploads\/2021\/05\/natural-poland-icon.png","width":512,"height":512,"caption":"Natural Poland"},"image":{"@id":"https:\/\/naturalpoland.com\/ko\/#\/schema\/logo\/image\/"},"sameAs":["https:\/\/www.facebook.com\/naturalpoland.b2b","https:\/\/pl.linkedin.com\/company\/natural-poland","https:\/\/www.youtube.com\/channel\/UCgeGGkvOMahZo-xu_MSEWxg"]}]}},"_links":{"self":[{"href":"https:\/\/naturalpoland.com\/ko\/wp-json\/wp\/v2\/product\/41626","targetHints":{"allow":["GET"]}}],"collection":[{"href":"https:\/\/naturalpoland.com\/ko\/wp-json\/wp\/v2\/product"}],"about":[{"href":"https:\/\/naturalpoland.com\/ko\/wp-json\/wp\/v2\/types\/product"}],"wp:featuredmedia":[{"embeddable":true,"href":"https:\/\/naturalpoland.com\/ko\/wp-json\/wp\/v2\/media\/41627"}],"wp:attachment":[{"href":"https:\/\/naturalpoland.com\/ko\/wp-json\/wp\/v2\/media?parent=41626"}],"wp:term":[{"taxonomy":"product_brand","embeddable":true,"href":"https:\/\/naturalpoland.com\/ko\/wp-json\/wp\/v2\/product_brand?post=41626"},{"taxonomy":"product_cat","embeddable":true,"href":"https:\/\/naturalpoland.com\/ko\/wp-json\/wp\/v2\/product_cat?post=41626"},{"taxonomy":"product_tag","embeddable":true,"href":"https:\/\/naturalpoland.com\/ko\/wp-json\/wp\/v2\/product_tag?post=41626"}],"curies":[{"name":"wp","href":"https:\/\/api.w.org\/{rel}","templated":true}]}}