{"id":41628,"date":"2023-08-11T13:04:03","date_gmt":"2025-06-24T11:26:11","guid":{"rendered":"https:\/\/naturalpoland.com\/produkty\/uncategorized\/yacae-geonjo\/"},"modified":"2025-06-24T13:26:11","modified_gmt":"2025-06-24T11:26:11","slug":"yacae-geonjo","status":"publish","type":"product","link":"https:\/\/naturalpoland.com\/ko\/je-pum\/dong-mul-yong-won-ryo\/yacae-geonjo\/","title":{"rendered":"\ub3d9\ubb3c\uc6a9 \uac74\uc870 \ucc44\uc18c"},"content":{"rendered":"<p>\uc800\ud76c\ub294 \ucd5c\uace0 \ud488\uc9c8 \uae30\uc900\uc73c\ub85c \uac00\uacf5\ub41c \ub2e4\uc591\ud55c \uac74\uc870 \ucc44\uc18c\ub97c \uc81c\uacf5\ud569\ub2c8\ub2e4.<\/p>\n<ul>\n<li><strong>\uac15\ub0ad\ucf69 \ud50c\ub808\uc774\ud06c<\/strong>: \ub2e8\ubc31\uc9c8\uacfc \uc2dd\uc774\uc12c\uc720\uc758 \ud6cc\ub96d\ud55c \uacf5\uae09\uc6d0. \uc0ac\ub8cc \ud63c\ud569\ubb3c\uc758 \uc601\uc591 \uac15\ud654\uc5d0 \uc774\uc0c1\uc801\uc785\ub2c8\ub2e4. <\/li>\n<li><strong>\ube0c\ub85c\ucf5c\ub9ac<\/strong>: \ube44\ud0c0\ubbfc C, K \ubc0f \ud56d\uc0b0\ud654\uc81c\uac00 \ud48d\ubd80\ud569\ub2c8\ub2e4.<\/li>\n<li><strong>\uc644\ub450\ucf69 \ud50c\ub808\uc774\ud06c<\/strong>: \ub2e8\ubc31\uc9c8\uc774 \ub9ce\uace0 \uc2dd\uc774\uc12c\uc720 \uacf5\uae09\uc6d0\uc774 \ub429\ub2c8\ub2e4.<\/li>\n<li><strong>\uc624\uc774 \uc2ac\ub77c\uc774\uc2a4<\/strong>: \uce7c\ub968\uacfc \ube44\ud0c0\ubbfc K\uc758 \uc88b\uc740 \uacf5\uae09\uc6d0\uc785\ub2c8\ub2e4.<\/li>\n<li><strong>\uce90\ub86d<\/strong>: \ucc9c\uc5f0 \uac10\ubbf8\ub8cc\ub85c \ube44\ud0c0\ubbfc\uacfc \ubbf8\ub124\ub784\uc774 \ud48d\ubd80\ud569\ub2c8\ub2e4.<\/li>\n<li><strong>\ub2f9\uadfc \ud050\ube0c \ubc0f \uc2ac\ub77c\uc774\uc2a4<\/strong>: \ubca0\ud0c0\uce74\ub85c\ud2f4\uacfc \ube44\ud0c0\ubbfc B\uad70\uc744 \uacf5\uae09\ud569\ub2c8\ub2e4.<\/li>\n<li><strong>\uac10\uc790 \ud050\ube0c \ubc0f \ud50c\ub808\uc774\ud06c<\/strong>: \ube44\ud0c0\ubbfc C\uc640 \uce7c\ub968\uc758 \uacf5\uae09\uc6d0\uc785\ub2c8\ub2e4.<\/li>\n<li><strong>\ud638\ubc15 \ud50c\ub808\uc774\ud06c<\/strong>: \ub9c8\uadf8\ub124\uc298, \ucca0\ubd84 \ubc0f \uc720\uc775\ud55c \ud56d\uc0b0\ud654\uc81c\uac00 \ud48d\ubd80\ud569\ub2c8\ub2e4.<\/li>\n<li><strong>\ub300\ud30c \ud50c\ub808\uc774\ud06c<\/strong>: \ucca0\ubd84, \uc2dd\uc774\uc12c\uc720 \ubc0f \ube44\ud0c0\ubbfc A\ub97c \uc81c\uacf5\ud569\ub2c8\ub2e4.<\/li>\n<li><strong>\ube68\uac15 \ubc0f \ucd08\ub85d \ud30c\ud504\ub9ac\uce74<\/strong>: \ube44\ud0c0\ubbfc C\uc640 \ubca0\ud0c0\uce74\ub85c\ud2f4\uc758 \ud48d\ubd80\ud55c \uacf5\uae09\uc6d0\uc785\ub2c8\ub2e4.<\/li>\n<li><strong>\ud30c\uc2a4\ub2d9<\/strong>: \ube44\ud0c0\ubbfc C, \uc5fd\uc0b0 \ubc0f \uce7c\ub968 \ud568\ub7c9\uc774 \ub192\uc2b5\ub2c8\ub2e4.<\/li>\n<li><strong>\ube44\ud2b8 \ubfcc\ub9ac<\/strong>: \ud56d\uc0b0\ud654 \uc131\ubd84\uc778 \ubca0\ud0c0\ub2cc\uc744 \ud568\uc720\ud558\uace0 \uc788\uc2b5\ub2c8\ub2e4.<\/li>\n<li><strong>\uc140\ub7ec\ub9ac \ud50c\ub808\uc774\ud06c<\/strong>: \ube44\ud0c0\ubbfc B\uad70\uacfc \uce7c\ub968\uc758 \uacf5\uae09\uc6d0\uc785\ub2c8\ub2e4.<\/li>\n<li><strong>\uace0\uad6c\ub9c8<\/strong>: \ube44\ud0c0\ubbfc A\uc640 \uc2dd\uc774\uc12c\uc720\uac00 \ud48d\ubd80\ud569\ub2c8\ub2e4.<\/li>\n<li><strong>\ud1a0\ub9c8\ud1a0 \ud50c\ub808\uc774\ud06c<\/strong>: \ud56d\uc0b0\ud654\uc81c \ub9ac\ucf54\ud39c\uacfc \uce7c\ub968 \uacf5\uae09\uc6d0\uc785\ub2c8\ub2e4.<\/li>\n<li><strong>\ub6b1\ub534\uc9c0(\ub3fc\uc9c0\uac10\uc790)<\/strong>: \ud504\ub9ac\ubc14\uc774\uc624\ud2f1 \uc2dd\uc774\uc12c\uc720\uc778 \uc774\ub20c\ub9b0\uc744 \uc81c\uacf5\ud569\ub2c8\ub2e4.<\/li>\n<li><strong>\uc591\ubc30\ucd94 \ud50c\ub808\uc774\ud06c<\/strong>: \ube44\ud0c0\ubbfc C\uc640 K\uac00 \ud48d\ubd80\ud569\ub2c8\ub2e4.<\/li>\n<li><strong>\uc8fc\ud0a4\ub2c8 \ud050\ube0c<\/strong>: \ube44\ud0c0\ubbfc C\uc640 \uce7c\ub968\uc758 \uacf5\uae09\uc6d0\uc785\ub2c8\ub2e4.<\/li>\n<\/ul>\n","protected":false},"excerpt":{"rendered":"<p>\ucc44\uc18c\ub294 \ub9ce\uc740 \ub3d9\ubb3c\uc758 \uc2dd\ub2e8\uc5d0\uc11c \ud544\uc218\uc801\uc778 \uc131\ubd84\uc73c\ub85c, \ube44\ud0c0\ubbfc, \ubbf8\ub124\ub784, \uc2dd\uc774\uc12c\uc720\ub97c \uacf5\uae09\ud569\ub2c8\ub2e4. \ucc44\uc18c\ub97c \uac74\uc870\ud558\uba74 \uc774\ub7ec\ud55c \uc601\uc591\uc18c\ub97c \uc720\uc9c0\ud558\uba74\uc11c \ubcf4\uad00 \uae30\uac04\uc744 \ub298\ub9b4 \uc218 \uc788\uc2b5\ub2c8\ub2e4. <\/p>\n","protected":false},"featured_media":41629,"template":"","meta":{"_acf_changed":false},"product_brand":[],"product_cat":[8139],"product_tag":[],"class_list":{"0":"post-41628","1":"product","2":"type-product","3":"status-publish","4":"has-post-thumbnail","6":"product_cat-dong-mul-yong-won-ryo","8":"first","9":"instock","10":"shipping-taxable","11":"product-type-simple"},"acf":[],"yoast_head":"<!-- This site is optimized with the Yoast SEO plugin v27.4 - https:\/\/yoast.com\/product\/yoast-seo-wordpress\/ -->\n<title>\ub3d9\ubb3c\uc6a9 \uac74\uc870 \ucc44\uc18c - Hurtowy Dystrybutor<\/title>\n<meta name=\"description\" content=\"\uc800\ud76c\ub294 \ucd5c\uace0 \ud488\uc9c8 \uae30\uc900\uc73c\ub85c \uac00\uacf5\ub41c \ub2e4\uc591\ud55c \uac74\uc870 \ucc44\uc18c\ub97c \uc81c\uacf5\ud569\ub2c8\ub2e4.\" \/>\n<meta name=\"robots\" content=\"index, follow, max-snippet:-1, max-image-preview:large, max-video-preview:-1\" \/>\n<link rel=\"canonical\" href=\"https:\/\/naturalpoland.com\/ko\/je-pum\/dong-mul-yong-won-ryo\/yacae-geonjo\/\" \/>\n<meta property=\"og:locale\" content=\"ko_KR\" \/>\n<meta property=\"og:type\" content=\"article\" \/>\n<meta property=\"og:title\" content=\"\ub3d9\ubb3c\uc6a9 \uac74\uc870 \ucc44\uc18c - Hurtowy Dystrybutor\" \/>\n<meta property=\"og:description\" content=\"\uc800\ud76c\ub294 \ucd5c\uace0 \ud488\uc9c8 \uae30\uc900\uc73c\ub85c \uac00\uacf5\ub41c \ub2e4\uc591\ud55c \uac74\uc870 \ucc44\uc18c\ub97c \uc81c\uacf5\ud569\ub2c8\ub2e4.\" \/>\n<meta property=\"og:url\" content=\"https:\/\/naturalpoland.com\/ko\/je-pum\/dong-mul-yong-won-ryo\/yacae-geonjo\/\" \/>\n<meta property=\"og:site_name\" content=\"NATURAL POLAND - Hurtowy Dystrybutor Surowc\u00f3w\" \/>\n<meta property=\"article:publisher\" content=\"https:\/\/www.facebook.com\/naturalpoland.b2b\" \/>\n<meta property=\"og:image\" content=\"https:\/\/naturalpoland.com\/wp-content\/uploads\/warzywa-suszone.jpg\" \/>\n\t<meta property=\"og:image:width\" content=\"600\" \/>\n\t<meta property=\"og:image:height\" content=\"600\" \/>\n\t<meta property=\"og:image:type\" content=\"image\/jpeg\" \/>\n<script type=\"application\/ld+json\" class=\"yoast-schema-graph\">{\"@context\":\"https:\\\/\\\/schema.org\",\"@graph\":[{\"@type\":\"WebPage\",\"@id\":\"https:\\\/\\\/naturalpoland.com\\\/ko\\\/je-pum\\\/dong-mul-yong-won-ryo\\\/yacae-geonjo\\\/\",\"url\":\"https:\\\/\\\/naturalpoland.com\\\/ko\\\/je-pum\\\/dong-mul-yong-won-ryo\\\/yacae-geonjo\\\/\",\"name\":\"\ub3d9\ubb3c\uc6a9 \uac74\uc870 \ucc44\uc18c - Hurtowy Dystrybutor\",\"isPartOf\":{\"@id\":\"https:\\\/\\\/naturalpoland.com\\\/ko\\\/#website\"},\"primaryImageOfPage\":{\"@id\":\"https:\\\/\\\/naturalpoland.com\\\/ko\\\/je-pum\\\/dong-mul-yong-won-ryo\\\/yacae-geonjo\\\/#primaryimage\"},\"image\":{\"@id\":\"https:\\\/\\\/naturalpoland.com\\\/ko\\\/je-pum\\\/dong-mul-yong-won-ryo\\\/yacae-geonjo\\\/#primaryimage\"},\"thumbnailUrl\":\"https:\\\/\\\/naturalpoland.com\\\/wp-content\\\/uploads\\\/warzywa-suszone.jpg\",\"datePublished\":\"2025-06-24T11:26:11+00:00\",\"description\":\"\uc800\ud76c\ub294 \ucd5c\uace0 \ud488\uc9c8 \uae30\uc900\uc73c\ub85c \uac00\uacf5\ub41c \ub2e4\uc591\ud55c \uac74\uc870 \ucc44\uc18c\ub97c \uc81c\uacf5\ud569\ub2c8\ub2e4.\",\"breadcrumb\":{\"@id\":\"https:\\\/\\\/naturalpoland.com\\\/ko\\\/je-pum\\\/dong-mul-yong-won-ryo\\\/yacae-geonjo\\\/#breadcrumb\"},\"inLanguage\":\"ko-KR\",\"potentialAction\":[{\"@type\":\"ReadAction\",\"target\":[\"https:\\\/\\\/naturalpoland.com\\\/ko\\\/je-pum\\\/dong-mul-yong-won-ryo\\\/yacae-geonjo\\\/\"]}]},{\"@type\":\"ImageObject\",\"inLanguage\":\"ko-KR\",\"@id\":\"https:\\\/\\\/naturalpoland.com\\\/ko\\\/je-pum\\\/dong-mul-yong-won-ryo\\\/yacae-geonjo\\\/#primaryimage\",\"url\":\"https:\\\/\\\/naturalpoland.com\\\/wp-content\\\/uploads\\\/warzywa-suszone.jpg\",\"contentUrl\":\"https:\\\/\\\/naturalpoland.com\\\/wp-content\\\/uploads\\\/warzywa-suszone.jpg\",\"width\":600,\"height\":600,\"caption\":\"warzywa suszone\"},{\"@type\":\"BreadcrumbList\",\"@id\":\"https:\\\/\\\/naturalpoland.com\\\/ko\\\/je-pum\\\/dong-mul-yong-won-ryo\\\/yacae-geonjo\\\/#breadcrumb\",\"itemListElement\":[{\"@type\":\"ListItem\",\"position\":1,\"name\":\"\ud648\",\"item\":\"https:\\\/\\\/naturalpoland.com\\\/ko\\\/\"},{\"@type\":\"ListItem\",\"position\":2,\"name\":\"\uc81c\ud488\",\"item\":\"https:\\\/\\\/naturalpoland.com\\\/ko\\\/%ec%a0%9c%ed%92%88\\\/\"},{\"@type\":\"ListItem\",\"position\":3,\"name\":\"\ub3d9\ubb3c\uc6a9 \uac74\uc870 \ucc44\uc18c\"}]},{\"@type\":\"WebSite\",\"@id\":\"https:\\\/\\\/naturalpoland.com\\\/ko\\\/#website\",\"url\":\"https:\\\/\\\/naturalpoland.com\\\/ko\\\/\",\"name\":\"NATURAL POLAND - Hurtowy Dystrybutor Surowc\u00f3w\",\"description\":\"Surowce dla przemys\u0142u spo\u017cywczego, kosmetycznego i farmaceutycznego\",\"publisher\":{\"@id\":\"https:\\\/\\\/naturalpoland.com\\\/ko\\\/#organization\"},\"potentialAction\":[{\"@type\":\"SearchAction\",\"target\":{\"@type\":\"EntryPoint\",\"urlTemplate\":\"https:\\\/\\\/naturalpoland.com\\\/ko\\\/?s={search_term_string}\"},\"query-input\":{\"@type\":\"PropertyValueSpecification\",\"valueRequired\":true,\"valueName\":\"search_term_string\"}}],\"inLanguage\":\"ko-KR\"},{\"@type\":\"Organization\",\"@id\":\"https:\\\/\\\/naturalpoland.com\\\/ko\\\/#organization\",\"name\":\"Natural Poland\",\"url\":\"https:\\\/\\\/naturalpoland.com\\\/ko\\\/\",\"logo\":{\"@type\":\"ImageObject\",\"inLanguage\":\"ko-KR\",\"@id\":\"https:\\\/\\\/naturalpoland.com\\\/ko\\\/#\\\/schema\\\/logo\\\/image\\\/\",\"url\":\"https:\\\/\\\/naturalpoland.com\\\/wp-content\\\/uploads\\\/2021\\\/05\\\/natural-poland-icon.png\",\"contentUrl\":\"https:\\\/\\\/naturalpoland.com\\\/wp-content\\\/uploads\\\/2021\\\/05\\\/natural-poland-icon.png\",\"width\":512,\"height\":512,\"caption\":\"Natural Poland\"},\"image\":{\"@id\":\"https:\\\/\\\/naturalpoland.com\\\/ko\\\/#\\\/schema\\\/logo\\\/image\\\/\"},\"sameAs\":[\"https:\\\/\\\/www.facebook.com\\\/naturalpoland.b2b\",\"https:\\\/\\\/pl.linkedin.com\\\/company\\\/natural-poland\",\"https:\\\/\\\/www.youtube.com\\\/channel\\\/UCgeGGkvOMahZo-xu_MSEWxg\"]}]}<\/script>\n<!-- \/ Yoast SEO plugin. -->","yoast_head_json":{"title":"\ub3d9\ubb3c\uc6a9 \uac74\uc870 \ucc44\uc18c - Hurtowy Dystrybutor","description":"\uc800\ud76c\ub294 \ucd5c\uace0 \ud488\uc9c8 \uae30\uc900\uc73c\ub85c \uac00\uacf5\ub41c \ub2e4\uc591\ud55c \uac74\uc870 \ucc44\uc18c\ub97c \uc81c\uacf5\ud569\ub2c8\ub2e4.","robots":{"index":"index","follow":"follow","max-snippet":"max-snippet:-1","max-image-preview":"max-image-preview:large","max-video-preview":"max-video-preview:-1"},"canonical":"https:\/\/naturalpoland.com\/ko\/je-pum\/dong-mul-yong-won-ryo\/yacae-geonjo\/","og_locale":"ko_KR","og_type":"article","og_title":"\ub3d9\ubb3c\uc6a9 \uac74\uc870 \ucc44\uc18c - Hurtowy Dystrybutor","og_description":"\uc800\ud76c\ub294 \ucd5c\uace0 \ud488\uc9c8 \uae30\uc900\uc73c\ub85c \uac00\uacf5\ub41c \ub2e4\uc591\ud55c \uac74\uc870 \ucc44\uc18c\ub97c \uc81c\uacf5\ud569\ub2c8\ub2e4.","og_url":"https:\/\/naturalpoland.com\/ko\/je-pum\/dong-mul-yong-won-ryo\/yacae-geonjo\/","og_site_name":"NATURAL POLAND - Hurtowy Dystrybutor Surowc\u00f3w","article_publisher":"https:\/\/www.facebook.com\/naturalpoland.b2b","og_image":[{"width":600,"height":600,"url":"https:\/\/naturalpoland.com\/wp-content\/uploads\/warzywa-suszone.jpg","type":"image\/jpeg"}],"schema":{"@context":"https:\/\/schema.org","@graph":[{"@type":"WebPage","@id":"https:\/\/naturalpoland.com\/ko\/je-pum\/dong-mul-yong-won-ryo\/yacae-geonjo\/","url":"https:\/\/naturalpoland.com\/ko\/je-pum\/dong-mul-yong-won-ryo\/yacae-geonjo\/","name":"\ub3d9\ubb3c\uc6a9 \uac74\uc870 \ucc44\uc18c - Hurtowy Dystrybutor","isPartOf":{"@id":"https:\/\/naturalpoland.com\/ko\/#website"},"primaryImageOfPage":{"@id":"https:\/\/naturalpoland.com\/ko\/je-pum\/dong-mul-yong-won-ryo\/yacae-geonjo\/#primaryimage"},"image":{"@id":"https:\/\/naturalpoland.com\/ko\/je-pum\/dong-mul-yong-won-ryo\/yacae-geonjo\/#primaryimage"},"thumbnailUrl":"https:\/\/naturalpoland.com\/wp-content\/uploads\/warzywa-suszone.jpg","datePublished":"2025-06-24T11:26:11+00:00","description":"\uc800\ud76c\ub294 \ucd5c\uace0 \ud488\uc9c8 \uae30\uc900\uc73c\ub85c \uac00\uacf5\ub41c \ub2e4\uc591\ud55c \uac74\uc870 \ucc44\uc18c\ub97c \uc81c\uacf5\ud569\ub2c8\ub2e4.","breadcrumb":{"@id":"https:\/\/naturalpoland.com\/ko\/je-pum\/dong-mul-yong-won-ryo\/yacae-geonjo\/#breadcrumb"},"inLanguage":"ko-KR","potentialAction":[{"@type":"ReadAction","target":["https:\/\/naturalpoland.com\/ko\/je-pum\/dong-mul-yong-won-ryo\/yacae-geonjo\/"]}]},{"@type":"ImageObject","inLanguage":"ko-KR","@id":"https:\/\/naturalpoland.com\/ko\/je-pum\/dong-mul-yong-won-ryo\/yacae-geonjo\/#primaryimage","url":"https:\/\/naturalpoland.com\/wp-content\/uploads\/warzywa-suszone.jpg","contentUrl":"https:\/\/naturalpoland.com\/wp-content\/uploads\/warzywa-suszone.jpg","width":600,"height":600,"caption":"warzywa suszone"},{"@type":"BreadcrumbList","@id":"https:\/\/naturalpoland.com\/ko\/je-pum\/dong-mul-yong-won-ryo\/yacae-geonjo\/#breadcrumb","itemListElement":[{"@type":"ListItem","position":1,"name":"\ud648","item":"https:\/\/naturalpoland.com\/ko\/"},{"@type":"ListItem","position":2,"name":"\uc81c\ud488","item":"https:\/\/naturalpoland.com\/ko\/%ec%a0%9c%ed%92%88\/"},{"@type":"ListItem","position":3,"name":"\ub3d9\ubb3c\uc6a9 \uac74\uc870 \ucc44\uc18c"}]},{"@type":"WebSite","@id":"https:\/\/naturalpoland.com\/ko\/#website","url":"https:\/\/naturalpoland.com\/ko\/","name":"NATURAL POLAND - Hurtowy Dystrybutor Surowc\u00f3w","description":"Surowce dla przemys\u0142u spo\u017cywczego, kosmetycznego i farmaceutycznego","publisher":{"@id":"https:\/\/naturalpoland.com\/ko\/#organization"},"potentialAction":[{"@type":"SearchAction","target":{"@type":"EntryPoint","urlTemplate":"https:\/\/naturalpoland.com\/ko\/?s={search_term_string}"},"query-input":{"@type":"PropertyValueSpecification","valueRequired":true,"valueName":"search_term_string"}}],"inLanguage":"ko-KR"},{"@type":"Organization","@id":"https:\/\/naturalpoland.com\/ko\/#organization","name":"Natural Poland","url":"https:\/\/naturalpoland.com\/ko\/","logo":{"@type":"ImageObject","inLanguage":"ko-KR","@id":"https:\/\/naturalpoland.com\/ko\/#\/schema\/logo\/image\/","url":"https:\/\/naturalpoland.com\/wp-content\/uploads\/2021\/05\/natural-poland-icon.png","contentUrl":"https:\/\/naturalpoland.com\/wp-content\/uploads\/2021\/05\/natural-poland-icon.png","width":512,"height":512,"caption":"Natural Poland"},"image":{"@id":"https:\/\/naturalpoland.com\/ko\/#\/schema\/logo\/image\/"},"sameAs":["https:\/\/www.facebook.com\/naturalpoland.b2b","https:\/\/pl.linkedin.com\/company\/natural-poland","https:\/\/www.youtube.com\/channel\/UCgeGGkvOMahZo-xu_MSEWxg"]}]}},"_links":{"self":[{"href":"https:\/\/naturalpoland.com\/ko\/wp-json\/wp\/v2\/product\/41628","targetHints":{"allow":["GET"]}}],"collection":[{"href":"https:\/\/naturalpoland.com\/ko\/wp-json\/wp\/v2\/product"}],"about":[{"href":"https:\/\/naturalpoland.com\/ko\/wp-json\/wp\/v2\/types\/product"}],"wp:featuredmedia":[{"embeddable":true,"href":"https:\/\/naturalpoland.com\/ko\/wp-json\/wp\/v2\/media\/41629"}],"wp:attachment":[{"href":"https:\/\/naturalpoland.com\/ko\/wp-json\/wp\/v2\/media?parent=41628"}],"wp:term":[{"taxonomy":"product_brand","embeddable":true,"href":"https:\/\/naturalpoland.com\/ko\/wp-json\/wp\/v2\/product_brand?post=41628"},{"taxonomy":"product_cat","embeddable":true,"href":"https:\/\/naturalpoland.com\/ko\/wp-json\/wp\/v2\/product_cat?post=41628"},{"taxonomy":"product_tag","embeddable":true,"href":"https:\/\/naturalpoland.com\/ko\/wp-json\/wp\/v2\/product_tag?post=41628"}],"curies":[{"name":"wp","href":"https:\/\/api.w.org\/{rel}","templated":true}]}}