{"id":41660,"date":"2021-05-11T13:45:44","date_gmt":"2025-06-26T08:53:25","guid":{"rendered":"https:\/\/naturalpoland.com\/produkty\/uncategorized\/l-lizyna\/"},"modified":"2025-06-26T10:53:25","modified_gmt":"2025-06-26T08:53:25","slug":"l-lizyna","status":"publish","type":"product","link":"https:\/\/naturalpoland.com\/ko\/je-pum\/ui-yak-pum-won-ryo\/a-mi-no-san\/l-lizyna\/","title":{"rendered":"L-\ub77c\uc774\uc2e0"},"content":{"rendered":"<p><strong>L-\ub77c\uc774\uc2e0\uc740<\/strong> \uad6c\uc870\uc801 \ubc0f \uae30\ub2a5\uc801 \ub2e8\ubc31\uc9c8\uc758 \ud575\uc2ec \uad6c\uc131 \uc694\uc18c\uc774\uba70 \ud56d\uccb4, \ud638\ub974\ubaac \ubc0f \ud6a8\uc18c\uc758 \ud569\uc131\uc5d0\ub3c4 \uad00\uc5ec\ud569\ub2c8\ub2e4. \uba74\uc5ed, \ub0b4\ubd84\ube44 \ubc0f \ud6a8\uc18c \uc2dc\uc2a4\ud15c\uc758 \uc801\uc808\ud55c \uae30\ub2a5\uc5d0 \ud544\uc218\uc801\uc785\ub2c8\ub2e4. <\/p>\n<p>L-\ub77c\uc774\uc2e0\uc740 <strong>\uc9c0\ubc29 \ub300\uc0ac\ub97c \uc9c0\uc6d0\ud558\uace0<\/strong> \uadfc\uc721\ub7c9 \ud68c\ubcf5\uacfc \uc720\uc9c0\uc5d0 \uc911\uc694\ud55c <strong>\uc9c8\uc18c<\/strong> <strong>\ub300\uc0ac\ub97c<\/strong> <strong>\uc870\uc808\ud569\ub2c8\ub2e4<\/strong>. \uc6b4\ub3d9\uc120\uc218\uc640 \uc2e0\uccb4\uc801\uc73c\ub85c \ud65c\ub3d9\uc801\uc778 \uc0ac\ub78c\ub4e4\uc744 \uc704\ud55c \ubcf4\ucda9\uc81c\uc5d0\uc11c \uac00\uc7a5 \uc911\uc694\ud55c \uc131\ubd84 \uc911 \ud558\ub098\uc785\ub2c8\ub2e4. \uce74\ub974\ub2c8\ud2f4\uc758 \uc0dd\uc131\uc744 \uc790\uadf9\ud558\uc5ec \uc2ec\ud608 \uad00\uacc4\ub97c \uc9c0\uc6d0\ud558\uace0 \uc9c0\ubc29\uc0b0\uc744 \ubbf8\ud1a0\ucf58\ub4dc\ub9ac\uc544\ub85c \uc6b4\ubc18\ud558\uc5ec \uc2e0\uccb4\uc758 \uc131\ub2a5\uc744 \ud5a5\uc0c1\uc2dc\ud0a4\ub294 \ub2a5\ub825\uc744 \ubcf4\uc5ec\uc90d\ub2c8\ub2e4. <span style=\"font-size: 14.4px;\">\ub610\ud55c L-\ub77c\uc774\uc2e0\uc740 <\/span><strong style=\"font-size: 14.4px;\">\uce7c\uc298 \ud761\uc218\ub97c<\/strong><span style=\"font-size: 14.4px;\"> \uac1c\uc120\ud558\uace0 \uacfc\ub3c4\ud55c<\/span><strong style=\"font-size: 14.4px;\">\uce7c\uc298<\/strong> \uc190\uc2e4\uc744 \ubc29\uc9c0\ud558\uc5ec \ubf08\uc758 \ud0c8\uc5fc\uc744 \ubc29\uc9c0\ud558\uace0 \ubf08 \uac74\uac15\uc744 \uc99d\uc9c4\ud569\ub2c8\ub2e4.  <\/p>\n<p>\ub77c\uc774\uc2e0 \uacb0\ud54d\uc740 \uc9d1\uc911\ub825 \uc800\ud558, \ub9cc\uc131 \ud53c\ub85c, \uba74\uc5ed\ub825 \uc57d\ud654, \uc7a5\uae30\uc801\uc73c\ub85c\ub294 \ubf08\uc758 \ud0c8\uc5fc\uacfc \uadfc\uc721\ub7c9 \uac10\uc18c\ub85c \ub098\ud0c0\ub0a0 \uc218 \uc788\uc2b5\ub2c8\ub2e4.<\/p>\n<p>\uc774 \uc81c\ud488\uc740 \uace0\uc21c\ub3c4(USP39 \uaddc\uaca9\uc5d0 \ub530\ub978 99.3%)\uc640 \uc548\uc804\ud55c \ud488\uc9c8 \ud504\ub85c\ud30c\uc77c(\uc911\uae08\uc18d \ubc0f \uc720\uae30 \ubd88\uc21c\ubb3c \ud568\ub7c9\uc774 \ud5c8\uc6a9 \ud55c\ub3c4\ubcf4\ub2e4 \ud6e8\uc52c \ub0ae\uc74c)\uc774 \ud2b9\uc9d5\uc785\ub2c8\ub2e4. \uc2dd\uc774 \ubcf4\ucda9\uc81c, \uc2a4\ud3ec\uce20 \uc601\uc591 \ubc0f \uc2e0\uccb4 \ud68c\ubcf5\uacfc \uc801\uc808\ud55c \uae30\ub2a5\uc744 \uc9c0\uc6d0\ud558\ub294 \uc81c\uc81c\uc5d0 \uc0ac\uc6a9\ud558\uae30\uc5d0 \ud0c1\uc6d4\ud55c \uc6d0\ub8cc\uc785\ub2c8\ub2e4. <\/p>\n","protected":false},"excerpt":{"rendered":"<p><strong>L-\ub77c\uc774\uc2e0 \ubaa8\ub178\ud558\uc774\ub4dc\ub85c\ud074\ub85c\ub77c\uc774\ub4dc<\/strong> \ud615\ud0dc\uc758 <strong>L-\ub77c\uc774\uc2e0\uc740<\/strong> \uace0\ub3c4\ub85c \uc815\uc81c\ub41c \ud544\uc218 \uc544\ubbf8\ub178\uc0b0\uc73c\ub85c, \uc778\uccb4\uac00 \uc2a4\uc2a4\ub85c \ud569\uc131\ud560 \uc218 \uc5c6\uc73c\ubbc0\ub85c \uc2dd\ub2e8\uc774\ub098 \ubcf4\ucda9\uc81c\ub97c \ud1b5\ud574 \uacf5\uae09\ud574\uc57c \ud569\ub2c8\ub2e4.<\/p>\n<p>&nbsp;<\/p>\n","protected":false},"featured_media":41641,"template":"","meta":{"_acf_changed":false},"product_brand":[],"product_cat":[8142],"product_tag":[],"class_list":{"0":"post-41660","1":"product","2":"type-product","3":"status-publish","4":"has-post-thumbnail","6":"product_cat-a-mi-no-san","8":"first","9":"instock","10":"shipping-taxable","11":"product-type-simple"},"acf":[],"yoast_head":"<!-- This site is optimized with the Yoast SEO plugin v27.4 - https:\/\/yoast.com\/product\/yoast-seo-wordpress\/ -->\n<title>L-\ub77c\uc774\uc2e0 - Hurtowy Dystrybutor<\/title>\n<meta name=\"description\" content=\"L-\ub77c\uc774\uc2e0 \ubaa8\ub178\ud558\uc774\ub4dc\ub85c\ud074\ub85c\ub77c\uc774\ub4dc \ud615\ud0dc\uc758 L-\ub77c\uc774\uc2e0\uc740 \uc778\uccb4\uac00 \uc790\uccb4\uc801\uc73c\ub85c \ud569\uc131\ud560 \uc218 \uc5c6\ub294 \ud544\uc218 \uc544\ubbf8\ub178\uc0b0\uc785\ub2c8\ub2e4.\" \/>\n<meta name=\"robots\" content=\"index, follow, max-snippet:-1, max-image-preview:large, max-video-preview:-1\" \/>\n<link rel=\"canonical\" href=\"https:\/\/naturalpoland.com\/ko\/je-pum\/ui-yak-pum-won-ryo\/a-mi-no-san\/l-lizyna\/\" \/>\n<meta property=\"og:locale\" content=\"ko_KR\" \/>\n<meta property=\"og:type\" content=\"article\" \/>\n<meta property=\"og:title\" content=\"L-\ub77c\uc774\uc2e0 - Hurtowy Dystrybutor\" \/>\n<meta property=\"og:description\" content=\"L-\ub77c\uc774\uc2e0 \ubaa8\ub178\ud558\uc774\ub4dc\ub85c\ud074\ub85c\ub77c\uc774\ub4dc \ud615\ud0dc\uc758 L-\ub77c\uc774\uc2e0\uc740 \uc778\uccb4\uac00 \uc790\uccb4\uc801\uc73c\ub85c \ud569\uc131\ud560 \uc218 \uc5c6\ub294 \ud544\uc218 \uc544\ubbf8\ub178\uc0b0\uc785\ub2c8\ub2e4.\" \/>\n<meta property=\"og:url\" content=\"https:\/\/naturalpoland.com\/ko\/je-pum\/ui-yak-pum-won-ryo\/a-mi-no-san\/l-lizyna\/\" \/>\n<meta property=\"og:site_name\" content=\"NATURAL POLAND - Hurtowy Dystrybutor Surowc\u00f3w\" \/>\n<meta property=\"article:publisher\" content=\"https:\/\/www.facebook.com\/naturalpoland.b2b\" \/>\n<meta property=\"og:image\" content=\"https:\/\/naturalpoland.com\/wp-content\/uploads\/l-lizyna.webp\" \/>\n\t<meta property=\"og:image:width\" content=\"1024\" \/>\n\t<meta property=\"og:image:height\" content=\"1024\" \/>\n\t<meta property=\"og:image:type\" content=\"image\/webp\" \/>\n<script type=\"application\/ld+json\" class=\"yoast-schema-graph\">{\"@context\":\"https:\\\/\\\/schema.org\",\"@graph\":[{\"@type\":\"WebPage\",\"@id\":\"https:\\\/\\\/naturalpoland.com\\\/ko\\\/je-pum\\\/ui-yak-pum-won-ryo\\\/a-mi-no-san\\\/l-lizyna\\\/\",\"url\":\"https:\\\/\\\/naturalpoland.com\\\/ko\\\/je-pum\\\/ui-yak-pum-won-ryo\\\/a-mi-no-san\\\/l-lizyna\\\/\",\"name\":\"L-\ub77c\uc774\uc2e0 - Hurtowy Dystrybutor\",\"isPartOf\":{\"@id\":\"https:\\\/\\\/naturalpoland.com\\\/ko\\\/#website\"},\"primaryImageOfPage\":{\"@id\":\"https:\\\/\\\/naturalpoland.com\\\/ko\\\/je-pum\\\/ui-yak-pum-won-ryo\\\/a-mi-no-san\\\/l-lizyna\\\/#primaryimage\"},\"image\":{\"@id\":\"https:\\\/\\\/naturalpoland.com\\\/ko\\\/je-pum\\\/ui-yak-pum-won-ryo\\\/a-mi-no-san\\\/l-lizyna\\\/#primaryimage\"},\"thumbnailUrl\":\"https:\\\/\\\/naturalpoland.com\\\/wp-content\\\/uploads\\\/l-lizyna.webp\",\"datePublished\":\"2025-06-26T08:53:25+00:00\",\"description\":\"L-\ub77c\uc774\uc2e0 \ubaa8\ub178\ud558\uc774\ub4dc\ub85c\ud074\ub85c\ub77c\uc774\ub4dc \ud615\ud0dc\uc758 L-\ub77c\uc774\uc2e0\uc740 \uc778\uccb4\uac00 \uc790\uccb4\uc801\uc73c\ub85c \ud569\uc131\ud560 \uc218 \uc5c6\ub294 \ud544\uc218 \uc544\ubbf8\ub178\uc0b0\uc785\ub2c8\ub2e4.\",\"breadcrumb\":{\"@id\":\"https:\\\/\\\/naturalpoland.com\\\/ko\\\/je-pum\\\/ui-yak-pum-won-ryo\\\/a-mi-no-san\\\/l-lizyna\\\/#breadcrumb\"},\"inLanguage\":\"ko-KR\",\"potentialAction\":[{\"@type\":\"ReadAction\",\"target\":[\"https:\\\/\\\/naturalpoland.com\\\/ko\\\/je-pum\\\/ui-yak-pum-won-ryo\\\/a-mi-no-san\\\/l-lizyna\\\/\"]}]},{\"@type\":\"ImageObject\",\"inLanguage\":\"ko-KR\",\"@id\":\"https:\\\/\\\/naturalpoland.com\\\/ko\\\/je-pum\\\/ui-yak-pum-won-ryo\\\/a-mi-no-san\\\/l-lizyna\\\/#primaryimage\",\"url\":\"https:\\\/\\\/naturalpoland.com\\\/wp-content\\\/uploads\\\/l-lizyna.webp\",\"contentUrl\":\"https:\\\/\\\/naturalpoland.com\\\/wp-content\\\/uploads\\\/l-lizyna.webp\",\"width\":1024,\"height\":1024,\"caption\":\"L-lizyna w postaci L-Lysine Monohydrochloride\"},{\"@type\":\"BreadcrumbList\",\"@id\":\"https:\\\/\\\/naturalpoland.com\\\/ko\\\/je-pum\\\/ui-yak-pum-won-ryo\\\/a-mi-no-san\\\/l-lizyna\\\/#breadcrumb\",\"itemListElement\":[{\"@type\":\"ListItem\",\"position\":1,\"name\":\"\ud648\",\"item\":\"https:\\\/\\\/naturalpoland.com\\\/ko\\\/\"},{\"@type\":\"ListItem\",\"position\":2,\"name\":\"\uc81c\ud488\",\"item\":\"https:\\\/\\\/naturalpoland.com\\\/ko\\\/%ec%a0%9c%ed%92%88\\\/\"},{\"@type\":\"ListItem\",\"position\":3,\"name\":\"L-\ub77c\uc774\uc2e0\"}]},{\"@type\":\"WebSite\",\"@id\":\"https:\\\/\\\/naturalpoland.com\\\/ko\\\/#website\",\"url\":\"https:\\\/\\\/naturalpoland.com\\\/ko\\\/\",\"name\":\"NATURAL POLAND - Hurtowy Dystrybutor Surowc\u00f3w\",\"description\":\"Surowce dla przemys\u0142u spo\u017cywczego, kosmetycznego i farmaceutycznego\",\"publisher\":{\"@id\":\"https:\\\/\\\/naturalpoland.com\\\/ko\\\/#organization\"},\"potentialAction\":[{\"@type\":\"SearchAction\",\"target\":{\"@type\":\"EntryPoint\",\"urlTemplate\":\"https:\\\/\\\/naturalpoland.com\\\/ko\\\/?s={search_term_string}\"},\"query-input\":{\"@type\":\"PropertyValueSpecification\",\"valueRequired\":true,\"valueName\":\"search_term_string\"}}],\"inLanguage\":\"ko-KR\"},{\"@type\":\"Organization\",\"@id\":\"https:\\\/\\\/naturalpoland.com\\\/ko\\\/#organization\",\"name\":\"Natural Poland\",\"url\":\"https:\\\/\\\/naturalpoland.com\\\/ko\\\/\",\"logo\":{\"@type\":\"ImageObject\",\"inLanguage\":\"ko-KR\",\"@id\":\"https:\\\/\\\/naturalpoland.com\\\/ko\\\/#\\\/schema\\\/logo\\\/image\\\/\",\"url\":\"https:\\\/\\\/naturalpoland.com\\\/wp-content\\\/uploads\\\/2021\\\/05\\\/natural-poland-icon.png\",\"contentUrl\":\"https:\\\/\\\/naturalpoland.com\\\/wp-content\\\/uploads\\\/2021\\\/05\\\/natural-poland-icon.png\",\"width\":512,\"height\":512,\"caption\":\"Natural Poland\"},\"image\":{\"@id\":\"https:\\\/\\\/naturalpoland.com\\\/ko\\\/#\\\/schema\\\/logo\\\/image\\\/\"},\"sameAs\":[\"https:\\\/\\\/www.facebook.com\\\/naturalpoland.b2b\",\"https:\\\/\\\/pl.linkedin.com\\\/company\\\/natural-poland\",\"https:\\\/\\\/www.youtube.com\\\/channel\\\/UCgeGGkvOMahZo-xu_MSEWxg\"]}]}<\/script>\n<!-- \/ Yoast SEO plugin. -->","yoast_head_json":{"title":"L-\ub77c\uc774\uc2e0 - Hurtowy Dystrybutor","description":"L-\ub77c\uc774\uc2e0 \ubaa8\ub178\ud558\uc774\ub4dc\ub85c\ud074\ub85c\ub77c\uc774\ub4dc \ud615\ud0dc\uc758 L-\ub77c\uc774\uc2e0\uc740 \uc778\uccb4\uac00 \uc790\uccb4\uc801\uc73c\ub85c \ud569\uc131\ud560 \uc218 \uc5c6\ub294 \ud544\uc218 \uc544\ubbf8\ub178\uc0b0\uc785\ub2c8\ub2e4.","robots":{"index":"index","follow":"follow","max-snippet":"max-snippet:-1","max-image-preview":"max-image-preview:large","max-video-preview":"max-video-preview:-1"},"canonical":"https:\/\/naturalpoland.com\/ko\/je-pum\/ui-yak-pum-won-ryo\/a-mi-no-san\/l-lizyna\/","og_locale":"ko_KR","og_type":"article","og_title":"L-\ub77c\uc774\uc2e0 - Hurtowy Dystrybutor","og_description":"L-\ub77c\uc774\uc2e0 \ubaa8\ub178\ud558\uc774\ub4dc\ub85c\ud074\ub85c\ub77c\uc774\ub4dc \ud615\ud0dc\uc758 L-\ub77c\uc774\uc2e0\uc740 \uc778\uccb4\uac00 \uc790\uccb4\uc801\uc73c\ub85c \ud569\uc131\ud560 \uc218 \uc5c6\ub294 \ud544\uc218 \uc544\ubbf8\ub178\uc0b0\uc785\ub2c8\ub2e4.","og_url":"https:\/\/naturalpoland.com\/ko\/je-pum\/ui-yak-pum-won-ryo\/a-mi-no-san\/l-lizyna\/","og_site_name":"NATURAL POLAND - Hurtowy Dystrybutor Surowc\u00f3w","article_publisher":"https:\/\/www.facebook.com\/naturalpoland.b2b","og_image":[{"width":1024,"height":1024,"url":"https:\/\/naturalpoland.com\/wp-content\/uploads\/l-lizyna.webp","type":"image\/webp"}],"schema":{"@context":"https:\/\/schema.org","@graph":[{"@type":"WebPage","@id":"https:\/\/naturalpoland.com\/ko\/je-pum\/ui-yak-pum-won-ryo\/a-mi-no-san\/l-lizyna\/","url":"https:\/\/naturalpoland.com\/ko\/je-pum\/ui-yak-pum-won-ryo\/a-mi-no-san\/l-lizyna\/","name":"L-\ub77c\uc774\uc2e0 - Hurtowy Dystrybutor","isPartOf":{"@id":"https:\/\/naturalpoland.com\/ko\/#website"},"primaryImageOfPage":{"@id":"https:\/\/naturalpoland.com\/ko\/je-pum\/ui-yak-pum-won-ryo\/a-mi-no-san\/l-lizyna\/#primaryimage"},"image":{"@id":"https:\/\/naturalpoland.com\/ko\/je-pum\/ui-yak-pum-won-ryo\/a-mi-no-san\/l-lizyna\/#primaryimage"},"thumbnailUrl":"https:\/\/naturalpoland.com\/wp-content\/uploads\/l-lizyna.webp","datePublished":"2025-06-26T08:53:25+00:00","description":"L-\ub77c\uc774\uc2e0 \ubaa8\ub178\ud558\uc774\ub4dc\ub85c\ud074\ub85c\ub77c\uc774\ub4dc \ud615\ud0dc\uc758 L-\ub77c\uc774\uc2e0\uc740 \uc778\uccb4\uac00 \uc790\uccb4\uc801\uc73c\ub85c \ud569\uc131\ud560 \uc218 \uc5c6\ub294 \ud544\uc218 \uc544\ubbf8\ub178\uc0b0\uc785\ub2c8\ub2e4.","breadcrumb":{"@id":"https:\/\/naturalpoland.com\/ko\/je-pum\/ui-yak-pum-won-ryo\/a-mi-no-san\/l-lizyna\/#breadcrumb"},"inLanguage":"ko-KR","potentialAction":[{"@type":"ReadAction","target":["https:\/\/naturalpoland.com\/ko\/je-pum\/ui-yak-pum-won-ryo\/a-mi-no-san\/l-lizyna\/"]}]},{"@type":"ImageObject","inLanguage":"ko-KR","@id":"https:\/\/naturalpoland.com\/ko\/je-pum\/ui-yak-pum-won-ryo\/a-mi-no-san\/l-lizyna\/#primaryimage","url":"https:\/\/naturalpoland.com\/wp-content\/uploads\/l-lizyna.webp","contentUrl":"https:\/\/naturalpoland.com\/wp-content\/uploads\/l-lizyna.webp","width":1024,"height":1024,"caption":"L-lizyna w postaci L-Lysine Monohydrochloride"},{"@type":"BreadcrumbList","@id":"https:\/\/naturalpoland.com\/ko\/je-pum\/ui-yak-pum-won-ryo\/a-mi-no-san\/l-lizyna\/#breadcrumb","itemListElement":[{"@type":"ListItem","position":1,"name":"\ud648","item":"https:\/\/naturalpoland.com\/ko\/"},{"@type":"ListItem","position":2,"name":"\uc81c\ud488","item":"https:\/\/naturalpoland.com\/ko\/%ec%a0%9c%ed%92%88\/"},{"@type":"ListItem","position":3,"name":"L-\ub77c\uc774\uc2e0"}]},{"@type":"WebSite","@id":"https:\/\/naturalpoland.com\/ko\/#website","url":"https:\/\/naturalpoland.com\/ko\/","name":"NATURAL POLAND - Hurtowy Dystrybutor Surowc\u00f3w","description":"Surowce dla przemys\u0142u spo\u017cywczego, kosmetycznego i farmaceutycznego","publisher":{"@id":"https:\/\/naturalpoland.com\/ko\/#organization"},"potentialAction":[{"@type":"SearchAction","target":{"@type":"EntryPoint","urlTemplate":"https:\/\/naturalpoland.com\/ko\/?s={search_term_string}"},"query-input":{"@type":"PropertyValueSpecification","valueRequired":true,"valueName":"search_term_string"}}],"inLanguage":"ko-KR"},{"@type":"Organization","@id":"https:\/\/naturalpoland.com\/ko\/#organization","name":"Natural Poland","url":"https:\/\/naturalpoland.com\/ko\/","logo":{"@type":"ImageObject","inLanguage":"ko-KR","@id":"https:\/\/naturalpoland.com\/ko\/#\/schema\/logo\/image\/","url":"https:\/\/naturalpoland.com\/wp-content\/uploads\/2021\/05\/natural-poland-icon.png","contentUrl":"https:\/\/naturalpoland.com\/wp-content\/uploads\/2021\/05\/natural-poland-icon.png","width":512,"height":512,"caption":"Natural Poland"},"image":{"@id":"https:\/\/naturalpoland.com\/ko\/#\/schema\/logo\/image\/"},"sameAs":["https:\/\/www.facebook.com\/naturalpoland.b2b","https:\/\/pl.linkedin.com\/company\/natural-poland","https:\/\/www.youtube.com\/channel\/UCgeGGkvOMahZo-xu_MSEWxg"]}]}},"_links":{"self":[{"href":"https:\/\/naturalpoland.com\/ko\/wp-json\/wp\/v2\/product\/41660","targetHints":{"allow":["GET"]}}],"collection":[{"href":"https:\/\/naturalpoland.com\/ko\/wp-json\/wp\/v2\/product"}],"about":[{"href":"https:\/\/naturalpoland.com\/ko\/wp-json\/wp\/v2\/types\/product"}],"wp:featuredmedia":[{"embeddable":true,"href":"https:\/\/naturalpoland.com\/ko\/wp-json\/wp\/v2\/media\/41641"}],"wp:attachment":[{"href":"https:\/\/naturalpoland.com\/ko\/wp-json\/wp\/v2\/media?parent=41660"}],"wp:term":[{"taxonomy":"product_brand","embeddable":true,"href":"https:\/\/naturalpoland.com\/ko\/wp-json\/wp\/v2\/product_brand?post=41660"},{"taxonomy":"product_cat","embeddable":true,"href":"https:\/\/naturalpoland.com\/ko\/wp-json\/wp\/v2\/product_cat?post=41660"},{"taxonomy":"product_tag","embeddable":true,"href":"https:\/\/naturalpoland.com\/ko\/wp-json\/wp\/v2\/product_tag?post=41660"}],"curies":[{"name":"wp","href":"https:\/\/api.w.org\/{rel}","templated":true}]}}