{"id":41661,"date":"2021-05-11T13:56:59","date_gmt":"2025-06-26T08:54:18","guid":{"rendered":"https:\/\/naturalpoland.com\/produkty\/uncategorized\/suszony-kwiat-lipy\/"},"modified":"2025-06-26T10:54:18","modified_gmt":"2025-06-26T08:54:18","slug":"suszony-kwiat-lipy","status":"publish","type":"product","link":"https:\/\/naturalpoland.com\/ko\/je-pum\/sig-pum-won-ryo\/saeng-san-yong-won-ryo\/suszony-kwiat-lipy\/","title":{"rendered":"\ub9d0\ub9b0 \ub77c\uc784 \uaf43"},"content":{"rendered":"<p>\ub9d0\ub9b0 \ub77c\uc784\uaf43\uc740 \uc57c\uc0dd\uc5d0\uc11c \uc790\ub77c\ub294 <strong>\uc791\uc740 \uc78e\uc774 \ub2ec\ub9b0 \ub77c\uc784\ub098\ubb34<\/strong><em>(\ud2f8\ub9ac\uc544 \ucf54\ub974\ub2e4\ud0c0)<\/em>\uc5d0\uc11c \uacf5\uae09\ubc1b\uc73c\uba70, \uaf43\uc774 \ub9cc\uac1c\ud558\ub294 6~7\uc6d4\uc5d0 \uaf43\ucc28\ub840\ub97c \uc190\uc73c\ub85c \uc9c1\uc811 \ub530\uc11c \uc0ac\uc6a9\ud569\ub2c8\ub2e4. \uadf8\ub7f0 \ub2e4\uc74c \uc790\uc5f0 \uac74\uc870\ud558\uace0 \ubd80\ub4dc\ub7fd\uac8c \ubd84\uc1c4\ud558\uc5ec \uc0dd\ub9ac \ud65c\uc131 \uc131\ubd84\uc744 \ucd5c\ub300\ud55c \uc720\uc9c0\ud569\ub2c8\ub2e4. \ub77c\uc784\uaf43\uc740 \uc12c\uc138\ud55c \ub2e8\ub9db\uacfc \ud2b9\uc720\uc758 \uc740\uc740\ud55c \ud5a5\uc774 \ud2b9\uc9d5\uc774\uba70 \uc605\uc740 \ud669\ub85d\uc0c9\uc744 \ub760\uace0 \uc788\uc2b5\ub2c8\ub2e4.  <\/p>\n<p data-start=\"762\" data-end=\"1304\">\ud48d\ubd80\ud55c \ud50c\ub77c\ubcf4\ub178\uc774\ub4dc (\ucf00\ub974\uc138\ud2f4 \uae30\uc900 \ucd5c\uc18c 0.7 %), \uc2dd\ubb3c \uc810\uc561\uc9c8, \uc5d0\uc13c\uc15c \uc624\uc77c \ubc0f \ucf00\ub974\uc138\ud2f4\uc73c\ub85c \uc778\ud574 \ub9b0\ub4e0 \uaf43\uc740 \uac00\uc815 \uc8fc\uc785\uacfc \ud5c8\ube0c \ub610\ub294 \ud654\uc7a5\ud488 \uc0b0\uc5c5 \ubaa8\ub450\uc5d0\uc11c \ub110\ub9ac \uc0ac\uc6a9\ub429\ub2c8\ub2e4. \ub9b0\ub4e0\uc744 \uc8fc\uc785\ud558\uba74 \uc5fc\uc99d \ud6a8\uacfc\uac00 \uc788\uace0 \uc778\ud6c4\uc640 \uc785\uc758 \uc5fc\uc99d\uc744 \uc9c4\uc815\uc2dc\ud0a4\uace0 \uba74\uc5ed\ub825\uc744 \ucd09\uc9c4\ud558\uba70 \uc218\uba74\uc744 \ucd09\uc9c4\ud569\ub2c8\ub2e4. \ub77c\uc784 \ubaa9\uc695\uc740 \uc2a4\ud2b8\ub808\uc2a4\uac00 \ub9ce\uc740 \ud558\ub8e8\ub97c \ubcf4\ub0b8 \ud6c4 \ud734\uc2dd\uacfc \ud3c9\uc628\ud568\uc744 \uac00\uc838\ub2e4\uc90d\ub2c8\ub2e4. \ucf00\ub974\uc138\ud2f4\uc758 \ud56d\uc54c\ub808\ub974\uae30 \ud2b9\uc131\uc740 \uc54c\ub808\ub974\uae30 \uc99d\uc0c1\uacfc \ud53c\ubd80 \uc790\uadf9\uc744 \uc644\ud654\ud558\ub294 \ub370 \ub3c4\uc6c0\uc774 \ub429\ub2c8\ub2e4.   <\/p>\n<p data-start=\"1306\" data-end=\"1779\">\uc5c4\uaca9\ud55c \uc120\ubcc4\uacfc \ud488\uc9c8 \uad00\ub9ac \ub355\ubd84\uc5d0 \ub9d0\ub9b0 \ub77c\uc784 \ube14\ub7ec\uc378\uc740 \uc720\uae30 \ub610\ub294 \ubbf8\ub124\ub784 \ubd88\uc21c\ubb3c(0.5% \ubc0f 0.3% \ubbf8\ub9cc), \uc218\ubd84 \ud568\ub7c9 11% \ubbf8\ub9cc, \ud68c\ubd84 \ud568\ub7c9 9% \ubbf8\ub9cc\uc758 \uc5c4\uaca9\ud55c \uc548\uc804 \uae30\uc900\uc744 \ucda9\uc871\ud569\ub2c8\ub2e4. \uc774 \uc81c\ud488\uc5d0\ub294 \ubbf8\uc0dd\ubb3c \uc624\uc5fc \ubb3c\uc9c8, \uc54c\uce7c\ub85c\uc774\ub4dc, \ud574\ucda9 \ubc0f \uc9c4\ub4dc\uae30\uac00 \uc5c6\uc2b5\ub2c8\ub2e4. \uc885\uc774 \ubd09\ud22c\uc5d0 \ud3ec\uc7a5\ub418\uc5b4 5-25\u00b0C\uc758 \uac74\uc870\ud55c \ud658\uacbd\uc5d0\uc11c \ube5b\uacfc \uc774\ubb3c\uc9c8 \ub0c4\uc0c8\ub85c\ubd80\ud130 \ubcf4\ud638\ub418\uc5b4 \ubcf4\uad00\ub429\ub2c8\ub2e4.  <\/p>\n","protected":false},"excerpt":{"rendered":"<p><strong data-start=\"251\" data-end=\"273\">\ub9d0\ub9b0 \ub77c\uc784\uaf43\uc740<\/strong> \uc138\uc2ec\ud558\uac8c \ucd94\ucd9c\ud55c \ud5c8\ube0c \uc6d0\ub8cc\ub85c, \uc608\ub85c\ubd80\ud130 \uc9c4\uc815 \ud6a8\uacfc\uac00 \uc788\ub294 \uac83\uc73c\ub85c \uc54c\ub824\uc838 \uc788\uc2b5\ub2c8\ub2e4.<\/p>\n","protected":false},"featured_media":41655,"template":"","meta":[],"product_brand":[],"product_cat":[8175],"product_tag":[],"class_list":{"0":"post-41661","1":"product","2":"type-product","3":"status-publish","4":"has-post-thumbnail","6":"product_cat-saeng-san-yong-won-ryo","8":"first","9":"instock","10":"shipping-taxable","11":"product-type-simple"},"yoast_head":"<!-- This site is optimized with the Yoast SEO plugin v27.3 - https:\/\/yoast.com\/product\/yoast-seo-wordpress\/ -->\n<title>\ub9d0\ub9b0 \ub77c\uc784 \uaf43 - Hurtowy Dystrybutor<\/title>\n<meta name=\"description\" content=\"\ub9d0\ub9b0 \ub77c\uc784 \ube14\ub7ec\uc378\uc740 \ud558\ud2b8 \ubaa8\uc591\uc758 \ub2e8\uc77c \uc78e\uc774 \ud2b9\uc9d5\uc785\ub2c8\ub2e4. \uad6c\uac15 \uc5fc\uc99d\uc5d0 \ub3c4\uc6c0\uc774 \ub418\ub294 \uc8fc\uc785\uc561\uc744 \ub9cc\ub4dc\ub294 \ub370 \uc0ac\uc6a9\ud560 \uc218 \uc788\uc2b5\ub2c8\ub2e4.\" \/>\n<meta name=\"robots\" content=\"index, follow, max-snippet:-1, max-image-preview:large, max-video-preview:-1\" \/>\n<link rel=\"canonical\" href=\"https:\/\/naturalpoland.com\/ko\/je-pum\/sig-pum-won-ryo\/saeng-san-yong-won-ryo\/suszony-kwiat-lipy\/\" \/>\n<meta property=\"og:locale\" content=\"ko_KR\" \/>\n<meta property=\"og:type\" content=\"article\" \/>\n<meta property=\"og:title\" content=\"\ub9d0\ub9b0 \ub77c\uc784 \uaf43 - Hurtowy Dystrybutor\" \/>\n<meta property=\"og:description\" content=\"\ub9d0\ub9b0 \ub77c\uc784 \ube14\ub7ec\uc378\uc740 \ud558\ud2b8 \ubaa8\uc591\uc758 \ub2e8\uc77c \uc78e\uc774 \ud2b9\uc9d5\uc785\ub2c8\ub2e4. \uad6c\uac15 \uc5fc\uc99d\uc5d0 \ub3c4\uc6c0\uc774 \ub418\ub294 \uc8fc\uc785\uc561\uc744 \ub9cc\ub4dc\ub294 \ub370 \uc0ac\uc6a9\ud560 \uc218 \uc788\uc2b5\ub2c8\ub2e4.\" \/>\n<meta property=\"og:url\" content=\"https:\/\/naturalpoland.com\/ko\/je-pum\/sig-pum-won-ryo\/saeng-san-yong-won-ryo\/suszony-kwiat-lipy\/\" \/>\n<meta property=\"og:site_name\" content=\"NATURAL POLAND - Hurtowy Dystrybutor Surowc\u00f3w\" \/>\n<meta property=\"article:publisher\" content=\"https:\/\/www.facebook.com\/naturalpoland.b2b\" \/>\n<meta property=\"og:image\" content=\"https:\/\/naturalpoland.com\/wp-content\/uploads\/suszony-kwiat-lipy.webp\" \/>\n\t<meta property=\"og:image:width\" content=\"1024\" \/>\n\t<meta property=\"og:image:height\" content=\"1024\" \/>\n\t<meta property=\"og:image:type\" content=\"image\/webp\" \/>\n<script type=\"application\/ld+json\" class=\"yoast-schema-graph\">{\"@context\":\"https:\\\/\\\/schema.org\",\"@graph\":[{\"@type\":\"WebPage\",\"@id\":\"https:\\\/\\\/naturalpoland.com\\\/ko\\\/je-pum\\\/sig-pum-won-ryo\\\/saeng-san-yong-won-ryo\\\/suszony-kwiat-lipy\\\/\",\"url\":\"https:\\\/\\\/naturalpoland.com\\\/ko\\\/je-pum\\\/sig-pum-won-ryo\\\/saeng-san-yong-won-ryo\\\/suszony-kwiat-lipy\\\/\",\"name\":\"\ub9d0\ub9b0 \ub77c\uc784 \uaf43 - Hurtowy Dystrybutor\",\"isPartOf\":{\"@id\":\"https:\\\/\\\/naturalpoland.com\\\/ko\\\/#website\"},\"primaryImageOfPage\":{\"@id\":\"https:\\\/\\\/naturalpoland.com\\\/ko\\\/je-pum\\\/sig-pum-won-ryo\\\/saeng-san-yong-won-ryo\\\/suszony-kwiat-lipy\\\/#primaryimage\"},\"image\":{\"@id\":\"https:\\\/\\\/naturalpoland.com\\\/ko\\\/je-pum\\\/sig-pum-won-ryo\\\/saeng-san-yong-won-ryo\\\/suszony-kwiat-lipy\\\/#primaryimage\"},\"thumbnailUrl\":\"https:\\\/\\\/naturalpoland.com\\\/wp-content\\\/uploads\\\/suszony-kwiat-lipy.webp\",\"datePublished\":\"2025-06-26T08:54:18+00:00\",\"description\":\"\ub9d0\ub9b0 \ub77c\uc784 \ube14\ub7ec\uc378\uc740 \ud558\ud2b8 \ubaa8\uc591\uc758 \ub2e8\uc77c \uc78e\uc774 \ud2b9\uc9d5\uc785\ub2c8\ub2e4. \uad6c\uac15 \uc5fc\uc99d\uc5d0 \ub3c4\uc6c0\uc774 \ub418\ub294 \uc8fc\uc785\uc561\uc744 \ub9cc\ub4dc\ub294 \ub370 \uc0ac\uc6a9\ud560 \uc218 \uc788\uc2b5\ub2c8\ub2e4.\",\"breadcrumb\":{\"@id\":\"https:\\\/\\\/naturalpoland.com\\\/ko\\\/je-pum\\\/sig-pum-won-ryo\\\/saeng-san-yong-won-ryo\\\/suszony-kwiat-lipy\\\/#breadcrumb\"},\"inLanguage\":\"ko-KR\",\"potentialAction\":[{\"@type\":\"ReadAction\",\"target\":[\"https:\\\/\\\/naturalpoland.com\\\/ko\\\/je-pum\\\/sig-pum-won-ryo\\\/saeng-san-yong-won-ryo\\\/suszony-kwiat-lipy\\\/\"]}]},{\"@type\":\"ImageObject\",\"inLanguage\":\"ko-KR\",\"@id\":\"https:\\\/\\\/naturalpoland.com\\\/ko\\\/je-pum\\\/sig-pum-won-ryo\\\/saeng-san-yong-won-ryo\\\/suszony-kwiat-lipy\\\/#primaryimage\",\"url\":\"https:\\\/\\\/naturalpoland.com\\\/wp-content\\\/uploads\\\/suszony-kwiat-lipy.webp\",\"contentUrl\":\"https:\\\/\\\/naturalpoland.com\\\/wp-content\\\/uploads\\\/suszony-kwiat-lipy.webp\",\"width\":1024,\"height\":1024,\"caption\":\"suszony kwiat lipy\"},{\"@type\":\"BreadcrumbList\",\"@id\":\"https:\\\/\\\/naturalpoland.com\\\/ko\\\/je-pum\\\/sig-pum-won-ryo\\\/saeng-san-yong-won-ryo\\\/suszony-kwiat-lipy\\\/#breadcrumb\",\"itemListElement\":[{\"@type\":\"ListItem\",\"position\":1,\"name\":\"\ud648\",\"item\":\"https:\\\/\\\/naturalpoland.com\\\/ko\\\/\"},{\"@type\":\"ListItem\",\"position\":2,\"name\":\"\uc81c\ud488\",\"item\":\"https:\\\/\\\/naturalpoland.com\\\/ko\\\/%ec%a0%9c%ed%92%88\\\/\"},{\"@type\":\"ListItem\",\"position\":3,\"name\":\"\ub9d0\ub9b0 \ub77c\uc784 \uaf43\"}]},{\"@type\":\"WebSite\",\"@id\":\"https:\\\/\\\/naturalpoland.com\\\/ko\\\/#website\",\"url\":\"https:\\\/\\\/naturalpoland.com\\\/ko\\\/\",\"name\":\"NATURAL POLAND - Hurtowy Dystrybutor Surowc\u00f3w\",\"description\":\"Surowce dla przemys\u0142u spo\u017cywczego, kosmetycznego i farmaceutycznego\",\"publisher\":{\"@id\":\"https:\\\/\\\/naturalpoland.com\\\/ko\\\/#organization\"},\"potentialAction\":[{\"@type\":\"SearchAction\",\"target\":{\"@type\":\"EntryPoint\",\"urlTemplate\":\"https:\\\/\\\/naturalpoland.com\\\/ko\\\/?s={search_term_string}\"},\"query-input\":{\"@type\":\"PropertyValueSpecification\",\"valueRequired\":true,\"valueName\":\"search_term_string\"}}],\"inLanguage\":\"ko-KR\"},{\"@type\":\"Organization\",\"@id\":\"https:\\\/\\\/naturalpoland.com\\\/ko\\\/#organization\",\"name\":\"Natural Poland\",\"url\":\"https:\\\/\\\/naturalpoland.com\\\/ko\\\/\",\"logo\":{\"@type\":\"ImageObject\",\"inLanguage\":\"ko-KR\",\"@id\":\"https:\\\/\\\/naturalpoland.com\\\/ko\\\/#\\\/schema\\\/logo\\\/image\\\/\",\"url\":\"https:\\\/\\\/naturalpoland.com\\\/wp-content\\\/uploads\\\/2021\\\/05\\\/natural-poland-icon.png\",\"contentUrl\":\"https:\\\/\\\/naturalpoland.com\\\/wp-content\\\/uploads\\\/2021\\\/05\\\/natural-poland-icon.png\",\"width\":512,\"height\":512,\"caption\":\"Natural Poland\"},\"image\":{\"@id\":\"https:\\\/\\\/naturalpoland.com\\\/ko\\\/#\\\/schema\\\/logo\\\/image\\\/\"},\"sameAs\":[\"https:\\\/\\\/www.facebook.com\\\/naturalpoland.b2b\",\"https:\\\/\\\/pl.linkedin.com\\\/company\\\/natural-poland\",\"https:\\\/\\\/www.youtube.com\\\/channel\\\/UCgeGGkvOMahZo-xu_MSEWxg\"]}]}<\/script>\n<!-- \/ Yoast SEO plugin. -->","yoast_head_json":{"title":"\ub9d0\ub9b0 \ub77c\uc784 \uaf43 - Hurtowy Dystrybutor","description":"\ub9d0\ub9b0 \ub77c\uc784 \ube14\ub7ec\uc378\uc740 \ud558\ud2b8 \ubaa8\uc591\uc758 \ub2e8\uc77c \uc78e\uc774 \ud2b9\uc9d5\uc785\ub2c8\ub2e4. \uad6c\uac15 \uc5fc\uc99d\uc5d0 \ub3c4\uc6c0\uc774 \ub418\ub294 \uc8fc\uc785\uc561\uc744 \ub9cc\ub4dc\ub294 \ub370 \uc0ac\uc6a9\ud560 \uc218 \uc788\uc2b5\ub2c8\ub2e4.","robots":{"index":"index","follow":"follow","max-snippet":"max-snippet:-1","max-image-preview":"max-image-preview:large","max-video-preview":"max-video-preview:-1"},"canonical":"https:\/\/naturalpoland.com\/ko\/je-pum\/sig-pum-won-ryo\/saeng-san-yong-won-ryo\/suszony-kwiat-lipy\/","og_locale":"ko_KR","og_type":"article","og_title":"\ub9d0\ub9b0 \ub77c\uc784 \uaf43 - Hurtowy Dystrybutor","og_description":"\ub9d0\ub9b0 \ub77c\uc784 \ube14\ub7ec\uc378\uc740 \ud558\ud2b8 \ubaa8\uc591\uc758 \ub2e8\uc77c \uc78e\uc774 \ud2b9\uc9d5\uc785\ub2c8\ub2e4. \uad6c\uac15 \uc5fc\uc99d\uc5d0 \ub3c4\uc6c0\uc774 \ub418\ub294 \uc8fc\uc785\uc561\uc744 \ub9cc\ub4dc\ub294 \ub370 \uc0ac\uc6a9\ud560 \uc218 \uc788\uc2b5\ub2c8\ub2e4.","og_url":"https:\/\/naturalpoland.com\/ko\/je-pum\/sig-pum-won-ryo\/saeng-san-yong-won-ryo\/suszony-kwiat-lipy\/","og_site_name":"NATURAL POLAND - Hurtowy Dystrybutor Surowc\u00f3w","article_publisher":"https:\/\/www.facebook.com\/naturalpoland.b2b","og_image":[{"width":1024,"height":1024,"url":"https:\/\/naturalpoland.com\/wp-content\/uploads\/suszony-kwiat-lipy.webp","type":"image\/webp"}],"schema":{"@context":"https:\/\/schema.org","@graph":[{"@type":"WebPage","@id":"https:\/\/naturalpoland.com\/ko\/je-pum\/sig-pum-won-ryo\/saeng-san-yong-won-ryo\/suszony-kwiat-lipy\/","url":"https:\/\/naturalpoland.com\/ko\/je-pum\/sig-pum-won-ryo\/saeng-san-yong-won-ryo\/suszony-kwiat-lipy\/","name":"\ub9d0\ub9b0 \ub77c\uc784 \uaf43 - Hurtowy Dystrybutor","isPartOf":{"@id":"https:\/\/naturalpoland.com\/ko\/#website"},"primaryImageOfPage":{"@id":"https:\/\/naturalpoland.com\/ko\/je-pum\/sig-pum-won-ryo\/saeng-san-yong-won-ryo\/suszony-kwiat-lipy\/#primaryimage"},"image":{"@id":"https:\/\/naturalpoland.com\/ko\/je-pum\/sig-pum-won-ryo\/saeng-san-yong-won-ryo\/suszony-kwiat-lipy\/#primaryimage"},"thumbnailUrl":"https:\/\/naturalpoland.com\/wp-content\/uploads\/suszony-kwiat-lipy.webp","datePublished":"2025-06-26T08:54:18+00:00","description":"\ub9d0\ub9b0 \ub77c\uc784 \ube14\ub7ec\uc378\uc740 \ud558\ud2b8 \ubaa8\uc591\uc758 \ub2e8\uc77c \uc78e\uc774 \ud2b9\uc9d5\uc785\ub2c8\ub2e4. \uad6c\uac15 \uc5fc\uc99d\uc5d0 \ub3c4\uc6c0\uc774 \ub418\ub294 \uc8fc\uc785\uc561\uc744 \ub9cc\ub4dc\ub294 \ub370 \uc0ac\uc6a9\ud560 \uc218 \uc788\uc2b5\ub2c8\ub2e4.","breadcrumb":{"@id":"https:\/\/naturalpoland.com\/ko\/je-pum\/sig-pum-won-ryo\/saeng-san-yong-won-ryo\/suszony-kwiat-lipy\/#breadcrumb"},"inLanguage":"ko-KR","potentialAction":[{"@type":"ReadAction","target":["https:\/\/naturalpoland.com\/ko\/je-pum\/sig-pum-won-ryo\/saeng-san-yong-won-ryo\/suszony-kwiat-lipy\/"]}]},{"@type":"ImageObject","inLanguage":"ko-KR","@id":"https:\/\/naturalpoland.com\/ko\/je-pum\/sig-pum-won-ryo\/saeng-san-yong-won-ryo\/suszony-kwiat-lipy\/#primaryimage","url":"https:\/\/naturalpoland.com\/wp-content\/uploads\/suszony-kwiat-lipy.webp","contentUrl":"https:\/\/naturalpoland.com\/wp-content\/uploads\/suszony-kwiat-lipy.webp","width":1024,"height":1024,"caption":"suszony kwiat lipy"},{"@type":"BreadcrumbList","@id":"https:\/\/naturalpoland.com\/ko\/je-pum\/sig-pum-won-ryo\/saeng-san-yong-won-ryo\/suszony-kwiat-lipy\/#breadcrumb","itemListElement":[{"@type":"ListItem","position":1,"name":"\ud648","item":"https:\/\/naturalpoland.com\/ko\/"},{"@type":"ListItem","position":2,"name":"\uc81c\ud488","item":"https:\/\/naturalpoland.com\/ko\/%ec%a0%9c%ed%92%88\/"},{"@type":"ListItem","position":3,"name":"\ub9d0\ub9b0 \ub77c\uc784 \uaf43"}]},{"@type":"WebSite","@id":"https:\/\/naturalpoland.com\/ko\/#website","url":"https:\/\/naturalpoland.com\/ko\/","name":"NATURAL POLAND - Hurtowy Dystrybutor Surowc\u00f3w","description":"Surowce dla przemys\u0142u spo\u017cywczego, kosmetycznego i farmaceutycznego","publisher":{"@id":"https:\/\/naturalpoland.com\/ko\/#organization"},"potentialAction":[{"@type":"SearchAction","target":{"@type":"EntryPoint","urlTemplate":"https:\/\/naturalpoland.com\/ko\/?s={search_term_string}"},"query-input":{"@type":"PropertyValueSpecification","valueRequired":true,"valueName":"search_term_string"}}],"inLanguage":"ko-KR"},{"@type":"Organization","@id":"https:\/\/naturalpoland.com\/ko\/#organization","name":"Natural Poland","url":"https:\/\/naturalpoland.com\/ko\/","logo":{"@type":"ImageObject","inLanguage":"ko-KR","@id":"https:\/\/naturalpoland.com\/ko\/#\/schema\/logo\/image\/","url":"https:\/\/naturalpoland.com\/wp-content\/uploads\/2021\/05\/natural-poland-icon.png","contentUrl":"https:\/\/naturalpoland.com\/wp-content\/uploads\/2021\/05\/natural-poland-icon.png","width":512,"height":512,"caption":"Natural Poland"},"image":{"@id":"https:\/\/naturalpoland.com\/ko\/#\/schema\/logo\/image\/"},"sameAs":["https:\/\/www.facebook.com\/naturalpoland.b2b","https:\/\/pl.linkedin.com\/company\/natural-poland","https:\/\/www.youtube.com\/channel\/UCgeGGkvOMahZo-xu_MSEWxg"]}]}},"_links":{"self":[{"href":"https:\/\/naturalpoland.com\/ko\/wp-json\/wp\/v2\/product\/41661","targetHints":{"allow":["GET"]}}],"collection":[{"href":"https:\/\/naturalpoland.com\/ko\/wp-json\/wp\/v2\/product"}],"about":[{"href":"https:\/\/naturalpoland.com\/ko\/wp-json\/wp\/v2\/types\/product"}],"wp:featuredmedia":[{"embeddable":true,"href":"https:\/\/naturalpoland.com\/ko\/wp-json\/wp\/v2\/media\/41655"}],"wp:attachment":[{"href":"https:\/\/naturalpoland.com\/ko\/wp-json\/wp\/v2\/media?parent=41661"}],"wp:term":[{"taxonomy":"product_brand","embeddable":true,"href":"https:\/\/naturalpoland.com\/ko\/wp-json\/wp\/v2\/product_brand?post=41661"},{"taxonomy":"product_cat","embeddable":true,"href":"https:\/\/naturalpoland.com\/ko\/wp-json\/wp\/v2\/product_cat?post=41661"},{"taxonomy":"product_tag","embeddable":true,"href":"https:\/\/naturalpoland.com\/ko\/wp-json\/wp\/v2\/product_tag?post=41661"}],"curies":[{"name":"wp","href":"https:\/\/api.w.org\/{rel}","templated":true}]}}