{"id":41727,"date":"2025-06-12T14:38:24","date_gmt":"2025-06-12T12:38:24","guid":{"rendered":"https:\/\/naturalpoland.com\/produkty\/uncategorized\/ekstrakt-z-tarczycy-bajkalskiej\/"},"modified":"2025-07-01T13:40:46","modified_gmt":"2025-07-01T11:40:46","slug":"ekstrakt-z-tarczycy-bajkalskiej","status":"publish","type":"product","link":"https:\/\/naturalpoland.com\/ko\/je-pum\/sig-mul-chu-chul-mul\/ekstrakt-z-tarczycy-bajkalskiej\/","title":{"rendered":"\ubc14\uc774\uce7c \uac11\uc0c1\uc120 \ucd94\ucd9c\ubb3c"},"content":{"rendered":"<h2>\uc2a4\ucfe0\ud154\ub77c\ub9ac\uc544 \ubc14\uc774\uce7c\ub80c\uc2dc\uc2a4 \ucd94\ucd9c\ubb3c\uc758 \ud2b9\uc131<\/h2>\n<p>\ucd94\ucd9c\ubb3c\uc740 \uc5f0\ud55c \ub178\ub780\uc0c9\uc5d0\uc11c \uac08\uc0c9\uc744 \ub764 \ub178\ub780\uc0c9 \ubd84\ub9d0 \ud615\ud0dc\uc785\ub2c8\ub2e4. \ubb3c\uacfc \uc5d0\ud0c4\uc62c\uc5d0 \uc6a9\ud574\ub418\uba70 \uc6b4\ubc18\uccb4\ub85c\uc11c \ub9d0\ud1a0\ub371\uc2a4\ud2b8\ub9b0\ub3c4 \ud568\uc720\ud558\uace0 \uc788\uc2b5\ub2c8\ub2e4. <\/p>\n<p>\uc774 \uc6d0\ub8cc\ub294 \uc2e0\uacbd \ubcf4\ud638, \ud56d\ubc14\uc774\ub7ec\uc2a4, \ud56d\uade0 \ubc0f \ud56d\uc54c\ub808\ub974\uae30 \ud6a8\uacfc\ub97c \ub098\ud0c0\ub0c5\ub2c8\ub2e4. \uc8fc\uc694 \ud65c\uc131 \uc131\ubd84\uc778 <strong>\ubc14\uc774\uce7c\ub808\uc778\uc740<\/strong> \ud65c\uc131 \uc0b0\uc18c\ub97c \uc911\ud654\uc2dc\ud0a4\uace0 \uc0b0\ud654 \uc2a4\ud2b8\ub808\uc2a4\ub85c\ubd80\ud130 DNA\ub97c \ubcf4\ud638\ud558\ub294 \ub2a5\ub825\uc744 \ubcf4\uc5ec\uc90d\ub2c8\ub2e4. \uc774 \ubb3c\uc9c8\uc740 \ub610\ud55c \uc5fc\uc99d \uacfc\uc815\uc758 \uc870\uc808\uc744 \uc9c0\uc6d0\ud558\ubbc0\ub85c \uba74\uc5ed, \uc2e0\uacbd \ubc0f \uc2ec\ud608\uad00\uacc4 \uc804\uc6a9\uc2dd\uc774 \ubcf4\uc870\uc81c\uc5d0 \uc0ac\uc6a9\ub429\ub2c8\ub2e4. \ub610\ud55c \uc5f0\uad6c\uc5d0 \ub530\ub974\uba74 \uc54c\ub808\ub974\uae30, \uac10\uc5fc \uc99d\uc0c1\uc744 \uc644\ud654\ud558\uace0 \ub9cc\uc131 \uc9c8\ud658 \uce58\ub8cc\uc758 \ubcf4\uc870\uc81c\ub85c\ub3c4 \uc0ac\uc6a9\ud560 \uc218 \uc788\ub294 \uc7a0\uc7ac\ub825\uc774 \uc788\ub2e4\uace0 \ud569\ub2c8\ub2e4.  <\/p>\n<h2>\ubc14\uc774\uce7c \uac11\uc0c1\uc120 \ucd94\ucd9c\ubb3c \uc0ac\uc6a9<\/h2>\n<p>\uc774 \ucd94\ucd9c\ubb3c\uc740 \uc8fc\ub85c \uc2dd\uc774 \ubcf4\uc870\uc81c, \ucc9c\uc5f0 \uc758\uc57d\ud488 \ubc0f \ub178\ud654 \ubc29\uc9c0 \ud654\uc7a5\ud488\uc5d0 \uc0ac\uc6a9\ub429\ub2c8\ub2e4. \uc9c4\uc815 \ubc0f \ud56d\uc0b0\ud654 \ud6a8\uacfc\ub85c \uc778\ud574 \ubbfc\uac10\ud55c \ud53c\ubd80, \uc790\uadf9\ubc1b\uc740 \ud53c\ubd80 \ub610\ub294 \ud658\uacbd \uc2a4\ud2b8\ub808\uc2a4\uc5d0 \ub178\ucd9c \ub41c \ud53c\ubd80\ub97c\uc704\ud55c \uc900\ube44\uc5d0 \uc0ac\uc6a9\ub418\uae30\ub3c4\ud569\ub2c8\ub2e4. \uad11\ubc94\uc704\ud55c \uc791\uc6a9\uacfc \ucc9c\uc5f0 \uc720\ub798\ub85c \uc778\ud574\uc774 \ucd94\ucd9c\ubb3c\uc740 \uba74\uc5ed \ubcf4\ud638 \ubc0f \uc138\ud3ec \uc7ac\uc0dd\uc5d0 \ub300\ud55c \ud544\uc694\uc131\uc774 \uc99d\uac00\ud558\ub294 \uc0c1\ud0dc\uc5d0\uc11c \uc2e0\uccb4\ub97c \uc9c0\uc6d0\ud558\ub294 \uac83\uc73c\ub85c \uc778\uae30\ub97c \uc5bb\uace0 \uc788\uc2b5\ub2c8\ub2e4.  <\/p>\n","protected":false},"excerpt":{"rendered":"<p><strong data-start=\"0\" data-end=\"61\">\ubc14\uc774\uce7c \uac11\uc0c1\uc120 \ucd94\ucd9c\ubb3c(<em>\uc2a4\ucfe0\ud154\ub77c\ub9ac\uc544 \ubc14\uc774\uce7c\ub80c\uc2dc\uc2a4<\/em><\/strong> )\uc740 \uc804\ud1b5\uc801\uc73c\ub85c \ud55c\uc758\ud559\uc5d0\uc11c \uc0ac\uc6a9\ub418\ub294 \uc774 \uc2dd\ubb3c\uc758 \ubfcc\ub9ac\uc5d0\uc11c \ucd94\ucd9c\ud569\ub2c8\ub2e4. \uc774 \ucd94\ucd9c\ubb3c\uc740 \uac15\ub825\ud55c \ud56d\uc5fc\uc99d, \ud56d\uc0b0\ud654 \ubc0f \uba74\uc5ed \uc9c0\uc6d0 \ud6a8\uacfc\uac00 \uc788\ub294 <strong>\ubc14\uc774\uce7c\ub9b0\uc744<\/strong> \ud568\uc720\ud558\ub3c4\ub85d \ud45c\uc900\ud654\ub418\uc5b4 \uc788\uc2b5\ub2c8\ub2e4. <\/p>\n","protected":false},"featured_media":41491,"template":"","meta":[],"product_brand":[],"product_cat":[8134],"product_tag":[],"class_list":{"0":"post-41727","1":"product","2":"type-product","3":"status-publish","4":"has-post-thumbnail","6":"product_cat-sig-mul-chu-chul-mul","7":"pa_czesc-rosliny-root-ko","8":"pa_skladnik-aktywny-8337","10":"first","11":"instock","12":"shipping-taxable","13":"product-type-simple"},"yoast_head":"<!-- This site is optimized with the Yoast SEO plugin v27.3 - https:\/\/yoast.com\/product\/yoast-seo-wordpress\/ -->\n<title>\ubc14\uc774\uce7c \uac11\uc0c1\uc120 \ucd94\ucd9c\ubb3c - Hurtowy Dystrybutor<\/title>\n<meta name=\"description\" content=\"\ubc14\uc774\uce7c \uac11\uc0c1\uc120 \ucd94\ucd9c\ubb3c(\uc2a4\ucfe0\ud154\ub77c\ub9ac\uc544 \ubc14\uc774\uce7c\ub80c\uc2dc\uc2a4)\uc740 \uc804\ud1b5\uc801\uc73c\ub85c \ud55c\uc758\ud559\uc5d0\uc11c \uc0ac\uc6a9\ub418\ub294 \uc774 \uc2dd\ubb3c\uc758 \ubfcc\ub9ac\uc5d0\uc11c \uc5bb\uc740 \uc6d0\ub8cc\uc785\ub2c8\ub2e4.\" \/>\n<meta name=\"robots\" content=\"index, follow, max-snippet:-1, max-image-preview:large, max-video-preview:-1\" \/>\n<link rel=\"canonical\" href=\"https:\/\/naturalpoland.com\/ko\/je-pum\/sig-mul-chu-chul-mul\/ekstrakt-z-tarczycy-bajkalskiej\/\" \/>\n<meta property=\"og:locale\" content=\"ko_KR\" \/>\n<meta property=\"og:type\" content=\"article\" \/>\n<meta property=\"og:title\" content=\"\ubc14\uc774\uce7c \uac11\uc0c1\uc120 \ucd94\ucd9c\ubb3c - Hurtowy Dystrybutor\" \/>\n<meta property=\"og:description\" content=\"\ubc14\uc774\uce7c \uac11\uc0c1\uc120 \ucd94\ucd9c\ubb3c(\uc2a4\ucfe0\ud154\ub77c\ub9ac\uc544 \ubc14\uc774\uce7c\ub80c\uc2dc\uc2a4)\uc740 \uc804\ud1b5\uc801\uc73c\ub85c \ud55c\uc758\ud559\uc5d0\uc11c \uc0ac\uc6a9\ub418\ub294 \uc774 \uc2dd\ubb3c\uc758 \ubfcc\ub9ac\uc5d0\uc11c \uc5bb\uc740 \uc6d0\ub8cc\uc785\ub2c8\ub2e4.\" \/>\n<meta property=\"og:url\" content=\"https:\/\/naturalpoland.com\/ko\/je-pum\/sig-mul-chu-chul-mul\/ekstrakt-z-tarczycy-bajkalskiej\/\" \/>\n<meta property=\"og:site_name\" content=\"NATURAL POLAND - Hurtowy Dystrybutor Surowc\u00f3w\" \/>\n<meta property=\"article:publisher\" content=\"https:\/\/www.facebook.com\/naturalpoland.b2b\" \/>\n<meta property=\"article:modified_time\" content=\"2025-07-01T11:40:46+00:00\" \/>\n<meta property=\"og:image\" content=\"https:\/\/naturalpoland.com\/wp-content\/uploads\/ekstrakt-z-tarczycy-bajkalskiej.webp\" \/>\n\t<meta property=\"og:image:width\" content=\"1024\" \/>\n\t<meta property=\"og:image:height\" content=\"1024\" \/>\n\t<meta property=\"og:image:type\" content=\"image\/webp\" \/>\n<script type=\"application\/ld+json\" class=\"yoast-schema-graph\">{\"@context\":\"https:\\\/\\\/schema.org\",\"@graph\":[{\"@type\":\"WebPage\",\"@id\":\"https:\\\/\\\/naturalpoland.com\\\/ko\\\/je-pum\\\/sig-mul-chu-chul-mul\\\/ekstrakt-z-tarczycy-bajkalskiej\\\/\",\"url\":\"https:\\\/\\\/naturalpoland.com\\\/ko\\\/je-pum\\\/sig-mul-chu-chul-mul\\\/ekstrakt-z-tarczycy-bajkalskiej\\\/\",\"name\":\"\ubc14\uc774\uce7c \uac11\uc0c1\uc120 \ucd94\ucd9c\ubb3c - Hurtowy Dystrybutor\",\"isPartOf\":{\"@id\":\"https:\\\/\\\/naturalpoland.com\\\/ko\\\/#website\"},\"primaryImageOfPage\":{\"@id\":\"https:\\\/\\\/naturalpoland.com\\\/ko\\\/je-pum\\\/sig-mul-chu-chul-mul\\\/ekstrakt-z-tarczycy-bajkalskiej\\\/#primaryimage\"},\"image\":{\"@id\":\"https:\\\/\\\/naturalpoland.com\\\/ko\\\/je-pum\\\/sig-mul-chu-chul-mul\\\/ekstrakt-z-tarczycy-bajkalskiej\\\/#primaryimage\"},\"thumbnailUrl\":\"https:\\\/\\\/naturalpoland.com\\\/wp-content\\\/uploads\\\/ekstrakt-z-tarczycy-bajkalskiej.webp\",\"datePublished\":\"2025-06-12T12:38:24+00:00\",\"dateModified\":\"2025-07-01T11:40:46+00:00\",\"description\":\"\ubc14\uc774\uce7c \uac11\uc0c1\uc120 \ucd94\ucd9c\ubb3c(\uc2a4\ucfe0\ud154\ub77c\ub9ac\uc544 \ubc14\uc774\uce7c\ub80c\uc2dc\uc2a4)\uc740 \uc804\ud1b5\uc801\uc73c\ub85c \ud55c\uc758\ud559\uc5d0\uc11c \uc0ac\uc6a9\ub418\ub294 \uc774 \uc2dd\ubb3c\uc758 \ubfcc\ub9ac\uc5d0\uc11c \uc5bb\uc740 \uc6d0\ub8cc\uc785\ub2c8\ub2e4.\",\"breadcrumb\":{\"@id\":\"https:\\\/\\\/naturalpoland.com\\\/ko\\\/je-pum\\\/sig-mul-chu-chul-mul\\\/ekstrakt-z-tarczycy-bajkalskiej\\\/#breadcrumb\"},\"inLanguage\":\"ko-KR\",\"potentialAction\":[{\"@type\":\"ReadAction\",\"target\":[\"https:\\\/\\\/naturalpoland.com\\\/ko\\\/je-pum\\\/sig-mul-chu-chul-mul\\\/ekstrakt-z-tarczycy-bajkalskiej\\\/\"]}]},{\"@type\":\"ImageObject\",\"inLanguage\":\"ko-KR\",\"@id\":\"https:\\\/\\\/naturalpoland.com\\\/ko\\\/je-pum\\\/sig-mul-chu-chul-mul\\\/ekstrakt-z-tarczycy-bajkalskiej\\\/#primaryimage\",\"url\":\"https:\\\/\\\/naturalpoland.com\\\/wp-content\\\/uploads\\\/ekstrakt-z-tarczycy-bajkalskiej.webp\",\"contentUrl\":\"https:\\\/\\\/naturalpoland.com\\\/wp-content\\\/uploads\\\/ekstrakt-z-tarczycy-bajkalskiej.webp\",\"width\":1024,\"height\":1024,\"caption\":\"Ekstrakt z tarczycy bajkalskiej\"},{\"@type\":\"BreadcrumbList\",\"@id\":\"https:\\\/\\\/naturalpoland.com\\\/ko\\\/je-pum\\\/sig-mul-chu-chul-mul\\\/ekstrakt-z-tarczycy-bajkalskiej\\\/#breadcrumb\",\"itemListElement\":[{\"@type\":\"ListItem\",\"position\":1,\"name\":\"\ud648\",\"item\":\"https:\\\/\\\/naturalpoland.com\\\/ko\\\/\"},{\"@type\":\"ListItem\",\"position\":2,\"name\":\"\uc81c\ud488\",\"item\":\"https:\\\/\\\/naturalpoland.com\\\/ko\\\/%ec%a0%9c%ed%92%88\\\/\"},{\"@type\":\"ListItem\",\"position\":3,\"name\":\"\ubc14\uc774\uce7c \uac11\uc0c1\uc120 \ucd94\ucd9c\ubb3c\"}]},{\"@type\":\"WebSite\",\"@id\":\"https:\\\/\\\/naturalpoland.com\\\/ko\\\/#website\",\"url\":\"https:\\\/\\\/naturalpoland.com\\\/ko\\\/\",\"name\":\"NATURAL POLAND - Hurtowy Dystrybutor Surowc\u00f3w\",\"description\":\"Surowce dla przemys\u0142u spo\u017cywczego, kosmetycznego i farmaceutycznego\",\"publisher\":{\"@id\":\"https:\\\/\\\/naturalpoland.com\\\/ko\\\/#organization\"},\"potentialAction\":[{\"@type\":\"SearchAction\",\"target\":{\"@type\":\"EntryPoint\",\"urlTemplate\":\"https:\\\/\\\/naturalpoland.com\\\/ko\\\/?s={search_term_string}\"},\"query-input\":{\"@type\":\"PropertyValueSpecification\",\"valueRequired\":true,\"valueName\":\"search_term_string\"}}],\"inLanguage\":\"ko-KR\"},{\"@type\":\"Organization\",\"@id\":\"https:\\\/\\\/naturalpoland.com\\\/ko\\\/#organization\",\"name\":\"Natural Poland\",\"url\":\"https:\\\/\\\/naturalpoland.com\\\/ko\\\/\",\"logo\":{\"@type\":\"ImageObject\",\"inLanguage\":\"ko-KR\",\"@id\":\"https:\\\/\\\/naturalpoland.com\\\/ko\\\/#\\\/schema\\\/logo\\\/image\\\/\",\"url\":\"https:\\\/\\\/naturalpoland.com\\\/wp-content\\\/uploads\\\/2021\\\/05\\\/natural-poland-icon.png\",\"contentUrl\":\"https:\\\/\\\/naturalpoland.com\\\/wp-content\\\/uploads\\\/2021\\\/05\\\/natural-poland-icon.png\",\"width\":512,\"height\":512,\"caption\":\"Natural Poland\"},\"image\":{\"@id\":\"https:\\\/\\\/naturalpoland.com\\\/ko\\\/#\\\/schema\\\/logo\\\/image\\\/\"},\"sameAs\":[\"https:\\\/\\\/www.facebook.com\\\/naturalpoland.b2b\",\"https:\\\/\\\/pl.linkedin.com\\\/company\\\/natural-poland\",\"https:\\\/\\\/www.youtube.com\\\/channel\\\/UCgeGGkvOMahZo-xu_MSEWxg\"]}]}<\/script>\n<!-- \/ Yoast SEO plugin. -->","yoast_head_json":{"title":"\ubc14\uc774\uce7c \uac11\uc0c1\uc120 \ucd94\ucd9c\ubb3c - Hurtowy Dystrybutor","description":"\ubc14\uc774\uce7c \uac11\uc0c1\uc120 \ucd94\ucd9c\ubb3c(\uc2a4\ucfe0\ud154\ub77c\ub9ac\uc544 \ubc14\uc774\uce7c\ub80c\uc2dc\uc2a4)\uc740 \uc804\ud1b5\uc801\uc73c\ub85c \ud55c\uc758\ud559\uc5d0\uc11c \uc0ac\uc6a9\ub418\ub294 \uc774 \uc2dd\ubb3c\uc758 \ubfcc\ub9ac\uc5d0\uc11c \uc5bb\uc740 \uc6d0\ub8cc\uc785\ub2c8\ub2e4.","robots":{"index":"index","follow":"follow","max-snippet":"max-snippet:-1","max-image-preview":"max-image-preview:large","max-video-preview":"max-video-preview:-1"},"canonical":"https:\/\/naturalpoland.com\/ko\/je-pum\/sig-mul-chu-chul-mul\/ekstrakt-z-tarczycy-bajkalskiej\/","og_locale":"ko_KR","og_type":"article","og_title":"\ubc14\uc774\uce7c \uac11\uc0c1\uc120 \ucd94\ucd9c\ubb3c - Hurtowy Dystrybutor","og_description":"\ubc14\uc774\uce7c \uac11\uc0c1\uc120 \ucd94\ucd9c\ubb3c(\uc2a4\ucfe0\ud154\ub77c\ub9ac\uc544 \ubc14\uc774\uce7c\ub80c\uc2dc\uc2a4)\uc740 \uc804\ud1b5\uc801\uc73c\ub85c \ud55c\uc758\ud559\uc5d0\uc11c \uc0ac\uc6a9\ub418\ub294 \uc774 \uc2dd\ubb3c\uc758 \ubfcc\ub9ac\uc5d0\uc11c \uc5bb\uc740 \uc6d0\ub8cc\uc785\ub2c8\ub2e4.","og_url":"https:\/\/naturalpoland.com\/ko\/je-pum\/sig-mul-chu-chul-mul\/ekstrakt-z-tarczycy-bajkalskiej\/","og_site_name":"NATURAL POLAND - Hurtowy Dystrybutor Surowc\u00f3w","article_publisher":"https:\/\/www.facebook.com\/naturalpoland.b2b","article_modified_time":"2025-07-01T11:40:46+00:00","og_image":[{"width":1024,"height":1024,"url":"https:\/\/naturalpoland.com\/wp-content\/uploads\/ekstrakt-z-tarczycy-bajkalskiej.webp","type":"image\/webp"}],"schema":{"@context":"https:\/\/schema.org","@graph":[{"@type":"WebPage","@id":"https:\/\/naturalpoland.com\/ko\/je-pum\/sig-mul-chu-chul-mul\/ekstrakt-z-tarczycy-bajkalskiej\/","url":"https:\/\/naturalpoland.com\/ko\/je-pum\/sig-mul-chu-chul-mul\/ekstrakt-z-tarczycy-bajkalskiej\/","name":"\ubc14\uc774\uce7c \uac11\uc0c1\uc120 \ucd94\ucd9c\ubb3c - Hurtowy Dystrybutor","isPartOf":{"@id":"https:\/\/naturalpoland.com\/ko\/#website"},"primaryImageOfPage":{"@id":"https:\/\/naturalpoland.com\/ko\/je-pum\/sig-mul-chu-chul-mul\/ekstrakt-z-tarczycy-bajkalskiej\/#primaryimage"},"image":{"@id":"https:\/\/naturalpoland.com\/ko\/je-pum\/sig-mul-chu-chul-mul\/ekstrakt-z-tarczycy-bajkalskiej\/#primaryimage"},"thumbnailUrl":"https:\/\/naturalpoland.com\/wp-content\/uploads\/ekstrakt-z-tarczycy-bajkalskiej.webp","datePublished":"2025-06-12T12:38:24+00:00","dateModified":"2025-07-01T11:40:46+00:00","description":"\ubc14\uc774\uce7c \uac11\uc0c1\uc120 \ucd94\ucd9c\ubb3c(\uc2a4\ucfe0\ud154\ub77c\ub9ac\uc544 \ubc14\uc774\uce7c\ub80c\uc2dc\uc2a4)\uc740 \uc804\ud1b5\uc801\uc73c\ub85c \ud55c\uc758\ud559\uc5d0\uc11c \uc0ac\uc6a9\ub418\ub294 \uc774 \uc2dd\ubb3c\uc758 \ubfcc\ub9ac\uc5d0\uc11c \uc5bb\uc740 \uc6d0\ub8cc\uc785\ub2c8\ub2e4.","breadcrumb":{"@id":"https:\/\/naturalpoland.com\/ko\/je-pum\/sig-mul-chu-chul-mul\/ekstrakt-z-tarczycy-bajkalskiej\/#breadcrumb"},"inLanguage":"ko-KR","potentialAction":[{"@type":"ReadAction","target":["https:\/\/naturalpoland.com\/ko\/je-pum\/sig-mul-chu-chul-mul\/ekstrakt-z-tarczycy-bajkalskiej\/"]}]},{"@type":"ImageObject","inLanguage":"ko-KR","@id":"https:\/\/naturalpoland.com\/ko\/je-pum\/sig-mul-chu-chul-mul\/ekstrakt-z-tarczycy-bajkalskiej\/#primaryimage","url":"https:\/\/naturalpoland.com\/wp-content\/uploads\/ekstrakt-z-tarczycy-bajkalskiej.webp","contentUrl":"https:\/\/naturalpoland.com\/wp-content\/uploads\/ekstrakt-z-tarczycy-bajkalskiej.webp","width":1024,"height":1024,"caption":"Ekstrakt z tarczycy bajkalskiej"},{"@type":"BreadcrumbList","@id":"https:\/\/naturalpoland.com\/ko\/je-pum\/sig-mul-chu-chul-mul\/ekstrakt-z-tarczycy-bajkalskiej\/#breadcrumb","itemListElement":[{"@type":"ListItem","position":1,"name":"\ud648","item":"https:\/\/naturalpoland.com\/ko\/"},{"@type":"ListItem","position":2,"name":"\uc81c\ud488","item":"https:\/\/naturalpoland.com\/ko\/%ec%a0%9c%ed%92%88\/"},{"@type":"ListItem","position":3,"name":"\ubc14\uc774\uce7c \uac11\uc0c1\uc120 \ucd94\ucd9c\ubb3c"}]},{"@type":"WebSite","@id":"https:\/\/naturalpoland.com\/ko\/#website","url":"https:\/\/naturalpoland.com\/ko\/","name":"NATURAL POLAND - Hurtowy Dystrybutor Surowc\u00f3w","description":"Surowce dla przemys\u0142u spo\u017cywczego, kosmetycznego i farmaceutycznego","publisher":{"@id":"https:\/\/naturalpoland.com\/ko\/#organization"},"potentialAction":[{"@type":"SearchAction","target":{"@type":"EntryPoint","urlTemplate":"https:\/\/naturalpoland.com\/ko\/?s={search_term_string}"},"query-input":{"@type":"PropertyValueSpecification","valueRequired":true,"valueName":"search_term_string"}}],"inLanguage":"ko-KR"},{"@type":"Organization","@id":"https:\/\/naturalpoland.com\/ko\/#organization","name":"Natural Poland","url":"https:\/\/naturalpoland.com\/ko\/","logo":{"@type":"ImageObject","inLanguage":"ko-KR","@id":"https:\/\/naturalpoland.com\/ko\/#\/schema\/logo\/image\/","url":"https:\/\/naturalpoland.com\/wp-content\/uploads\/2021\/05\/natural-poland-icon.png","contentUrl":"https:\/\/naturalpoland.com\/wp-content\/uploads\/2021\/05\/natural-poland-icon.png","width":512,"height":512,"caption":"Natural Poland"},"image":{"@id":"https:\/\/naturalpoland.com\/ko\/#\/schema\/logo\/image\/"},"sameAs":["https:\/\/www.facebook.com\/naturalpoland.b2b","https:\/\/pl.linkedin.com\/company\/natural-poland","https:\/\/www.youtube.com\/channel\/UCgeGGkvOMahZo-xu_MSEWxg"]}]}},"_links":{"self":[{"href":"https:\/\/naturalpoland.com\/ko\/wp-json\/wp\/v2\/product\/41727","targetHints":{"allow":["GET"]}}],"collection":[{"href":"https:\/\/naturalpoland.com\/ko\/wp-json\/wp\/v2\/product"}],"about":[{"href":"https:\/\/naturalpoland.com\/ko\/wp-json\/wp\/v2\/types\/product"}],"wp:featuredmedia":[{"embeddable":true,"href":"https:\/\/naturalpoland.com\/ko\/wp-json\/wp\/v2\/media\/41491"}],"wp:attachment":[{"href":"https:\/\/naturalpoland.com\/ko\/wp-json\/wp\/v2\/media?parent=41727"}],"wp:term":[{"taxonomy":"product_brand","embeddable":true,"href":"https:\/\/naturalpoland.com\/ko\/wp-json\/wp\/v2\/product_brand?post=41727"},{"taxonomy":"product_cat","embeddable":true,"href":"https:\/\/naturalpoland.com\/ko\/wp-json\/wp\/v2\/product_cat?post=41727"},{"taxonomy":"product_tag","embeddable":true,"href":"https:\/\/naturalpoland.com\/ko\/wp-json\/wp\/v2\/product_tag?post=41727"}],"curies":[{"name":"wp","href":"https:\/\/api.w.org\/{rel}","templated":true}]}}