{"id":41728,"date":"2025-07-01T13:39:07","date_gmt":"2025-07-01T11:39:07","guid":{"rendered":"https:\/\/naturalpoland.com\/produkty\/uncategorized\/niebieska-spirulina\/"},"modified":"2025-07-01T13:40:46","modified_gmt":"2025-07-01T11:40:46","slug":"niebieska-spirulina","status":"publish","type":"product","link":"https:\/\/naturalpoland.com\/ko\/je-pum\/sig-pum-won-ryo\/saeng-san-yong-won-ryo\/niebieska-spirulina\/","title":{"rendered":"\ube14\ub8e8 \uc2a4\ud53c\ub8e8\ub9ac\ub098"},"content":{"rendered":"<h2>\ube14\ub8e8 \uc2a4\ud53c\ub8e8\ub9ac\ub098(\ud53c\ucf54\uc2dc\uc544\ub2cc)\uc758 \ubcc0\uc885:<\/h2>\n<p><strong>E6 &#8211; \uc57d 6%\uc758 \ud53c\ucf54\uc2dc\uc544\ub2cc(\uc800\uc21c\ub3c4): <\/strong><br \/>\n\uac00\uc7a5 \uae30\ubcf8\uc801\uc778 \ube14\ub8e8 \uc2a4\ud53c\ub8f0\ub9ac\ub098 \ucd94\ucd9c\ubb3c\uc758 \ubcc0\ud615\uc73c\ub85c \uc5fc\ub8cc \ub18d\ub3c4\uac00 \uac00\uc7a5 \ub0ae\uace0 \uc21c\ub3c4\uac00 \ub0ae\uc2b5\ub2c8\ub2e4. \uc800\uac00\uc758 \uac74\uac15 \ubcf4\uc870 \uc2dd\ud488, \ud37c\uc2a4\ub110 \ucf00\uc5b4 \uc81c\ud488 \ubc0f \uc0c9\uc0c1 \uc694\uad6c \uc0ac\ud56d\uc774 \ub0ae\uc740 \uc2dd\ud488 \ub4f1 \uc0c9\uc0c1 \uac15\ub3c4\uac00 \uc911\uc694\ud558\uc9c0 \uc54a\uc740 \uc6a9\ub3c4\uc5d0 \uc774\uc0c1\uc801\uc785\ub2c8\ub2e4. \ucc9c\uc5f0 \uc0c9\uc18c \ucca8\uac00\uc81c\ub97c \ucc3e\ub294 \uc81c\uc870\uc5c5\uccb4\ub97c \uc704\ud55c \uacbd\uc81c\uc801\uc778 \uc635\uc158\uc785\ub2c8\ub2e4.  <\/p>\n<p><strong>E18 &#8211; \uc57d 18%\uc758 \ud53c\ucf54\uc2dc\uc544\ub2cc(\uc911\uac04 \uc21c\ub3c4): <\/strong><br \/>\n\ucc9c\uc5f0 \uc2dd\uc6a9 \uc0c9\uc18c \ubc0f \ud654\uc7a5\ud488\uacfc \ubcf4\ucda9\uc81c\uc758 \ucca8\uac00\uc81c\ub85c \uc0ac\uc6a9\ub418\ub294 \uc911\uac04 \ubcc0\uc885\uc785\ub2c8\ub2e4. E6\ubcf4\ub2e4 \ub354 \uac15\ub82c\ud55c \uc0c9\uc0c1\uc744 \uc81c\uacf5\ud558\uba74\uc11c\ub3c4 \uac00\uaca9\uc740 \uc800\ub834\ud569\ub2c8\ub2e4. \uc120\uba85\ud55c \uc0c9\uc0c1\uc744 \uc6d0\ud558\uc9c0\ub9cc \ucd5c\ub300 \uc0c9\uc0c1\uc774\ub098 \ud56d\uc0b0\ud654 \ud6a8\uacfc\ub294 \uc6d0\ud558\uc9c0 \uc54a\ub294 \uc6a9\ub3c4\uc5d0 \uc801\ud569\ud569\ub2c8\ub2e4.  <\/p>\n<p><strong>E25 &#8211; \uc57d 25%\uc758 \ud53c\ucf54\uc2dc\uc544\ub2cc(\uace0\uc21c\ub3c4): <\/strong><br \/>\n\uc0c9\uc18c \ud568\ub7c9\uacfc \uc21c\ub3c4\uac00 \ub192\uc544 \uac74\uac15\uae30\ub2a5\uc2dd\ud488, \uae30\ub2a5\uc131 \uc2dd\ud488, \ud504\ub9ac\ubbf8\uc5c4 \ud654\uc7a5\ud488\uc5d0 \uc0ac\uc6a9\ub418\ub294 \uc81c\ud488\uc785\ub2c8\ub2e4. \ud53c\ucf54\uc2dc\uc544\ub2cc \ud568\ub7c9\uc774 \ub192\uae30 \ub54c\ubb38\uc5d0 \ud56d\uc0b0\ud654 \ud6a8\uacfc\uac00 \ub354 \uac15\ud558\uace0 \uc0c9\uc0c1 \uc548\uc815\uc131\uc774 \ub6f0\uc5b4\ub0a9\ub2c8\ub2e4. \uc138\ub7fc, \ub9c8\uc2a4\ud06c, \ub85c\uc158 \ubc0f \uace0\uae09 \ubcf4\ucda9\uc81c\uc5d0 \ub9ce\uc774 \uc0ac\uc6a9\ub429\ub2c8\ub2e4.  <\/p>\n<p><strong>E40 &#8211; \uc57d 40%\uc758 \ud53c\ucf54\uc2dc\uc544\ub2cc(\ub9e4\uc6b0 \ub192\uc740 \uc21c\ub3c4): <\/strong><br \/>\n\uac00\uc7a5 \uc21c\uc218\ud558\uace0 \ub18d\ucd95\ub41c \ubcc0\ud615. \ub178\ud654 \ubc29\uc9c0 \ud654\uc7a5\ud488, \uc758\uc57d\ud488, \uace0\uae09 \ubcf4\ucda9\uc81c \ubc0f \uac74\uac15\uae30\ub2a5\uc2dd\ud488 \ub4f1 \ud504\ub9ac\ubbf8\uc5c4 \uc6a9\ub3c4\ub85c \uc124\uacc4\ub418\uc5c8\uc2b5\ub2c8\ub2e4. \uac00\uc7a5 \uac15\ub82c\ud55c \uc0c9\uc0c1\uacfc \ucd5c\uace0 \uc218\uc900\uc758 \ud56d\uc0b0\ud654 \uc791\uc6a9\uc744 \uc81c\uacf5\ud569\ub2c8\ub2e4. \uc0ac\uc6a9 \uac00\ub2a5\ud55c \ubaa8\ub4e0 \ubcc0\ud615 \uc911\uc5d0\uc11c \uac00\uc7a5 \uc548\uc815\uc801\uc774\uace0 \ud6a8\uacfc\uc801\uc785\ub2c8\ub2e4.   <\/p>\n","protected":false},"excerpt":{"rendered":"<p><strong>\ud53c\ucf54\uc2dc\uc544\ub2cc\uc73c\ub85c\ub3c4<\/strong> \uc54c\ub824\uc9c4 <strong>\ube14\ub8e8 \uc2a4\ud53c\ub8e8\ub9ac\ub098\ub294<\/strong> \uc2dc\uc544\ub178\ubc15\ud14c\ub9ac\uc544(\uc2a4\ud53c\ub8f0\ub9ac\ub098)\uc5d0\uc11c \ucd94\ucd9c\ud55c \ucc9c\uc5f0 \uccad\uc0c9 \uc0c9\uc18c\uc785\ub2c8\ub2e4. \uac15\ub825\ud55c \ud56d\uc0b0\ud654\uc81c\uc774\uc790 \uc2dd\ud488, \ubcf4\ucda9\uc81c \ubc0f \ud654\uc7a5\ud488\uc5d0 \uc0ac\uc6a9\ub418\ub294 \uae30\ub2a5\uc131 \uc131\ubd84\uc785\ub2c8\ub2e4. <\/p>\n","protected":false},"featured_media":41788,"template":"","meta":{"_acf_changed":false},"product_brand":[],"product_cat":[8175,8143,8147],"product_tag":[],"class_list":{"0":"post-41728","1":"product","2":"type-product","3":"status-publish","4":"has-post-thumbnail","6":"product_cat-saeng-san-yong-won-ryo","7":"product_cat-geon-gang-gi-neung-sig-pum-cheom-ga-mul","8":"product_cat-hwa-jang-pum-saek-so","10":"first","11":"instock","12":"shipping-taxable","13":"product-type-simple"},"acf":[],"yoast_head":"<!-- This site is optimized with the Yoast SEO plugin v27.6 - https:\/\/yoast.com\/product\/yoast-seo-wordpress\/ -->\n<title>\ube14\ub8e8 \uc2a4\ud53c\ub8e8\ub9ac\ub098 - Hurtowy Dystrybutor<\/title>\n<meta name=\"description\" content=\"\ud53c\ucf54\uc2dc\uc544\ub2cc\uc73c\ub85c\ub3c4 \uc54c\ub824\uc9c4 \ube14\ub8e8 \uc2a4\ud53c\ub8e8\ub9ac\ub098\ub294 \ub0a8\uc870\ub958(\uc2a4\ud53c\ub8f0\ub9ac\ub098)\uc5d0\uc11c \ucd94\ucd9c\ud55c \ucc9c\uc5f0 \uccad\uc0c9 \uc0c9\uc18c\uc774\uba70 \uac15\ub825\ud55c \ud56d\uc0b0\ud654\uc81c\uc785\ub2c8\ub2e4.\" \/>\n<meta name=\"robots\" content=\"index, follow, max-snippet:-1, max-image-preview:large, max-video-preview:-1\" \/>\n<link rel=\"canonical\" href=\"https:\/\/naturalpoland.com\/ko\/je-pum\/sig-pum-won-ryo\/saeng-san-yong-won-ryo\/niebieska-spirulina\/\" \/>\n<meta property=\"og:locale\" content=\"ko_KR\" \/>\n<meta property=\"og:type\" content=\"article\" \/>\n<meta property=\"og:title\" content=\"\ube14\ub8e8 \uc2a4\ud53c\ub8e8\ub9ac\ub098 - Hurtowy Dystrybutor\" \/>\n<meta property=\"og:description\" content=\"\ud53c\ucf54\uc2dc\uc544\ub2cc\uc73c\ub85c\ub3c4 \uc54c\ub824\uc9c4 \ube14\ub8e8 \uc2a4\ud53c\ub8e8\ub9ac\ub098\ub294 \ub0a8\uc870\ub958(\uc2a4\ud53c\ub8f0\ub9ac\ub098)\uc5d0\uc11c \ucd94\ucd9c\ud55c \ucc9c\uc5f0 \uccad\uc0c9 \uc0c9\uc18c\uc774\uba70 \uac15\ub825\ud55c \ud56d\uc0b0\ud654\uc81c\uc785\ub2c8\ub2e4.\" \/>\n<meta property=\"og:url\" content=\"https:\/\/naturalpoland.com\/ko\/je-pum\/sig-pum-won-ryo\/saeng-san-yong-won-ryo\/niebieska-spirulina\/\" \/>\n<meta property=\"og:site_name\" content=\"NATURAL POLAND - Hurtowy Dystrybutor Surowc\u00f3w\" \/>\n<meta property=\"article:publisher\" content=\"https:\/\/www.facebook.com\/naturalpoland.b2b\" \/>\n<meta property=\"article:modified_time\" content=\"2025-07-01T11:40:46+00:00\" \/>\n<meta property=\"og:image\" content=\"https:\/\/naturalpoland.com\/wp-content\/uploads\/niebieska-spirulina.webp\" \/>\n\t<meta property=\"og:image:width\" content=\"1024\" \/>\n\t<meta property=\"og:image:height\" content=\"1024\" \/>\n\t<meta property=\"og:image:type\" content=\"image\/webp\" \/>\n<script type=\"application\/ld+json\" class=\"yoast-schema-graph\">{\"@context\":\"https:\\\/\\\/schema.org\",\"@graph\":[{\"@type\":\"WebPage\",\"@id\":\"https:\\\/\\\/naturalpoland.com\\\/ko\\\/je-pum\\\/sig-pum-won-ryo\\\/saeng-san-yong-won-ryo\\\/niebieska-spirulina\\\/\",\"url\":\"https:\\\/\\\/naturalpoland.com\\\/ko\\\/je-pum\\\/sig-pum-won-ryo\\\/saeng-san-yong-won-ryo\\\/niebieska-spirulina\\\/\",\"name\":\"\ube14\ub8e8 \uc2a4\ud53c\ub8e8\ub9ac\ub098 - Hurtowy Dystrybutor\",\"isPartOf\":{\"@id\":\"https:\\\/\\\/naturalpoland.com\\\/ko\\\/#website\"},\"primaryImageOfPage\":{\"@id\":\"https:\\\/\\\/naturalpoland.com\\\/ko\\\/je-pum\\\/sig-pum-won-ryo\\\/saeng-san-yong-won-ryo\\\/niebieska-spirulina\\\/#primaryimage\"},\"image\":{\"@id\":\"https:\\\/\\\/naturalpoland.com\\\/ko\\\/je-pum\\\/sig-pum-won-ryo\\\/saeng-san-yong-won-ryo\\\/niebieska-spirulina\\\/#primaryimage\"},\"thumbnailUrl\":\"https:\\\/\\\/naturalpoland.com\\\/wp-content\\\/uploads\\\/niebieska-spirulina-blue.png\",\"datePublished\":\"2025-07-01T11:39:07+00:00\",\"dateModified\":\"2025-07-01T11:40:46+00:00\",\"description\":\"\ud53c\ucf54\uc2dc\uc544\ub2cc\uc73c\ub85c\ub3c4 \uc54c\ub824\uc9c4 \ube14\ub8e8 \uc2a4\ud53c\ub8e8\ub9ac\ub098\ub294 \ub0a8\uc870\ub958(\uc2a4\ud53c\ub8f0\ub9ac\ub098)\uc5d0\uc11c \ucd94\ucd9c\ud55c \ucc9c\uc5f0 \uccad\uc0c9 \uc0c9\uc18c\uc774\uba70 \uac15\ub825\ud55c \ud56d\uc0b0\ud654\uc81c\uc785\ub2c8\ub2e4.\",\"breadcrumb\":{\"@id\":\"https:\\\/\\\/naturalpoland.com\\\/ko\\\/je-pum\\\/sig-pum-won-ryo\\\/saeng-san-yong-won-ryo\\\/niebieska-spirulina\\\/#breadcrumb\"},\"inLanguage\":\"ko-KR\",\"potentialAction\":[{\"@type\":\"ReadAction\",\"target\":[\"https:\\\/\\\/naturalpoland.com\\\/ko\\\/je-pum\\\/sig-pum-won-ryo\\\/saeng-san-yong-won-ryo\\\/niebieska-spirulina\\\/\"]}]},{\"@type\":\"ImageObject\",\"inLanguage\":\"ko-KR\",\"@id\":\"https:\\\/\\\/naturalpoland.com\\\/ko\\\/je-pum\\\/sig-pum-won-ryo\\\/saeng-san-yong-won-ryo\\\/niebieska-spirulina\\\/#primaryimage\",\"url\":\"https:\\\/\\\/naturalpoland.com\\\/wp-content\\\/uploads\\\/niebieska-spirulina-blue.png\",\"contentUrl\":\"https:\\\/\\\/naturalpoland.com\\\/wp-content\\\/uploads\\\/niebieska-spirulina-blue.png\",\"width\":1024,\"height\":1024,\"caption\":\"niebieska spirulina\"},{\"@type\":\"BreadcrumbList\",\"@id\":\"https:\\\/\\\/naturalpoland.com\\\/ko\\\/je-pum\\\/sig-pum-won-ryo\\\/saeng-san-yong-won-ryo\\\/niebieska-spirulina\\\/#breadcrumb\",\"itemListElement\":[{\"@type\":\"ListItem\",\"position\":1,\"name\":\"\ud648\",\"item\":\"https:\\\/\\\/naturalpoland.com\\\/ko\\\/\"},{\"@type\":\"ListItem\",\"position\":2,\"name\":\"\uc81c\ud488\",\"item\":\"https:\\\/\\\/naturalpoland.com\\\/ko\\\/%ec%a0%9c%ed%92%88\\\/\"},{\"@type\":\"ListItem\",\"position\":3,\"name\":\"\ube14\ub8e8 \uc2a4\ud53c\ub8e8\ub9ac\ub098\"}]},{\"@type\":\"WebSite\",\"@id\":\"https:\\\/\\\/naturalpoland.com\\\/ko\\\/#website\",\"url\":\"https:\\\/\\\/naturalpoland.com\\\/ko\\\/\",\"name\":\"NATURAL POLAND - Hurtowy Dystrybutor Surowc\u00f3w\",\"description\":\"Surowce dla przemys\u0142u spo\u017cywczego, kosmetycznego i farmaceutycznego\",\"publisher\":{\"@id\":\"https:\\\/\\\/naturalpoland.com\\\/ko\\\/#organization\"},\"potentialAction\":[{\"@type\":\"SearchAction\",\"target\":{\"@type\":\"EntryPoint\",\"urlTemplate\":\"https:\\\/\\\/naturalpoland.com\\\/ko\\\/?s={search_term_string}\"},\"query-input\":{\"@type\":\"PropertyValueSpecification\",\"valueRequired\":true,\"valueName\":\"search_term_string\"}}],\"inLanguage\":\"ko-KR\"},{\"@type\":\"Organization\",\"@id\":\"https:\\\/\\\/naturalpoland.com\\\/ko\\\/#organization\",\"name\":\"Natural Poland\",\"url\":\"https:\\\/\\\/naturalpoland.com\\\/ko\\\/\",\"logo\":{\"@type\":\"ImageObject\",\"inLanguage\":\"ko-KR\",\"@id\":\"https:\\\/\\\/naturalpoland.com\\\/ko\\\/#\\\/schema\\\/logo\\\/image\\\/\",\"url\":\"https:\\\/\\\/naturalpoland.com\\\/wp-content\\\/uploads\\\/2021\\\/05\\\/natural-poland-icon.png\",\"contentUrl\":\"https:\\\/\\\/naturalpoland.com\\\/wp-content\\\/uploads\\\/2021\\\/05\\\/natural-poland-icon.png\",\"width\":512,\"height\":512,\"caption\":\"Natural Poland\"},\"image\":{\"@id\":\"https:\\\/\\\/naturalpoland.com\\\/ko\\\/#\\\/schema\\\/logo\\\/image\\\/\"},\"sameAs\":[\"https:\\\/\\\/www.facebook.com\\\/naturalpoland.b2b\",\"https:\\\/\\\/pl.linkedin.com\\\/company\\\/natural-poland\",\"https:\\\/\\\/www.youtube.com\\\/channel\\\/UCgeGGkvOMahZo-xu_MSEWxg\"]}]}<\/script>\n<!-- \/ Yoast SEO plugin. -->","yoast_head_json":{"title":"\ube14\ub8e8 \uc2a4\ud53c\ub8e8\ub9ac\ub098 - Hurtowy Dystrybutor","description":"\ud53c\ucf54\uc2dc\uc544\ub2cc\uc73c\ub85c\ub3c4 \uc54c\ub824\uc9c4 \ube14\ub8e8 \uc2a4\ud53c\ub8e8\ub9ac\ub098\ub294 \ub0a8\uc870\ub958(\uc2a4\ud53c\ub8f0\ub9ac\ub098)\uc5d0\uc11c \ucd94\ucd9c\ud55c \ucc9c\uc5f0 \uccad\uc0c9 \uc0c9\uc18c\uc774\uba70 \uac15\ub825\ud55c \ud56d\uc0b0\ud654\uc81c\uc785\ub2c8\ub2e4.","robots":{"index":"index","follow":"follow","max-snippet":"max-snippet:-1","max-image-preview":"max-image-preview:large","max-video-preview":"max-video-preview:-1"},"canonical":"https:\/\/naturalpoland.com\/ko\/je-pum\/sig-pum-won-ryo\/saeng-san-yong-won-ryo\/niebieska-spirulina\/","og_locale":"ko_KR","og_type":"article","og_title":"\ube14\ub8e8 \uc2a4\ud53c\ub8e8\ub9ac\ub098 - Hurtowy Dystrybutor","og_description":"\ud53c\ucf54\uc2dc\uc544\ub2cc\uc73c\ub85c\ub3c4 \uc54c\ub824\uc9c4 \ube14\ub8e8 \uc2a4\ud53c\ub8e8\ub9ac\ub098\ub294 \ub0a8\uc870\ub958(\uc2a4\ud53c\ub8f0\ub9ac\ub098)\uc5d0\uc11c \ucd94\ucd9c\ud55c \ucc9c\uc5f0 \uccad\uc0c9 \uc0c9\uc18c\uc774\uba70 \uac15\ub825\ud55c \ud56d\uc0b0\ud654\uc81c\uc785\ub2c8\ub2e4.","og_url":"https:\/\/naturalpoland.com\/ko\/je-pum\/sig-pum-won-ryo\/saeng-san-yong-won-ryo\/niebieska-spirulina\/","og_site_name":"NATURAL POLAND - Hurtowy Dystrybutor Surowc\u00f3w","article_publisher":"https:\/\/www.facebook.com\/naturalpoland.b2b","article_modified_time":"2025-07-01T11:40:46+00:00","og_image":[{"width":1024,"height":1024,"url":"https:\/\/naturalpoland.com\/wp-content\/uploads\/niebieska-spirulina.webp","type":"image\/webp"}],"schema":{"@context":"https:\/\/schema.org","@graph":[{"@type":"WebPage","@id":"https:\/\/naturalpoland.com\/ko\/je-pum\/sig-pum-won-ryo\/saeng-san-yong-won-ryo\/niebieska-spirulina\/","url":"https:\/\/naturalpoland.com\/ko\/je-pum\/sig-pum-won-ryo\/saeng-san-yong-won-ryo\/niebieska-spirulina\/","name":"\ube14\ub8e8 \uc2a4\ud53c\ub8e8\ub9ac\ub098 - Hurtowy Dystrybutor","isPartOf":{"@id":"https:\/\/naturalpoland.com\/ko\/#website"},"primaryImageOfPage":{"@id":"https:\/\/naturalpoland.com\/ko\/je-pum\/sig-pum-won-ryo\/saeng-san-yong-won-ryo\/niebieska-spirulina\/#primaryimage"},"image":{"@id":"https:\/\/naturalpoland.com\/ko\/je-pum\/sig-pum-won-ryo\/saeng-san-yong-won-ryo\/niebieska-spirulina\/#primaryimage"},"thumbnailUrl":"https:\/\/naturalpoland.com\/wp-content\/uploads\/niebieska-spirulina-blue.png","datePublished":"2025-07-01T11:39:07+00:00","dateModified":"2025-07-01T11:40:46+00:00","description":"\ud53c\ucf54\uc2dc\uc544\ub2cc\uc73c\ub85c\ub3c4 \uc54c\ub824\uc9c4 \ube14\ub8e8 \uc2a4\ud53c\ub8e8\ub9ac\ub098\ub294 \ub0a8\uc870\ub958(\uc2a4\ud53c\ub8f0\ub9ac\ub098)\uc5d0\uc11c \ucd94\ucd9c\ud55c \ucc9c\uc5f0 \uccad\uc0c9 \uc0c9\uc18c\uc774\uba70 \uac15\ub825\ud55c \ud56d\uc0b0\ud654\uc81c\uc785\ub2c8\ub2e4.","breadcrumb":{"@id":"https:\/\/naturalpoland.com\/ko\/je-pum\/sig-pum-won-ryo\/saeng-san-yong-won-ryo\/niebieska-spirulina\/#breadcrumb"},"inLanguage":"ko-KR","potentialAction":[{"@type":"ReadAction","target":["https:\/\/naturalpoland.com\/ko\/je-pum\/sig-pum-won-ryo\/saeng-san-yong-won-ryo\/niebieska-spirulina\/"]}]},{"@type":"ImageObject","inLanguage":"ko-KR","@id":"https:\/\/naturalpoland.com\/ko\/je-pum\/sig-pum-won-ryo\/saeng-san-yong-won-ryo\/niebieska-spirulina\/#primaryimage","url":"https:\/\/naturalpoland.com\/wp-content\/uploads\/niebieska-spirulina-blue.png","contentUrl":"https:\/\/naturalpoland.com\/wp-content\/uploads\/niebieska-spirulina-blue.png","width":1024,"height":1024,"caption":"niebieska spirulina"},{"@type":"BreadcrumbList","@id":"https:\/\/naturalpoland.com\/ko\/je-pum\/sig-pum-won-ryo\/saeng-san-yong-won-ryo\/niebieska-spirulina\/#breadcrumb","itemListElement":[{"@type":"ListItem","position":1,"name":"\ud648","item":"https:\/\/naturalpoland.com\/ko\/"},{"@type":"ListItem","position":2,"name":"\uc81c\ud488","item":"https:\/\/naturalpoland.com\/ko\/%ec%a0%9c%ed%92%88\/"},{"@type":"ListItem","position":3,"name":"\ube14\ub8e8 \uc2a4\ud53c\ub8e8\ub9ac\ub098"}]},{"@type":"WebSite","@id":"https:\/\/naturalpoland.com\/ko\/#website","url":"https:\/\/naturalpoland.com\/ko\/","name":"NATURAL POLAND - Hurtowy Dystrybutor Surowc\u00f3w","description":"Surowce dla przemys\u0142u spo\u017cywczego, kosmetycznego i farmaceutycznego","publisher":{"@id":"https:\/\/naturalpoland.com\/ko\/#organization"},"potentialAction":[{"@type":"SearchAction","target":{"@type":"EntryPoint","urlTemplate":"https:\/\/naturalpoland.com\/ko\/?s={search_term_string}"},"query-input":{"@type":"PropertyValueSpecification","valueRequired":true,"valueName":"search_term_string"}}],"inLanguage":"ko-KR"},{"@type":"Organization","@id":"https:\/\/naturalpoland.com\/ko\/#organization","name":"Natural Poland","url":"https:\/\/naturalpoland.com\/ko\/","logo":{"@type":"ImageObject","inLanguage":"ko-KR","@id":"https:\/\/naturalpoland.com\/ko\/#\/schema\/logo\/image\/","url":"https:\/\/naturalpoland.com\/wp-content\/uploads\/2021\/05\/natural-poland-icon.png","contentUrl":"https:\/\/naturalpoland.com\/wp-content\/uploads\/2021\/05\/natural-poland-icon.png","width":512,"height":512,"caption":"Natural Poland"},"image":{"@id":"https:\/\/naturalpoland.com\/ko\/#\/schema\/logo\/image\/"},"sameAs":["https:\/\/www.facebook.com\/naturalpoland.b2b","https:\/\/pl.linkedin.com\/company\/natural-poland","https:\/\/www.youtube.com\/channel\/UCgeGGkvOMahZo-xu_MSEWxg"]}]}},"_links":{"self":[{"href":"https:\/\/naturalpoland.com\/ko\/wp-json\/wp\/v2\/product\/41728","targetHints":{"allow":["GET"]}}],"collection":[{"href":"https:\/\/naturalpoland.com\/ko\/wp-json\/wp\/v2\/product"}],"about":[{"href":"https:\/\/naturalpoland.com\/ko\/wp-json\/wp\/v2\/types\/product"}],"wp:featuredmedia":[{"embeddable":true,"href":"https:\/\/naturalpoland.com\/ko\/wp-json\/wp\/v2\/media\/41788"}],"wp:attachment":[{"href":"https:\/\/naturalpoland.com\/ko\/wp-json\/wp\/v2\/media?parent=41728"}],"wp:term":[{"taxonomy":"product_brand","embeddable":true,"href":"https:\/\/naturalpoland.com\/ko\/wp-json\/wp\/v2\/product_brand?post=41728"},{"taxonomy":"product_cat","embeddable":true,"href":"https:\/\/naturalpoland.com\/ko\/wp-json\/wp\/v2\/product_cat?post=41728"},{"taxonomy":"product_tag","embeddable":true,"href":"https:\/\/naturalpoland.com\/ko\/wp-json\/wp\/v2\/product_tag?post=41728"}],"curies":[{"name":"wp","href":"https:\/\/api.w.org\/{rel}","templated":true}]}}