{"id":41731,"date":"2025-06-13T10:14:19","date_gmt":"2025-06-13T08:14:19","guid":{"rendered":"https:\/\/naturalpoland.com\/produkty\/uncategorized\/macerat-z-cytrynca-chinskiego\/"},"modified":"2025-07-01T13:40:55","modified_gmt":"2025-07-01T11:40:55","slug":"macerat-z-cytrynca-chinskiego","status":"publish","type":"product","link":"https:\/\/naturalpoland.com\/ko\/je-pum\/hwa-jang-pum-won-ryo\/ma-se-re-i-teu\/macerat-z-cytrynca-chinskiego\/","title":{"rendered":"\uc911\uad6d \uc2dc\ud2b8\ub85c\ub12c\ub77c \ub9c8\ucf00\uc774\ud2b8"},"content":{"rendered":"<p>\ud2b9\uc9d5\uc801\uc778 \uc801\uac08\uc0c9 \ub178\ub780\uc0c9, \ud750\ub9b0 \uc77c\uad00\uc131 \ubc0f \ub69c\ub837\ud55c \uc2dd\ubb3c\uc131 \ub0c4\uc0c8\ub294 \uc2dd\ubb3c\uc131 \ud65c\uc131 \ubb3c\uc9c8\uc758 \ud568\ub7c9\uc774 \ub192\ub2e4\ub294 \uac83\uc744 \uc99d\uba85\ud569\ub2c8\ub2e4. MCT \uc624\uc77c\uc5d0 \ud568\uc720\ub41c \uc911\uc1c4 \uc9c0\ubc29\uc0b0(\uc8fc\ub85c <strong>\uce74\ud504\ub9b4\uc0b0\uacfc<\/strong> <strong>\uce74\ud504\ub974\uc0b0<\/strong>)\uc740 \ud65c\uc131 \uc131\ubd84\uc758 \ud761\uc218\ub97c \ub354\uc6b1 \ub3d5\uace0 \uad6c\uc5f0\uc0b0\uc5fc\uc5d0 \ud3ec\ud568\ub41c \ubb3c\uc9c8\uc758 \uc0dd\uccb4 \uc774\uc6a9\ub960\uc744 \uc99d\uac00\uc2dc\ud0b5\ub2c8\ub2e4. <\/p>\n<h2>\uc560\ud50c\ub9ac\ucf00\uc774\uc158:<\/h2>\n<p>\uc911\uad6d \uc2dc\ud2b8\ub85c\ub12c\ub77c \ub9c8\ucf00\uc774\ud2b8\ub294 \uc8fc\ub85c <strong>\ucc9c\uc5f0 \ud654\uc7a5\ud488\uc5d0<\/strong> \uc0ac\uc6a9\ub418\uba70, \uc131\uc219\ud558\uace0 \uc9c0\uce58\uace0 \ub178\ucd9c\ub41c \ud53c\ubd80\ub97c \uac15\ud654, \ud65c\ub825 \ubc0f \ubcf4\ud638\ud558\ub294 \uc131\ubd84\uc73c\ub85c \uc791\uc6a9\ud569\ub2c8\ub2e4. \ud56d\uc0b0\ud654 \ubc0f \uac15\uc7a5 \ud2b9\uc131 \ub355\ubd84\uc5d0 \ub178\ud654 \ubc29\uc9c0 \ud654\uc7a5\ud488, \uc0b0\ud654 \uc2a4\ud2b8\ub808\uc2a4\ub97c \uc644\ud654\ud558\uace0 \ud45c\ud53c \uc9c0\uc9c8 \uc7a5\ubcbd\uc744 \uac15\ud654\ud558\ub294 \uc81c\ud488\uc5d0\ub3c4 \uc0ac\uc6a9\ud560 \uc218 \uc788\uc2b5\ub2c8\ub2e4. \uc138\ub7fc, \ud398\uc774\uc15c \uc624\uc77c, \ub85c\uc158, \ubc14\ub514 \ubc0f \ud5e4\uc5b4 \ucf00\uc5b4 \uc81c\ud615\uc5d0 \uc0ac\uc6a9\ud558\uae30\uc5d0 \uc774\uc0c1\uc801\uc785\ub2c8\ub2e4.  <\/p>\n<h2 data-start=\"738\" data-end=\"1302\">12g(1\ud68c \uc81c\uacf5\ub7c9)\uc758 \uc601\uc591\uc131\ubd84 \uae30\uc900\uce58:<\/h2>\n<ul>\n<li data-start=\"738\" data-end=\"1302\">\uc5d0\ub108\uc9c0 \uac12: 444kJ\/108kcal<\/li>\n<li data-start=\"738\" data-end=\"1302\">\uc9c0\ubc29: 12g(17%)\n<ul>\n<li data-start=\"738\" data-end=\"1302\">\ud3ec\ud654 \uc9c0\ubc29\uc0b0: 12 g (60%)<\/li>\n<li data-start=\"738\" data-end=\"1302\">C8:0 \uce74\ud504\ub9b4\ub9ad\uc560\uc528\ub4dc: 6,6 6 &#8211; 7,8 g<\/li>\n<li data-start=\"738\" data-end=\"1302\">C10:0 \uad6c\uc5f0\uc0b0: 4.2g &#8211; 5.4g<\/li>\n<\/ul>\n<\/li>\n<li data-start=\"738\" data-end=\"1302\">\ud0c4\uc218\ud654\ubb3c: 0g<\/li>\n<li data-start=\"738\" data-end=\"1302\">\ub2e8\ubc31\uc9c8: 0g<\/li>\n<li data-start=\"738\" data-end=\"1302\">\uc18c\uae08: 0g<\/li>\n<\/ul>\n<h2>\uc9c0\ubc29\uc0b0 \ud504\ub85c\ud544:<\/h2>\n<table>\n<tbody>\n<tr>\n<td><strong>\uc0b0 \uc774\ub984<\/strong><\/td>\n<td><strong>C-CHAIN<\/strong><\/td>\n<td><strong>\ubc94\uc704 %<\/strong><\/td>\n<\/tr>\n<tr>\n<td>CAPROIC<\/td>\n<td>C6:0<\/td>\n<td>&lt;2.0<\/td>\n<\/tr>\n<tr>\n<td>CAPRYLIC<\/td>\n<td>C8:0<\/td>\n<td>50.0 &#8211; 80.0<\/td>\n<\/tr>\n<tr>\n<td>CAPRIC<\/td>\n<td>C10:0<\/td>\n<td>20.0 &#8211; 50.0<\/td>\n<\/tr>\n<tr>\n<td>LAURIC<\/td>\n<td>C12:0<\/td>\n<td>&lt;3.0<\/td>\n<\/tr>\n<\/tbody>\n<\/table>\n","protected":false},"excerpt":{"rendered":"<p><strong data-start=\"0\" data-end=\"46\">MCT \uc624\uc77c\uc758 \uc2dc\ud2b8\ub85c\ub12c\ub77c<\/strong> <em data-start=\"138\" data-end=\"160\">\uce58\ub128\uc2dc\uc2a4<\/em> <strong data-start=\"0\" data-end=\"46\">\ub9c8\ucf00\uc774\ud2b8\ub294<\/strong> \uc624\ubbf8\uc790 \uc5f4\ub9e4\ub97c \ubd84\ud68d \ucf54\ucf54\ub11b \uc624\uc77c(MCT)\uc5d0 \uce68\uc2dd\ud558\uc5ec \uc5bb\uc2b5\ub2c8\ub2e4. \ub9ac\uadf8\ub09c, \ud50c\ub77c\ubcf4\ub178\uc774\ub4dc \ubc0f \uc720\uae30\uc0b0\uc774 \ud48d\ubd80\ud558\uc5ec \uac15\uc7a5, \ud56d\uc0b0\ud654 \ubc0f \uac15\uc7a5 \ud6a8\uacfc\ub97c \ub098\ud0c0\ub0b4\ub294 \uac83\uc73c\ub85c \uc54c\ub824\uc9c4 \uc2dc\ud2b8\ub85c\ub12c\ub77c \ucd94\ucd9c\ubb3c\uc774 \ud568\uc720\ub418\uc5b4 \uc788\uc2b5\ub2c8\ub2e4. <\/p>\n","protected":false},"featured_media":41522,"template":"","meta":[],"product_brand":[],"product_cat":[8152],"product_tag":[],"class_list":{"0":"post-41731","1":"product","2":"type-product","3":"status-publish","4":"has-post-thumbnail","6":"product_cat-ma-se-re-i-teu","7":"pa_metoda-pozyskiwania-8341","9":"first","10":"instock","11":"shipping-taxable","12":"product-type-simple"},"yoast_head":"<!-- This site is optimized with the Yoast SEO plugin v27.3 - https:\/\/yoast.com\/product\/yoast-seo-wordpress\/ -->\n<title>\uc911\uad6d \uc2dc\ud2b8\ub85c\ub12c\ub77c \ub9c8\ucf00\uc774\ud2b8 - Hurtowy Dystrybutor<\/title>\n<meta name=\"description\" content=\"MCT \uc624\uc77c\uc758 \uc2dc\ud2b8\ub85c\ub12c\ub77c \uce58\ub128\uc2dc\uc2a4 \ub9c8\ucf00\uc774\ud2b8\ub294 \uc624\ubbf8\uc790 \uc5f4\ub9e4\ub97c \uce68\uc2dd\uc2dc\ucf1c \uc5bb\uc740 \uace0\ud488\uc9c8\uc758 \ucc9c\uc5f0 \uc2dd\ubb3c \uc6d0\ub8cc\uc785\ub2c8\ub2e4.\" \/>\n<meta name=\"robots\" content=\"index, follow, max-snippet:-1, max-image-preview:large, max-video-preview:-1\" \/>\n<link rel=\"canonical\" href=\"https:\/\/naturalpoland.com\/ko\/je-pum\/hwa-jang-pum-won-ryo\/ma-se-re-i-teu\/macerat-z-cytrynca-chinskiego\/\" \/>\n<meta property=\"og:locale\" content=\"ko_KR\" \/>\n<meta property=\"og:type\" content=\"article\" \/>\n<meta property=\"og:title\" content=\"\uc911\uad6d \uc2dc\ud2b8\ub85c\ub12c\ub77c \ub9c8\ucf00\uc774\ud2b8 - Hurtowy Dystrybutor\" \/>\n<meta property=\"og:description\" content=\"MCT \uc624\uc77c\uc758 \uc2dc\ud2b8\ub85c\ub12c\ub77c \uce58\ub128\uc2dc\uc2a4 \ub9c8\ucf00\uc774\ud2b8\ub294 \uc624\ubbf8\uc790 \uc5f4\ub9e4\ub97c \uce68\uc2dd\uc2dc\ucf1c \uc5bb\uc740 \uace0\ud488\uc9c8\uc758 \ucc9c\uc5f0 \uc2dd\ubb3c \uc6d0\ub8cc\uc785\ub2c8\ub2e4.\" \/>\n<meta property=\"og:url\" content=\"https:\/\/naturalpoland.com\/ko\/je-pum\/hwa-jang-pum-won-ryo\/ma-se-re-i-teu\/macerat-z-cytrynca-chinskiego\/\" \/>\n<meta property=\"og:site_name\" content=\"NATURAL POLAND - Hurtowy Dystrybutor Surowc\u00f3w\" \/>\n<meta property=\"article:publisher\" content=\"https:\/\/www.facebook.com\/naturalpoland.b2b\" \/>\n<meta property=\"article:modified_time\" content=\"2025-07-01T11:40:55+00:00\" \/>\n<meta property=\"og:image\" content=\"https:\/\/naturalpoland.com\/wp-content\/uploads\/macerat-z-cytrynca-chinskiego.webp\" \/>\n\t<meta property=\"og:image:width\" content=\"1024\" \/>\n\t<meta property=\"og:image:height\" content=\"1024\" \/>\n\t<meta property=\"og:image:type\" content=\"image\/webp\" \/>\n<script type=\"application\/ld+json\" class=\"yoast-schema-graph\">{\"@context\":\"https:\\\/\\\/schema.org\",\"@graph\":[{\"@type\":\"WebPage\",\"@id\":\"https:\\\/\\\/naturalpoland.com\\\/ko\\\/je-pum\\\/hwa-jang-pum-won-ryo\\\/ma-se-re-i-teu\\\/macerat-z-cytrynca-chinskiego\\\/\",\"url\":\"https:\\\/\\\/naturalpoland.com\\\/ko\\\/je-pum\\\/hwa-jang-pum-won-ryo\\\/ma-se-re-i-teu\\\/macerat-z-cytrynca-chinskiego\\\/\",\"name\":\"\uc911\uad6d \uc2dc\ud2b8\ub85c\ub12c\ub77c \ub9c8\ucf00\uc774\ud2b8 - Hurtowy Dystrybutor\",\"isPartOf\":{\"@id\":\"https:\\\/\\\/naturalpoland.com\\\/ko\\\/#website\"},\"primaryImageOfPage\":{\"@id\":\"https:\\\/\\\/naturalpoland.com\\\/ko\\\/je-pum\\\/hwa-jang-pum-won-ryo\\\/ma-se-re-i-teu\\\/macerat-z-cytrynca-chinskiego\\\/#primaryimage\"},\"image\":{\"@id\":\"https:\\\/\\\/naturalpoland.com\\\/ko\\\/je-pum\\\/hwa-jang-pum-won-ryo\\\/ma-se-re-i-teu\\\/macerat-z-cytrynca-chinskiego\\\/#primaryimage\"},\"thumbnailUrl\":\"https:\\\/\\\/naturalpoland.com\\\/wp-content\\\/uploads\\\/macerat-z-cytrynca-chinskiego.webp\",\"datePublished\":\"2025-06-13T08:14:19+00:00\",\"dateModified\":\"2025-07-01T11:40:55+00:00\",\"description\":\"MCT \uc624\uc77c\uc758 \uc2dc\ud2b8\ub85c\ub12c\ub77c \uce58\ub128\uc2dc\uc2a4 \ub9c8\ucf00\uc774\ud2b8\ub294 \uc624\ubbf8\uc790 \uc5f4\ub9e4\ub97c \uce68\uc2dd\uc2dc\ucf1c \uc5bb\uc740 \uace0\ud488\uc9c8\uc758 \ucc9c\uc5f0 \uc2dd\ubb3c \uc6d0\ub8cc\uc785\ub2c8\ub2e4.\",\"breadcrumb\":{\"@id\":\"https:\\\/\\\/naturalpoland.com\\\/ko\\\/je-pum\\\/hwa-jang-pum-won-ryo\\\/ma-se-re-i-teu\\\/macerat-z-cytrynca-chinskiego\\\/#breadcrumb\"},\"inLanguage\":\"ko-KR\",\"potentialAction\":[{\"@type\":\"ReadAction\",\"target\":[\"https:\\\/\\\/naturalpoland.com\\\/ko\\\/je-pum\\\/hwa-jang-pum-won-ryo\\\/ma-se-re-i-teu\\\/macerat-z-cytrynca-chinskiego\\\/\"]}]},{\"@type\":\"ImageObject\",\"inLanguage\":\"ko-KR\",\"@id\":\"https:\\\/\\\/naturalpoland.com\\\/ko\\\/je-pum\\\/hwa-jang-pum-won-ryo\\\/ma-se-re-i-teu\\\/macerat-z-cytrynca-chinskiego\\\/#primaryimage\",\"url\":\"https:\\\/\\\/naturalpoland.com\\\/wp-content\\\/uploads\\\/macerat-z-cytrynca-chinskiego.webp\",\"contentUrl\":\"https:\\\/\\\/naturalpoland.com\\\/wp-content\\\/uploads\\\/macerat-z-cytrynca-chinskiego.webp\",\"width\":1024,\"height\":1024,\"caption\":\"Macerat z Cytry\u0144ca Chi\u0144skiego\"},{\"@type\":\"BreadcrumbList\",\"@id\":\"https:\\\/\\\/naturalpoland.com\\\/ko\\\/je-pum\\\/hwa-jang-pum-won-ryo\\\/ma-se-re-i-teu\\\/macerat-z-cytrynca-chinskiego\\\/#breadcrumb\",\"itemListElement\":[{\"@type\":\"ListItem\",\"position\":1,\"name\":\"\ud648\",\"item\":\"https:\\\/\\\/naturalpoland.com\\\/ko\\\/\"},{\"@type\":\"ListItem\",\"position\":2,\"name\":\"\uc81c\ud488\",\"item\":\"https:\\\/\\\/naturalpoland.com\\\/ko\\\/%ec%a0%9c%ed%92%88\\\/\"},{\"@type\":\"ListItem\",\"position\":3,\"name\":\"\uc911\uad6d \uc2dc\ud2b8\ub85c\ub12c\ub77c \ub9c8\ucf00\uc774\ud2b8\"}]},{\"@type\":\"WebSite\",\"@id\":\"https:\\\/\\\/naturalpoland.com\\\/ko\\\/#website\",\"url\":\"https:\\\/\\\/naturalpoland.com\\\/ko\\\/\",\"name\":\"NATURAL POLAND - Hurtowy Dystrybutor Surowc\u00f3w\",\"description\":\"Surowce dla przemys\u0142u spo\u017cywczego, kosmetycznego i farmaceutycznego\",\"publisher\":{\"@id\":\"https:\\\/\\\/naturalpoland.com\\\/ko\\\/#organization\"},\"potentialAction\":[{\"@type\":\"SearchAction\",\"target\":{\"@type\":\"EntryPoint\",\"urlTemplate\":\"https:\\\/\\\/naturalpoland.com\\\/ko\\\/?s={search_term_string}\"},\"query-input\":{\"@type\":\"PropertyValueSpecification\",\"valueRequired\":true,\"valueName\":\"search_term_string\"}}],\"inLanguage\":\"ko-KR\"},{\"@type\":\"Organization\",\"@id\":\"https:\\\/\\\/naturalpoland.com\\\/ko\\\/#organization\",\"name\":\"Natural Poland\",\"url\":\"https:\\\/\\\/naturalpoland.com\\\/ko\\\/\",\"logo\":{\"@type\":\"ImageObject\",\"inLanguage\":\"ko-KR\",\"@id\":\"https:\\\/\\\/naturalpoland.com\\\/ko\\\/#\\\/schema\\\/logo\\\/image\\\/\",\"url\":\"https:\\\/\\\/naturalpoland.com\\\/wp-content\\\/uploads\\\/2021\\\/05\\\/natural-poland-icon.png\",\"contentUrl\":\"https:\\\/\\\/naturalpoland.com\\\/wp-content\\\/uploads\\\/2021\\\/05\\\/natural-poland-icon.png\",\"width\":512,\"height\":512,\"caption\":\"Natural Poland\"},\"image\":{\"@id\":\"https:\\\/\\\/naturalpoland.com\\\/ko\\\/#\\\/schema\\\/logo\\\/image\\\/\"},\"sameAs\":[\"https:\\\/\\\/www.facebook.com\\\/naturalpoland.b2b\",\"https:\\\/\\\/pl.linkedin.com\\\/company\\\/natural-poland\",\"https:\\\/\\\/www.youtube.com\\\/channel\\\/UCgeGGkvOMahZo-xu_MSEWxg\"]}]}<\/script>\n<!-- \/ Yoast SEO plugin. -->","yoast_head_json":{"title":"\uc911\uad6d \uc2dc\ud2b8\ub85c\ub12c\ub77c \ub9c8\ucf00\uc774\ud2b8 - Hurtowy Dystrybutor","description":"MCT \uc624\uc77c\uc758 \uc2dc\ud2b8\ub85c\ub12c\ub77c \uce58\ub128\uc2dc\uc2a4 \ub9c8\ucf00\uc774\ud2b8\ub294 \uc624\ubbf8\uc790 \uc5f4\ub9e4\ub97c \uce68\uc2dd\uc2dc\ucf1c \uc5bb\uc740 \uace0\ud488\uc9c8\uc758 \ucc9c\uc5f0 \uc2dd\ubb3c \uc6d0\ub8cc\uc785\ub2c8\ub2e4.","robots":{"index":"index","follow":"follow","max-snippet":"max-snippet:-1","max-image-preview":"max-image-preview:large","max-video-preview":"max-video-preview:-1"},"canonical":"https:\/\/naturalpoland.com\/ko\/je-pum\/hwa-jang-pum-won-ryo\/ma-se-re-i-teu\/macerat-z-cytrynca-chinskiego\/","og_locale":"ko_KR","og_type":"article","og_title":"\uc911\uad6d \uc2dc\ud2b8\ub85c\ub12c\ub77c \ub9c8\ucf00\uc774\ud2b8 - Hurtowy Dystrybutor","og_description":"MCT \uc624\uc77c\uc758 \uc2dc\ud2b8\ub85c\ub12c\ub77c \uce58\ub128\uc2dc\uc2a4 \ub9c8\ucf00\uc774\ud2b8\ub294 \uc624\ubbf8\uc790 \uc5f4\ub9e4\ub97c \uce68\uc2dd\uc2dc\ucf1c \uc5bb\uc740 \uace0\ud488\uc9c8\uc758 \ucc9c\uc5f0 \uc2dd\ubb3c \uc6d0\ub8cc\uc785\ub2c8\ub2e4.","og_url":"https:\/\/naturalpoland.com\/ko\/je-pum\/hwa-jang-pum-won-ryo\/ma-se-re-i-teu\/macerat-z-cytrynca-chinskiego\/","og_site_name":"NATURAL POLAND - Hurtowy Dystrybutor Surowc\u00f3w","article_publisher":"https:\/\/www.facebook.com\/naturalpoland.b2b","article_modified_time":"2025-07-01T11:40:55+00:00","og_image":[{"width":1024,"height":1024,"url":"https:\/\/naturalpoland.com\/wp-content\/uploads\/macerat-z-cytrynca-chinskiego.webp","type":"image\/webp"}],"schema":{"@context":"https:\/\/schema.org","@graph":[{"@type":"WebPage","@id":"https:\/\/naturalpoland.com\/ko\/je-pum\/hwa-jang-pum-won-ryo\/ma-se-re-i-teu\/macerat-z-cytrynca-chinskiego\/","url":"https:\/\/naturalpoland.com\/ko\/je-pum\/hwa-jang-pum-won-ryo\/ma-se-re-i-teu\/macerat-z-cytrynca-chinskiego\/","name":"\uc911\uad6d \uc2dc\ud2b8\ub85c\ub12c\ub77c \ub9c8\ucf00\uc774\ud2b8 - Hurtowy Dystrybutor","isPartOf":{"@id":"https:\/\/naturalpoland.com\/ko\/#website"},"primaryImageOfPage":{"@id":"https:\/\/naturalpoland.com\/ko\/je-pum\/hwa-jang-pum-won-ryo\/ma-se-re-i-teu\/macerat-z-cytrynca-chinskiego\/#primaryimage"},"image":{"@id":"https:\/\/naturalpoland.com\/ko\/je-pum\/hwa-jang-pum-won-ryo\/ma-se-re-i-teu\/macerat-z-cytrynca-chinskiego\/#primaryimage"},"thumbnailUrl":"https:\/\/naturalpoland.com\/wp-content\/uploads\/macerat-z-cytrynca-chinskiego.webp","datePublished":"2025-06-13T08:14:19+00:00","dateModified":"2025-07-01T11:40:55+00:00","description":"MCT \uc624\uc77c\uc758 \uc2dc\ud2b8\ub85c\ub12c\ub77c \uce58\ub128\uc2dc\uc2a4 \ub9c8\ucf00\uc774\ud2b8\ub294 \uc624\ubbf8\uc790 \uc5f4\ub9e4\ub97c \uce68\uc2dd\uc2dc\ucf1c \uc5bb\uc740 \uace0\ud488\uc9c8\uc758 \ucc9c\uc5f0 \uc2dd\ubb3c \uc6d0\ub8cc\uc785\ub2c8\ub2e4.","breadcrumb":{"@id":"https:\/\/naturalpoland.com\/ko\/je-pum\/hwa-jang-pum-won-ryo\/ma-se-re-i-teu\/macerat-z-cytrynca-chinskiego\/#breadcrumb"},"inLanguage":"ko-KR","potentialAction":[{"@type":"ReadAction","target":["https:\/\/naturalpoland.com\/ko\/je-pum\/hwa-jang-pum-won-ryo\/ma-se-re-i-teu\/macerat-z-cytrynca-chinskiego\/"]}]},{"@type":"ImageObject","inLanguage":"ko-KR","@id":"https:\/\/naturalpoland.com\/ko\/je-pum\/hwa-jang-pum-won-ryo\/ma-se-re-i-teu\/macerat-z-cytrynca-chinskiego\/#primaryimage","url":"https:\/\/naturalpoland.com\/wp-content\/uploads\/macerat-z-cytrynca-chinskiego.webp","contentUrl":"https:\/\/naturalpoland.com\/wp-content\/uploads\/macerat-z-cytrynca-chinskiego.webp","width":1024,"height":1024,"caption":"Macerat z Cytry\u0144ca Chi\u0144skiego"},{"@type":"BreadcrumbList","@id":"https:\/\/naturalpoland.com\/ko\/je-pum\/hwa-jang-pum-won-ryo\/ma-se-re-i-teu\/macerat-z-cytrynca-chinskiego\/#breadcrumb","itemListElement":[{"@type":"ListItem","position":1,"name":"\ud648","item":"https:\/\/naturalpoland.com\/ko\/"},{"@type":"ListItem","position":2,"name":"\uc81c\ud488","item":"https:\/\/naturalpoland.com\/ko\/%ec%a0%9c%ed%92%88\/"},{"@type":"ListItem","position":3,"name":"\uc911\uad6d \uc2dc\ud2b8\ub85c\ub12c\ub77c \ub9c8\ucf00\uc774\ud2b8"}]},{"@type":"WebSite","@id":"https:\/\/naturalpoland.com\/ko\/#website","url":"https:\/\/naturalpoland.com\/ko\/","name":"NATURAL POLAND - Hurtowy Dystrybutor Surowc\u00f3w","description":"Surowce dla przemys\u0142u spo\u017cywczego, kosmetycznego i farmaceutycznego","publisher":{"@id":"https:\/\/naturalpoland.com\/ko\/#organization"},"potentialAction":[{"@type":"SearchAction","target":{"@type":"EntryPoint","urlTemplate":"https:\/\/naturalpoland.com\/ko\/?s={search_term_string}"},"query-input":{"@type":"PropertyValueSpecification","valueRequired":true,"valueName":"search_term_string"}}],"inLanguage":"ko-KR"},{"@type":"Organization","@id":"https:\/\/naturalpoland.com\/ko\/#organization","name":"Natural Poland","url":"https:\/\/naturalpoland.com\/ko\/","logo":{"@type":"ImageObject","inLanguage":"ko-KR","@id":"https:\/\/naturalpoland.com\/ko\/#\/schema\/logo\/image\/","url":"https:\/\/naturalpoland.com\/wp-content\/uploads\/2021\/05\/natural-poland-icon.png","contentUrl":"https:\/\/naturalpoland.com\/wp-content\/uploads\/2021\/05\/natural-poland-icon.png","width":512,"height":512,"caption":"Natural Poland"},"image":{"@id":"https:\/\/naturalpoland.com\/ko\/#\/schema\/logo\/image\/"},"sameAs":["https:\/\/www.facebook.com\/naturalpoland.b2b","https:\/\/pl.linkedin.com\/company\/natural-poland","https:\/\/www.youtube.com\/channel\/UCgeGGkvOMahZo-xu_MSEWxg"]}]}},"_links":{"self":[{"href":"https:\/\/naturalpoland.com\/ko\/wp-json\/wp\/v2\/product\/41731","targetHints":{"allow":["GET"]}}],"collection":[{"href":"https:\/\/naturalpoland.com\/ko\/wp-json\/wp\/v2\/product"}],"about":[{"href":"https:\/\/naturalpoland.com\/ko\/wp-json\/wp\/v2\/types\/product"}],"wp:featuredmedia":[{"embeddable":true,"href":"https:\/\/naturalpoland.com\/ko\/wp-json\/wp\/v2\/media\/41522"}],"wp:attachment":[{"href":"https:\/\/naturalpoland.com\/ko\/wp-json\/wp\/v2\/media?parent=41731"}],"wp:term":[{"taxonomy":"product_brand","embeddable":true,"href":"https:\/\/naturalpoland.com\/ko\/wp-json\/wp\/v2\/product_brand?post=41731"},{"taxonomy":"product_cat","embeddable":true,"href":"https:\/\/naturalpoland.com\/ko\/wp-json\/wp\/v2\/product_cat?post=41731"},{"taxonomy":"product_tag","embeddable":true,"href":"https:\/\/naturalpoland.com\/ko\/wp-json\/wp\/v2\/product_tag?post=41731"}],"curies":[{"name":"wp","href":"https:\/\/api.w.org\/{rel}","templated":true}]}}