{"id":41815,"date":"2025-07-03T12:25:51","date_gmt":"2025-07-03T10:25:51","guid":{"rendered":"https:\/\/naturalpoland.com\/produkty\/uncategorized\/proszek-jedwabny\/"},"modified":"2025-07-04T10:29:39","modified_gmt":"2025-07-04T08:29:39","slug":"proszek-jedwabny","status":"publish","type":"product","link":"https:\/\/naturalpoland.com\/ko\/je-pum\/hwa-jang-pum-won-ryo\/hwa-jang-pum-won-ryo-ko\/proszek-jedwabny\/","title":{"rendered":"\uc2e4\ud06c \ud30c\uc6b0\ub354"},"content":{"rendered":"<h2>\uc6a9\ub3c4 \ubc0f \ud6a8\ub2a5:<\/h2>\n<p>\uc2e4\ud06c \ud30c\uc6b0\ub354\ub294 \ud53c\ubd80 \ubc0f \ubaa8\ubc1c \uad00\ub9ac\uc6a9 \ud654\uc7a5\ud488\uc5d0 \uc0ac\uc6a9\ub429\ub2c8\ub2e4. \ubcf4\uc2b5, \uc9c4\uc815 \ubc0f \ubcf4\ud638 \ud2b9\uc131\uc744 \uac00\uc9c0\uace0 \uc788\uc2b5\ub2c8\ub2e4. \uc2e4\ud06c \ud53c\ube0c\ub85c\uc778\uc740 \ud53c\ubd80\uc640 \ubaa8\ubc1c\uc5d0 \uc12c\uc138\ud55c \ubcf4\ud638\ub9c9\uc744 \ud615\uc131\ud558\uc5ec \uc218\ubd84 \uc190\uc2e4\uc744 \ubc29\uc9c0\ud558\uace0 \ub3d9\uc2dc\uc5d0 \ubd80\ub4dc\ub7ec\uc6c0\uacfc \uc720\uc5f0\uc131\uc744 \ud5a5\uc0c1\uc2dc\ud0b5\ub2c8\ub2e4.  <\/p>\n<p>\uc0c9\uc870 \ud654\uc7a5\ud488\uc5d0\uc11c\ub294 \uc81c\ud488\uc758 \uc9c8\uac10\uc5d0 \uae0d\uc815\uc801\uc778 \uc601\ud5a5\uc744 \ubbf8\uce58\uace0 \ud53c\ubd80 \ubc00\ucc29\ub825\uc744 \ud5a5\uc0c1\uc2dc\ud0b5\ub2c8\ub2e4. \uc778\uccb4 \ud45c\ud53c\uc640\uc758 \uc0dd\uccb4 \uc801\ud569\uc131\uc73c\ub85c \uc778\ud574 \ub354\ubaa8 \ucf54\uc2a4\uba54\ud2f1 \ubc0f \ubbfc\uac10\uc131 \ud53c\ubd80\uc6a9 \ud654\uc7a5\ud488\uc5d0\ub3c4 \uc0ac\uc6a9\ud560 \uc218 \uc788\uc2b5\ub2c8\ub2e4. \uc774 \uc81c\ud488\uc740 \uc544\uc2dc\uc544 \ud654\uc7a5\ud488(\uc77c\ubcf8 \ubc0f \ud55c\uad6d \ud3ec\ud568)\uc5d0\uc11c\ub3c4 \ub110\ub9ac \uc0ac\uc6a9\ub429\ub2c8\ub2e4.  <\/p>\n<p><b>\uc2e4\ud06c \ud30c\uc6b0\ub354\ub294 \ucc9c\uc5f0 \uc720\ub798 \uc131\ubd84\uacfc \ub6f0\uc5b4\ub09c \uc2a4\ud0a8\ucf00\uc5b4 \ud6a8\ub2a5\uc744 \uacb8\ube44\ud55c<\/b> \uace0\uae09 \ud654\uc7a5\ud488 \uc6d0\ub8cc\uc785\ub2c8\ub2e4. \uc21c\uc218\ud55c \uad6c\uc131\uacfc \ub2e4\uc591\ud55c \uc6a9\ub3c4\ub85c \uc778\ud574 \ud604\ub300\uc801\uc778 \uc2a4\ud0a8\ucf00\uc5b4 \uc81c\ud615\uc744 \uc704\ud55c \ucc9c\uc5f0 \uc0dd\uccb4 \uc801\ud569\uc131 \uc6d0\ub8cc\ub97c \ucc3e\ub294 \uc81c\uc870\uc5c5\uccb4\uc5d0\uac8c \uc774\uc0c1\uc801\uc778 \uc120\ud0dd\uc785\ub2c8\ub2e4. <\/p>\n","protected":false},"excerpt":{"rendered":"<p><strong>\uc2e4\ud06c \ud30c\uc6b0\ub354<\/strong>\ub294 <strong>\ud53c\ube0c\ub85c\uc778<\/strong>, \uc989 <em data-start=\"211\" data-end=\"224\">\ub204\uc5d0\ub098\ubc29<\/em>(\ubf55\ub098\ubb34 \ub204\uc5d0) \uace0\uce58 \uc2e4\ud06c\uc5d0\uc11c \uc790\uc5f0\uc801\uc73c\ub85c \ubc1c\uacac\ub418\ub294 \ub2e8\ubc31\uc9c8\uc5d0\uc11c \uc5bb\uc5b4\uc9d1\ub2c8\ub2e4. \uc774 \uc81c\ud488\uc740 \ucca8\uac00\ubb3c\uc774\ub098 \ubd80\ud615\uc81c\uac00 \uc5c6\ub294 100% \uc21c\uc218 \uc2e4\ud06c\uc785\ub2c8\ub2e4. <\/p>\n","protected":false},"featured_media":41775,"template":"","meta":[],"product_brand":[],"product_cat":[8160],"product_tag":[],"class_list":{"0":"post-41815","1":"product","2":"type-product","3":"status-publish","4":"has-post-thumbnail","6":"product_cat-hwa-jang-pum-won-ryo-ko","8":"first","9":"instock","10":"shipping-taxable","11":"product-type-simple"},"yoast_head":"<!-- This site is optimized with the Yoast SEO plugin v27.3 - https:\/\/yoast.com\/product\/yoast-seo-wordpress\/ -->\n<title>\uc2e4\ud06c \ud30c\uc6b0\ub354 - Hurtowy Dystrybutor<\/title>\n<meta name=\"description\" content=\"\uc2e4\ud06c \ud30c\uc6b0\ub354\ub294 \ucc9c\uc5f0 \uc720\ub798 \uc131\ubd84\uacfc \ub6f0\uc5b4\ub09c \uc2a4\ud0a8\ucf00\uc5b4 \ud6a8\ub2a5\uc744 \uacb8\ube44\ud55c \uace0\uae09 \ud654\uc7a5\ud488 \uc6d0\ub8cc\uc785\ub2c8\ub2e4.\" \/>\n<meta name=\"robots\" content=\"index, follow, max-snippet:-1, max-image-preview:large, max-video-preview:-1\" \/>\n<link rel=\"canonical\" href=\"https:\/\/naturalpoland.com\/ko\/je-pum\/hwa-jang-pum-won-ryo\/hwa-jang-pum-won-ryo-ko\/proszek-jedwabny\/\" \/>\n<meta property=\"og:locale\" content=\"ko_KR\" \/>\n<meta property=\"og:type\" content=\"article\" \/>\n<meta property=\"og:title\" content=\"\uc2e4\ud06c \ud30c\uc6b0\ub354 - Hurtowy Dystrybutor\" \/>\n<meta property=\"og:description\" content=\"\uc2e4\ud06c \ud30c\uc6b0\ub354\ub294 \ucc9c\uc5f0 \uc720\ub798 \uc131\ubd84\uacfc \ub6f0\uc5b4\ub09c \uc2a4\ud0a8\ucf00\uc5b4 \ud6a8\ub2a5\uc744 \uacb8\ube44\ud55c \uace0\uae09 \ud654\uc7a5\ud488 \uc6d0\ub8cc\uc785\ub2c8\ub2e4.\" \/>\n<meta property=\"og:url\" content=\"https:\/\/naturalpoland.com\/ko\/je-pum\/hwa-jang-pum-won-ryo\/hwa-jang-pum-won-ryo-ko\/proszek-jedwabny\/\" \/>\n<meta property=\"og:site_name\" content=\"NATURAL POLAND - Hurtowy Dystrybutor Surowc\u00f3w\" \/>\n<meta property=\"article:publisher\" content=\"https:\/\/www.facebook.com\/naturalpoland.b2b\" \/>\n<meta property=\"article:modified_time\" content=\"2025-07-04T08:29:39+00:00\" \/>\n<meta property=\"og:image\" content=\"https:\/\/naturalpoland.com\/wp-content\/uploads\/proszek-jedwabny.webp\" \/>\n\t<meta property=\"og:image:width\" content=\"1024\" \/>\n\t<meta property=\"og:image:height\" content=\"1024\" \/>\n\t<meta property=\"og:image:type\" content=\"image\/webp\" \/>\n<script type=\"application\/ld+json\" class=\"yoast-schema-graph\">{\"@context\":\"https:\\\/\\\/schema.org\",\"@graph\":[{\"@type\":\"WebPage\",\"@id\":\"https:\\\/\\\/naturalpoland.com\\\/ko\\\/je-pum\\\/hwa-jang-pum-won-ryo\\\/hwa-jang-pum-won-ryo-ko\\\/proszek-jedwabny\\\/\",\"url\":\"https:\\\/\\\/naturalpoland.com\\\/ko\\\/je-pum\\\/hwa-jang-pum-won-ryo\\\/hwa-jang-pum-won-ryo-ko\\\/proszek-jedwabny\\\/\",\"name\":\"\uc2e4\ud06c \ud30c\uc6b0\ub354 - Hurtowy Dystrybutor\",\"isPartOf\":{\"@id\":\"https:\\\/\\\/naturalpoland.com\\\/ko\\\/#website\"},\"primaryImageOfPage\":{\"@id\":\"https:\\\/\\\/naturalpoland.com\\\/ko\\\/je-pum\\\/hwa-jang-pum-won-ryo\\\/hwa-jang-pum-won-ryo-ko\\\/proszek-jedwabny\\\/#primaryimage\"},\"image\":{\"@id\":\"https:\\\/\\\/naturalpoland.com\\\/ko\\\/je-pum\\\/hwa-jang-pum-won-ryo\\\/hwa-jang-pum-won-ryo-ko\\\/proszek-jedwabny\\\/#primaryimage\"},\"thumbnailUrl\":\"https:\\\/\\\/naturalpoland.com\\\/wp-content\\\/uploads\\\/proszek-jedwabny.webp\",\"datePublished\":\"2025-07-03T10:25:51+00:00\",\"dateModified\":\"2025-07-04T08:29:39+00:00\",\"description\":\"\uc2e4\ud06c \ud30c\uc6b0\ub354\ub294 \ucc9c\uc5f0 \uc720\ub798 \uc131\ubd84\uacfc \ub6f0\uc5b4\ub09c \uc2a4\ud0a8\ucf00\uc5b4 \ud6a8\ub2a5\uc744 \uacb8\ube44\ud55c \uace0\uae09 \ud654\uc7a5\ud488 \uc6d0\ub8cc\uc785\ub2c8\ub2e4.\",\"breadcrumb\":{\"@id\":\"https:\\\/\\\/naturalpoland.com\\\/ko\\\/je-pum\\\/hwa-jang-pum-won-ryo\\\/hwa-jang-pum-won-ryo-ko\\\/proszek-jedwabny\\\/#breadcrumb\"},\"inLanguage\":\"ko-KR\",\"potentialAction\":[{\"@type\":\"ReadAction\",\"target\":[\"https:\\\/\\\/naturalpoland.com\\\/ko\\\/je-pum\\\/hwa-jang-pum-won-ryo\\\/hwa-jang-pum-won-ryo-ko\\\/proszek-jedwabny\\\/\"]}]},{\"@type\":\"ImageObject\",\"inLanguage\":\"ko-KR\",\"@id\":\"https:\\\/\\\/naturalpoland.com\\\/ko\\\/je-pum\\\/hwa-jang-pum-won-ryo\\\/hwa-jang-pum-won-ryo-ko\\\/proszek-jedwabny\\\/#primaryimage\",\"url\":\"https:\\\/\\\/naturalpoland.com\\\/wp-content\\\/uploads\\\/proszek-jedwabny.webp\",\"contentUrl\":\"https:\\\/\\\/naturalpoland.com\\\/wp-content\\\/uploads\\\/proszek-jedwabny.webp\",\"width\":1024,\"height\":1024,\"caption\":\"proszek jedwabny otrzymywany z fibroiny\"},{\"@type\":\"BreadcrumbList\",\"@id\":\"https:\\\/\\\/naturalpoland.com\\\/ko\\\/je-pum\\\/hwa-jang-pum-won-ryo\\\/hwa-jang-pum-won-ryo-ko\\\/proszek-jedwabny\\\/#breadcrumb\",\"itemListElement\":[{\"@type\":\"ListItem\",\"position\":1,\"name\":\"\ud648\",\"item\":\"https:\\\/\\\/naturalpoland.com\\\/ko\\\/\"},{\"@type\":\"ListItem\",\"position\":2,\"name\":\"\uc81c\ud488\",\"item\":\"https:\\\/\\\/naturalpoland.com\\\/ko\\\/%ec%a0%9c%ed%92%88\\\/\"},{\"@type\":\"ListItem\",\"position\":3,\"name\":\"\uc2e4\ud06c \ud30c\uc6b0\ub354\"}]},{\"@type\":\"WebSite\",\"@id\":\"https:\\\/\\\/naturalpoland.com\\\/ko\\\/#website\",\"url\":\"https:\\\/\\\/naturalpoland.com\\\/ko\\\/\",\"name\":\"NATURAL POLAND - Hurtowy Dystrybutor Surowc\u00f3w\",\"description\":\"Surowce dla przemys\u0142u spo\u017cywczego, kosmetycznego i farmaceutycznego\",\"publisher\":{\"@id\":\"https:\\\/\\\/naturalpoland.com\\\/ko\\\/#organization\"},\"potentialAction\":[{\"@type\":\"SearchAction\",\"target\":{\"@type\":\"EntryPoint\",\"urlTemplate\":\"https:\\\/\\\/naturalpoland.com\\\/ko\\\/?s={search_term_string}\"},\"query-input\":{\"@type\":\"PropertyValueSpecification\",\"valueRequired\":true,\"valueName\":\"search_term_string\"}}],\"inLanguage\":\"ko-KR\"},{\"@type\":\"Organization\",\"@id\":\"https:\\\/\\\/naturalpoland.com\\\/ko\\\/#organization\",\"name\":\"Natural Poland\",\"url\":\"https:\\\/\\\/naturalpoland.com\\\/ko\\\/\",\"logo\":{\"@type\":\"ImageObject\",\"inLanguage\":\"ko-KR\",\"@id\":\"https:\\\/\\\/naturalpoland.com\\\/ko\\\/#\\\/schema\\\/logo\\\/image\\\/\",\"url\":\"https:\\\/\\\/naturalpoland.com\\\/wp-content\\\/uploads\\\/2021\\\/05\\\/natural-poland-icon.png\",\"contentUrl\":\"https:\\\/\\\/naturalpoland.com\\\/wp-content\\\/uploads\\\/2021\\\/05\\\/natural-poland-icon.png\",\"width\":512,\"height\":512,\"caption\":\"Natural Poland\"},\"image\":{\"@id\":\"https:\\\/\\\/naturalpoland.com\\\/ko\\\/#\\\/schema\\\/logo\\\/image\\\/\"},\"sameAs\":[\"https:\\\/\\\/www.facebook.com\\\/naturalpoland.b2b\",\"https:\\\/\\\/pl.linkedin.com\\\/company\\\/natural-poland\",\"https:\\\/\\\/www.youtube.com\\\/channel\\\/UCgeGGkvOMahZo-xu_MSEWxg\"]}]}<\/script>\n<!-- \/ Yoast SEO plugin. -->","yoast_head_json":{"title":"\uc2e4\ud06c \ud30c\uc6b0\ub354 - Hurtowy Dystrybutor","description":"\uc2e4\ud06c \ud30c\uc6b0\ub354\ub294 \ucc9c\uc5f0 \uc720\ub798 \uc131\ubd84\uacfc \ub6f0\uc5b4\ub09c \uc2a4\ud0a8\ucf00\uc5b4 \ud6a8\ub2a5\uc744 \uacb8\ube44\ud55c \uace0\uae09 \ud654\uc7a5\ud488 \uc6d0\ub8cc\uc785\ub2c8\ub2e4.","robots":{"index":"index","follow":"follow","max-snippet":"max-snippet:-1","max-image-preview":"max-image-preview:large","max-video-preview":"max-video-preview:-1"},"canonical":"https:\/\/naturalpoland.com\/ko\/je-pum\/hwa-jang-pum-won-ryo\/hwa-jang-pum-won-ryo-ko\/proszek-jedwabny\/","og_locale":"ko_KR","og_type":"article","og_title":"\uc2e4\ud06c \ud30c\uc6b0\ub354 - Hurtowy Dystrybutor","og_description":"\uc2e4\ud06c \ud30c\uc6b0\ub354\ub294 \ucc9c\uc5f0 \uc720\ub798 \uc131\ubd84\uacfc \ub6f0\uc5b4\ub09c \uc2a4\ud0a8\ucf00\uc5b4 \ud6a8\ub2a5\uc744 \uacb8\ube44\ud55c \uace0\uae09 \ud654\uc7a5\ud488 \uc6d0\ub8cc\uc785\ub2c8\ub2e4.","og_url":"https:\/\/naturalpoland.com\/ko\/je-pum\/hwa-jang-pum-won-ryo\/hwa-jang-pum-won-ryo-ko\/proszek-jedwabny\/","og_site_name":"NATURAL POLAND - Hurtowy Dystrybutor Surowc\u00f3w","article_publisher":"https:\/\/www.facebook.com\/naturalpoland.b2b","article_modified_time":"2025-07-04T08:29:39+00:00","og_image":[{"width":1024,"height":1024,"url":"https:\/\/naturalpoland.com\/wp-content\/uploads\/proszek-jedwabny.webp","type":"image\/webp"}],"schema":{"@context":"https:\/\/schema.org","@graph":[{"@type":"WebPage","@id":"https:\/\/naturalpoland.com\/ko\/je-pum\/hwa-jang-pum-won-ryo\/hwa-jang-pum-won-ryo-ko\/proszek-jedwabny\/","url":"https:\/\/naturalpoland.com\/ko\/je-pum\/hwa-jang-pum-won-ryo\/hwa-jang-pum-won-ryo-ko\/proszek-jedwabny\/","name":"\uc2e4\ud06c \ud30c\uc6b0\ub354 - Hurtowy Dystrybutor","isPartOf":{"@id":"https:\/\/naturalpoland.com\/ko\/#website"},"primaryImageOfPage":{"@id":"https:\/\/naturalpoland.com\/ko\/je-pum\/hwa-jang-pum-won-ryo\/hwa-jang-pum-won-ryo-ko\/proszek-jedwabny\/#primaryimage"},"image":{"@id":"https:\/\/naturalpoland.com\/ko\/je-pum\/hwa-jang-pum-won-ryo\/hwa-jang-pum-won-ryo-ko\/proszek-jedwabny\/#primaryimage"},"thumbnailUrl":"https:\/\/naturalpoland.com\/wp-content\/uploads\/proszek-jedwabny.webp","datePublished":"2025-07-03T10:25:51+00:00","dateModified":"2025-07-04T08:29:39+00:00","description":"\uc2e4\ud06c \ud30c\uc6b0\ub354\ub294 \ucc9c\uc5f0 \uc720\ub798 \uc131\ubd84\uacfc \ub6f0\uc5b4\ub09c \uc2a4\ud0a8\ucf00\uc5b4 \ud6a8\ub2a5\uc744 \uacb8\ube44\ud55c \uace0\uae09 \ud654\uc7a5\ud488 \uc6d0\ub8cc\uc785\ub2c8\ub2e4.","breadcrumb":{"@id":"https:\/\/naturalpoland.com\/ko\/je-pum\/hwa-jang-pum-won-ryo\/hwa-jang-pum-won-ryo-ko\/proszek-jedwabny\/#breadcrumb"},"inLanguage":"ko-KR","potentialAction":[{"@type":"ReadAction","target":["https:\/\/naturalpoland.com\/ko\/je-pum\/hwa-jang-pum-won-ryo\/hwa-jang-pum-won-ryo-ko\/proszek-jedwabny\/"]}]},{"@type":"ImageObject","inLanguage":"ko-KR","@id":"https:\/\/naturalpoland.com\/ko\/je-pum\/hwa-jang-pum-won-ryo\/hwa-jang-pum-won-ryo-ko\/proszek-jedwabny\/#primaryimage","url":"https:\/\/naturalpoland.com\/wp-content\/uploads\/proszek-jedwabny.webp","contentUrl":"https:\/\/naturalpoland.com\/wp-content\/uploads\/proszek-jedwabny.webp","width":1024,"height":1024,"caption":"proszek jedwabny otrzymywany z fibroiny"},{"@type":"BreadcrumbList","@id":"https:\/\/naturalpoland.com\/ko\/je-pum\/hwa-jang-pum-won-ryo\/hwa-jang-pum-won-ryo-ko\/proszek-jedwabny\/#breadcrumb","itemListElement":[{"@type":"ListItem","position":1,"name":"\ud648","item":"https:\/\/naturalpoland.com\/ko\/"},{"@type":"ListItem","position":2,"name":"\uc81c\ud488","item":"https:\/\/naturalpoland.com\/ko\/%ec%a0%9c%ed%92%88\/"},{"@type":"ListItem","position":3,"name":"\uc2e4\ud06c \ud30c\uc6b0\ub354"}]},{"@type":"WebSite","@id":"https:\/\/naturalpoland.com\/ko\/#website","url":"https:\/\/naturalpoland.com\/ko\/","name":"NATURAL POLAND - Hurtowy Dystrybutor Surowc\u00f3w","description":"Surowce dla przemys\u0142u spo\u017cywczego, kosmetycznego i farmaceutycznego","publisher":{"@id":"https:\/\/naturalpoland.com\/ko\/#organization"},"potentialAction":[{"@type":"SearchAction","target":{"@type":"EntryPoint","urlTemplate":"https:\/\/naturalpoland.com\/ko\/?s={search_term_string}"},"query-input":{"@type":"PropertyValueSpecification","valueRequired":true,"valueName":"search_term_string"}}],"inLanguage":"ko-KR"},{"@type":"Organization","@id":"https:\/\/naturalpoland.com\/ko\/#organization","name":"Natural Poland","url":"https:\/\/naturalpoland.com\/ko\/","logo":{"@type":"ImageObject","inLanguage":"ko-KR","@id":"https:\/\/naturalpoland.com\/ko\/#\/schema\/logo\/image\/","url":"https:\/\/naturalpoland.com\/wp-content\/uploads\/2021\/05\/natural-poland-icon.png","contentUrl":"https:\/\/naturalpoland.com\/wp-content\/uploads\/2021\/05\/natural-poland-icon.png","width":512,"height":512,"caption":"Natural Poland"},"image":{"@id":"https:\/\/naturalpoland.com\/ko\/#\/schema\/logo\/image\/"},"sameAs":["https:\/\/www.facebook.com\/naturalpoland.b2b","https:\/\/pl.linkedin.com\/company\/natural-poland","https:\/\/www.youtube.com\/channel\/UCgeGGkvOMahZo-xu_MSEWxg"]}]}},"_links":{"self":[{"href":"https:\/\/naturalpoland.com\/ko\/wp-json\/wp\/v2\/product\/41815","targetHints":{"allow":["GET"]}}],"collection":[{"href":"https:\/\/naturalpoland.com\/ko\/wp-json\/wp\/v2\/product"}],"about":[{"href":"https:\/\/naturalpoland.com\/ko\/wp-json\/wp\/v2\/types\/product"}],"wp:featuredmedia":[{"embeddable":true,"href":"https:\/\/naturalpoland.com\/ko\/wp-json\/wp\/v2\/media\/41775"}],"wp:attachment":[{"href":"https:\/\/naturalpoland.com\/ko\/wp-json\/wp\/v2\/media?parent=41815"}],"wp:term":[{"taxonomy":"product_brand","embeddable":true,"href":"https:\/\/naturalpoland.com\/ko\/wp-json\/wp\/v2\/product_brand?post=41815"},{"taxonomy":"product_cat","embeddable":true,"href":"https:\/\/naturalpoland.com\/ko\/wp-json\/wp\/v2\/product_cat?post=41815"},{"taxonomy":"product_tag","embeddable":true,"href":"https:\/\/naturalpoland.com\/ko\/wp-json\/wp\/v2\/product_tag?post=41815"}],"curies":[{"name":"wp","href":"https:\/\/api.w.org\/{rel}","templated":true}]}}