{"id":41848,"date":"2021-05-11T13:50:34","date_gmt":"2021-05-11T11:50:34","guid":{"rendered":"https:\/\/naturalpoland.com\/produkty\/uncategorized\/olej-z-nasion-krokosza\/"},"modified":"2025-07-09T11:59:34","modified_gmt":"2025-07-09T09:59:34","slug":"olej-z-nasion-krokosza","status":"publish","type":"product","link":"https:\/\/naturalpoland.com\/ko\/je-pum\/sig-pum-won-ryo\/sig-yong-yu\/olej-z-nasion-krokosza\/","title":{"rendered":"\uc787\uaf43\uc528 \uc624\uc77c"},"content":{"rendered":"<p>\uc787\uaf43 \uc624\uc77c\uc740 \ub2e4\uc911 \ubd88\ud3ec\ud654 \uc9c0\ubc29\uc0b0(PUFA), \uc8fc\ub85c \ub9ac\ub180\ub808\uc0b0(\uc624\uba54\uac00-6)\uc774 \ud48d\ubd80\ud569\ub2c8\ub2e4. \ub610\ud55c \ube44\ud0c0\ubbfc A\uc640 E, \ud53c\ud1a0\uc2a4\ud14c\ub864\uc758 \ucc9c\uc5f0 \uacf5\uae09\uc6d0\uc774\uae30\ub3c4 \ud569\ub2c8\ub2e4. \uc774 \uc624\uc77c\uc740 \ub2e4\uc74c \uc9c0\ubc29\uc0b0\uc744 \ud568\uc720\ud558\uace0 \uc788\uc2b5\ub2c8\ub2e4(100g\ub2f9):  <\/p>\n<ul>\n<li>\ud3ec\ud654 \uc9c0\ubc29\uc0b0 (11g)<\/li>\n<li>\ub2e8\uc77c \ubd88\ud3ec\ud654 \uc9c0\ubc29\uc0b0 (12g)<\/li>\n<li>\ub2e4\uc911 \ubd88\ud3ec\ud654 \uc9c0\ubc29\uc0b0 (77g)<\/li>\n<\/ul>\n<h2>\uac74\uac15\uc0c1\uc758 \uc774\uc810:<\/h2>\n<p>\uc787\uaf43\uc528 \uc624\uc77c\uc740 <strong>\uc2ec\ud608\uad00 \uc2dc\uc2a4\ud15c\uc5d0 \uc720\uc775\ud55c \ud6a8\uacfc\ub97c \uc8fc\uba70<\/strong>, &#8220;\ub098\uc05c&#8221; \ucf5c\ub808\uc2a4\ud14c\ub864(LDL) \uc218\uce58\ub97c \ub0ae\ucd94\uace0 \uc2e0\uccb4\uc758 \uc9c0\uc9c8 \ub300\uc0ac\ub97c \uc870\uc808\ud558\ub294 \ub370 \ub3c4\uc6c0\uc744 \uc90d\ub2c8\ub2e4. \uc774\ub294 \uc8fd\uc0c1\ub3d9\ub9e5\uacbd\ud654\uc99d, \uc2ec\uc7a5\ub9c8\ube44 \ubc0f \ub1cc\uc878\uc911\uc758 \uc704\ud5d8\uc744 \uc904\uc5ec\uc90d\ub2c8\ub2e4. \ud56d\uc751\uace0 \ud2b9\uc131\uc740 \ud608\uc804 \ud615\uc131\uc744 \ubc29\uc9c0\ud558\uace0, \ud608\uc555 \uc870\uc808 \ud6a8\uacfc\ub294 \uc2ec\ud608\uad00 \uc9c8\ud658 \uc608\ubc29\uc5d0 \ub3c4\uc6c0\uc774 \ub429\ub2c8\ub2e4. \uc774 \uc624\uc77c\uc740 \ub610\ud55c <strong>\uba74\uc5ed \uccb4\uacc4\uc5d0 \uc720\uc775\ud558\uba70<\/strong>, \uc2e0\uccb4\uc758 \uc790\uc5f0 \ubc29\uc5b4 \uc7a5\ubcbd\uc744 \uac15\ud654\ud558\uace0, \ud638\ud761\uae30 \uc2dc\uc2a4\ud15c\uc5d0\ub3c4 \uc720\uc775\ud558\uc5ec \uac10\uc5fc \uc911 \uac00\ub798 \ubc30\ucd9c\uc744 \ub3d5\uace0 \ud638\ud761 \uace4\ub780\uc744 \uc904\uc5ec\uc90d\ub2c8\ub2e4.   <\/p>\n<p>\ub9ac\ub180\ub808\uc0b0 \ud568\ub7c9 \ub355\ubd84\uc5d0 \uc787\uaf43 \uc624\uc77c\uc740 <strong>\ud638\ub974\ubaac \uc2dc\uc2a4\ud15c\ub3c4 \uc9c0\uc6d0\ud569\ub2c8\ub2e4<\/strong>. \uc774\ub294 \ud504\ub85c\uc2a4\ud0c0\uae00\ub780\ub518 \uc0dd\uc131\uc744 \uc870\uc808\ud558\uc5ec \uc6d4\uacbd \uc804 \uc99d\ud6c4\uad70(PMS) \uc99d\uc0c1\uc744 \uc644\ud654\ud558\uace0, \uc0dd\ub9ac\ud1b5\uc744 \uc904\uc774\uba70, \ud3d0\uacbd\uae30\uc758 \uc6d0\uce58 \uc54a\ub294 \uc99d\uc0c1\uc744 \uad00\ub9ac\ud558\ub294 \ub370 \ub3c4\uc6c0\uc744 \uc90d\ub2c8\ub2e4. <strong>\uc18c\ud654 \uacfc\uc815\uc744 \uc9c0\uc6d0\ud558\uc5ec<\/strong> \ubc30\ubcc0\uc744 \uc870\uc808\ud558\uace0 \ubcc0\ube44\ub97c \uc608\ubc29\ud558\uba70, \uc774\ub294 \uacfc\uccb4\uc911\uacfc\uc758 \uc2f8\uc6c0\uacfc \ud06c\ub860\ubcd1 \uce58\ub8cc\uc5d0 \ud2b9\ud788 \uc720\uc6a9\ud569\ub2c8\ub2e4. \ub610\ud55c \uc787\uaf43 \uc624\uc77c\uc740 \ud608\ub2f9 \uc218\uce58\ub97c \ub0ae\ucd94\ubbc0\ub85c \ub2f9\ub1e8\ubcd1 \ud658\uc790\uc5d0\uac8c \uad8c\uc7a5\ub429\ub2c8\ub2e4.  <\/p>\n<h2>\uc624\uc77c\uc758 \uc801\uc6a9:<\/h2>\n<p><strong>\ud654\uc7a5\ud488 \ubd84\uc57c\uc5d0\uc11c<\/strong> \uc787\uaf43\uc528 \uc624\uc77c\uc740 \ud56d\uc0b0\ud654 \ud2b9\uc131\uc73c\ub85c \uc778\ud574 \ub192\uc774 \ud3c9\uac00\ub429\ub2c8\ub2e4. \uc774\ub294 \uc790\uc720 \ub77c\ub514\uce7c\uc744 \uc911\ud654\ud558\uace0 \uc720\ud574\ud55c \uc678\ubd80 \uc694\uc778\uc73c\ub85c\ubd80\ud130 \ud53c\ubd80\ub97c \ubcf4\ud638\ud569\ub2c8\ub2e4. \uc624\uc77c\uc744 \uafb8\uc900\ud788 \uc0ac\uc6a9\ud558\uba74 \ud53c\ubd80 \ud0c4\ub825\uc744 \uac1c\uc120\ud558\uace0 \uc8fc\ub984\uc744 \uc904\uc774\uba70 \uc801\uc808\ud55c \uc218\ubd84\uc744 \uc720\uc9c0\ud558\ub294 \ub370 \ub3c4\uc6c0\uc774 \ub429\ub2c8\ub2e4. \uc787\uaf43 \uc624\uc77c\uc740 \ud53c\ubd80 \uc5fc\uc99d\uc744 \uc644\ud654\ud558\uace0 \uc0c1\ucc98 \uce58\uc720\ub97c \ucd09\uc9c4\ud558\uba70 \uac74\uc120 \ubc0f \uc5ec\ub4dc\ub984 \uc99d\uc0c1\uc744 \uc904\uc774\uace0 \ud53c\ubd80 \uc138\ud3ec \uc7ac\uc0dd\uc744 \ucd09\uc9c4\ud569\ub2c8\ub2e4. \ubc14\ub514 \ucf00\uc5b4\uc5d0\uc11c\ub294 \ud53c\ubd80\ub098 \uba38\ub9ac\uce74\ub77d\uc5d0 \uc9c1\uc811 \uc0ac\uc6a9\ud558\uac70\ub098 \ub9c8\uc2a4\ud06c, \ud06c\ub9bc, \ub85c\uc158\uacfc \uac19\uc740 \ud648\uba54\uc774\ub4dc \ud654\uc7a5\ud488\uc758 \uc131\ubd84\uc73c\ub85c \uc0ac\uc6a9\ud560 \uc218 \uc788\uc2b5\ub2c8\ub2e4.   <\/p>\n<p>\ubc18\uba74 <strong>\uc694\ub9ac\uc5d0\uc11c\ub294<\/strong> \uc0d0\ub7ec\ub4dc, \uc0dd\ucc44\uc18c \uc0d0\ub7ec\ub4dc, \ub525, \ub9c8\uc694\ub124\uc988 \ub610\ub294 \ucf54\ud2f0\uc9c0 \uce58\uc988\uc5d0 \ud6cc\ub96d\ud55c \ucca8\uac00\ubb3c\ub85c \uc0ac\uc6a9\ub418\uc5b4 \uc12c\uc138\ud558\uace0 \uc57d\uac04 \uacac\uacfc\ub958 \ub9db\uc73c\ub85c \uc694\ub9ac\uc758 \ud48d\ubbf8\ub97c \ub354\ud569\ub2c8\ub2e4.<\/p>\n","protected":false},"excerpt":{"rendered":"<p>\uac74\uac15 \ubc0f \ubbf8\uc6a9 \ud2b9\uc131\uc744 \uc9c0\ub2cc \ub0c9\uc555\ucc29 \uc787\uaf43\uc528 \uc624\uc77c.<\/p>\n","protected":false},"featured_media":41850,"template":"","meta":{"_acf_changed":false},"product_brand":[],"product_cat":[8135,8174,8154],"product_tag":[],"class_list":{"0":"post-41848","1":"product","2":"type-product","3":"status-publish","4":"has-post-thumbnail","6":"product_cat-sig-yong-mit-hwa-jang-pum-yong-o-il","7":"product_cat-sig-yong-yu","8":"product_cat-hwa-jang-pum-o-il","10":"first","11":"instock","12":"shipping-taxable","13":"product-type-simple"},"acf":[],"yoast_head":"<!-- This site is optimized with the Yoast SEO plugin v27.4 - https:\/\/yoast.com\/product\/yoast-seo-wordpress\/ -->\n<title>\uc787\uaf43\uc528 \uc624\uc77c - Natural Poland<\/title>\n<meta name=\"description\" content=\"\uc787\uaf43\uc528 \uc624\uc77c\uc740 \ubd88\ud3ec\ud654 \uc9c0\ubc29\uc0b0, \ube44\ud0c0\ubbfc A\uc640 E, \ud53c\ud1a0\uc2a4\ud14c\ub864\uc774 \ud48d\ubd80\ud55c \ub3c5\ud2b9\ud55c \uad6c\uc131 \ub355\ubd84\uc5d0 \uad11\ubc94\uc704\ud55c \uac74\uac15 \ubc0f \ubbf8\uc6a9\uc0c1\uc758 \uc774\uc810\uc744 \uc81c\uacf5\ud569\ub2c8\ub2e4.\" \/>\n<meta name=\"robots\" content=\"index, follow, max-snippet:-1, max-image-preview:large, max-video-preview:-1\" \/>\n<link rel=\"canonical\" href=\"https:\/\/naturalpoland.com\/ko\/je-pum\/sig-pum-won-ryo\/sig-yong-yu\/olej-z-nasion-krokosza\/\" \/>\n<meta property=\"og:locale\" content=\"ko_KR\" \/>\n<meta property=\"og:type\" content=\"article\" \/>\n<meta property=\"og:title\" content=\"\uc787\uaf43\uc528 \uc624\uc77c - Natural Poland\" \/>\n<meta property=\"og:description\" content=\"\uc787\uaf43\uc528 \uc624\uc77c\uc740 \ubd88\ud3ec\ud654 \uc9c0\ubc29\uc0b0, \ube44\ud0c0\ubbfc A\uc640 E, \ud53c\ud1a0\uc2a4\ud14c\ub864\uc774 \ud48d\ubd80\ud55c \ub3c5\ud2b9\ud55c \uad6c\uc131 \ub355\ubd84\uc5d0 \uad11\ubc94\uc704\ud55c \uac74\uac15 \ubc0f \ubbf8\uc6a9\uc0c1\uc758 \uc774\uc810\uc744 \uc81c\uacf5\ud569\ub2c8\ub2e4.\" \/>\n<meta property=\"og:url\" content=\"https:\/\/naturalpoland.com\/ko\/je-pum\/sig-pum-won-ryo\/sig-yong-yu\/olej-z-nasion-krokosza\/\" \/>\n<meta property=\"og:site_name\" content=\"NATURAL POLAND - Hurtowy Dystrybutor Surowc\u00f3w\" \/>\n<meta property=\"article:publisher\" content=\"https:\/\/www.facebook.com\/naturalpoland.b2b\" \/>\n<meta property=\"article:modified_time\" content=\"2025-07-09T09:59:34+00:00\" \/>\n<meta property=\"og:image\" content=\"https:\/\/naturalpoland.com\/wp-content\/uploads\/olej-z-nasion-krokosza-barwierskiego.webp\" \/>\n\t<meta property=\"og:image:width\" content=\"700\" \/>\n\t<meta property=\"og:image:height\" content=\"700\" \/>\n\t<meta property=\"og:image:type\" content=\"image\/webp\" \/>\n<script type=\"application\/ld+json\" class=\"yoast-schema-graph\">{\"@context\":\"https:\\\/\\\/schema.org\",\"@graph\":[{\"@type\":\"WebPage\",\"@id\":\"https:\\\/\\\/naturalpoland.com\\\/ko\\\/je-pum\\\/sig-pum-won-ryo\\\/sig-yong-yu\\\/olej-z-nasion-krokosza\\\/\",\"url\":\"https:\\\/\\\/naturalpoland.com\\\/ko\\\/je-pum\\\/sig-pum-won-ryo\\\/sig-yong-yu\\\/olej-z-nasion-krokosza\\\/\",\"name\":\"\uc787\uaf43\uc528 \uc624\uc77c - Natural Poland\",\"isPartOf\":{\"@id\":\"https:\\\/\\\/naturalpoland.com\\\/ko\\\/#website\"},\"primaryImageOfPage\":{\"@id\":\"https:\\\/\\\/naturalpoland.com\\\/ko\\\/je-pum\\\/sig-pum-won-ryo\\\/sig-yong-yu\\\/olej-z-nasion-krokosza\\\/#primaryimage\"},\"image\":{\"@id\":\"https:\\\/\\\/naturalpoland.com\\\/ko\\\/je-pum\\\/sig-pum-won-ryo\\\/sig-yong-yu\\\/olej-z-nasion-krokosza\\\/#primaryimage\"},\"thumbnailUrl\":\"https:\\\/\\\/naturalpoland.com\\\/wp-content\\\/uploads\\\/olej-z-nasion-krokosza-barwierskiego.webp\",\"datePublished\":\"2021-05-11T11:50:34+00:00\",\"dateModified\":\"2025-07-09T09:59:34+00:00\",\"description\":\"\uc787\uaf43\uc528 \uc624\uc77c\uc740 \ubd88\ud3ec\ud654 \uc9c0\ubc29\uc0b0, \ube44\ud0c0\ubbfc A\uc640 E, \ud53c\ud1a0\uc2a4\ud14c\ub864\uc774 \ud48d\ubd80\ud55c \ub3c5\ud2b9\ud55c \uad6c\uc131 \ub355\ubd84\uc5d0 \uad11\ubc94\uc704\ud55c \uac74\uac15 \ubc0f \ubbf8\uc6a9\uc0c1\uc758 \uc774\uc810\uc744 \uc81c\uacf5\ud569\ub2c8\ub2e4.\",\"breadcrumb\":{\"@id\":\"https:\\\/\\\/naturalpoland.com\\\/ko\\\/je-pum\\\/sig-pum-won-ryo\\\/sig-yong-yu\\\/olej-z-nasion-krokosza\\\/#breadcrumb\"},\"inLanguage\":\"ko-KR\",\"potentialAction\":[{\"@type\":\"ReadAction\",\"target\":[\"https:\\\/\\\/naturalpoland.com\\\/ko\\\/je-pum\\\/sig-pum-won-ryo\\\/sig-yong-yu\\\/olej-z-nasion-krokosza\\\/\"]}]},{\"@type\":\"ImageObject\",\"inLanguage\":\"ko-KR\",\"@id\":\"https:\\\/\\\/naturalpoland.com\\\/ko\\\/je-pum\\\/sig-pum-won-ryo\\\/sig-yong-yu\\\/olej-z-nasion-krokosza\\\/#primaryimage\",\"url\":\"https:\\\/\\\/naturalpoland.com\\\/wp-content\\\/uploads\\\/olej-z-nasion-krokosza-barwierskiego.webp\",\"contentUrl\":\"https:\\\/\\\/naturalpoland.com\\\/wp-content\\\/uploads\\\/olej-z-nasion-krokosza-barwierskiego.webp\",\"width\":700,\"height\":700,\"caption\":\"Olej z nasion krokosza barwierskiego\"},{\"@type\":\"BreadcrumbList\",\"@id\":\"https:\\\/\\\/naturalpoland.com\\\/ko\\\/je-pum\\\/sig-pum-won-ryo\\\/sig-yong-yu\\\/olej-z-nasion-krokosza\\\/#breadcrumb\",\"itemListElement\":[{\"@type\":\"ListItem\",\"position\":1,\"name\":\"\ud648\",\"item\":\"https:\\\/\\\/naturalpoland.com\\\/ko\\\/\"},{\"@type\":\"ListItem\",\"position\":2,\"name\":\"\uc81c\ud488\",\"item\":\"https:\\\/\\\/naturalpoland.com\\\/ko\\\/%ec%a0%9c%ed%92%88\\\/\"},{\"@type\":\"ListItem\",\"position\":3,\"name\":\"\uc787\uaf43\uc528 \uc624\uc77c\"}]},{\"@type\":\"WebSite\",\"@id\":\"https:\\\/\\\/naturalpoland.com\\\/ko\\\/#website\",\"url\":\"https:\\\/\\\/naturalpoland.com\\\/ko\\\/\",\"name\":\"NATURAL POLAND - Hurtowy Dystrybutor Surowc\u00f3w\",\"description\":\"Surowce dla przemys\u0142u spo\u017cywczego, kosmetycznego i farmaceutycznego\",\"publisher\":{\"@id\":\"https:\\\/\\\/naturalpoland.com\\\/ko\\\/#organization\"},\"potentialAction\":[{\"@type\":\"SearchAction\",\"target\":{\"@type\":\"EntryPoint\",\"urlTemplate\":\"https:\\\/\\\/naturalpoland.com\\\/ko\\\/?s={search_term_string}\"},\"query-input\":{\"@type\":\"PropertyValueSpecification\",\"valueRequired\":true,\"valueName\":\"search_term_string\"}}],\"inLanguage\":\"ko-KR\"},{\"@type\":\"Organization\",\"@id\":\"https:\\\/\\\/naturalpoland.com\\\/ko\\\/#organization\",\"name\":\"Natural Poland\",\"url\":\"https:\\\/\\\/naturalpoland.com\\\/ko\\\/\",\"logo\":{\"@type\":\"ImageObject\",\"inLanguage\":\"ko-KR\",\"@id\":\"https:\\\/\\\/naturalpoland.com\\\/ko\\\/#\\\/schema\\\/logo\\\/image\\\/\",\"url\":\"https:\\\/\\\/naturalpoland.com\\\/wp-content\\\/uploads\\\/2021\\\/05\\\/natural-poland-icon.png\",\"contentUrl\":\"https:\\\/\\\/naturalpoland.com\\\/wp-content\\\/uploads\\\/2021\\\/05\\\/natural-poland-icon.png\",\"width\":512,\"height\":512,\"caption\":\"Natural Poland\"},\"image\":{\"@id\":\"https:\\\/\\\/naturalpoland.com\\\/ko\\\/#\\\/schema\\\/logo\\\/image\\\/\"},\"sameAs\":[\"https:\\\/\\\/www.facebook.com\\\/naturalpoland.b2b\",\"https:\\\/\\\/pl.linkedin.com\\\/company\\\/natural-poland\",\"https:\\\/\\\/www.youtube.com\\\/channel\\\/UCgeGGkvOMahZo-xu_MSEWxg\"]}]}<\/script>\n<!-- \/ Yoast SEO plugin. -->","yoast_head_json":{"title":"\uc787\uaf43\uc528 \uc624\uc77c - Natural Poland","description":"\uc787\uaf43\uc528 \uc624\uc77c\uc740 \ubd88\ud3ec\ud654 \uc9c0\ubc29\uc0b0, \ube44\ud0c0\ubbfc A\uc640 E, \ud53c\ud1a0\uc2a4\ud14c\ub864\uc774 \ud48d\ubd80\ud55c \ub3c5\ud2b9\ud55c \uad6c\uc131 \ub355\ubd84\uc5d0 \uad11\ubc94\uc704\ud55c \uac74\uac15 \ubc0f \ubbf8\uc6a9\uc0c1\uc758 \uc774\uc810\uc744 \uc81c\uacf5\ud569\ub2c8\ub2e4.","robots":{"index":"index","follow":"follow","max-snippet":"max-snippet:-1","max-image-preview":"max-image-preview:large","max-video-preview":"max-video-preview:-1"},"canonical":"https:\/\/naturalpoland.com\/ko\/je-pum\/sig-pum-won-ryo\/sig-yong-yu\/olej-z-nasion-krokosza\/","og_locale":"ko_KR","og_type":"article","og_title":"\uc787\uaf43\uc528 \uc624\uc77c - Natural Poland","og_description":"\uc787\uaf43\uc528 \uc624\uc77c\uc740 \ubd88\ud3ec\ud654 \uc9c0\ubc29\uc0b0, \ube44\ud0c0\ubbfc A\uc640 E, \ud53c\ud1a0\uc2a4\ud14c\ub864\uc774 \ud48d\ubd80\ud55c \ub3c5\ud2b9\ud55c \uad6c\uc131 \ub355\ubd84\uc5d0 \uad11\ubc94\uc704\ud55c \uac74\uac15 \ubc0f \ubbf8\uc6a9\uc0c1\uc758 \uc774\uc810\uc744 \uc81c\uacf5\ud569\ub2c8\ub2e4.","og_url":"https:\/\/naturalpoland.com\/ko\/je-pum\/sig-pum-won-ryo\/sig-yong-yu\/olej-z-nasion-krokosza\/","og_site_name":"NATURAL POLAND - Hurtowy Dystrybutor Surowc\u00f3w","article_publisher":"https:\/\/www.facebook.com\/naturalpoland.b2b","article_modified_time":"2025-07-09T09:59:34+00:00","og_image":[{"width":700,"height":700,"url":"https:\/\/naturalpoland.com\/wp-content\/uploads\/olej-z-nasion-krokosza-barwierskiego.webp","type":"image\/webp"}],"schema":{"@context":"https:\/\/schema.org","@graph":[{"@type":"WebPage","@id":"https:\/\/naturalpoland.com\/ko\/je-pum\/sig-pum-won-ryo\/sig-yong-yu\/olej-z-nasion-krokosza\/","url":"https:\/\/naturalpoland.com\/ko\/je-pum\/sig-pum-won-ryo\/sig-yong-yu\/olej-z-nasion-krokosza\/","name":"\uc787\uaf43\uc528 \uc624\uc77c - Natural Poland","isPartOf":{"@id":"https:\/\/naturalpoland.com\/ko\/#website"},"primaryImageOfPage":{"@id":"https:\/\/naturalpoland.com\/ko\/je-pum\/sig-pum-won-ryo\/sig-yong-yu\/olej-z-nasion-krokosza\/#primaryimage"},"image":{"@id":"https:\/\/naturalpoland.com\/ko\/je-pum\/sig-pum-won-ryo\/sig-yong-yu\/olej-z-nasion-krokosza\/#primaryimage"},"thumbnailUrl":"https:\/\/naturalpoland.com\/wp-content\/uploads\/olej-z-nasion-krokosza-barwierskiego.webp","datePublished":"2021-05-11T11:50:34+00:00","dateModified":"2025-07-09T09:59:34+00:00","description":"\uc787\uaf43\uc528 \uc624\uc77c\uc740 \ubd88\ud3ec\ud654 \uc9c0\ubc29\uc0b0, \ube44\ud0c0\ubbfc A\uc640 E, \ud53c\ud1a0\uc2a4\ud14c\ub864\uc774 \ud48d\ubd80\ud55c \ub3c5\ud2b9\ud55c \uad6c\uc131 \ub355\ubd84\uc5d0 \uad11\ubc94\uc704\ud55c \uac74\uac15 \ubc0f \ubbf8\uc6a9\uc0c1\uc758 \uc774\uc810\uc744 \uc81c\uacf5\ud569\ub2c8\ub2e4.","breadcrumb":{"@id":"https:\/\/naturalpoland.com\/ko\/je-pum\/sig-pum-won-ryo\/sig-yong-yu\/olej-z-nasion-krokosza\/#breadcrumb"},"inLanguage":"ko-KR","potentialAction":[{"@type":"ReadAction","target":["https:\/\/naturalpoland.com\/ko\/je-pum\/sig-pum-won-ryo\/sig-yong-yu\/olej-z-nasion-krokosza\/"]}]},{"@type":"ImageObject","inLanguage":"ko-KR","@id":"https:\/\/naturalpoland.com\/ko\/je-pum\/sig-pum-won-ryo\/sig-yong-yu\/olej-z-nasion-krokosza\/#primaryimage","url":"https:\/\/naturalpoland.com\/wp-content\/uploads\/olej-z-nasion-krokosza-barwierskiego.webp","contentUrl":"https:\/\/naturalpoland.com\/wp-content\/uploads\/olej-z-nasion-krokosza-barwierskiego.webp","width":700,"height":700,"caption":"Olej z nasion krokosza barwierskiego"},{"@type":"BreadcrumbList","@id":"https:\/\/naturalpoland.com\/ko\/je-pum\/sig-pum-won-ryo\/sig-yong-yu\/olej-z-nasion-krokosza\/#breadcrumb","itemListElement":[{"@type":"ListItem","position":1,"name":"\ud648","item":"https:\/\/naturalpoland.com\/ko\/"},{"@type":"ListItem","position":2,"name":"\uc81c\ud488","item":"https:\/\/naturalpoland.com\/ko\/%ec%a0%9c%ed%92%88\/"},{"@type":"ListItem","position":3,"name":"\uc787\uaf43\uc528 \uc624\uc77c"}]},{"@type":"WebSite","@id":"https:\/\/naturalpoland.com\/ko\/#website","url":"https:\/\/naturalpoland.com\/ko\/","name":"NATURAL POLAND - Hurtowy Dystrybutor Surowc\u00f3w","description":"Surowce dla przemys\u0142u spo\u017cywczego, kosmetycznego i farmaceutycznego","publisher":{"@id":"https:\/\/naturalpoland.com\/ko\/#organization"},"potentialAction":[{"@type":"SearchAction","target":{"@type":"EntryPoint","urlTemplate":"https:\/\/naturalpoland.com\/ko\/?s={search_term_string}"},"query-input":{"@type":"PropertyValueSpecification","valueRequired":true,"valueName":"search_term_string"}}],"inLanguage":"ko-KR"},{"@type":"Organization","@id":"https:\/\/naturalpoland.com\/ko\/#organization","name":"Natural Poland","url":"https:\/\/naturalpoland.com\/ko\/","logo":{"@type":"ImageObject","inLanguage":"ko-KR","@id":"https:\/\/naturalpoland.com\/ko\/#\/schema\/logo\/image\/","url":"https:\/\/naturalpoland.com\/wp-content\/uploads\/2021\/05\/natural-poland-icon.png","contentUrl":"https:\/\/naturalpoland.com\/wp-content\/uploads\/2021\/05\/natural-poland-icon.png","width":512,"height":512,"caption":"Natural Poland"},"image":{"@id":"https:\/\/naturalpoland.com\/ko\/#\/schema\/logo\/image\/"},"sameAs":["https:\/\/www.facebook.com\/naturalpoland.b2b","https:\/\/pl.linkedin.com\/company\/natural-poland","https:\/\/www.youtube.com\/channel\/UCgeGGkvOMahZo-xu_MSEWxg"]}]}},"_links":{"self":[{"href":"https:\/\/naturalpoland.com\/ko\/wp-json\/wp\/v2\/product\/41848","targetHints":{"allow":["GET"]}}],"collection":[{"href":"https:\/\/naturalpoland.com\/ko\/wp-json\/wp\/v2\/product"}],"about":[{"href":"https:\/\/naturalpoland.com\/ko\/wp-json\/wp\/v2\/types\/product"}],"wp:featuredmedia":[{"embeddable":true,"href":"https:\/\/naturalpoland.com\/ko\/wp-json\/wp\/v2\/media\/41850"}],"wp:attachment":[{"href":"https:\/\/naturalpoland.com\/ko\/wp-json\/wp\/v2\/media?parent=41848"}],"wp:term":[{"taxonomy":"product_brand","embeddable":true,"href":"https:\/\/naturalpoland.com\/ko\/wp-json\/wp\/v2\/product_brand?post=41848"},{"taxonomy":"product_cat","embeddable":true,"href":"https:\/\/naturalpoland.com\/ko\/wp-json\/wp\/v2\/product_cat?post=41848"},{"taxonomy":"product_tag","embeddable":true,"href":"https:\/\/naturalpoland.com\/ko\/wp-json\/wp\/v2\/product_tag?post=41848"}],"curies":[{"name":"wp","href":"https:\/\/api.w.org\/{rel}","templated":true}]}}