{"id":41851,"date":"2021-05-11T13:50:10","date_gmt":"2021-05-11T11:50:10","guid":{"rendered":"https:\/\/naturalpoland.com\/produkty\/uncategorized\/olej-z-nasion-gorczycy\/"},"modified":"2025-07-09T12:06:23","modified_gmt":"2025-07-09T10:06:23","slug":"olej-z-nasion-gorczycy","status":"publish","type":"product","link":"https:\/\/naturalpoland.com\/ko\/je-pum\/sig-pum-won-ryo\/sig-yong-yu\/olej-z-nasion-gorczycy\/","title":{"rendered":"\uaca8\uc790\uc528 \uc624\uc77c"},"content":{"rendered":"<p>\uaca8\uc790\uc528 \uc624\uc77c\uc740 \uc2dd\ud488 \uc0b0\uc5c5\uacfc \ud654\uc7a5\ud488 \uc0b0\uc5c5 \ubaa8\ub450\uc5d0\uc11c \uad11\ubc94\uc704\ud558\uac8c \uc0ac\uc6a9\ub418\ub294 \uadc0\uc911\ud55c \uc81c\ud488\uc785\ub2c8\ub2e4.<\/p>\n<h2>\uc2dd\ud488 \ud2b9\uc131<\/h2>\n<p>\uaca8\uc790\uc528 \uc624\uc77c\uc740 \ub178\ub780\uc0c9 \ub610\ub294 \ud638\ubc15\uc0c9\uc744 \ub760\uba70, \ub69c\ub837\ud558\uace0 \uc57d\uac04 \ub9e4\uc6b4 \ud5a5\uc774 \ud2b9\uc9d5\uc73c\ub85c \ub2e4\ub978 \uc2dd\ubb3c\uc131 \uc624\uc77c\uacfc \ucc28\ubcc4\ud654\ub429\ub2c8\ub2e4. \uc774 \uc624\uc77c\uc740 \uc2ec\uc7a5 \uac74\uac15\uacfc \ud608\uc561 \uc21c\ud658 \uc2dc\uc2a4\ud15c\uc758 \uc801\uc808\ud55c \uae30\ub2a5\uc5d0 \uc911\uc694\ud55c \uc624\uba54\uac00-3 \ubc0f \uc624\uba54\uac00-6 \uc9c0\ubc29\uc0b0\uc774 \uace0\ub18d\ub3c4\ub85c \ud568\uc720\ub418\uc5b4 \uc788\uc2b5\ub2c8\ub2e4. \uaca8\uc790\uc528 \uc624\uc77c\uc744 \uc815\uae30\uc801\uc73c\ub85c \uc12d\ucde8\ud558\uba74 LDL \ucf5c\ub808\uc2a4\ud14c\ub864(&#8216;\ub098\uc05c \ucf5c\ub808\uc2a4\ud14c\ub864&#8217;) \uc218\uce58\ub97c \ub0ae\ucd94\uace0 \ud608\uc561 \uc21c\ud658\uc744 \uac1c\uc120\ud558\ub294 \ub370 \ub3c4\uc6c0\uc774 \ub420 \uc218 \uc788\uc73c\uba70, \uc774\ub294 \uc2ec\ud608\uad00 \uc9c8\ud658 \uc608\ubc29\uc5d0 \uc911\uc694\ud569\ub2c8\ub2e4.  <\/p>\n<h2>\uc790\uc5f0 \uc758\ud559\uc5d0\uc11c\uc758 \uc751\uc6a9<\/h2>\n<p>\uc804\ud1b5\uc801\uc73c\ub85c \uaca8\uc790\uc528 \uc624\uc77c\uc740 \ud56d\uade0 \ubc0f \ud56d\uc5fc\uc99d \ud2b9\uc131\uc73c\ub85c \uc778\ud574 \uac10\uc5fc, \uae30\uce68 \ubc0f \uac10\uae30 \uce58\ub8cc\ub97c \ub3d5\ub294 \uc218\ub2e8\uc73c\ub85c\ub3c4 \uc0ac\uc6a9\ub418\uc5c8\uc2b5\ub2c8\ub2e4. \uc678\ubd80\uc801\uc73c\ub85c \uc801\uc6a9\ud558\uba74 \ud638\ud761\uae30 \uc5fc\uc99d\uc5d0 \uc644\ud654 \ud6a8\uacfc\ub97c \uc8fc\uc5b4 \uc9c4\uc815 \ubc0f \uc628\uc5f4 \ud6a8\uacfc\ub97c \uc81c\uacf5\ud560 \uc218 \uc788\uc2b5\ub2c8\ub2e4. <\/p>\n<h2>\ud654\uc7a5\ud488 \uc6a9\ub3c4<\/h2>\n<p>\ud654\uc7a5\ud488 \uc0b0\uc5c5\uc5d0\uc11c \uaca8\uc790\uc528 \uc624\uc77c\uc740 \ubcf4\uc2b5 \ubc0f \uc7ac\uc0dd \ud2b9\uc131\uc73c\ub85c \ub192\uc774 \ud3c9\uac00\ub429\ub2c8\ub2e4. \uc774 \uc624\uc77c\uc740 \uc798 \uc54c\ub824\uc9c4 \ud56d\uc0b0\ud654\uc81c\uc778 <a href=\"https:\/\/naturalpoland.com\/ko\/ka-te-go-ri\/ui-yak-pum-won-ryo\/bi-ta-min\/\">\ube44\ud0c0\ubbfc<\/a> A\uc640 E\uac00 \ud48d\ubd80\ud569\ub2c8\ub2e4. \ud53c\ubd80 \ud0c4\ub825\uc744 \uc720\uc9c0\ud558\uace0 \uc794\uc8fc\ub984\uc744 \uc904\uc774\uba70 \uc804\ubc18\uc801\uc778 \ud53c\ubd80\uacb0\uc744 \uac1c\uc120\ud558\ub294 \ub370 \ub3c4\uc6c0\uc774 \ub429\ub2c8\ub2e4. \uc774 \uc624\uc77c\uc740 \ub610\ud55c \ubaa8\ubc1c \uad00\ub9ac\uc5d0 \uc0ac\uc6a9\ub418\uba70, \uc601\uc591 \ubc0f \uac15\ud654 \ud6a8\uacfc\uac00 \uc788\uc2b5\ub2c8\ub2e4.   <\/p>\n<p>\uaca8\uc790\uc528 \uc624\uc77c\uc740 \uac74\uc870\ud558\uace0 \uac08\ub77c\uc9c4 \ubc1c\ub4a4\uafc8\uce58 \ud53c\ubd80\uc640 \ubd80\uc11c\uc9c0\uae30 \uc26c\uc6b4 \uc190\ud1b1\uc5d0\ub3c4 \uc0ac\uc6a9\ud558\ub3c4\ub85d \uad8c\uc7a5\ub418\uba70, \uc774\ub85c \uc778\ud574 \ub85c\uc158, \ud06c\ub9bc \ubc0f \uae30\ud0c0 \ubc14\ub514 \ucf00\uc5b4 \uc81c\ud488\uc758 \ud6a8\uacfc\uc801\uc778 \uc131\ubd84\uc774 \ub420 \uc218 \uc788\uc2b5\ub2c8\ub2e4. \uc774 \uc624\uc77c\uc740 \ub610\ud55c \uc720\ud574\ud55c \uc790\uc678\uc120\uc73c\ub85c\ubd80\ud130 \ubcf4\ud638\ud558\ub294 \uc5ed\ud560\ub3c4 \ud560 \uc218 \uc788\uc2b5\ub2c8\ub2e4. <\/p>\n<hr>\n<h2>\uc9c0\ubc29\uc0b0 \ud568\ub7c9:<\/h2>\n<table>\n<thead>\n<tr>\n<th>\uc0b0 \uc774\ub984<\/th>\n<th>C-\uc0ac\uc2ac<\/th>\n<th>\ubc94\uc704 (%)<\/th>\n<th>\uacb0\uacfc<\/th>\n<\/tr>\n<\/thead>\n<tbody>\n<tr>\n<td>\ud314\ubbf8\ud2b8\uc0b0<\/td>\n<td>C16:0<\/td>\n<td>1.0-5.0<\/td>\n<td>2.7<\/td>\n<\/tr>\n<tr>\n<td>\uc2a4\ud14c\uc544\ub974\uc0b0<\/td>\n<td>C18:0<\/td>\n<td>0.5-3.0<\/td>\n<td>0.9<\/td>\n<\/tr>\n<tr>\n<td>\uc62c\ub808\uc0b0<\/td>\n<td>C18:1<\/td>\n<td>17.0-26.0<\/td>\n<td>21.9<\/td>\n<\/tr>\n<tr>\n<td>\ub9ac\ub180\ub808\uc0b0<\/td>\n<td>C18:2<\/td>\n<td>7.0-12.0<\/td>\n<td>19.8<\/td>\n<\/tr>\n<tr>\n<td>\ub9ac\ub180\ub80c\uc0b0<\/td>\n<td>C18:3<\/td>\n<td>5.0-16.0<\/td>\n<td>8.1<\/td>\n<\/tr>\n<tr>\n<td>\uc774\ucf54\uc138\ub178\uc0b0<\/td>\n<td>C20:1<\/td>\n<td>5.0-16.0<\/td>\n<td>13.2<\/td>\n<\/tr>\n<tr>\n<td>\uc5d0\ub8e8\ud06c\uc0b0 (22:1n9)<\/td>\n<td>C22:1n9<\/td>\n<td>34.0-49.0<\/td>\n<td>39.8<\/td>\n<\/tr>\n<\/tbody>\n<\/table>\n<p>&nbsp;<\/p>\n","protected":false},"excerpt":{"rendered":"<p>\ub0c9\uc555\ucc29 \ubc29\uc2dd\uc73c\ub85c \uc5bb\uc740 <strong>\ubc31\uaca8\uc790\uc528 \uc624\uc77c<\/strong>(\uba38\uc2a4\ud0c0\ub4dc \uc624\uc77c)\uc740 <strong>Brassica Alba Seed Oil<\/strong> \ub610\ub294 <strong>Sinapis Alba Seed Oil<\/strong>\ub85c \uc54c\ub824\uc838 \uc788\uc2b5\ub2c8\ub2e4.<\/p>\n","protected":false},"featured_media":41853,"template":"","meta":[],"product_brand":[],"product_cat":[8135,8174,8154],"product_tag":[],"class_list":{"0":"post-41851","1":"product","2":"type-product","3":"status-publish","4":"has-post-thumbnail","6":"product_cat-sig-yong-mit-hwa-jang-pum-yong-o-il","7":"product_cat-sig-yong-yu","8":"product_cat-hwa-jang-pum-o-il","9":"pa_metoda-pozyskiwania-8179","11":"first","12":"instock","13":"shipping-taxable","14":"product-type-simple"},"yoast_head":"<!-- This site is optimized with the Yoast SEO plugin v27.4 - https:\/\/yoast.com\/product\/yoast-seo-wordpress\/ -->\n<title>\uaca8\uc790\uc528 \uc624\uc77c - NATURAL POLAND - Hurtowy Dystrybutor Surowc\u00f3w<\/title>\n<meta name=\"description\" content=\"\ubc31\uaca8\uc790\uc528 \uc624\uc77c\uc740 \uc801\uac08\uc0c9 \ub610\ub294 \ud638\ubc15\uc0c9\uc744 \ub760\uba70, \ub69c\ub837\ud558\uace0 \uc57d\uac04 \ub9e4\uc6b4 \ud5a5\uc774 \ud2b9\uc9d5\uc785\ub2c8\ub2e4.\" \/>\n<meta name=\"robots\" content=\"index, follow, max-snippet:-1, max-image-preview:large, max-video-preview:-1\" \/>\n<link rel=\"canonical\" href=\"https:\/\/naturalpoland.com\/ko\/je-pum\/sig-pum-won-ryo\/sig-yong-yu\/olej-z-nasion-gorczycy\/\" \/>\n<meta property=\"og:locale\" content=\"ko_KR\" \/>\n<meta property=\"og:type\" content=\"article\" \/>\n<meta property=\"og:title\" content=\"\uaca8\uc790\uc528 \uc624\uc77c - NATURAL POLAND - Hurtowy Dystrybutor Surowc\u00f3w\" \/>\n<meta property=\"og:description\" content=\"\ubc31\uaca8\uc790\uc528 \uc624\uc77c\uc740 \uc801\uac08\uc0c9 \ub610\ub294 \ud638\ubc15\uc0c9\uc744 \ub760\uba70, \ub69c\ub837\ud558\uace0 \uc57d\uac04 \ub9e4\uc6b4 \ud5a5\uc774 \ud2b9\uc9d5\uc785\ub2c8\ub2e4.\" \/>\n<meta property=\"og:url\" content=\"https:\/\/naturalpoland.com\/ko\/je-pum\/sig-pum-won-ryo\/sig-yong-yu\/olej-z-nasion-gorczycy\/\" \/>\n<meta property=\"og:site_name\" content=\"NATURAL POLAND - Hurtowy Dystrybutor Surowc\u00f3w\" \/>\n<meta property=\"article:publisher\" content=\"https:\/\/www.facebook.com\/naturalpoland.b2b\" \/>\n<meta property=\"article:modified_time\" content=\"2025-07-09T10:06:23+00:00\" \/>\n<meta property=\"og:image\" content=\"https:\/\/naturalpoland.com\/wp-content\/uploads\/olej-z-nasion-gorczycy-bialej.webp\" \/>\n\t<meta property=\"og:image:width\" content=\"614\" \/>\n\t<meta property=\"og:image:height\" content=\"614\" \/>\n\t<meta property=\"og:image:type\" content=\"image\/webp\" \/>\n<script type=\"application\/ld+json\" class=\"yoast-schema-graph\">{\"@context\":\"https:\\\/\\\/schema.org\",\"@graph\":[{\"@type\":\"WebPage\",\"@id\":\"https:\\\/\\\/naturalpoland.com\\\/ko\\\/je-pum\\\/sig-pum-won-ryo\\\/sig-yong-yu\\\/olej-z-nasion-gorczycy\\\/\",\"url\":\"https:\\\/\\\/naturalpoland.com\\\/ko\\\/je-pum\\\/sig-pum-won-ryo\\\/sig-yong-yu\\\/olej-z-nasion-gorczycy\\\/\",\"name\":\"\uaca8\uc790\uc528 \uc624\uc77c - NATURAL POLAND - Hurtowy Dystrybutor Surowc\u00f3w\",\"isPartOf\":{\"@id\":\"https:\\\/\\\/naturalpoland.com\\\/ko\\\/#website\"},\"primaryImageOfPage\":{\"@id\":\"https:\\\/\\\/naturalpoland.com\\\/ko\\\/je-pum\\\/sig-pum-won-ryo\\\/sig-yong-yu\\\/olej-z-nasion-gorczycy\\\/#primaryimage\"},\"image\":{\"@id\":\"https:\\\/\\\/naturalpoland.com\\\/ko\\\/je-pum\\\/sig-pum-won-ryo\\\/sig-yong-yu\\\/olej-z-nasion-gorczycy\\\/#primaryimage\"},\"thumbnailUrl\":\"https:\\\/\\\/naturalpoland.com\\\/wp-content\\\/uploads\\\/olej-z-nasion-gorczycy-bialej.webp\",\"datePublished\":\"2021-05-11T11:50:10+00:00\",\"dateModified\":\"2025-07-09T10:06:23+00:00\",\"description\":\"\ubc31\uaca8\uc790\uc528 \uc624\uc77c\uc740 \uc801\uac08\uc0c9 \ub610\ub294 \ud638\ubc15\uc0c9\uc744 \ub760\uba70, \ub69c\ub837\ud558\uace0 \uc57d\uac04 \ub9e4\uc6b4 \ud5a5\uc774 \ud2b9\uc9d5\uc785\ub2c8\ub2e4.\",\"breadcrumb\":{\"@id\":\"https:\\\/\\\/naturalpoland.com\\\/ko\\\/je-pum\\\/sig-pum-won-ryo\\\/sig-yong-yu\\\/olej-z-nasion-gorczycy\\\/#breadcrumb\"},\"inLanguage\":\"ko-KR\",\"potentialAction\":[{\"@type\":\"ReadAction\",\"target\":[\"https:\\\/\\\/naturalpoland.com\\\/ko\\\/je-pum\\\/sig-pum-won-ryo\\\/sig-yong-yu\\\/olej-z-nasion-gorczycy\\\/\"]}]},{\"@type\":\"ImageObject\",\"inLanguage\":\"ko-KR\",\"@id\":\"https:\\\/\\\/naturalpoland.com\\\/ko\\\/je-pum\\\/sig-pum-won-ryo\\\/sig-yong-yu\\\/olej-z-nasion-gorczycy\\\/#primaryimage\",\"url\":\"https:\\\/\\\/naturalpoland.com\\\/wp-content\\\/uploads\\\/olej-z-nasion-gorczycy-bialej.webp\",\"contentUrl\":\"https:\\\/\\\/naturalpoland.com\\\/wp-content\\\/uploads\\\/olej-z-nasion-gorczycy-bialej.webp\",\"width\":614,\"height\":614,\"caption\":\"Olej z nasion gorczycy bia\u0142ej\"},{\"@type\":\"BreadcrumbList\",\"@id\":\"https:\\\/\\\/naturalpoland.com\\\/ko\\\/je-pum\\\/sig-pum-won-ryo\\\/sig-yong-yu\\\/olej-z-nasion-gorczycy\\\/#breadcrumb\",\"itemListElement\":[{\"@type\":\"ListItem\",\"position\":1,\"name\":\"\ud648\",\"item\":\"https:\\\/\\\/naturalpoland.com\\\/ko\\\/\"},{\"@type\":\"ListItem\",\"position\":2,\"name\":\"\uc81c\ud488\",\"item\":\"https:\\\/\\\/naturalpoland.com\\\/ko\\\/%ec%a0%9c%ed%92%88\\\/\"},{\"@type\":\"ListItem\",\"position\":3,\"name\":\"\uaca8\uc790\uc528 \uc624\uc77c\"}]},{\"@type\":\"WebSite\",\"@id\":\"https:\\\/\\\/naturalpoland.com\\\/ko\\\/#website\",\"url\":\"https:\\\/\\\/naturalpoland.com\\\/ko\\\/\",\"name\":\"NATURAL POLAND - Hurtowy Dystrybutor Surowc\u00f3w\",\"description\":\"Surowce dla przemys\u0142u spo\u017cywczego, kosmetycznego i farmaceutycznego\",\"publisher\":{\"@id\":\"https:\\\/\\\/naturalpoland.com\\\/ko\\\/#organization\"},\"potentialAction\":[{\"@type\":\"SearchAction\",\"target\":{\"@type\":\"EntryPoint\",\"urlTemplate\":\"https:\\\/\\\/naturalpoland.com\\\/ko\\\/?s={search_term_string}\"},\"query-input\":{\"@type\":\"PropertyValueSpecification\",\"valueRequired\":true,\"valueName\":\"search_term_string\"}}],\"inLanguage\":\"ko-KR\"},{\"@type\":\"Organization\",\"@id\":\"https:\\\/\\\/naturalpoland.com\\\/ko\\\/#organization\",\"name\":\"Natural Poland\",\"url\":\"https:\\\/\\\/naturalpoland.com\\\/ko\\\/\",\"logo\":{\"@type\":\"ImageObject\",\"inLanguage\":\"ko-KR\",\"@id\":\"https:\\\/\\\/naturalpoland.com\\\/ko\\\/#\\\/schema\\\/logo\\\/image\\\/\",\"url\":\"https:\\\/\\\/naturalpoland.com\\\/wp-content\\\/uploads\\\/2021\\\/05\\\/natural-poland-icon.png\",\"contentUrl\":\"https:\\\/\\\/naturalpoland.com\\\/wp-content\\\/uploads\\\/2021\\\/05\\\/natural-poland-icon.png\",\"width\":512,\"height\":512,\"caption\":\"Natural Poland\"},\"image\":{\"@id\":\"https:\\\/\\\/naturalpoland.com\\\/ko\\\/#\\\/schema\\\/logo\\\/image\\\/\"},\"sameAs\":[\"https:\\\/\\\/www.facebook.com\\\/naturalpoland.b2b\",\"https:\\\/\\\/pl.linkedin.com\\\/company\\\/natural-poland\",\"https:\\\/\\\/www.youtube.com\\\/channel\\\/UCgeGGkvOMahZo-xu_MSEWxg\"]}]}<\/script>\n<!-- \/ Yoast SEO plugin. -->","yoast_head_json":{"title":"\uaca8\uc790\uc528 \uc624\uc77c - NATURAL POLAND - Hurtowy Dystrybutor Surowc\u00f3w","description":"\ubc31\uaca8\uc790\uc528 \uc624\uc77c\uc740 \uc801\uac08\uc0c9 \ub610\ub294 \ud638\ubc15\uc0c9\uc744 \ub760\uba70, \ub69c\ub837\ud558\uace0 \uc57d\uac04 \ub9e4\uc6b4 \ud5a5\uc774 \ud2b9\uc9d5\uc785\ub2c8\ub2e4.","robots":{"index":"index","follow":"follow","max-snippet":"max-snippet:-1","max-image-preview":"max-image-preview:large","max-video-preview":"max-video-preview:-1"},"canonical":"https:\/\/naturalpoland.com\/ko\/je-pum\/sig-pum-won-ryo\/sig-yong-yu\/olej-z-nasion-gorczycy\/","og_locale":"ko_KR","og_type":"article","og_title":"\uaca8\uc790\uc528 \uc624\uc77c - NATURAL POLAND - Hurtowy Dystrybutor Surowc\u00f3w","og_description":"\ubc31\uaca8\uc790\uc528 \uc624\uc77c\uc740 \uc801\uac08\uc0c9 \ub610\ub294 \ud638\ubc15\uc0c9\uc744 \ub760\uba70, \ub69c\ub837\ud558\uace0 \uc57d\uac04 \ub9e4\uc6b4 \ud5a5\uc774 \ud2b9\uc9d5\uc785\ub2c8\ub2e4.","og_url":"https:\/\/naturalpoland.com\/ko\/je-pum\/sig-pum-won-ryo\/sig-yong-yu\/olej-z-nasion-gorczycy\/","og_site_name":"NATURAL POLAND - Hurtowy Dystrybutor Surowc\u00f3w","article_publisher":"https:\/\/www.facebook.com\/naturalpoland.b2b","article_modified_time":"2025-07-09T10:06:23+00:00","og_image":[{"width":614,"height":614,"url":"https:\/\/naturalpoland.com\/wp-content\/uploads\/olej-z-nasion-gorczycy-bialej.webp","type":"image\/webp"}],"schema":{"@context":"https:\/\/schema.org","@graph":[{"@type":"WebPage","@id":"https:\/\/naturalpoland.com\/ko\/je-pum\/sig-pum-won-ryo\/sig-yong-yu\/olej-z-nasion-gorczycy\/","url":"https:\/\/naturalpoland.com\/ko\/je-pum\/sig-pum-won-ryo\/sig-yong-yu\/olej-z-nasion-gorczycy\/","name":"\uaca8\uc790\uc528 \uc624\uc77c - NATURAL POLAND - Hurtowy Dystrybutor Surowc\u00f3w","isPartOf":{"@id":"https:\/\/naturalpoland.com\/ko\/#website"},"primaryImageOfPage":{"@id":"https:\/\/naturalpoland.com\/ko\/je-pum\/sig-pum-won-ryo\/sig-yong-yu\/olej-z-nasion-gorczycy\/#primaryimage"},"image":{"@id":"https:\/\/naturalpoland.com\/ko\/je-pum\/sig-pum-won-ryo\/sig-yong-yu\/olej-z-nasion-gorczycy\/#primaryimage"},"thumbnailUrl":"https:\/\/naturalpoland.com\/wp-content\/uploads\/olej-z-nasion-gorczycy-bialej.webp","datePublished":"2021-05-11T11:50:10+00:00","dateModified":"2025-07-09T10:06:23+00:00","description":"\ubc31\uaca8\uc790\uc528 \uc624\uc77c\uc740 \uc801\uac08\uc0c9 \ub610\ub294 \ud638\ubc15\uc0c9\uc744 \ub760\uba70, \ub69c\ub837\ud558\uace0 \uc57d\uac04 \ub9e4\uc6b4 \ud5a5\uc774 \ud2b9\uc9d5\uc785\ub2c8\ub2e4.","breadcrumb":{"@id":"https:\/\/naturalpoland.com\/ko\/je-pum\/sig-pum-won-ryo\/sig-yong-yu\/olej-z-nasion-gorczycy\/#breadcrumb"},"inLanguage":"ko-KR","potentialAction":[{"@type":"ReadAction","target":["https:\/\/naturalpoland.com\/ko\/je-pum\/sig-pum-won-ryo\/sig-yong-yu\/olej-z-nasion-gorczycy\/"]}]},{"@type":"ImageObject","inLanguage":"ko-KR","@id":"https:\/\/naturalpoland.com\/ko\/je-pum\/sig-pum-won-ryo\/sig-yong-yu\/olej-z-nasion-gorczycy\/#primaryimage","url":"https:\/\/naturalpoland.com\/wp-content\/uploads\/olej-z-nasion-gorczycy-bialej.webp","contentUrl":"https:\/\/naturalpoland.com\/wp-content\/uploads\/olej-z-nasion-gorczycy-bialej.webp","width":614,"height":614,"caption":"Olej z nasion gorczycy bia\u0142ej"},{"@type":"BreadcrumbList","@id":"https:\/\/naturalpoland.com\/ko\/je-pum\/sig-pum-won-ryo\/sig-yong-yu\/olej-z-nasion-gorczycy\/#breadcrumb","itemListElement":[{"@type":"ListItem","position":1,"name":"\ud648","item":"https:\/\/naturalpoland.com\/ko\/"},{"@type":"ListItem","position":2,"name":"\uc81c\ud488","item":"https:\/\/naturalpoland.com\/ko\/%ec%a0%9c%ed%92%88\/"},{"@type":"ListItem","position":3,"name":"\uaca8\uc790\uc528 \uc624\uc77c"}]},{"@type":"WebSite","@id":"https:\/\/naturalpoland.com\/ko\/#website","url":"https:\/\/naturalpoland.com\/ko\/","name":"NATURAL POLAND - Hurtowy Dystrybutor Surowc\u00f3w","description":"Surowce dla przemys\u0142u spo\u017cywczego, kosmetycznego i farmaceutycznego","publisher":{"@id":"https:\/\/naturalpoland.com\/ko\/#organization"},"potentialAction":[{"@type":"SearchAction","target":{"@type":"EntryPoint","urlTemplate":"https:\/\/naturalpoland.com\/ko\/?s={search_term_string}"},"query-input":{"@type":"PropertyValueSpecification","valueRequired":true,"valueName":"search_term_string"}}],"inLanguage":"ko-KR"},{"@type":"Organization","@id":"https:\/\/naturalpoland.com\/ko\/#organization","name":"Natural Poland","url":"https:\/\/naturalpoland.com\/ko\/","logo":{"@type":"ImageObject","inLanguage":"ko-KR","@id":"https:\/\/naturalpoland.com\/ko\/#\/schema\/logo\/image\/","url":"https:\/\/naturalpoland.com\/wp-content\/uploads\/2021\/05\/natural-poland-icon.png","contentUrl":"https:\/\/naturalpoland.com\/wp-content\/uploads\/2021\/05\/natural-poland-icon.png","width":512,"height":512,"caption":"Natural Poland"},"image":{"@id":"https:\/\/naturalpoland.com\/ko\/#\/schema\/logo\/image\/"},"sameAs":["https:\/\/www.facebook.com\/naturalpoland.b2b","https:\/\/pl.linkedin.com\/company\/natural-poland","https:\/\/www.youtube.com\/channel\/UCgeGGkvOMahZo-xu_MSEWxg"]}]}},"_links":{"self":[{"href":"https:\/\/naturalpoland.com\/ko\/wp-json\/wp\/v2\/product\/41851","targetHints":{"allow":["GET"]}}],"collection":[{"href":"https:\/\/naturalpoland.com\/ko\/wp-json\/wp\/v2\/product"}],"about":[{"href":"https:\/\/naturalpoland.com\/ko\/wp-json\/wp\/v2\/types\/product"}],"wp:featuredmedia":[{"embeddable":true,"href":"https:\/\/naturalpoland.com\/ko\/wp-json\/wp\/v2\/media\/41853"}],"wp:attachment":[{"href":"https:\/\/naturalpoland.com\/ko\/wp-json\/wp\/v2\/media?parent=41851"}],"wp:term":[{"taxonomy":"product_brand","embeddable":true,"href":"https:\/\/naturalpoland.com\/ko\/wp-json\/wp\/v2\/product_brand?post=41851"},{"taxonomy":"product_cat","embeddable":true,"href":"https:\/\/naturalpoland.com\/ko\/wp-json\/wp\/v2\/product_cat?post=41851"},{"taxonomy":"product_tag","embeddable":true,"href":"https:\/\/naturalpoland.com\/ko\/wp-json\/wp\/v2\/product_tag?post=41851"}],"curies":[{"name":"wp","href":"https:\/\/api.w.org\/{rel}","templated":true}]}}