{"id":41854,"date":"2021-05-11T13:48:56","date_gmt":"2021-05-11T11:48:56","guid":{"rendered":"https:\/\/naturalpoland.com\/produkty\/uncategorized\/olej-palmowy\/"},"modified":"2025-07-09T12:20:26","modified_gmt":"2025-07-09T10:20:26","slug":"olej-palmowy","status":"publish","type":"product","link":"https:\/\/naturalpoland.com\/ko\/je-pum\/sig-yong-mit-hwa-jang-pum-yong-o-il\/olej-palmowy\/","title":{"rendered":"\ud31c\uc720"},"content":{"rendered":"<h2>\ud31c\uc720\uc758 \uc6a9\ub3c4<\/h2>\n<p>\ud31c\uc720\ub294 \uc2dd\ud488 \uc0b0\uc5c5\uc5d0\uc11c \ub110\ub9ac \uc0ac\uc6a9\ub429\ub2c8\ub2e4. \ub2e4\uc74c \uc81c\ud488 \uc0dd\uc0b0\uc5d0 \uc0ac\uc6a9\ub429\ub2c8\ub2e4: <\/p>\n<ul>\n<li>\ub9c8\uac00\ub9b0 \ubc0f \uc81c\uacfc\ub958<\/li>\n<li>\uce69, \ube44\uc2a4\ud0b7, \uc544\uc774\uc2a4\ud06c\ub9bc \ub4f1\uc5d0\uc11c \uc720\ud654\uc81c \ubc0f \ud5a5\ubbf8 \uc6b4\ubc18\uccb4 \uc5ed\ud560\uc744 \ud558\uba70, \uc81c\ud488\uc5d0 \uc801\uc808\ud55c \ub18d\ub3c4\ub97c \ubd80\uc5ec\ud569\ub2c8\ub2e4.<\/li>\n<\/ul>\n<p>\ud31c\uc720 \uae30\ubc18 \uc81c\ud488\uc740 \uc7a5\uc2dc\uac04 \ud280\uae40\uc5d0 \uac15\ud569\ub2c8\ub2e4. \uc720\ud1b5 \uae30\ud55c\uc774 \uae38\uace0 \uc5d0\ub108\uc9c0 \ud568\ub7c9\uc774 \ub192\uc2b5\ub2c8\ub2e4 (100g\ub2f9 900kcal). <\/p>\n<p>\ube44\uc815\uc81c \ud31c\uc720\ub294 \ub2e4\uc591\ud55c \ube44\ud0c0\ubbfc\uacfc \ubbf8\ub7c9 \uc6d0\uc18c\uac00 \ud48d\ubd80\ud55c \uc88b\uc740 \ud654\uc7a5\ud488 \uc131\ubd84\uc785\ub2c8\ub2e4. \ud53c\ubd80\uc640 \ubaa8\ubc1c \uad00\ub9ac\uc5d0 \uc0ac\uc6a9\ud560 \uc218 \uc788\uc2b5\ub2c8\ub2e4. \ud53c\ubd80\uc5d0 \ubcf4\ud638\ub9c9\uc744 \ud615\uc131\ud558\ub294 \uc9c0\ubc29 \ud568\ub7c9\uc774 \ub192\uc2b5\ub2c8\ub2e4. \ud53c\ubd80\ub97c \ud6a8\uacfc\uc801\uc73c\ub85c \ubcf4\uc2b5\ud558\uace0 \uc7ac\uc0dd\ud558\uba70 \ubd80\ub4dc\ub7fd\uac8c \ud569\ub2c8\ub2e4.   <\/p>\n<h2>\uc778\uc99d\uc11c<\/h2>\n<p>\ubcf8 \uc81c\ud488\uc740 <strong>\ucf54\uc154<\/strong>, <strong>\ud560\ub784<\/strong> \uae30\uc900\uc744 \ud3ec\ud568\ud55c \ubc95\uc801 \ud488\uc9c8 \uc694\uad6c \uc0ac\ud56d\uc744 \uc900\uc218\ud558\uba70 \ud488\uc9c8 \uad00\ub9ac \uc778\uc99d\uc11c\ub97c \ubcf4\uc720\ud558\uace0 \uc788\uc2b5\ub2c8\ub2e4. EC \uc9c0\uce68 1169\/2011\uc5d0 \ub530\ub77c GMO \ubc0f \uc54c\ub808\ub974\uac90\uc774 \uc5c6\uc2b5\ub2c8\ub2e4. <\/p>\n","protected":false},"excerpt":{"rendered":"<p><strong>\ud31c\uc720<\/strong>\ub294 \uc544\ud504\ub9ac\uce74 \uae30\ub984\uc57c\uc790\uc5d0\uc11c \ucd94\ucd9c\ub429\ub2c8\ub2e4. \uc774 \uc81c\ud488\uc740 \ubd80\ubd84\uc801\uc73c\ub85c \uc218\uc18c\ud654\ub418\uc5b4 \uc548\uc815\uc131, \ub2e8\ub2e8\ud55c \uc9c8\uac10, \uace0\uc628 \uc800\ud56d\uc131\uc744 \uac00\uc9d1\ub2c8\ub2e4. \ub530\ub77c\uc11c \ubd84\ub9d0 \uc81c\ud488\ubfd0\ub9cc \uc544\ub2c8\ub77c \ub9c8\uac00\ub9b0, \uacfc\uc790, \uc720\ud1b5 \uae30\ud55c\uc774 \uae34 \ube75\uacfc \uac19\uc774 \uc7a5\uae30 \ubcf4\uad00\uc774 \ud544\uc694\ud55c \uc81c\ud488\uc758 \uc131\ubd84\uc73c\ub85c\ub3c4 \ud0c1\uc6d4\ud569\ub2c8\ub2e4.  <\/p>\n","protected":false},"featured_media":41857,"template":"","meta":[],"product_brand":[],"product_cat":[8135],"product_tag":[],"class_list":{"0":"post-41854","1":"product","2":"type-product","3":"status-publish","4":"has-post-thumbnail","6":"product_cat-sig-yong-mit-hwa-jang-pum-yong-o-il","7":"pa_certyfikaty-8218","8":"pa_certyfikaty-8219","9":"pa_metoda-pozyskiwania-suso-cheomga","11":"first","12":"instock","13":"shipping-taxable","14":"product-type-simple"},"yoast_head":"<!-- This site is optimized with the Yoast SEO plugin v27.3 - https:\/\/yoast.com\/product\/yoast-seo-wordpress\/ -->\n<title>\ud31c\uc720 - NATURAL POLAND - Hurtowy Dystrybutor Surowc\u00f3w<\/title>\n<meta name=\"description\" content=\"\ubd80\ubd84 \uacbd\ud654 \ud31c\uc720\ub294 \uc2dd\ud488 \uc0b0\uc5c5\uc758 \uc5ec\ub7ec \ubd84\uc57c\uc5d0\uc11c \ud65c\uc6a9\ub418\ub294 \uc548\uc815\uc801\uc774\uace0 \ub2e4\uc6a9\ub3c4\uc801\uc778 \uc9c0\ubc29\uc785\ub2c8\ub2e4.\" \/>\n<meta name=\"robots\" content=\"index, follow, max-snippet:-1, max-image-preview:large, max-video-preview:-1\" \/>\n<link rel=\"canonical\" href=\"https:\/\/naturalpoland.com\/ko\/je-pum\/sig-yong-mit-hwa-jang-pum-yong-o-il\/olej-palmowy\/\" \/>\n<meta property=\"og:locale\" content=\"ko_KR\" \/>\n<meta property=\"og:type\" content=\"article\" \/>\n<meta property=\"og:title\" content=\"\ud31c\uc720 - NATURAL POLAND - Hurtowy Dystrybutor Surowc\u00f3w\" \/>\n<meta property=\"og:description\" content=\"\ubd80\ubd84 \uacbd\ud654 \ud31c\uc720\ub294 \uc2dd\ud488 \uc0b0\uc5c5\uc758 \uc5ec\ub7ec \ubd84\uc57c\uc5d0\uc11c \ud65c\uc6a9\ub418\ub294 \uc548\uc815\uc801\uc774\uace0 \ub2e4\uc6a9\ub3c4\uc801\uc778 \uc9c0\ubc29\uc785\ub2c8\ub2e4.\" \/>\n<meta property=\"og:url\" content=\"https:\/\/naturalpoland.com\/ko\/je-pum\/sig-yong-mit-hwa-jang-pum-yong-o-il\/olej-palmowy\/\" \/>\n<meta property=\"og:site_name\" content=\"NATURAL POLAND - Hurtowy Dystrybutor Surowc\u00f3w\" \/>\n<meta property=\"article:publisher\" content=\"https:\/\/www.facebook.com\/naturalpoland.b2b\" \/>\n<meta property=\"article:modified_time\" content=\"2025-07-09T10:20:26+00:00\" \/>\n<meta property=\"og:image\" content=\"https:\/\/naturalpoland.com\/wp-content\/uploads\/olej-palmowy-natural-poland-1.jpg\" \/>\n\t<meta property=\"og:image:width\" content=\"650\" \/>\n\t<meta property=\"og:image:height\" content=\"650\" \/>\n\t<meta property=\"og:image:type\" content=\"image\/jpeg\" \/>\n<script type=\"application\/ld+json\" class=\"yoast-schema-graph\">{\"@context\":\"https:\\\/\\\/schema.org\",\"@graph\":[{\"@type\":\"WebPage\",\"@id\":\"https:\\\/\\\/naturalpoland.com\\\/ko\\\/je-pum\\\/sig-yong-mit-hwa-jang-pum-yong-o-il\\\/olej-palmowy\\\/\",\"url\":\"https:\\\/\\\/naturalpoland.com\\\/ko\\\/je-pum\\\/sig-yong-mit-hwa-jang-pum-yong-o-il\\\/olej-palmowy\\\/\",\"name\":\"\ud31c\uc720 - NATURAL POLAND - Hurtowy Dystrybutor Surowc\u00f3w\",\"isPartOf\":{\"@id\":\"https:\\\/\\\/naturalpoland.com\\\/ko\\\/#website\"},\"primaryImageOfPage\":{\"@id\":\"https:\\\/\\\/naturalpoland.com\\\/ko\\\/je-pum\\\/sig-yong-mit-hwa-jang-pum-yong-o-il\\\/olej-palmowy\\\/#primaryimage\"},\"image\":{\"@id\":\"https:\\\/\\\/naturalpoland.com\\\/ko\\\/je-pum\\\/sig-yong-mit-hwa-jang-pum-yong-o-il\\\/olej-palmowy\\\/#primaryimage\"},\"thumbnailUrl\":\"https:\\\/\\\/naturalpoland.com\\\/wp-content\\\/uploads\\\/olej-palmowy-natural-poland-1.jpg\",\"datePublished\":\"2021-05-11T11:48:56+00:00\",\"dateModified\":\"2025-07-09T10:20:26+00:00\",\"description\":\"\ubd80\ubd84 \uacbd\ud654 \ud31c\uc720\ub294 \uc2dd\ud488 \uc0b0\uc5c5\uc758 \uc5ec\ub7ec \ubd84\uc57c\uc5d0\uc11c \ud65c\uc6a9\ub418\ub294 \uc548\uc815\uc801\uc774\uace0 \ub2e4\uc6a9\ub3c4\uc801\uc778 \uc9c0\ubc29\uc785\ub2c8\ub2e4.\",\"breadcrumb\":{\"@id\":\"https:\\\/\\\/naturalpoland.com\\\/ko\\\/je-pum\\\/sig-yong-mit-hwa-jang-pum-yong-o-il\\\/olej-palmowy\\\/#breadcrumb\"},\"inLanguage\":\"ko-KR\",\"potentialAction\":[{\"@type\":\"ReadAction\",\"target\":[\"https:\\\/\\\/naturalpoland.com\\\/ko\\\/je-pum\\\/sig-yong-mit-hwa-jang-pum-yong-o-il\\\/olej-palmowy\\\/\"]}]},{\"@type\":\"ImageObject\",\"inLanguage\":\"ko-KR\",\"@id\":\"https:\\\/\\\/naturalpoland.com\\\/ko\\\/je-pum\\\/sig-yong-mit-hwa-jang-pum-yong-o-il\\\/olej-palmowy\\\/#primaryimage\",\"url\":\"https:\\\/\\\/naturalpoland.com\\\/wp-content\\\/uploads\\\/olej-palmowy-natural-poland-1.jpg\",\"contentUrl\":\"https:\\\/\\\/naturalpoland.com\\\/wp-content\\\/uploads\\\/olej-palmowy-natural-poland-1.jpg\",\"width\":650,\"height\":650,\"caption\":\"olej palmowy natural poland\"},{\"@type\":\"BreadcrumbList\",\"@id\":\"https:\\\/\\\/naturalpoland.com\\\/ko\\\/je-pum\\\/sig-yong-mit-hwa-jang-pum-yong-o-il\\\/olej-palmowy\\\/#breadcrumb\",\"itemListElement\":[{\"@type\":\"ListItem\",\"position\":1,\"name\":\"\ud648\",\"item\":\"https:\\\/\\\/naturalpoland.com\\\/ko\\\/\"},{\"@type\":\"ListItem\",\"position\":2,\"name\":\"\uc81c\ud488\",\"item\":\"https:\\\/\\\/naturalpoland.com\\\/ko\\\/%ec%a0%9c%ed%92%88\\\/\"},{\"@type\":\"ListItem\",\"position\":3,\"name\":\"\ud31c\uc720\"}]},{\"@type\":\"WebSite\",\"@id\":\"https:\\\/\\\/naturalpoland.com\\\/ko\\\/#website\",\"url\":\"https:\\\/\\\/naturalpoland.com\\\/ko\\\/\",\"name\":\"NATURAL POLAND - Hurtowy Dystrybutor Surowc\u00f3w\",\"description\":\"Surowce dla przemys\u0142u spo\u017cywczego, kosmetycznego i farmaceutycznego\",\"publisher\":{\"@id\":\"https:\\\/\\\/naturalpoland.com\\\/ko\\\/#organization\"},\"potentialAction\":[{\"@type\":\"SearchAction\",\"target\":{\"@type\":\"EntryPoint\",\"urlTemplate\":\"https:\\\/\\\/naturalpoland.com\\\/ko\\\/?s={search_term_string}\"},\"query-input\":{\"@type\":\"PropertyValueSpecification\",\"valueRequired\":true,\"valueName\":\"search_term_string\"}}],\"inLanguage\":\"ko-KR\"},{\"@type\":\"Organization\",\"@id\":\"https:\\\/\\\/naturalpoland.com\\\/ko\\\/#organization\",\"name\":\"Natural Poland\",\"url\":\"https:\\\/\\\/naturalpoland.com\\\/ko\\\/\",\"logo\":{\"@type\":\"ImageObject\",\"inLanguage\":\"ko-KR\",\"@id\":\"https:\\\/\\\/naturalpoland.com\\\/ko\\\/#\\\/schema\\\/logo\\\/image\\\/\",\"url\":\"https:\\\/\\\/naturalpoland.com\\\/wp-content\\\/uploads\\\/2021\\\/05\\\/natural-poland-icon.png\",\"contentUrl\":\"https:\\\/\\\/naturalpoland.com\\\/wp-content\\\/uploads\\\/2021\\\/05\\\/natural-poland-icon.png\",\"width\":512,\"height\":512,\"caption\":\"Natural Poland\"},\"image\":{\"@id\":\"https:\\\/\\\/naturalpoland.com\\\/ko\\\/#\\\/schema\\\/logo\\\/image\\\/\"},\"sameAs\":[\"https:\\\/\\\/www.facebook.com\\\/naturalpoland.b2b\",\"https:\\\/\\\/pl.linkedin.com\\\/company\\\/natural-poland\",\"https:\\\/\\\/www.youtube.com\\\/channel\\\/UCgeGGkvOMahZo-xu_MSEWxg\"]}]}<\/script>\n<!-- \/ Yoast SEO plugin. -->","yoast_head_json":{"title":"\ud31c\uc720 - NATURAL POLAND - Hurtowy Dystrybutor Surowc\u00f3w","description":"\ubd80\ubd84 \uacbd\ud654 \ud31c\uc720\ub294 \uc2dd\ud488 \uc0b0\uc5c5\uc758 \uc5ec\ub7ec \ubd84\uc57c\uc5d0\uc11c \ud65c\uc6a9\ub418\ub294 \uc548\uc815\uc801\uc774\uace0 \ub2e4\uc6a9\ub3c4\uc801\uc778 \uc9c0\ubc29\uc785\ub2c8\ub2e4.","robots":{"index":"index","follow":"follow","max-snippet":"max-snippet:-1","max-image-preview":"max-image-preview:large","max-video-preview":"max-video-preview:-1"},"canonical":"https:\/\/naturalpoland.com\/ko\/je-pum\/sig-yong-mit-hwa-jang-pum-yong-o-il\/olej-palmowy\/","og_locale":"ko_KR","og_type":"article","og_title":"\ud31c\uc720 - NATURAL POLAND - Hurtowy Dystrybutor Surowc\u00f3w","og_description":"\ubd80\ubd84 \uacbd\ud654 \ud31c\uc720\ub294 \uc2dd\ud488 \uc0b0\uc5c5\uc758 \uc5ec\ub7ec \ubd84\uc57c\uc5d0\uc11c \ud65c\uc6a9\ub418\ub294 \uc548\uc815\uc801\uc774\uace0 \ub2e4\uc6a9\ub3c4\uc801\uc778 \uc9c0\ubc29\uc785\ub2c8\ub2e4.","og_url":"https:\/\/naturalpoland.com\/ko\/je-pum\/sig-yong-mit-hwa-jang-pum-yong-o-il\/olej-palmowy\/","og_site_name":"NATURAL POLAND - Hurtowy Dystrybutor Surowc\u00f3w","article_publisher":"https:\/\/www.facebook.com\/naturalpoland.b2b","article_modified_time":"2025-07-09T10:20:26+00:00","og_image":[{"width":650,"height":650,"url":"https:\/\/naturalpoland.com\/wp-content\/uploads\/olej-palmowy-natural-poland-1.jpg","type":"image\/jpeg"}],"schema":{"@context":"https:\/\/schema.org","@graph":[{"@type":"WebPage","@id":"https:\/\/naturalpoland.com\/ko\/je-pum\/sig-yong-mit-hwa-jang-pum-yong-o-il\/olej-palmowy\/","url":"https:\/\/naturalpoland.com\/ko\/je-pum\/sig-yong-mit-hwa-jang-pum-yong-o-il\/olej-palmowy\/","name":"\ud31c\uc720 - NATURAL POLAND - Hurtowy Dystrybutor Surowc\u00f3w","isPartOf":{"@id":"https:\/\/naturalpoland.com\/ko\/#website"},"primaryImageOfPage":{"@id":"https:\/\/naturalpoland.com\/ko\/je-pum\/sig-yong-mit-hwa-jang-pum-yong-o-il\/olej-palmowy\/#primaryimage"},"image":{"@id":"https:\/\/naturalpoland.com\/ko\/je-pum\/sig-yong-mit-hwa-jang-pum-yong-o-il\/olej-palmowy\/#primaryimage"},"thumbnailUrl":"https:\/\/naturalpoland.com\/wp-content\/uploads\/olej-palmowy-natural-poland-1.jpg","datePublished":"2021-05-11T11:48:56+00:00","dateModified":"2025-07-09T10:20:26+00:00","description":"\ubd80\ubd84 \uacbd\ud654 \ud31c\uc720\ub294 \uc2dd\ud488 \uc0b0\uc5c5\uc758 \uc5ec\ub7ec \ubd84\uc57c\uc5d0\uc11c \ud65c\uc6a9\ub418\ub294 \uc548\uc815\uc801\uc774\uace0 \ub2e4\uc6a9\ub3c4\uc801\uc778 \uc9c0\ubc29\uc785\ub2c8\ub2e4.","breadcrumb":{"@id":"https:\/\/naturalpoland.com\/ko\/je-pum\/sig-yong-mit-hwa-jang-pum-yong-o-il\/olej-palmowy\/#breadcrumb"},"inLanguage":"ko-KR","potentialAction":[{"@type":"ReadAction","target":["https:\/\/naturalpoland.com\/ko\/je-pum\/sig-yong-mit-hwa-jang-pum-yong-o-il\/olej-palmowy\/"]}]},{"@type":"ImageObject","inLanguage":"ko-KR","@id":"https:\/\/naturalpoland.com\/ko\/je-pum\/sig-yong-mit-hwa-jang-pum-yong-o-il\/olej-palmowy\/#primaryimage","url":"https:\/\/naturalpoland.com\/wp-content\/uploads\/olej-palmowy-natural-poland-1.jpg","contentUrl":"https:\/\/naturalpoland.com\/wp-content\/uploads\/olej-palmowy-natural-poland-1.jpg","width":650,"height":650,"caption":"olej palmowy natural poland"},{"@type":"BreadcrumbList","@id":"https:\/\/naturalpoland.com\/ko\/je-pum\/sig-yong-mit-hwa-jang-pum-yong-o-il\/olej-palmowy\/#breadcrumb","itemListElement":[{"@type":"ListItem","position":1,"name":"\ud648","item":"https:\/\/naturalpoland.com\/ko\/"},{"@type":"ListItem","position":2,"name":"\uc81c\ud488","item":"https:\/\/naturalpoland.com\/ko\/%ec%a0%9c%ed%92%88\/"},{"@type":"ListItem","position":3,"name":"\ud31c\uc720"}]},{"@type":"WebSite","@id":"https:\/\/naturalpoland.com\/ko\/#website","url":"https:\/\/naturalpoland.com\/ko\/","name":"NATURAL POLAND - Hurtowy Dystrybutor Surowc\u00f3w","description":"Surowce dla przemys\u0142u spo\u017cywczego, kosmetycznego i farmaceutycznego","publisher":{"@id":"https:\/\/naturalpoland.com\/ko\/#organization"},"potentialAction":[{"@type":"SearchAction","target":{"@type":"EntryPoint","urlTemplate":"https:\/\/naturalpoland.com\/ko\/?s={search_term_string}"},"query-input":{"@type":"PropertyValueSpecification","valueRequired":true,"valueName":"search_term_string"}}],"inLanguage":"ko-KR"},{"@type":"Organization","@id":"https:\/\/naturalpoland.com\/ko\/#organization","name":"Natural Poland","url":"https:\/\/naturalpoland.com\/ko\/","logo":{"@type":"ImageObject","inLanguage":"ko-KR","@id":"https:\/\/naturalpoland.com\/ko\/#\/schema\/logo\/image\/","url":"https:\/\/naturalpoland.com\/wp-content\/uploads\/2021\/05\/natural-poland-icon.png","contentUrl":"https:\/\/naturalpoland.com\/wp-content\/uploads\/2021\/05\/natural-poland-icon.png","width":512,"height":512,"caption":"Natural Poland"},"image":{"@id":"https:\/\/naturalpoland.com\/ko\/#\/schema\/logo\/image\/"},"sameAs":["https:\/\/www.facebook.com\/naturalpoland.b2b","https:\/\/pl.linkedin.com\/company\/natural-poland","https:\/\/www.youtube.com\/channel\/UCgeGGkvOMahZo-xu_MSEWxg"]}]}},"_links":{"self":[{"href":"https:\/\/naturalpoland.com\/ko\/wp-json\/wp\/v2\/product\/41854","targetHints":{"allow":["GET"]}}],"collection":[{"href":"https:\/\/naturalpoland.com\/ko\/wp-json\/wp\/v2\/product"}],"about":[{"href":"https:\/\/naturalpoland.com\/ko\/wp-json\/wp\/v2\/types\/product"}],"wp:featuredmedia":[{"embeddable":true,"href":"https:\/\/naturalpoland.com\/ko\/wp-json\/wp\/v2\/media\/41857"}],"wp:attachment":[{"href":"https:\/\/naturalpoland.com\/ko\/wp-json\/wp\/v2\/media?parent=41854"}],"wp:term":[{"taxonomy":"product_brand","embeddable":true,"href":"https:\/\/naturalpoland.com\/ko\/wp-json\/wp\/v2\/product_brand?post=41854"},{"taxonomy":"product_cat","embeddable":true,"href":"https:\/\/naturalpoland.com\/ko\/wp-json\/wp\/v2\/product_cat?post=41854"},{"taxonomy":"product_tag","embeddable":true,"href":"https:\/\/naturalpoland.com\/ko\/wp-json\/wp\/v2\/product_tag?post=41854"}],"curies":[{"name":"wp","href":"https:\/\/api.w.org\/{rel}","templated":true}]}}