{"id":41872,"date":"2025-07-09T14:07:22","date_gmt":"2025-07-09T12:07:22","guid":{"rendered":"https:\/\/naturalpoland.com\/produkty\/uncategorized\/ekstrakt-z-nasion-prosa\/"},"modified":"2025-07-10T12:01:40","modified_gmt":"2025-07-10T10:01:40","slug":"ekstrakt-z-nasion-prosa","status":"publish","type":"product","link":"https:\/\/naturalpoland.com\/ko\/je-pum\/sig-mul-chu-chul-mul\/ekstrakt-z-nasion-prosa\/","title":{"rendered":"\uae30\uc7a5 \uc528\uc557 \ucd94\ucd9c\ubb3c"},"content":{"rendered":"<h2>\uae30\uc7a5 \ucd94\ucd9c\ubb3c\uc758 \ud2b9\uc131 \ubc0f \uc7a0\uc7ac\uc801 \uc6a9\ub3c4<\/h2>\n<p>\uae30\uc7a5\uc740 \ubbf8\ub124\ub784(\ucca0, \ub9c8\uadf8\ub124\uc298, \uc778 \ub4f1), \ud56d\uc0b0\ud654\uc81c, \uc27d\uac8c \uc18c\ud654\ub418\ub294 \ub2e8\ubc31\uc9c8\uc774 \ud48d\ubd80\ud558\uc5ec \uc601\uc591\ud559\uc801\uc73c\ub85c \ub9e4\uc6b0 \uc720\uc775\ud55c \uace1\ubb3c\uc785\ub2c8\ub2e4. \uae30\uc7a5 \uc528\uc557 \ucd94\ucd9c\ubb3c\uc740 \uc8fc\ub85c <strong>\uc2e0\uccb4 \uac15\ud654<\/strong> \ubc0f <strong>\uc18c\ud654\uae30 \ubc0f \uc2e0\uacbd\uacc4 \uc9c0\uc6d0<\/strong> \ud6a8\ub2a5\uc73c\ub85c \ub192\uc774 \ud3c9\uac00\ub429\ub2c8\ub2e4. \uc804\ud1b5\uc801\uc73c\ub85c \uae30\uc7a5\uc740 <strong>\ud53c\ubd80, \ubaa8\ubc1c, \uc190\ud1b1 \uac74\uac15\uc744 \uc9c0\uc6d0<\/strong>\ud558\ub294 \uc6d0\ub8cc\ub85c \uc778\uc2dd\ub418\uc5b4 \uc654\uc73c\uba70, \uadf8 \ucd94\ucd9c\ubb3c\uc740 \ucc9c\uc5f0 \uac15\ud654 \ubc0f <strong>\uc2e0\uc9c4\ub300\uc0ac \uac1c\uc120<\/strong>\uc744 \ubaa9\ud45c\ub85c \ud558\ub294 \uac74\uac15 \ubcf4\uc870 \uc2dd\ud488\uc5d0 \uc810\uc810 \ub354 \ub9ce\uc774 \uc0ac\uc6a9\ub418\uace0 \uc788\uc2b5\ub2c8\ub2e4.  <\/p>\n<p>\uae30\uc7a5 \uc528\uc557 \ucd94\ucd9c\ubb3c\uc740 \uc8fc\ub85c <strong>\uc601\uc591 \ubcf4\uc870\uc81c<\/strong> \ubc0f <strong>\uac74\uac15 \ubcf4\uc870 \uc2dd\ud488<\/strong> \uc0b0\uc5c5\uc5d0\uc11c \ubbf8\ub7c9 \uc601\uc591\uc18c \uacb0\ud54d \ub610\ub294 \uc804\ubc18\uc801\uc778 \uc1e0\uc57d \uc0c1\ud0dc\uc5d0\uc11c \uc2e0\uccb4\ub97c \uc9c0\uc6d0\ud558\ub294 \ucea1\uc290, \uc815\uc81c \ub610\ub294 \ubd84\ub9d0\uc758 \uc131\ubd84\uc73c\ub85c \uc0ac\uc6a9\ub429\ub2c8\ub2e4. \ucc9c\uc5f0 \uc131\ubd84\uacfc \uc21c\ud55c \uc791\uc6a9\uc73c\ub85c \uc778\ud574 \uc774 \uc81c\ud488\uc740 <strong>\ucc9c\uc5f0 \ud654\uc7a5\ud488<\/strong>, \ud2b9\ud788 \ubaa8\ubc1c \ubc0f \ub450\ud53c \uad00\ub9ac\uc5d0\ub3c4 \uc0ac\uc6a9\ub420 \uc218 \uc788\uc2b5\ub2c8\ub2e4. \ubbf8\uc0dd\ubb3c\ud559\uc801 \uc21c\ub3c4\uc640 \uc21c\ud55c \uac10\uac01 \ud504\ub85c\ud544(\ud2b9\uc720\uc758 \ub9db\uacfc \ud5a5) \ub355\ubd84\uc5d0 \uc774 \ucd94\ucd9c\ubb3c\uc740 \uc798 \uacac\ub514\uba70 \uae30\ub2a5\uc131 \ud63c\ud569\ubb3c, <strong>\ub2e4\uc774\uc5b4\ud2b8 \uc2dd\ud488<\/strong> \ubc0f \uc2dd\ud488 \uc81c\uc81c\uc5d0\ub3c4 \uc0ac\uc6a9\ub420 \uc218 \uc788\uc2b5\ub2c8\ub2e4.  <\/p>\n","protected":false},"excerpt":{"rendered":"<p><strong>\uae30\uc7a5 \uc528\uc557 \ucd94\ucd9c\ubb3c<\/strong>\uc740 \uac00\uc7a5 \uc624\ub798\ub41c \uc7ac\ubc30 \uace1\ubb3c \uc911 \ud558\ub098\uc778 <em>Panicum miliaceum<\/em> \uc528\uc557\uc5d0\uc11c \uc5bb\uc2b5\ub2c8\ub2e4. \uc774 \uc81c\ud488\uc740 \ud45c\uc900\ud654\ub418\uc5b4 \uc788\uc2b5\ub2c8\ub2e4. \ucd94\ucd9c\ubb3c\uc740 \uc6b4\ubc18\uccb4\ub85c \ub9d0\ud1a0\ub371\uc2a4\ud2b8\ub9b0\uc744 \ucca8\uac00\ud558\uc5ec \uc218\uc131 \ucd94\ucd9c \uacf5\uc815\uc744 \ud1b5\ud574 \uc0dd\uc0b0\ub418\uba70 \uae00\ub8e8\ud150\uc774\ub098 GMO\ub97c \ud3ec\ud568\ud558\uc9c0 \uc54a\uc2b5\ub2c8\ub2e4.  <\/p>\n","protected":false},"featured_media":41869,"template":"","meta":[],"product_brand":[],"product_cat":[8134],"product_tag":[],"class_list":{"0":"post-41872","1":"product","2":"type-product","3":"status-publish","4":"has-post-thumbnail","6":"product_cat-sig-mul-chu-chul-mul","7":"pa_czesc-rosliny-8177","8":"pa_metoda-pozyskiwania-8486","10":"first","11":"instock","12":"shipping-taxable","13":"product-type-simple"},"yoast_head":"<!-- This site is optimized with the Yoast SEO plugin v27.3 - https:\/\/yoast.com\/product\/yoast-seo-wordpress\/ -->\n<title>\uae30\uc7a5 \uc528\uc557 \ucd94\ucd9c\ubb3c - Hurtowy Dystrybutor<\/title>\n<meta name=\"description\" content=\"\uae30\uc7a5 \uc528\uc557 \ucd94\ucd9c\ubb3c\uc740 \uac00\uc7a5 \uc624\ub798\ub41c \uc7ac\ubc30 \uace1\ubb3c \uc911 \ud558\ub098\uc778 Panicum miliaceum \uc528\uc557\uc5d0\uc11c \uc5bb\uc740 \ucc9c\uc5f0 \uc2dd\ubb3c\uc131 \uc6d0\ub8cc\uc785\ub2c8\ub2e4.\" \/>\n<meta name=\"robots\" content=\"index, follow, max-snippet:-1, max-image-preview:large, max-video-preview:-1\" \/>\n<link rel=\"canonical\" href=\"https:\/\/naturalpoland.com\/ko\/je-pum\/sig-mul-chu-chul-mul\/ekstrakt-z-nasion-prosa\/\" \/>\n<meta property=\"og:locale\" content=\"ko_KR\" \/>\n<meta property=\"og:type\" content=\"article\" \/>\n<meta property=\"og:title\" content=\"\uae30\uc7a5 \uc528\uc557 \ucd94\ucd9c\ubb3c - Hurtowy Dystrybutor\" \/>\n<meta property=\"og:description\" content=\"\uae30\uc7a5 \uc528\uc557 \ucd94\ucd9c\ubb3c\uc740 \uac00\uc7a5 \uc624\ub798\ub41c \uc7ac\ubc30 \uace1\ubb3c \uc911 \ud558\ub098\uc778 Panicum miliaceum \uc528\uc557\uc5d0\uc11c \uc5bb\uc740 \ucc9c\uc5f0 \uc2dd\ubb3c\uc131 \uc6d0\ub8cc\uc785\ub2c8\ub2e4.\" \/>\n<meta property=\"og:url\" content=\"https:\/\/naturalpoland.com\/ko\/je-pum\/sig-mul-chu-chul-mul\/ekstrakt-z-nasion-prosa\/\" \/>\n<meta property=\"og:site_name\" content=\"NATURAL POLAND - Hurtowy Dystrybutor Surowc\u00f3w\" \/>\n<meta property=\"article:publisher\" content=\"https:\/\/www.facebook.com\/naturalpoland.b2b\" \/>\n<meta property=\"article:modified_time\" content=\"2025-07-10T10:01:40+00:00\" \/>\n<meta property=\"og:image\" content=\"https:\/\/naturalpoland.com\/wp-content\/uploads\/ekstrakt-z-nasion-prosa.webp\" \/>\n\t<meta property=\"og:image:width\" content=\"1024\" \/>\n\t<meta property=\"og:image:height\" content=\"1024\" \/>\n\t<meta property=\"og:image:type\" content=\"image\/webp\" \/>\n<script type=\"application\/ld+json\" class=\"yoast-schema-graph\">{\"@context\":\"https:\\\/\\\/schema.org\",\"@graph\":[{\"@type\":\"WebPage\",\"@id\":\"https:\\\/\\\/naturalpoland.com\\\/ko\\\/je-pum\\\/sig-mul-chu-chul-mul\\\/ekstrakt-z-nasion-prosa\\\/\",\"url\":\"https:\\\/\\\/naturalpoland.com\\\/ko\\\/je-pum\\\/sig-mul-chu-chul-mul\\\/ekstrakt-z-nasion-prosa\\\/\",\"name\":\"\uae30\uc7a5 \uc528\uc557 \ucd94\ucd9c\ubb3c - Hurtowy Dystrybutor\",\"isPartOf\":{\"@id\":\"https:\\\/\\\/naturalpoland.com\\\/ko\\\/#website\"},\"primaryImageOfPage\":{\"@id\":\"https:\\\/\\\/naturalpoland.com\\\/ko\\\/je-pum\\\/sig-mul-chu-chul-mul\\\/ekstrakt-z-nasion-prosa\\\/#primaryimage\"},\"image\":{\"@id\":\"https:\\\/\\\/naturalpoland.com\\\/ko\\\/je-pum\\\/sig-mul-chu-chul-mul\\\/ekstrakt-z-nasion-prosa\\\/#primaryimage\"},\"thumbnailUrl\":\"https:\\\/\\\/naturalpoland.com\\\/wp-content\\\/uploads\\\/ekstrakt-z-nasion-prosa.webp\",\"datePublished\":\"2025-07-09T12:07:22+00:00\",\"dateModified\":\"2025-07-10T10:01:40+00:00\",\"description\":\"\uae30\uc7a5 \uc528\uc557 \ucd94\ucd9c\ubb3c\uc740 \uac00\uc7a5 \uc624\ub798\ub41c \uc7ac\ubc30 \uace1\ubb3c \uc911 \ud558\ub098\uc778 Panicum miliaceum \uc528\uc557\uc5d0\uc11c \uc5bb\uc740 \ucc9c\uc5f0 \uc2dd\ubb3c\uc131 \uc6d0\ub8cc\uc785\ub2c8\ub2e4.\",\"breadcrumb\":{\"@id\":\"https:\\\/\\\/naturalpoland.com\\\/ko\\\/je-pum\\\/sig-mul-chu-chul-mul\\\/ekstrakt-z-nasion-prosa\\\/#breadcrumb\"},\"inLanguage\":\"ko-KR\",\"potentialAction\":[{\"@type\":\"ReadAction\",\"target\":[\"https:\\\/\\\/naturalpoland.com\\\/ko\\\/je-pum\\\/sig-mul-chu-chul-mul\\\/ekstrakt-z-nasion-prosa\\\/\"]}]},{\"@type\":\"ImageObject\",\"inLanguage\":\"ko-KR\",\"@id\":\"https:\\\/\\\/naturalpoland.com\\\/ko\\\/je-pum\\\/sig-mul-chu-chul-mul\\\/ekstrakt-z-nasion-prosa\\\/#primaryimage\",\"url\":\"https:\\\/\\\/naturalpoland.com\\\/wp-content\\\/uploads\\\/ekstrakt-z-nasion-prosa.webp\",\"contentUrl\":\"https:\\\/\\\/naturalpoland.com\\\/wp-content\\\/uploads\\\/ekstrakt-z-nasion-prosa.webp\",\"width\":1024,\"height\":1024,\"caption\":\"ekstrakt z nasion prosa\"},{\"@type\":\"BreadcrumbList\",\"@id\":\"https:\\\/\\\/naturalpoland.com\\\/ko\\\/je-pum\\\/sig-mul-chu-chul-mul\\\/ekstrakt-z-nasion-prosa\\\/#breadcrumb\",\"itemListElement\":[{\"@type\":\"ListItem\",\"position\":1,\"name\":\"\ud648\",\"item\":\"https:\\\/\\\/naturalpoland.com\\\/ko\\\/\"},{\"@type\":\"ListItem\",\"position\":2,\"name\":\"\uc81c\ud488\",\"item\":\"https:\\\/\\\/naturalpoland.com\\\/ko\\\/%ec%a0%9c%ed%92%88\\\/\"},{\"@type\":\"ListItem\",\"position\":3,\"name\":\"\uae30\uc7a5 \uc528\uc557 \ucd94\ucd9c\ubb3c\"}]},{\"@type\":\"WebSite\",\"@id\":\"https:\\\/\\\/naturalpoland.com\\\/ko\\\/#website\",\"url\":\"https:\\\/\\\/naturalpoland.com\\\/ko\\\/\",\"name\":\"NATURAL POLAND - Hurtowy Dystrybutor Surowc\u00f3w\",\"description\":\"Surowce dla przemys\u0142u spo\u017cywczego, kosmetycznego i farmaceutycznego\",\"publisher\":{\"@id\":\"https:\\\/\\\/naturalpoland.com\\\/ko\\\/#organization\"},\"potentialAction\":[{\"@type\":\"SearchAction\",\"target\":{\"@type\":\"EntryPoint\",\"urlTemplate\":\"https:\\\/\\\/naturalpoland.com\\\/ko\\\/?s={search_term_string}\"},\"query-input\":{\"@type\":\"PropertyValueSpecification\",\"valueRequired\":true,\"valueName\":\"search_term_string\"}}],\"inLanguage\":\"ko-KR\"},{\"@type\":\"Organization\",\"@id\":\"https:\\\/\\\/naturalpoland.com\\\/ko\\\/#organization\",\"name\":\"Natural Poland\",\"url\":\"https:\\\/\\\/naturalpoland.com\\\/ko\\\/\",\"logo\":{\"@type\":\"ImageObject\",\"inLanguage\":\"ko-KR\",\"@id\":\"https:\\\/\\\/naturalpoland.com\\\/ko\\\/#\\\/schema\\\/logo\\\/image\\\/\",\"url\":\"https:\\\/\\\/naturalpoland.com\\\/wp-content\\\/uploads\\\/2021\\\/05\\\/natural-poland-icon.png\",\"contentUrl\":\"https:\\\/\\\/naturalpoland.com\\\/wp-content\\\/uploads\\\/2021\\\/05\\\/natural-poland-icon.png\",\"width\":512,\"height\":512,\"caption\":\"Natural Poland\"},\"image\":{\"@id\":\"https:\\\/\\\/naturalpoland.com\\\/ko\\\/#\\\/schema\\\/logo\\\/image\\\/\"},\"sameAs\":[\"https:\\\/\\\/www.facebook.com\\\/naturalpoland.b2b\",\"https:\\\/\\\/pl.linkedin.com\\\/company\\\/natural-poland\",\"https:\\\/\\\/www.youtube.com\\\/channel\\\/UCgeGGkvOMahZo-xu_MSEWxg\"]}]}<\/script>\n<!-- \/ Yoast SEO plugin. -->","yoast_head_json":{"title":"\uae30\uc7a5 \uc528\uc557 \ucd94\ucd9c\ubb3c - Hurtowy Dystrybutor","description":"\uae30\uc7a5 \uc528\uc557 \ucd94\ucd9c\ubb3c\uc740 \uac00\uc7a5 \uc624\ub798\ub41c \uc7ac\ubc30 \uace1\ubb3c \uc911 \ud558\ub098\uc778 Panicum miliaceum \uc528\uc557\uc5d0\uc11c \uc5bb\uc740 \ucc9c\uc5f0 \uc2dd\ubb3c\uc131 \uc6d0\ub8cc\uc785\ub2c8\ub2e4.","robots":{"index":"index","follow":"follow","max-snippet":"max-snippet:-1","max-image-preview":"max-image-preview:large","max-video-preview":"max-video-preview:-1"},"canonical":"https:\/\/naturalpoland.com\/ko\/je-pum\/sig-mul-chu-chul-mul\/ekstrakt-z-nasion-prosa\/","og_locale":"ko_KR","og_type":"article","og_title":"\uae30\uc7a5 \uc528\uc557 \ucd94\ucd9c\ubb3c - Hurtowy Dystrybutor","og_description":"\uae30\uc7a5 \uc528\uc557 \ucd94\ucd9c\ubb3c\uc740 \uac00\uc7a5 \uc624\ub798\ub41c \uc7ac\ubc30 \uace1\ubb3c \uc911 \ud558\ub098\uc778 Panicum miliaceum \uc528\uc557\uc5d0\uc11c \uc5bb\uc740 \ucc9c\uc5f0 \uc2dd\ubb3c\uc131 \uc6d0\ub8cc\uc785\ub2c8\ub2e4.","og_url":"https:\/\/naturalpoland.com\/ko\/je-pum\/sig-mul-chu-chul-mul\/ekstrakt-z-nasion-prosa\/","og_site_name":"NATURAL POLAND - Hurtowy Dystrybutor Surowc\u00f3w","article_publisher":"https:\/\/www.facebook.com\/naturalpoland.b2b","article_modified_time":"2025-07-10T10:01:40+00:00","og_image":[{"width":1024,"height":1024,"url":"https:\/\/naturalpoland.com\/wp-content\/uploads\/ekstrakt-z-nasion-prosa.webp","type":"image\/webp"}],"schema":{"@context":"https:\/\/schema.org","@graph":[{"@type":"WebPage","@id":"https:\/\/naturalpoland.com\/ko\/je-pum\/sig-mul-chu-chul-mul\/ekstrakt-z-nasion-prosa\/","url":"https:\/\/naturalpoland.com\/ko\/je-pum\/sig-mul-chu-chul-mul\/ekstrakt-z-nasion-prosa\/","name":"\uae30\uc7a5 \uc528\uc557 \ucd94\ucd9c\ubb3c - Hurtowy Dystrybutor","isPartOf":{"@id":"https:\/\/naturalpoland.com\/ko\/#website"},"primaryImageOfPage":{"@id":"https:\/\/naturalpoland.com\/ko\/je-pum\/sig-mul-chu-chul-mul\/ekstrakt-z-nasion-prosa\/#primaryimage"},"image":{"@id":"https:\/\/naturalpoland.com\/ko\/je-pum\/sig-mul-chu-chul-mul\/ekstrakt-z-nasion-prosa\/#primaryimage"},"thumbnailUrl":"https:\/\/naturalpoland.com\/wp-content\/uploads\/ekstrakt-z-nasion-prosa.webp","datePublished":"2025-07-09T12:07:22+00:00","dateModified":"2025-07-10T10:01:40+00:00","description":"\uae30\uc7a5 \uc528\uc557 \ucd94\ucd9c\ubb3c\uc740 \uac00\uc7a5 \uc624\ub798\ub41c \uc7ac\ubc30 \uace1\ubb3c \uc911 \ud558\ub098\uc778 Panicum miliaceum \uc528\uc557\uc5d0\uc11c \uc5bb\uc740 \ucc9c\uc5f0 \uc2dd\ubb3c\uc131 \uc6d0\ub8cc\uc785\ub2c8\ub2e4.","breadcrumb":{"@id":"https:\/\/naturalpoland.com\/ko\/je-pum\/sig-mul-chu-chul-mul\/ekstrakt-z-nasion-prosa\/#breadcrumb"},"inLanguage":"ko-KR","potentialAction":[{"@type":"ReadAction","target":["https:\/\/naturalpoland.com\/ko\/je-pum\/sig-mul-chu-chul-mul\/ekstrakt-z-nasion-prosa\/"]}]},{"@type":"ImageObject","inLanguage":"ko-KR","@id":"https:\/\/naturalpoland.com\/ko\/je-pum\/sig-mul-chu-chul-mul\/ekstrakt-z-nasion-prosa\/#primaryimage","url":"https:\/\/naturalpoland.com\/wp-content\/uploads\/ekstrakt-z-nasion-prosa.webp","contentUrl":"https:\/\/naturalpoland.com\/wp-content\/uploads\/ekstrakt-z-nasion-prosa.webp","width":1024,"height":1024,"caption":"ekstrakt z nasion prosa"},{"@type":"BreadcrumbList","@id":"https:\/\/naturalpoland.com\/ko\/je-pum\/sig-mul-chu-chul-mul\/ekstrakt-z-nasion-prosa\/#breadcrumb","itemListElement":[{"@type":"ListItem","position":1,"name":"\ud648","item":"https:\/\/naturalpoland.com\/ko\/"},{"@type":"ListItem","position":2,"name":"\uc81c\ud488","item":"https:\/\/naturalpoland.com\/ko\/%ec%a0%9c%ed%92%88\/"},{"@type":"ListItem","position":3,"name":"\uae30\uc7a5 \uc528\uc557 \ucd94\ucd9c\ubb3c"}]},{"@type":"WebSite","@id":"https:\/\/naturalpoland.com\/ko\/#website","url":"https:\/\/naturalpoland.com\/ko\/","name":"NATURAL POLAND - Hurtowy Dystrybutor Surowc\u00f3w","description":"Surowce dla przemys\u0142u spo\u017cywczego, kosmetycznego i farmaceutycznego","publisher":{"@id":"https:\/\/naturalpoland.com\/ko\/#organization"},"potentialAction":[{"@type":"SearchAction","target":{"@type":"EntryPoint","urlTemplate":"https:\/\/naturalpoland.com\/ko\/?s={search_term_string}"},"query-input":{"@type":"PropertyValueSpecification","valueRequired":true,"valueName":"search_term_string"}}],"inLanguage":"ko-KR"},{"@type":"Organization","@id":"https:\/\/naturalpoland.com\/ko\/#organization","name":"Natural Poland","url":"https:\/\/naturalpoland.com\/ko\/","logo":{"@type":"ImageObject","inLanguage":"ko-KR","@id":"https:\/\/naturalpoland.com\/ko\/#\/schema\/logo\/image\/","url":"https:\/\/naturalpoland.com\/wp-content\/uploads\/2021\/05\/natural-poland-icon.png","contentUrl":"https:\/\/naturalpoland.com\/wp-content\/uploads\/2021\/05\/natural-poland-icon.png","width":512,"height":512,"caption":"Natural Poland"},"image":{"@id":"https:\/\/naturalpoland.com\/ko\/#\/schema\/logo\/image\/"},"sameAs":["https:\/\/www.facebook.com\/naturalpoland.b2b","https:\/\/pl.linkedin.com\/company\/natural-poland","https:\/\/www.youtube.com\/channel\/UCgeGGkvOMahZo-xu_MSEWxg"]}]}},"_links":{"self":[{"href":"https:\/\/naturalpoland.com\/ko\/wp-json\/wp\/v2\/product\/41872","targetHints":{"allow":["GET"]}}],"collection":[{"href":"https:\/\/naturalpoland.com\/ko\/wp-json\/wp\/v2\/product"}],"about":[{"href":"https:\/\/naturalpoland.com\/ko\/wp-json\/wp\/v2\/types\/product"}],"wp:featuredmedia":[{"embeddable":true,"href":"https:\/\/naturalpoland.com\/ko\/wp-json\/wp\/v2\/media\/41869"}],"wp:attachment":[{"href":"https:\/\/naturalpoland.com\/ko\/wp-json\/wp\/v2\/media?parent=41872"}],"wp:term":[{"taxonomy":"product_brand","embeddable":true,"href":"https:\/\/naturalpoland.com\/ko\/wp-json\/wp\/v2\/product_brand?post=41872"},{"taxonomy":"product_cat","embeddable":true,"href":"https:\/\/naturalpoland.com\/ko\/wp-json\/wp\/v2\/product_cat?post=41872"},{"taxonomy":"product_tag","embeddable":true,"href":"https:\/\/naturalpoland.com\/ko\/wp-json\/wp\/v2\/product_tag?post=41872"}],"curies":[{"name":"wp","href":"https:\/\/api.w.org\/{rel}","templated":true}]}}