{"id":41884,"date":"2025-07-08T15:51:35","date_gmt":"2025-07-08T13:51:35","guid":{"rendered":"https:\/\/naturalpoland.com\/produkty\/uncategorized\/fosfolipidy-sojowe\/"},"modified":"2025-07-09T14:41:14","modified_gmt":"2025-07-09T12:41:14","slug":"fosfolipidy-sojowe","status":"publish","type":"product","link":"https:\/\/naturalpoland.com\/ko\/je-pum\/ui-yak-pum-won-ryo\/geon-gang-gi-neung-sig-pum-cheom-ga-mul\/fosfolipidy-sojowe\/","title":{"rendered":"\ub300\ub450 \uc778\uc9c0\uc9c8"},"content":{"rendered":"<h2>\ub300\ub450 \uc778\uc9c0\uc9c8\uc740 \uc5b4\ub5a4 \ud6a8\ub2a5\uc774 \uc788\ub098\uc694?<\/h2>\n<p>\uc778\uc9c0\uc9c8\uc740 \uc138\ud3ec\ub9c9\uc758 \uae30\ubcf8 \uad6c\uc131 \uc694\uc18c\ub85c\uc11c \uc2e0\uccb4 \uae30\ub2a5\uc5d0 \uc911\uc694\ud55c \uc5ed\ud560\uc744 \ud569\ub2c8\ub2e4. \ub300\ub450 \uc778\uc9c0\uc9c8\uc758 \uc8fc\uc694 \uc131\ubd84\uc778 <strong>\ud3ec\uc2a4\ud30c\ud2f0\ub51c\ucf5c\ub9b0<\/strong>\uc740 \uac04 \uc7ac\uc0dd\uc744 \ub3d5\uace0, \uc9c0\uc9c8 \ud504\ub85c\ud544\uc744 \uac1c\uc120\ud558\uba70(LDL \ucf5c\ub808\uc2a4\ud14c\ub864 \uc218\uce58 \uac10\uc18c), \uae30\uc5b5\ub825\uacfc \uc9d1\uc911\ub825\uc5d0 \uae0d\uc815\uc801\uc778 \uc601\ud5a5\uc744 \ubbf8\uce58\uace0, \uc2e0\uacbd\uacc4\ub97c \uc9c0\uc6d0\ud569\ub2c8\ub2e4. \ub610\ud55c \uccb4\uc911 \uac10\ub7c9 \ubc0f \uc2e0\uccb4 \ud574\ub3c5\uc744 \ub3d5\ub294 \ubcf4\ucda9\uc81c\uc5d0\ub3c4 \uc0ac\uc6a9\ub429\ub2c8\ub2e4. \uc778\uc9c0\uc9c8\uc740 \ud604\ub300 \uc758\uc57d\ud488 \ubc0f \ub274\ud2b8\ub77c\uc288\ud2f0\uceec \uc81c\ud615(\uc608: \ub9ac\ud3ec\uc19c)\uc5d0\uc11c \ud65c\uc131 \ubb3c\uc9c8\uc758 \uc6b4\ubc18\uccb4\ub85c\ub3c4 \ud65c\uc6a9\ub418\uc5b4 \uc601\uc591 \ubc0f \uc57d\uc6a9 \uc131\ubd84\uc758 \uc0dd\uccb4 \uc774\uc6a9\ub960\uc744 \ub192\uc785\ub2c8\ub2e4.   <\/p>\n<h2>\uc778\uc9c0\uc9c8\uc744 \uc12d\ucde8\ud560 \uac00\uce58\uac00 \uc788\ub098\uc694?<\/h2>\n<p>\ub124, \uc778\uc9c0\uc9c8 \ubcf4\ucda9\uc81c, \ud2b9\ud788 \ub300\ub450 \uc720\ub798 \uc778\uc9c0\uc9c8\uc740 \uac74\uac15\uc5d0 \uc785\uc99d\ub41c \uc774\uc810\uc744 \uac00\uc9c0\uace0 \uc788\uc2b5\ub2c8\ub2e4. \uac04 \uc9c8\ud658(\uc608: \uc9c0\ubc29\uac04, \uc5fc\uc99d), \uc778\uc9c0 \uae30\ub2a5 \uc7a5\uc560, \uc0b0\ud654 \uc2a4\ud2b8\ub808\uc2a4\ub85c \uace0\ud1b5\ubc1b\ub294 \uc0ac\ub78c\ub4e4\uacfc \uc778\uc9c0\uc9c8\uc758 \uc790\uc5f0\uc801 \ud569\uc131\uc774 \uc57d\ud654\ub41c \ub178\uc778\ub4e4\uc5d0\uac8c \uad8c\uc7a5\ub429\ub2c8\ub2e4. \ub610\ud55c \uc778\uc9c0\uc9c8\uc740 \ud608\uad00\ubcbd\uc5d0 \ubcf4\ud638 \uc791\uc6a9\uc744 \ud558\uace0 \ud53c\ubd80 \uc7ac\uc0dd\uc744 \ub3d5\uae30 \ub54c\ubb38\uc5d0 \ud654\uc7a5\ud488 \ubc0f \ub354\ubaa8\ucf54\uc2a4\uba54\ud2f1\uc5d0\ub3c4 \uc0ac\uc6a9\ub429\ub2c8\ub2e4.  <\/p>\n<p><strong>\uc6a9\ub3c4:<\/strong><\/p>\n<ul>\n<li>\uac74\uac15 \ubcf4\uc870 \uc2dd\ud488 (\uac04, \ub1cc, \uc2e0\uacbd\uacc4 \uc9c0\uc6d0)<\/li>\n<li>\uc758\uc57d\ud488 (\ud65c\uc131 \ubb3c\uc9c8 \uc6b4\ubc18\uccb4, \ub9ac\ud3ec\uc19c \ud615\ud0dc)<\/li>\n<li>\ub274\ud2b8\ub77c\uc288\ud2f0\uceec \ubc0f \uae30\ub2a5\uc131 \uc2dd\ud488<\/li>\n<li>\ud654\uc7a5\ud488 (\ubcf4\uc2b5, \ud53c\ubd80 \uc9c0\uc9c8 \uc7a5\ubcbd \uc7ac\uc0dd)<\/li>\n<\/ul>\n","protected":false},"excerpt":{"rendered":"<p><strong>\ub300\ub450 \uc778\uc9c0\uc9c8<\/strong>\uc740 \ub300\ub450 \ub808\uc2dc\ud2f4\uc5d0\uc11c \ucd94\ucd9c\ub41c \ucc9c\uc5f0 \uc9c0\uc9c8 \ubcf5\ud569\uccb4\ub85c, <strong>\ud3ec\uc2a4\ud30c\ud2f0\ub51c\ucf5c\ub9b0<\/strong> \ud568\ub7c9\uc774 \ub192\uc2b5\ub2c8\ub2e4. \ubcf8 \uc81c\ud488\uc740 \ud2b9\uc720\uc758 \ud5a5\uc774 \ub098\ub294 \ud669\uc0c9 \uacfc\ub9bd \ud615\ud0dc\uc785\ub2c8\ub2e4. <\/p>\n","protected":false},"featured_media":41844,"template":"","meta":{"_acf_changed":false},"product_brand":[],"product_cat":[8143],"product_tag":[],"class_list":{"0":"post-41884","1":"product","2":"type-product","3":"status-publish","4":"has-post-thumbnail","6":"product_cat-geon-gang-gi-neung-sig-pum-cheom-ga-mul","8":"first","9":"instock","10":"shipping-taxable","11":"product-type-simple"},"acf":[],"yoast_head":"<!-- This site is optimized with the Yoast SEO plugin v27.4 - https:\/\/yoast.com\/product\/yoast-seo-wordpress\/ -->\n<title>\ub300\ub450 \uc778\uc9c0\uc9c8 - Hurtowy Dystrybutor<\/title>\n<meta name=\"description\" content=\"\ub300\ub450 \uc778\uc9c0\uc9c8\uc740 \ud3ec\uc2a4\ud30c\ud2f0\ub51c\ucf5c\ub9b0 \ud568\ub7c9\uc774 \ub192\uc740 \ub300\ub450 \ub808\uc2dc\ud2f4\uc5d0\uc11c \ucd94\ucd9c\ub41c \ucc9c\uc5f0 \uc9c0\uc9c8 \ubcf5\ud569\uccb4\uc785\ub2c8\ub2e4.\" \/>\n<meta name=\"robots\" content=\"index, follow, max-snippet:-1, max-image-preview:large, max-video-preview:-1\" \/>\n<link rel=\"canonical\" href=\"https:\/\/naturalpoland.com\/ko\/je-pum\/ui-yak-pum-won-ryo\/geon-gang-gi-neung-sig-pum-cheom-ga-mul\/fosfolipidy-sojowe\/\" \/>\n<meta property=\"og:locale\" content=\"ko_KR\" \/>\n<meta property=\"og:type\" content=\"article\" \/>\n<meta property=\"og:title\" content=\"\ub300\ub450 \uc778\uc9c0\uc9c8 - Hurtowy Dystrybutor\" \/>\n<meta property=\"og:description\" content=\"\ub300\ub450 \uc778\uc9c0\uc9c8\uc740 \ud3ec\uc2a4\ud30c\ud2f0\ub51c\ucf5c\ub9b0 \ud568\ub7c9\uc774 \ub192\uc740 \ub300\ub450 \ub808\uc2dc\ud2f4\uc5d0\uc11c \ucd94\ucd9c\ub41c \ucc9c\uc5f0 \uc9c0\uc9c8 \ubcf5\ud569\uccb4\uc785\ub2c8\ub2e4.\" \/>\n<meta property=\"og:url\" content=\"https:\/\/naturalpoland.com\/ko\/je-pum\/ui-yak-pum-won-ryo\/geon-gang-gi-neung-sig-pum-cheom-ga-mul\/fosfolipidy-sojowe\/\" \/>\n<meta property=\"og:site_name\" content=\"NATURAL POLAND - Hurtowy Dystrybutor Surowc\u00f3w\" \/>\n<meta property=\"article:publisher\" content=\"https:\/\/www.facebook.com\/naturalpoland.b2b\" \/>\n<meta property=\"article:modified_time\" content=\"2025-07-09T12:41:14+00:00\" \/>\n<meta property=\"og:image\" content=\"https:\/\/naturalpoland.com\/wp-content\/uploads\/fosfolipidy-sojowe.webp\" \/>\n\t<meta property=\"og:image:width\" content=\"1024\" \/>\n\t<meta property=\"og:image:height\" content=\"1024\" \/>\n\t<meta property=\"og:image:type\" content=\"image\/webp\" \/>\n<script type=\"application\/ld+json\" class=\"yoast-schema-graph\">{\"@context\":\"https:\\\/\\\/schema.org\",\"@graph\":[{\"@type\":\"WebPage\",\"@id\":\"https:\\\/\\\/naturalpoland.com\\\/ko\\\/je-pum\\\/ui-yak-pum-won-ryo\\\/geon-gang-gi-neung-sig-pum-cheom-ga-mul\\\/fosfolipidy-sojowe\\\/\",\"url\":\"https:\\\/\\\/naturalpoland.com\\\/ko\\\/je-pum\\\/ui-yak-pum-won-ryo\\\/geon-gang-gi-neung-sig-pum-cheom-ga-mul\\\/fosfolipidy-sojowe\\\/\",\"name\":\"\ub300\ub450 \uc778\uc9c0\uc9c8 - Hurtowy Dystrybutor\",\"isPartOf\":{\"@id\":\"https:\\\/\\\/naturalpoland.com\\\/ko\\\/#website\"},\"primaryImageOfPage\":{\"@id\":\"https:\\\/\\\/naturalpoland.com\\\/ko\\\/je-pum\\\/ui-yak-pum-won-ryo\\\/geon-gang-gi-neung-sig-pum-cheom-ga-mul\\\/fosfolipidy-sojowe\\\/#primaryimage\"},\"image\":{\"@id\":\"https:\\\/\\\/naturalpoland.com\\\/ko\\\/je-pum\\\/ui-yak-pum-won-ryo\\\/geon-gang-gi-neung-sig-pum-cheom-ga-mul\\\/fosfolipidy-sojowe\\\/#primaryimage\"},\"thumbnailUrl\":\"https:\\\/\\\/naturalpoland.com\\\/wp-content\\\/uploads\\\/fosfolipidy-sojowe.webp\",\"datePublished\":\"2025-07-08T13:51:35+00:00\",\"dateModified\":\"2025-07-09T12:41:14+00:00\",\"description\":\"\ub300\ub450 \uc778\uc9c0\uc9c8\uc740 \ud3ec\uc2a4\ud30c\ud2f0\ub51c\ucf5c\ub9b0 \ud568\ub7c9\uc774 \ub192\uc740 \ub300\ub450 \ub808\uc2dc\ud2f4\uc5d0\uc11c \ucd94\ucd9c\ub41c \ucc9c\uc5f0 \uc9c0\uc9c8 \ubcf5\ud569\uccb4\uc785\ub2c8\ub2e4.\",\"breadcrumb\":{\"@id\":\"https:\\\/\\\/naturalpoland.com\\\/ko\\\/je-pum\\\/ui-yak-pum-won-ryo\\\/geon-gang-gi-neung-sig-pum-cheom-ga-mul\\\/fosfolipidy-sojowe\\\/#breadcrumb\"},\"inLanguage\":\"ko-KR\",\"potentialAction\":[{\"@type\":\"ReadAction\",\"target\":[\"https:\\\/\\\/naturalpoland.com\\\/ko\\\/je-pum\\\/ui-yak-pum-won-ryo\\\/geon-gang-gi-neung-sig-pum-cheom-ga-mul\\\/fosfolipidy-sojowe\\\/\"]}]},{\"@type\":\"ImageObject\",\"inLanguage\":\"ko-KR\",\"@id\":\"https:\\\/\\\/naturalpoland.com\\\/ko\\\/je-pum\\\/ui-yak-pum-won-ryo\\\/geon-gang-gi-neung-sig-pum-cheom-ga-mul\\\/fosfolipidy-sojowe\\\/#primaryimage\",\"url\":\"https:\\\/\\\/naturalpoland.com\\\/wp-content\\\/uploads\\\/fosfolipidy-sojowe.webp\",\"contentUrl\":\"https:\\\/\\\/naturalpoland.com\\\/wp-content\\\/uploads\\\/fosfolipidy-sojowe.webp\",\"width\":1024,\"height\":1024,\"caption\":\"fosfolipidy sojowe\"},{\"@type\":\"BreadcrumbList\",\"@id\":\"https:\\\/\\\/naturalpoland.com\\\/ko\\\/je-pum\\\/ui-yak-pum-won-ryo\\\/geon-gang-gi-neung-sig-pum-cheom-ga-mul\\\/fosfolipidy-sojowe\\\/#breadcrumb\",\"itemListElement\":[{\"@type\":\"ListItem\",\"position\":1,\"name\":\"\ud648\",\"item\":\"https:\\\/\\\/naturalpoland.com\\\/ko\\\/\"},{\"@type\":\"ListItem\",\"position\":2,\"name\":\"\uc81c\ud488\",\"item\":\"https:\\\/\\\/naturalpoland.com\\\/ko\\\/%ec%a0%9c%ed%92%88\\\/\"},{\"@type\":\"ListItem\",\"position\":3,\"name\":\"\ub300\ub450 \uc778\uc9c0\uc9c8\"}]},{\"@type\":\"WebSite\",\"@id\":\"https:\\\/\\\/naturalpoland.com\\\/ko\\\/#website\",\"url\":\"https:\\\/\\\/naturalpoland.com\\\/ko\\\/\",\"name\":\"NATURAL POLAND - Hurtowy Dystrybutor Surowc\u00f3w\",\"description\":\"Surowce dla przemys\u0142u spo\u017cywczego, kosmetycznego i farmaceutycznego\",\"publisher\":{\"@id\":\"https:\\\/\\\/naturalpoland.com\\\/ko\\\/#organization\"},\"potentialAction\":[{\"@type\":\"SearchAction\",\"target\":{\"@type\":\"EntryPoint\",\"urlTemplate\":\"https:\\\/\\\/naturalpoland.com\\\/ko\\\/?s={search_term_string}\"},\"query-input\":{\"@type\":\"PropertyValueSpecification\",\"valueRequired\":true,\"valueName\":\"search_term_string\"}}],\"inLanguage\":\"ko-KR\"},{\"@type\":\"Organization\",\"@id\":\"https:\\\/\\\/naturalpoland.com\\\/ko\\\/#organization\",\"name\":\"Natural Poland\",\"url\":\"https:\\\/\\\/naturalpoland.com\\\/ko\\\/\",\"logo\":{\"@type\":\"ImageObject\",\"inLanguage\":\"ko-KR\",\"@id\":\"https:\\\/\\\/naturalpoland.com\\\/ko\\\/#\\\/schema\\\/logo\\\/image\\\/\",\"url\":\"https:\\\/\\\/naturalpoland.com\\\/wp-content\\\/uploads\\\/2021\\\/05\\\/natural-poland-icon.png\",\"contentUrl\":\"https:\\\/\\\/naturalpoland.com\\\/wp-content\\\/uploads\\\/2021\\\/05\\\/natural-poland-icon.png\",\"width\":512,\"height\":512,\"caption\":\"Natural Poland\"},\"image\":{\"@id\":\"https:\\\/\\\/naturalpoland.com\\\/ko\\\/#\\\/schema\\\/logo\\\/image\\\/\"},\"sameAs\":[\"https:\\\/\\\/www.facebook.com\\\/naturalpoland.b2b\",\"https:\\\/\\\/pl.linkedin.com\\\/company\\\/natural-poland\",\"https:\\\/\\\/www.youtube.com\\\/channel\\\/UCgeGGkvOMahZo-xu_MSEWxg\"]}]}<\/script>\n<!-- \/ Yoast SEO plugin. -->","yoast_head_json":{"title":"\ub300\ub450 \uc778\uc9c0\uc9c8 - Hurtowy Dystrybutor","description":"\ub300\ub450 \uc778\uc9c0\uc9c8\uc740 \ud3ec\uc2a4\ud30c\ud2f0\ub51c\ucf5c\ub9b0 \ud568\ub7c9\uc774 \ub192\uc740 \ub300\ub450 \ub808\uc2dc\ud2f4\uc5d0\uc11c \ucd94\ucd9c\ub41c \ucc9c\uc5f0 \uc9c0\uc9c8 \ubcf5\ud569\uccb4\uc785\ub2c8\ub2e4.","robots":{"index":"index","follow":"follow","max-snippet":"max-snippet:-1","max-image-preview":"max-image-preview:large","max-video-preview":"max-video-preview:-1"},"canonical":"https:\/\/naturalpoland.com\/ko\/je-pum\/ui-yak-pum-won-ryo\/geon-gang-gi-neung-sig-pum-cheom-ga-mul\/fosfolipidy-sojowe\/","og_locale":"ko_KR","og_type":"article","og_title":"\ub300\ub450 \uc778\uc9c0\uc9c8 - Hurtowy Dystrybutor","og_description":"\ub300\ub450 \uc778\uc9c0\uc9c8\uc740 \ud3ec\uc2a4\ud30c\ud2f0\ub51c\ucf5c\ub9b0 \ud568\ub7c9\uc774 \ub192\uc740 \ub300\ub450 \ub808\uc2dc\ud2f4\uc5d0\uc11c \ucd94\ucd9c\ub41c \ucc9c\uc5f0 \uc9c0\uc9c8 \ubcf5\ud569\uccb4\uc785\ub2c8\ub2e4.","og_url":"https:\/\/naturalpoland.com\/ko\/je-pum\/ui-yak-pum-won-ryo\/geon-gang-gi-neung-sig-pum-cheom-ga-mul\/fosfolipidy-sojowe\/","og_site_name":"NATURAL POLAND - Hurtowy Dystrybutor Surowc\u00f3w","article_publisher":"https:\/\/www.facebook.com\/naturalpoland.b2b","article_modified_time":"2025-07-09T12:41:14+00:00","og_image":[{"width":1024,"height":1024,"url":"https:\/\/naturalpoland.com\/wp-content\/uploads\/fosfolipidy-sojowe.webp","type":"image\/webp"}],"schema":{"@context":"https:\/\/schema.org","@graph":[{"@type":"WebPage","@id":"https:\/\/naturalpoland.com\/ko\/je-pum\/ui-yak-pum-won-ryo\/geon-gang-gi-neung-sig-pum-cheom-ga-mul\/fosfolipidy-sojowe\/","url":"https:\/\/naturalpoland.com\/ko\/je-pum\/ui-yak-pum-won-ryo\/geon-gang-gi-neung-sig-pum-cheom-ga-mul\/fosfolipidy-sojowe\/","name":"\ub300\ub450 \uc778\uc9c0\uc9c8 - Hurtowy Dystrybutor","isPartOf":{"@id":"https:\/\/naturalpoland.com\/ko\/#website"},"primaryImageOfPage":{"@id":"https:\/\/naturalpoland.com\/ko\/je-pum\/ui-yak-pum-won-ryo\/geon-gang-gi-neung-sig-pum-cheom-ga-mul\/fosfolipidy-sojowe\/#primaryimage"},"image":{"@id":"https:\/\/naturalpoland.com\/ko\/je-pum\/ui-yak-pum-won-ryo\/geon-gang-gi-neung-sig-pum-cheom-ga-mul\/fosfolipidy-sojowe\/#primaryimage"},"thumbnailUrl":"https:\/\/naturalpoland.com\/wp-content\/uploads\/fosfolipidy-sojowe.webp","datePublished":"2025-07-08T13:51:35+00:00","dateModified":"2025-07-09T12:41:14+00:00","description":"\ub300\ub450 \uc778\uc9c0\uc9c8\uc740 \ud3ec\uc2a4\ud30c\ud2f0\ub51c\ucf5c\ub9b0 \ud568\ub7c9\uc774 \ub192\uc740 \ub300\ub450 \ub808\uc2dc\ud2f4\uc5d0\uc11c \ucd94\ucd9c\ub41c \ucc9c\uc5f0 \uc9c0\uc9c8 \ubcf5\ud569\uccb4\uc785\ub2c8\ub2e4.","breadcrumb":{"@id":"https:\/\/naturalpoland.com\/ko\/je-pum\/ui-yak-pum-won-ryo\/geon-gang-gi-neung-sig-pum-cheom-ga-mul\/fosfolipidy-sojowe\/#breadcrumb"},"inLanguage":"ko-KR","potentialAction":[{"@type":"ReadAction","target":["https:\/\/naturalpoland.com\/ko\/je-pum\/ui-yak-pum-won-ryo\/geon-gang-gi-neung-sig-pum-cheom-ga-mul\/fosfolipidy-sojowe\/"]}]},{"@type":"ImageObject","inLanguage":"ko-KR","@id":"https:\/\/naturalpoland.com\/ko\/je-pum\/ui-yak-pum-won-ryo\/geon-gang-gi-neung-sig-pum-cheom-ga-mul\/fosfolipidy-sojowe\/#primaryimage","url":"https:\/\/naturalpoland.com\/wp-content\/uploads\/fosfolipidy-sojowe.webp","contentUrl":"https:\/\/naturalpoland.com\/wp-content\/uploads\/fosfolipidy-sojowe.webp","width":1024,"height":1024,"caption":"fosfolipidy sojowe"},{"@type":"BreadcrumbList","@id":"https:\/\/naturalpoland.com\/ko\/je-pum\/ui-yak-pum-won-ryo\/geon-gang-gi-neung-sig-pum-cheom-ga-mul\/fosfolipidy-sojowe\/#breadcrumb","itemListElement":[{"@type":"ListItem","position":1,"name":"\ud648","item":"https:\/\/naturalpoland.com\/ko\/"},{"@type":"ListItem","position":2,"name":"\uc81c\ud488","item":"https:\/\/naturalpoland.com\/ko\/%ec%a0%9c%ed%92%88\/"},{"@type":"ListItem","position":3,"name":"\ub300\ub450 \uc778\uc9c0\uc9c8"}]},{"@type":"WebSite","@id":"https:\/\/naturalpoland.com\/ko\/#website","url":"https:\/\/naturalpoland.com\/ko\/","name":"NATURAL POLAND - Hurtowy Dystrybutor Surowc\u00f3w","description":"Surowce dla przemys\u0142u spo\u017cywczego, kosmetycznego i farmaceutycznego","publisher":{"@id":"https:\/\/naturalpoland.com\/ko\/#organization"},"potentialAction":[{"@type":"SearchAction","target":{"@type":"EntryPoint","urlTemplate":"https:\/\/naturalpoland.com\/ko\/?s={search_term_string}"},"query-input":{"@type":"PropertyValueSpecification","valueRequired":true,"valueName":"search_term_string"}}],"inLanguage":"ko-KR"},{"@type":"Organization","@id":"https:\/\/naturalpoland.com\/ko\/#organization","name":"Natural Poland","url":"https:\/\/naturalpoland.com\/ko\/","logo":{"@type":"ImageObject","inLanguage":"ko-KR","@id":"https:\/\/naturalpoland.com\/ko\/#\/schema\/logo\/image\/","url":"https:\/\/naturalpoland.com\/wp-content\/uploads\/2021\/05\/natural-poland-icon.png","contentUrl":"https:\/\/naturalpoland.com\/wp-content\/uploads\/2021\/05\/natural-poland-icon.png","width":512,"height":512,"caption":"Natural Poland"},"image":{"@id":"https:\/\/naturalpoland.com\/ko\/#\/schema\/logo\/image\/"},"sameAs":["https:\/\/www.facebook.com\/naturalpoland.b2b","https:\/\/pl.linkedin.com\/company\/natural-poland","https:\/\/www.youtube.com\/channel\/UCgeGGkvOMahZo-xu_MSEWxg"]}]}},"_links":{"self":[{"href":"https:\/\/naturalpoland.com\/ko\/wp-json\/wp\/v2\/product\/41884","targetHints":{"allow":["GET"]}}],"collection":[{"href":"https:\/\/naturalpoland.com\/ko\/wp-json\/wp\/v2\/product"}],"about":[{"href":"https:\/\/naturalpoland.com\/ko\/wp-json\/wp\/v2\/types\/product"}],"wp:featuredmedia":[{"embeddable":true,"href":"https:\/\/naturalpoland.com\/ko\/wp-json\/wp\/v2\/media\/41844"}],"wp:attachment":[{"href":"https:\/\/naturalpoland.com\/ko\/wp-json\/wp\/v2\/media?parent=41884"}],"wp:term":[{"taxonomy":"product_brand","embeddable":true,"href":"https:\/\/naturalpoland.com\/ko\/wp-json\/wp\/v2\/product_brand?post=41884"},{"taxonomy":"product_cat","embeddable":true,"href":"https:\/\/naturalpoland.com\/ko\/wp-json\/wp\/v2\/product_cat?post=41884"},{"taxonomy":"product_tag","embeddable":true,"href":"https:\/\/naturalpoland.com\/ko\/wp-json\/wp\/v2\/product_tag?post=41884"}],"curies":[{"name":"wp","href":"https:\/\/api.w.org\/{rel}","templated":true}]}}