{"id":41928,"date":"2021-07-08T13:01:59","date_gmt":"2021-07-08T11:01:59","guid":{"rendered":"https:\/\/naturalpoland.com\/produkty\/uncategorized\/l-%ed%85%8c%ec%95%84%eb%8b%8c\/"},"modified":"2025-07-15T15:21:47","modified_gmt":"2025-07-15T13:21:47","slug":"l-teanin","status":"publish","type":"product","link":"https:\/\/naturalpoland.com\/ko\/je-pum\/ui-yak-pum-won-ryo\/a-mi-no-san\/l-teanin\/","title":{"rendered":"L-\ud14c\uc544\ub2cc"},"content":{"rendered":"<h2>L-\ud14c\uc544\ub2cc\uc758 \ud6a8\ub2a5 \ubc0f \uc791\uc6a9<\/h2>\n<p>L-\ud14c\uc544\ub2cc\uc740 \uc2a4\ud2b8\ub808\uc2a4\uc640 \ubd88\uc548 \uc218\uc900\uc744 \ub0ae\ucda5\ub2c8\ub2e4. \uc9c4\uc815 \ud6a8\uacfc\uac00 \uc788\uc73c\uba70 \uc2ec\ubc15\uc218 \uac10\uc18c\uc5d0 \uc601\ud5a5\uc744 \ubbf8\uce58\uace0 \uc804\ubc18\uc801\uc778 \uc6f0\ube59\uc744 \uac1c\uc120\ud569\ub2c8\ub2e4. \uc9c4\uc815 \ud6a8\uacfc\ubfd0\ub9cc \uc544\ub2c8\ub77c \uc2e0\uacbd\uc804\ub2ec\ubb3c\uc9c8(\uc138\ub85c\ud1a0\ub2cc, \ub3c4\ud30c\ubbfc, GABA) \uc218\uce58\ub97c \uc99d\uac00\uc2dc\ucf1c \uc0c8\ub85c\uc6b4 \uc815\ubcf4 \uae30\uc5b5\uc744 \uc6a9\uc774\ud558\uac8c \ud569\ub2c8\ub2e4.<\/p>\n<p>\uc774 \ubcf4\ucda9\uc81c\ub294 \uae4a\uc740 \uc774\uc644\uacfc \ub818(REM) \uc218\uba74\uacfc \uad00\ub828\ub41c \uc54c\ud30c \ub1cc\ud30c \ud65c\ub3d9\uc744 \uc99d\uac00\uc2dc\ud0b5\ub2c8\ub2e4. \ub354 \ube68\ub9ac \uc7a0\ub4e4\uace0, \uc218\uba74\uc758 \uc9c8\uc744 \ub192\uc774\uba70, \ud68c\ubcf5\uc744 \ub3d5\uc2b5\ub2c8\ub2e4.<\/p>\n<p>L-\ud14c\uc544\ub2cc\uc740 \uac74\uac15\ud55c \uc0ac\ub78c\uc5d0\uac8c \uc0ac\uc6a9 \uc2dc \ubd80\uc791\uc6a9\uc744 \ubcf4\uc774\uc9c0 \uc54a\uc9c0\ub9cc, \uace0\ud608\uc555 \uc57d\uc744 \ubcf5\uc6a9 \uc911\uc778 \uc0ac\ub78c\uc740 \uc7a0\uc7ac\uc801\uc778 \uc0c1\ud638\uc791\uc6a9\uc73c\ub85c \uc778\ud574 \uc8fc\uc758\ud574\uc57c \ud569\ub2c8\ub2e4.<\/p>\n","protected":false},"excerpt":{"rendered":"<p><strong>L-\ud14c\uc544\ub2cc<\/strong>\uc740 \ubc31\uc0c9 \uacb0\uc815\uc131 \ubd84\ub9d0 \ud615\ud0dc\ub85c \ub3c4\ub9e4 \uc720\ud1b5\ub418\uba70, \uc8fc\ub85c \ub179\ucc28 \uc78e\uc5d0\uc11c \ucd94\ucd9c\ub418\uc9c0\ub9cc \uc77c\ubd80 \ubc84\uc12f \uc885\uc5d0\uc11c\ub3c4 \ubc1c\uacac\ub418\ub294 \ube44\ub2e8\ubc31 \uc544\ubbf8\ub178\uc0b0\uc785\ub2c8\ub2e4.<\/p>\n","protected":false},"featured_media":41931,"template":"","meta":{"_acf_changed":false},"product_brand":[],"product_cat":[8143,8142],"product_tag":[],"class_list":{"0":"post-41928","1":"product","2":"type-product","3":"status-publish","4":"has-post-thumbnail","6":"product_cat-geon-gang-gi-neung-sig-pum-cheom-ga-mul","7":"product_cat-a-mi-no-san","9":"first","10":"instock","11":"shipping-taxable","12":"product-type-simple"},"acf":[],"yoast_head":"<!-- This site is optimized with the Yoast SEO plugin v27.4 - https:\/\/yoast.com\/product\/yoast-seo-wordpress\/ -->\n<title>L-\ud14c\uc544\ub2cc - NATURAL POLAND - Hurtowy Dystrybutor Surowc\u00f3w<\/title>\n<meta name=\"description\" content=\"L-\ud14c\uc544\ub2cc\uc740 \uc2a4\ud2b8\ub808\uc2a4 \uac10\uc18c\ub97c \ub3d5\uace0, \uc218\uba74\uc758 \uc9c8\uc744 \ud5a5\uc0c1\uc2dc\ud0a4\uba70, \uc778\uc9c0 \uae30\ub2a5\uc744 \uac15\ud654\ud558\ub294 \ucc9c\uc5f0 \ubcf4\uc870\uc81c\ub85c \uc778\uae30\ub97c \uc5bb\uc5c8\uc2b5\ub2c8\ub2e4.\" \/>\n<meta name=\"robots\" content=\"index, follow, max-snippet:-1, max-image-preview:large, max-video-preview:-1\" \/>\n<link rel=\"canonical\" href=\"https:\/\/naturalpoland.com\/ko\/je-pum\/ui-yak-pum-won-ryo\/a-mi-no-san\/l-teanin\/\" \/>\n<meta property=\"og:locale\" content=\"ko_KR\" \/>\n<meta property=\"og:type\" content=\"article\" \/>\n<meta property=\"og:title\" content=\"L-\ud14c\uc544\ub2cc - NATURAL POLAND - Hurtowy Dystrybutor Surowc\u00f3w\" \/>\n<meta property=\"og:description\" content=\"L-\ud14c\uc544\ub2cc\uc740 \uc2a4\ud2b8\ub808\uc2a4 \uac10\uc18c\ub97c \ub3d5\uace0, \uc218\uba74\uc758 \uc9c8\uc744 \ud5a5\uc0c1\uc2dc\ud0a4\uba70, \uc778\uc9c0 \uae30\ub2a5\uc744 \uac15\ud654\ud558\ub294 \ucc9c\uc5f0 \ubcf4\uc870\uc81c\ub85c \uc778\uae30\ub97c \uc5bb\uc5c8\uc2b5\ub2c8\ub2e4.\" \/>\n<meta property=\"og:url\" content=\"https:\/\/naturalpoland.com\/ko\/je-pum\/ui-yak-pum-won-ryo\/a-mi-no-san\/l-teanin\/\" \/>\n<meta property=\"og:site_name\" content=\"NATURAL POLAND - Hurtowy Dystrybutor Surowc\u00f3w\" \/>\n<meta property=\"article:publisher\" content=\"https:\/\/www.facebook.com\/naturalpoland.b2b\" \/>\n<meta property=\"article:modified_time\" content=\"2025-07-15T13:21:47+00:00\" \/>\n<meta property=\"og:image\" content=\"https:\/\/naturalpoland.com\/wp-content\/uploads\/l-teanina-suplement.webp\" \/>\n\t<meta property=\"og:image:width\" content=\"614\" \/>\n\t<meta property=\"og:image:height\" content=\"614\" \/>\n\t<meta property=\"og:image:type\" content=\"image\/webp\" \/>\n<script type=\"application\/ld+json\" class=\"yoast-schema-graph\">{\"@context\":\"https:\\\/\\\/schema.org\",\"@graph\":[{\"@type\":\"WebPage\",\"@id\":\"https:\\\/\\\/naturalpoland.com\\\/ko\\\/je-pum\\\/ui-yak-pum-won-ryo\\\/a-mi-no-san\\\/l-teanin\\\/\",\"url\":\"https:\\\/\\\/naturalpoland.com\\\/ko\\\/je-pum\\\/ui-yak-pum-won-ryo\\\/a-mi-no-san\\\/l-teanin\\\/\",\"name\":\"L-\ud14c\uc544\ub2cc - NATURAL POLAND - Hurtowy Dystrybutor Surowc\u00f3w\",\"isPartOf\":{\"@id\":\"https:\\\/\\\/naturalpoland.com\\\/ko\\\/#website\"},\"primaryImageOfPage\":{\"@id\":\"https:\\\/\\\/naturalpoland.com\\\/ko\\\/je-pum\\\/ui-yak-pum-won-ryo\\\/a-mi-no-san\\\/l-teanin\\\/#primaryimage\"},\"image\":{\"@id\":\"https:\\\/\\\/naturalpoland.com\\\/ko\\\/je-pum\\\/ui-yak-pum-won-ryo\\\/a-mi-no-san\\\/l-teanin\\\/#primaryimage\"},\"thumbnailUrl\":\"https:\\\/\\\/naturalpoland.com\\\/wp-content\\\/uploads\\\/l-teanina-suplement.webp\",\"datePublished\":\"2021-07-08T11:01:59+00:00\",\"dateModified\":\"2025-07-15T13:21:47+00:00\",\"description\":\"L-\ud14c\uc544\ub2cc\uc740 \uc2a4\ud2b8\ub808\uc2a4 \uac10\uc18c\ub97c \ub3d5\uace0, \uc218\uba74\uc758 \uc9c8\uc744 \ud5a5\uc0c1\uc2dc\ud0a4\uba70, \uc778\uc9c0 \uae30\ub2a5\uc744 \uac15\ud654\ud558\ub294 \ucc9c\uc5f0 \ubcf4\uc870\uc81c\ub85c \uc778\uae30\ub97c \uc5bb\uc5c8\uc2b5\ub2c8\ub2e4.\",\"breadcrumb\":{\"@id\":\"https:\\\/\\\/naturalpoland.com\\\/ko\\\/je-pum\\\/ui-yak-pum-won-ryo\\\/a-mi-no-san\\\/l-teanin\\\/#breadcrumb\"},\"inLanguage\":\"ko-KR\",\"potentialAction\":[{\"@type\":\"ReadAction\",\"target\":[\"https:\\\/\\\/naturalpoland.com\\\/ko\\\/je-pum\\\/ui-yak-pum-won-ryo\\\/a-mi-no-san\\\/l-teanin\\\/\"]}]},{\"@type\":\"ImageObject\",\"inLanguage\":\"ko-KR\",\"@id\":\"https:\\\/\\\/naturalpoland.com\\\/ko\\\/je-pum\\\/ui-yak-pum-won-ryo\\\/a-mi-no-san\\\/l-teanin\\\/#primaryimage\",\"url\":\"https:\\\/\\\/naturalpoland.com\\\/wp-content\\\/uploads\\\/l-teanina-suplement.webp\",\"contentUrl\":\"https:\\\/\\\/naturalpoland.com\\\/wp-content\\\/uploads\\\/l-teanina-suplement.webp\",\"width\":614,\"height\":614,\"caption\":\"L-teanina w proszku\"},{\"@type\":\"BreadcrumbList\",\"@id\":\"https:\\\/\\\/naturalpoland.com\\\/ko\\\/je-pum\\\/ui-yak-pum-won-ryo\\\/a-mi-no-san\\\/l-teanin\\\/#breadcrumb\",\"itemListElement\":[{\"@type\":\"ListItem\",\"position\":1,\"name\":\"\ud648\",\"item\":\"https:\\\/\\\/naturalpoland.com\\\/ko\\\/\"},{\"@type\":\"ListItem\",\"position\":2,\"name\":\"\uc81c\ud488\",\"item\":\"https:\\\/\\\/naturalpoland.com\\\/ko\\\/%ec%a0%9c%ed%92%88\\\/\"},{\"@type\":\"ListItem\",\"position\":3,\"name\":\"L-\ud14c\uc544\ub2cc\"}]},{\"@type\":\"WebSite\",\"@id\":\"https:\\\/\\\/naturalpoland.com\\\/ko\\\/#website\",\"url\":\"https:\\\/\\\/naturalpoland.com\\\/ko\\\/\",\"name\":\"NATURAL POLAND - Hurtowy Dystrybutor Surowc\u00f3w\",\"description\":\"Surowce dla przemys\u0142u spo\u017cywczego, kosmetycznego i farmaceutycznego\",\"publisher\":{\"@id\":\"https:\\\/\\\/naturalpoland.com\\\/ko\\\/#organization\"},\"potentialAction\":[{\"@type\":\"SearchAction\",\"target\":{\"@type\":\"EntryPoint\",\"urlTemplate\":\"https:\\\/\\\/naturalpoland.com\\\/ko\\\/?s={search_term_string}\"},\"query-input\":{\"@type\":\"PropertyValueSpecification\",\"valueRequired\":true,\"valueName\":\"search_term_string\"}}],\"inLanguage\":\"ko-KR\"},{\"@type\":\"Organization\",\"@id\":\"https:\\\/\\\/naturalpoland.com\\\/ko\\\/#organization\",\"name\":\"Natural Poland\",\"url\":\"https:\\\/\\\/naturalpoland.com\\\/ko\\\/\",\"logo\":{\"@type\":\"ImageObject\",\"inLanguage\":\"ko-KR\",\"@id\":\"https:\\\/\\\/naturalpoland.com\\\/ko\\\/#\\\/schema\\\/logo\\\/image\\\/\",\"url\":\"https:\\\/\\\/naturalpoland.com\\\/wp-content\\\/uploads\\\/2021\\\/05\\\/natural-poland-icon.png\",\"contentUrl\":\"https:\\\/\\\/naturalpoland.com\\\/wp-content\\\/uploads\\\/2021\\\/05\\\/natural-poland-icon.png\",\"width\":512,\"height\":512,\"caption\":\"Natural Poland\"},\"image\":{\"@id\":\"https:\\\/\\\/naturalpoland.com\\\/ko\\\/#\\\/schema\\\/logo\\\/image\\\/\"},\"sameAs\":[\"https:\\\/\\\/www.facebook.com\\\/naturalpoland.b2b\",\"https:\\\/\\\/pl.linkedin.com\\\/company\\\/natural-poland\",\"https:\\\/\\\/www.youtube.com\\\/channel\\\/UCgeGGkvOMahZo-xu_MSEWxg\"]}]}<\/script>\n<!-- \/ Yoast SEO plugin. -->","yoast_head_json":{"title":"L-\ud14c\uc544\ub2cc - NATURAL POLAND - Hurtowy Dystrybutor Surowc\u00f3w","description":"L-\ud14c\uc544\ub2cc\uc740 \uc2a4\ud2b8\ub808\uc2a4 \uac10\uc18c\ub97c \ub3d5\uace0, \uc218\uba74\uc758 \uc9c8\uc744 \ud5a5\uc0c1\uc2dc\ud0a4\uba70, \uc778\uc9c0 \uae30\ub2a5\uc744 \uac15\ud654\ud558\ub294 \ucc9c\uc5f0 \ubcf4\uc870\uc81c\ub85c \uc778\uae30\ub97c \uc5bb\uc5c8\uc2b5\ub2c8\ub2e4.","robots":{"index":"index","follow":"follow","max-snippet":"max-snippet:-1","max-image-preview":"max-image-preview:large","max-video-preview":"max-video-preview:-1"},"canonical":"https:\/\/naturalpoland.com\/ko\/je-pum\/ui-yak-pum-won-ryo\/a-mi-no-san\/l-teanin\/","og_locale":"ko_KR","og_type":"article","og_title":"L-\ud14c\uc544\ub2cc - NATURAL POLAND - Hurtowy Dystrybutor Surowc\u00f3w","og_description":"L-\ud14c\uc544\ub2cc\uc740 \uc2a4\ud2b8\ub808\uc2a4 \uac10\uc18c\ub97c \ub3d5\uace0, \uc218\uba74\uc758 \uc9c8\uc744 \ud5a5\uc0c1\uc2dc\ud0a4\uba70, \uc778\uc9c0 \uae30\ub2a5\uc744 \uac15\ud654\ud558\ub294 \ucc9c\uc5f0 \ubcf4\uc870\uc81c\ub85c \uc778\uae30\ub97c \uc5bb\uc5c8\uc2b5\ub2c8\ub2e4.","og_url":"https:\/\/naturalpoland.com\/ko\/je-pum\/ui-yak-pum-won-ryo\/a-mi-no-san\/l-teanin\/","og_site_name":"NATURAL POLAND - Hurtowy Dystrybutor Surowc\u00f3w","article_publisher":"https:\/\/www.facebook.com\/naturalpoland.b2b","article_modified_time":"2025-07-15T13:21:47+00:00","og_image":[{"width":614,"height":614,"url":"https:\/\/naturalpoland.com\/wp-content\/uploads\/l-teanina-suplement.webp","type":"image\/webp"}],"schema":{"@context":"https:\/\/schema.org","@graph":[{"@type":"WebPage","@id":"https:\/\/naturalpoland.com\/ko\/je-pum\/ui-yak-pum-won-ryo\/a-mi-no-san\/l-teanin\/","url":"https:\/\/naturalpoland.com\/ko\/je-pum\/ui-yak-pum-won-ryo\/a-mi-no-san\/l-teanin\/","name":"L-\ud14c\uc544\ub2cc - NATURAL POLAND - Hurtowy Dystrybutor Surowc\u00f3w","isPartOf":{"@id":"https:\/\/naturalpoland.com\/ko\/#website"},"primaryImageOfPage":{"@id":"https:\/\/naturalpoland.com\/ko\/je-pum\/ui-yak-pum-won-ryo\/a-mi-no-san\/l-teanin\/#primaryimage"},"image":{"@id":"https:\/\/naturalpoland.com\/ko\/je-pum\/ui-yak-pum-won-ryo\/a-mi-no-san\/l-teanin\/#primaryimage"},"thumbnailUrl":"https:\/\/naturalpoland.com\/wp-content\/uploads\/l-teanina-suplement.webp","datePublished":"2021-07-08T11:01:59+00:00","dateModified":"2025-07-15T13:21:47+00:00","description":"L-\ud14c\uc544\ub2cc\uc740 \uc2a4\ud2b8\ub808\uc2a4 \uac10\uc18c\ub97c \ub3d5\uace0, \uc218\uba74\uc758 \uc9c8\uc744 \ud5a5\uc0c1\uc2dc\ud0a4\uba70, \uc778\uc9c0 \uae30\ub2a5\uc744 \uac15\ud654\ud558\ub294 \ucc9c\uc5f0 \ubcf4\uc870\uc81c\ub85c \uc778\uae30\ub97c \uc5bb\uc5c8\uc2b5\ub2c8\ub2e4.","breadcrumb":{"@id":"https:\/\/naturalpoland.com\/ko\/je-pum\/ui-yak-pum-won-ryo\/a-mi-no-san\/l-teanin\/#breadcrumb"},"inLanguage":"ko-KR","potentialAction":[{"@type":"ReadAction","target":["https:\/\/naturalpoland.com\/ko\/je-pum\/ui-yak-pum-won-ryo\/a-mi-no-san\/l-teanin\/"]}]},{"@type":"ImageObject","inLanguage":"ko-KR","@id":"https:\/\/naturalpoland.com\/ko\/je-pum\/ui-yak-pum-won-ryo\/a-mi-no-san\/l-teanin\/#primaryimage","url":"https:\/\/naturalpoland.com\/wp-content\/uploads\/l-teanina-suplement.webp","contentUrl":"https:\/\/naturalpoland.com\/wp-content\/uploads\/l-teanina-suplement.webp","width":614,"height":614,"caption":"L-teanina w proszku"},{"@type":"BreadcrumbList","@id":"https:\/\/naturalpoland.com\/ko\/je-pum\/ui-yak-pum-won-ryo\/a-mi-no-san\/l-teanin\/#breadcrumb","itemListElement":[{"@type":"ListItem","position":1,"name":"\ud648","item":"https:\/\/naturalpoland.com\/ko\/"},{"@type":"ListItem","position":2,"name":"\uc81c\ud488","item":"https:\/\/naturalpoland.com\/ko\/%ec%a0%9c%ed%92%88\/"},{"@type":"ListItem","position":3,"name":"L-\ud14c\uc544\ub2cc"}]},{"@type":"WebSite","@id":"https:\/\/naturalpoland.com\/ko\/#website","url":"https:\/\/naturalpoland.com\/ko\/","name":"NATURAL POLAND - Hurtowy Dystrybutor Surowc\u00f3w","description":"Surowce dla przemys\u0142u spo\u017cywczego, kosmetycznego i farmaceutycznego","publisher":{"@id":"https:\/\/naturalpoland.com\/ko\/#organization"},"potentialAction":[{"@type":"SearchAction","target":{"@type":"EntryPoint","urlTemplate":"https:\/\/naturalpoland.com\/ko\/?s={search_term_string}"},"query-input":{"@type":"PropertyValueSpecification","valueRequired":true,"valueName":"search_term_string"}}],"inLanguage":"ko-KR"},{"@type":"Organization","@id":"https:\/\/naturalpoland.com\/ko\/#organization","name":"Natural Poland","url":"https:\/\/naturalpoland.com\/ko\/","logo":{"@type":"ImageObject","inLanguage":"ko-KR","@id":"https:\/\/naturalpoland.com\/ko\/#\/schema\/logo\/image\/","url":"https:\/\/naturalpoland.com\/wp-content\/uploads\/2021\/05\/natural-poland-icon.png","contentUrl":"https:\/\/naturalpoland.com\/wp-content\/uploads\/2021\/05\/natural-poland-icon.png","width":512,"height":512,"caption":"Natural Poland"},"image":{"@id":"https:\/\/naturalpoland.com\/ko\/#\/schema\/logo\/image\/"},"sameAs":["https:\/\/www.facebook.com\/naturalpoland.b2b","https:\/\/pl.linkedin.com\/company\/natural-poland","https:\/\/www.youtube.com\/channel\/UCgeGGkvOMahZo-xu_MSEWxg"]}]}},"_links":{"self":[{"href":"https:\/\/naturalpoland.com\/ko\/wp-json\/wp\/v2\/product\/41928","targetHints":{"allow":["GET"]}}],"collection":[{"href":"https:\/\/naturalpoland.com\/ko\/wp-json\/wp\/v2\/product"}],"about":[{"href":"https:\/\/naturalpoland.com\/ko\/wp-json\/wp\/v2\/types\/product"}],"wp:featuredmedia":[{"embeddable":true,"href":"https:\/\/naturalpoland.com\/ko\/wp-json\/wp\/v2\/media\/41931"}],"wp:attachment":[{"href":"https:\/\/naturalpoland.com\/ko\/wp-json\/wp\/v2\/media?parent=41928"}],"wp:term":[{"taxonomy":"product_brand","embeddable":true,"href":"https:\/\/naturalpoland.com\/ko\/wp-json\/wp\/v2\/product_brand?post=41928"},{"taxonomy":"product_cat","embeddable":true,"href":"https:\/\/naturalpoland.com\/ko\/wp-json\/wp\/v2\/product_cat?post=41928"},{"taxonomy":"product_tag","embeddable":true,"href":"https:\/\/naturalpoland.com\/ko\/wp-json\/wp\/v2\/product_tag?post=41928"}],"curies":[{"name":"wp","href":"https:\/\/api.w.org\/{rel}","templated":true}]}}